{"id":11096,"date":"2025-02-18T08:42:15","date_gmt":"2025-02-18T08:42:15","guid":{"rendered":"https:\/\/www.bsdnonwoven.com\/?page_id=11096"},"modified":"2025-05-29T01:42:34","modified_gmt":"2025-05-29T01:42:34","slug":"service","status":"publish","type":"page","link":"http:\/\/www.bsdnonwoven.com\/fr\/service\/","title":{"rendered":"Service"},"content":{"rendered":"<p>[et_pb_section fb_built=\"1\u2033 _builder_version=\"4.21.0\u2033 _module_preset=\"default\" background_enable_color=\"off\" custom_padding=\"35px||0px||false|false\" border_color_bottom=\"#eeee\" global_colors_info=\"{}\"][et_pb_row _builder_version=\"4.21.0\u2033 _module_preset=\"default\" custom_padding=\"0px||15px||false|false\" border_width_bottom=\"10px\" border_color_bottom=\"#eeee\" global_colors_info=\"{}\"][et_pb_column type=\"4_4\u2033 _builder_version=\"4.21.0\u2033 _module_preset=\"default\" global_colors_info=\"{}\"][dipl_breadcrumb breadcrumb_layout=\"layout2\u2033 separator_text=\"\/\" separator_size=\"18px\" separator_color=\"#888888\u2033 _builder_version=\"4.21.0\u2033 _module_preset=\"default\" global_text_settings_text_align=\"left\" global_text_settings_font_size=\"18px\" text_font=\"||||||||\" text_text_color=\"#000000\u2033 link_text_color=\"#000000\u2033 global_text_settings_font_size_tablet=\"18px\" global_text_settings_font_size_phone=\"14px\" global_text_settings_font_size_last_edited=\"on|phone\" global_colors_info=\"{}\"][\/dipl_breadcrumb][\/et_pb_column][\/et_pb_row][et_pb_row custom_padding_last_edited=\"on|phone\" module_id=\"wu\" _builder_version=\"4.21.0\u2033 _module_preset=\"default\" custom_padding=\"||||false|false\" custom_padding_tablet=\"||||false|false\" custom_padding_phone=\"||0px||false|false\" global_colors_info=\"{}\"][et_p_column type=\"4_4\u2033 _builder_version=\"4.21.0\u2033 _module_preset=\"default\" global_colors_info=\"{}\"][et_pb_text _builder_version=\"4.21.0\u2033 _module_preset=\"default\" header_font=\"|700|||||||\" header_text_align=\"center\" header_text_color=\"#000000\u2033 header_font_size=\"32px\" custom_margin=\"||15px||false|false\" custom_padding=\"||||false|false\" custom_padding_tablet=\"0px||||false|false\" custom_padding_phone=\"0px||||false|false\" custom_padding_last_edited=\"on|tablet\" hover_enabled=\"0\u2033 header_font_size_tablet=\"40px\" header_font_size_phone=\"18px\" header_font_size_last_edited=\"on|phone\" global_colors_info=\"{}\" sticky_enabled=\"0\u2033]<\/p>\n<h1 class=\"p1\">Boshida Nonwoven Textile \u00e0 votre service<\/h1>\n<p>[\/et_pb_text][et_pb_text _builder_version=\"4.21.0\u2033 _module_preset=\"default\" global_colors_info=\"{}\"]<\/p>\n<p class=\"p1\" style=\"text-align: center;\">Nous vous fournissons non seulement <a href=\"\/products\/\"><span class=\"s1\">textile non tiss\u00e9<\/span><\/a> et <a href=\"https:\/\/www.bsdnonwoven.com\/category\/geomembrane-2\/\"><span class=\"s1\">g\u00e9omembrane<\/span><\/a>mais aussi des services attentionn\u00e9s<\/p>\n<p>[\/et_pb_text][\/et_pb_column][\/et_pb_row][\/et_pb_section][et_pb_section fb_built=\"1\u2033 _builder_version=\"4.21.0\u2033 _module_preset=\"default\" custom_padding=\"0px|||||\" global_colors_info=\"{}\"][et_pb_row _builder_version=\"4.21.0\u2033 _module_preset=\"default\" custom_padding=\"0px||||false|false\" global_colors_info=\"{}\"][et_pb_column type=\"4_4\u2033 _builder_version=\"4.21.0\u2033 _module_preset=\"default\" global_colors_info=\"{}\"][et_pb_text _builder_version=\"4.21.0\u2033 _module_preset=\"default\" text_font=\"|600|||||||\" text_font_size=\"26px\" background_color=\"#eeee\" text_orientation=\"center\" custom_padding=\"18px|10px|18px|10px|true|true\" text_font_size_tablet=\"20px\" text_font_size_phone=\"20px\" text_font_size_last_edited=\"on|phone\" global_colors_info=\"{}\"]<\/p>\n<p>Services avant-vente - Adaptation pr\u00e9cise aux besoins<\/p>\n<p>[\/et_pb_text][\/et_pb_column][\/et_pb_row][et_pb_row column_structure=\"1_3,1_3,1_3\u2033 use_custom_gutter=\"on\" _builder_version=\"4.21.0\u2033 _module_preset=\"default\" global_colors_info=\"{}\"][et_pb_column type=\"1_3\u2033 _builder_version=\"4.21.0\u2033 _module_preset=\"default\" border_width_right=\"1px\" border_color_right=\"#B3B3B3\u2033 global_colors_info=\"{}\"][et_pb_image src=\"https:\/\/www.bsdnonwoven.com\/wp-content\/uploads\/2025\/05\/dialogue.png\" title_text=\"dialogue\" align=\"center\" _builder_version=\"4.21.0\u2033 _module_preset=\"default\" global_colors_info=\"{}\"][\/et_pb_image][et_pb_text _builder_version=\"4.21.0\u2033 _module_preset=\"default\" text_font=\"|800|||||||\" text_font_size=\"20px\" text_line_height=\"1.5em\" text_orientation=\"center\" global_colors_info=\"{}\"]<\/p>\n<p>Consultation gratuite et conception de solutions<\/p>\n<p>[\/et_pb_text][et_pb_text _builder_version=\"4.21.0\u2033 _module_preset=\"default\" global_colors_info=\"{}\"]<\/p>\n<p class=\"p1\">Consultation technique interprofessionnelle : Personnalisation des param\u00e8tres des mat\u00e9riaux en fonction des charges hydrauliques, de l'efficacit\u00e9 de la filtration, des exigences en mati\u00e8re de confort domestique, etc.<\/p>\n<p>[\/et_pb_text][\/et_pb_column][et_pb_column type=\"1_3\u2033 _builder_version=\"4.21.0\u2033 _module_preset=\"default\" border_width_right=\"1px\" border_color_right=\"#B3B3B3\u2033 global_colors_info=\"{}\"][et_pb_image src=\"https:\/\/www.bsdnonwoven.com\/wp-content\/uploads\/2025\/05\/prototype-4.png\" title_text=\"prototype (4)\" align=\"center\" _builder_version=\"4.21.0\u2033 _module_preset=\"default\" global_colors_info=\"{}\"][\/et_pb_image][et_pb_text _builder_version=\"4.21.0\u2033 _module_preset=\"default\" text_font=\"|800|||||||\" text_font_size=\"20px\" text_line_height=\"1.5em\" text_orientation=\"center\" global_colors_info=\"{}\"]<\/p>\n<p class=\"p1\"><b>Service de prototypage rapide<\/b><\/p>\n<p>[\/et_pb_text][et_pb_text _builder_version=\"4.21.0\u2033 _module_preset=\"default\" global_colors_info=\"{}\"]<\/p>\n<p class=\"p1\">Livraison d'\u00e9chantillons sous 3 \u00e0 5 jours ouvrables avec des essais cibl\u00e9s, notamment des essais de traction sur g\u00e9otextile et la v\u00e9rification de la respirabilit\u00e9 du mat\u00e9riau filtrant.<\/p>\n<p>[\/et_pb_text][\/et_pb_column][et_pb_column type=\"1_3\u2033 _builder_version=\"4.21.0\u2033 _module_preset=\"default\" border_color_right=\"#B3B3B3\u2033 global_colors_info=\"{}\"][et_pb_image src=\"https:\/\/www.bsdnonwoven.com\/wp-content\/uploads\/2025\/05\/material-management.png\" title_text=\"material-management\" align=\"center\" _builder_version=\"4.21.0\u2033 _module_preset=\"default\" global_colors_info=\"{}\"][\/et_pb_image][et_pb_text _builder_version=\"4.21.0\u2033 _module_preset=\"default\" text_font=\"|800|||||||\" text_font_size=\"20px\" text_line_height=\"1.5em\" text_orientation=\"center\" global_colors_info=\"{}\"]<\/p>\n<p class=\"p1\"><b>Guichet unique pour la s\u00e9lection des mat\u00e9riaux<\/b><\/p>\n<p>[\/et_pb_text][et_pb_text _builder_version=\"4.21.0\u2033 _module_preset=\"default\" global_colors_info=\"{}\"]<\/p>\n<p class=\"p1\">L'\u00e9quipe d'ing\u00e9nieurs aide \u00e0 la s\u00e9lection pr\u00e9cise des mat\u00e9riaux, qu'il s'agisse du grammage, de l'\u00e9paisseur ou des m\u00e9langes de fibres, r\u00e9duisant ainsi les co\u00fbts li\u00e9s aux essais et aux erreurs.<\/p>\n<p>[\/et_pb_text][\/et_pb_column][\/et_pb_row][et_pb_row _builder_version=\"4.21.0\u2033 _module_preset=\"default\" custom_padding=\"||||false|false\" global_colors_info=\"{}\"][et_pb_column type=\"4_4\u2033 _builder_version=\"4.21.0\u2033 _module_preset=\"default\" global_colors_info=\"{}\"][et_pb_text _builder_version=\"4.21.0\u2033 _module_preset=\"default\" text_font=\"|600|||||||\" text_font_size=\"26px\" background_color=\"#eeee\" text_orientation=\"center\" custom_padding=\"18px|10px|18px|10px|true|true\" text_font_size_tablet=\"20px\" text_font_size_phone=\"20px\" text_font_size_last_edited=\"on|phone\" global_colors_info=\"{}\"]<\/p>\n<p class=\"p1\"><b>Services de traitement des commandes - Livraison transparente et efficace<\/b><\/p>\n<p>[\/et_pb_text][\/et_pb_column][\/et_pb_row][et_pb_row column_structure=\"1_3,1_3,1_3\u2033 use_custom_gutter=\"on\" module_id=\"cp\" _builder_version=\"4.21.0\u2033 _module_preset=\"default\" global_colors_info=\"{}\"][et_pb_column type=\"1_3\u2033 _builder_version=\"4.21.0\u2033 _module_preset=\"default\" background_color=\"#eded\" custom_padding=\"3%|2%|3%|2%|true|true\" border_radii=\"on|15px|15px|15px|15px\" border_color_right=\"#B3B3\u2033 global_colors_info=\"{}\"][et_pb_text _builder_version=\"4.21.0\u2033 _module_preset=\"default\" text_font=\"|800|||||||\" text_font_size=\"42px\" text_line_height=\"1.8em\" custom_margin=\"||7%||false|false\" global_colors_info=\"{}\"]<\/p>\n<p>01<\/p>\n<p>[\/et_pb_text][et_pb_text _builder_version=\"4.21.0\u2033 _module_preset=\"default\" text_font=\"|800|||||||\" text_font_size=\"20px\" text_line_height=\"1.4em\" custom_margin=\"||5%||false|false\" global_colors_info=\"{}\"]<\/p>\n<p class=\"p1\">Service de suivi des commandes en temps r\u00e9el<\/p>\n<p>[\/et_pb_text][et_pb_text _builder_version=\"4.21.0\u2033 _module_preset=\"default\" global_colors_info=\"{}\"]<\/p>\n<p class=\"p1\">Gestion de compte d\u00e9di\u00e9e avec acc\u00e8s 24h\/24 et 7j\/7 \u00e0 l'avancement de la production, aux rapports d'inspection de la qualit\u00e9 et au suivi logistique.<\/p>\n<p>[\/et_pb_text][\/et_pb_column][et_pb_column type=\"1_3\u2033 _builder_version=\"4.21.0\u2033 _module_preset=\"default\" background_color=\"#d2dfe8\u2033 custom_padding=\"3%|2%|3%|2%|true|true\" border_radii=\"on|15px|15px|15px|15px\" border_color_right=\"#B3B3B3\u2033 global_colors_info=\"{}\"][et_pb_text _builder_version=\"4.21.0\u2033 _module_preset=\"default\" text_font=\"|800|||||||\" text_font_size=\"42px\" text_line_height=\"1.8em\" custom_margin=\"||7%||false|false\" global_colors_info=\"{}\"]<\/p>\n<p>02<\/p>\n<p>[\/et_pb_text][et_pb_text _builder_version=\"4.21.0\u2033 _module_preset=\"default\" text_font=\"|800|||||||\" text_font_size=\"20px\" text_line_height=\"1.4em\" custom_margin=\"||5%||false|false\" global_colors_info=\"{}\"]<\/p>\n<p class=\"p1\"><b>Capacit\u00e9 de production agile<\/b><\/p>\n<p>[\/et_pb_text][et_pb_text _builder_version=\"4.21.0\u2033 _module_preset=\"default\" global_colors_info=\"{}\"]<\/p>\n<p class=\"p1\">La souplesse d'ex\u00e9cution des commandes, depuis les prototypes en petites s\u00e9ries jusqu'\u00e0 la production de masse, permet de r\u00e9pondre aux demandes urgentes de modernisation des filtres automobiles ou de projets d'infrastructure.<\/p>\n<p>[\/et_pb_text][\/et_pb_column][et_pb_column type=\"1_3\u2033 _builder_version=\"4.21.0\u2033 _module_preset=\"default\" background_color=\"#eded\" custom_padding=\"3%|2%|3%|2%|true|true\" border_radii=\"on|15px|15px|15px|15px\" border_color_right=\"#B3B3\u2033 global_colors_info=\"{}\"][et_pb_text _builder_version=\"4.21.0\u2033 _module_preset=\"default\" text_font=\"|800|||||||\" text_font_size=\"42px\" text_line_height=\"1.8em\" custom_margin=\"||7%||false|false\" global_colors_info=\"{}\"]<\/p>\n<p>03<\/p>\n<p>[\/et_pb_text][et_pb_text _builder_version=\"4.21.0\u2033 _module_preset=\"default\" text_font=\"|800|||||||\" text_font_size=\"20px\" text_line_height=\"1.4em\" custom_margin=\"||5%||false|false\" global_colors_info=\"{}\"]<\/p>\n<p class=\"p1\"><b>Int\u00e9gration logistique globale<\/b><\/p>\n<p>[\/et_pb_text][et_pb_text _builder_version=\"4.21.0\u2033 _module_preset=\"default\" global_colors_info=\"{}\"]<\/p>\n<p class=\"p1\">Partenariats strat\u00e9giques avec des transitaires certifi\u00e9s, offrant des conditions EXW\/FOB\/DDP avec la garantie d'une arriv\u00e9e au port \u00e0 temps.<\/p>\n<p>[\/et_pb_text][\/et_pb_column][\/et_pb_row][et_pb_row _builder_version=\"4.21.0\u2033 _module_preset=\"default\" custom_padding=\"||||false|false\" global_colors_info=\"{}\"][et_pb_column type=\"4_4\u2033 _builder_version=\"4.21.0\u2033 _module_preset=\"default\" global_colors_info=\"{}\"][et_pb_text _builder_version=\"4.21.0\u2033 _module_preset=\"default\" text_font=\"|600|||||||\" text_font_size=\"26px\" background_color=\"#eeee\" text_orientation=\"center\" custom_padding=\"18px|10px|18px|10px|true|true\" text_font_size_tablet=\"20px\" text_font_size_phone=\"20px\" text_font_size_last_edited=\"on|phone\" global_colors_info=\"{}\"]<\/p>\n<p class=\"p1\">Services apr\u00e8s-vente - Co-cr\u00e9ation de valeur continue<\/p>\n<p>[\/et_pb_text][\/et_pb_column][\/et_pb_row][et_pb_row column_structure=\"1_3,1_3,1_3\u2033 use_custom_gutter=\"on\" module_id=\"cp\" _builder_version=\"4.21.0\u2033 _module_preset=\"default\" global_colors_info=\"{}\"][et_pb_column type=\"1_3\u2033 _builder_version=\"4.21.0\u2033 _module_preset=\"default\" background_color=\"#d2dfe8\u2033 custom_padding=\"3%|2%|3%|2%|true|true\" border_radii=\"on|15px|15px|15px|15px\" border_color_right=\"#B3B3B3\u2033 global_colors_info=\"{}\"][et_pb_text _builder_version=\"4.21.0\u2033 _module_preset=\"default\" text_font=\"|800|||||||\" text_font_size=\"42px\" text_line_height=\"1.8em\" custom_margin=\"||7%||false|false\" global_colors_info=\"{}\"]<\/p>\n<p>01<\/p>\n<p>[\/et_pb_text][et_pb_text _builder_version=\"4.21.0\u2033 _module_preset=\"default\" text_font=\"|800|||||||\" text_font_size=\"20px\" text_line_height=\"1.4em\" custom_margin=\"||5%||false|false\" global_colors_info=\"{}\"]<\/p>\n<p class=\"p1\"><b>Assurance qualit\u00e9 sur 12 mois<\/b><\/p>\n<p>[\/et_pb_text][et_pb_text _builder_version=\"4.21.0\u2033 _module_preset=\"default\" global_colors_info=\"{}\"]<\/p>\n<p class=\"p1\">Fournir des rapports d'essai certifi\u00e9s SGS\/ISO avec une politique de remplacement inconditionnel en cas de probl\u00e8mes de qualit\u00e9.<\/p>\n<p>[\/et_pb_text][\/et_pb_column][et_pb_column type=\"1_3\u2033 _builder_version=\"4.21.0\u2033 _module_preset=\"default\" background_color=\"#eded\" custom_padding=\"3%|2%|3%|2%|true|true\" border_radii=\"on|15px|15px|15px|15px\" border_color_right=\"#B3B3\u2033 global_colors_info=\"{}\"][et_pb_text _builder_version=\"4.21.0\u2033 _module_preset=\"default\" text_font=\"|800|||||||\" text_font_size=\"42px\" text_line_height=\"1.8em\" custom_margin=\"||7%||false|false\" global_colors_info=\"{}\"]<\/p>\n<p>02<\/p>\n<p>[\/et_pb_text][et_pb_text _builder_version=\"4.21.0\u2033 _module_preset=\"default\" text_font=\"|800|||||||\" text_font_size=\"20px\" text_line_height=\"1.4em\" custom_margin=\"||5%||false|false\" global_colors_info=\"{}\"]<\/p>\n<p class=\"p1\"><b>Assistance technique \u00e0 l'\u00e9volution<\/b><\/p>\n<p>[\/et_pb_text][et_pb_text _builder_version=\"4.21.0\u2033 _module_preset=\"default\" global_colors_info=\"{}\"]<\/p>\n<p class=\"p1\">Des mises \u00e0 jour r\u00e9guli\u00e8res de l'industrie (par exemple, de nouvelles applications de fibres respectueuses de l'environnement) pour permettre aux clients d'am\u00e9liorer leurs produits.<\/p>\n<p>[\/et_pb_text][\/et_pb_column][et_pb_column type=\"1_3\u2033 _builder_version=\"4.21.0\u2033 _module_preset=\"default\" background_color=\"#d2dfe8\u2033 custom_padding=\"3%|2%|3%|2%|true|true\" border_radii=\"on|15px|15px|15px|15px\" border_color_right=\"#B3B3B3\u2033 global_colors_info=\"{}\"][et_pb_text _builder_version=\"4.21.0\u2033 _module_preset=\"default\" text_font=\"|800|||||||\" text_font_size=\"42px\" text_line_height=\"1.8em\" custom_margin=\"||7%||false|false\" global_colors_info=\"{}\"]<\/p>\n<p>03<\/p>\n<p>[\/et_pb_text][et_pb_text _builder_version=\"4.21.0\u2033 _module_preset=\"default\" text_font=\"|800|||||||\" text_font_size=\"20px\" text_line_height=\"1.4em\" custom_margin=\"||5%||false|false\" global_colors_info=\"{}\"]<\/p>\n<p class=\"p1\"><b>Protocole de r\u00e9action rapide<\/b><\/p>\n<p>[\/et_pb_text][et_pb_text _builder_version=\"4.21.0\u2033 _module_preset=\"default\" global_colors_info=\"{}\"]<\/p>\n<p class=\"p1\">R\u00e9solution garantie dans les 48 heures pour les consultations apr\u00e8s-vente, y compris les conseils d'installation et l'optimisation du cycle de remplacement des m\u00e9dias filtrants.<\/p>\n<p>[\/et_pb_text][\/et_pb_column][\/et_pb_row][\/et_pb_section]<\/p>","protected":false},"excerpt":{"rendered":"<p><div class=\"et_pb_module dipl_breadcrumb dipl_breadcrumb_0\">\n\t\t\t\t\n\t\t\t\t\n\t\t\t\t\n\t\t\t\t\n\t\t\t\t\n\t\t\t\t\n\t\t\t\t<div class=\"et_pb_module_inner\">\n\t\t\t\t\t<div class=\"dipl-breadcrumb-wrapper layout2\">\n\t\t\t\t\t\t\t\t<ol class=\"dipl-breadcrumb-inner\" vocab=\"https:\/\/schema.org\/\" typeof=\"BreadcrumbList\">\n\t\t\t\t\t\t\t\t\t<li property=\"itemListElement\" typeof=\"ListItem\" data-icon=\"&#x24;\">\n\t\t\t\t\t\t\t\t\t\t\t\t\t    <a class=\"breadcrumb-item dipl-home-page\" href=\"http:\/\/www.bsdnonwoven.com\/fr\" property=\"item\" typeof=\"WebPage\" >\n\t\t\t\t\t\t\t\t\t\t\t\t\t      \t<span class=\"breadcrumb-page\" property=\"name\">Accueil<\/span>\n\t\t\t\t\t\t\t\t\t\t\t\t\t    <\/a>\n\t\t\t\t\t\t\t\t\t\t\t\t\t    <meta property=\"position\" content=\"1\" \/>\n\t\t\t\t\t\t\t\t\t\t\t\t\t<\/li>\n\t\t\t\t\t\t\t\t<\/ol>\n\t\t\t\t\t\t\t<\/div>\n\t\t\t\t<\/div>\n\t\t\t<\/div>Boshida Nonwoven Textile \u00e0 votre serviceNous vous fournissons non seulement des textiles non tiss\u00e9s et des g\u00e9omembranes, mais aussi des services attentionn\u00e9sServices avant-vente - Correspondance pr\u00e9cise des besoinsConsultation gratuite et conception de solutionsConsultation technique interindustrielle : Personnaliser les param\u00e8tres des mat\u00e9riaux en fonction des charges d'ing\u00e9nierie hydraulique, de l'efficacit\u00e9 de la filtration, [...]<\/p>","protected":false},"author":1,"featured_media":0,"parent":0,"menu_order":0,"comment_status":"closed","ping_status":"closed","template":"","meta":{"_et_pb_use_builder":"on","_et_pb_old_content":"<!-- wp:divi\/placeholder \/-->","_et_gb_content_width":"","footnotes":""},"yoast_head":"<!-- This site is optimized with the Yoast SEO plugin v22.7 - https:\/\/yoast.com\/wordpress\/plugins\/seo\/ -->\n<title>Service - Boshida Nonwoven<\/title>\n<meta name=\"description\" content=\"Nonwoven fabric manufacturer, we provide HDPE geomembrane, Landfill geomembrane, Needle punched geotextile with good price.\" \/>\n<meta name=\"robots\" content=\"index, follow, max-snippet:-1, max-image-preview:large, max-video-preview:-1\" \/>\n<link rel=\"canonical\" href=\"https:\/\/www.bsdnonwoven.com\/fr\/service\/\" \/>\n<meta property=\"og:locale\" content=\"fr_FR\" \/>\n<meta property=\"og:type\" content=\"article\" \/>\n<meta property=\"og:title\" content=\"Service - Boshida Nonwoven\" \/>\n<meta property=\"og:description\" content=\"Nonwoven fabric manufacturer, we provide HDPE geomembrane, Landfill geomembrane, Needle punched geotextile with good price.\" \/>\n<meta property=\"og:url\" content=\"https:\/\/www.bsdnonwoven.com\/fr\/service\/\" \/>\n<meta property=\"og:site_name\" content=\"Boshida Nonwoven\" \/>\n<meta property=\"article:modified_time\" content=\"2025-05-29T01:42:34+00:00\" \/>\n<meta name=\"twitter:card\" content=\"summary_large_image\" \/>\n<meta name=\"twitter:label1\" content=\"Dur\u00e9e de lecture estim\u00e9e\" \/>\n\t<meta name=\"twitter:data1\" content=\"4 minutes\" \/>\n<script type=\"application\/ld+json\" class=\"yoast-schema-graph\">{\"@context\":\"https:\/\/schema.org\",\"@graph\":[{\"@type\":\"WebPage\",\"@id\":\"https:\/\/www.bsdnonwoven.com\/service\/\",\"url\":\"https:\/\/www.bsdnonwoven.com\/service\/\",\"name\":\"Service - Boshida Nonwoven\",\"isPartOf\":{\"@id\":\"https:\/\/www.bsdnonwoven.com\/#website\"},\"datePublished\":\"2025-02-18T08:42:15+00:00\",\"dateModified\":\"2025-05-29T01:42:34+00:00\",\"description\":\"Nonwoven fabric manufacturer, we provide HDPE geomembrane, Landfill geomembrane, Needle punched geotextile with good price.\",\"breadcrumb\":{\"@id\":\"https:\/\/www.bsdnonwoven.com\/service\/#breadcrumb\"},\"inLanguage\":\"fr-FR\",\"potentialAction\":[{\"@type\":\"ReadAction\",\"target\":[\"https:\/\/www.bsdnonwoven.com\/service\/\"]}]},{\"@type\":\"BreadcrumbList\",\"@id\":\"https:\/\/www.bsdnonwoven.com\/service\/#breadcrumb\",\"itemListElement\":[{\"@type\":\"ListItem\",\"position\":1,\"name\":\"Home\",\"item\":\"https:\/\/www.bsdnonwoven.com\/\"},{\"@type\":\"ListItem\",\"position\":2,\"name\":\"Service\"}]},{\"@type\":\"WebSite\",\"@id\":\"https:\/\/www.bsdnonwoven.com\/#website\",\"url\":\"https:\/\/www.bsdnonwoven.com\/\",\"name\":\"Boshida Nonwoven\",\"description\":\"\",\"potentialAction\":[{\"@type\":\"SearchAction\",\"target\":{\"@type\":\"EntryPoint\",\"urlTemplate\":\"https:\/\/www.bsdnonwoven.com\/?s={search_term_string}\"},\"query-input\":\"required name=search_term_string\"}],\"inLanguage\":\"fr-FR\"}]}<\/script>\n<!-- \/ Yoast SEO plugin. -->","yoast_head_json":{"title":"Service - Boshida Nonwoven","description":"Nonwoven fabric manufacturer, we provide HDPE geomembrane, Landfill geomembrane, Needle punched geotextile with good price.","robots":{"index":"index","follow":"follow","max-snippet":"max-snippet:-1","max-image-preview":"max-image-preview:large","max-video-preview":"max-video-preview:-1"},"canonical":"https:\/\/www.bsdnonwoven.com\/fr\/service\/","og_locale":"fr_FR","og_type":"article","og_title":"Service - Boshida Nonwoven","og_description":"Nonwoven fabric manufacturer, we provide HDPE geomembrane, Landfill geomembrane, Needle punched geotextile with good price.","og_url":"https:\/\/www.bsdnonwoven.com\/fr\/service\/","og_site_name":"Boshida Nonwoven","article_modified_time":"2025-05-29T01:42:34+00:00","twitter_card":"summary_large_image","twitter_misc":{"Dur\u00e9e de lecture estim\u00e9e":"4 minutes"},"schema":{"@context":"https:\/\/schema.org","@graph":[{"@type":"WebPage","@id":"https:\/\/www.bsdnonwoven.com\/service\/","url":"https:\/\/www.bsdnonwoven.com\/service\/","name":"Service - Boshida Nonwoven","isPartOf":{"@id":"https:\/\/www.bsdnonwoven.com\/#website"},"datePublished":"2025-02-18T08:42:15+00:00","dateModified":"2025-05-29T01:42:34+00:00","description":"Nonwoven fabric manufacturer, we provide HDPE geomembrane, Landfill geomembrane, Needle punched geotextile with good price.","breadcrumb":{"@id":"https:\/\/www.bsdnonwoven.com\/service\/#breadcrumb"},"inLanguage":"fr-FR","potentialAction":[{"@type":"ReadAction","target":["https:\/\/www.bsdnonwoven.com\/service\/"]}]},{"@type":"BreadcrumbList","@id":"https:\/\/www.bsdnonwoven.com\/service\/#breadcrumb","itemListElement":[{"@type":"ListItem","position":1,"name":"Home","item":"https:\/\/www.bsdnonwoven.com\/"},{"@type":"ListItem","position":2,"name":"Service"}]},{"@type":"WebSite","@id":"https:\/\/www.bsdnonwoven.com\/#website","url":"https:\/\/www.bsdnonwoven.com\/","name":"Boshida Nonwoven","description":"","potentialAction":[{"@type":"SearchAction","target":{"@type":"EntryPoint","urlTemplate":"https:\/\/www.bsdnonwoven.com\/?s={search_term_string}"},"query-input":"required name=search_term_string"}],"inLanguage":"fr-FR"}]}},"_links":{"self":[{"href":"http:\/\/www.bsdnonwoven.com\/fr\/wp-json\/wp\/v2\/pages\/11096"}],"collection":[{"href":"http:\/\/www.bsdnonwoven.com\/fr\/wp-json\/wp\/v2\/pages"}],"about":[{"href":"http:\/\/www.bsdnonwoven.com\/fr\/wp-json\/wp\/v2\/types\/page"}],"author":[{"embeddable":true,"href":"http:\/\/www.bsdnonwoven.com\/fr\/wp-json\/wp\/v2\/users\/1"}],"replies":[{"embeddable":true,"href":"http:\/\/www.bsdnonwoven.com\/fr\/wp-json\/wp\/v2\/comments?post=11096"}],"version-history":[{"count":29,"href":"http:\/\/www.bsdnonwoven.com\/fr\/wp-json\/wp\/v2\/pages\/11096\/revisions"}],"predecessor-version":[{"id":13482,"href":"http:\/\/www.bsdnonwoven.com\/fr\/wp-json\/wp\/v2\/pages\/11096\/revisions\/13482"}],"wp:attachment":[{"href":"http:\/\/www.bsdnonwoven.com\/fr\/wp-json\/wp\/v2\/media?parent=11096"}],"curies":[{"name":"wp","href":"https:\/\/api.w.org\/{rel}","templated":true}]}}