{"id":11096,"date":"2025-02-18T08:42:15","date_gmt":"2025-02-18T08:42:15","guid":{"rendered":"https:\/\/www.bsdnonwoven.com\/?page_id=11096"},"modified":"2025-05-29T01:42:34","modified_gmt":"2025-05-29T01:42:34","slug":"service","status":"publish","type":"page","link":"https:\/\/www.bsdnonwoven.com\/es\/service\/","title":{"rendered":"Servicio"},"content":{"rendered":"<p>[et_pb_section fb_built=\"1\u2033 _builder_version=\"4.21.0\u2033 _module_preset=\"default\" background_enable_color=\"off\" custom_padding=\"35px||0px||false|false\" border_color_bottom=\"#eeeeee\" global_colors_info=\"{}\"][et_pb_row _builder_version=\"4.21.0\u2033 _module_preset=\"default\" custom_padding=\"0px||15px||false|false\" border_width_bottom=\"10px\" border_color_bottom=\"#eeeeee\" global_colors_info=\"{}\"][et_pb_column type=\"4_4\u2033 _builder_version=\"4.21.0\u2033 _module_preset=\"default\" global_colors_info=\"{}\"][dipl_breadcrumb breadcrumb_layout=\"layout2\u2033 separator_text=\"\/\" separator_size=\"18px\" separator_color=\"#888888\u2033 _builder_version=\"4.21.0\u2033 _module_preset=\"default\" global_text_settings_text_align=\"left\" global_text_settings_font_size=\"18px\" text_font=\"||||||||\" text_text_color=\"#000000\u2033 link_text_color=\"#000000\u2033 global_text_settings_font_size_tablet=\"18px\" global_text_settings_font_size_phone=\"14px\" global_text_settings_font_size_last_edited=\"on|phone\" global_colors_info=\"{}\"][\/dipl_breadcrumb][\/et_pb_column][\/et_pb_row][et_pb_row custom_padding_last_edited=\"on|phone\" module_id=\"wu\" _builder_version=\"4.21.0\u2033 _module_preset=\"default\" custom_padding=\"||||false|false\" custom_padding_tablet=\"||||false|false\" custom_padding_phone=\"||0px||false|false\" global_colors_info=\"{}\"][et_pb_column type=\"4_4\u2033 _builder_version=\"4.21.0\u2033 _module_preset=\"default\" global_colors_info=\"{}\"][et_pb_text _builder_version=\"4.21.0\u2033 _module_preset=\"default\" header_font=\"|700|||||||\" header_text_align=\"center\" header_text_color=\"#000000\u2033 header_font_size=\"32px\" custom_margin=\"||15px||false|false\" custom_padding=\"||||false|false\" custom_padding_tablet=\"0px||||false|false\" custom_padding_phone=\"0px||||false|false\" custom_padding_last_edited=\"on|tablet\" hover_enabled=\"0\u2033 header_font_size_tablet=\"40px\" header_font_size_phone=\"18px\" header_font_size_last_edited=\"on|phone\" global_colors_info=\"{}\" sticky_enabled=\"0\u2033]<\/p>\n<h1 class=\"p1\">Boshida Nonwoven Textile a su servicio<\/h1>\n<p>[\/et_pb_text][et_pb_text _builder_version=\"4.21.0\u2033 _module_preset=\"default\" global_colors_info=\"{}\"]<\/p>\n<p class=\"p1\" style=\"text-align: center;\">No s\u00f3lo le ofrecemos <a href=\"\/products\/\"><span class=\"s1\">textil no tejido<\/span><\/a> y <a href=\"https:\/\/www.bsdnonwoven.com\/category\/geomembrane-2\/\"><span class=\"s1\">geomembrana<\/span><\/a>pero tambi\u00e9n servicios considerados<\/p>\n<p>[\/et_pb_text][\/et_pb_column][\/et_pb_row][\/et_pb_section][et_pb_section fb_built=\"1\u2033 _builder_version=\"4.21.0\u2033 _module_preset=\"default\" custom_padding=\"0px|||||\" global_colors_info=\"{}\"][et_pb_row _builder_version=\"4.21.0\u2033 _module_preset=\"default\" custom_padding=\"0px|||||false|false\" global_colors_info=\"{}21.0\u2033 _module_preset=\"default\" custom_padding=\"0px||||false|false\" global_colors_info=\"{}\"][et_pb_column type=\"4_4\u2033 _builder_version=\"4.21.0\u2033 _module_preset=\"default\" global_colors_info=\"{}\"][et_pb_text _builder_version=\"4.21.0\u2033 _module_preset=\"default\" text_font=\"|600|||||||\" text_font_size=\"26px\" background_color=\"#eeeeee\" text_orientation=\"center\" custom_padding=\"18px|10px|18px|10px|true|true\" text_font_size_tablet=\"20px\" text_font_size_phone=\"20px\" text_font_size_last_edited=\"on|phone\" global_colors_info=\"{}\"]<\/p>\n<p>Servicios preventa: adaptaci\u00f3n precisa a las necesidades<\/p>\n<p>[\/et_pb_text][\/et_pb_column][\/et_pb_row][et_pb_row column_structure=\"1_3,1_3,1_3\u2033 use_custom_gutter=\"on\" _builder_version=\"4.21.0\u2033 _module_preset=\"default\" global_colors_info=\"{}\"][et_pb_column type=\"1_3\u2033 _builder_version=\"4.21.0\u2033 _module_preset=\"default\" border_width_right=\"1px\" border_color_right=\"#B3B3B3\u2033 global_colors_info=\"{}\"][et_pb_image src=\"https:\/\/www.bsdnonwoven.com\/wp-content\/uploads\/2025\/05\/dialogue.png\" title_text=\"dialogo\" align=\"center\" _builder_version=\"4.21.0\u2033 _module_preset=\"default\" global_colors_info=\"{}\"][\/et_pb_image][et_pb_text _builder_version=\"4.21.0\u2033 _module_preset=\"default\" text_font=\"|800|||||||\" text_font_size=\"20px\" text_line_height=\"1.5em\" text_orientation=\"center\" global_colors_info=\"{}\"]<\/p>\n<p>Consulta y dise\u00f1o de soluciones gratuitos<\/p>\n<p>[\/et_pb_text][et_pb_text _builder_version=\"4.21.0\u2033 _module_preset=\"default\" global_colors_info=\"{}\"]<\/p>\n<p class=\"p1\">Consultas t\u00e9cnicas intersectoriales: Personalice los par\u00e1metros de los materiales en funci\u00f3n de las cargas de ingenier\u00eda hidr\u00e1ulica, la eficacia de filtraci\u00f3n, los requisitos de confort en el hogar, etc.<\/p>\n<p>[\/et_pb_text][\/et_pb_column][et_pb_column type=\"1_3\u2033 _builder_version=\"4.21.0\u2033 _module_preset=\"default\" border_width_right=\"1px\" border_color_right=\"#B3B3B3\u2033 global_colors_info=\"{}\"][et_pb_image src=\"https:\/\/www.bsdnonwoven.com\/wp-content\/uploads\/2025\/05\/prototype-4.png\" title_text=\"prototipo (4)\" align=\"center\" _builder_version=\"4.21.0\u2033 _module_preset=\"default\" global_colors_info=\"{}\"][\/et_pb_image][et_pb_text _builder_version=\"4.21.0\u2033 _module_preset=\"default\" text_font=\"|800|||||||\" text_font_size=\"20px\" text_line_height=\"1.5em\" text_orientation=\"center\" global_colors_info=\"{}\"]<\/p>\n<p class=\"p1\"><b>Servicio de prototipado r\u00e1pido<\/b><\/p>\n<p>[\/et_pb_text][et_pb_text _builder_version=\"4.21.0\u2033 _module_preset=\"default\" global_colors_info=\"{}\"]<\/p>\n<p class=\"p1\">Entrega de muestras en 3-5 d\u00edas laborables con pruebas espec\u00edficas que incluyen ensayos de tracci\u00f3n del geotextil y verificaci\u00f3n de la transpirabilidad del material de filtraci\u00f3n.<\/p>\n<p>[\/et_pb_text][\/et_pb_column][et_pb_column type=\"1_3\u2033 _builder_version=\"4.21.0\u2033 _module_preset=\"default\" border_color_right=\"#B3B3B3\u2033 global_colors_info=\"{}\"][et_pb_image src=\"https:\/\/www.bsdnonwoven.com\/wp-content\/uploads\/2025\/05\/material-management.png\" title_text=\"material-management\" align=\"center\" _builder_version=\"4.21.0\u2033 _module_preset=\"default\" global_colors_info=\"{}\"][\/et_pb_image][et_pb_text _builder_version=\"4.21.0\u2033 _module_preset=\"default\" text_font=\"|800|||||||\" text_font_size=\"20px\" text_line_height=\"1.5em\" text_orientation=\"center\" global_colors_info=\"{}\"]<\/p>\n<p class=\"p1\"><b>Asistencia integral para la selecci\u00f3n de materiales<\/b><\/p>\n<p>[\/et_pb_text][et_pb_text _builder_version=\"4.21.0\u2033 _module_preset=\"default\" global_colors_info=\"{}\"]<\/p>\n<p class=\"p1\">El equipo de ingenieros ayuda en la selecci\u00f3n precisa del material, desde el gramaje y el grosor hasta las mezclas de fibras, lo que reduce los costes por ensayo y error.<\/p>\n<p>[\/et_pb_text][\/et_pb_column][\/et_pb_row][et_pb_row _builder_version=\"4.21.0\u2033 _module_preset=\"default\" custom_padding=\"||||false|false\" global_colors_info=\"{}\"][et_pb_column type=\"4_4\u2033 _builder_version=\"4.21.0\u2033 _module_preset=\"default\" global_colors_info=\"{}\"][et_pb_text _builder_version=\"4.21.0\u2033 _module_preset=\"default\" text_font=\"|600|||||||\" text_font_size=\"26px\" background_color=\"#eeeeee\" text_orientation=\"center\" custom_padding=\"18px|10px|18px|10px|true|true\" text_font_size_tablet=\"20px\" text_font_size_phone=\"20px\" text_font_size_last_edited=\"on|phone\" global_colors_info=\"{}\"]<\/p>\n<p class=\"p1\"><b>Servicios de Cumplimiento de Pedidos - Entrega Transparente y Eficaz<\/b><\/p>\n<p>[\/et_pb_text][\/et_pb_column][\/et_pb_row][et_pb_row column_structure=\"1_3,1_3,1_3\u2033 use_custom_gutter=\"on\" module_id=\"cp\" _builder_version=\"4.21.0\u2033 _module_preset=\"default\" global_colors_info=\"{}\"][et_pb_column type=\"1_3\u2033 _builder_version=\"4.21.0\u2033 _module_preset=\"default\" background_color=\"#eded\" custom_padding=\"3%|2%|3%|2%|true|true\" border_radii=\"on|15px|15px|15px|15px\" border_color_right=\"#B3B3B3\u2033 global_colors_info=\"{}}\"][et_pb_text _builder_version=\"4.21.0\u2033 _module_preset=\"default\" text_font=\"|800|||||||\" text_font_size=\"42px\" text_line_height=\"1.8em\" custom_margin=\"||7%||false|false\" global_colors_info=\"{}\"]<\/p>\n<p>01<\/p>\n<p>[\/et_pb_text][et_pb_text _builder_version=\"4.21.0\u2033 _module_preset=\"default\" text_font=\"|800|||||||\" text_font_size=\"20px\" text_line_height=\"1.4em\" custom_margin=\"||5%||false|false\" global_colors_info=\"{}\"]<\/p>\n<p class=\"p1\">Servicio de seguimiento de pedidos en tiempo real<\/p>\n<p>[\/et_pb_text][et_pb_text _builder_version=\"4.21.0\u2033 _module_preset=\"default\" global_colors_info=\"{}\"]<\/p>\n<p class=\"p1\">Gesti\u00f3n de cuentas dedicada con acceso ininterrumpido al progreso de la producci\u00f3n, los informes de inspecci\u00f3n de calidad y el seguimiento log\u00edstico.<\/p>\n<p>[\/et_pb_text][\/et_pb_column][et_pb_column type=\"1_3\u2033 _builder_version=\"4.21.0\u2033 _module_preset=\"default\" background_color=\"#d2dfe8\u2033 custom_padding=\"3%|2%|3%|2%|true|true\" border_radii=\"on|15px|15px|15px|15px\" border_color_right=\"#B3B3B3\u2033 global_colors_info=\"{}\"][et_pb_text _builder_version=\"4.21.0\u2033 _module_preset=\"default\" text_font=\"|800|||||||\" text_font_size=\"42px\" text_line_height=\"1.8em\" custom_margin=\"||7%||false|false\" global_colors_info=\"{}\"]<\/p>\n<p>02<\/p>\n<p>[\/et_pb_text][et_pb_text _builder_version=\"4.21.0\u2033 _module_preset=\"default\" text_font=\"|800|||||||\" text_font_size=\"20px\" text_line_height=\"1.4em\" custom_margin=\"||5%||false|false\" global_colors_info=\"{}\"]<\/p>\n<p class=\"p1\"><b>Capacidad de producci\u00f3n \u00e1gil<\/b><\/p>\n<p>[\/et_pb_text][et_pb_text _builder_version=\"4.21.0\u2033 _module_preset=\"default\" global_colors_info=\"{}\"]<\/p>\n<p class=\"p1\">Cumplimiento flexible de pedidos, desde prototipos de lotes peque\u00f1os hasta producci\u00f3n en serie, para satisfacer las demandas urgentes de actualizaciones de filtros de automoci\u00f3n o proyectos de infraestructuras.<\/p>\n<p>[\/et_pb_text][\/et_pb_column][et_pb_column type=\"1_3\u2033 _builder_version=\"4.21.0\u2033 _module_preset=\"default\" background_color=\"#eded\" custom_padding=\"3%|2%|3%|2%|true|true\" border_radii=\"on|15px|15px|15px|15px\" border_color_right=\"#B3B3B3\u2033 global_colors_info=\"{}\"][et_pb_text _builder_version=\"4.21.0\u2033 _module_preset=\"default\" text_font=\"|800|||||||\" text_font_size=\"42px\" text_line_height=\"1.8em\" custom_margin=\"||7%||false|false\" global_colors_info=\"{}\"]<\/p>\n<p>03<\/p>\n<p>[\/et_pb_text][et_pb_text _builder_version=\"4.21.0\u2033 _module_preset=\"default\" text_font=\"|800|||||||\" text_font_size=\"20px\" text_line_height=\"1.4em\" custom_margin=\"||5%||false|false\" global_colors_info=\"{}\"]<\/p>\n<p class=\"p1\"><b>Integraci\u00f3n log\u00edstica global<\/b><\/p>\n<p>[\/et_pb_text][et_pb_text _builder_version=\"4.21.0\u2033 _module_preset=\"default\" global_colors_info=\"{}\"]<\/p>\n<p class=\"p1\">Asociaciones estrat\u00e9gicas con transitarios certificados, que ofrecen condiciones EXW\/FOB\/DDP con garant\u00eda de llegada puntual a puerto.<\/p>\n<p>[\/et_pb_text][\/et_pb_column][\/et_pb_row][et_pb_row _builder_version=\"4.21.0\u2033 _module_preset=\"default\" custom_padding=\"||||false|false\" global_colors_info=\"{}\"][et_pb_column type=\"4_4\u2033 _builder_version=\"4.21.0\u2033 _module_preset=\"default\" global_colors_info=\"{}\"][et_pb_text _builder_version=\"4.21.0\u2033 _module_preset=\"default\" text_font=\"|600|||||||\" text_font_size=\"26px\" background_color=\"#eeeeee\" text_orientation=\"center\" custom_padding=\"18px|10px|18px|10px|true|true\" text_font_size_tablet=\"20px\" text_font_size_phone=\"20px\" text_font_size_last_edited=\"on|phone\" global_colors_info=\"{}\"]<\/p>\n<p class=\"p1\">Servicios postventa - Co-creaci\u00f3n continua de valor<\/p>\n<p>[\/et_pb_text][\/et_pb_column][\/et_pb_row][et_pb_row column_structure=\"1_3,1_3,1_3\u2033 use_custom_gutter=\"on\" module_id=\"cp\" _builder_version=\"4.21.0\u2033 _module_preset=\"default\" global_colors_info=\"{}\"][et_pb_column type=\"1_3\u2033 _builder_version=\"4.21.0\u2033 _module_preset=\"default\" background_color=\"#d2dfe8\u2033 custom_padding=\"3%|2%|3%|2%|true|true\" border_radii=\"on|15px|15px|15px|15px\" border_color_right=\"#B3B3B3\u2033 global_colors_info=\"{}\"][et_pb_text _builder_version=\"4.21.0\u2033 _module_preset=\"default\" text_font=\"|800|||||||\" text_font_size=\"42px\" text_line_height=\"1.8em\" custom_margin=\"||7%||false|false\" global_colors_info=\"{}\"]<\/p>\n<p>01<\/p>\n<p>[\/et_pb_text][et_pb_text _builder_version=\"4.21.0\u2033 _module_preset=\"default\" text_font=\"|800|||||||\" text_font_size=\"20px\" text_line_height=\"1.4em\" custom_margin=\"||5%||false|false\" global_colors_info=\"{}\"]<\/p>\n<p class=\"p1\"><b>Garant\u00eda de calidad durante 12 meses<\/b><\/p>\n<p>[\/et_pb_text][et_pb_text _builder_version=\"4.21.0\u2033 _module_preset=\"default\" global_colors_info=\"{}\"]<\/p>\n<p class=\"p1\">Proporcionar informes de pruebas certificados por SGS\/ISO con una pol\u00edtica de sustituci\u00f3n incondicional en caso de problemas de calidad.<\/p>\n<p>[\/et_pb_text][\/et_pb_column][et_pb_column type=\"1_3\u2033 _builder_version=\"4.21.0\u2033 _module_preset=\"default\" background_color=\"#eded\" custom_padding=\"3%|2%|3%|2%|true|true\" border_radii=\"on|15px|15px|15px|15px\" border_color_right=\"#B3B3B3\u2033 global_colors_info=\"{}\"][et_pb_text _builder_version=\"4.21.0\u2033 _module_preset=\"default\" text_font=\"|800|||||||\" text_font_size=\"42px\" text_line_height=\"1.8em\" custom_margin=\"||7%||false|false\" global_colors_info=\"{}\"]<\/p>\n<p>02<\/p>\n<p>[\/et_pb_text][et_pb_text _builder_version=\"4.21.0\u2033 _module_preset=\"default\" text_font=\"|800|||||||\" text_font_size=\"20px\" text_line_height=\"1.4em\" custom_margin=\"||5%||false|false\" global_colors_info=\"{}\"]<\/p>\n<p class=\"p1\"><b>Soporte t\u00e9cnico Evolution<\/b><\/p>\n<p>[\/et_pb_text][et_pb_text _builder_version=\"4.21.0\u2033 _module_preset=\"default\" global_colors_info=\"{}\"]<\/p>\n<p class=\"p1\">Actualizaciones peri\u00f3dicas del sector (por ejemplo, nuevas aplicaciones de fibras ecol\u00f3gicas) para facilitar la actualizaci\u00f3n de los productos de los clientes.<\/p>\n<p>[\/et_pb_text][\/et_pb_column][et_pb_column type=\"1_3\u2033 _builder_version=\"4.21.0\u2033 _module_preset=\"default\" background_color=\"#d2dfe8\u2033 custom_padding=\"3%|2%|3%|2%|true|true\" border_radii=\"on|15px|15px|15px|15px\" border_color_right=\"#B3B3B3\u2033 global_colors_info=\"{}\"][et_pb_text _builder_version=\"4.21.0\u2033 _module_preset=\"default\" text_font=\"|800|||||||\" text_font_size=\"42px\" text_line_height=\"1.8em\" custom_margin=\"||7%||false|false\" global_colors_info=\"{}\"]<\/p>\n<p>03<\/p>\n<p>[\/et_pb_text][et_pb_text _builder_version=\"4.21.0\u2033 _module_preset=\"default\" text_font=\"|800|||||||\" text_font_size=\"20px\" text_line_height=\"1.4em\" custom_margin=\"||5%||false|false\" global_colors_info=\"{}\"]<\/p>\n<p class=\"p1\"><b>Protocolo de respuesta r\u00e1pida<\/b><\/p>\n<p>[\/et_pb_text][et_pb_text _builder_version=\"4.21.0\u2033 _module_preset=\"default\" global_colors_info=\"{}\"]<\/p>\n<p class=\"p1\">Resoluci\u00f3n garantizada en 48 horas para las consultas posventa, incluida la orientaci\u00f3n para la instalaci\u00f3n y la optimizaci\u00f3n del ciclo de sustituci\u00f3n de los medios de filtraci\u00f3n.<\/p>\n<p>[\/et_pb_text][\/et_pb_column][\/et_pb_row][\/et_pb_section]<\/p>","protected":false},"excerpt":{"rendered":"<p><div class=\"et_pb_module dipl_breadcrumb dipl_breadcrumb_0\">\n\t\t\t\t\n\t\t\t\t\n\t\t\t\t\n\t\t\t\t\n\t\t\t\t\n\t\t\t\t\n\t\t\t\t<div class=\"et_pb_module_inner\">\n\t\t\t\t\t<div class=\"dipl-breadcrumb-wrapper layout2\">\n\t\t\t\t\t\t\t\t<ol class=\"dipl-breadcrumb-inner\" vocab=\"https:\/\/schema.org\/\" typeof=\"BreadcrumbList\">\n\t\t\t\t\t\t\t\t\t<li property=\"itemListElement\" typeof=\"ListItem\" data-icon=\"&#x24;\">\n\t\t\t\t\t\t\t\t\t\t\t\t\t    <a class=\"breadcrumb-item dipl-home-page\" href=\"https:\/\/www.bsdnonwoven.com\/es\" property=\"item\" typeof=\"WebPage\" >\n\t\t\t\t\t\t\t\t\t\t\t\t\t      \t<span class=\"breadcrumb-page\" property=\"name\">Inicio<\/span>\n\t\t\t\t\t\t\t\t\t\t\t\t\t    <\/a>\n\t\t\t\t\t\t\t\t\t\t\t\t\t    <meta property=\"position\" content=\"1\" \/>\n\t\t\t\t\t\t\t\t\t\t\t\t\t<\/li>\n\t\t\t\t\t\t\t\t<\/ol>\n\t\t\t\t\t\t\t<\/div>\n\t\t\t\t<\/div>\n\t\t\t<\/div>Boshida Nonwoven Textile a su servicioLe proporcionamos no s\u00f3lo textiles no tejidos y geomembranas, sino tambi\u00e9n servicios consideradosServicios de preventa - Adaptaci\u00f3n precisa a las necesidadesConsulta gratuita y dise\u00f1o de solucionesConsulta t\u00e9cnica intersectorial: Personalice los par\u00e1metros del material en funci\u00f3n de las cargas de ingenier\u00eda hidr\u00e1ulica, la eficacia de filtraci\u00f3n, [...]<\/p>","protected":false},"author":1,"featured_media":0,"parent":0,"menu_order":0,"comment_status":"closed","ping_status":"closed","template":"","meta":{"_et_pb_use_builder":"on","_et_pb_old_content":"<!-- wp:divi\/placeholder \/-->","_et_gb_content_width":"","footnotes":""},"yoast_head":"<!-- This site is optimized with the Yoast SEO plugin v22.7 - https:\/\/yoast.com\/wordpress\/plugins\/seo\/ -->\n<title>Service - Boshida Nonwoven<\/title>\n<meta name=\"description\" content=\"Nonwoven fabric manufacturer, we provide HDPE geomembrane, Landfill geomembrane, Needle punched geotextile with good price.\" \/>\n<meta name=\"robots\" content=\"index, follow, max-snippet:-1, max-image-preview:large, max-video-preview:-1\" \/>\n<link rel=\"canonical\" href=\"https:\/\/www.bsdnonwoven.com\/es\/service\/\" \/>\n<meta property=\"og:locale\" content=\"es_ES\" \/>\n<meta property=\"og:type\" content=\"article\" \/>\n<meta property=\"og:title\" content=\"Service - Boshida Nonwoven\" \/>\n<meta property=\"og:description\" content=\"Nonwoven fabric manufacturer, we provide HDPE geomembrane, Landfill geomembrane, Needle punched geotextile with good price.\" \/>\n<meta property=\"og:url\" content=\"https:\/\/www.bsdnonwoven.com\/es\/service\/\" \/>\n<meta property=\"og:site_name\" content=\"Boshida Nonwoven\" \/>\n<meta property=\"article:modified_time\" content=\"2025-05-29T01:42:34+00:00\" \/>\n<meta name=\"twitter:card\" content=\"summary_large_image\" \/>\n<meta name=\"twitter:label1\" content=\"Tiempo de lectura\" \/>\n\t<meta name=\"twitter:data1\" content=\"4 minutos\" \/>\n<script type=\"application\/ld+json\" class=\"yoast-schema-graph\">{\"@context\":\"https:\/\/schema.org\",\"@graph\":[{\"@type\":\"WebPage\",\"@id\":\"https:\/\/www.bsdnonwoven.com\/service\/\",\"url\":\"https:\/\/www.bsdnonwoven.com\/service\/\",\"name\":\"Service - Boshida Nonwoven\",\"isPartOf\":{\"@id\":\"https:\/\/www.bsdnonwoven.com\/#website\"},\"datePublished\":\"2025-02-18T08:42:15+00:00\",\"dateModified\":\"2025-05-29T01:42:34+00:00\",\"description\":\"Nonwoven fabric manufacturer, we provide HDPE geomembrane, Landfill geomembrane, Needle punched geotextile with good price.\",\"breadcrumb\":{\"@id\":\"https:\/\/www.bsdnonwoven.com\/service\/#breadcrumb\"},\"inLanguage\":\"es\",\"potentialAction\":[{\"@type\":\"ReadAction\",\"target\":[\"https:\/\/www.bsdnonwoven.com\/service\/\"]}]},{\"@type\":\"BreadcrumbList\",\"@id\":\"https:\/\/www.bsdnonwoven.com\/service\/#breadcrumb\",\"itemListElement\":[{\"@type\":\"ListItem\",\"position\":1,\"name\":\"Home\",\"item\":\"https:\/\/www.bsdnonwoven.com\/\"},{\"@type\":\"ListItem\",\"position\":2,\"name\":\"Service\"}]},{\"@type\":\"WebSite\",\"@id\":\"https:\/\/www.bsdnonwoven.com\/#website\",\"url\":\"https:\/\/www.bsdnonwoven.com\/\",\"name\":\"Boshida Nonwoven\",\"description\":\"\",\"potentialAction\":[{\"@type\":\"SearchAction\",\"target\":{\"@type\":\"EntryPoint\",\"urlTemplate\":\"https:\/\/www.bsdnonwoven.com\/?s={search_term_string}\"},\"query-input\":\"required name=search_term_string\"}],\"inLanguage\":\"es\"}]}<\/script>\n<!-- \/ Yoast SEO plugin. -->","yoast_head_json":{"title":"Service - Boshida Nonwoven","description":"Nonwoven fabric manufacturer, we provide HDPE geomembrane, Landfill geomembrane, Needle punched geotextile with good price.","robots":{"index":"index","follow":"follow","max-snippet":"max-snippet:-1","max-image-preview":"max-image-preview:large","max-video-preview":"max-video-preview:-1"},"canonical":"https:\/\/www.bsdnonwoven.com\/es\/service\/","og_locale":"es_ES","og_type":"article","og_title":"Service - Boshida Nonwoven","og_description":"Nonwoven fabric manufacturer, we provide HDPE geomembrane, Landfill geomembrane, Needle punched geotextile with good price.","og_url":"https:\/\/www.bsdnonwoven.com\/es\/service\/","og_site_name":"Boshida Nonwoven","article_modified_time":"2025-05-29T01:42:34+00:00","twitter_card":"summary_large_image","twitter_misc":{"Tiempo de lectura":"4 minutos"},"schema":{"@context":"https:\/\/schema.org","@graph":[{"@type":"WebPage","@id":"https:\/\/www.bsdnonwoven.com\/service\/","url":"https:\/\/www.bsdnonwoven.com\/service\/","name":"Service - Boshida Nonwoven","isPartOf":{"@id":"https:\/\/www.bsdnonwoven.com\/#website"},"datePublished":"2025-02-18T08:42:15+00:00","dateModified":"2025-05-29T01:42:34+00:00","description":"Nonwoven fabric manufacturer, we provide HDPE geomembrane, Landfill geomembrane, Needle punched geotextile with good price.","breadcrumb":{"@id":"https:\/\/www.bsdnonwoven.com\/service\/#breadcrumb"},"inLanguage":"es","potentialAction":[{"@type":"ReadAction","target":["https:\/\/www.bsdnonwoven.com\/service\/"]}]},{"@type":"BreadcrumbList","@id":"https:\/\/www.bsdnonwoven.com\/service\/#breadcrumb","itemListElement":[{"@type":"ListItem","position":1,"name":"Home","item":"https:\/\/www.bsdnonwoven.com\/"},{"@type":"ListItem","position":2,"name":"Service"}]},{"@type":"WebSite","@id":"https:\/\/www.bsdnonwoven.com\/#website","url":"https:\/\/www.bsdnonwoven.com\/","name":"Boshida Nonwoven","description":"","potentialAction":[{"@type":"SearchAction","target":{"@type":"EntryPoint","urlTemplate":"https:\/\/www.bsdnonwoven.com\/?s={search_term_string}"},"query-input":"required name=search_term_string"}],"inLanguage":"es"}]}},"_links":{"self":[{"href":"https:\/\/www.bsdnonwoven.com\/es\/wp-json\/wp\/v2\/pages\/11096"}],"collection":[{"href":"https:\/\/www.bsdnonwoven.com\/es\/wp-json\/wp\/v2\/pages"}],"about":[{"href":"https:\/\/www.bsdnonwoven.com\/es\/wp-json\/wp\/v2\/types\/page"}],"author":[{"embeddable":true,"href":"https:\/\/www.bsdnonwoven.com\/es\/wp-json\/wp\/v2\/users\/1"}],"replies":[{"embeddable":true,"href":"https:\/\/www.bsdnonwoven.com\/es\/wp-json\/wp\/v2\/comments?post=11096"}],"version-history":[{"count":29,"href":"https:\/\/www.bsdnonwoven.com\/es\/wp-json\/wp\/v2\/pages\/11096\/revisions"}],"predecessor-version":[{"id":13482,"href":"https:\/\/www.bsdnonwoven.com\/es\/wp-json\/wp\/v2\/pages\/11096\/revisions\/13482"}],"wp:attachment":[{"href":"https:\/\/www.bsdnonwoven.com\/es\/wp-json\/wp\/v2\/media?parent=11096"}],"curies":[{"name":"wp","href":"https:\/\/api.w.org\/{rel}","templated":true}]}}