{"id":11890,"date":"2025-03-28T02:49:10","date_gmt":"2025-03-28T02:49:10","guid":{"rendered":"https:\/\/www.bsdnonwoven.com\/?page_id=11890"},"modified":"2025-06-13T03:01:08","modified_gmt":"2025-06-13T03:01:08","slug":"product-video","status":"publish","type":"page","link":"https:\/\/www.bsdnonwoven.com\/es\/product-video\/","title":{"rendered":"V\u00eddeo del producto"},"content":{"rendered":"<p>[et_pb_section fb_built=\"1\u2033 _builder_version=\"4.21.0\u2033 _module_preset=\"default\" background_enable_color=\"off\" custom_padding=\"35px||0px||false|false\" border_color_bottom=\"#eeeeee\" global_colors_info=\"{}\"][et_pb_row _builder_version=\"4.21.0\u2033 _module_preset=\"default\" custom_padding=\"0px||15px||false|false\" border_width_bottom=\"10px\" border_color_bottom=\"#eeeeee\" global_colors_info=\"{}\"][et_pb_column type=\"4_4\u2033 _builder_version=\"4.21.0\u2033 _module_preset=\"default\" global_colors_info=\"{}\"][dipl_breadcrumb breadcrumb_layout=\"layout2\u2033 separator_text=\"\/\" separator_size=\"18px\" separator_color=\"#888888\u2033 _builder_version=\"4.21.0\u2033 _module_preset=\"default\" global_text_settings_text_align=\"left\" global_text_settings_font_size=\"18px\" text_font=\"||||||||\" text_text_color=\"#000000\u2033 link_text_color=\"#000000\u2033 global_text_settings_font_size_tablet=\"18px\" global_text_settings_font_size_phone=\"14px\" global_text_settings_font_size_last_edited=\"on|phone\" global_colors_info=\"{}\"][\/dipl_breadcrumb][\/et_pb_column][\/et_pb_row][et_pb_row custom_padding_last_edited=\"on|phone\" module_id=\"wu\" _builder_version=\"4.21.0\u2033 _module_preset=\"default\" custom_padding=\"||||false|false\" custom_padding_tablet=\"||||false|false\" custom_padding_phone=\"||0px||false|false\" global_colors_info=\"{}\"][et_pb_column type=\"4_4\u2033 _builder_version=\"4.21.0\u2033 _module_preset=\"default\" global_colors_info=\"{}\"][et_pb_text _builder_version=\"4.21.0\u2033 _module_preset=\"default\" header_font=\"|700|||||||\" header_text_align=\"center\" header_text_color=\"#000000\u2033 header_font_size=\"32px\" custom_margin=\"||15px||false|false\" custom_padding=\"||||false|false\" custom_padding_tablet=\"0px||||false|false\" custom_padding_phone=\"0px||||false|false\" custom_padding_last_edited=\"on|tablet\" header_font_size_tablet=\"40px\" header_font_size_phone=\"18px\" header_font_size_last_edited=\"on|phone\" global_colors_info=\"{}\"]<\/p>\n<h1 class=\"p1\">V\u00eddeo de producci\u00f3n de telas no tejidas<\/h1>\n<p>[\/et_pb_text][et_pb_text _builder_version=\"4.21.0\u2033 _module_preset=\"default\" hover_enabled=\"0\u2033 global_colors_info=\"{}\" sticky_enabled=\"0\u2033]<\/p>\n<p style=\"text-align: left;\">Nuestra f\u00e1brica cuenta con l\u00edneas de producci\u00f3n de no tejidos punzonadas totalmente automatizadas y de \u00faltima generaci\u00f3n, que abarcan todo el proceso, desde la apertura de la fibra y el cardado hasta la formaci\u00f3n de la banda, el punzonado y el termofijado. Equipados con sistemas de control inteligentes e ingenier\u00eda de precisi\u00f3n, nuestros equipos garantizan una producci\u00f3n estable y de alta eficiencia. Admite especificaciones personalizadas y producci\u00f3n continua, satisfaciendo diversas demandas t\u00e9cnicas de resistencia, durabilidad y respeto al medio ambiente, lo que demuestra nuestro liderazgo en innovaci\u00f3n de no tejidos.<\/p>\n<p class=\"p1\" style=\"text-align: left;\">M\u00e1s informaci\u00f3n <a href=\"\/products\/\"><span class=\"s1\">no tejido punzonado<\/span><\/a> y <a href=\"https:\/\/www.bsdnonwoven.com\/category\/geomembrane-2\/\"><span class=\"s1\">geomembrana<\/span><\/a> con Boshida.<\/p>\n<p>[\/et_pb_text][\/et_pb_column][\/et_pb_row][\/et_pb_section][et_pb_section fb_built=\"1\u2033 _builder_version=\"4.21.0\u2033 _module_preset=\"default\" custom_padding=\"0px||||false|false\" global_colors_info=\"{}\"][et_pb_row column_structure=\"1_2,1_2\u2033 _builder_version=\"4.21.0\u2033 _module_preset=\"default\" module_alignment=\"center\" custom_padding=\"0px||||false|false\" global_colors_info=\"{}\"][et_pb_column type=\"1_2\u2033 _builder_version=\"4.21.0\u2033 _module_preset=\"default\" global_colors_info=\"{}\"][et_pb_code _builder_version=\"4.21.0\u2033 _module_preset=\"default\" global_colors_info=\"{}\"]<iframe loading=\"lazy\" width=\"100%\" height=\"400px\" sandbox=\"\" data-src=\"\/wp-content\/uploads\/2025\/04\/WeChat_20250317112417.mp4\"><!-- [et_pb_line_break_holder] -->  <!-- [et_pb_line_break_holder] --><\/iframe>[\/et_pb_code][\/et_pb_column][et_pb_column type=\"1_2\u2033 _builder_version=\"4.21.0\u2033 _module_preset=\"default\" global_colors_info=\"{}\"][et_pb_code _builder_version=\"4.21.0\u2033 _module_preset=\"default\" global_colors_info=\"{}\"]<iframe loading=\"lazy\" width=\"100%\" height=\"400px\" sandbox=\"\" data-src=\"\/wp-content\/uploads\/2025\/04\/WeChat_20250317112452.mp4\"><!-- [et_pb_line_break_holder] -->  <!-- [et_pb_line_break_holder] --><\/iframe>[\/et_pb_code][\/et_pb_column][\/et_pb_row][et_pb_row column_structure=\u201d1_2,1_2\u2033 _builder_version=\u201d4.21.0\u2033 _module_preset=\"default\" module_alignment=\"center\" custom_padding=\"0px||||false|false\" global_colors_info=\"{}\"][et_pb_column type=\"1_2\u2033 _builder_version=\"4.21.0\u2033 _module_preset=\"default\" global_colors_info=\"{}\"][et_pb_code _builder_version=\"4.21.0\u2033 _module_preset=\"default\" global_colors_info=\"{}\"]<iframe loading=\"lazy\" width=\"100%\" height=\"400px\" sandbox=\"\" data-src=\"\/wp-content\/uploads\/2025\/04\/WeChat_20250317112503.mp4\"><!-- [et_pb_line_break_holder] -->  <!-- [et_pb_line_break_holder] --><\/iframe>[\/et_pb_code][\/et_pb_column][et_pb_column type=\"1_2\u2033 _builder_version=\"4.21.0\u2033 _module_preset=\"default\" global_colors_info=\"{}\"][et_pb_code _builder_version=\"4.21.0\u2033 _module_preset=\"default\" global_colors_info=\"{}\"]<iframe loading=\"lazy\" width=\"100%\" height=\"400px\" sandbox=\"\" data-src=\"\/wp-content\/uploads\/2025\/04\/WeChat_20250317112537.mp4\"><!-- [et_pb_line_break_holder] -->  <!-- [et_pb_line_break_holder] --><\/iframe>[\/et_pb_code][\/et_pb_column][\/et_pb_row][\/et_pb_section]<\/p>","protected":false},"excerpt":{"rendered":"<p><div class=\"et_pb_module dipl_breadcrumb dipl_breadcrumb_0\">\n\t\t\t\t\n\t\t\t\t\n\t\t\t\t\n\t\t\t\t\n\t\t\t\t\n\t\t\t\t\n\t\t\t\t<div class=\"et_pb_module_inner\">\n\t\t\t\t\t<div class=\"dipl-breadcrumb-wrapper layout2\">\n\t\t\t\t\t\t\t\t<ol class=\"dipl-breadcrumb-inner\" vocab=\"https:\/\/schema.org\/\" typeof=\"BreadcrumbList\">\n\t\t\t\t\t\t\t\t\t<li property=\"itemListElement\" typeof=\"ListItem\" data-icon=\"&#x24;\">\n\t\t\t\t\t\t\t\t\t\t\t\t\t    <a class=\"breadcrumb-item dipl-home-page\" href=\"https:\/\/www.bsdnonwoven.com\/es\" property=\"item\" typeof=\"WebPage\" >\n\t\t\t\t\t\t\t\t\t\t\t\t\t      \t<span class=\"breadcrumb-page\" property=\"name\">Inicio<\/span>\n\t\t\t\t\t\t\t\t\t\t\t\t\t    <\/a>\n\t\t\t\t\t\t\t\t\t\t\t\t\t    <meta property=\"position\" content=\"1\" \/>\n\t\t\t\t\t\t\t\t\t\t\t\t\t<\/li>\n\t\t\t\t\t\t\t\t<\/ol>\n\t\t\t\t\t\t\t<\/div>\n\t\t\t\t<\/div>\n\t\t\t<\/div>Video de producci\u00f3n de telas no tejidasNuestra f\u00e1brica opera l\u00edneas de producci\u00f3n de telas no tejidas de punzonado con aguja totalmente automatizadas y de \u00faltima generaci\u00f3n, que cubren el proceso completo desde la apertura de la fibra y el cardado hasta la formaci\u00f3n de la banda, el punzonado con aguja y el termofijado. Equipadas con sistemas de control inteligentes e ingenier\u00eda de precisi\u00f3n, nuestras [...]<\/p>","protected":false},"author":1,"featured_media":0,"parent":0,"menu_order":0,"comment_status":"closed","ping_status":"closed","template":"","meta":{"_et_pb_use_builder":"on","_et_pb_old_content":"<!-- wp:divi\/placeholder \/-->","_et_gb_content_width":"","footnotes":""},"yoast_head":"<!-- This site is optimized with the Yoast SEO plugin v22.7 - https:\/\/yoast.com\/wordpress\/plugins\/seo\/ -->\n<title>Product Video - Boshida Nonwoven<\/title>\n<meta name=\"description\" content=\"Nonwoven fabric manufacturer, we provide HDPE geomembrane, Landfill geomembrane, Needle punched geotextile with good price.\" \/>\n<meta name=\"robots\" content=\"index, follow, max-snippet:-1, max-image-preview:large, max-video-preview:-1\" \/>\n<link rel=\"canonical\" href=\"https:\/\/www.bsdnonwoven.com\/es\/product-video\/\" \/>\n<meta property=\"og:locale\" content=\"es_ES\" \/>\n<meta property=\"og:type\" content=\"article\" \/>\n<meta property=\"og:title\" content=\"Product Video - Boshida Nonwoven\" \/>\n<meta property=\"og:description\" content=\"Nonwoven fabric manufacturer, we provide HDPE geomembrane, Landfill geomembrane, Needle punched geotextile with good price.\" \/>\n<meta property=\"og:url\" content=\"https:\/\/www.bsdnonwoven.com\/es\/product-video\/\" \/>\n<meta property=\"og:site_name\" content=\"Boshida Nonwoven\" \/>\n<meta property=\"article:modified_time\" content=\"2025-06-13T03:01:08+00:00\" \/>\n<meta name=\"twitter:card\" content=\"summary_large_image\" \/>\n<script type=\"application\/ld+json\" class=\"yoast-schema-graph\">{\"@context\":\"https:\/\/schema.org\",\"@graph\":[{\"@type\":\"WebPage\",\"@id\":\"https:\/\/www.bsdnonwoven.com\/product-video\/\",\"url\":\"https:\/\/www.bsdnonwoven.com\/product-video\/\",\"name\":\"Product Video - Boshida Nonwoven\",\"isPartOf\":{\"@id\":\"https:\/\/www.bsdnonwoven.com\/#website\"},\"datePublished\":\"2025-03-28T02:49:10+00:00\",\"dateModified\":\"2025-06-13T03:01:08+00:00\",\"description\":\"Nonwoven fabric manufacturer, we provide HDPE geomembrane, Landfill geomembrane, Needle punched geotextile with good price.\",\"breadcrumb\":{\"@id\":\"https:\/\/www.bsdnonwoven.com\/product-video\/#breadcrumb\"},\"inLanguage\":\"es\",\"potentialAction\":[{\"@type\":\"ReadAction\",\"target\":[\"https:\/\/www.bsdnonwoven.com\/product-video\/\"]}]},{\"@type\":\"BreadcrumbList\",\"@id\":\"https:\/\/www.bsdnonwoven.com\/product-video\/#breadcrumb\",\"itemListElement\":[{\"@type\":\"ListItem\",\"position\":1,\"name\":\"Home\",\"item\":\"https:\/\/www.bsdnonwoven.com\/\"},{\"@type\":\"ListItem\",\"position\":2,\"name\":\"Product Video\"}]},{\"@type\":\"WebSite\",\"@id\":\"https:\/\/www.bsdnonwoven.com\/#website\",\"url\":\"https:\/\/www.bsdnonwoven.com\/\",\"name\":\"Boshida Nonwoven\",\"description\":\"\",\"potentialAction\":[{\"@type\":\"SearchAction\",\"target\":{\"@type\":\"EntryPoint\",\"urlTemplate\":\"https:\/\/www.bsdnonwoven.com\/?s={search_term_string}\"},\"query-input\":\"required name=search_term_string\"}],\"inLanguage\":\"es\"}]}<\/script>\n<!-- \/ Yoast SEO plugin. -->","yoast_head_json":{"title":"Product Video - Boshida Nonwoven","description":"Nonwoven fabric manufacturer, we provide HDPE geomembrane, Landfill geomembrane, Needle punched geotextile with good price.","robots":{"index":"index","follow":"follow","max-snippet":"max-snippet:-1","max-image-preview":"max-image-preview:large","max-video-preview":"max-video-preview:-1"},"canonical":"https:\/\/www.bsdnonwoven.com\/es\/product-video\/","og_locale":"es_ES","og_type":"article","og_title":"Product Video - Boshida Nonwoven","og_description":"Nonwoven fabric manufacturer, we provide HDPE geomembrane, Landfill geomembrane, Needle punched geotextile with good price.","og_url":"https:\/\/www.bsdnonwoven.com\/es\/product-video\/","og_site_name":"Boshida Nonwoven","article_modified_time":"2025-06-13T03:01:08+00:00","twitter_card":"summary_large_image","schema":{"@context":"https:\/\/schema.org","@graph":[{"@type":"WebPage","@id":"https:\/\/www.bsdnonwoven.com\/product-video\/","url":"https:\/\/www.bsdnonwoven.com\/product-video\/","name":"Product Video - Boshida Nonwoven","isPartOf":{"@id":"https:\/\/www.bsdnonwoven.com\/#website"},"datePublished":"2025-03-28T02:49:10+00:00","dateModified":"2025-06-13T03:01:08+00:00","description":"Nonwoven fabric manufacturer, we provide HDPE geomembrane, Landfill geomembrane, Needle punched geotextile with good price.","breadcrumb":{"@id":"https:\/\/www.bsdnonwoven.com\/product-video\/#breadcrumb"},"inLanguage":"es","potentialAction":[{"@type":"ReadAction","target":["https:\/\/www.bsdnonwoven.com\/product-video\/"]}]},{"@type":"BreadcrumbList","@id":"https:\/\/www.bsdnonwoven.com\/product-video\/#breadcrumb","itemListElement":[{"@type":"ListItem","position":1,"name":"Home","item":"https:\/\/www.bsdnonwoven.com\/"},{"@type":"ListItem","position":2,"name":"Product Video"}]},{"@type":"WebSite","@id":"https:\/\/www.bsdnonwoven.com\/#website","url":"https:\/\/www.bsdnonwoven.com\/","name":"Boshida Nonwoven","description":"","potentialAction":[{"@type":"SearchAction","target":{"@type":"EntryPoint","urlTemplate":"https:\/\/www.bsdnonwoven.com\/?s={search_term_string}"},"query-input":"required name=search_term_string"}],"inLanguage":"es"}]}},"_links":{"self":[{"href":"https:\/\/www.bsdnonwoven.com\/es\/wp-json\/wp\/v2\/pages\/11890"}],"collection":[{"href":"https:\/\/www.bsdnonwoven.com\/es\/wp-json\/wp\/v2\/pages"}],"about":[{"href":"https:\/\/www.bsdnonwoven.com\/es\/wp-json\/wp\/v2\/types\/page"}],"author":[{"embeddable":true,"href":"https:\/\/www.bsdnonwoven.com\/es\/wp-json\/wp\/v2\/users\/1"}],"replies":[{"embeddable":true,"href":"https:\/\/www.bsdnonwoven.com\/es\/wp-json\/wp\/v2\/comments?post=11890"}],"version-history":[{"count":16,"href":"https:\/\/www.bsdnonwoven.com\/es\/wp-json\/wp\/v2\/pages\/11890\/revisions"}],"predecessor-version":[{"id":13560,"href":"https:\/\/www.bsdnonwoven.com\/es\/wp-json\/wp\/v2\/pages\/11890\/revisions\/13560"}],"wp:attachment":[{"href":"https:\/\/www.bsdnonwoven.com\/es\/wp-json\/wp\/v2\/media?parent=11890"}],"curies":[{"name":"wp","href":"https:\/\/api.w.org\/{rel}","templated":true}]}}