{"id":12474,"date":"2025-04-28T06:30:45","date_gmt":"2025-04-28T06:30:45","guid":{"rendered":"https:\/\/www.bsdnonwoven.com\/?page_id=12474"},"modified":"2025-05-20T06:28:44","modified_gmt":"2025-05-20T06:28:44","slug":"why-choose-us","status":"publish","type":"page","link":"https:\/\/www.bsdnonwoven.com\/es\/why-choose-us\/","title":{"rendered":"Por qu\u00e9 elegirnos"},"content":{"rendered":"<p>[et_pb_section fb_built=\"1\u2033 custom_padding_last_edited=\"on|phone\" _builder_version=\"4.21.0\u2033 _module_preset=\"default\" background_enable_color=\"off\" custom_padding=\"35px||0px||false|false\" custom_padding_tablet=\"35px||0px||false|false\" custom_padding_phone=\"20px||||false|false\" border_color_bottom=\"#eeeeee\" global_colors_info=\"{}\"][et_pb_row _builder_version=\"4.21.0\u2033 _module_preset=\"default\" custom_padding=\"0px||15px||false|false\" border_width_bottom=\"10px\" border_color_bottom=\"#eeeeee\" global_colors_info=\"{}\"][et_pb_column type=\"4_4\u2033 _builder_version=\"4.21.0\u2033 _module_preset=\"default\" global_colors_info=\"{}\"][dipl_breadcrumb breadcrumb_layout=\"layout2\u2033 separator_text=\"\/\" separator_size=\"18px\" separator_color=\"#888888\u2033 _builder_version=\"4.21.0\u2033 _module_preset=\"default\" global_text_settings_text_align=\"left\" global_text_settings_font_size=\"18px\" text_font=\"||||||||\" text_text_color=\"#000000\u2033 link_text_color=\"#000000\u2033 global_text_settings_font_size_tablet=\"18px\" global_text_settings_font_size_phone=\"14px\" global_text_settings_font_size_last_edited=\"on|phone\" global_colors_info=\"{}\"][\/dipl_breadcrumb][\/et_pb_column][\/et_pb_row][et_pb_row custom_padding_last_edited=\"on|phone\" module_id=\"wu\" _builder_version=\"4.21.0\u2033 _module_preset=\"default\" custom_padding=\"||||false|false\" custom_padding_tablet=\"||||false|false\" custom_padding_phone=\"||0px||false|false\" global_colors_info=\"{}\"][et_pb_column type=\"4_4\u2033 _builder_version=\"4.21.0\u2033 _module_preset=\"default\" global_colors_info=\"{}\"][et_pb_text _builder_version=\"4.21.0\u2033 _module_preset=\"default\" header_font=\"|700|||||||\" header_text_align=\"center\" header_text_color=\"#000000\u2033 header_font_size=\"32px\" custom_margin=\"||15px||false|false\" custom_padding=\"||||false|false\" custom_padding_tablet=\"0px||||false|false\" custom_padding_phone=\"0px||||false|false\" custom_padding_last_edited=\"on|tablet\" hover_enabled=\"0\u2033 header_font_size_tablet=\"40px\" header_font_size_phone=\"18px\" header_font_size_last_edited=\"on|phone\" global_colors_info=\"{}\" sticky_enabled=\"0\u2033]<\/p>\n<h1 class=\"p1\">Su proveedor fiable de telas no tejidas<\/h1>\n<p>[\/et_pb_text][\/et_pb_column][\/et_pb_row][\/et_pb_section][et_pb_section fb_built=\"1\u2033 _builder_version=\"4.21.0\u2033 _module_preset=\"default\" custom_padding=\"0px||||false|false\" global_colors_info=\"{}\"][et_pb_row column_structure=\"1_4,1_4,1_4,1_4\u2033 use_custom_gutter=\"on\" module_id=\"ka\" _builder_version=\"4.21.0\u2033 _module_preset=\"default\" custom_margin=\"0px||||false|false\" global_colors_info=\"{}\"][et_pb_column type=\"1_4\u2033 _builder_version=\"4.21.0\u2033 _module_preset=\"default\" global_colors_info=\"{}\"][dipl_image_card title=\"Entrega r\u00e1pida\" icon=\"\uf0d1||fa||900\u2033 icon_alignment=\"center\" icon_font_size=\"65px\" style_icon=\"on\" icon_shape=\"dipl_icon_shape_circle\" shape_bg_color=\"RGBA(255,255,255,0)\" content_bg_color=\"#FFFFFF\" _builder_version=\"4.21.0\u2033 _module_preset=\"default\" title_level=\"h2\u2033 title_font=\"|600|||||||\" title_text_align=\"center\" title_font_size=\"20px\" title_line_height=\"1.5em\" title_font_size_tablet=\"16px\" title_font_size_phone=\"16px\" title_font_size_last_edited=\"on|tablet\" global_colors_info=\"{}\"]<\/p>\n<p class=\"p1\" style=\"text-align: center;\"><b>Red log\u00edstica mundial con respuesta r\u00e1pida a la demanda<\/b>.<\/p>\n<p class=\"p1\">Un equipo profesional apoya el transporte a granel y las soluciones log\u00edsticas flexibles, la tramitaci\u00f3n eficaz de los pedidos garantiza la puntualidad de las entregas en todo el mundo, lo que ayuda a acortar los ciclos de los proyectos.<\/p>\n<p>[\/dipl_image_card][\/et_pb_column][et_pb_column type=\"1_4\u2033 _builder_version=\"4.21.0\u2033 _module_preset=\"default\" global_colors_info=\"{}\"][dipl_image_card title=\"Calidad Premium\" icon=\"\ue0d9||divi||400\u2033 icon_alignment=\"center\" icon_font_size=\"65px\" style_icon=\"on\" icon_shape=\"dipl_icon_shape_circle\" shape_bg_color=\"RGBA(255,255,255,0)\" content_bg_color=\"#FFFFFF\" _builder_version=\"4.21.0\u2033 _module_preset=\"default\" title_level=\"h2\u2033 title_font=\"|600|||||||\" title_text_align=\"center\" title_font_size=\"20px\" title_line_height=\"1.5em\" title_font_size_tablet=\"16px\" title_font_size_phone=\"16px\" title_font_size_last_edited=\"on|tablet\" global_colors_info=\"{}\"]<\/p>\n<p class=\"p1\" style=\"text-align: center;\"><b>Normas internacionales con control de calidad en todo el proceso. <\/b><\/p>\n<p class=\"p1\">Aplica un control de calidad en tres etapas, desde las materias primas hasta los productos acabados: pruebas en tiempo real, trazabilidad de los datos y optimizaci\u00f3n continua.<\/p>\n<p>[\/dipl_image_card][\/et_pb_column][et_pb_column type=\"1_4\u2033 _builder_version=\"4.21.0\u2033 _module_preset=\"default\" global_colors_info=\"{}\"][dipl_image_card title=\"Ecol\u00f3gico\" icon=\"\uf06c||fa||900\u2033 icon_alignment=\"center\" icon_font_size=\"65px\" style_icon=\"on\" icon_shape=\"dipl_icon_shape_circle\" shape_bg_color=\"RGBA(255,255,255,0)\" content_bg_color=\"#FFFFFF\" _builder_version=\"4.21.0\u2033 _module_preset=\"default\" title_level=\"h2\u2033 title_font=\"|600|||||||\" title_text_align=\"center\" title_font_size=\"20px\" title_line_height=\"1.5em\" title_font_size_tablet=\"16px\" title_font_size_phone=\"16px\" title_font_size_last_edited=\"on|tablet\" global_colors_info=\"{}\"]<\/p>\n<p class=\"p1\" style=\"text-align: center;\"><b>Soluciones biodegradables y reciclables para una sostenibilidad ecol\u00f3gica. <\/b><\/p>\n<p class=\"p1\">100% degradaci\u00f3n natural sin contaminaci\u00f3n, admite el uso repetido, cumple con las certificaciones ecol\u00f3gicas mundiales, avanzando en las iniciativas de futuro con bajas emisiones de carbono.<\/p>\n<p>[\/dipl_image_card][\/et_pb_column][et_pb_column type=\"1_4\u2033 _builder_version=\"4.21.0\u2033 _module_preset=\"default\" global_colors_info=\"{}\"][dipl_image_card title=\"Soluciones a medida\" icon=\"\ue059||divi||400\u2033 icon_alignment=\"center\" icon_font_size=\"65px\" style_icon=\"on\" icon_shape=\"dipl_icon_shape_circle\" shape_bg_color=\"RGBA(255,255,255,0)\" content_bg_color=\"#FFFFFF\" _builder_version=\"4.21.0\u2033 _module_preset=\"default\" title_level=\"h2\u2033 title_font=\"|600|||||||\" title_text_align=\"center\" title_font_size=\"20px\" title_line_height=\"1.5em\" title_font_size_tablet=\"16px\" title_font_size_phone=\"16px\" title_font_size_last_edited=\"on|tablet\" global_colors_info=\"{}\"]<\/p>\n<p class=\"p1\" style=\"text-align: center;\"><b>Soluciones adaptadas con precisi\u00f3n que potencian las actualizaciones de marca. <\/b><\/p>\n<p class=\"p1\">Personalizaci\u00f3n integral, desde las especificaciones y la impresi\u00f3n hasta el envasado, para ofrecer productos diferenciados que aprovechen las oportunidades del mercado.<\/p>\n<p>[\/dipl_image_card][\/et_pb_column][\/et_pb_row][et_pb_row column_structure=\"1_4,1_4,1_4,1_4\u2033 use_custom_gutter=\"on\" module_id=\"ka\" _builder_version=\"4.21.0\u2033 _module_preset=\"default\" custom_margin=\"35px||||false|false\" global_colors_info=\"{}\"][et_pb_column type=\"1_4\u2033 _builder_version=\"4.21.0\u2033 _module_preset=\"default\" global_colors_info=\"{}\"][dipl_image_card title=\"Alta resistencia y durabilidad\" icon=\"\uf253||fa||900\u2033 icon_alignment=\"center\" icon_font_size=\"65px\" style_icon=\"on\" icon_shape=\"dipl_icon_shape_circle\" shape_bg_color=\"RGBA(255,255,255,0)\" content_bg_color=\"#FFFFFF\" _builder_version=\"4.21.0\u2033 _module_preset=\"default\" title_level=\"h2\u2033 title_font=\"|600|||||||\" title_text_align=\"center\" title_font_size=\"20px\" title_line_height=\"1.5em\" title_font_size_tablet=\"16px\" title_font_size_phone=\"16px\" title_font_size_last_edited=\"on|tablet\" global_colors_info=\"{}\"]<\/p>\n<p class=\"p1\" style=\"text-align: center;\"><b>Tecnolog\u00eda de punzonado para un rendimiento de nivel t\u00e9cnico.<\/b><\/p>\n<p class=\"p1\">La estructura densa de las fibras aumenta la resistencia a la tracci\u00f3n en 50%, con una resistencia al desgaste\/desgarro ideal para aplicaciones de ingenier\u00eda hidr\u00e1ulica y filtraci\u00f3n en automoci\u00f3n.<\/p>\n<p>[\/dipl_image_card][\/et_pb_column][et_pb_column type=\"1_4\u2033 _builder_version=\"4.21.0\u2033 _module_preset=\"default\" global_colors_info=\"{}\"][dipl_image_card title=\"Resistencia todo tiempo\" icon=\"\ue06b||divi||400\u2033 icon_alignment=\"center\" icon_font_size=\"65px\" style_icon=\"on\" icon_shape=\"dipl_icon_shape_circle\" shape_bg_color=\"RGBA(255,255,255,0)\" content_bg_color=\"#FFFFFF\" _builder_version=\"4.21.0\u2033 _module_preset=\"default\" title_level=\"h2\u2033 title_font=\"|600|||||||\" title_text_align=\"center\" title_font_size=\"20px\" title_line_height=\"1.5em\" title_font_size_tablet=\"16px\" title_font_size_phone=\"16px\" title_font_size_last_edited=\"on|tablet\" global_colors_info=\"{}\"]<\/p>\n<p class=\"p1\" style=\"text-align: center;\"><b>Resistente a los rayos UV + Resistente a la corrosi\u00f3n para una estabilidad a largo plazo.<\/b><\/p>\n<p class=\"p1\">Los geomateriales cuentan con un revestimiento anti-UV que bloquea la radiaci\u00f3n 98%, resisten la corrosi\u00f3n \u00e1cida\/alcalina en entornos extremos y prolongan la vida \u00fatil 30%.<\/p>\n<p>[\/dipl_image_card][\/et_pb_column][et_pb_column type=\"1_4\u2033 _builder_version=\"4.21.0\u2033 _module_preset=\"default\" global_colors_info=\"{}\"][dipl_image_card title=\"Rentable\" icon=\"\uf164||fa||900\u2033 icon_alignment=\"center\" icon_font_size=\"65px\" style_icon=\"on\" icon_shape=\"dipl_icon_shape_circle\" shape_bg_color=\"RGBA(255,255,255,0)\" content_bg_color=\"#FFFFFF\" _builder_version=\"4.21.0\u2033 _module_preset=\"default\" title_level=\"h2\u2033 title_font=\"|600|||||||\" title_text_align=\"center\" title_font_size=\"20px\" title_line_height=\"1.5em\" title_font_size_tablet=\"16px\" title_font_size_phone=\"16px\" title_font_size_last_edited=\"on|tablet\" global_colors_info=\"{}\"]<\/p>\n<p class=\"p1\" style=\"text-align: center;\"><b>La contrataci\u00f3n a gran escala beneficia a los clientes.<\/b><\/p>\n<p class=\"p1\">La integraci\u00f3n global de la cadena de suministro reduce los costes de material en 25%, ofreciendo soluciones de alto valor.<\/p>\n<p>[\/dipl_image_card][\/et_pb_column][et_pb_column type=\"1_4\u2033 _builder_version=\"4.21.0\u2033 _module_preset=\"default\" global_colors_info=\"{}\"][dipl_image_card title=\"Servicio global\" icon=\"\ue0de||divi||400\u2033 icon_alignment=\"center\" icon_font_size=\"65px\" style_icon=\"on\" icon_shape=\"dipl_icon_shape_circle\" shape_bg_color=\"RGBA(255,255,255,0)\" content_bg_color=\"#FFFFFF\" _builder_version=\"4.21.0\u2033 _module_preset=\"default\" title_level=\"h2\u2033 title_font=\"|600|||||||\" title_text_align=\"center\" title_font_size=\"20px\" title_line_height=\"1.5em\" title_font_size_tablet=\"16px\" title_font_size_phone=\"16px\" title_font_size_last_edited=\"on|tablet\" global_colors_info=\"{}\"]<\/p>\n<p class=\"p1\" style=\"text-align: center;\"><b>Asistencia biling\u00fce chino\/ingl\u00e9s en tiempo real.<\/b><\/p>\n<p class=\"p1\">Cobertura del equipo 24 horas al d\u00eda, 7 d\u00edas a la semana, en todos los procesos previos y posteriores a la venta, lo que permite una comunicaci\u00f3n fluida y una colaboraci\u00f3n eficaz.<\/p>\n<p>[\/dipl_image_card][\/et_pb_column][\/et_pb_row][et_pb_row column_structure=\"1_4,1_4,1_4,1_4\u2033 _builder_version=\"4.21.0\u2033 _module_preset=\"default\" global_colors_info=\"{}\"][et_pb_column type=\"1_4\u2033 _builder_version=\"4.21.0\u2033 _module_preset=\"default\" global_colors_info=\"{}\"][et_pb_image src=\"https:\/\/www.bsdnonwoven.com\/wp-content\/uploads\/2025\/04\/png80-t3-scale100-1.webp\" title_text=\"png80-t3-scale100 (1)\" align=\"center\" _builder_version=\"4.21.0\u2033 _module_preset=\"default\" global_colors_info=\"{}\"][\/et_pb_image][\/et_pb_column][et_pb_column type=\"1_4\u2033 _builder_version=\"4.21.0\u2033 _module_preset=\"default\" global_colors_info=\"{}\"][et_pb_image src=\"https:\/\/www.bsdnonwoven.com\/wp-content\/uploads\/2025\/04\/png80-t3-scale100-2.webp\" title_text=\"png80-t3-scale100 (2)\" align=\"center\" _builder_version=\"4.21.0\u2033 _module_preset=\"default\" global_colors_info=\"{}\"][\/et_pb_image][\/et_pb_column][et_pb_column type=\"1_4\u2033 _builder_version=\"4.21.0\u2033 _module_preset=\"default\" global_colors_info=\"{}\"][et_pb_image src=\"https:\/\/www.bsdnonwoven.com\/wp-content\/uploads\/2025\/04\/png80-t3-scale100-3.webp\" title_text=\"png80-t3-scale100 (3)\" align=\"center\" _builder_version=\"4.21.0\u2033 _module_preset=\"default\" global_colors_info=\"{}\"][\/et_pb_image][\/et_pb_column][et_pb_column type=\"1_4\u2033 _builder_version=\"4.21.0\u2033 _module_preset=\"default\" global_colors_info=\"{}\"][et_pb_image src=\"https:\/\/www.bsdnonwoven.com\/wp-content\/uploads\/2025\/04\/png80-t3-scale100.webp\" title_text=\"png80-t3-scale100\u2033 align=\"center\" _builder_version=\"4.21.0\u2033 _module_preset=\"default\" global_colors_info=\"{}\"][\/et_pb_image][\/et_pb_column][\/et_pb_row][\/et_pb_section]<\/p>","protected":false},"excerpt":{"rendered":"<p><div class=\"et_pb_module dipl_breadcrumb dipl_breadcrumb_0\">\n\t\t\t\t\n\t\t\t\t\n\t\t\t\t\n\t\t\t\t\n\t\t\t\t\n\t\t\t\t\n\t\t\t\t<div class=\"et_pb_module_inner\">\n\t\t\t\t\t<div class=\"dipl-breadcrumb-wrapper layout2\">\n\t\t\t\t\t\t\t\t<ol class=\"dipl-breadcrumb-inner\" vocab=\"https:\/\/schema.org\/\" typeof=\"BreadcrumbList\">\n\t\t\t\t\t\t\t\t\t<li property=\"itemListElement\" typeof=\"ListItem\" data-icon=\"&#x24;\">\n\t\t\t\t\t\t\t\t\t\t\t\t\t    <a class=\"breadcrumb-item dipl-home-page\" href=\"https:\/\/www.bsdnonwoven.com\/es\" property=\"item\" typeof=\"WebPage\" >\n\t\t\t\t\t\t\t\t\t\t\t\t\t      \t<span class=\"breadcrumb-page\" property=\"name\">Inicio<\/span>\n\t\t\t\t\t\t\t\t\t\t\t\t\t    <\/a>\n\t\t\t\t\t\t\t\t\t\t\t\t\t    <meta property=\"position\" content=\"1\" \/>\n\t\t\t\t\t\t\t\t\t\t\t\t\t<\/li>\n\t\t\t\t\t\t\t\t<\/ol>\n\t\t\t\t\t\t\t<\/div>\n\t\t\t\t<\/div>\n\t\t\t<\/div>Su proveedor fiable de telas no tejidas<div class=\"et_pb_module dipl_image_card dipl_image_card_0  et_pb_text_align_left et_pb_bg_layout_light\">\n\t\t\t\t\n\t\t\t\t\n\t\t\t\t\n\t\t\t\t\n\t\t\t\t\n\t\t\t\t\n\t\t\t\t<div class=\"et_pb_module_inner\">\n\t\t\t\t\t<div class=\"dipl_image_card_wrapper\"><div class=\"dipl_image_card_content_wrapper\">\n\t\t\t\t\t<div class=\"dipl_image_card_icon_wrapper\"><span class=\"dipl_image_card_icon et-pb-icon dipl_icon_shape_circle\">\uf0d1<\/span><\/div>\n\t\t\t\t\t<div class=\"dipl_image_card_inner_content_wrapper\"><h2 class=\"dipl_image_card_title\">Entrega r\u00e1pida<\/h2><\/div>\n\t\t\t\t<\/div><\/div>\n\t\t\t\t<\/div>\n\t\t\t<\/div>Red log\u00edstica mundial con r\u00e1pida respuesta a la demanda. Un equipo profesional apoya el transporte a granel y soluciones log\u00edsticas flexibles, [...].<\/p>","protected":false},"author":1,"featured_media":0,"parent":0,"menu_order":0,"comment_status":"closed","ping_status":"closed","template":"","meta":{"_et_pb_use_builder":"on","_et_pb_old_content":"<!-- wp:divi\/placeholder \/-->","_et_gb_content_width":"","footnotes":""},"yoast_head":"<!-- This site is optimized with the Yoast SEO plugin v22.7 - https:\/\/yoast.com\/wordpress\/plugins\/seo\/ -->\n<title>Why Choose Us - Boshida Nonwoven<\/title>\n<meta name=\"description\" content=\"Nonwoven fabric manufacturer, we provide HDPE geomembrane, Landfill geomembrane, Needle punched geotextile with good price.\" \/>\n<meta name=\"robots\" content=\"index, follow, max-snippet:-1, max-image-preview:large, max-video-preview:-1\" \/>\n<link rel=\"canonical\" href=\"https:\/\/www.bsdnonwoven.com\/es\/why-choose-us\/\" \/>\n<meta property=\"og:locale\" content=\"es_ES\" \/>\n<meta property=\"og:type\" content=\"article\" \/>\n<meta property=\"og:title\" content=\"Why Choose Us - Boshida Nonwoven\" \/>\n<meta property=\"og:description\" content=\"Nonwoven fabric manufacturer, we provide HDPE geomembrane, Landfill geomembrane, Needle punched geotextile with good price.\" \/>\n<meta property=\"og:url\" content=\"https:\/\/www.bsdnonwoven.com\/es\/why-choose-us\/\" \/>\n<meta property=\"og:site_name\" content=\"Boshida Nonwoven\" \/>\n<meta property=\"article:modified_time\" content=\"2025-05-20T06:28:44+00:00\" \/>\n<meta name=\"twitter:card\" content=\"summary_large_image\" \/>\n<script type=\"application\/ld+json\" class=\"yoast-schema-graph\">{\"@context\":\"https:\/\/schema.org\",\"@graph\":[{\"@type\":\"WebPage\",\"@id\":\"https:\/\/www.bsdnonwoven.com\/why-choose-us\/\",\"url\":\"https:\/\/www.bsdnonwoven.com\/why-choose-us\/\",\"name\":\"Why Choose Us - Boshida Nonwoven\",\"isPartOf\":{\"@id\":\"https:\/\/www.bsdnonwoven.com\/#website\"},\"datePublished\":\"2025-04-28T06:30:45+00:00\",\"dateModified\":\"2025-05-20T06:28:44+00:00\",\"description\":\"Nonwoven fabric manufacturer, we provide HDPE geomembrane, Landfill geomembrane, Needle punched geotextile with good price.\",\"breadcrumb\":{\"@id\":\"https:\/\/www.bsdnonwoven.com\/why-choose-us\/#breadcrumb\"},\"inLanguage\":\"es\",\"potentialAction\":[{\"@type\":\"ReadAction\",\"target\":[\"https:\/\/www.bsdnonwoven.com\/why-choose-us\/\"]}]},{\"@type\":\"BreadcrumbList\",\"@id\":\"https:\/\/www.bsdnonwoven.com\/why-choose-us\/#breadcrumb\",\"itemListElement\":[{\"@type\":\"ListItem\",\"position\":1,\"name\":\"Home\",\"item\":\"https:\/\/www.bsdnonwoven.com\/\"},{\"@type\":\"ListItem\",\"position\":2,\"name\":\"Why Choose Us\"}]},{\"@type\":\"WebSite\",\"@id\":\"https:\/\/www.bsdnonwoven.com\/#website\",\"url\":\"https:\/\/www.bsdnonwoven.com\/\",\"name\":\"Boshida Nonwoven\",\"description\":\"\",\"potentialAction\":[{\"@type\":\"SearchAction\",\"target\":{\"@type\":\"EntryPoint\",\"urlTemplate\":\"https:\/\/www.bsdnonwoven.com\/?s={search_term_string}\"},\"query-input\":\"required name=search_term_string\"}],\"inLanguage\":\"es\"}]}<\/script>\n<!-- \/ Yoast SEO plugin. -->","yoast_head_json":{"title":"Why Choose Us - Boshida Nonwoven","description":"Nonwoven fabric manufacturer, we provide HDPE geomembrane, Landfill geomembrane, Needle punched geotextile with good price.","robots":{"index":"index","follow":"follow","max-snippet":"max-snippet:-1","max-image-preview":"max-image-preview:large","max-video-preview":"max-video-preview:-1"},"canonical":"https:\/\/www.bsdnonwoven.com\/es\/why-choose-us\/","og_locale":"es_ES","og_type":"article","og_title":"Why Choose Us - Boshida Nonwoven","og_description":"Nonwoven fabric manufacturer, we provide HDPE geomembrane, Landfill geomembrane, Needle punched geotextile with good price.","og_url":"https:\/\/www.bsdnonwoven.com\/es\/why-choose-us\/","og_site_name":"Boshida Nonwoven","article_modified_time":"2025-05-20T06:28:44+00:00","twitter_card":"summary_large_image","schema":{"@context":"https:\/\/schema.org","@graph":[{"@type":"WebPage","@id":"https:\/\/www.bsdnonwoven.com\/why-choose-us\/","url":"https:\/\/www.bsdnonwoven.com\/why-choose-us\/","name":"Why Choose Us - Boshida Nonwoven","isPartOf":{"@id":"https:\/\/www.bsdnonwoven.com\/#website"},"datePublished":"2025-04-28T06:30:45+00:00","dateModified":"2025-05-20T06:28:44+00:00","description":"Nonwoven fabric manufacturer, we provide HDPE geomembrane, Landfill geomembrane, Needle punched geotextile with good price.","breadcrumb":{"@id":"https:\/\/www.bsdnonwoven.com\/why-choose-us\/#breadcrumb"},"inLanguage":"es","potentialAction":[{"@type":"ReadAction","target":["https:\/\/www.bsdnonwoven.com\/why-choose-us\/"]}]},{"@type":"BreadcrumbList","@id":"https:\/\/www.bsdnonwoven.com\/why-choose-us\/#breadcrumb","itemListElement":[{"@type":"ListItem","position":1,"name":"Home","item":"https:\/\/www.bsdnonwoven.com\/"},{"@type":"ListItem","position":2,"name":"Why Choose Us"}]},{"@type":"WebSite","@id":"https:\/\/www.bsdnonwoven.com\/#website","url":"https:\/\/www.bsdnonwoven.com\/","name":"Boshida Nonwoven","description":"","potentialAction":[{"@type":"SearchAction","target":{"@type":"EntryPoint","urlTemplate":"https:\/\/www.bsdnonwoven.com\/?s={search_term_string}"},"query-input":"required name=search_term_string"}],"inLanguage":"es"}]}},"_links":{"self":[{"href":"https:\/\/www.bsdnonwoven.com\/es\/wp-json\/wp\/v2\/pages\/12474"}],"collection":[{"href":"https:\/\/www.bsdnonwoven.com\/es\/wp-json\/wp\/v2\/pages"}],"about":[{"href":"https:\/\/www.bsdnonwoven.com\/es\/wp-json\/wp\/v2\/types\/page"}],"author":[{"embeddable":true,"href":"https:\/\/www.bsdnonwoven.com\/es\/wp-json\/wp\/v2\/users\/1"}],"replies":[{"embeddable":true,"href":"https:\/\/www.bsdnonwoven.com\/es\/wp-json\/wp\/v2\/comments?post=12474"}],"version-history":[{"count":6,"href":"https:\/\/www.bsdnonwoven.com\/es\/wp-json\/wp\/v2\/pages\/12474\/revisions"}],"predecessor-version":[{"id":12960,"href":"https:\/\/www.bsdnonwoven.com\/es\/wp-json\/wp\/v2\/pages\/12474\/revisions\/12960"}],"wp:attachment":[{"href":"https:\/\/www.bsdnonwoven.com\/es\/wp-json\/wp\/v2\/media?parent=12474"}],"curies":[{"name":"wp","href":"https:\/\/api.w.org\/{rel}","templated":true}]}}