{"id":1622,"date":"2024-01-04T05:06:31","date_gmt":"2024-01-04T05:06:31","guid":{"rendered":"http:\/\/3.215.36.167\/?page_id=1622"},"modified":"2025-06-13T04:01:47","modified_gmt":"2025-06-13T04:01:47","slug":"products","status":"publish","type":"page","link":"https:\/\/www.bsdnonwoven.com\/es\/products\/","title":{"rendered":"Productos"},"content":{"rendered":"<p>[et_pb_section fb_built=\"1\u2033 custom_padding_last_edited=\"on|phone\" _builder_version=\"4.21.0\u2033 _module_preset=\"default\" background_enable_color=\"off\" custom_padding=\"35px||0px||false|false\" custom_padding_tablet=\"35px||0px||false|false\" custom_padding_phone=\"0px||||false|false\" border_color_bottom=\"#eeeeee\" global_colors_info=\"{}\"][et_pb_row _builder_version=\"4.21.0\u2033 _module_preset=\"default\" custom_padding=\"0px||15px||false|false\" border_width_bottom=\"10px\" border_color_bottom=\"#eeeeee\" global_colors_info=\"{}\"][et_pb_column type=\"4_4\u2033 _builder_version=\"4.21.0\u2033 _module_preset=\"default\" global_colors_info=\"{}\"][dipl_breadcrumb breadcrumb_layout=\"layout2\u2033 separator_text=\"\/\" separator_size=\"18px\" separator_color=\"#888888\u2033 _builder_version=\"4.21.0\u2033 _module_preset=\"default\" global_text_settings_text_align=\"left\" global_text_settings_font_size=\"18px\" text_font=\"||||||||\" text_text_color=\"#000000\u2033 link_text_color=\"#000000\u2033 global_text_settings_font_size_tablet=\"18px\" global_text_settings_font_size_phone=\"14px\" global_text_settings_font_size_last_edited=\"on|phone\" global_colors_info=\"{}\"][\/dipl_breadcrumb][\/et_pb_column][\/et_pb_row][\/et_pb_section][et_pb_section fb_built=\"1\u2033 custom_padding_last_edited=\"on|phone\" _builder_version=\"4.21.0\u2033 _module_preset=\"default\" custom_padding=\"50px||50px||true|false\" custom_padding_tablet=\"25px||25px||true|false\" custom_padding_phone=\"0px||25px||false|false\" global_colors_info=\"{}\"][et_pb_row column_structure=\"1_4,3_4\u2033 use_custom_gutter=\"on\" _builder_version=\"4.21.0\u2033 _module_preset=\"default\" custom_padding=\"0px||||false|false\" global_colors_info=\"{}\"][et_pb_column type=\"1_4\u2033 _builder_version=\"4.21.0\u2033 _module_preset=\"default\" global_colors_info=\"{}\"][et_pb_sidebar area=\"et_pb_widget_area_1\u2033 show_border=\"off\" disabled_on=\"on|on|off\" module_id=\"pro-sidebar\" _builder_version=\"4.21.0\u2033 _module_preset=\"default\" body_font=\"||||||||\" body_text_color=\"#000000\u2033 body_font_size=\"16px\" custom_margin=\"||0px|||false|false\" global_colors_info=\"{}\"][\/et_pb_sidebar][et_pb_wc_related_products posts_number=\"5\u2033 columns_number=\"1\u2033 include_categories=\"all\" show_price=\"off\" show_rating=\"off\" show_sale_badge=\"off\" disabled_on=\"on|on|off\" module_id=\"rela-pro\" _builder_version=\"4.21.0\u2033 _module_preset=\"default\" title_font_size=\"18px\" product_title_font_size=\"15px\" global_colors_info=\"{}\"][\/et_pb_wc_related_products][\/et_pb_column][et_pb_column type=\"3_4\u2033 _builder_version=\"4.21.0\u2033 _module_preset=\"default\" global_colors_info=\"{}\"][et_pb_text _builder_version=\"4.21.0\u2033 _module_preset=\"default\" header_font=\"|700|||||||\" header_text_align=\"left\" header_text_color=\"#000000\u2033 header_font_size=\"32px\" custom_margin=\"||15px||false|false\" custom_padding=\"||||false|false\" custom_padding_tablet=\"0px||||false|false\" custom_padding_phone=\"0px||||false|false\" custom_padding_last_edited=\"on|tablet\" header_font_size_tablet=\"40px\" header_font_size_phone=\"18px\" header_font_size_last_edited=\"on|phone\" global_colors_info=\"{}\"]<\/p>\n<h1 class=\"p1\">Tela no tejida punzonada<\/h1>\n<p>[\/et_pb_text][et_pb_text _builder_version=\"4.21.0\u2033 _module_preset=\"default\" global_colors_info=\"{}\"]<\/p>\n<p>Proporcionar profesionalmente\u00a0<span><a href=\"https:\/\/www.bsdnonwoven.com\/products\/\"><u>tela no tejida punzonada<\/u><\/a><\/span>,\u00a0<span><a href=\"https:\/\/www.bsdnonwoven.com\/category\/geomembrane-2\/\"><u>geomembrana<\/u><\/a><\/span>,\u00a0<span><a href=\"https:\/\/www.bsdnonwoven.com\/category\/geotextile\/\"><u>geotextil punzonado<\/u><\/a><\/span>\u00a0con buen precio. Bienvenido a\u00a0<span><a href=\"https:\/\/www.bsdnonwoven.com\/contact-us\/\"><u>Contacto<\/u><\/a><\/span>!<\/p>\n<p>[\/et_pb_text][et_pb_shop posts_number=\"9\u2033 show_pagination=\"on\" columns_number=\"3\u2033 orderby=\"date\" icon_hover_color=\"#FFFFFF\" hover_overlay_color=\"rgba(0,0,0,0. 42.42)\" hover_icon=\"L||divi||400\u2033 show_price=\"off\" show_rating=\"off\" show_sale_badge=\"off\" module_id=\"p-list\" _builder_version=\"4.21.0\u2033 _module_preset=\"default\" title_text_align=\"center\" title_font_size=\"15px\" title_line_height=\"1.1em\" global_colors_info=\"{}\"][\/et_pb_shop][et_pb_sidebar area=\"et_pb_widget_area_1\u2033 show_border=\"off\" disabled_on=\"off|off|on\" module_id=\"pro-sidebar\" _builder_version=\"4.21.0\u2033 _module_preset=\"default\" body_font=\"||||||||\" body_text_color=\"#000000\u2033 body_font_size=\"16px\" custom_margin=\"||0px|||false|false\" global_colors_info=\"{}\"][\/et_pb_sidebar][\/et_pb_column][\/et_pb_row][\/et_pb_section][et_pb_section fb_built=\"1\u2033 theme_builder_area=\"post_content\" _builder_version=\"4.21.0\u2033 _module_preset=\"default\"][et_pb_row _builder_version=\"4.21.0\u2033 _module_preset=\"default\" theme_builder_area=\"post_content\" custom_margin=\"-124px|auto||auto||\"][et_pb_column _builder_version=\"4.21.0\u2033 _module_preset=\"default\" type=\"4_4\u2033 theme_builder_area=\"post_content\"][et_pb_text _builder_version=\"4.21.0\u2033 _module_preset=\"default\" theme_builder_area=\"post_content\" hover_enabled=\"0\u2033 sticky_enabled=\"0\u2033]<\/p>\n<h2><strong>Introducci\u00f3n <\/strong><strong>de<\/strong><strong>\u00a0geotextil no tejido<\/strong><\/h2>\n<p>La tela no tejida de poli\u00e9ster se produce mediante el proceso de tela no tejida punzonada con fibra cortada de poli\u00e9ster o PP como materia prima principal. Las telas tejidas y no tejidas perforadas con aguja de filamento corto son un material geosint\u00e9tico permeable fabricado con fibra sint\u00e9tica mediante perforaci\u00f3n con aguja o tejido. El producto acabado tiene forma de tela, generalmente con una anchura de 1-6 metros y una longitud de 50-200 metros.<\/p>\n<p>&nbsp;<\/p>\n<h2><strong>Caracter\u00edsticas del geotextil no tejido punzonado de filamento corto<\/strong><\/h2>\n<ol>\n<li><span><\/span>Resistencia a la corrosi\u00f3n, el suelo con diferentes valores de pH es resistente a la corrosi\u00f3n a largo plazo en el agua.<\/li>\n<li><span><\/span>Buena permeabilidad al agua, hay huecos entre los alambres planos, y tiene buena permeabilidad al agua;<\/li>\n<li><span><\/span>Buena propiedad antimicrobiana, no le da\u00f1an los microorganismos ni los insectos;<\/li>\n<li><span><\/span>El material es blando, por lo que es f\u00e1cil de transportar, colocar y construir.<\/li>\n<\/ol>\n<p>&nbsp;<\/p>\n<h2><strong>Funci\u00f3n de las telas tejidas y no tejidas<\/strong><\/h2>\n<p>La tela geotextil no tejida tiene excelentes funciones de filtrado, aislamiento, refuerzo y protecci\u00f3n, alta resistencia a la tracci\u00f3n, buena permeabilidad, resistencia a altas temperaturas, resistencia a la congelaci\u00f3n, resistencia al envejecimiento y resistencia a la corrosi\u00f3n.<\/p>\n<p>&nbsp;<\/p>\n<h2><strong>Campos de aplicaci\u00f3n de la tela no tejida de poli\u00e9ster:<\/strong><\/h2>\n<p>1.Se utiliza en campos de ingenier\u00eda de infraestructuras como metros, carreteras, ferrocarriles, t\u00faneles, presas, ingenier\u00eda municipal, drenaje de edificios, taludes y gesti\u00f3n de r\u00edos.<\/p>\n<p>2.Protecci\u00f3n del medio ambiente y campos de ingenier\u00eda antifiltraci\u00f3n como vertederos, vertederos de cenizas volantes, campos de escoria de residuos, residuos peligrosos, campos de escoria de residuos s\u00f3lidos, patios de cenizas de centrales t\u00e9rmicas, embalses y tanques de almacenamiento de agua.<\/p>\n<p>&nbsp;<\/p>\n<h2><strong>Qui\u00e9nes somos<\/strong><\/h2>\n<p>Como profesional <strong><span>empresa mayorista y comercial de telas no tejidas<\/span><\/strong>Boshida se especializa en <strong><span>comercio de telas no tejidas spunlace<\/span><\/strong><strong><span>\u00a0<\/span><\/strong><strong><b><span>y <\/span><\/b><\/strong><strong><b>com<\/b><\/strong>ueremos suministrar materiales de alta calidad con cadenas de suministro fiables, precios competitivos y un servicio de atenci\u00f3n al cliente receptivo. Colabore con nosotros para obtener soluciones a medida que cumplan sus objetivos de producci\u00f3n y sostenibilidad.<\/p>\n<p>[\/et_pb_text][\/et_pb_column][\/et_pb_row][\/et_pb_section]<\/p>","protected":false},"excerpt":{"rendered":"<p><div class=\"et_pb_module dipl_breadcrumb dipl_breadcrumb_0\">\n\t\t\t\t\n\t\t\t\t\n\t\t\t\t\n\t\t\t\t\n\t\t\t\t\n\t\t\t\t\n\t\t\t\t<div class=\"et_pb_module_inner\">\n\t\t\t\t\t<div class=\"dipl-breadcrumb-wrapper layout2\">\n\t\t\t\t\t\t\t\t<ol class=\"dipl-breadcrumb-inner\" vocab=\"https:\/\/schema.org\/\" typeof=\"BreadcrumbList\">\n\t\t\t\t\t\t\t\t\t<li property=\"itemListElement\" typeof=\"ListItem\" data-icon=\"&#x24;\">\n\t\t\t\t\t\t\t\t\t\t\t\t\t    <a class=\"breadcrumb-item dipl-home-page\" href=\"https:\/\/www.bsdnonwoven.com\/es\" property=\"item\" typeof=\"WebPage\" >\n\t\t\t\t\t\t\t\t\t\t\t\t\t      \t<span class=\"breadcrumb-page\" property=\"name\">Inicio<\/span>\n\t\t\t\t\t\t\t\t\t\t\t\t\t    <\/a>\n\t\t\t\t\t\t\t\t\t\t\t\t\t    <meta property=\"position\" content=\"1\" \/>\n\t\t\t\t\t\t\t\t\t\t\t\t\t<\/li>\n\t\t\t\t\t\t\t\t<\/ol>\n\t\t\t\t\t\t\t<\/div>\n\t\t\t\t<\/div>\n\t\t\t<\/div>Needle-Punched Nonwoven FabricProfessionally proporcionar aguja perforada tela no tejida, geomembrana, aguja perforada geotextil con buen precio. Introducci\u00f3n de la tela geotextil no tejida La tela no tejida de poli\u00e9ster se produce mediante el proceso de no tejido punzonado con fibra cortada de poli\u00e9ster o PP como materia prima principal. Tejido punzonado de filamento corto y [...]<\/p>","protected":false},"author":1,"featured_media":0,"parent":0,"menu_order":0,"comment_status":"closed","ping_status":"closed","template":"","meta":{"_et_pb_use_builder":"on","_et_pb_old_content":"","_et_gb_content_width":"","footnotes":""},"yoast_head":"<!-- This site is optimized with the Yoast SEO plugin v22.7 - https:\/\/yoast.com\/wordpress\/plugins\/seo\/ -->\n<title>Products - Boshida Nonwoven<\/title>\n<meta name=\"description\" content=\"Nonwoven fabric manufacturer, we provide HDPE geomembrane, Landfill geomembrane, Needle punched geotextile with good price.\" \/>\n<meta name=\"robots\" content=\"index, follow, max-snippet:-1, max-image-preview:large, max-video-preview:-1\" \/>\n<link rel=\"canonical\" href=\"https:\/\/www.bsdnonwoven.com\/es\/products\/\" \/>\n<meta property=\"og:locale\" content=\"es_ES\" \/>\n<meta property=\"og:type\" content=\"article\" \/>\n<meta property=\"og:title\" content=\"Products - Boshida Nonwoven\" \/>\n<meta property=\"og:description\" content=\"Nonwoven fabric manufacturer, we provide HDPE geomembrane, Landfill geomembrane, Needle punched geotextile with good price.\" \/>\n<meta property=\"og:url\" content=\"https:\/\/www.bsdnonwoven.com\/es\/products\/\" \/>\n<meta property=\"og:site_name\" content=\"Boshida Nonwoven\" \/>\n<meta property=\"article:modified_time\" content=\"2025-06-13T04:01:47+00:00\" \/>\n<meta name=\"twitter:card\" content=\"summary_large_image\" \/>\n<meta name=\"twitter:label1\" content=\"Tiempo de lectura\" \/>\n\t<meta name=\"twitter:data1\" content=\"4 minutos\" \/>\n<script type=\"application\/ld+json\" class=\"yoast-schema-graph\">{\"@context\":\"https:\/\/schema.org\",\"@graph\":[{\"@type\":\"WebPage\",\"@id\":\"https:\/\/www.bsdnonwoven.com\/products\/\",\"url\":\"https:\/\/www.bsdnonwoven.com\/products\/\",\"name\":\"Products - Boshida Nonwoven\",\"isPartOf\":{\"@id\":\"https:\/\/www.bsdnonwoven.com\/#website\"},\"datePublished\":\"2024-01-04T05:06:31+00:00\",\"dateModified\":\"2025-06-13T04:01:47+00:00\",\"description\":\"Nonwoven fabric manufacturer, we provide HDPE geomembrane, Landfill geomembrane, Needle punched geotextile with good price.\",\"breadcrumb\":{\"@id\":\"https:\/\/www.bsdnonwoven.com\/products\/#breadcrumb\"},\"inLanguage\":\"es\",\"potentialAction\":[{\"@type\":\"ReadAction\",\"target\":[\"https:\/\/www.bsdnonwoven.com\/products\/\"]}]},{\"@type\":\"BreadcrumbList\",\"@id\":\"https:\/\/www.bsdnonwoven.com\/products\/#breadcrumb\",\"itemListElement\":[{\"@type\":\"ListItem\",\"position\":1,\"name\":\"Home\",\"item\":\"https:\/\/www.bsdnonwoven.com\/\"},{\"@type\":\"ListItem\",\"position\":2,\"name\":\"Products\"}]},{\"@type\":\"WebSite\",\"@id\":\"https:\/\/www.bsdnonwoven.com\/#website\",\"url\":\"https:\/\/www.bsdnonwoven.com\/\",\"name\":\"Boshida Nonwoven\",\"description\":\"\",\"potentialAction\":[{\"@type\":\"SearchAction\",\"target\":{\"@type\":\"EntryPoint\",\"urlTemplate\":\"https:\/\/www.bsdnonwoven.com\/?s={search_term_string}\"},\"query-input\":\"required name=search_term_string\"}],\"inLanguage\":\"es\"}]}<\/script>\n<!-- \/ Yoast SEO plugin. -->","yoast_head_json":{"title":"Products - Boshida Nonwoven","description":"Nonwoven fabric manufacturer, we provide HDPE geomembrane, Landfill geomembrane, Needle punched geotextile with good price.","robots":{"index":"index","follow":"follow","max-snippet":"max-snippet:-1","max-image-preview":"max-image-preview:large","max-video-preview":"max-video-preview:-1"},"canonical":"https:\/\/www.bsdnonwoven.com\/es\/products\/","og_locale":"es_ES","og_type":"article","og_title":"Products - Boshida Nonwoven","og_description":"Nonwoven fabric manufacturer, we provide HDPE geomembrane, Landfill geomembrane, Needle punched geotextile with good price.","og_url":"https:\/\/www.bsdnonwoven.com\/es\/products\/","og_site_name":"Boshida Nonwoven","article_modified_time":"2025-06-13T04:01:47+00:00","twitter_card":"summary_large_image","twitter_misc":{"Tiempo de lectura":"4 minutos"},"schema":{"@context":"https:\/\/schema.org","@graph":[{"@type":"WebPage","@id":"https:\/\/www.bsdnonwoven.com\/products\/","url":"https:\/\/www.bsdnonwoven.com\/products\/","name":"Products - Boshida Nonwoven","isPartOf":{"@id":"https:\/\/www.bsdnonwoven.com\/#website"},"datePublished":"2024-01-04T05:06:31+00:00","dateModified":"2025-06-13T04:01:47+00:00","description":"Nonwoven fabric manufacturer, we provide HDPE geomembrane, Landfill geomembrane, Needle punched geotextile with good price.","breadcrumb":{"@id":"https:\/\/www.bsdnonwoven.com\/products\/#breadcrumb"},"inLanguage":"es","potentialAction":[{"@type":"ReadAction","target":["https:\/\/www.bsdnonwoven.com\/products\/"]}]},{"@type":"BreadcrumbList","@id":"https:\/\/www.bsdnonwoven.com\/products\/#breadcrumb","itemListElement":[{"@type":"ListItem","position":1,"name":"Home","item":"https:\/\/www.bsdnonwoven.com\/"},{"@type":"ListItem","position":2,"name":"Products"}]},{"@type":"WebSite","@id":"https:\/\/www.bsdnonwoven.com\/#website","url":"https:\/\/www.bsdnonwoven.com\/","name":"Boshida Nonwoven","description":"","potentialAction":[{"@type":"SearchAction","target":{"@type":"EntryPoint","urlTemplate":"https:\/\/www.bsdnonwoven.com\/?s={search_term_string}"},"query-input":"required name=search_term_string"}],"inLanguage":"es"}]}},"_links":{"self":[{"href":"https:\/\/www.bsdnonwoven.com\/es\/wp-json\/wp\/v2\/pages\/1622"}],"collection":[{"href":"https:\/\/www.bsdnonwoven.com\/es\/wp-json\/wp\/v2\/pages"}],"about":[{"href":"https:\/\/www.bsdnonwoven.com\/es\/wp-json\/wp\/v2\/types\/page"}],"author":[{"embeddable":true,"href":"https:\/\/www.bsdnonwoven.com\/es\/wp-json\/wp\/v2\/users\/1"}],"replies":[{"embeddable":true,"href":"https:\/\/www.bsdnonwoven.com\/es\/wp-json\/wp\/v2\/comments?post=1622"}],"version-history":[{"count":53,"href":"https:\/\/www.bsdnonwoven.com\/es\/wp-json\/wp\/v2\/pages\/1622\/revisions"}],"predecessor-version":[{"id":13562,"href":"https:\/\/www.bsdnonwoven.com\/es\/wp-json\/wp\/v2\/pages\/1622\/revisions\/13562"}],"wp:attachment":[{"href":"https:\/\/www.bsdnonwoven.com\/es\/wp-json\/wp\/v2\/media?parent=1622"}],"curies":[{"name":"wp","href":"https:\/\/api.w.org\/{rel}","templated":true}]}}