{"id":12438,"date":"2025-04-25T08:54:17","date_gmt":"2025-04-25T08:54:17","guid":{"rendered":"https:\/\/www.bsdnonwoven.com\/?post_type=product&#038;p=12438"},"modified":"2025-06-25T09:38:02","modified_gmt":"2025-06-25T09:38:02","slug":"automotive-nonwoven-fabric-substrate","status":"publish","type":"product","link":"https:\/\/www.bsdnonwoven.com\/es\/producto\/automotive-nonwoven-fabric-substrate\/","title":{"rendered":"Sustrato de tela no tejida para automoci\u00f3n"},"content":{"rendered":"<h2><strong>Descripci\u00f3n del sustrato de tela no tejida para automoci\u00f3n<\/strong><\/h2>\n<p><strong>Tela no tejida punzonada para automoci\u00f3n<\/strong>un sustrato de alto rendimiento para interiores de veh\u00edculos, dise\u00f1ado mediante punzonado de precisi\u00f3n para entrelazar las fibras en una estructura tridimensional con estabilidad dimensional. Como base de la tapicer\u00eda de piel sint\u00e9tica, garantiza una moldeabilidad, resistencia al desgarro y capacidad de carga superiores. Esta soluci\u00f3n, muy utilizada en asientos, paneles de puertas y volantes, contribuye al aligeramiento y la sostenibilidad de los autom\u00f3viles gracias a la optimizaci\u00f3n de la relaci\u00f3n densidad-rendimiento.<\/p>\n<h2><strong>Par\u00e1metro principal<\/strong><\/h2>\n<table class=\"tg\" style=\"border-collapse: collapse; border-spacing: 0;\">\n<thead>\n<tr>\n<th style=\"background-color: #fff; font-family: Arial, sans-serif; font-size: 14px; font-weight: normal; overflow: hidden; padding: 10px 5px; text-align: left; vertical-align: middle; word-break: normal; border: 1px solid black;\"><span style=\"color: #404040;\">Par\u00e1metro<\/span><\/th>\n<th style=\"background-color: #fff; font-family: Arial, sans-serif; font-size: 14px; font-weight: normal; overflow: hidden; padding: 10px 5px; text-align: left; vertical-align: middle; word-break: normal; border: 1px solid black;\"><span style=\"color: #404040;\">Especificaci\u00f3n<\/span><\/th>\n<\/tr>\n<\/thead>\n<tbody>\n<tr>\n<td style=\"background-color: #fff; font-family: Arial, sans-serif; font-size: 14px; overflow: hidden; padding: 10px 5px; text-align: left; vertical-align: middle; word-break: normal; border: 1px solid black;\"><span style=\"color: #404040;\">Material<\/span><\/td>\n<td style=\"background-color: #fff; font-family: Arial, sans-serif; font-size: 14px; overflow: hidden; padding: 10px 5px; text-align: left; vertical-align: middle; word-break: normal; border: 1px solid black;\"><span style=\"color: #404040;\">100% fibra de poli\u00e9ster (PET) o fibra mezclada personalizada<\/span><\/td>\n<\/tr>\n<tr>\n<td style=\"background-color: #fff; font-family: Arial, sans-serif; font-size: 14px; overflow: hidden; padding: 10px 5px; text-align: left; vertical-align: middle; word-break: normal; border: 1px solid black;\"><span style=\"color: #404040;\">Gramo Peso<\/span><\/td>\n<td style=\"background-color: #fff; font-family: Arial, sans-serif; font-size: 14px; overflow: hidden; padding: 10px 5px; text-align: left; vertical-align: middle; word-break: normal; border: 1px solid black;\"><span style=\"color: #404040;\">150-500 g\/m\u00b2 (personalizable)<\/span><\/td>\n<\/tr>\n<tr>\n<td style=\"background-color: #fff; font-family: Arial, sans-serif; font-size: 14px; overflow: hidden; padding: 10px 5px; text-align: left; vertical-align: middle; word-break: normal; border: 1px solid black;\"><span style=\"color: #404040;\">Espesor<\/span><\/td>\n<td style=\"background-color: #fff; font-family: Arial, sans-serif; font-size: 14px; overflow: hidden; padding: 10px 5px; text-align: left; vertical-align: middle; word-break: normal; border: 1px solid black;\"><span style=\"color: #404040;\">1,5-5,0 mm (ajustable)<\/span><\/td>\n<\/tr>\n<tr>\n<td style=\"background-color: #fff; font-family: Arial, sans-serif; font-size: 14px; overflow: hidden; padding: 10px 5px; text-align: left; vertical-align: middle; word-break: normal; border: 1px solid black;\"><span style=\"color: #404040;\">Anchura<\/span><\/td>\n<td style=\"background-color: #fff; font-family: Arial, sans-serif; font-size: 14px; overflow: hidden; padding: 10px 5px; text-align: left; vertical-align: middle; word-break: normal; border: 1px solid black;\"><span style=\"color: #404040;\">1,6 m \/ 2,2 m (tama\u00f1os est\u00e1ndar, admite personalizaci\u00f3n)<\/span><\/td>\n<\/tr>\n<tr>\n<td style=\"background-color: #fff; font-family: Arial, sans-serif; font-size: 14px; overflow: hidden; padding: 10px 5px; text-align: left; vertical-align: middle; word-break: normal; border: 1px solid black;\"><span style=\"color: #404040;\">Color<\/span><\/td>\n<td style=\"background-color: #fff; font-family: Arial, sans-serif; font-size: 14px; overflow: hidden; padding: 10px 5px; text-align: left; vertical-align: middle; word-break: normal; border: 1px solid black;\"><span style=\"color: #404040;\">Color natural (blanco\/gris), tratamiento de superficie te\u00f1ible o laminado disponible<\/span><\/td>\n<\/tr>\n<\/tbody>\n<\/table>\n<h2><strong>Caracter\u00edsticas del producto<\/strong><\/h2>\n<table class=\"tg\" style=\"border-collapse: collapse; border-spacing: 0;\">\n<thead>\n<tr>\n<th style=\"background-color: #fff; font-family: Arial, sans-serif; font-size: 14px; font-weight: normal; overflow: hidden; padding: 10px 5px; text-align: left; vertical-align: middle; word-break: normal; border: 1px solid black;\"><span style=\"color: #404040;\">Par\u00e1metro<\/span><\/th>\n<th style=\"background-color: #fff; font-family: Arial, sans-serif; font-size: 14px; font-weight: normal; overflow: hidden; padding: 10px 5px; text-align: left; vertical-align: middle; word-break: normal; border: 1px solid black;\"><span style=\"color: #404040;\">Especificaci\u00f3n<\/span><\/th>\n<\/tr>\n<\/thead>\n<tbody>\n<tr>\n<td style=\"background-color: #fff; font-family: Arial, sans-serif; font-size: 14px; overflow: hidden; padding: 10px 5px; text-align: left; vertical-align: middle; word-break: normal; border: 1px solid black;\"><span style=\"color: #404040;\">Material<\/span><\/td>\n<td style=\"background-color: #fff; font-family: Arial, sans-serif; font-size: 14px; overflow: hidden; padding: 10px 5px; text-align: left; vertical-align: middle; word-break: normal; border: 1px solid black;\"><span style=\"color: #404040;\">100% fibra de poli\u00e9ster (PET) o fibra mezclada personalizada<\/span><\/td>\n<\/tr>\n<tr>\n<td style=\"background-color: #fff; font-family: Arial, sans-serif; font-size: 14px; overflow: hidden; padding: 10px 5px; text-align: left; vertical-align: middle; word-break: normal; border: 1px solid black;\"><span style=\"color: #404040;\">Gramo Peso<\/span><\/td>\n<td style=\"background-color: #fff; font-family: Arial, sans-serif; font-size: 14px; overflow: hidden; padding: 10px 5px; text-align: left; vertical-align: middle; word-break: normal; border: 1px solid black;\"><span style=\"color: #404040;\">150-500 g\/m\u00b2 (personalizable)<\/span><\/td>\n<\/tr>\n<tr>\n<td style=\"background-color: #fff; font-family: Arial, sans-serif; font-size: 14px; overflow: hidden; padding: 10px 5px; text-align: left; vertical-align: middle; word-break: normal; border: 1px solid black;\"><span style=\"color: #404040;\">Espesor<\/span><\/td>\n<td style=\"background-color: #fff; font-family: Arial, sans-serif; font-size: 14px; overflow: hidden; padding: 10px 5px; text-align: left; vertical-align: middle; word-break: normal; border: 1px solid black;\"><span style=\"color: #404040;\">1,5-5,0 mm (ajustable)<\/span><\/td>\n<\/tr>\n<tr>\n<td style=\"background-color: #fff; font-family: Arial, sans-serif; font-size: 14px; overflow: hidden; padding: 10px 5px; text-align: left; vertical-align: middle; word-break: normal; border: 1px solid black;\"><span style=\"color: #404040;\">Anchura<\/span><\/td>\n<td style=\"background-color: #fff; font-family: Arial, sans-serif; font-size: 14px; overflow: hidden; padding: 10px 5px; text-align: left; vertical-align: middle; word-break: normal; border: 1px solid black;\"><span style=\"color: #404040;\">1,6 m \/ 2,2 m (tama\u00f1os est\u00e1ndar, admite personalizaci\u00f3n)<\/span><\/td>\n<\/tr>\n<tr>\n<td style=\"background-color: #fff; font-family: Arial, sans-serif; font-size: 14px; overflow: hidden; padding: 10px 5px; text-align: left; vertical-align: middle; word-break: normal; border: 1px solid black;\"><span style=\"color: #404040;\">Color<\/span><\/td>\n<td style=\"background-color: #fff; font-family: Arial, sans-serif; font-size: 14px; overflow: hidden; padding: 10px 5px; text-align: left; vertical-align: middle; word-break: normal; border: 1px solid black;\"><span style=\"color: #404040;\">Color natural (blanco\/gris), tratamiento de superficie te\u00f1ible o laminado disponible<\/span><\/td>\n<\/tr>\n<\/tbody>\n<\/table>\n<h2><strong>Ventajas del producto<\/strong><\/h2>\n<p><strong>Mejora el confort:<\/strong> Tacto suave + estructura transpirable para optimizar la experiencia sensorial en el autom\u00f3vil.<br \/>\n<strong>Mejora la durabilidad:<\/strong> Las propiedades de resistencia al desgaste y al envejecimiento prolongan la vida \u00fatil del interior.<br \/>\n<strong>Garant\u00eda de seguridad:<\/strong> Los materiales ign\u00edfugos y la baja emisi\u00f3n de COV cumplen las normas mundiales de seguridad del autom\u00f3vil.<br \/>\n<strong>Compromiso medioambiental<\/strong>: Los materiales reciclables reducen considerablemente la huella de carbono.<\/p>\n<h2><strong>Aplicaciones de los productos<\/strong><\/h2>\n<table class=\"tg\" style=\"border-collapse: collapse; border-spacing: 0;\">\n<thead>\n<tr>\n<th style=\"background-color: #fff; font-family: Arial, sans-serif; font-size: 14px; font-weight: normal; overflow: hidden; padding: 10px 5px; text-align: left; vertical-align: middle; word-break: normal; border: 1px solid black;\"><span style=\"color: #404040;\">\u00c1rea de aplicaci\u00f3n<\/span><\/th>\n<th style=\"background-color: #fff; font-family: Arial, sans-serif; font-size: 14px; font-weight: normal; overflow: hidden; padding: 10px 5px; text-align: left; vertical-align: middle; word-break: normal; border: 1px solid black;\"><span style=\"color: #404040;\">Uso espec\u00edfico<\/span><\/th>\n<\/tr>\n<\/thead>\n<tbody>\n<tr>\n<td style=\"background-color: #fff; font-family: Arial, sans-serif; font-size: 14px; overflow: hidden; padding: 10px 5px; text-align: left; vertical-align: middle; word-break: normal; border: 1px solid black;\"><span style=\"color: #404040;\">Acolchado del coj\u00edn del asiento<\/span><\/td>\n<td style=\"background-color: #fff; font-family: Arial, sans-serif; font-size: 14px; overflow: hidden; padding: 10px 5px; text-align: left; vertical-align: middle; word-break: normal; border: 1px solid black;\"><span style=\"color: #404040;\">Tejido base para piel sint\u00e9tica\/microfibra de piel, que proporciona soporte y amortiguaci\u00f3n uniformes<\/span><\/td>\n<\/tr>\n<tr>\n<td style=\"background-color: #fff; font-family: Arial, sans-serif; font-size: 14px; overflow: hidden; padding: 10px 5px; text-align: left; vertical-align: middle; word-break: normal; border: 1px solid black;\"><span style=\"color: #404040;\">Sustrato del panel de la puerta<\/span><\/td>\n<td style=\"background-color: #fff; font-family: Arial, sans-serif; font-size: 14px; overflow: hidden; padding: 10px 5px; text-align: left; vertical-align: middle; word-break: normal; border: 1px solid black;\"><span style=\"color: #404040;\">Laminado con una capa superficial de PVC\/PU, que crea formas tridimensionales y una superficie resistente al desgaste<\/span><\/td>\n<\/tr>\n<tr>\n<td style=\"background-color: #fff; font-family: Arial, sans-serif; font-size: 14px; overflow: hidden; padding: 10px 5px; text-align: left; vertical-align: middle; word-break: normal; border: 1px solid black;\"><span style=\"color: #404040;\">Techo<\/span><\/td>\n<td style=\"background-color: #fff; font-family: Arial, sans-serif; font-size: 14px; overflow: hidden; padding: 10px 5px; text-align: left; vertical-align: middle; word-break: normal; border: 1px solid black;\"><span style=\"color: #404040;\">Capa insonorizante ligera que se adapta a la estructura curva del tejado<\/span><\/td>\n<\/tr>\n<tr>\n<td style=\"background-color: #fff; font-family: Arial, sans-serif; font-size: 14px; overflow: hidden; padding: 10px 5px; text-align: left; vertical-align: middle; word-break: normal; border: 1px solid black;\"><span style=\"color: #404040;\">Sustrato de la alfombrilla<\/span><\/td>\n<td style=\"background-color: #fff; font-family: Arial, sans-serif; font-size: 14px; overflow: hidden; padding: 10px 5px; text-align: left; vertical-align: middle; word-break: normal; border: 1px solid black;\"><span style=\"color: #404040;\">Capa punzonada de alta densidad, antideslizante, resistente al desgaste y f\u00e1cil de limpiar<\/span><\/td>\n<\/tr>\n<tr>\n<td style=\"background-color: #fff; font-family: Arial, sans-serif; font-size: 14px; overflow: hidden; padding: 10px 5px; text-align: left; vertical-align: middle; word-break: normal; border: 1px solid black;\"><span style=\"color: #404040;\">Envoltura del volante<\/span><\/td>\n<td style=\"background-color: #fff; font-family: Arial, sans-serif; font-size: 14px; overflow: hidden; padding: 10px 5px; text-align: left; vertical-align: middle; word-break: normal; border: 1px solid black;\"><span style=\"color: #404040;\">Mejora la comodidad de agarre gracias a la tecnolog\u00eda de envoltura sin costuras<\/span><\/td>\n<\/tr>\n<tr>\n<td style=\"background-color: #fff; font-family: Arial, sans-serif; font-size: 14px; overflow: hidden; padding: 10px 5px; text-align: left; vertical-align: middle; word-break: normal; border: 1px solid black;\"><span style=\"color: #404040;\">Protector de maletero<\/span><\/td>\n<td style=\"background-color: #fff; font-family: Arial, sans-serif; font-size: 14px; overflow: hidden; padding: 10px 5px; text-align: left; vertical-align: middle; word-break: normal; border: 1px solid black;\"><span style=\"color: #404040;\">Resistente a la presi\u00f3n y a los ara\u00f1azos, protege los maleteros<\/span><\/td>\n<\/tr>\n<\/tbody>\n<\/table>\n<h2><strong>Fotos de la aplicaci\u00f3n<\/strong><\/h2>\n<p><img loading=\"lazy\" decoding=\"async\" class=\"size-full wp-image-13569 aligncenter\" data-src=\"https:\/\/www.bsdnonwoven.com\/wp-content\/uploads\/2025\/04\/Automotive-Nonwoven-Fabric-Substrate-5.webp\" alt=\"Sustrato de tela no tejida para automoci\u00f3n\" width=\"1500\" height=\"500\" srcset=\"https:\/\/www.bsdnonwoven.com\/wp-content\/uploads\/2025\/04\/Automotive-Nonwoven-Fabric-Substrate-5.webp 1500w, https:\/\/www.bsdnonwoven.com\/wp-content\/uploads\/2025\/04\/Automotive-Nonwoven-Fabric-Substrate-5-1280x427.webp 1280w, https:\/\/www.bsdnonwoven.com\/wp-content\/uploads\/2025\/04\/Automotive-Nonwoven-Fabric-Substrate-5-980x327.webp 980w, https:\/\/www.bsdnonwoven.com\/wp-content\/uploads\/2025\/04\/Automotive-Nonwoven-Fabric-Substrate-5-480x160.webp 480w\" sizes=\"(min-width: 0px) and (max-width: 480px) 480px, (min-width: 481px) and (max-width: 980px) 980px, (min-width: 981px) and (max-width: 1280px) 1280px, (min-width: 1281px) 1500px, 100vw\" \/><\/p>","protected":false},"excerpt":{"rendered":"<p>Descripci\u00f3n del producto Automotive Nonwoven Fabric Substrate Automotive-Grade Needle-Punched Nonwoven Fabric\uff0cun sustrato de alto rendimiento para interiores de veh\u00edculos, dise\u00f1ado mediante punzonado de precisi\u00f3n para entrelazar las fibras en una estructura tridimensional enredada con estabilidad dimensional. Como base de la tapicer\u00eda de piel sint\u00e9tica, garantiza una moldeabilidad, resistencia al desgarro y capacidad de carga superiores. Muy utilizado en asientos, paneles de puertas y [...]<\/p>","protected":false},"featured_media":12340,"template":"","meta":{"_et_pb_use_builder":"","_et_pb_old_content":"","_et_gb_content_width":""},"product_cat":[302],"product_tag":[295],"yoast_head":"<!-- This site is optimized with the Yoast SEO plugin v22.7 - https:\/\/yoast.com\/wordpress\/plugins\/seo\/ -->\n<title>Automotive Nonwoven Fabric Substrate - Boshida Nonwoven<\/title>\n<meta name=\"description\" content=\"Automotive Nonwoven Fabric Substrate , we provide Geosynthetic Needle-Punched Non-woven Fabric, Household needle punched non-woven fabric, Automotive Non-woven Fabric with good price.\" \/>\n<meta name=\"robots\" content=\"index, follow, max-snippet:-1, max-image-preview:large, max-video-preview:-1\" \/>\n<link rel=\"canonical\" href=\"https:\/\/www.bsdnonwoven.com\/es\/producto\/automotive-nonwoven-fabric-substrate\/\" \/>\n<meta property=\"og:locale\" content=\"es_ES\" \/>\n<meta property=\"og:type\" content=\"article\" \/>\n<meta property=\"og:title\" content=\"Automotive Nonwoven Fabric Substrate - Boshida Nonwoven\" \/>\n<meta property=\"og:description\" content=\"Automotive Nonwoven Fabric Substrate , we provide Geosynthetic Needle-Punched Non-woven Fabric, Household needle punched non-woven fabric, Automotive Non-woven Fabric with good price.\" \/>\n<meta property=\"og:url\" content=\"https:\/\/www.bsdnonwoven.com\/es\/producto\/automotive-nonwoven-fabric-substrate\/\" \/>\n<meta property=\"og:site_name\" content=\"Boshida Nonwoven\" \/>\n<meta property=\"article:modified_time\" content=\"2025-06-25T09:38:02+00:00\" \/>\n<meta property=\"og:image\" content=\"https:\/\/www.bsdnonwoven.com\/wp-content\/uploads\/2025\/04\/Needle-punched-nonwoven-fabric-for-footwear-02.webp\" \/>\n\t<meta property=\"og:image:width\" content=\"800\" \/>\n\t<meta property=\"og:image:height\" content=\"800\" \/>\n\t<meta property=\"og:image:type\" content=\"image\/webp\" \/>\n<meta name=\"twitter:card\" content=\"summary_large_image\" \/>\n<meta name=\"twitter:label1\" content=\"Tiempo de lectura\" \/>\n\t<meta name=\"twitter:data1\" content=\"2 minutos\" \/>\n<script type=\"application\/ld+json\" class=\"yoast-schema-graph\">{\"@context\":\"https:\/\/schema.org\",\"@graph\":[{\"@type\":\"WebPage\",\"@id\":\"https:\/\/www.bsdnonwoven.com\/product\/automotive-nonwoven-fabric-substrate\/\",\"url\":\"https:\/\/www.bsdnonwoven.com\/product\/automotive-nonwoven-fabric-substrate\/\",\"name\":\"Automotive Nonwoven Fabric Substrate - Boshida Nonwoven\",\"isPartOf\":{\"@id\":\"https:\/\/www.bsdnonwoven.com\/#website\"},\"primaryImageOfPage\":{\"@id\":\"https:\/\/www.bsdnonwoven.com\/product\/automotive-nonwoven-fabric-substrate\/#primaryimage\"},\"image\":{\"@id\":\"https:\/\/www.bsdnonwoven.com\/product\/automotive-nonwoven-fabric-substrate\/#primaryimage\"},\"thumbnailUrl\":\"https:\/\/www.bsdnonwoven.com\/wp-content\/uploads\/2025\/04\/Needle-punched-nonwoven-fabric-for-footwear-02.webp\",\"datePublished\":\"2025-04-25T08:54:17+00:00\",\"dateModified\":\"2025-06-25T09:38:02+00:00\",\"description\":\"Automotive Nonwoven Fabric Substrate , we provide Geosynthetic Needle-Punched Non-woven Fabric, Household needle punched non-woven fabric, Automotive Non-woven Fabric with good price.\",\"breadcrumb\":{\"@id\":\"https:\/\/www.bsdnonwoven.com\/product\/automotive-nonwoven-fabric-substrate\/#breadcrumb\"},\"inLanguage\":\"es\",\"potentialAction\":[{\"@type\":\"ReadAction\",\"target\":[\"https:\/\/www.bsdnonwoven.com\/product\/automotive-nonwoven-fabric-substrate\/\"]}]},{\"@type\":\"ImageObject\",\"inLanguage\":\"es\",\"@id\":\"https:\/\/www.bsdnonwoven.com\/product\/automotive-nonwoven-fabric-substrate\/#primaryimage\",\"url\":\"https:\/\/www.bsdnonwoven.com\/wp-content\/uploads\/2025\/04\/Needle-punched-nonwoven-fabric-for-footwear-02.webp\",\"contentUrl\":\"https:\/\/www.bsdnonwoven.com\/wp-content\/uploads\/2025\/04\/Needle-punched-nonwoven-fabric-for-footwear-02.webp\",\"width\":800,\"height\":800,\"caption\":\"Needle-punched nonwoven fabric for footwear\"},{\"@type\":\"BreadcrumbList\",\"@id\":\"https:\/\/www.bsdnonwoven.com\/product\/automotive-nonwoven-fabric-substrate\/#breadcrumb\",\"itemListElement\":[{\"@type\":\"ListItem\",\"position\":1,\"name\":\"Home\",\"item\":\"https:\/\/www.bsdnonwoven.com\/\"},{\"@type\":\"ListItem\",\"position\":2,\"name\":\"Products\",\"item\":\"https:\/\/www.bsdnonwoven.com\/shop\/\"},{\"@type\":\"ListItem\",\"position\":3,\"name\":\"Automotive Nonwoven Fabric Substrate\"}]},{\"@type\":\"WebSite\",\"@id\":\"https:\/\/www.bsdnonwoven.com\/#website\",\"url\":\"https:\/\/www.bsdnonwoven.com\/\",\"name\":\"Boshida Nonwoven\",\"description\":\"\",\"potentialAction\":[{\"@type\":\"SearchAction\",\"target\":{\"@type\":\"EntryPoint\",\"urlTemplate\":\"https:\/\/www.bsdnonwoven.com\/?s={search_term_string}\"},\"query-input\":\"required name=search_term_string\"}],\"inLanguage\":\"es\"}]}<\/script>\n<!-- \/ Yoast SEO plugin. -->","yoast_head_json":{"title":"Automotive Nonwoven Fabric Substrate - Boshida Nonwoven","description":"Automotive Nonwoven Fabric Substrate , we provide Geosynthetic Needle-Punched Non-woven Fabric, Household needle punched non-woven fabric, Automotive Non-woven Fabric with good price.","robots":{"index":"index","follow":"follow","max-snippet":"max-snippet:-1","max-image-preview":"max-image-preview:large","max-video-preview":"max-video-preview:-1"},"canonical":"https:\/\/www.bsdnonwoven.com\/es\/producto\/automotive-nonwoven-fabric-substrate\/","og_locale":"es_ES","og_type":"article","og_title":"Automotive Nonwoven Fabric Substrate - Boshida Nonwoven","og_description":"Automotive Nonwoven Fabric Substrate , we provide Geosynthetic Needle-Punched Non-woven Fabric, Household needle punched non-woven fabric, Automotive Non-woven Fabric with good price.","og_url":"https:\/\/www.bsdnonwoven.com\/es\/producto\/automotive-nonwoven-fabric-substrate\/","og_site_name":"Boshida Nonwoven","article_modified_time":"2025-06-25T09:38:02+00:00","og_image":[{"width":800,"height":800,"url":"https:\/\/www.bsdnonwoven.com\/wp-content\/uploads\/2025\/04\/Needle-punched-nonwoven-fabric-for-footwear-02.webp","type":"image\/webp"}],"twitter_card":"summary_large_image","twitter_misc":{"Tiempo de lectura":"2 minutos"},"schema":{"@context":"https:\/\/schema.org","@graph":[{"@type":"WebPage","@id":"https:\/\/www.bsdnonwoven.com\/product\/automotive-nonwoven-fabric-substrate\/","url":"https:\/\/www.bsdnonwoven.com\/product\/automotive-nonwoven-fabric-substrate\/","name":"Automotive Nonwoven Fabric Substrate - Boshida Nonwoven","isPartOf":{"@id":"https:\/\/www.bsdnonwoven.com\/#website"},"primaryImageOfPage":{"@id":"https:\/\/www.bsdnonwoven.com\/product\/automotive-nonwoven-fabric-substrate\/#primaryimage"},"image":{"@id":"https:\/\/www.bsdnonwoven.com\/product\/automotive-nonwoven-fabric-substrate\/#primaryimage"},"thumbnailUrl":"https:\/\/www.bsdnonwoven.com\/wp-content\/uploads\/2025\/04\/Needle-punched-nonwoven-fabric-for-footwear-02.webp","datePublished":"2025-04-25T08:54:17+00:00","dateModified":"2025-06-25T09:38:02+00:00","description":"Automotive Nonwoven Fabric Substrate , we provide Geosynthetic Needle-Punched Non-woven Fabric, Household needle punched non-woven fabric, Automotive Non-woven Fabric with good price.","breadcrumb":{"@id":"https:\/\/www.bsdnonwoven.com\/product\/automotive-nonwoven-fabric-substrate\/#breadcrumb"},"inLanguage":"es","potentialAction":[{"@type":"ReadAction","target":["https:\/\/www.bsdnonwoven.com\/product\/automotive-nonwoven-fabric-substrate\/"]}]},{"@type":"ImageObject","inLanguage":"es","@id":"https:\/\/www.bsdnonwoven.com\/product\/automotive-nonwoven-fabric-substrate\/#primaryimage","url":"https:\/\/www.bsdnonwoven.com\/wp-content\/uploads\/2025\/04\/Needle-punched-nonwoven-fabric-for-footwear-02.webp","contentUrl":"https:\/\/www.bsdnonwoven.com\/wp-content\/uploads\/2025\/04\/Needle-punched-nonwoven-fabric-for-footwear-02.webp","width":800,"height":800,"caption":"Needle-punched nonwoven fabric for footwear"},{"@type":"BreadcrumbList","@id":"https:\/\/www.bsdnonwoven.com\/product\/automotive-nonwoven-fabric-substrate\/#breadcrumb","itemListElement":[{"@type":"ListItem","position":1,"name":"Home","item":"https:\/\/www.bsdnonwoven.com\/"},{"@type":"ListItem","position":2,"name":"Products","item":"https:\/\/www.bsdnonwoven.com\/shop\/"},{"@type":"ListItem","position":3,"name":"Automotive Nonwoven Fabric Substrate"}]},{"@type":"WebSite","@id":"https:\/\/www.bsdnonwoven.com\/#website","url":"https:\/\/www.bsdnonwoven.com\/","name":"Boshida Nonwoven","description":"","potentialAction":[{"@type":"SearchAction","target":{"@type":"EntryPoint","urlTemplate":"https:\/\/www.bsdnonwoven.com\/?s={search_term_string}"},"query-input":"required name=search_term_string"}],"inLanguage":"es"}]}},"_links":{"self":[{"href":"https:\/\/www.bsdnonwoven.com\/es\/wp-json\/wp\/v2\/product\/12438"}],"collection":[{"href":"https:\/\/www.bsdnonwoven.com\/es\/wp-json\/wp\/v2\/product"}],"about":[{"href":"https:\/\/www.bsdnonwoven.com\/es\/wp-json\/wp\/v2\/types\/product"}],"wp:featuredmedia":[{"embeddable":true,"href":"https:\/\/www.bsdnonwoven.com\/es\/wp-json\/wp\/v2\/media\/12340"}],"wp:attachment":[{"href":"https:\/\/www.bsdnonwoven.com\/es\/wp-json\/wp\/v2\/media?parent=12438"}],"wp:term":[{"taxonomy":"product_cat","embeddable":true,"href":"https:\/\/www.bsdnonwoven.com\/es\/wp-json\/wp\/v2\/product_cat?post=12438"},{"taxonomy":"product_tag","embeddable":true,"href":"https:\/\/www.bsdnonwoven.com\/es\/wp-json\/wp\/v2\/product_tag?post=12438"}],"curies":[{"name":"wp","href":"https:\/\/api.w.org\/{rel}","templated":true}]}}