{"id":12567,"date":"2025-05-10T02:46:41","date_gmt":"2025-05-10T02:46:41","guid":{"rendered":"https:\/\/www.bsdnonwoven.com\/?post_type=product&#038;p=12567"},"modified":"2025-06-24T10:40:14","modified_gmt":"2025-06-24T10:40:14","slug":"needle-punched-nonwoven-dust-filter-fabric","status":"publish","type":"product","link":"https:\/\/www.bsdnonwoven.com\/es\/producto\/needle-punched-nonwoven-dust-filter-fabric\/","title":{"rendered":"Tela no tejida punzonada para filtros de polvo"},"content":{"rendered":"<h2>Especificaciones principales<\/h2>\n<table class=\"tg\" style=\"border-collapse: collapse; border-spacing: 0;\">\n<thead>\n<tr>\n<th style=\"font-family: Arial, sans-serif; font-size: 14px; font-weight: bold; overflow: hidden; padding: 10px 5px; text-align: center; vertical-align: middle; word-break: normal; border: 1px solid black;\">Especificaci\u00f3n<\/th>\n<th style=\"font-family: Arial, sans-serif; font-size: 14px; font-weight: bold; overflow: hidden; padding: 10px 5px; text-align: center; vertical-align: middle; word-break: normal; border: 1px solid black;\">Valor<\/th>\n<\/tr>\n<\/thead>\n<tbody>\n<tr>\n<td style=\"font-family: Arial, sans-serif; font-size: 14px; overflow: hidden; padding: 10px 5px; text-align: left; vertical-align: middle; word-break: normal; border: 1px solid black;\">Material<\/td>\n<td style=\"font-family: Arial, sans-serif; font-size: 14px; overflow: hidden; padding: 10px 5px; text-align: left; vertical-align: middle; word-break: normal; border: 1px solid black;\">Fibra de poli\u00e9ster<\/td>\n<\/tr>\n<tr>\n<td style=\"font-family: Arial, sans-serif; font-size: 14px; overflow: hidden; padding: 10px 5px; text-align: left; vertical-align: middle; word-break: normal; border: 1px solid black;\">Peso<\/td>\n<td style=\"font-family: Arial, sans-serif; font-size: 14px; overflow: hidden; padding: 10px 5px; text-align: left; vertical-align: middle; word-break: normal; border: 1px solid black;\">500 g\/m\u00b2.<\/td>\n<\/tr>\n<tr>\n<td style=\"font-family: Arial, sans-serif; font-size: 14px; overflow: hidden; padding: 10px 5px; text-align: left; vertical-align: middle; word-break: normal; border: 1px solid black;\">Espesor<\/td>\n<td style=\"font-family: Arial, sans-serif; font-size: 14px; overflow: hidden; padding: 10px 5px; text-align: left; vertical-align: middle; word-break: normal; border: 1px solid black;\">1,7 mm<\/td>\n<\/tr>\n<tr>\n<td style=\"font-family: Arial, sans-serif; font-size: 14px; overflow: hidden; padding: 10px 5px; text-align: left; vertical-align: middle; word-break: normal; border: 1px solid black;\">Anchura<\/td>\n<td style=\"font-family: Arial, sans-serif; font-size: 14px; overflow: hidden; padding: 10px 5px; text-align: left; vertical-align: middle; word-break: normal; border: 1px solid black;\">1.6 - 2.2 m<\/td>\n<\/tr>\n<tr>\n<td style=\"font-family: Arial, sans-serif; font-size: 14px; overflow: hidden; padding: 10px 5px; text-align: left; vertical-align: middle; word-break: normal; border: 1px solid black;\">Color<\/td>\n<td style=\"font-family: Arial, sans-serif; font-size: 14px; overflow: hidden; padding: 10px 5px; text-align: left; vertical-align: middle; word-break: normal; border: 1px solid black;\">Blanco, gris, etc.<\/td>\n<\/tr>\n<tr>\n<td style=\"font-family: Arial, sans-serif; font-size: 14px; overflow: hidden; padding: 10px 5px; text-align: left; vertical-align: middle; word-break: normal; border: 1px solid black;\">Formulario<\/td>\n<td style=\"font-family: Arial, sans-serif; font-size: 14px; overflow: hidden; padding: 10px 5px; text-align: left; vertical-align: middle; word-break: normal; border: 1px solid black;\">Rollos u hojas<\/td>\n<\/tr>\n<tr>\n<td style=\"font-family: Arial, sans-serif; font-size: 14px; overflow: hidden; padding: 10px 5px; text-align: left; vertical-align: middle; word-break: normal; border: 1px solid black;\">Tipo<\/td>\n<td style=\"font-family: Arial, sans-serif; font-size: 14px; overflow: hidden; padding: 10px 5px; text-align: left; vertical-align: middle; word-break: normal; border: 1px solid black;\">No tejido punzonado, ign\u00edfugo disponible<\/td>\n<\/tr>\n<\/tbody>\n<\/table>\n<h2>Descripci\u00f3n del producto<\/h2>\n<p>La tela no tejida punzonada para filtros de polvo es un material de filtraci\u00f3n industrial dise\u00f1ado para capturar part\u00edculas de polvo suspendidas en el aire. Se utiliza ampliamente en filtros de mangas, control de polvo industrial, calderas, metalurgia, cemento e industrias qu\u00edmicas. Con un excelente rendimiento de filtraci\u00f3n, resistencia al calor y solidez, ayuda a prolongar la vida \u00fatil de los equipos de captaci\u00f3n de polvo.<\/p>\n<h2>Caracter\u00edsticas del producto<\/h2>\n<p>Excelente eficacia de captaci\u00f3n de polvo<\/p>\n<p>Resistente a altas temperaturas, corrosi\u00f3n y abrasi\u00f3n<\/p>\n<p>Personalizaci\u00f3n funcional disponible para diversas condiciones de trabajo<\/p>\n<p>Alta resistencia mec\u00e1nica y larga vida \u00fatil<\/p>\n<p>Material ecol\u00f3gico y f\u00e1cil instalaci\u00f3n<\/p>\n<h2>Funci\u00f3n del producto<\/h2>\n<p>Filtra y capta el polvo y los humos del aire<\/p>\n<p>Se utiliza en sistemas de captaci\u00f3n de polvo industrial para mejorar la calidad de las emisiones<\/p>\n<p>Reduce la contaminaci\u00f3n ambiental y garantiza el buen funcionamiento de los equipos<\/p>\n<h2>Aplicaciones de los productos<\/h2>\n<p>Sistemas de captaci\u00f3n de polvo en cementeras<\/p>\n<p>Control de humos en la industria metal\u00fargica<\/p>\n<p>Eliminaci\u00f3n de polvo en el tratamiento de polvos qu\u00edmicos<\/p>\n<p>Bolsas filtrantes en calderas y centrales el\u00e9ctricas de carb\u00f3n<\/p>\n<p>Extracci\u00f3n de polvo en talleres de carpinter\u00eda y muebles<\/p>\n<p>Consulte nuestro<a href=\"https:\/\/www.bsdnonwoven.com\/category\/filter-needle-punch-nonwoven\/\"><strong> Filtro punzonado no tejido<\/strong><\/a> \u00a1\u00a1Cat\u00e1logo para m\u00e1s informaci\u00f3n!!<\/p>\n<p><img loading=\"lazy\" decoding=\"async\" class=\"size-full wp-image-13588 aligncenter\" data-src=\"https:\/\/www.bsdnonwoven.com\/wp-content\/uploads\/2025\/05\/Needle-Punched-Nonwoven-Dust-Filter-Fabric1-2.webp\" alt=\"Filtro de polvo no tejido punzonado1\" width=\"1500\" height=\"500\" srcset=\"https:\/\/www.bsdnonwoven.com\/wp-content\/uploads\/2025\/05\/Needle-Punched-Nonwoven-Dust-Filter-Fabric1-2.webp 1500w, https:\/\/www.bsdnonwoven.com\/wp-content\/uploads\/2025\/05\/Needle-Punched-Nonwoven-Dust-Filter-Fabric1-2-1280x427.webp 1280w, https:\/\/www.bsdnonwoven.com\/wp-content\/uploads\/2025\/05\/Needle-Punched-Nonwoven-Dust-Filter-Fabric1-2-980x327.webp 980w, https:\/\/www.bsdnonwoven.com\/wp-content\/uploads\/2025\/05\/Needle-Punched-Nonwoven-Dust-Filter-Fabric1-2-480x160.webp 480w\" sizes=\"(min-width: 0px) and (max-width: 480px) 480px, (min-width: 481px) and (max-width: 980px) 980px, (min-width: 981px) and (max-width: 1280px) 1280px, (min-width: 1281px) 1500px, 100vw\" \/><\/p>","protected":false},"excerpt":{"rendered":"<p>La tela no tejida punzonada para filtros de polvo es un material de filtraci\u00f3n industrial dise\u00f1ado para capturar part\u00edculas de polvo suspendidas en el aire. Se utiliza ampliamente en filtros de mangas, control de polvo industrial, calderas, metalurgia, cemento e industrias qu\u00edmicas. Con un excelente rendimiento de filtraci\u00f3n, resistencia al calor y solidez, ayuda a prolongar la vida \u00fatil de los equipos de captaci\u00f3n de polvo.<\/p>","protected":false},"featured_media":13189,"template":"","meta":{"_et_pb_use_builder":"","_et_pb_old_content":"","_et_gb_content_width":""},"product_cat":[296],"product_tag":[],"yoast_head":"<!-- This site is optimized with the Yoast SEO plugin v22.7 - https:\/\/yoast.com\/wordpress\/plugins\/seo\/ -->\n<title>Needle Punched Nonwoven Dust Filter Fabric - Boshida Nonwoven<\/title>\n<meta name=\"description\" content=\"Needle Punched Nonwoven Dust Filter Fabric , we provide Geosynthetic Needle-Punched Non-woven Fabric, Household needle punched non-woven fabric, Automotive Non-woven Fabric with good price.\" \/>\n<meta name=\"robots\" content=\"index, follow, max-snippet:-1, max-image-preview:large, max-video-preview:-1\" \/>\n<link rel=\"canonical\" href=\"https:\/\/www.bsdnonwoven.com\/es\/producto\/needle-punched-nonwoven-dust-filter-fabric\/\" \/>\n<meta property=\"og:locale\" content=\"es_ES\" \/>\n<meta property=\"og:type\" content=\"article\" \/>\n<meta property=\"og:title\" content=\"Needle Punched Nonwoven Dust Filter Fabric - Boshida Nonwoven\" \/>\n<meta property=\"og:description\" content=\"Needle Punched Nonwoven Dust Filter Fabric , we provide Geosynthetic Needle-Punched Non-woven Fabric, Household needle punched non-woven fabric, Automotive Non-woven Fabric with good price.\" \/>\n<meta property=\"og:url\" content=\"https:\/\/www.bsdnonwoven.com\/es\/producto\/needle-punched-nonwoven-dust-filter-fabric\/\" \/>\n<meta property=\"og:site_name\" content=\"Boshida Nonwoven\" \/>\n<meta property=\"article:modified_time\" content=\"2025-06-24T10:40:14+00:00\" \/>\n<meta property=\"og:image\" content=\"https:\/\/www.bsdnonwoven.com\/wp-content\/uploads\/2025\/05\/Needle-Punched-Nonwoven-Dust-Filter-Fabric-1.webp\" \/>\n\t<meta property=\"og:image:width\" content=\"800\" \/>\n\t<meta property=\"og:image:height\" content=\"800\" \/>\n\t<meta property=\"og:image:type\" content=\"image\/webp\" \/>\n<meta name=\"twitter:card\" content=\"summary_large_image\" \/>\n<meta name=\"twitter:label1\" content=\"Tiempo de lectura\" \/>\n\t<meta name=\"twitter:data1\" content=\"2 minutos\" \/>\n<script type=\"application\/ld+json\" class=\"yoast-schema-graph\">{\"@context\":\"https:\/\/schema.org\",\"@graph\":[{\"@type\":\"WebPage\",\"@id\":\"https:\/\/www.bsdnonwoven.com\/product\/needle-punched-nonwoven-dust-filter-fabric\/\",\"url\":\"https:\/\/www.bsdnonwoven.com\/product\/needle-punched-nonwoven-dust-filter-fabric\/\",\"name\":\"Needle Punched Nonwoven Dust Filter Fabric - Boshida Nonwoven\",\"isPartOf\":{\"@id\":\"https:\/\/www.bsdnonwoven.com\/#website\"},\"primaryImageOfPage\":{\"@id\":\"https:\/\/www.bsdnonwoven.com\/product\/needle-punched-nonwoven-dust-filter-fabric\/#primaryimage\"},\"image\":{\"@id\":\"https:\/\/www.bsdnonwoven.com\/product\/needle-punched-nonwoven-dust-filter-fabric\/#primaryimage\"},\"thumbnailUrl\":\"https:\/\/www.bsdnonwoven.com\/wp-content\/uploads\/2025\/05\/Needle-Punched-Nonwoven-Dust-Filter-Fabric-1.webp\",\"datePublished\":\"2025-05-10T02:46:41+00:00\",\"dateModified\":\"2025-06-24T10:40:14+00:00\",\"description\":\"Needle Punched Nonwoven Dust Filter Fabric , we provide Geosynthetic Needle-Punched Non-woven Fabric, Household needle punched non-woven fabric, Automotive Non-woven Fabric with good price.\",\"breadcrumb\":{\"@id\":\"https:\/\/www.bsdnonwoven.com\/product\/needle-punched-nonwoven-dust-filter-fabric\/#breadcrumb\"},\"inLanguage\":\"es\",\"potentialAction\":[{\"@type\":\"ReadAction\",\"target\":[\"https:\/\/www.bsdnonwoven.com\/product\/needle-punched-nonwoven-dust-filter-fabric\/\"]}]},{\"@type\":\"ImageObject\",\"inLanguage\":\"es\",\"@id\":\"https:\/\/www.bsdnonwoven.com\/product\/needle-punched-nonwoven-dust-filter-fabric\/#primaryimage\",\"url\":\"https:\/\/www.bsdnonwoven.com\/wp-content\/uploads\/2025\/05\/Needle-Punched-Nonwoven-Dust-Filter-Fabric-1.webp\",\"contentUrl\":\"https:\/\/www.bsdnonwoven.com\/wp-content\/uploads\/2025\/05\/Needle-Punched-Nonwoven-Dust-Filter-Fabric-1.webp\",\"width\":800,\"height\":800,\"caption\":\"Needle Punched Nonwoven Dust Filter Fabric\"},{\"@type\":\"BreadcrumbList\",\"@id\":\"https:\/\/www.bsdnonwoven.com\/product\/needle-punched-nonwoven-dust-filter-fabric\/#breadcrumb\",\"itemListElement\":[{\"@type\":\"ListItem\",\"position\":1,\"name\":\"Home\",\"item\":\"https:\/\/www.bsdnonwoven.com\/\"},{\"@type\":\"ListItem\",\"position\":2,\"name\":\"Products\",\"item\":\"https:\/\/www.bsdnonwoven.com\/shop\/\"},{\"@type\":\"ListItem\",\"position\":3,\"name\":\"Needle Punched Nonwoven Dust Filter Fabric\"}]},{\"@type\":\"WebSite\",\"@id\":\"https:\/\/www.bsdnonwoven.com\/#website\",\"url\":\"https:\/\/www.bsdnonwoven.com\/\",\"name\":\"Boshida Nonwoven\",\"description\":\"\",\"potentialAction\":[{\"@type\":\"SearchAction\",\"target\":{\"@type\":\"EntryPoint\",\"urlTemplate\":\"https:\/\/www.bsdnonwoven.com\/?s={search_term_string}\"},\"query-input\":\"required name=search_term_string\"}],\"inLanguage\":\"es\"}]}<\/script>\n<!-- \/ Yoast SEO plugin. -->","yoast_head_json":{"title":"Needle Punched Nonwoven Dust Filter Fabric - Boshida Nonwoven","description":"Needle Punched Nonwoven Dust Filter Fabric , we provide Geosynthetic Needle-Punched Non-woven Fabric, Household needle punched non-woven fabric, Automotive Non-woven Fabric with good price.","robots":{"index":"index","follow":"follow","max-snippet":"max-snippet:-1","max-image-preview":"max-image-preview:large","max-video-preview":"max-video-preview:-1"},"canonical":"https:\/\/www.bsdnonwoven.com\/es\/producto\/needle-punched-nonwoven-dust-filter-fabric\/","og_locale":"es_ES","og_type":"article","og_title":"Needle Punched Nonwoven Dust Filter Fabric - Boshida Nonwoven","og_description":"Needle Punched Nonwoven Dust Filter Fabric , we provide Geosynthetic Needle-Punched Non-woven Fabric, Household needle punched non-woven fabric, Automotive Non-woven Fabric with good price.","og_url":"https:\/\/www.bsdnonwoven.com\/es\/producto\/needle-punched-nonwoven-dust-filter-fabric\/","og_site_name":"Boshida Nonwoven","article_modified_time":"2025-06-24T10:40:14+00:00","og_image":[{"width":800,"height":800,"url":"https:\/\/www.bsdnonwoven.com\/wp-content\/uploads\/2025\/05\/Needle-Punched-Nonwoven-Dust-Filter-Fabric-1.webp","type":"image\/webp"}],"twitter_card":"summary_large_image","twitter_misc":{"Tiempo de lectura":"2 minutos"},"schema":{"@context":"https:\/\/schema.org","@graph":[{"@type":"WebPage","@id":"https:\/\/www.bsdnonwoven.com\/product\/needle-punched-nonwoven-dust-filter-fabric\/","url":"https:\/\/www.bsdnonwoven.com\/product\/needle-punched-nonwoven-dust-filter-fabric\/","name":"Needle Punched Nonwoven Dust Filter Fabric - Boshida Nonwoven","isPartOf":{"@id":"https:\/\/www.bsdnonwoven.com\/#website"},"primaryImageOfPage":{"@id":"https:\/\/www.bsdnonwoven.com\/product\/needle-punched-nonwoven-dust-filter-fabric\/#primaryimage"},"image":{"@id":"https:\/\/www.bsdnonwoven.com\/product\/needle-punched-nonwoven-dust-filter-fabric\/#primaryimage"},"thumbnailUrl":"https:\/\/www.bsdnonwoven.com\/wp-content\/uploads\/2025\/05\/Needle-Punched-Nonwoven-Dust-Filter-Fabric-1.webp","datePublished":"2025-05-10T02:46:41+00:00","dateModified":"2025-06-24T10:40:14+00:00","description":"Needle Punched Nonwoven Dust Filter Fabric , we provide Geosynthetic Needle-Punched Non-woven Fabric, Household needle punched non-woven fabric, Automotive Non-woven Fabric with good price.","breadcrumb":{"@id":"https:\/\/www.bsdnonwoven.com\/product\/needle-punched-nonwoven-dust-filter-fabric\/#breadcrumb"},"inLanguage":"es","potentialAction":[{"@type":"ReadAction","target":["https:\/\/www.bsdnonwoven.com\/product\/needle-punched-nonwoven-dust-filter-fabric\/"]}]},{"@type":"ImageObject","inLanguage":"es","@id":"https:\/\/www.bsdnonwoven.com\/product\/needle-punched-nonwoven-dust-filter-fabric\/#primaryimage","url":"https:\/\/www.bsdnonwoven.com\/wp-content\/uploads\/2025\/05\/Needle-Punched-Nonwoven-Dust-Filter-Fabric-1.webp","contentUrl":"https:\/\/www.bsdnonwoven.com\/wp-content\/uploads\/2025\/05\/Needle-Punched-Nonwoven-Dust-Filter-Fabric-1.webp","width":800,"height":800,"caption":"Needle Punched Nonwoven Dust Filter Fabric"},{"@type":"BreadcrumbList","@id":"https:\/\/www.bsdnonwoven.com\/product\/needle-punched-nonwoven-dust-filter-fabric\/#breadcrumb","itemListElement":[{"@type":"ListItem","position":1,"name":"Home","item":"https:\/\/www.bsdnonwoven.com\/"},{"@type":"ListItem","position":2,"name":"Products","item":"https:\/\/www.bsdnonwoven.com\/shop\/"},{"@type":"ListItem","position":3,"name":"Needle Punched Nonwoven Dust Filter Fabric"}]},{"@type":"WebSite","@id":"https:\/\/www.bsdnonwoven.com\/#website","url":"https:\/\/www.bsdnonwoven.com\/","name":"Boshida Nonwoven","description":"","potentialAction":[{"@type":"SearchAction","target":{"@type":"EntryPoint","urlTemplate":"https:\/\/www.bsdnonwoven.com\/?s={search_term_string}"},"query-input":"required name=search_term_string"}],"inLanguage":"es"}]}},"_links":{"self":[{"href":"https:\/\/www.bsdnonwoven.com\/es\/wp-json\/wp\/v2\/product\/12567"}],"collection":[{"href":"https:\/\/www.bsdnonwoven.com\/es\/wp-json\/wp\/v2\/product"}],"about":[{"href":"https:\/\/www.bsdnonwoven.com\/es\/wp-json\/wp\/v2\/types\/product"}],"wp:featuredmedia":[{"embeddable":true,"href":"https:\/\/www.bsdnonwoven.com\/es\/wp-json\/wp\/v2\/media\/13189"}],"wp:attachment":[{"href":"https:\/\/www.bsdnonwoven.com\/es\/wp-json\/wp\/v2\/media?parent=12567"}],"wp:term":[{"taxonomy":"product_cat","embeddable":true,"href":"https:\/\/www.bsdnonwoven.com\/es\/wp-json\/wp\/v2\/product_cat?post=12567"},{"taxonomy":"product_tag","embeddable":true,"href":"https:\/\/www.bsdnonwoven.com\/es\/wp-json\/wp\/v2\/product_tag?post=12567"}],"curies":[{"name":"wp","href":"https:\/\/api.w.org\/{rel}","templated":true}]}}