{"id":12593,"date":"2025-05-10T03:20:12","date_gmt":"2025-05-10T03:20:12","guid":{"rendered":"https:\/\/www.bsdnonwoven.com\/?post_type=product&#038;p=12593"},"modified":"2025-06-25T09:37:00","modified_gmt":"2025-06-25T09:37:00","slug":"needle-punched-nonwoven-fabric-for-filtration","status":"publish","type":"product","link":"https:\/\/www.bsdnonwoven.com\/es\/producto\/needle-punched-nonwoven-fabric-for-filtration\/","title":{"rendered":"Tela no tejida punzonada para filtraci\u00f3n"},"content":{"rendered":"<h2>Descripci\u00f3n del producto<\/h2>\n<p>Material filtrante no tejido punzonado profesional. La estructura de fibras entrelazadas en 3D captura eficazmente las part\u00edculas contaminantes en el aire\/agua, con baja resistencia y alta capacidad de retenci\u00f3n de polvo. Admite la personalizaci\u00f3n de la densidad de gradiente para amplias aplicaciones en sistemas de filtraci\u00f3n industriales y civiles.<\/p>\n<h2>Par\u00e1metro principal<\/h2>\n<table class=\"tg\" style=\"border-collapse: collapse; border-spacing: 0;\">\n<thead>\n<tr>\n<th style=\"background-color: #fff; color: #404040; font-family: Arial, sans-serif; font-size: 14px; font-weight: bold; overflow: hidden; padding: 10px 5px; text-align: left; vertical-align: middle; word-break: normal; border: 1px solid black;\">Art\u00edculo<\/th>\n<th style=\"background-color: #fff; color: #404040; font-family: Arial, sans-serif; font-size: 14px; font-weight: bold; overflow: hidden; padding: 10px 5px; text-align: left; vertical-align: middle; word-break: normal; border: 1px solid black;\">Par\u00e1metros<\/th>\n<\/tr>\n<\/thead>\n<tbody>\n<tr>\n<td style=\"background-color: #fff; color: #404040; font-family: Arial, sans-serif; font-size: 14px; font-weight: bold; overflow: hidden; padding: 10px 5px; text-align: left; vertical-align: middle; word-break: normal; border: 1px solid black;\">Material<\/td>\n<td style=\"background-color: #fff; color: #404040; font-family: Arial, sans-serif; font-size: 14px; overflow: hidden; padding: 10px 5px; text-align: left; vertical-align: middle; word-break: normal; border: 1px solid black;\">100% Fibra de poli\u00e9ster (PET)\/Polipropileno (PP)<\/td>\n<\/tr>\n<tr>\n<td style=\"background-color: #fff; color: #404040; font-family: Arial, sans-serif; font-size: 14px; font-weight: bold; overflow: hidden; padding: 10px 5px; text-align: left; vertical-align: middle; word-break: normal; border: 1px solid black;\">Gramaje<\/td>\n<td style=\"background-color: #fff; color: #404040; font-family: Arial, sans-serif; font-size: 14px; overflow: hidden; padding: 10px 5px; text-align: left; vertical-align: middle; word-break: normal; border: 1px solid black;\">80-800 g\/m\u00b2 (personalizable)<\/td>\n<\/tr>\n<tr>\n<td style=\"background-color: #fff; color: #404040; font-family: Arial, sans-serif; font-size: 14px; font-weight: bold; overflow: hidden; padding: 10px 5px; text-align: left; vertical-align: middle; word-break: normal; border: 1px solid black;\">Espesor<\/td>\n<td style=\"background-color: #fff; color: #404040; font-family: Arial, sans-serif; font-size: 14px; overflow: hidden; padding: 10px 5px; text-align: left; vertical-align: middle; word-break: normal; border: 1px solid black;\">0,5-15 mm<\/td>\n<\/tr>\n<tr>\n<td style=\"background-color: #fff; color: #404040; font-family: Arial, sans-serif; font-size: 14px; font-weight: bold; overflow: hidden; padding: 10px 5px; text-align: left; vertical-align: middle; word-break: normal; border: 1px solid black;\">Anchura<\/td>\n<td style=\"background-color: #fff; color: #404040; font-family: Arial, sans-serif; font-size: 14px; overflow: hidden; padding: 10px 5px; text-align: left; vertical-align: middle; word-break: normal; border: 1px solid black;\">M\u00e1ximo 3,2 metros (hendible)<\/td>\n<\/tr>\n<tr>\n<td style=\"background-color: #fff; color: #404040; font-family: Arial, sans-serif; font-size: 14px; font-weight: bold; overflow: hidden; padding: 10px 5px; text-align: left; vertical-align: middle; word-break: normal; border: 1px solid black;\">Resistencia a la temperatura<\/td>\n<td style=\"background-color: #fff; color: #404040; font-family: Arial, sans-serif; font-size: 14px; overflow: hidden; padding: 10px 5px; text-align: left; vertical-align: middle; word-break: normal; border: 1px solid black;\">MASCOTA: \u2264150\u2103; PP: \u226490\u2103<\/td>\n<\/tr>\n<\/tbody>\n<\/table>\n<h2>Caracter\u00edsticas del producto<\/h2>\n<p>\u2705 La filtraci\u00f3n progresiva multicapa captura part\u00edculas de 0,1-100\u03bcm.<br \/>\n\u2705 Resistente al desgarro y a la corrosi\u00f3n, apto para condiciones de trabajo de alta intensidad.<br \/>\n\u2705 Lavable y reutilizable, respetuoso con el medio ambiente y que ahorra energ\u00eda.<br \/>\n\u2705 Admite capas funcionales compuestas (por ejemplo, carb\u00f3n activado\/fibra de vidrio).<\/p>\n<h2>Funciones del producto<\/h2>\n<p><strong>Aplicaciones de filtraci\u00f3n de aire<\/strong><\/p>\n<p>Intercepta contaminantes como PM2,5, polen y bacterias; purifica los gases de escape industriales.<\/p>\n<p>Protege ventiladores, equipos de turbinas, etc., de la abrasi\u00f3n por part\u00edculas<\/p>\n<p><strong>Aplicaciones de filtraci\u00f3n de agua<\/strong><\/p>\n<p>Elimina s\u00f3lidos en suspensi\u00f3n como sedimentos, \u00f3xido y algas en el agua<\/p>\n<p>Evita que las impurezas obstruyan las membranas de los filtros de precisi\u00f3n; prolonga la vida \u00fatil de los sistemas de \u00f3smosis inversa.<\/p>\n<h2>Aplicaciones de los productos<\/h2>\n<p><strong>Filtraci\u00f3n del aire<\/strong><br \/>\nSistemas de eliminaci\u00f3n de polvo en talleres industriales<br \/>\nFiltraci\u00f3n del aire acondicionado central HVAC<br \/>\nFiltraci\u00f3n de admisi\u00f3n de motores de automoci\u00f3n<\/p>\n<p><strong>Filtraci\u00f3n del agua<\/strong><br \/>\nCapa de prefiltraci\u00f3n para filtros de lavado a contracorriente<br \/>\nCartuchos de prefiltro para purificadores de agua por \u00f3smosis inversa<br \/>\nTratamiento del agua de riego agr\u00edcola<\/p>\n<p>Consulte nuestro<a href=\"https:\/\/www.bsdnonwoven.com\/category\/filter-needle-punch-nonwoven\/\"><strong> Filtro punzonado no tejido<\/strong><\/a> \u00a1\u00a1Cat\u00e1logo para m\u00e1s informaci\u00f3n!!<\/p>\n<p><img loading=\"lazy\" decoding=\"async\" class=\"size-full wp-image-13599 aligncenter\" data-src=\"https:\/\/www.bsdnonwoven.com\/wp-content\/uploads\/2025\/05\/Needle-punched-Nonwoven-Fabric-for-Filtration1-2.webp\" alt=\"Tela no tejida punzonada para filtraci\u00f3n1\" width=\"1500\" height=\"500\" srcset=\"https:\/\/www.bsdnonwoven.com\/wp-content\/uploads\/2025\/05\/Needle-punched-Nonwoven-Fabric-for-Filtration1-2.webp 1500w, https:\/\/www.bsdnonwoven.com\/wp-content\/uploads\/2025\/05\/Needle-punched-Nonwoven-Fabric-for-Filtration1-2-1280x427.webp 1280w, https:\/\/www.bsdnonwoven.com\/wp-content\/uploads\/2025\/05\/Needle-punched-Nonwoven-Fabric-for-Filtration1-2-980x327.webp 980w, https:\/\/www.bsdnonwoven.com\/wp-content\/uploads\/2025\/05\/Needle-punched-Nonwoven-Fabric-for-Filtration1-2-480x160.webp 480w\" sizes=\"(min-width: 0px) and (max-width: 480px) 480px, (min-width: 481px) and (max-width: 980px) 980px, (min-width: 981px) and (max-width: 1280px) 1280px, (min-width: 1281px) 1500px, 100vw\" \/><\/p>","protected":false},"excerpt":{"rendered":"<p>Material filtrante no tejido punzonado profesional. La estructura de fibras entrelazadas en 3D captura eficazmente las part\u00edculas contaminantes en el aire\/agua, con baja resistencia y alta capacidad de retenci\u00f3n de polvo. Admite la personalizaci\u00f3n de la densidad de gradiente para amplias aplicaciones en sistemas de filtraci\u00f3n industriales y civiles.<\/p>","protected":false},"featured_media":13208,"template":"","meta":{"_et_pb_use_builder":"","_et_pb_old_content":"","_et_gb_content_width":""},"product_cat":[296],"product_tag":[],"yoast_head":"<!-- This site is optimized with the Yoast SEO plugin v22.7 - https:\/\/yoast.com\/wordpress\/plugins\/seo\/ -->\n<title>Needle-punched Nonwoven Fabric for Filtration - Boshida Nonwoven<\/title>\n<meta name=\"description\" content=\"Needle-punched Nonwoven Fabric for Filtration , we provide Geosynthetic Needle-Punched Non-woven Fabric, Household needle punched non-woven fabric, Automotive Non-woven Fabric with good price.\" \/>\n<meta name=\"robots\" content=\"index, follow, max-snippet:-1, max-image-preview:large, max-video-preview:-1\" \/>\n<link rel=\"canonical\" href=\"https:\/\/www.bsdnonwoven.com\/es\/producto\/needle-punched-nonwoven-fabric-for-filtration\/\" \/>\n<meta property=\"og:locale\" content=\"es_ES\" \/>\n<meta property=\"og:type\" content=\"article\" \/>\n<meta property=\"og:title\" content=\"Needle-punched Nonwoven Fabric for Filtration - Boshida Nonwoven\" \/>\n<meta property=\"og:description\" content=\"Needle-punched Nonwoven Fabric for Filtration , we provide Geosynthetic Needle-Punched Non-woven Fabric, Household needle punched non-woven fabric, Automotive Non-woven Fabric with good price.\" \/>\n<meta property=\"og:url\" content=\"https:\/\/www.bsdnonwoven.com\/es\/producto\/needle-punched-nonwoven-fabric-for-filtration\/\" \/>\n<meta property=\"og:site_name\" content=\"Boshida Nonwoven\" \/>\n<meta property=\"article:modified_time\" content=\"2025-06-25T09:37:00+00:00\" \/>\n<meta property=\"og:image\" content=\"https:\/\/www.bsdnonwoven.com\/wp-content\/uploads\/2025\/05\/Needle-punched-Nonwoven-Fabric-for-Filtration-1.webp\" \/>\n\t<meta property=\"og:image:width\" content=\"800\" \/>\n\t<meta property=\"og:image:height\" content=\"800\" \/>\n\t<meta property=\"og:image:type\" content=\"image\/webp\" \/>\n<meta name=\"twitter:card\" content=\"summary_large_image\" \/>\n<meta name=\"twitter:label1\" content=\"Tiempo de lectura\" \/>\n\t<meta name=\"twitter:data1\" content=\"2 minutos\" \/>\n<script type=\"application\/ld+json\" class=\"yoast-schema-graph\">{\"@context\":\"https:\/\/schema.org\",\"@graph\":[{\"@type\":\"WebPage\",\"@id\":\"https:\/\/www.bsdnonwoven.com\/product\/needle-punched-nonwoven-fabric-for-filtration\/\",\"url\":\"https:\/\/www.bsdnonwoven.com\/product\/needle-punched-nonwoven-fabric-for-filtration\/\",\"name\":\"Needle-punched Nonwoven Fabric for Filtration - Boshida Nonwoven\",\"isPartOf\":{\"@id\":\"https:\/\/www.bsdnonwoven.com\/#website\"},\"primaryImageOfPage\":{\"@id\":\"https:\/\/www.bsdnonwoven.com\/product\/needle-punched-nonwoven-fabric-for-filtration\/#primaryimage\"},\"image\":{\"@id\":\"https:\/\/www.bsdnonwoven.com\/product\/needle-punched-nonwoven-fabric-for-filtration\/#primaryimage\"},\"thumbnailUrl\":\"https:\/\/www.bsdnonwoven.com\/wp-content\/uploads\/2025\/05\/Needle-punched-Nonwoven-Fabric-for-Filtration-1.webp\",\"datePublished\":\"2025-05-10T03:20:12+00:00\",\"dateModified\":\"2025-06-25T09:37:00+00:00\",\"description\":\"Needle-punched Nonwoven Fabric for Filtration , we provide Geosynthetic Needle-Punched Non-woven Fabric, Household needle punched non-woven fabric, Automotive Non-woven Fabric with good price.\",\"breadcrumb\":{\"@id\":\"https:\/\/www.bsdnonwoven.com\/product\/needle-punched-nonwoven-fabric-for-filtration\/#breadcrumb\"},\"inLanguage\":\"es\",\"potentialAction\":[{\"@type\":\"ReadAction\",\"target\":[\"https:\/\/www.bsdnonwoven.com\/product\/needle-punched-nonwoven-fabric-for-filtration\/\"]}]},{\"@type\":\"ImageObject\",\"inLanguage\":\"es\",\"@id\":\"https:\/\/www.bsdnonwoven.com\/product\/needle-punched-nonwoven-fabric-for-filtration\/#primaryimage\",\"url\":\"https:\/\/www.bsdnonwoven.com\/wp-content\/uploads\/2025\/05\/Needle-punched-Nonwoven-Fabric-for-Filtration-1.webp\",\"contentUrl\":\"https:\/\/www.bsdnonwoven.com\/wp-content\/uploads\/2025\/05\/Needle-punched-Nonwoven-Fabric-for-Filtration-1.webp\",\"width\":800,\"height\":800,\"caption\":\"Needle-punched Nonwoven Fabric for Filtration\"},{\"@type\":\"BreadcrumbList\",\"@id\":\"https:\/\/www.bsdnonwoven.com\/product\/needle-punched-nonwoven-fabric-for-filtration\/#breadcrumb\",\"itemListElement\":[{\"@type\":\"ListItem\",\"position\":1,\"name\":\"Home\",\"item\":\"https:\/\/www.bsdnonwoven.com\/\"},{\"@type\":\"ListItem\",\"position\":2,\"name\":\"Products\",\"item\":\"https:\/\/www.bsdnonwoven.com\/shop\/\"},{\"@type\":\"ListItem\",\"position\":3,\"name\":\"Needle-punched Nonwoven Fabric for Filtration\"}]},{\"@type\":\"WebSite\",\"@id\":\"https:\/\/www.bsdnonwoven.com\/#website\",\"url\":\"https:\/\/www.bsdnonwoven.com\/\",\"name\":\"Boshida Nonwoven\",\"description\":\"\",\"potentialAction\":[{\"@type\":\"SearchAction\",\"target\":{\"@type\":\"EntryPoint\",\"urlTemplate\":\"https:\/\/www.bsdnonwoven.com\/?s={search_term_string}\"},\"query-input\":\"required name=search_term_string\"}],\"inLanguage\":\"es\"}]}<\/script>\n<!-- \/ Yoast SEO plugin. -->","yoast_head_json":{"title":"Needle-punched Nonwoven Fabric for Filtration - Boshida Nonwoven","description":"Needle-punched Nonwoven Fabric for Filtration , we provide Geosynthetic Needle-Punched Non-woven Fabric, Household needle punched non-woven fabric, Automotive Non-woven Fabric with good price.","robots":{"index":"index","follow":"follow","max-snippet":"max-snippet:-1","max-image-preview":"max-image-preview:large","max-video-preview":"max-video-preview:-1"},"canonical":"https:\/\/www.bsdnonwoven.com\/es\/producto\/needle-punched-nonwoven-fabric-for-filtration\/","og_locale":"es_ES","og_type":"article","og_title":"Needle-punched Nonwoven Fabric for Filtration - Boshida Nonwoven","og_description":"Needle-punched Nonwoven Fabric for Filtration , we provide Geosynthetic Needle-Punched Non-woven Fabric, Household needle punched non-woven fabric, Automotive Non-woven Fabric with good price.","og_url":"https:\/\/www.bsdnonwoven.com\/es\/producto\/needle-punched-nonwoven-fabric-for-filtration\/","og_site_name":"Boshida Nonwoven","article_modified_time":"2025-06-25T09:37:00+00:00","og_image":[{"width":800,"height":800,"url":"https:\/\/www.bsdnonwoven.com\/wp-content\/uploads\/2025\/05\/Needle-punched-Nonwoven-Fabric-for-Filtration-1.webp","type":"image\/webp"}],"twitter_card":"summary_large_image","twitter_misc":{"Tiempo de lectura":"2 minutos"},"schema":{"@context":"https:\/\/schema.org","@graph":[{"@type":"WebPage","@id":"https:\/\/www.bsdnonwoven.com\/product\/needle-punched-nonwoven-fabric-for-filtration\/","url":"https:\/\/www.bsdnonwoven.com\/product\/needle-punched-nonwoven-fabric-for-filtration\/","name":"Needle-punched Nonwoven Fabric for Filtration - Boshida Nonwoven","isPartOf":{"@id":"https:\/\/www.bsdnonwoven.com\/#website"},"primaryImageOfPage":{"@id":"https:\/\/www.bsdnonwoven.com\/product\/needle-punched-nonwoven-fabric-for-filtration\/#primaryimage"},"image":{"@id":"https:\/\/www.bsdnonwoven.com\/product\/needle-punched-nonwoven-fabric-for-filtration\/#primaryimage"},"thumbnailUrl":"https:\/\/www.bsdnonwoven.com\/wp-content\/uploads\/2025\/05\/Needle-punched-Nonwoven-Fabric-for-Filtration-1.webp","datePublished":"2025-05-10T03:20:12+00:00","dateModified":"2025-06-25T09:37:00+00:00","description":"Needle-punched Nonwoven Fabric for Filtration , we provide Geosynthetic Needle-Punched Non-woven Fabric, Household needle punched non-woven fabric, Automotive Non-woven Fabric with good price.","breadcrumb":{"@id":"https:\/\/www.bsdnonwoven.com\/product\/needle-punched-nonwoven-fabric-for-filtration\/#breadcrumb"},"inLanguage":"es","potentialAction":[{"@type":"ReadAction","target":["https:\/\/www.bsdnonwoven.com\/product\/needle-punched-nonwoven-fabric-for-filtration\/"]}]},{"@type":"ImageObject","inLanguage":"es","@id":"https:\/\/www.bsdnonwoven.com\/product\/needle-punched-nonwoven-fabric-for-filtration\/#primaryimage","url":"https:\/\/www.bsdnonwoven.com\/wp-content\/uploads\/2025\/05\/Needle-punched-Nonwoven-Fabric-for-Filtration-1.webp","contentUrl":"https:\/\/www.bsdnonwoven.com\/wp-content\/uploads\/2025\/05\/Needle-punched-Nonwoven-Fabric-for-Filtration-1.webp","width":800,"height":800,"caption":"Needle-punched Nonwoven Fabric for Filtration"},{"@type":"BreadcrumbList","@id":"https:\/\/www.bsdnonwoven.com\/product\/needle-punched-nonwoven-fabric-for-filtration\/#breadcrumb","itemListElement":[{"@type":"ListItem","position":1,"name":"Home","item":"https:\/\/www.bsdnonwoven.com\/"},{"@type":"ListItem","position":2,"name":"Products","item":"https:\/\/www.bsdnonwoven.com\/shop\/"},{"@type":"ListItem","position":3,"name":"Needle-punched Nonwoven Fabric for Filtration"}]},{"@type":"WebSite","@id":"https:\/\/www.bsdnonwoven.com\/#website","url":"https:\/\/www.bsdnonwoven.com\/","name":"Boshida Nonwoven","description":"","potentialAction":[{"@type":"SearchAction","target":{"@type":"EntryPoint","urlTemplate":"https:\/\/www.bsdnonwoven.com\/?s={search_term_string}"},"query-input":"required name=search_term_string"}],"inLanguage":"es"}]}},"_links":{"self":[{"href":"https:\/\/www.bsdnonwoven.com\/es\/wp-json\/wp\/v2\/product\/12593"}],"collection":[{"href":"https:\/\/www.bsdnonwoven.com\/es\/wp-json\/wp\/v2\/product"}],"about":[{"href":"https:\/\/www.bsdnonwoven.com\/es\/wp-json\/wp\/v2\/types\/product"}],"wp:featuredmedia":[{"embeddable":true,"href":"https:\/\/www.bsdnonwoven.com\/es\/wp-json\/wp\/v2\/media\/13208"}],"wp:attachment":[{"href":"https:\/\/www.bsdnonwoven.com\/es\/wp-json\/wp\/v2\/media?parent=12593"}],"wp:term":[{"taxonomy":"product_cat","embeddable":true,"href":"https:\/\/www.bsdnonwoven.com\/es\/wp-json\/wp\/v2\/product_cat?post=12593"},{"taxonomy":"product_tag","embeddable":true,"href":"https:\/\/www.bsdnonwoven.com\/es\/wp-json\/wp\/v2\/product_tag?post=12593"}],"curies":[{"name":"wp","href":"https:\/\/api.w.org\/{rel}","templated":true}]}}