{"id":12684,"date":"2025-05-10T05:43:05","date_gmt":"2025-05-10T05:43:05","guid":{"rendered":"https:\/\/www.bsdnonwoven.com\/?post_type=product&#038;p=12684"},"modified":"2025-06-25T09:33:21","modified_gmt":"2025-06-25T09:33:21","slug":"stiff-needle-punched-nonwoven-fabric","status":"publish","type":"product","link":"https:\/\/www.bsdnonwoven.com\/es\/producto\/stiff-needle-punched-nonwoven-fabric\/","title":{"rendered":"Tejido no tejido punzonado r\u00edgido"},"content":{"rendered":"<h2>Especificaciones principales<\/h2>\n<table class=\"tg\" style=\"border-collapse: collapse; border-spacing: 0;\">\n<thead>\n<tr>\n<th style=\"font-family: Arial, sans-serif; font-size: 14px; font-weight: bold; overflow: hidden; padding: 10px 5px; text-align: center; vertical-align: middle; word-break: normal; border: 1px solid black;\">Art\u00edculo<\/th>\n<th style=\"font-family: Arial, sans-serif; font-size: 14px; font-weight: bold; overflow: hidden; padding: 10px 5px; text-align: center; vertical-align: middle; word-break: normal; border: 1px solid black;\">Rango de valores<\/th>\n<\/tr>\n<\/thead>\n<tbody>\n<tr>\n<td style=\"font-family: Arial, sans-serif; font-size: 14px; overflow: hidden; padding: 10px 5px; text-align: left; vertical-align: middle; word-break: normal; border: 1px solid black;\">Peso<\/td>\n<td style=\"font-family: Arial, sans-serif; font-size: 14px; overflow: hidden; padding: 10px 5px; text-align: left; vertical-align: middle; word-break: normal; border: 1px solid black;\">100-1000 g\/m\u00b2.<\/td>\n<\/tr>\n<tr>\n<td style=\"font-family: Arial, sans-serif; font-size: 14px; overflow: hidden; padding: 10px 5px; text-align: left; vertical-align: middle; word-break: normal; border: 1px solid black;\">Espesor<\/td>\n<td style=\"font-family: Arial, sans-serif; font-size: 14px; overflow: hidden; padding: 10px 5px; text-align: left; vertical-align: middle; word-break: normal; border: 1px solid black;\">0,5-10 mm<\/td>\n<\/tr>\n<tr>\n<td style=\"font-family: Arial, sans-serif; font-size: 14px; overflow: hidden; padding: 10px 5px; text-align: left; vertical-align: middle; word-break: normal; border: 1px solid black;\">Material<\/td>\n<td style=\"font-family: Arial, sans-serif; font-size: 14px; overflow: hidden; padding: 10px 5px; text-align: left; vertical-align: middle; word-break: normal; border: 1px solid black;\">Poli\u00e9ster (PET) o polipropileno (PP)<\/td>\n<\/tr>\n<tr>\n<td style=\"font-family: Arial, sans-serif; font-size: 14px; overflow: hidden; padding: 10px 5px; text-align: left; vertical-align: middle; word-break: normal; border: 1px solid black;\">Color<\/td>\n<td style=\"font-family: Arial, sans-serif; font-size: 14px; overflow: hidden; padding: 10px 5px; text-align: left; vertical-align: middle; word-break: normal; border: 1px solid black;\">Blanco, negro, gris (personalizable)<\/td>\n<\/tr>\n<tr>\n<td style=\"font-family: Arial, sans-serif; font-size: 14px; overflow: hidden; padding: 10px 5px; text-align: left; vertical-align: middle; word-break: normal; border: 1px solid black;\">Anchura<\/td>\n<td style=\"font-family: Arial, sans-serif; font-size: 14px; overflow: hidden; padding: 10px 5px; text-align: left; vertical-align: middle; word-break: normal; border: 1px solid black;\">1m-3,2m (personalizable)<\/td>\n<\/tr>\n<tr>\n<td style=\"font-family: Arial, sans-serif; font-size: 14px; overflow: hidden; padding: 10px 5px; text-align: left; vertical-align: middle; word-break: normal; border: 1px solid black;\">Proceso<\/td>\n<td style=\"font-family: Arial, sans-serif; font-size: 14px; overflow: hidden; padding: 10px 5px; text-align: left; vertical-align: middle; word-break: normal; border: 1px solid black;\">No tejido punzonado<\/td>\n<\/tr>\n<tr>\n<td style=\"font-family: Arial, sans-serif; font-size: 14px; overflow: hidden; padding: 10px 5px; text-align: left; vertical-align: middle; word-break: normal; border: 1px solid black;\">Tacto de la mano<\/td>\n<td style=\"font-family: Arial, sans-serif; font-size: 14px; overflow: hidden; padding: 10px 5px; text-align: left; vertical-align: middle; word-break: normal; border: 1px solid black;\">Tieso, r\u00edgido<\/td>\n<\/tr>\n<tr>\n<td style=\"font-family: Arial, sans-serif; font-size: 14px; overflow: hidden; padding: 10px 5px; text-align: left; vertical-align: middle; word-break: normal; border: 1px solid black;\">Acabados especiales<\/td>\n<td style=\"font-family: Arial, sans-serif; font-size: 14px; overflow: hidden; padding: 10px 5px; text-align: left; vertical-align: middle; word-break: normal; border: 1px solid black;\">Ign\u00edfugo, antibacteriano, antiest\u00e1tico, revestimiento (opcional)<\/td>\n<\/tr>\n<\/tbody>\n<\/table>\n<h2>Descripci\u00f3n del producto<\/h2>\n<p>La tela no tejida punzonada r\u00edgida es un material no tejido de alta rigidez producido mediante procesos especializados de punzonado y uni\u00f3n t\u00e9rmica. Fabricado con fibras de poli\u00e9ster o polipropileno, ofrece una excelente rigidez y estabilidad estructural, por lo que es ideal para aplicaciones que requieren un soporte firme, como calzado, equipaje, interiores de autom\u00f3viles y mobiliario dom\u00e9stico.<\/p>\n<h2>Caracter\u00edsticas del producto<\/h2>\n<p>Elevada rigidez y estabilidad estructural, resistente a la deformaci\u00f3n;<\/p>\n<p>Excelente resistencia a la abrasi\u00f3n y al desgarro;<\/p>\n<p>Personalizable con tratamientos ign\u00edfugos, antibacterianos y otros tratamientos funcionales;<\/p>\n<p>Respetuoso con el medio ambiente y no t\u00f3xico, cumple las normas RoHS, REACH, etc;<\/p>\n<p>F\u00e1cil de cortar y procesar, adecuado para diversas aplicaciones.<\/p>\n<h2>Funci\u00f3n del producto<\/h2>\n<p>La funci\u00f3n principal de la tela no tejida punzonada r\u00edgida es proporcionar soporte estructural y retenci\u00f3n de la forma, mejorando la rigidez y durabilidad de los productos. Sus excelentes propiedades f\u00edsicas hacen que se utilice ampliamente en calzado, equipaje, interiores de autom\u00f3viles, etc., mejorando la calidad y longevidad general del producto.<\/p>\n<h2>Aplicaciones de los productos<\/h2>\n<p>Calzado: Plantillas, suelas, capas superiores de soporte;<\/p>\n<p>Equipaje: Forros interiores, capas de soporte;<\/p>\n<p>Interiores de autom\u00f3viles: Revestimientos de techo, paneles de puertas, revestimientos de moqueta;<\/p>\n<p>Mobiliario dom\u00e9stico: Cortinas, rellenos de sof\u00e1, adornos de pared;<\/p>\n<p>Usos industriales: Materiales de filtraci\u00f3n, aislamiento ac\u00fastico, revestimientos de embalajes.<\/p>\n<p><img loading=\"lazy\" decoding=\"async\" class=\"size-full wp-image-13550 aligncenter\" data-src=\"https:\/\/www.bsdnonwoven.com\/wp-content\/uploads\/2025\/05\/Stiff-Needle-Punched-Nonwoven-Fabric1-2.webp\" alt=\"Tejido no tejido punzonado r\u00edgido\" width=\"1500\" height=\"500\" srcset=\"https:\/\/www.bsdnonwoven.com\/wp-content\/uploads\/2025\/05\/Stiff-Needle-Punched-Nonwoven-Fabric1-2.webp 1500w, https:\/\/www.bsdnonwoven.com\/wp-content\/uploads\/2025\/05\/Stiff-Needle-Punched-Nonwoven-Fabric1-2-1280x427.webp 1280w, https:\/\/www.bsdnonwoven.com\/wp-content\/uploads\/2025\/05\/Stiff-Needle-Punched-Nonwoven-Fabric1-2-980x327.webp 980w, https:\/\/www.bsdnonwoven.com\/wp-content\/uploads\/2025\/05\/Stiff-Needle-Punched-Nonwoven-Fabric1-2-480x160.webp 480w\" sizes=\"(min-width: 0px) and (max-width: 480px) 480px, (min-width: 481px) and (max-width: 980px) 980px, (min-width: 981px) and (max-width: 1280px) 1280px, (min-width: 1281px) 1500px, 100vw\" \/><\/p>","protected":false},"excerpt":{"rendered":"<p>La tela no tejida punzonada r\u00edgida es un material no tejido de alta rigidez producido mediante procesos especializados de punzonado y uni\u00f3n t\u00e9rmica. Fabricado con fibras de poli\u00e9ster o polipropileno, ofrece una excelente rigidez y estabilidad estructural, por lo que es ideal para aplicaciones que requieren un soporte firme, como calzado, equipaje, interiores de autom\u00f3viles y mobiliario dom\u00e9stico.<\/p>","protected":false},"featured_media":13267,"template":"","meta":{"_et_pb_use_builder":"","_et_pb_old_content":"","_et_gb_content_width":""},"product_cat":[304],"product_tag":[],"yoast_head":"<!-- This site is optimized with the Yoast SEO plugin v22.7 - https:\/\/yoast.com\/wordpress\/plugins\/seo\/ -->\n<title>Stiff Needle-Punched Nonwoven Fabric - Boshida Nonwoven<\/title>\n<meta name=\"description\" content=\"Stiff Needle-Punched Nonwoven Fabric , we provide Geosynthetic Needle-Punched Non-woven Fabric, Household needle punched non-woven fabric, Automotive Non-woven Fabric with good price.\" \/>\n<meta name=\"robots\" content=\"index, follow, max-snippet:-1, max-image-preview:large, max-video-preview:-1\" \/>\n<link rel=\"canonical\" href=\"https:\/\/www.bsdnonwoven.com\/es\/producto\/stiff-needle-punched-nonwoven-fabric\/\" \/>\n<meta property=\"og:locale\" content=\"es_ES\" \/>\n<meta property=\"og:type\" content=\"article\" \/>\n<meta property=\"og:title\" content=\"Stiff Needle-Punched Nonwoven Fabric - Boshida Nonwoven\" \/>\n<meta property=\"og:description\" content=\"Stiff Needle-Punched Nonwoven Fabric , we provide Geosynthetic Needle-Punched Non-woven Fabric, Household needle punched non-woven fabric, Automotive Non-woven Fabric with good price.\" \/>\n<meta property=\"og:url\" content=\"https:\/\/www.bsdnonwoven.com\/es\/producto\/stiff-needle-punched-nonwoven-fabric\/\" \/>\n<meta property=\"og:site_name\" content=\"Boshida Nonwoven\" \/>\n<meta property=\"article:modified_time\" content=\"2025-06-25T09:33:21+00:00\" \/>\n<meta property=\"og:image\" content=\"https:\/\/www.bsdnonwoven.com\/wp-content\/uploads\/2025\/05\/Stiff-Needle-Punched-Nonwoven-Fabric-1.webp\" \/>\n\t<meta property=\"og:image:width\" content=\"800\" \/>\n\t<meta property=\"og:image:height\" content=\"800\" \/>\n\t<meta property=\"og:image:type\" content=\"image\/webp\" \/>\n<meta name=\"twitter:card\" content=\"summary_large_image\" \/>\n<meta name=\"twitter:label1\" content=\"Tiempo de lectura\" \/>\n\t<meta name=\"twitter:data1\" content=\"2 minutos\" \/>\n<script type=\"application\/ld+json\" class=\"yoast-schema-graph\">{\"@context\":\"https:\/\/schema.org\",\"@graph\":[{\"@type\":\"WebPage\",\"@id\":\"https:\/\/www.bsdnonwoven.com\/product\/stiff-needle-punched-nonwoven-fabric\/\",\"url\":\"https:\/\/www.bsdnonwoven.com\/product\/stiff-needle-punched-nonwoven-fabric\/\",\"name\":\"Stiff Needle-Punched Nonwoven Fabric - Boshida Nonwoven\",\"isPartOf\":{\"@id\":\"https:\/\/www.bsdnonwoven.com\/#website\"},\"primaryImageOfPage\":{\"@id\":\"https:\/\/www.bsdnonwoven.com\/product\/stiff-needle-punched-nonwoven-fabric\/#primaryimage\"},\"image\":{\"@id\":\"https:\/\/www.bsdnonwoven.com\/product\/stiff-needle-punched-nonwoven-fabric\/#primaryimage\"},\"thumbnailUrl\":\"https:\/\/www.bsdnonwoven.com\/wp-content\/uploads\/2025\/05\/Stiff-Needle-Punched-Nonwoven-Fabric-1.webp\",\"datePublished\":\"2025-05-10T05:43:05+00:00\",\"dateModified\":\"2025-06-25T09:33:21+00:00\",\"description\":\"Stiff Needle-Punched Nonwoven Fabric , we provide Geosynthetic Needle-Punched Non-woven Fabric, Household needle punched non-woven fabric, Automotive Non-woven Fabric with good price.\",\"breadcrumb\":{\"@id\":\"https:\/\/www.bsdnonwoven.com\/product\/stiff-needle-punched-nonwoven-fabric\/#breadcrumb\"},\"inLanguage\":\"es\",\"potentialAction\":[{\"@type\":\"ReadAction\",\"target\":[\"https:\/\/www.bsdnonwoven.com\/product\/stiff-needle-punched-nonwoven-fabric\/\"]}]},{\"@type\":\"ImageObject\",\"inLanguage\":\"es\",\"@id\":\"https:\/\/www.bsdnonwoven.com\/product\/stiff-needle-punched-nonwoven-fabric\/#primaryimage\",\"url\":\"https:\/\/www.bsdnonwoven.com\/wp-content\/uploads\/2025\/05\/Stiff-Needle-Punched-Nonwoven-Fabric-1.webp\",\"contentUrl\":\"https:\/\/www.bsdnonwoven.com\/wp-content\/uploads\/2025\/05\/Stiff-Needle-Punched-Nonwoven-Fabric-1.webp\",\"width\":800,\"height\":800,\"caption\":\"Stiff Needle-Punched Nonwoven Fabric\"},{\"@type\":\"BreadcrumbList\",\"@id\":\"https:\/\/www.bsdnonwoven.com\/product\/stiff-needle-punched-nonwoven-fabric\/#breadcrumb\",\"itemListElement\":[{\"@type\":\"ListItem\",\"position\":1,\"name\":\"Home\",\"item\":\"https:\/\/www.bsdnonwoven.com\/\"},{\"@type\":\"ListItem\",\"position\":2,\"name\":\"Products\",\"item\":\"https:\/\/www.bsdnonwoven.com\/shop\/\"},{\"@type\":\"ListItem\",\"position\":3,\"name\":\"Stiff Needle-Punched Nonwoven Fabric\"}]},{\"@type\":\"WebSite\",\"@id\":\"https:\/\/www.bsdnonwoven.com\/#website\",\"url\":\"https:\/\/www.bsdnonwoven.com\/\",\"name\":\"Boshida Nonwoven\",\"description\":\"\",\"potentialAction\":[{\"@type\":\"SearchAction\",\"target\":{\"@type\":\"EntryPoint\",\"urlTemplate\":\"https:\/\/www.bsdnonwoven.com\/?s={search_term_string}\"},\"query-input\":\"required name=search_term_string\"}],\"inLanguage\":\"es\"}]}<\/script>\n<!-- \/ Yoast SEO plugin. -->","yoast_head_json":{"title":"Stiff Needle-Punched Nonwoven Fabric - Boshida Nonwoven","description":"Stiff Needle-Punched Nonwoven Fabric , we provide Geosynthetic Needle-Punched Non-woven Fabric, Household needle punched non-woven fabric, Automotive Non-woven Fabric with good price.","robots":{"index":"index","follow":"follow","max-snippet":"max-snippet:-1","max-image-preview":"max-image-preview:large","max-video-preview":"max-video-preview:-1"},"canonical":"https:\/\/www.bsdnonwoven.com\/es\/producto\/stiff-needle-punched-nonwoven-fabric\/","og_locale":"es_ES","og_type":"article","og_title":"Stiff Needle-Punched Nonwoven Fabric - Boshida Nonwoven","og_description":"Stiff Needle-Punched Nonwoven Fabric , we provide Geosynthetic Needle-Punched Non-woven Fabric, Household needle punched non-woven fabric, Automotive Non-woven Fabric with good price.","og_url":"https:\/\/www.bsdnonwoven.com\/es\/producto\/stiff-needle-punched-nonwoven-fabric\/","og_site_name":"Boshida Nonwoven","article_modified_time":"2025-06-25T09:33:21+00:00","og_image":[{"width":800,"height":800,"url":"https:\/\/www.bsdnonwoven.com\/wp-content\/uploads\/2025\/05\/Stiff-Needle-Punched-Nonwoven-Fabric-1.webp","type":"image\/webp"}],"twitter_card":"summary_large_image","twitter_misc":{"Tiempo de lectura":"2 minutos"},"schema":{"@context":"https:\/\/schema.org","@graph":[{"@type":"WebPage","@id":"https:\/\/www.bsdnonwoven.com\/product\/stiff-needle-punched-nonwoven-fabric\/","url":"https:\/\/www.bsdnonwoven.com\/product\/stiff-needle-punched-nonwoven-fabric\/","name":"Stiff Needle-Punched Nonwoven Fabric - Boshida Nonwoven","isPartOf":{"@id":"https:\/\/www.bsdnonwoven.com\/#website"},"primaryImageOfPage":{"@id":"https:\/\/www.bsdnonwoven.com\/product\/stiff-needle-punched-nonwoven-fabric\/#primaryimage"},"image":{"@id":"https:\/\/www.bsdnonwoven.com\/product\/stiff-needle-punched-nonwoven-fabric\/#primaryimage"},"thumbnailUrl":"https:\/\/www.bsdnonwoven.com\/wp-content\/uploads\/2025\/05\/Stiff-Needle-Punched-Nonwoven-Fabric-1.webp","datePublished":"2025-05-10T05:43:05+00:00","dateModified":"2025-06-25T09:33:21+00:00","description":"Stiff Needle-Punched Nonwoven Fabric , we provide Geosynthetic Needle-Punched Non-woven Fabric, Household needle punched non-woven fabric, Automotive Non-woven Fabric with good price.","breadcrumb":{"@id":"https:\/\/www.bsdnonwoven.com\/product\/stiff-needle-punched-nonwoven-fabric\/#breadcrumb"},"inLanguage":"es","potentialAction":[{"@type":"ReadAction","target":["https:\/\/www.bsdnonwoven.com\/product\/stiff-needle-punched-nonwoven-fabric\/"]}]},{"@type":"ImageObject","inLanguage":"es","@id":"https:\/\/www.bsdnonwoven.com\/product\/stiff-needle-punched-nonwoven-fabric\/#primaryimage","url":"https:\/\/www.bsdnonwoven.com\/wp-content\/uploads\/2025\/05\/Stiff-Needle-Punched-Nonwoven-Fabric-1.webp","contentUrl":"https:\/\/www.bsdnonwoven.com\/wp-content\/uploads\/2025\/05\/Stiff-Needle-Punched-Nonwoven-Fabric-1.webp","width":800,"height":800,"caption":"Stiff Needle-Punched Nonwoven Fabric"},{"@type":"BreadcrumbList","@id":"https:\/\/www.bsdnonwoven.com\/product\/stiff-needle-punched-nonwoven-fabric\/#breadcrumb","itemListElement":[{"@type":"ListItem","position":1,"name":"Home","item":"https:\/\/www.bsdnonwoven.com\/"},{"@type":"ListItem","position":2,"name":"Products","item":"https:\/\/www.bsdnonwoven.com\/shop\/"},{"@type":"ListItem","position":3,"name":"Stiff Needle-Punched Nonwoven Fabric"}]},{"@type":"WebSite","@id":"https:\/\/www.bsdnonwoven.com\/#website","url":"https:\/\/www.bsdnonwoven.com\/","name":"Boshida Nonwoven","description":"","potentialAction":[{"@type":"SearchAction","target":{"@type":"EntryPoint","urlTemplate":"https:\/\/www.bsdnonwoven.com\/?s={search_term_string}"},"query-input":"required name=search_term_string"}],"inLanguage":"es"}]}},"_links":{"self":[{"href":"https:\/\/www.bsdnonwoven.com\/es\/wp-json\/wp\/v2\/product\/12684"}],"collection":[{"href":"https:\/\/www.bsdnonwoven.com\/es\/wp-json\/wp\/v2\/product"}],"about":[{"href":"https:\/\/www.bsdnonwoven.com\/es\/wp-json\/wp\/v2\/types\/product"}],"wp:featuredmedia":[{"embeddable":true,"href":"https:\/\/www.bsdnonwoven.com\/es\/wp-json\/wp\/v2\/media\/13267"}],"wp:attachment":[{"href":"https:\/\/www.bsdnonwoven.com\/es\/wp-json\/wp\/v2\/media?parent=12684"}],"wp:term":[{"taxonomy":"product_cat","embeddable":true,"href":"https:\/\/www.bsdnonwoven.com\/es\/wp-json\/wp\/v2\/product_cat?post=12684"},{"taxonomy":"product_tag","embeddable":true,"href":"https:\/\/www.bsdnonwoven.com\/es\/wp-json\/wp\/v2\/product_tag?post=12684"}],"curies":[{"name":"wp","href":"https:\/\/api.w.org\/{rel}","templated":true}]}}