{"id":12747,"date":"2025-05-10T06:14:08","date_gmt":"2025-05-10T06:14:08","guid":{"rendered":"https:\/\/www.bsdnonwoven.com\/?post_type=product&#038;p=12747"},"modified":"2025-12-02T04:41:32","modified_gmt":"2025-12-02T04:41:32","slug":"needle-punched-nonwoven-bag-synthetic-leather-backing-fabric","status":"publish","type":"product","link":"https:\/\/www.bsdnonwoven.com\/es\/producto\/needle-punched-nonwoven-bag-synthetic-leather-backing-fabric\/","title":{"rendered":"Bolsa no tejida punzonada con aguja Tela de refuerzo de cuero sint\u00e9tico"},"content":{"rendered":"<h2>Especificaciones del producto<\/h2>\n<table class=\"tg\" style=\"border-collapse: collapse; border-spacing: 0;\">\n<thead>\n<tr>\n<th style=\"font-family: Arial, sans-serif; font-size: 14px; font-weight: bold; overflow: hidden; padding: 10px 5px; text-align: center; vertical-align: middle; word-break: normal; border: 1px solid black;\">Especificaci\u00f3n<\/th>\n<th style=\"font-family: Arial, sans-serif; font-size: 14px; font-weight: bold; overflow: hidden; padding: 10px 5px; text-align: center; vertical-align: middle; word-break: normal; border: 1px solid black;\">Gama<\/th>\n<\/tr>\n<\/thead>\n<tbody>\n<tr>\n<td style=\"font-family: Arial, sans-serif; font-size: 14px; overflow: hidden; padding: 10px 5px; text-align: left; vertical-align: middle; word-break: normal; border: 1px solid black;\">Material<\/td>\n<td style=\"font-family: Arial, sans-serif; font-size: 14px; overflow: hidden; padding: 10px 5px; text-align: left; vertical-align: middle; word-break: normal; border: 1px solid black;\">100% Poli\u00e9ster (PET)<\/td>\n<\/tr>\n<tr>\n<td style=\"font-family: Arial, sans-serif; font-size: 14px; overflow: hidden; padding: 10px 5px; text-align: left; vertical-align: middle; word-break: normal; border: 1px solid black;\">Peso<\/td>\n<td style=\"font-family: Arial, sans-serif; font-size: 14px; overflow: hidden; padding: 10px 5px; text-align: left; vertical-align: middle; word-break: normal; border: 1px solid black;\">80 g\/m\u00b2 - 1500 g\/m\u00b2<\/td>\n<\/tr>\n<tr>\n<td style=\"font-family: Arial, sans-serif; font-size: 14px; overflow: hidden; padding: 10px 5px; text-align: left; vertical-align: middle; word-break: normal; border: 1px solid black;\">Espesor<\/td>\n<td style=\"font-family: Arial, sans-serif; font-size: 14px; overflow: hidden; padding: 10px 5px; text-align: left; vertical-align: middle; word-break: normal; border: 1px solid black;\">0,5 mm - 12 mm<\/td>\n<\/tr>\n<tr>\n<td style=\"font-family: Arial, sans-serif; font-size: 14px; overflow: hidden; padding: 10px 5px; text-align: left; vertical-align: middle; word-break: normal; border: 1px solid black;\">Anchura<\/td>\n<td style=\"font-family: Arial, sans-serif; font-size: 14px; overflow: hidden; padding: 10px 5px; text-align: left; vertical-align: middle; word-break: normal; border: 1px solid black;\">0,1m - 3,5m<\/td>\n<\/tr>\n<tr>\n<td style=\"font-family: Arial, sans-serif; font-size: 14px; overflow: hidden; padding: 10px 5px; text-align: left; vertical-align: middle; word-break: normal; border: 1px solid black;\">Color<\/td>\n<td style=\"font-family: Arial, sans-serif; font-size: 14px; overflow: hidden; padding: 10px 5px; text-align: left; vertical-align: middle; word-break: normal; border: 1px solid black;\">Personalizable<\/td>\n<\/tr>\n<tr>\n<td style=\"font-family: Arial, sans-serif; font-size: 14px; overflow: hidden; padding: 10px 5px; text-align: left; vertical-align: middle; word-break: normal; border: 1px solid black;\">Tecnolog\u00eda<\/td>\n<td style=\"font-family: Arial, sans-serif; font-size: 14px; overflow: hidden; padding: 10px 5px; text-align: left; vertical-align: middle; word-break: normal; border: 1px solid black;\">No tejido punzonado<\/td>\n<\/tr>\n<tr>\n<td style=\"font-family: Arial, sans-serif; font-size: 14px; overflow: hidden; padding: 10px 5px; text-align: left; vertical-align: middle; word-break: normal; border: 1px solid black;\">Caracter\u00edsticas<\/td>\n<td style=\"font-family: Arial, sans-serif; font-size: 14px; overflow: hidden; padding: 10px 5px; text-align: left; vertical-align: middle; word-break: normal; border: 1px solid black;\">Ign\u00edfugo, duradero, respetuoso con el medio ambiente<\/td>\n<\/tr>\n<tr>\n<td style=\"font-family: Arial, sans-serif; font-size: 14px; overflow: hidden; padding: 10px 5px; text-align: left; vertical-align: middle; word-break: normal; border: 1px solid black;\">Aplicaciones<\/td>\n<td style=\"font-family: Arial, sans-serif; font-size: 14px; overflow: hidden; padding: 10px 5px; text-align: left; vertical-align: middle; word-break: normal; border: 1px solid black;\">Bolsas, Revestimiento de cuero sint\u00e9tico<\/td>\n<\/tr>\n<\/tbody>\n<\/table>\n<h2>Descripci\u00f3n del producto<\/h2>\n<p>En<a href=\"https:\/\/www.bsdnonwoven.com\/product\/needle-punched-nonwoven-bag-synthetic-leather-backing-fabric\/\"><strong> Material de sustrato de cuero para automoci\u00f3n<\/strong><\/a> se produce mediante tecnolog\u00eda de punzonado con aguja y sirve como material base para la piel sint\u00e9tica. Ofrece una excelente resistencia, estabilidad y durabilidad, por lo que es ideal para la fabricaci\u00f3n de piel sint\u00e9tica utilizada en bolsos, maletas y otros productos relacionados, mejorando el rendimiento general y el aspecto de la piel sint\u00e9tica.<\/p>\n<h2>Caracter\u00edsticas del producto<\/h2>\n<p>Excelente resistencia y estabilidad<\/p>\n<p>Buena resistencia al desgaste y durabilidad<\/p>\n<p>Ign\u00edfugo, cumple las normas de seguridad<\/p>\n<p>Materiales ecol\u00f3gicos y reciclables<\/p>\n<p>Textura uniforme, f\u00e1cil de pegar con cuero sint\u00e9tico<\/p>\n<h2>Funciones del producto<\/h2>\n<p>Sirven de material base para la piel sint\u00e9tica, proporcionando soporte estructural<\/p>\n<p>Mejora la durabilidad y el aspecto de la piel sint\u00e9tica<\/p>\n<p>Mejorar la calidad general y la est\u00e9tica de los productos de bolsa<\/p>\n<p>Cumplir diversos requisitos funcionales y de dise\u00f1o<\/p>\n<h2>Aplicaciones de los productos<\/h2>\n<p>Revestimiento de cuero sint\u00e9tico para bolsos<\/p>\n<p>Revestimiento de cuero sint\u00e9tico para maletas<\/p>\n<p>Reverso de cuero sint\u00e9tico para bolsos<\/p>\n<p>Respaldo de cuero sint\u00e9tico para mochilas<\/p>\n<p>Reverso de piel sint\u00e9tica para carteras<\/p>\n<p>Ver nuestro <strong><a href=\"https:\/\/www.bsdnonwoven.com\/category\/automotive-nonwoven-fabric-substrate\/\">Cat\u00e1logo de sustratos de tela no tejida para automoci\u00f3n<\/a><\/strong> para saber m\u00e1s<\/p>\n<p><img loading=\"lazy\" decoding=\"async\" class=\"size-full wp-image-13586 aligncenter\" data-src=\"https:\/\/www.bsdnonwoven.com\/wp-content\/uploads\/2025\/05\/Needle-Punched-Nonwoven-Bag-Synthetic-Leather-Backing-Fabric1-1.webp\" alt=\"Bolsa no tejida perforada con aguja Tela de soporte de cuero sint\u00e9tico1\" width=\"1500\" height=\"500\" srcset=\"https:\/\/www.bsdnonwoven.com\/wp-content\/uploads\/2025\/05\/Needle-Punched-Nonwoven-Bag-Synthetic-Leather-Backing-Fabric1-1.webp 1500w, https:\/\/www.bsdnonwoven.com\/wp-content\/uploads\/2025\/05\/Needle-Punched-Nonwoven-Bag-Synthetic-Leather-Backing-Fabric1-1-1280x427.webp 1280w, https:\/\/www.bsdnonwoven.com\/wp-content\/uploads\/2025\/05\/Needle-Punched-Nonwoven-Bag-Synthetic-Leather-Backing-Fabric1-1-980x327.webp 980w, https:\/\/www.bsdnonwoven.com\/wp-content\/uploads\/2025\/05\/Needle-Punched-Nonwoven-Bag-Synthetic-Leather-Backing-Fabric1-1-480x160.webp 480w\" sizes=\"(min-width: 0px) and (max-width: 480px) 480px, (min-width: 481px) and (max-width: 980px) 980px, (min-width: 981px) and (max-width: 1280px) 1280px, (min-width: 1281px) 1500px, 100vw\" \/><\/p>","protected":false},"excerpt":{"rendered":"<p>El material de sustrato de cuero para automoci\u00f3n se produce mediante tecnolog\u00eda de punzonado con aguja y sirve como material base para el cuero sint\u00e9tico. Ofrece una excelente resistencia, estabilidad y durabilidad, por lo que es ideal para la fabricaci\u00f3n de cuero sint\u00e9tico utilizado en bolsos, maletas y otros productos relacionados, mejorando el rendimiento general y el aspecto del cuero sint\u00e9tico.<\/p>","protected":false},"featured_media":13554,"template":"","meta":{"_et_pb_use_builder":"","_et_pb_old_content":"","_et_gb_content_width":""},"product_cat":[337],"product_tag":[307],"yoast_head":"<!-- This site is optimized with the Yoast SEO plugin v22.7 - https:\/\/yoast.com\/wordpress\/plugins\/seo\/ -->\n<title>Needle Punched Nonwoven Bag Synthetic Leather Backing Fabric - Boshida Nonwoven<\/title>\n<meta name=\"description\" content=\"Needle Punched Nonwoven Bag Synthetic Leather Backing Fabric , we provide Geosynthetic Needle-Punched Non-woven Fabric, Household needle punched non-woven fabric, Automotive Non-woven Fabric with good price.\" \/>\n<meta name=\"robots\" content=\"index, follow, max-snippet:-1, max-image-preview:large, max-video-preview:-1\" \/>\n<link rel=\"canonical\" href=\"https:\/\/www.bsdnonwoven.com\/es\/producto\/needle-punched-nonwoven-bag-synthetic-leather-backing-fabric\/\" \/>\n<meta property=\"og:locale\" content=\"es_ES\" \/>\n<meta property=\"og:type\" content=\"article\" \/>\n<meta property=\"og:title\" content=\"Needle Punched Nonwoven Bag Synthetic Leather Backing Fabric - Boshida Nonwoven\" \/>\n<meta property=\"og:description\" content=\"Needle Punched Nonwoven Bag Synthetic Leather Backing Fabric , we provide Geosynthetic Needle-Punched Non-woven Fabric, Household needle punched non-woven fabric, Automotive Non-woven Fabric with good price.\" \/>\n<meta property=\"og:url\" content=\"https:\/\/www.bsdnonwoven.com\/es\/producto\/needle-punched-nonwoven-bag-synthetic-leather-backing-fabric\/\" \/>\n<meta property=\"og:site_name\" content=\"Boshida Nonwoven\" \/>\n<meta property=\"article:modified_time\" content=\"2025-12-02T04:41:32+00:00\" \/>\n<meta property=\"og:image\" content=\"https:\/\/www.bsdnonwoven.com\/wp-content\/uploads\/2025\/05\/Needle-Punched-Nonwoven-Bag-Synthetic-Leather-Backing-Fabric-3.webp\" \/>\n\t<meta property=\"og:image:width\" content=\"800\" \/>\n\t<meta property=\"og:image:height\" content=\"800\" \/>\n\t<meta property=\"og:image:type\" content=\"image\/webp\" \/>\n<meta name=\"twitter:card\" content=\"summary_large_image\" \/>\n<meta name=\"twitter:label1\" content=\"Tiempo de lectura\" \/>\n\t<meta name=\"twitter:data1\" content=\"2 minutos\" \/>\n<script type=\"application\/ld+json\" class=\"yoast-schema-graph\">{\"@context\":\"https:\/\/schema.org\",\"@graph\":[{\"@type\":\"WebPage\",\"@id\":\"https:\/\/www.bsdnonwoven.com\/product\/needle-punched-nonwoven-bag-synthetic-leather-backing-fabric\/\",\"url\":\"https:\/\/www.bsdnonwoven.com\/product\/needle-punched-nonwoven-bag-synthetic-leather-backing-fabric\/\",\"name\":\"Needle Punched Nonwoven Bag Synthetic Leather Backing Fabric - Boshida Nonwoven\",\"isPartOf\":{\"@id\":\"https:\/\/www.bsdnonwoven.com\/#website\"},\"primaryImageOfPage\":{\"@id\":\"https:\/\/www.bsdnonwoven.com\/product\/needle-punched-nonwoven-bag-synthetic-leather-backing-fabric\/#primaryimage\"},\"image\":{\"@id\":\"https:\/\/www.bsdnonwoven.com\/product\/needle-punched-nonwoven-bag-synthetic-leather-backing-fabric\/#primaryimage\"},\"thumbnailUrl\":\"https:\/\/www.bsdnonwoven.com\/wp-content\/uploads\/2025\/05\/Needle-Punched-Nonwoven-Bag-Synthetic-Leather-Backing-Fabric-3.webp\",\"datePublished\":\"2025-05-10T06:14:08+00:00\",\"dateModified\":\"2025-12-02T04:41:32+00:00\",\"description\":\"Needle Punched Nonwoven Bag Synthetic Leather Backing Fabric , we provide Geosynthetic Needle-Punched Non-woven Fabric, Household needle punched non-woven fabric, Automotive Non-woven Fabric with good price.\",\"breadcrumb\":{\"@id\":\"https:\/\/www.bsdnonwoven.com\/product\/needle-punched-nonwoven-bag-synthetic-leather-backing-fabric\/#breadcrumb\"},\"inLanguage\":\"es\",\"potentialAction\":[{\"@type\":\"ReadAction\",\"target\":[\"https:\/\/www.bsdnonwoven.com\/product\/needle-punched-nonwoven-bag-synthetic-leather-backing-fabric\/\"]}]},{\"@type\":\"ImageObject\",\"inLanguage\":\"es\",\"@id\":\"https:\/\/www.bsdnonwoven.com\/product\/needle-punched-nonwoven-bag-synthetic-leather-backing-fabric\/#primaryimage\",\"url\":\"https:\/\/www.bsdnonwoven.com\/wp-content\/uploads\/2025\/05\/Needle-Punched-Nonwoven-Bag-Synthetic-Leather-Backing-Fabric-3.webp\",\"contentUrl\":\"https:\/\/www.bsdnonwoven.com\/wp-content\/uploads\/2025\/05\/Needle-Punched-Nonwoven-Bag-Synthetic-Leather-Backing-Fabric-3.webp\",\"width\":800,\"height\":800,\"caption\":\"Needle Punched Nonwoven Bag Synthetic Leather Backing Fabric-3\"},{\"@type\":\"BreadcrumbList\",\"@id\":\"https:\/\/www.bsdnonwoven.com\/product\/needle-punched-nonwoven-bag-synthetic-leather-backing-fabric\/#breadcrumb\",\"itemListElement\":[{\"@type\":\"ListItem\",\"position\":1,\"name\":\"Home\",\"item\":\"https:\/\/www.bsdnonwoven.com\/\"},{\"@type\":\"ListItem\",\"position\":2,\"name\":\"Products\",\"item\":\"https:\/\/www.bsdnonwoven.com\/shop\/\"},{\"@type\":\"ListItem\",\"position\":3,\"name\":\"Needle Punched Nonwoven Bag Synthetic Leather Backing Fabric\"}]},{\"@type\":\"WebSite\",\"@id\":\"https:\/\/www.bsdnonwoven.com\/#website\",\"url\":\"https:\/\/www.bsdnonwoven.com\/\",\"name\":\"Boshida Nonwoven\",\"description\":\"\",\"potentialAction\":[{\"@type\":\"SearchAction\",\"target\":{\"@type\":\"EntryPoint\",\"urlTemplate\":\"https:\/\/www.bsdnonwoven.com\/?s={search_term_string}\"},\"query-input\":\"required name=search_term_string\"}],\"inLanguage\":\"es\"}]}<\/script>\n<!-- \/ Yoast SEO plugin. -->","yoast_head_json":{"title":"Needle Punched Nonwoven Bag Synthetic Leather Backing Fabric - Boshida Nonwoven","description":"Needle Punched Nonwoven Bag Synthetic Leather Backing Fabric , we provide Geosynthetic Needle-Punched Non-woven Fabric, Household needle punched non-woven fabric, Automotive Non-woven Fabric with good price.","robots":{"index":"index","follow":"follow","max-snippet":"max-snippet:-1","max-image-preview":"max-image-preview:large","max-video-preview":"max-video-preview:-1"},"canonical":"https:\/\/www.bsdnonwoven.com\/es\/producto\/needle-punched-nonwoven-bag-synthetic-leather-backing-fabric\/","og_locale":"es_ES","og_type":"article","og_title":"Needle Punched Nonwoven Bag Synthetic Leather Backing Fabric - Boshida Nonwoven","og_description":"Needle Punched Nonwoven Bag Synthetic Leather Backing Fabric , we provide Geosynthetic Needle-Punched Non-woven Fabric, Household needle punched non-woven fabric, Automotive Non-woven Fabric with good price.","og_url":"https:\/\/www.bsdnonwoven.com\/es\/producto\/needle-punched-nonwoven-bag-synthetic-leather-backing-fabric\/","og_site_name":"Boshida Nonwoven","article_modified_time":"2025-12-02T04:41:32+00:00","og_image":[{"width":800,"height":800,"url":"https:\/\/www.bsdnonwoven.com\/wp-content\/uploads\/2025\/05\/Needle-Punched-Nonwoven-Bag-Synthetic-Leather-Backing-Fabric-3.webp","type":"image\/webp"}],"twitter_card":"summary_large_image","twitter_misc":{"Tiempo de lectura":"2 minutos"},"schema":{"@context":"https:\/\/schema.org","@graph":[{"@type":"WebPage","@id":"https:\/\/www.bsdnonwoven.com\/product\/needle-punched-nonwoven-bag-synthetic-leather-backing-fabric\/","url":"https:\/\/www.bsdnonwoven.com\/product\/needle-punched-nonwoven-bag-synthetic-leather-backing-fabric\/","name":"Needle Punched Nonwoven Bag Synthetic Leather Backing Fabric - Boshida Nonwoven","isPartOf":{"@id":"https:\/\/www.bsdnonwoven.com\/#website"},"primaryImageOfPage":{"@id":"https:\/\/www.bsdnonwoven.com\/product\/needle-punched-nonwoven-bag-synthetic-leather-backing-fabric\/#primaryimage"},"image":{"@id":"https:\/\/www.bsdnonwoven.com\/product\/needle-punched-nonwoven-bag-synthetic-leather-backing-fabric\/#primaryimage"},"thumbnailUrl":"https:\/\/www.bsdnonwoven.com\/wp-content\/uploads\/2025\/05\/Needle-Punched-Nonwoven-Bag-Synthetic-Leather-Backing-Fabric-3.webp","datePublished":"2025-05-10T06:14:08+00:00","dateModified":"2025-12-02T04:41:32+00:00","description":"Needle Punched Nonwoven Bag Synthetic Leather Backing Fabric , we provide Geosynthetic Needle-Punched Non-woven Fabric, Household needle punched non-woven fabric, Automotive Non-woven Fabric with good price.","breadcrumb":{"@id":"https:\/\/www.bsdnonwoven.com\/product\/needle-punched-nonwoven-bag-synthetic-leather-backing-fabric\/#breadcrumb"},"inLanguage":"es","potentialAction":[{"@type":"ReadAction","target":["https:\/\/www.bsdnonwoven.com\/product\/needle-punched-nonwoven-bag-synthetic-leather-backing-fabric\/"]}]},{"@type":"ImageObject","inLanguage":"es","@id":"https:\/\/www.bsdnonwoven.com\/product\/needle-punched-nonwoven-bag-synthetic-leather-backing-fabric\/#primaryimage","url":"https:\/\/www.bsdnonwoven.com\/wp-content\/uploads\/2025\/05\/Needle-Punched-Nonwoven-Bag-Synthetic-Leather-Backing-Fabric-3.webp","contentUrl":"https:\/\/www.bsdnonwoven.com\/wp-content\/uploads\/2025\/05\/Needle-Punched-Nonwoven-Bag-Synthetic-Leather-Backing-Fabric-3.webp","width":800,"height":800,"caption":"Needle Punched Nonwoven Bag Synthetic Leather Backing Fabric-3"},{"@type":"BreadcrumbList","@id":"https:\/\/www.bsdnonwoven.com\/product\/needle-punched-nonwoven-bag-synthetic-leather-backing-fabric\/#breadcrumb","itemListElement":[{"@type":"ListItem","position":1,"name":"Home","item":"https:\/\/www.bsdnonwoven.com\/"},{"@type":"ListItem","position":2,"name":"Products","item":"https:\/\/www.bsdnonwoven.com\/shop\/"},{"@type":"ListItem","position":3,"name":"Needle Punched Nonwoven Bag Synthetic Leather Backing Fabric"}]},{"@type":"WebSite","@id":"https:\/\/www.bsdnonwoven.com\/#website","url":"https:\/\/www.bsdnonwoven.com\/","name":"Boshida Nonwoven","description":"","potentialAction":[{"@type":"SearchAction","target":{"@type":"EntryPoint","urlTemplate":"https:\/\/www.bsdnonwoven.com\/?s={search_term_string}"},"query-input":"required name=search_term_string"}],"inLanguage":"es"}]}},"_links":{"self":[{"href":"https:\/\/www.bsdnonwoven.com\/es\/wp-json\/wp\/v2\/product\/12747"}],"collection":[{"href":"https:\/\/www.bsdnonwoven.com\/es\/wp-json\/wp\/v2\/product"}],"about":[{"href":"https:\/\/www.bsdnonwoven.com\/es\/wp-json\/wp\/v2\/types\/product"}],"wp:featuredmedia":[{"embeddable":true,"href":"https:\/\/www.bsdnonwoven.com\/es\/wp-json\/wp\/v2\/media\/13554"}],"wp:attachment":[{"href":"https:\/\/www.bsdnonwoven.com\/es\/wp-json\/wp\/v2\/media?parent=12747"}],"wp:term":[{"taxonomy":"product_cat","embeddable":true,"href":"https:\/\/www.bsdnonwoven.com\/es\/wp-json\/wp\/v2\/product_cat?post=12747"},{"taxonomy":"product_tag","embeddable":true,"href":"https:\/\/www.bsdnonwoven.com\/es\/wp-json\/wp\/v2\/product_tag?post=12747"}],"curies":[{"name":"wp","href":"https:\/\/api.w.org\/{rel}","templated":true}]}}