{"id":12860,"date":"2025-05-10T07:09:31","date_gmt":"2025-05-10T07:09:31","guid":{"rendered":"https:\/\/www.bsdnonwoven.com\/?post_type=product&#038;p=12860"},"modified":"2025-06-25T09:29:46","modified_gmt":"2025-06-25T09:29:46","slug":"absorbent-needle-punched-nonwoven-fabric-for-medical-plasters","status":"publish","type":"product","link":"https:\/\/www.bsdnonwoven.com\/es\/producto\/absorbent-needle-punched-nonwoven-fabric-for-medical-plasters\/","title":{"rendered":"Tela no tejida punzonada absorbente para emplastos m\u00e9dicos"},"content":{"rendered":"<h2>Especificaciones principales<\/h2>\n<table class=\"tg\" style=\"border-collapse: collapse; border-spacing: 0;\">\n<thead>\n<tr>\n<th style=\"font-family: Arial, sans-serif; font-size: 14px; font-weight: bold; overflow: hidden; padding: 10px 5px; text-align: center; vertical-align: middle; word-break: normal; border: 1px solid black;\">Art\u00edculo<\/th>\n<th style=\"font-family: Arial, sans-serif; font-size: 14px; font-weight: bold; overflow: hidden; padding: 10px 5px; text-align: center; vertical-align: middle; word-break: normal; border: 1px solid black;\">Rango de valores<\/th>\n<\/tr>\n<\/thead>\n<tbody>\n<tr>\n<td style=\"font-family: Arial, sans-serif; font-size: 14px; overflow: hidden; padding: 10px 5px; text-align: left; vertical-align: middle; word-break: normal; border: 1px solid black;\">Peso<\/td>\n<td style=\"font-family: Arial, sans-serif; font-size: 14px; overflow: hidden; padding: 10px 5px; text-align: left; vertical-align: middle; word-break: normal; border: 1px solid black;\">80-200 g\/m\u00b2.<\/td>\n<\/tr>\n<tr>\n<td style=\"font-family: Arial, sans-serif; font-size: 14px; overflow: hidden; padding: 10px 5px; text-align: left; vertical-align: middle; word-break: normal; border: 1px solid black;\">Espesor<\/td>\n<td style=\"font-family: Arial, sans-serif; font-size: 14px; overflow: hidden; padding: 10px 5px; text-align: left; vertical-align: middle; word-break: normal; border: 1px solid black;\">1,0-3,0 mm<\/td>\n<\/tr>\n<tr>\n<td style=\"font-family: Arial, sans-serif; font-size: 14px; overflow: hidden; padding: 10px 5px; text-align: left; vertical-align: middle; word-break: normal; border: 1px solid black;\">Material<\/td>\n<td style=\"font-family: Arial, sans-serif; font-size: 14px; overflow: hidden; padding: 10px 5px; text-align: left; vertical-align: middle; word-break: normal; border: 1px solid black;\">Poli\u00e9ster (PET) o polipropileno (PP)<\/td>\n<\/tr>\n<tr>\n<td style=\"font-family: Arial, sans-serif; font-size: 14px; overflow: hidden; padding: 10px 5px; text-align: left; vertical-align: middle; word-break: normal; border: 1px solid black;\">Color<\/td>\n<td style=\"font-family: Arial, sans-serif; font-size: 14px; overflow: hidden; padding: 10px 5px; text-align: left; vertical-align: middle; word-break: normal; border: 1px solid black;\">Blanco<\/td>\n<\/tr>\n<tr>\n<td style=\"font-family: Arial, sans-serif; font-size: 14px; overflow: hidden; padding: 10px 5px; text-align: left; vertical-align: middle; word-break: normal; border: 1px solid black;\">Anchura<\/td>\n<td style=\"font-family: Arial, sans-serif; font-size: 14px; overflow: hidden; padding: 10px 5px; text-align: left; vertical-align: middle; word-break: normal; border: 1px solid black;\">10 cm-160 cm (personalizable)<\/td>\n<\/tr>\n<tr>\n<td style=\"font-family: Arial, sans-serif; font-size: 14px; overflow: hidden; padding: 10px 5px; text-align: left; vertical-align: middle; word-break: normal; border: 1px solid black;\">Proceso<\/td>\n<td style=\"font-family: Arial, sans-serif; font-size: 14px; overflow: hidden; padding: 10px 5px; text-align: left; vertical-align: middle; word-break: normal; border: 1px solid black;\">No tejido punzonado<\/td>\n<\/tr>\n<tr>\n<td style=\"font-family: Arial, sans-serif; font-size: 14px; overflow: hidden; padding: 10px 5px; text-align: left; vertical-align: middle; word-break: normal; border: 1px solid black;\">Acabados especiales<\/td>\n<td style=\"font-family: Arial, sans-serif; font-size: 14px; overflow: hidden; padding: 10px 5px; text-align: left; vertical-align: middle; word-break: normal; border: 1px solid black;\">Hidr\u00f3filo, antibacteriano, antiest\u00e1tico, etc.<\/td>\n<\/tr>\n<\/tbody>\n<\/table>\n<h2>Descripci\u00f3n del producto<\/h2>\n<p>Este absorbente tejido no tejido punzonado est\u00e1 especialmente dise\u00f1ado para su uso en emplastos m\u00e9dicos y parches t\u00f3picos. Ofrece una excelente capacidad de absorci\u00f3n, suavidad y transpirabilidad, lo que le permite absorber y retener r\u00e1pidamente los fluidos medicinales. Ayuda a mejorar la eficacia de la administraci\u00f3n de f\u00e1rmacos al tiempo que minimiza la irritaci\u00f3n de la piel. El tejido puede tratarse con acabados hidr\u00f3filos, antibacterianos o de otro tipo para adaptarse a una amplia gama de necesidades m\u00e9dicas.<\/p>\n<h2>Caracter\u00edsticas del producto<\/h2>\n<p>Alta Absorci\u00f3n: Absorbe y retiene r\u00e1pidamente los medicamentos l\u00edquidos, potenciando los efectos terap\u00e9uticos.<\/p>\n<p>Suave y agradable para la piel: Ofrece un excelente confort cuando se aplica directamente sobre la piel.<\/p>\n<p>Transpirable: Mantiene la piel seca y reduce el riesgo de irritaciones o alergias.<\/p>\n<p>Personalizables: Disponibles con tratamientos funcionales como acabados hidr\u00f3filos o antibacterianos.<\/p>\n<p>Seguro y ecol\u00f3gico: Fabricados con materiales de grado m\u00e9dico, no t\u00f3xicos y conformes con las normas sanitarias.<\/p>\n<h2>Funci\u00f3n del producto<\/h2>\n<p>Como capa absorbente central de los ap\u00f3sitos m\u00e9dicos, este tejido ayuda a absorber los l\u00edquidos medicinales y favorece la liberaci\u00f3n lenta y constante del f\u00e1rmaco. Tambi\u00e9n sirve como capa amortiguadora, mejorando la comodidad general del tratamiento para el usuario.<\/p>\n<h2>Aplicaciones de los productos<\/h2>\n<p>Capa absorbente para tiritas m\u00e9dicas<\/p>\n<p>Base absorbente para parches TCM y almohadillas terap\u00e9uticas<\/p>\n<p>Material para parches de compresas fr\u00edas<\/p>\n<p>Material absorbente para ap\u00f3sitos<\/p>\n<p>Capa absorbente para compresas autocalentables o antifebriles<\/p>\n<p>Tejido base para productos adhesivos de cuidado del hogar<\/p>\n<p><img loading=\"lazy\" decoding=\"async\" class=\"size-full wp-image-13567 aligncenter\" data-src=\"https:\/\/www.bsdnonwoven.com\/wp-content\/uploads\/2025\/05\/Absorbent-Needle-Punched-Nonwoven-Fabric-for-Medical-Plasters1-4.webp\" alt=\"Tela no tejida punzonada absorbente para emplastos m\u00e9dicos1\" width=\"1500\" height=\"500\" srcset=\"https:\/\/www.bsdnonwoven.com\/wp-content\/uploads\/2025\/05\/Absorbent-Needle-Punched-Nonwoven-Fabric-for-Medical-Plasters1-4.webp 1500w, https:\/\/www.bsdnonwoven.com\/wp-content\/uploads\/2025\/05\/Absorbent-Needle-Punched-Nonwoven-Fabric-for-Medical-Plasters1-4-1280x427.webp 1280w, https:\/\/www.bsdnonwoven.com\/wp-content\/uploads\/2025\/05\/Absorbent-Needle-Punched-Nonwoven-Fabric-for-Medical-Plasters1-4-980x327.webp 980w, https:\/\/www.bsdnonwoven.com\/wp-content\/uploads\/2025\/05\/Absorbent-Needle-Punched-Nonwoven-Fabric-for-Medical-Plasters1-4-480x160.webp 480w\" sizes=\"(min-width: 0px) and (max-width: 480px) 480px, (min-width: 481px) and (max-width: 980px) 980px, (min-width: 981px) and (max-width: 1280px) 1280px, (min-width: 1281px) 1500px, 100vw\" \/><\/p>","protected":false},"excerpt":{"rendered":"<p>Este absorbente tejido no tejido punzonado est\u00e1 especialmente dise\u00f1ado para su uso en emplastos m\u00e9dicos y parches t\u00f3picos. Ofrece una excelente capacidad de absorci\u00f3n, suavidad y transpirabilidad, lo que le permite absorber y retener r\u00e1pidamente los fluidos medicinales. Ayuda a mejorar la eficacia de la administraci\u00f3n de f\u00e1rmacos al tiempo que minimiza la irritaci\u00f3n de la piel. El tejido puede tratarse con acabados hidr\u00f3filos, antibacterianos o de otro tipo para adaptarse a una amplia gama de necesidades m\u00e9dicas.<\/p>","protected":false},"featured_media":13387,"template":"","meta":{"_et_pb_use_builder":"","_et_pb_old_content":"","_et_gb_content_width":""},"product_cat":[311],"product_tag":[],"yoast_head":"<!-- This site is optimized with the Yoast SEO plugin v22.7 - https:\/\/yoast.com\/wordpress\/plugins\/seo\/ -->\n<title>Absorbent Needle-Punched Nonwoven Fabric for Medical Plasters - Boshida Nonwoven<\/title>\n<meta name=\"description\" content=\"Absorbent Needle-Punched Nonwoven Fabric for Medical Plasters , we provide Geosynthetic Needle-Punched Non-woven Fabric, Household needle punched non-woven fabric, Automotive Non-woven Fabric with good price.\" \/>\n<meta name=\"robots\" content=\"index, follow, max-snippet:-1, max-image-preview:large, max-video-preview:-1\" \/>\n<link rel=\"canonical\" href=\"https:\/\/www.bsdnonwoven.com\/es\/producto\/absorbent-needle-punched-nonwoven-fabric-for-medical-plasters\/\" \/>\n<meta property=\"og:locale\" content=\"es_ES\" \/>\n<meta property=\"og:type\" content=\"article\" \/>\n<meta property=\"og:title\" content=\"Absorbent Needle-Punched Nonwoven Fabric for Medical Plasters - Boshida Nonwoven\" \/>\n<meta property=\"og:description\" content=\"Absorbent Needle-Punched Nonwoven Fabric for Medical Plasters , we provide Geosynthetic Needle-Punched Non-woven Fabric, Household needle punched non-woven fabric, Automotive Non-woven Fabric with good price.\" \/>\n<meta property=\"og:url\" content=\"https:\/\/www.bsdnonwoven.com\/es\/producto\/absorbent-needle-punched-nonwoven-fabric-for-medical-plasters\/\" \/>\n<meta property=\"og:site_name\" content=\"Boshida Nonwoven\" \/>\n<meta property=\"article:modified_time\" content=\"2025-06-25T09:29:46+00:00\" \/>\n<meta property=\"og:image\" content=\"https:\/\/www.bsdnonwoven.com\/wp-content\/uploads\/2025\/05\/Absorbent-Needle-Punched-Nonwoven-Fabric-for-Medical-Plasters-1.png\" \/>\n\t<meta property=\"og:image:width\" content=\"800\" \/>\n\t<meta property=\"og:image:height\" content=\"800\" \/>\n\t<meta property=\"og:image:type\" content=\"image\/png\" \/>\n<meta name=\"twitter:card\" content=\"summary_large_image\" \/>\n<meta name=\"twitter:label1\" content=\"Tiempo de lectura\" \/>\n\t<meta name=\"twitter:data1\" content=\"2 minutos\" \/>\n<script type=\"application\/ld+json\" class=\"yoast-schema-graph\">{\"@context\":\"https:\/\/schema.org\",\"@graph\":[{\"@type\":\"WebPage\",\"@id\":\"https:\/\/www.bsdnonwoven.com\/product\/absorbent-needle-punched-nonwoven-fabric-for-medical-plasters\/\",\"url\":\"https:\/\/www.bsdnonwoven.com\/product\/absorbent-needle-punched-nonwoven-fabric-for-medical-plasters\/\",\"name\":\"Absorbent Needle-Punched Nonwoven Fabric for Medical Plasters - Boshida Nonwoven\",\"isPartOf\":{\"@id\":\"https:\/\/www.bsdnonwoven.com\/#website\"},\"primaryImageOfPage\":{\"@id\":\"https:\/\/www.bsdnonwoven.com\/product\/absorbent-needle-punched-nonwoven-fabric-for-medical-plasters\/#primaryimage\"},\"image\":{\"@id\":\"https:\/\/www.bsdnonwoven.com\/product\/absorbent-needle-punched-nonwoven-fabric-for-medical-plasters\/#primaryimage\"},\"thumbnailUrl\":\"https:\/\/www.bsdnonwoven.com\/wp-content\/uploads\/2025\/05\/Absorbent-Needle-Punched-Nonwoven-Fabric-for-Medical-Plasters-1.png\",\"datePublished\":\"2025-05-10T07:09:31+00:00\",\"dateModified\":\"2025-06-25T09:29:46+00:00\",\"description\":\"Absorbent Needle-Punched Nonwoven Fabric for Medical Plasters , we provide Geosynthetic Needle-Punched Non-woven Fabric, Household needle punched non-woven fabric, Automotive Non-woven Fabric with good price.\",\"breadcrumb\":{\"@id\":\"https:\/\/www.bsdnonwoven.com\/product\/absorbent-needle-punched-nonwoven-fabric-for-medical-plasters\/#breadcrumb\"},\"inLanguage\":\"es\",\"potentialAction\":[{\"@type\":\"ReadAction\",\"target\":[\"https:\/\/www.bsdnonwoven.com\/product\/absorbent-needle-punched-nonwoven-fabric-for-medical-plasters\/\"]}]},{\"@type\":\"ImageObject\",\"inLanguage\":\"es\",\"@id\":\"https:\/\/www.bsdnonwoven.com\/product\/absorbent-needle-punched-nonwoven-fabric-for-medical-plasters\/#primaryimage\",\"url\":\"https:\/\/www.bsdnonwoven.com\/wp-content\/uploads\/2025\/05\/Absorbent-Needle-Punched-Nonwoven-Fabric-for-Medical-Plasters-1.png\",\"contentUrl\":\"https:\/\/www.bsdnonwoven.com\/wp-content\/uploads\/2025\/05\/Absorbent-Needle-Punched-Nonwoven-Fabric-for-Medical-Plasters-1.png\",\"width\":800,\"height\":800,\"caption\":\"Absorbent Needle-Punched Nonwoven Fabric for Medical Plasters\"},{\"@type\":\"BreadcrumbList\",\"@id\":\"https:\/\/www.bsdnonwoven.com\/product\/absorbent-needle-punched-nonwoven-fabric-for-medical-plasters\/#breadcrumb\",\"itemListElement\":[{\"@type\":\"ListItem\",\"position\":1,\"name\":\"Home\",\"item\":\"https:\/\/www.bsdnonwoven.com\/\"},{\"@type\":\"ListItem\",\"position\":2,\"name\":\"Products\",\"item\":\"https:\/\/www.bsdnonwoven.com\/shop\/\"},{\"@type\":\"ListItem\",\"position\":3,\"name\":\"Absorbent Needle-Punched Nonwoven Fabric for Medical Plasters\"}]},{\"@type\":\"WebSite\",\"@id\":\"https:\/\/www.bsdnonwoven.com\/#website\",\"url\":\"https:\/\/www.bsdnonwoven.com\/\",\"name\":\"Boshida Nonwoven\",\"description\":\"\",\"potentialAction\":[{\"@type\":\"SearchAction\",\"target\":{\"@type\":\"EntryPoint\",\"urlTemplate\":\"https:\/\/www.bsdnonwoven.com\/?s={search_term_string}\"},\"query-input\":\"required name=search_term_string\"}],\"inLanguage\":\"es\"}]}<\/script>\n<!-- \/ Yoast SEO plugin. -->","yoast_head_json":{"title":"Absorbent Needle-Punched Nonwoven Fabric for Medical Plasters - Boshida Nonwoven","description":"Absorbent Needle-Punched Nonwoven Fabric for Medical Plasters , we provide Geosynthetic Needle-Punched Non-woven Fabric, Household needle punched non-woven fabric, Automotive Non-woven Fabric with good price.","robots":{"index":"index","follow":"follow","max-snippet":"max-snippet:-1","max-image-preview":"max-image-preview:large","max-video-preview":"max-video-preview:-1"},"canonical":"https:\/\/www.bsdnonwoven.com\/es\/producto\/absorbent-needle-punched-nonwoven-fabric-for-medical-plasters\/","og_locale":"es_ES","og_type":"article","og_title":"Absorbent Needle-Punched Nonwoven Fabric for Medical Plasters - Boshida Nonwoven","og_description":"Absorbent Needle-Punched Nonwoven Fabric for Medical Plasters , we provide Geosynthetic Needle-Punched Non-woven Fabric, Household needle punched non-woven fabric, Automotive Non-woven Fabric with good price.","og_url":"https:\/\/www.bsdnonwoven.com\/es\/producto\/absorbent-needle-punched-nonwoven-fabric-for-medical-plasters\/","og_site_name":"Boshida Nonwoven","article_modified_time":"2025-06-25T09:29:46+00:00","og_image":[{"width":800,"height":800,"url":"https:\/\/www.bsdnonwoven.com\/wp-content\/uploads\/2025\/05\/Absorbent-Needle-Punched-Nonwoven-Fabric-for-Medical-Plasters-1.png","type":"image\/png"}],"twitter_card":"summary_large_image","twitter_misc":{"Tiempo de lectura":"2 minutos"},"schema":{"@context":"https:\/\/schema.org","@graph":[{"@type":"WebPage","@id":"https:\/\/www.bsdnonwoven.com\/product\/absorbent-needle-punched-nonwoven-fabric-for-medical-plasters\/","url":"https:\/\/www.bsdnonwoven.com\/product\/absorbent-needle-punched-nonwoven-fabric-for-medical-plasters\/","name":"Absorbent Needle-Punched Nonwoven Fabric for Medical Plasters - Boshida Nonwoven","isPartOf":{"@id":"https:\/\/www.bsdnonwoven.com\/#website"},"primaryImageOfPage":{"@id":"https:\/\/www.bsdnonwoven.com\/product\/absorbent-needle-punched-nonwoven-fabric-for-medical-plasters\/#primaryimage"},"image":{"@id":"https:\/\/www.bsdnonwoven.com\/product\/absorbent-needle-punched-nonwoven-fabric-for-medical-plasters\/#primaryimage"},"thumbnailUrl":"https:\/\/www.bsdnonwoven.com\/wp-content\/uploads\/2025\/05\/Absorbent-Needle-Punched-Nonwoven-Fabric-for-Medical-Plasters-1.png","datePublished":"2025-05-10T07:09:31+00:00","dateModified":"2025-06-25T09:29:46+00:00","description":"Absorbent Needle-Punched Nonwoven Fabric for Medical Plasters , we provide Geosynthetic Needle-Punched Non-woven Fabric, Household needle punched non-woven fabric, Automotive Non-woven Fabric with good price.","breadcrumb":{"@id":"https:\/\/www.bsdnonwoven.com\/product\/absorbent-needle-punched-nonwoven-fabric-for-medical-plasters\/#breadcrumb"},"inLanguage":"es","potentialAction":[{"@type":"ReadAction","target":["https:\/\/www.bsdnonwoven.com\/product\/absorbent-needle-punched-nonwoven-fabric-for-medical-plasters\/"]}]},{"@type":"ImageObject","inLanguage":"es","@id":"https:\/\/www.bsdnonwoven.com\/product\/absorbent-needle-punched-nonwoven-fabric-for-medical-plasters\/#primaryimage","url":"https:\/\/www.bsdnonwoven.com\/wp-content\/uploads\/2025\/05\/Absorbent-Needle-Punched-Nonwoven-Fabric-for-Medical-Plasters-1.png","contentUrl":"https:\/\/www.bsdnonwoven.com\/wp-content\/uploads\/2025\/05\/Absorbent-Needle-Punched-Nonwoven-Fabric-for-Medical-Plasters-1.png","width":800,"height":800,"caption":"Absorbent Needle-Punched Nonwoven Fabric for Medical Plasters"},{"@type":"BreadcrumbList","@id":"https:\/\/www.bsdnonwoven.com\/product\/absorbent-needle-punched-nonwoven-fabric-for-medical-plasters\/#breadcrumb","itemListElement":[{"@type":"ListItem","position":1,"name":"Home","item":"https:\/\/www.bsdnonwoven.com\/"},{"@type":"ListItem","position":2,"name":"Products","item":"https:\/\/www.bsdnonwoven.com\/shop\/"},{"@type":"ListItem","position":3,"name":"Absorbent Needle-Punched Nonwoven Fabric for Medical Plasters"}]},{"@type":"WebSite","@id":"https:\/\/www.bsdnonwoven.com\/#website","url":"https:\/\/www.bsdnonwoven.com\/","name":"Boshida Nonwoven","description":"","potentialAction":[{"@type":"SearchAction","target":{"@type":"EntryPoint","urlTemplate":"https:\/\/www.bsdnonwoven.com\/?s={search_term_string}"},"query-input":"required name=search_term_string"}],"inLanguage":"es"}]}},"_links":{"self":[{"href":"https:\/\/www.bsdnonwoven.com\/es\/wp-json\/wp\/v2\/product\/12860"}],"collection":[{"href":"https:\/\/www.bsdnonwoven.com\/es\/wp-json\/wp\/v2\/product"}],"about":[{"href":"https:\/\/www.bsdnonwoven.com\/es\/wp-json\/wp\/v2\/types\/product"}],"wp:featuredmedia":[{"embeddable":true,"href":"https:\/\/www.bsdnonwoven.com\/es\/wp-json\/wp\/v2\/media\/13387"}],"wp:attachment":[{"href":"https:\/\/www.bsdnonwoven.com\/es\/wp-json\/wp\/v2\/media?parent=12860"}],"wp:term":[{"taxonomy":"product_cat","embeddable":true,"href":"https:\/\/www.bsdnonwoven.com\/es\/wp-json\/wp\/v2\/product_cat?post=12860"},{"taxonomy":"product_tag","embeddable":true,"href":"https:\/\/www.bsdnonwoven.com\/es\/wp-json\/wp\/v2\/product_tag?post=12860"}],"curies":[{"name":"wp","href":"https:\/\/api.w.org\/{rel}","templated":true}]}}