{"id":12871,"date":"2025-05-10T07:12:41","date_gmt":"2025-05-10T07:12:41","guid":{"rendered":"https:\/\/www.bsdnonwoven.com\/?post_type=product&#038;p=12871"},"modified":"2025-07-02T07:24:31","modified_gmt":"2025-07-02T07:24:31","slug":"absorbent-nonwoven-fabric-for-health-care-patches","status":"publish","type":"product","link":"https:\/\/www.bsdnonwoven.com\/es\/producto\/absorbent-nonwoven-fabric-for-health-care-patches\/","title":{"rendered":"Tela no tejida absorbente para parches sanitarios"},"content":{"rendered":"<h2>Especificaciones principales<\/h2>\n<table class=\"tg\" style=\"border-collapse: collapse; border-spacing: 0;\">\n<thead>\n<tr>\n<th style=\"font-family: Arial, sans-serif; font-size: 14px; font-weight: bold; overflow: hidden; padding: 10px 5px; text-align: center; vertical-align: middle; word-break: normal; border: 1px solid black;\">Art\u00edculo<\/th>\n<th style=\"font-family: Arial, sans-serif; font-size: 14px; font-weight: bold; overflow: hidden; padding: 10px 5px; text-align: center; vertical-align: middle; word-break: normal; border: 1px solid black;\">Rango de valores<\/th>\n<\/tr>\n<\/thead>\n<tbody>\n<tr>\n<td style=\"font-family: Arial, sans-serif; font-size: 14px; overflow: hidden; padding: 10px 5px; text-align: left; vertical-align: middle; word-break: normal; border: 1px solid black;\">Peso<\/td>\n<td style=\"font-family: Arial, sans-serif; font-size: 14px; overflow: hidden; padding: 10px 5px; text-align: left; vertical-align: middle; word-break: normal; border: 1px solid black;\">60-180 g\/m\u00b2.<\/td>\n<\/tr>\n<tr>\n<td style=\"font-family: Arial, sans-serif; font-size: 14px; overflow: hidden; padding: 10px 5px; text-align: left; vertical-align: middle; word-break: normal; border: 1px solid black;\">Espesor<\/td>\n<td style=\"font-family: Arial, sans-serif; font-size: 14px; overflow: hidden; padding: 10px 5px; text-align: left; vertical-align: middle; word-break: normal; border: 1px solid black;\">0,8-3,0 mm<\/td>\n<\/tr>\n<tr>\n<td style=\"font-family: Arial, sans-serif; font-size: 14px; overflow: hidden; padding: 10px 5px; text-align: left; vertical-align: middle; word-break: normal; border: 1px solid black;\">Material<\/td>\n<td style=\"font-family: Arial, sans-serif; font-size: 14px; overflow: hidden; padding: 10px 5px; text-align: left; vertical-align: middle; word-break: normal; border: 1px solid black;\">Poli\u00e9ster (PET) o polipropileno (PP)<\/td>\n<\/tr>\n<tr>\n<td style=\"font-family: Arial, sans-serif; font-size: 14px; overflow: hidden; padding: 10px 5px; text-align: left; vertical-align: middle; word-break: normal; border: 1px solid black;\">Color<\/td>\n<td style=\"font-family: Arial, sans-serif; font-size: 14px; overflow: hidden; padding: 10px 5px; text-align: left; vertical-align: middle; word-break: normal; border: 1px solid black;\">Blanco, gris claro (personalizable)<\/td>\n<\/tr>\n<tr>\n<td style=\"font-family: Arial, sans-serif; font-size: 14px; overflow: hidden; padding: 10px 5px; text-align: left; vertical-align: middle; word-break: normal; border: 1px solid black;\">Anchura<\/td>\n<td style=\"font-family: Arial, sans-serif; font-size: 14px; overflow: hidden; padding: 10px 5px; text-align: left; vertical-align: middle; word-break: normal; border: 1px solid black;\">5 cm-160 cm (personalizable)<\/td>\n<\/tr>\n<tr>\n<td style=\"font-family: Arial, sans-serif; font-size: 14px; overflow: hidden; padding: 10px 5px; text-align: left; vertical-align: middle; word-break: normal; border: 1px solid black;\">Proceso<\/td>\n<td style=\"font-family: Arial, sans-serif; font-size: 14px; overflow: hidden; padding: 10px 5px; text-align: left; vertical-align: middle; word-break: normal; border: 1px solid black;\">No tejido punzonado<\/td>\n<\/tr>\n<tr>\n<td style=\"font-family: Arial, sans-serif; font-size: 14px; overflow: hidden; padding: 10px 5px; text-align: left; vertical-align: middle; word-break: normal; border: 1px solid black;\">Acabados especiales<\/td>\n<td style=\"font-family: Arial, sans-serif; font-size: 14px; overflow: hidden; padding: 10px 5px; text-align: left; vertical-align: middle; word-break: normal; border: 1px solid black;\">Hidr\u00f3filo, transpirable, tacto suave, antibacteriano<\/td>\n<\/tr>\n<\/tbody>\n<\/table>\n<h2>Descripci\u00f3n del producto<\/h2>\n<p>La tela no tejida absorbente para parches sanitarios es un material punzonado suave, transpirable y muy absorbente dise\u00f1ado para productos como parches oculares, parches para el cuello y parches para el ombligo. Su estructura uniforme y su textura agradable para la piel le permiten absorber eficazmente l\u00edquidos a base de hierbas o plantas y garantizar la liberaci\u00f3n gradual de ingredientes terap\u00e9uticos, mejorando la eficacia y la comodidad de los tratamientos de bienestar.<\/p>\n<h2>Caracter\u00edsticas del producto<\/h2>\n<p>Suave y agradable para la piel: Textura suave, c\u00f3moda para el contacto directo con la piel.<\/p>\n<p>Alta Absorci\u00f3n: Absorbe r\u00e1pidamente los fluidos herbales o m\u00e9dicos.<\/p>\n<p>Funci\u00f3n de liberaci\u00f3n lenta: Favorece la liberaci\u00f3n y absorci\u00f3n continuas de los principios activos.<\/p>\n<p>Acabados personalizables: Disponible con tratamiento hidr\u00f3filo, transpirable y antibacteriano.<\/p>\n<p>Seguro y respetuoso con el medio ambiente: No t\u00f3xico y no irritante, seguro para un uso prolongado.<\/p>\n<h2>Funci\u00f3n del producto<\/h2>\n<p>Este tejido funciona como capa central absorbente y de liberaci\u00f3n en los parches de bienestar, favoreciendo la administraci\u00f3n eficaz de principios activos, ampliando la duraci\u00f3n terap\u00e9utica y proporcionando amortiguaci\u00f3n para mejorar la comodidad y la eficacia.<\/p>\n<h2>Aplicaciones de los productos<\/h2>\n<p>Parches oculares<\/p>\n<p>Parches terap\u00e9uticos para el cuello<\/p>\n<p>Parches para el ombligo<\/p>\n<p>Parches para los pies<\/p>\n<p>Parches terap\u00e9uticos de MTC<\/p>\n<p>Bases de maquillaje y cuidado de la piel<\/p>\n<p>Materiales para compresas fr\u00edas\/calientes<\/p>\n<p><img loading=\"lazy\" decoding=\"async\" class=\"size-full wp-image-13638 aligncenter\" data-src=\"https:\/\/www.bsdnonwoven.com\/wp-content\/uploads\/2025\/05\/Absorbent-Nonwoven-Fabric-for-Health-Care-Patches-7.webp\" alt=\"Tela no tejida absorbente para parches sanitarios\" width=\"1500\" height=\"500\" srcset=\"https:\/\/www.bsdnonwoven.com\/wp-content\/uploads\/2025\/05\/Absorbent-Nonwoven-Fabric-for-Health-Care-Patches-7.webp 1500w, https:\/\/www.bsdnonwoven.com\/wp-content\/uploads\/2025\/05\/Absorbent-Nonwoven-Fabric-for-Health-Care-Patches-7-1280x427.webp 1280w, https:\/\/www.bsdnonwoven.com\/wp-content\/uploads\/2025\/05\/Absorbent-Nonwoven-Fabric-for-Health-Care-Patches-7-980x327.webp 980w, https:\/\/www.bsdnonwoven.com\/wp-content\/uploads\/2025\/05\/Absorbent-Nonwoven-Fabric-for-Health-Care-Patches-7-480x160.webp 480w\" sizes=\"(min-width: 0px) and (max-width: 480px) 480px, (min-width: 481px) and (max-width: 980px) 980px, (min-width: 981px) and (max-width: 1280px) 1280px, (min-width: 1281px) 1500px, 100vw\" \/><\/p>","protected":false},"excerpt":{"rendered":"<p>La tela no tejida absorbente para parches sanitarios es un material punzonado suave, transpirable y muy absorbente dise\u00f1ado para productos como parches oculares, parches para el cuello y parches para el ombligo. Su estructura uniforme y su textura agradable para la piel le permiten absorber eficazmente l\u00edquidos a base de hierbas o plantas y garantizar la liberaci\u00f3n gradual de ingredientes terap\u00e9uticos, mejorando la eficacia y la comodidad de los tratamientos de bienestar.<\/p>","protected":false},"featured_media":13417,"template":"","meta":{"_et_pb_use_builder":"","_et_pb_old_content":"","_et_gb_content_width":""},"product_cat":[311],"product_tag":[],"yoast_head":"<!-- This site is optimized with the Yoast SEO plugin v22.7 - https:\/\/yoast.com\/wordpress\/plugins\/seo\/ -->\n<title>Absorbent Nonwoven Fabric for Health Care Patches - Boshida Nonwoven<\/title>\n<meta name=\"description\" content=\"Absorbent Nonwoven Fabric for Health Care Patches , we provide Geosynthetic Needle-Punched Non-woven Fabric, Household needle punched non-woven fabric, Automotive Non-woven Fabric with good price.\" \/>\n<meta name=\"robots\" content=\"index, follow, max-snippet:-1, max-image-preview:large, max-video-preview:-1\" \/>\n<link rel=\"canonical\" href=\"https:\/\/www.bsdnonwoven.com\/es\/producto\/absorbent-nonwoven-fabric-for-health-care-patches\/\" \/>\n<meta property=\"og:locale\" content=\"es_ES\" \/>\n<meta property=\"og:type\" content=\"article\" \/>\n<meta property=\"og:title\" content=\"Absorbent Nonwoven Fabric for Health Care Patches - Boshida Nonwoven\" \/>\n<meta property=\"og:description\" content=\"Absorbent Nonwoven Fabric for Health Care Patches , we provide Geosynthetic Needle-Punched Non-woven Fabric, Household needle punched non-woven fabric, Automotive Non-woven Fabric with good price.\" \/>\n<meta property=\"og:url\" content=\"https:\/\/www.bsdnonwoven.com\/es\/producto\/absorbent-nonwoven-fabric-for-health-care-patches\/\" \/>\n<meta property=\"og:site_name\" content=\"Boshida Nonwoven\" \/>\n<meta property=\"article:modified_time\" content=\"2025-07-02T07:24:31+00:00\" \/>\n<meta property=\"og:image\" content=\"https:\/\/www.bsdnonwoven.com\/wp-content\/uploads\/2025\/05\/Absorbent-Nonwoven-Fabric-for-Health-Care-Patches-1.webp\" \/>\n\t<meta property=\"og:image:width\" content=\"800\" \/>\n\t<meta property=\"og:image:height\" content=\"800\" \/>\n\t<meta property=\"og:image:type\" content=\"image\/webp\" \/>\n<meta name=\"twitter:card\" content=\"summary_large_image\" \/>\n<meta name=\"twitter:label1\" content=\"Tiempo de lectura\" \/>\n\t<meta name=\"twitter:data1\" content=\"2 minutos\" \/>\n<script type=\"application\/ld+json\" class=\"yoast-schema-graph\">{\"@context\":\"https:\/\/schema.org\",\"@graph\":[{\"@type\":\"WebPage\",\"@id\":\"https:\/\/www.bsdnonwoven.com\/product\/absorbent-nonwoven-fabric-for-health-care-patches\/\",\"url\":\"https:\/\/www.bsdnonwoven.com\/product\/absorbent-nonwoven-fabric-for-health-care-patches\/\",\"name\":\"Absorbent Nonwoven Fabric for Health Care Patches - Boshida Nonwoven\",\"isPartOf\":{\"@id\":\"https:\/\/www.bsdnonwoven.com\/#website\"},\"primaryImageOfPage\":{\"@id\":\"https:\/\/www.bsdnonwoven.com\/product\/absorbent-nonwoven-fabric-for-health-care-patches\/#primaryimage\"},\"image\":{\"@id\":\"https:\/\/www.bsdnonwoven.com\/product\/absorbent-nonwoven-fabric-for-health-care-patches\/#primaryimage\"},\"thumbnailUrl\":\"https:\/\/www.bsdnonwoven.com\/wp-content\/uploads\/2025\/05\/Absorbent-Nonwoven-Fabric-for-Health-Care-Patches-1.webp\",\"datePublished\":\"2025-05-10T07:12:41+00:00\",\"dateModified\":\"2025-07-02T07:24:31+00:00\",\"description\":\"Absorbent Nonwoven Fabric for Health Care Patches , we provide Geosynthetic Needle-Punched Non-woven Fabric, Household needle punched non-woven fabric, Automotive Non-woven Fabric with good price.\",\"breadcrumb\":{\"@id\":\"https:\/\/www.bsdnonwoven.com\/product\/absorbent-nonwoven-fabric-for-health-care-patches\/#breadcrumb\"},\"inLanguage\":\"es\",\"potentialAction\":[{\"@type\":\"ReadAction\",\"target\":[\"https:\/\/www.bsdnonwoven.com\/product\/absorbent-nonwoven-fabric-for-health-care-patches\/\"]}]},{\"@type\":\"ImageObject\",\"inLanguage\":\"es\",\"@id\":\"https:\/\/www.bsdnonwoven.com\/product\/absorbent-nonwoven-fabric-for-health-care-patches\/#primaryimage\",\"url\":\"https:\/\/www.bsdnonwoven.com\/wp-content\/uploads\/2025\/05\/Absorbent-Nonwoven-Fabric-for-Health-Care-Patches-1.webp\",\"contentUrl\":\"https:\/\/www.bsdnonwoven.com\/wp-content\/uploads\/2025\/05\/Absorbent-Nonwoven-Fabric-for-Health-Care-Patches-1.webp\",\"width\":800,\"height\":800,\"caption\":\"Absorbent Nonwoven Fabric for Health Care Patches\"},{\"@type\":\"BreadcrumbList\",\"@id\":\"https:\/\/www.bsdnonwoven.com\/product\/absorbent-nonwoven-fabric-for-health-care-patches\/#breadcrumb\",\"itemListElement\":[{\"@type\":\"ListItem\",\"position\":1,\"name\":\"Home\",\"item\":\"https:\/\/www.bsdnonwoven.com\/\"},{\"@type\":\"ListItem\",\"position\":2,\"name\":\"Products\",\"item\":\"https:\/\/www.bsdnonwoven.com\/shop\/\"},{\"@type\":\"ListItem\",\"position\":3,\"name\":\"Absorbent Nonwoven Fabric for Health Care Patches\"}]},{\"@type\":\"WebSite\",\"@id\":\"https:\/\/www.bsdnonwoven.com\/#website\",\"url\":\"https:\/\/www.bsdnonwoven.com\/\",\"name\":\"Boshida Nonwoven\",\"description\":\"\",\"potentialAction\":[{\"@type\":\"SearchAction\",\"target\":{\"@type\":\"EntryPoint\",\"urlTemplate\":\"https:\/\/www.bsdnonwoven.com\/?s={search_term_string}\"},\"query-input\":\"required name=search_term_string\"}],\"inLanguage\":\"es\"}]}<\/script>\n<!-- \/ Yoast SEO plugin. -->","yoast_head_json":{"title":"Absorbent Nonwoven Fabric for Health Care Patches - Boshida Nonwoven","description":"Absorbent Nonwoven Fabric for Health Care Patches , we provide Geosynthetic Needle-Punched Non-woven Fabric, Household needle punched non-woven fabric, Automotive Non-woven Fabric with good price.","robots":{"index":"index","follow":"follow","max-snippet":"max-snippet:-1","max-image-preview":"max-image-preview:large","max-video-preview":"max-video-preview:-1"},"canonical":"https:\/\/www.bsdnonwoven.com\/es\/producto\/absorbent-nonwoven-fabric-for-health-care-patches\/","og_locale":"es_ES","og_type":"article","og_title":"Absorbent Nonwoven Fabric for Health Care Patches - Boshida Nonwoven","og_description":"Absorbent Nonwoven Fabric for Health Care Patches , we provide Geosynthetic Needle-Punched Non-woven Fabric, Household needle punched non-woven fabric, Automotive Non-woven Fabric with good price.","og_url":"https:\/\/www.bsdnonwoven.com\/es\/producto\/absorbent-nonwoven-fabric-for-health-care-patches\/","og_site_name":"Boshida Nonwoven","article_modified_time":"2025-07-02T07:24:31+00:00","og_image":[{"width":800,"height":800,"url":"https:\/\/www.bsdnonwoven.com\/wp-content\/uploads\/2025\/05\/Absorbent-Nonwoven-Fabric-for-Health-Care-Patches-1.webp","type":"image\/webp"}],"twitter_card":"summary_large_image","twitter_misc":{"Tiempo de lectura":"2 minutos"},"schema":{"@context":"https:\/\/schema.org","@graph":[{"@type":"WebPage","@id":"https:\/\/www.bsdnonwoven.com\/product\/absorbent-nonwoven-fabric-for-health-care-patches\/","url":"https:\/\/www.bsdnonwoven.com\/product\/absorbent-nonwoven-fabric-for-health-care-patches\/","name":"Absorbent Nonwoven Fabric for Health Care Patches - Boshida Nonwoven","isPartOf":{"@id":"https:\/\/www.bsdnonwoven.com\/#website"},"primaryImageOfPage":{"@id":"https:\/\/www.bsdnonwoven.com\/product\/absorbent-nonwoven-fabric-for-health-care-patches\/#primaryimage"},"image":{"@id":"https:\/\/www.bsdnonwoven.com\/product\/absorbent-nonwoven-fabric-for-health-care-patches\/#primaryimage"},"thumbnailUrl":"https:\/\/www.bsdnonwoven.com\/wp-content\/uploads\/2025\/05\/Absorbent-Nonwoven-Fabric-for-Health-Care-Patches-1.webp","datePublished":"2025-05-10T07:12:41+00:00","dateModified":"2025-07-02T07:24:31+00:00","description":"Absorbent Nonwoven Fabric for Health Care Patches , we provide Geosynthetic Needle-Punched Non-woven Fabric, Household needle punched non-woven fabric, Automotive Non-woven Fabric with good price.","breadcrumb":{"@id":"https:\/\/www.bsdnonwoven.com\/product\/absorbent-nonwoven-fabric-for-health-care-patches\/#breadcrumb"},"inLanguage":"es","potentialAction":[{"@type":"ReadAction","target":["https:\/\/www.bsdnonwoven.com\/product\/absorbent-nonwoven-fabric-for-health-care-patches\/"]}]},{"@type":"ImageObject","inLanguage":"es","@id":"https:\/\/www.bsdnonwoven.com\/product\/absorbent-nonwoven-fabric-for-health-care-patches\/#primaryimage","url":"https:\/\/www.bsdnonwoven.com\/wp-content\/uploads\/2025\/05\/Absorbent-Nonwoven-Fabric-for-Health-Care-Patches-1.webp","contentUrl":"https:\/\/www.bsdnonwoven.com\/wp-content\/uploads\/2025\/05\/Absorbent-Nonwoven-Fabric-for-Health-Care-Patches-1.webp","width":800,"height":800,"caption":"Absorbent Nonwoven Fabric for Health Care Patches"},{"@type":"BreadcrumbList","@id":"https:\/\/www.bsdnonwoven.com\/product\/absorbent-nonwoven-fabric-for-health-care-patches\/#breadcrumb","itemListElement":[{"@type":"ListItem","position":1,"name":"Home","item":"https:\/\/www.bsdnonwoven.com\/"},{"@type":"ListItem","position":2,"name":"Products","item":"https:\/\/www.bsdnonwoven.com\/shop\/"},{"@type":"ListItem","position":3,"name":"Absorbent Nonwoven Fabric for Health Care Patches"}]},{"@type":"WebSite","@id":"https:\/\/www.bsdnonwoven.com\/#website","url":"https:\/\/www.bsdnonwoven.com\/","name":"Boshida Nonwoven","description":"","potentialAction":[{"@type":"SearchAction","target":{"@type":"EntryPoint","urlTemplate":"https:\/\/www.bsdnonwoven.com\/?s={search_term_string}"},"query-input":"required name=search_term_string"}],"inLanguage":"es"}]}},"_links":{"self":[{"href":"https:\/\/www.bsdnonwoven.com\/es\/wp-json\/wp\/v2\/product\/12871"}],"collection":[{"href":"https:\/\/www.bsdnonwoven.com\/es\/wp-json\/wp\/v2\/product"}],"about":[{"href":"https:\/\/www.bsdnonwoven.com\/es\/wp-json\/wp\/v2\/types\/product"}],"wp:featuredmedia":[{"embeddable":true,"href":"https:\/\/www.bsdnonwoven.com\/es\/wp-json\/wp\/v2\/media\/13417"}],"wp:attachment":[{"href":"https:\/\/www.bsdnonwoven.com\/es\/wp-json\/wp\/v2\/media?parent=12871"}],"wp:term":[{"taxonomy":"product_cat","embeddable":true,"href":"https:\/\/www.bsdnonwoven.com\/es\/wp-json\/wp\/v2\/product_cat?post=12871"},{"taxonomy":"product_tag","embeddable":true,"href":"https:\/\/www.bsdnonwoven.com\/es\/wp-json\/wp\/v2\/product_tag?post=12871"}],"curies":[{"name":"wp","href":"https:\/\/api.w.org\/{rel}","templated":true}]}}