{"id":12975,"date":"2025-05-21T02:53:59","date_gmt":"2025-05-21T02:53:59","guid":{"rendered":"https:\/\/www.bsdnonwoven.com\/?post_type=product&#038;p=12975"},"modified":"2025-06-26T08:22:43","modified_gmt":"2025-06-26T08:22:43","slug":"pp-needle-punched-nonwoven-geotextile","status":"publish","type":"product","link":"https:\/\/www.bsdnonwoven.com\/es\/producto\/pp-needle-punched-nonwoven-geotextile\/","title":{"rendered":"Geotextil no tejido punzonado PP"},"content":{"rendered":"<h2>Describa<\/h2>\n<p>Geotextile, also known as geofabric or geosynthetic material, is a permeable geosynthetic material made from synthetic fibers through a needle-punching process. The fibers are opened, carded, and laid into a web, then reinforced into fabric by needle punching.<\/p>\n<p>Polypropylene (PP) non-woven needle-punched geotextile is produced using high-quality short fibers through the needle-punching process. PP offers better moisture resistance, abrasion resistance, ventilation, and drainage performance compared to PET. Polypropylene fibers are lighter in weight than polyester fibers.<\/p>\n<table class=\"tg\" style=\"border-collapse: collapse; border-spacing: 0;\">\n<thead>\n<tr>\n<th style=\"background-color: #fff; color: #000000; font-family: Arial, sans-serif; font-size: 14px; font-weight: bold; overflow: hidden; padding: 10px 5px; text-align: left; vertical-align: middle; word-break: normal; border: 1px solid black;\">Par\u00e1metro<\/th>\n<th style=\"background-color: #fff; color: #000000; font-family: Arial, sans-serif; font-size: 14px; font-weight: bold; overflow: hidden; padding: 10px 5px; text-align: left; vertical-align: middle; word-break: normal; border: 1px solid black;\">Valor<\/th>\n<\/tr>\n<\/thead>\n<tbody>\n<tr>\n<td style=\"background-color: #fff; color: #000000; font-family: Arial, sans-serif; font-size: 14px; overflow: hidden; padding: 10px 5px; text-align: left; vertical-align: middle; word-break: normal; border: 1px solid black;\">Material<\/td>\n<td style=\"background-color: #fff; color: #000000; font-family: Arial, sans-serif; font-size: 14px; overflow: hidden; padding: 10px 5px; text-align: left; vertical-align: middle; word-break: normal; border: 1px solid black;\">Polypropylene (PP)<\/td>\n<\/tr>\n<tr>\n<td style=\"background-color: #fff; color: #000000; font-family: Arial, sans-serif; font-size: 14px; overflow: hidden; padding: 10px 5px; text-align: left; vertical-align: middle; word-break: normal; border: 1px solid black;\">Peso<\/td>\n<td style=\"background-color: #fff; color: #000000; font-family: Arial, sans-serif; font-size: 14px; overflow: hidden; padding: 10px 5px; text-align: left; vertical-align: middle; word-break: normal; border: 1px solid black;\">100 g\/m<sup>2<\/sup>-800g\/m<sup>2<\/sup> (customizable)<\/td>\n<\/tr>\n<tr>\n<td style=\"background-color: #fff; color: #000000; font-family: Arial, sans-serif; font-size: 14px; overflow: hidden; padding: 10px 5px; text-align: left; vertical-align: middle; word-break: normal; border: 1px solid black;\">Espesor<\/td>\n<td style=\"background-color: #fff; color: #000000; font-family: Arial, sans-serif; font-size: 14px; overflow: hidden; padding: 10px 5px; text-align: left; vertical-align: middle; word-break: normal; border: 1px solid black;\">1.0-5.0 mm<\/td>\n<\/tr>\n<tr>\n<td style=\"background-color: #fff; color: #000000; font-family: Arial, sans-serif; font-size: 14px; overflow: hidden; padding: 10px 5px; text-align: left; vertical-align: middle; word-break: normal; border: 1px solid black;\">Anchura<\/td>\n<td style=\"background-color: #fff; color: #000000; font-family: Arial, sans-serif; font-size: 14px; overflow: hidden; padding: 10px 5px; text-align: left; vertical-align: middle; word-break: normal; border: 1px solid black;\">0,5 m-7 m (personalizable)<\/td>\n<\/tr>\n<tr>\n<td style=\"background-color: #fff; color: #000000; font-family: Arial, sans-serif; font-size: 14px; overflow: hidden; padding: 10px 5px; text-align: left; vertical-align: middle; word-break: normal; border: 1px solid black;\">Color<\/td>\n<td style=\"background-color: #fff; color: #000000; font-family: Arial, sans-serif; font-size: 14px; overflow: hidden; padding: 10px 5px; text-align: left; vertical-align: middle; word-break: normal; border: 1px solid black;\">White\/Black\/Custom<\/td>\n<\/tr>\n<tr>\n<td style=\"background-color: #fff; color: #000000; font-family: Arial, sans-serif; font-size: 14px; overflow: hidden; padding: 10px 5px; text-align: left; vertical-align: middle; word-break: normal; border: 1px solid black;\">Tensile Strength (MD\/CD)<\/td>\n<td style=\"background-color: #fff; color: #000000; font-family: Arial, sans-serif; font-size: 14px; overflow: hidden; padding: 10px 5px; text-align: left; vertical-align: middle; word-break: normal; border: 1px solid black;\">8-30 kN\/m<\/td>\n<\/tr>\n<tr>\n<td style=\"background-color: #fff; color: #000000; font-family: Arial, sans-serif; font-size: 14px; overflow: hidden; padding: 10px 5px; text-align: left; vertical-align: middle; word-break: normal; border: 1px solid black;\">Permeabilidad<\/td>\n<td style=\"background-color: #fff; color: #000000; font-family: Arial, sans-serif; font-size: 14px; overflow: hidden; padding: 10px 5px; text-align: left; vertical-align: middle; word-break: normal; border: 1px solid black;\">0.1-2.0 cm\/s<\/td>\n<\/tr>\n<tr>\n<td style=\"background-color: #fff; color: #000000; font-family: Arial, sans-serif; font-size: 14px; overflow: hidden; padding: 10px 5px; text-align: left; vertical-align: middle; word-break: normal; border: 1px solid black;\">Resistencia qu\u00edmica<\/td>\n<td style=\"background-color: #fff; color: #000000; font-family: Arial, sans-serif; font-size: 14px; overflow: hidden; padding: 10px 5px; text-align: left; vertical-align: middle; word-break: normal; border: 1px solid black;\">Stable in pH 2-12<\/td>\n<\/tr>\n<\/tbody>\n<\/table>\n<h2>Caracter\u00edsticas<\/h2>\n<ul>\n<li>High Strength, due to the use of plastic fibers, it maintains sufficient strength and elongation in both dry and wet states.<\/li>\n<li>Corrosion Resistance, It can endure long-term corrosion in soils and water with varying pH levels.<\/li>\n<li>High-Temperature &amp; Freeze Resistance, Aging Resistance: Resistant to high temperatures, freezing conditions, and aging.<\/li>\n<li>Excellent Permeability, the gaps between fibers ensure good water permeability.<\/li>\n<li>Microbial Resistance, unaffected by microorganisms and insect damage.<\/li>\n<li>Easy Installation, lightweight and flexible, making transportation, laying, and construction convenient.<\/li>\n<\/ul>\n<h2>Funci\u00f3n<\/h2>\n<ul>\n<li><strong>Transpirable y permeable:<\/strong> Permite el paso del agua al tiempo que evita la erosi\u00f3n del suelo y la arena.<\/li>\n<li><strong>Alta conductividad del agua:<\/strong> Forma canales de drenaje eficaces para eliminar el exceso de l\u00edquidos y gases.<\/li>\n<li><strong>Alta permeabilidad bajo presi\u00f3n: <\/strong>Mantiene un excelente caudal de agua incluso bajo presi\u00f3n de tierra y agua.<\/li>\n<li><strong>Distribuci\u00f3n de la tensi\u00f3n: <\/strong>Dispersa, transfiere o descompone eficazmente la tensi\u00f3n concentrada para proteger el suelo de da\u00f1os.<\/li>\n<li><strong>Capa de separaci\u00f3n:<\/strong> Evita la mezcla entre las capas superior e inferior de arena, tierra y hormig\u00f3n.<\/li>\n<li><strong>Resistencia qu\u00edmica:<\/strong> Fabricado con fibras de PP o PET, resistente a \u00e1cidos, \u00e1lcalis, corrosi\u00f3n, calor y oxidaci\u00f3n.<\/li>\n<li><strong>Ligero y de f\u00e1cil instalaci\u00f3n:<\/strong> Reduce el tiempo y los costes de construcci\u00f3n al tiempo que mejora la eficiencia.<\/li>\n<li><strong>Refuerzo: <\/strong>Aumenta la resistencia a la tracci\u00f3n, la resistencia a la deformaci\u00f3n y la estabilidad estructural del suelo, mejorando su calidad.<\/li>\n<\/ul>\n<h2>Prop\u00f3sito<\/h2>\n<p>PP Short-fiber needle-punched geotextile is a widely used geosynthetic material. It is extensively applied in various engineering projects, including:<\/p>\n<p>&#8211; Reinforcement of railway roadbeds<\/p>\n<p>&#8211; Maintenance of highway pavements<\/p>\n<p>&#8211; Protection of embankments and dams<\/p>\n<p>&#8211; Separation in hydraulic structures<\/p>\n<p>&#8211; Tunnels, coastal tidal flats, and land reclamation<\/p>\n<p>&#8211; Environmental protection projects<\/p>\n<p>&#8211; Power plants and airport construction<\/p>\n<h2>Escenarios de aplicaci\u00f3n<\/h2>\n<p><img loading=\"lazy\" decoding=\"async\" class=\"size-full wp-image-13605 aligncenter\" data-src=\"https:\/\/www.bsdnonwoven.com\/wp-content\/uploads\/2025\/05\/PP-Needle-Punched-Nonwoven-Geotextile-6.webp\" alt=\"Geotextil no tejido punzonado PP\" width=\"1500\" height=\"500\" srcset=\"https:\/\/www.bsdnonwoven.com\/wp-content\/uploads\/2025\/05\/PP-Needle-Punched-Nonwoven-Geotextile-6.webp 1500w, https:\/\/www.bsdnonwoven.com\/wp-content\/uploads\/2025\/05\/PP-Needle-Punched-Nonwoven-Geotextile-6-1280x427.webp 1280w, https:\/\/www.bsdnonwoven.com\/wp-content\/uploads\/2025\/05\/PP-Needle-Punched-Nonwoven-Geotextile-6-980x327.webp 980w, https:\/\/www.bsdnonwoven.com\/wp-content\/uploads\/2025\/05\/PP-Needle-Punched-Nonwoven-Geotextile-6-480x160.webp 480w\" sizes=\"(min-width: 0px) and (max-width: 480px) 480px, (min-width: 481px) and (max-width: 980px) 980px, (min-width: 981px) and (max-width: 1280px) 1280px, (min-width: 1281px) 1500px, 100vw\" \/><\/p>","protected":false},"excerpt":{"rendered":"<p>Geotextile, also known as geofabric or geosynthetic material, is a permeable geosynthetic material made from synthetic fibers through a needle-punching process. The fibers are opened, carded, and laid into a web, then reinforced into fabric by needle punching.<\/p>\n<p>Polypropylene (PP) non-woven needle-punched geotextile is produced using high-quality short fibers through the needle-punching process. PP offers better moisture resistance, abrasion resistance, ventilation, and drainage performance compared to PET. Polypropylene fibers are lighter in weight than polyester fibers.<\/p>","protected":false},"featured_media":12988,"template":"","meta":{"_et_pb_use_builder":"","_et_pb_old_content":"","_et_gb_content_width":""},"product_cat":[312],"product_tag":[],"yoast_head":"<!-- This site is optimized with the Yoast SEO plugin v22.7 - https:\/\/yoast.com\/wordpress\/plugins\/seo\/ -->\n<title>PP Needle Punched Nonwoven Geotextile - Boshida Nonwoven<\/title>\n<meta name=\"description\" content=\"PP Needle Punched Nonwoven Geotextile , we provide Geosynthetic Needle-Punched Non-woven Fabric, Household needle punched non-woven fabric, Automotive Non-woven Fabric with good price.\" \/>\n<meta name=\"robots\" content=\"index, follow, max-snippet:-1, max-image-preview:large, max-video-preview:-1\" \/>\n<link rel=\"canonical\" href=\"https:\/\/www.bsdnonwoven.com\/es\/producto\/pp-needle-punched-nonwoven-geotextile\/\" \/>\n<meta property=\"og:locale\" content=\"es_ES\" \/>\n<meta property=\"og:type\" content=\"article\" \/>\n<meta property=\"og:title\" content=\"PP Needle Punched Nonwoven Geotextile - Boshida Nonwoven\" \/>\n<meta property=\"og:description\" content=\"PP Needle Punched Nonwoven Geotextile , we provide Geosynthetic Needle-Punched Non-woven Fabric, Household needle punched non-woven fabric, Automotive Non-woven Fabric with good price.\" \/>\n<meta property=\"og:url\" content=\"https:\/\/www.bsdnonwoven.com\/es\/producto\/pp-needle-punched-nonwoven-geotextile\/\" \/>\n<meta property=\"og:site_name\" content=\"Boshida Nonwoven\" \/>\n<meta property=\"article:modified_time\" content=\"2025-06-26T08:22:43+00:00\" \/>\n<meta property=\"og:image\" content=\"https:\/\/www.bsdnonwoven.com\/wp-content\/uploads\/2025\/05\/PP-Needle-Punched-Nonwoven-Geotextile-1.webp\" \/>\n\t<meta property=\"og:image:width\" content=\"500\" \/>\n\t<meta property=\"og:image:height\" content=\"471\" \/>\n\t<meta property=\"og:image:type\" content=\"image\/webp\" \/>\n<meta name=\"twitter:card\" content=\"summary_large_image\" \/>\n<meta name=\"twitter:label1\" content=\"Tiempo de lectura\" \/>\n\t<meta name=\"twitter:data1\" content=\"2 minutos\" \/>\n<script type=\"application\/ld+json\" class=\"yoast-schema-graph\">{\"@context\":\"https:\/\/schema.org\",\"@graph\":[{\"@type\":\"WebPage\",\"@id\":\"https:\/\/www.bsdnonwoven.com\/product\/pp-needle-punched-nonwoven-geotextile\/\",\"url\":\"https:\/\/www.bsdnonwoven.com\/product\/pp-needle-punched-nonwoven-geotextile\/\",\"name\":\"PP Needle Punched Nonwoven Geotextile - Boshida Nonwoven\",\"isPartOf\":{\"@id\":\"https:\/\/www.bsdnonwoven.com\/#website\"},\"primaryImageOfPage\":{\"@id\":\"https:\/\/www.bsdnonwoven.com\/product\/pp-needle-punched-nonwoven-geotextile\/#primaryimage\"},\"image\":{\"@id\":\"https:\/\/www.bsdnonwoven.com\/product\/pp-needle-punched-nonwoven-geotextile\/#primaryimage\"},\"thumbnailUrl\":\"https:\/\/www.bsdnonwoven.com\/wp-content\/uploads\/2025\/05\/PP-Needle-Punched-Nonwoven-Geotextile-1.webp\",\"datePublished\":\"2025-05-21T02:53:59+00:00\",\"dateModified\":\"2025-06-26T08:22:43+00:00\",\"description\":\"PP Needle Punched Nonwoven Geotextile , we provide Geosynthetic Needle-Punched Non-woven Fabric, Household needle punched non-woven fabric, Automotive Non-woven Fabric with good price.\",\"breadcrumb\":{\"@id\":\"https:\/\/www.bsdnonwoven.com\/product\/pp-needle-punched-nonwoven-geotextile\/#breadcrumb\"},\"inLanguage\":\"es\",\"potentialAction\":[{\"@type\":\"ReadAction\",\"target\":[\"https:\/\/www.bsdnonwoven.com\/product\/pp-needle-punched-nonwoven-geotextile\/\"]}]},{\"@type\":\"ImageObject\",\"inLanguage\":\"es\",\"@id\":\"https:\/\/www.bsdnonwoven.com\/product\/pp-needle-punched-nonwoven-geotextile\/#primaryimage\",\"url\":\"https:\/\/www.bsdnonwoven.com\/wp-content\/uploads\/2025\/05\/PP-Needle-Punched-Nonwoven-Geotextile-1.webp\",\"contentUrl\":\"https:\/\/www.bsdnonwoven.com\/wp-content\/uploads\/2025\/05\/PP-Needle-Punched-Nonwoven-Geotextile-1.webp\",\"width\":500,\"height\":471,\"caption\":\"PP Needle Punched Nonwoven Geotextile-1\"},{\"@type\":\"BreadcrumbList\",\"@id\":\"https:\/\/www.bsdnonwoven.com\/product\/pp-needle-punched-nonwoven-geotextile\/#breadcrumb\",\"itemListElement\":[{\"@type\":\"ListItem\",\"position\":1,\"name\":\"Home\",\"item\":\"https:\/\/www.bsdnonwoven.com\/\"},{\"@type\":\"ListItem\",\"position\":2,\"name\":\"Products\",\"item\":\"https:\/\/www.bsdnonwoven.com\/shop\/\"},{\"@type\":\"ListItem\",\"position\":3,\"name\":\"PP Needle Punched Nonwoven Geotextile\"}]},{\"@type\":\"WebSite\",\"@id\":\"https:\/\/www.bsdnonwoven.com\/#website\",\"url\":\"https:\/\/www.bsdnonwoven.com\/\",\"name\":\"Boshida Nonwoven\",\"description\":\"\",\"potentialAction\":[{\"@type\":\"SearchAction\",\"target\":{\"@type\":\"EntryPoint\",\"urlTemplate\":\"https:\/\/www.bsdnonwoven.com\/?s={search_term_string}\"},\"query-input\":\"required name=search_term_string\"}],\"inLanguage\":\"es\"}]}<\/script>\n<!-- \/ Yoast SEO plugin. -->","yoast_head_json":{"title":"PP Needle Punched Nonwoven Geotextile - Boshida Nonwoven","description":"PP Needle Punched Nonwoven Geotextile , we provide Geosynthetic Needle-Punched Non-woven Fabric, Household needle punched non-woven fabric, Automotive Non-woven Fabric with good price.","robots":{"index":"index","follow":"follow","max-snippet":"max-snippet:-1","max-image-preview":"max-image-preview:large","max-video-preview":"max-video-preview:-1"},"canonical":"https:\/\/www.bsdnonwoven.com\/es\/producto\/pp-needle-punched-nonwoven-geotextile\/","og_locale":"es_ES","og_type":"article","og_title":"PP Needle Punched Nonwoven Geotextile - Boshida Nonwoven","og_description":"PP Needle Punched Nonwoven Geotextile , we provide Geosynthetic Needle-Punched Non-woven Fabric, Household needle punched non-woven fabric, Automotive Non-woven Fabric with good price.","og_url":"https:\/\/www.bsdnonwoven.com\/es\/producto\/pp-needle-punched-nonwoven-geotextile\/","og_site_name":"Boshida Nonwoven","article_modified_time":"2025-06-26T08:22:43+00:00","og_image":[{"width":500,"height":471,"url":"https:\/\/www.bsdnonwoven.com\/wp-content\/uploads\/2025\/05\/PP-Needle-Punched-Nonwoven-Geotextile-1.webp","type":"image\/webp"}],"twitter_card":"summary_large_image","twitter_misc":{"Tiempo de lectura":"2 minutos"},"schema":{"@context":"https:\/\/schema.org","@graph":[{"@type":"WebPage","@id":"https:\/\/www.bsdnonwoven.com\/product\/pp-needle-punched-nonwoven-geotextile\/","url":"https:\/\/www.bsdnonwoven.com\/product\/pp-needle-punched-nonwoven-geotextile\/","name":"PP Needle Punched Nonwoven Geotextile - Boshida Nonwoven","isPartOf":{"@id":"https:\/\/www.bsdnonwoven.com\/#website"},"primaryImageOfPage":{"@id":"https:\/\/www.bsdnonwoven.com\/product\/pp-needle-punched-nonwoven-geotextile\/#primaryimage"},"image":{"@id":"https:\/\/www.bsdnonwoven.com\/product\/pp-needle-punched-nonwoven-geotextile\/#primaryimage"},"thumbnailUrl":"https:\/\/www.bsdnonwoven.com\/wp-content\/uploads\/2025\/05\/PP-Needle-Punched-Nonwoven-Geotextile-1.webp","datePublished":"2025-05-21T02:53:59+00:00","dateModified":"2025-06-26T08:22:43+00:00","description":"PP Needle Punched Nonwoven Geotextile , we provide Geosynthetic Needle-Punched Non-woven Fabric, Household needle punched non-woven fabric, Automotive Non-woven Fabric with good price.","breadcrumb":{"@id":"https:\/\/www.bsdnonwoven.com\/product\/pp-needle-punched-nonwoven-geotextile\/#breadcrumb"},"inLanguage":"es","potentialAction":[{"@type":"ReadAction","target":["https:\/\/www.bsdnonwoven.com\/product\/pp-needle-punched-nonwoven-geotextile\/"]}]},{"@type":"ImageObject","inLanguage":"es","@id":"https:\/\/www.bsdnonwoven.com\/product\/pp-needle-punched-nonwoven-geotextile\/#primaryimage","url":"https:\/\/www.bsdnonwoven.com\/wp-content\/uploads\/2025\/05\/PP-Needle-Punched-Nonwoven-Geotextile-1.webp","contentUrl":"https:\/\/www.bsdnonwoven.com\/wp-content\/uploads\/2025\/05\/PP-Needle-Punched-Nonwoven-Geotextile-1.webp","width":500,"height":471,"caption":"PP Needle Punched Nonwoven Geotextile-1"},{"@type":"BreadcrumbList","@id":"https:\/\/www.bsdnonwoven.com\/product\/pp-needle-punched-nonwoven-geotextile\/#breadcrumb","itemListElement":[{"@type":"ListItem","position":1,"name":"Home","item":"https:\/\/www.bsdnonwoven.com\/"},{"@type":"ListItem","position":2,"name":"Products","item":"https:\/\/www.bsdnonwoven.com\/shop\/"},{"@type":"ListItem","position":3,"name":"PP Needle Punched Nonwoven Geotextile"}]},{"@type":"WebSite","@id":"https:\/\/www.bsdnonwoven.com\/#website","url":"https:\/\/www.bsdnonwoven.com\/","name":"Boshida Nonwoven","description":"","potentialAction":[{"@type":"SearchAction","target":{"@type":"EntryPoint","urlTemplate":"https:\/\/www.bsdnonwoven.com\/?s={search_term_string}"},"query-input":"required name=search_term_string"}],"inLanguage":"es"}]}},"_links":{"self":[{"href":"https:\/\/www.bsdnonwoven.com\/es\/wp-json\/wp\/v2\/product\/12975"}],"collection":[{"href":"https:\/\/www.bsdnonwoven.com\/es\/wp-json\/wp\/v2\/product"}],"about":[{"href":"https:\/\/www.bsdnonwoven.com\/es\/wp-json\/wp\/v2\/types\/product"}],"wp:featuredmedia":[{"embeddable":true,"href":"https:\/\/www.bsdnonwoven.com\/es\/wp-json\/wp\/v2\/media\/12988"}],"wp:attachment":[{"href":"https:\/\/www.bsdnonwoven.com\/es\/wp-json\/wp\/v2\/media?parent=12975"}],"wp:term":[{"taxonomy":"product_cat","embeddable":true,"href":"https:\/\/www.bsdnonwoven.com\/es\/wp-json\/wp\/v2\/product_cat?post=12975"},{"taxonomy":"product_tag","embeddable":true,"href":"https:\/\/www.bsdnonwoven.com\/es\/wp-json\/wp\/v2\/product_tag?post=12975"}],"curies":[{"name":"wp","href":"https:\/\/api.w.org\/{rel}","templated":true}]}}