{"id":12994,"date":"2025-04-10T03:08:13","date_gmt":"2025-04-10T03:08:13","guid":{"rendered":"https:\/\/www.bsdnonwoven.com\/?post_type=product&#038;p=12994"},"modified":"2025-06-26T08:22:50","modified_gmt":"2025-06-26T08:22:50","slug":"pet-short-fiber-needle-punched-nonwoven-geotextile","status":"publish","type":"product","link":"https:\/\/www.bsdnonwoven.com\/es\/producto\/pet-short-fiber-needle-punched-nonwoven-geotextile\/","title":{"rendered":"Geotextil no tejido punzonado de fibra corta PET"},"content":{"rendered":"<h2>Describa<\/h2>\n<p>El geotextil no tejido perforado con aguja de fibra corta PET es un material geosint\u00e9tico fabricado a partir de fibras discontinuas de poli\u00e9ster mediante procesos como la apertura, el cardado, la formaci\u00f3n de velo y el perforado con aguja. Ofrece una excelente resistencia a la tracci\u00f3n, resistencia al desgarro y durabilidad. Este material se utiliza ampliamente en la construcci\u00f3n de infraestructuras, como proyectos de conservaci\u00f3n del agua, carreteras, ferrocarriles, puertos y t\u00faneles. Cumple m\u00faltiples funciones, como refuerzo, separaci\u00f3n, drenaje, filtraci\u00f3n y protecci\u00f3n. El producto tiene una alta permeabilidad al agua y una excelente resistencia a los productos qu\u00edmicos, lo que garantiza un rendimiento a largo plazo incluso en entornos dif\u00edciles.<\/p>\n<h2>Par\u00e1metros b\u00e1sicos<\/h2>\n<table class=\"tg\" style=\"border-collapse: collapse; border-spacing: 0;\">\n<thead>\n<tr>\n<th style=\"background-color: #fff; color: #000000; font-family: Arial, sans-serif; font-size: 14px; font-weight: bold; overflow: hidden; padding: 10px 5px; text-align: left; vertical-align: middle; word-break: normal; border: 1px solid black;\">Par\u00e1metro<\/th>\n<th style=\"background-color: #fff; color: #000000; font-family: Arial, sans-serif; font-size: 14px; font-weight: bold; overflow: hidden; padding: 10px 5px; text-align: left; vertical-align: middle; word-break: normal; border: 1px solid black;\">Gama\/Especificaci\u00f3n<\/th>\n<\/tr>\n<\/thead>\n<tbody>\n<tr>\n<td style=\"background-color: #fff; color: #000000; font-family: Arial, sans-serif; font-size: 14px; font-weight: bold; overflow: hidden; padding: 10px 5px; text-align: left; vertical-align: middle; word-break: normal; border: 1px solid black;\">Materia prima<\/td>\n<td style=\"background-color: #fff; color: #000000; font-family: Arial, sans-serif; font-size: 14px; overflow: hidden; padding: 10px 5px; text-align: left; vertical-align: middle; word-break: normal; border: 1px solid black;\">Fibra discontinua de poli\u00e9ster (PET)<\/td>\n<\/tr>\n<tr>\n<td style=\"background-color: #fff; color: #000000; font-family: Arial, sans-serif; font-size: 14px; font-weight: bold; overflow: hidden; padding: 10px 5px; text-align: left; vertical-align: middle; word-break: normal; border: 1px solid black;\">Gramo Peso<\/td>\n<td style=\"background-color: #fff; color: #000000; font-family: Arial, sans-serif; font-size: 14px; overflow: hidden; padding: 10px 5px; text-align: left; vertical-align: middle; word-break: normal; border: 1px solid black;\">100 g\/m<sup>2<\/sup>-800g\/m<sup>2<\/sup> (gsm)<\/td>\n<\/tr>\n<tr>\n<td style=\"background-color: #fff; color: #000000; font-family: Arial, sans-serif; font-size: 14px; font-weight: bold; overflow: hidden; padding: 10px 5px; text-align: left; vertical-align: middle; word-break: normal; border: 1px solid black;\">Espesor<\/td>\n<td style=\"background-color: #fff; color: #000000; font-family: Arial, sans-serif; font-size: 14px; overflow: hidden; padding: 10px 5px; text-align: left; vertical-align: middle; word-break: normal; border: 1px solid black;\">0,9-6,0 mm<\/td>\n<\/tr>\n<tr>\n<td style=\"background-color: #fff; color: #000000; font-family: Arial, sans-serif; font-size: 14px; font-weight: bold; overflow: hidden; padding: 10px 5px; text-align: left; vertical-align: middle; word-break: normal; border: 1px solid black;\">Anchura<\/td>\n<td style=\"background-color: #fff; color: #000000; font-family: Arial, sans-serif; font-size: 14px; overflow: hidden; padding: 10px 5px; text-align: left; vertical-align: middle; word-break: normal; border: 1px solid black;\">0,5 m-7 m (personalizable)<\/td>\n<\/tr>\n<tr>\n<td style=\"background-color: #fff; color: #000000; font-family: Arial, sans-serif; font-size: 14px; font-weight: bold; overflow: hidden; padding: 10px 5px; text-align: left; vertical-align: middle; word-break: normal; border: 1px solid black;\">Color<\/td>\n<td style=\"background-color: #fff; color: #000000; font-family: Arial, sans-serif; font-size: 14px; overflow: hidden; padding: 10px 5px; text-align: left; vertical-align: middle; word-break: normal; border: 1px solid black;\">Blanco \/ Negro \/ Gris<\/td>\n<\/tr>\n<tr>\n<td style=\"background-color: #fff; color: #000000; font-family: Arial, sans-serif; font-size: 14px; font-weight: bold; overflow: hidden; padding: 10px 5px; text-align: left; vertical-align: middle; word-break: normal; border: 1px solid black;\">Resistencia a la tracci\u00f3n<\/td>\n<td style=\"background-color: #fff; color: #000000; font-family: Arial, sans-serif; font-size: 14px; overflow: hidden; padding: 10px 5px; text-align: left; vertical-align: middle; word-break: normal; border: 1px solid black;\">\u2265 4,5 kN\/m (en funci\u00f3n del peso en gramos)<\/td>\n<\/tr>\n<tr>\n<td style=\"background-color: #fff; color: #000000; font-family: Arial, sans-serif; font-size: 14px; font-weight: bold; overflow: hidden; padding: 10px 5px; text-align: left; vertical-align: middle; word-break: normal; border: 1px solid black;\">Resistencia al desgarro<\/td>\n<td style=\"background-color: #fff; color: #000000; font-family: Arial, sans-serif; font-size: 14px; overflow: hidden; padding: 10px 5px; text-align: left; vertical-align: middle; word-break: normal; border: 1px solid black;\">\u2265 0,5 kN<\/td>\n<\/tr>\n<tr>\n<td style=\"background-color: #fff; color: #000000; font-family: Arial, sans-serif; font-size: 14px; font-weight: bold; overflow: hidden; padding: 10px 5px; text-align: left; vertical-align: middle; word-break: normal; border: 1px solid black;\">Alargamiento<\/td>\n<td style=\"background-color: #fff; color: #000000; font-family: Arial, sans-serif; font-size: 14px; overflow: hidden; padding: 10px 5px; text-align: left; vertical-align: middle; word-break: normal; border: 1px solid black;\">25%-100%<\/td>\n<\/tr>\n<tr>\n<td style=\"background-color: #fff; color: #000000; font-family: Arial, sans-serif; font-size: 14px; font-weight: bold; overflow: hidden; padding: 10px 5px; text-align: left; vertical-align: middle; word-break: normal; border: 1px solid black;\">Permeabilidad al agua<\/td>\n<td style=\"background-color: #fff; color: #000000; font-family: Arial, sans-serif; font-size: 14px; overflow: hidden; padding: 10px 5px; text-align: left; vertical-align: middle; word-break: normal; border: 1px solid black;\">Alta permeabilidad<\/td>\n<\/tr>\n<tr>\n<td style=\"background-color: #fff; color: #000000; font-family: Arial, sans-serif; font-size: 14px; font-weight: bold; overflow: hidden; padding: 10px 5px; text-align: left; vertical-align: middle; word-break: normal; border: 1px solid black;\">Proceso de fabricaci\u00f3n<\/td>\n<td style=\"background-color: #fff; color: #000000; font-family: Arial, sans-serif; font-size: 14px; overflow: hidden; padding: 10px 5px; text-align: left; vertical-align: middle; word-break: normal; border: 1px solid black;\">Proceso de no tejido punzonado<\/td>\n<\/tr>\n<\/tbody>\n<\/table>\n<h2>Caracter\u00edsticas<\/h2>\n<ul>\n<li>Alta resistencia,Debido al uso de fibras pl\u00e1sticas, mantiene suficiente resistencia y elongaci\u00f3n tanto en estado seco como h\u00famedo.<\/li>\n<li>Resistente a la corrosi\u00f3n\uff0cPuede soportar la corrosi\u00f3n a largo plazo en suelos y aguas con distintos niveles de pH.<\/li>\n<li>Resistente a las altas temperaturas y a la congelaci\u00f3n, as\u00ed como al envejecimiento.<\/li>\n<li>Excelente permeabilidad al agua, los espacios entre las fibras garantizan un buen rendimiento de filtraci\u00f3n.<\/li>\n<li>Resistente a los microorganismos, no le afectan los microbios ni los da\u00f1os causados por los insectos.<\/li>\n<li>F\u00e1cil construcci\u00f3n, El material ligero y flexible facilita el transporte, la colocaci\u00f3n y la construcci\u00f3n.<\/li>\n<\/ul>\n<h2>Funci\u00f3n<\/h2>\n<ul>\n<li><strong>Aislamiento<\/strong><strong>\uff1a<\/strong>Separa materiales como tierra\/arena o tierra\/hormig\u00f3n, evitando que se mezclen y mejorando la capacidad de carga.<\/li>\n<li><strong>Filtraci\u00f3n<\/strong><strong>\uff1a<\/strong>Deja pasar el agua mientras bloquea las part\u00edculas de tierra\/arena, manteniendo las estructuras estables.<\/li>\n<li><strong>Drenaje<\/strong><strong>\uff1a<\/strong>Crea v\u00edas de drenaje en el suelo para eliminar el exceso de agua y gas.<\/li>\n<li><strong>Refuerzo<\/strong><strong>\uff1a<\/strong>Aumenta la resistencia y la estabilidad del suelo, reduce la deformaci\u00f3n.<\/li>\n<li><strong>Protecci\u00f3n<\/strong><strong>\uff1a<\/strong>Protege el suelo de la erosi\u00f3n repartiendo la presi\u00f3n del agua.<\/li>\n<\/ul>\n<h2>Prop\u00f3sito<\/h2>\n<p>El geotextil punzonado de fibra corta es un material geosint\u00e9tico muy utilizado. Se aplica ampliamente en diversos proyectos de ingenier\u00eda, como el refuerzo del subsuelo ferroviario, el mantenimiento del pavimento de carreteras, la protecci\u00f3n de presas, el aislamiento de estructuras hidr\u00e1ulicas, t\u00faneles, marismas costeras, recuperaci\u00f3n de tierras, protecci\u00f3n medioambiental, centrales el\u00e9ctricas y aeropuertos.<\/p>\n<ul>\n<li>Material de filtraci\u00f3n para la separaci\u00f3n de capas de tierra;<\/li>\n<li>Material de drenaje para embalses, tratamiento de minerales y cimientos de edificios altos;<\/li>\n<li>Material de control de la erosi\u00f3n para terraplenes fluviales y protecci\u00f3n de taludes;<\/li>\n<li>Material de refuerzo para subrasantes de v\u00edas f\u00e9rreas, autopistas y pistas de aeropuertos, as\u00ed como para la construcci\u00f3n de carreteras en pantanos;<\/li>\n<li>Material de aislamiento t\u00e9rmico para protecci\u00f3n contra heladas;<\/li>\n<li>Material antifisuras para pavimentos asf\u00e1lticos.<\/li>\n<\/ul>\n<h2>Escenarios de aplicaci\u00f3n<\/h2>\n<p><img loading=\"lazy\" decoding=\"async\" class=\"size-full wp-image-13604 aligncenter\" data-src=\"https:\/\/www.bsdnonwoven.com\/wp-content\/uploads\/2025\/04\/PET-Short-Fiber-Needle-Punched-Nonwoven-Geotextile-1.webp\" alt=\"Geotextil no tejido perforado con agujas de fibra corta PET-1\" width=\"1500\" height=\"500\" srcset=\"https:\/\/www.bsdnonwoven.com\/wp-content\/uploads\/2025\/04\/PET-Short-Fiber-Needle-Punched-Nonwoven-Geotextile-1.webp 1500w, https:\/\/www.bsdnonwoven.com\/wp-content\/uploads\/2025\/04\/PET-Short-Fiber-Needle-Punched-Nonwoven-Geotextile-1-1280x427.webp 1280w, https:\/\/www.bsdnonwoven.com\/wp-content\/uploads\/2025\/04\/PET-Short-Fiber-Needle-Punched-Nonwoven-Geotextile-1-980x327.webp 980w, https:\/\/www.bsdnonwoven.com\/wp-content\/uploads\/2025\/04\/PET-Short-Fiber-Needle-Punched-Nonwoven-Geotextile-1-480x160.webp 480w\" sizes=\"(min-width: 0px) and (max-width: 480px) 480px, (min-width: 481px) and (max-width: 980px) 980px, (min-width: 981px) and (max-width: 1280px) 1280px, (min-width: 1281px) 1500px, 100vw\" \/><\/p>\n<p>&nbsp;<\/p>","protected":false},"excerpt":{"rendered":"<p>El geotextil no tejido perforado con aguja de fibra corta PET es un material geosint\u00e9tico fabricado a partir de fibras discontinuas de poli\u00e9ster mediante procesos como la apertura, el cardado, la formaci\u00f3n de velo y el perforado con aguja. Ofrece una excelente resistencia a la tracci\u00f3n, resistencia al desgarro y durabilidad. Este material se utiliza ampliamente en la construcci\u00f3n de infraestructuras, como proyectos de conservaci\u00f3n del agua, carreteras, ferrocarriles, puertos y t\u00faneles. Cumple m\u00faltiples funciones, como refuerzo, separaci\u00f3n, drenaje, filtraci\u00f3n y protecci\u00f3n. El producto tiene una alta permeabilidad al agua y una excelente resistencia a los productos qu\u00edmicos, lo que garantiza un rendimiento a largo plazo incluso en entornos dif\u00edciles.<\/p>","protected":false},"featured_media":13007,"template":"","meta":{"_et_pb_use_builder":"","_et_pb_old_content":"","_et_gb_content_width":""},"product_cat":[312],"product_tag":[],"yoast_head":"<!-- This site is optimized with the Yoast SEO plugin v22.7 - https:\/\/yoast.com\/wordpress\/plugins\/seo\/ -->\n<title>PET Short Fiber Needle Punched Nonwoven Geotextile - Boshida Nonwoven<\/title>\n<meta name=\"description\" content=\"PET Short Fiber Needle Punched Nonwoven Geotextile , we provide Geosynthetic Needle-Punched Non-woven Fabric, Household needle punched non-woven fabric, Automotive Non-woven Fabric with good price.\" \/>\n<meta name=\"robots\" content=\"index, follow, max-snippet:-1, max-image-preview:large, max-video-preview:-1\" \/>\n<link rel=\"canonical\" href=\"https:\/\/www.bsdnonwoven.com\/es\/producto\/pet-short-fiber-needle-punched-nonwoven-geotextile\/\" \/>\n<meta property=\"og:locale\" content=\"es_ES\" \/>\n<meta property=\"og:type\" content=\"article\" \/>\n<meta property=\"og:title\" content=\"PET Short Fiber Needle Punched Nonwoven Geotextile - Boshida Nonwoven\" \/>\n<meta property=\"og:description\" content=\"PET Short Fiber Needle Punched Nonwoven Geotextile , we provide Geosynthetic Needle-Punched Non-woven Fabric, Household needle punched non-woven fabric, Automotive Non-woven Fabric with good price.\" \/>\n<meta property=\"og:url\" content=\"https:\/\/www.bsdnonwoven.com\/es\/producto\/pet-short-fiber-needle-punched-nonwoven-geotextile\/\" \/>\n<meta property=\"og:site_name\" content=\"Boshida Nonwoven\" \/>\n<meta property=\"article:modified_time\" content=\"2025-06-26T08:22:50+00:00\" \/>\n<meta property=\"og:image\" content=\"https:\/\/www.bsdnonwoven.com\/wp-content\/uploads\/2025\/05\/PET-Short-Fiber-Needle-Punched-Nonwoven-Geotextile1-1.webp\" \/>\n\t<meta property=\"og:image:width\" content=\"800\" \/>\n\t<meta property=\"og:image:height\" content=\"800\" \/>\n\t<meta property=\"og:image:type\" content=\"image\/webp\" \/>\n<meta name=\"twitter:card\" content=\"summary_large_image\" \/>\n<meta name=\"twitter:label1\" content=\"Tiempo de lectura\" \/>\n\t<meta name=\"twitter:data1\" content=\"2 minutos\" \/>\n<script type=\"application\/ld+json\" class=\"yoast-schema-graph\">{\"@context\":\"https:\/\/schema.org\",\"@graph\":[{\"@type\":\"WebPage\",\"@id\":\"https:\/\/www.bsdnonwoven.com\/product\/pet-short-fiber-needle-punched-nonwoven-geotextile\/\",\"url\":\"https:\/\/www.bsdnonwoven.com\/product\/pet-short-fiber-needle-punched-nonwoven-geotextile\/\",\"name\":\"PET Short Fiber Needle Punched Nonwoven Geotextile - Boshida Nonwoven\",\"isPartOf\":{\"@id\":\"https:\/\/www.bsdnonwoven.com\/#website\"},\"primaryImageOfPage\":{\"@id\":\"https:\/\/www.bsdnonwoven.com\/product\/pet-short-fiber-needle-punched-nonwoven-geotextile\/#primaryimage\"},\"image\":{\"@id\":\"https:\/\/www.bsdnonwoven.com\/product\/pet-short-fiber-needle-punched-nonwoven-geotextile\/#primaryimage\"},\"thumbnailUrl\":\"https:\/\/www.bsdnonwoven.com\/wp-content\/uploads\/2025\/05\/PET-Short-Fiber-Needle-Punched-Nonwoven-Geotextile1-1.webp\",\"datePublished\":\"2025-04-10T03:08:13+00:00\",\"dateModified\":\"2025-06-26T08:22:50+00:00\",\"description\":\"PET Short Fiber Needle Punched Nonwoven Geotextile , we provide Geosynthetic Needle-Punched Non-woven Fabric, Household needle punched non-woven fabric, Automotive Non-woven Fabric with good price.\",\"breadcrumb\":{\"@id\":\"https:\/\/www.bsdnonwoven.com\/product\/pet-short-fiber-needle-punched-nonwoven-geotextile\/#breadcrumb\"},\"inLanguage\":\"es\",\"potentialAction\":[{\"@type\":\"ReadAction\",\"target\":[\"https:\/\/www.bsdnonwoven.com\/product\/pet-short-fiber-needle-punched-nonwoven-geotextile\/\"]}]},{\"@type\":\"ImageObject\",\"inLanguage\":\"es\",\"@id\":\"https:\/\/www.bsdnonwoven.com\/product\/pet-short-fiber-needle-punched-nonwoven-geotextile\/#primaryimage\",\"url\":\"https:\/\/www.bsdnonwoven.com\/wp-content\/uploads\/2025\/05\/PET-Short-Fiber-Needle-Punched-Nonwoven-Geotextile1-1.webp\",\"contentUrl\":\"https:\/\/www.bsdnonwoven.com\/wp-content\/uploads\/2025\/05\/PET-Short-Fiber-Needle-Punched-Nonwoven-Geotextile1-1.webp\",\"width\":800,\"height\":800,\"caption\":\"PET Short Fiber Needle Punched Nonwoven Geotextile\"},{\"@type\":\"BreadcrumbList\",\"@id\":\"https:\/\/www.bsdnonwoven.com\/product\/pet-short-fiber-needle-punched-nonwoven-geotextile\/#breadcrumb\",\"itemListElement\":[{\"@type\":\"ListItem\",\"position\":1,\"name\":\"Home\",\"item\":\"https:\/\/www.bsdnonwoven.com\/\"},{\"@type\":\"ListItem\",\"position\":2,\"name\":\"Products\",\"item\":\"https:\/\/www.bsdnonwoven.com\/shop\/\"},{\"@type\":\"ListItem\",\"position\":3,\"name\":\"PET Short Fiber Needle Punched Nonwoven Geotextile\"}]},{\"@type\":\"WebSite\",\"@id\":\"https:\/\/www.bsdnonwoven.com\/#website\",\"url\":\"https:\/\/www.bsdnonwoven.com\/\",\"name\":\"Boshida Nonwoven\",\"description\":\"\",\"potentialAction\":[{\"@type\":\"SearchAction\",\"target\":{\"@type\":\"EntryPoint\",\"urlTemplate\":\"https:\/\/www.bsdnonwoven.com\/?s={search_term_string}\"},\"query-input\":\"required name=search_term_string\"}],\"inLanguage\":\"es\"}]}<\/script>\n<!-- \/ Yoast SEO plugin. -->","yoast_head_json":{"title":"PET Short Fiber Needle Punched Nonwoven Geotextile - Boshida Nonwoven","description":"PET Short Fiber Needle Punched Nonwoven Geotextile , we provide Geosynthetic Needle-Punched Non-woven Fabric, Household needle punched non-woven fabric, Automotive Non-woven Fabric with good price.","robots":{"index":"index","follow":"follow","max-snippet":"max-snippet:-1","max-image-preview":"max-image-preview:large","max-video-preview":"max-video-preview:-1"},"canonical":"https:\/\/www.bsdnonwoven.com\/es\/producto\/pet-short-fiber-needle-punched-nonwoven-geotextile\/","og_locale":"es_ES","og_type":"article","og_title":"PET Short Fiber Needle Punched Nonwoven Geotextile - Boshida Nonwoven","og_description":"PET Short Fiber Needle Punched Nonwoven Geotextile , we provide Geosynthetic Needle-Punched Non-woven Fabric, Household needle punched non-woven fabric, Automotive Non-woven Fabric with good price.","og_url":"https:\/\/www.bsdnonwoven.com\/es\/producto\/pet-short-fiber-needle-punched-nonwoven-geotextile\/","og_site_name":"Boshida Nonwoven","article_modified_time":"2025-06-26T08:22:50+00:00","og_image":[{"width":800,"height":800,"url":"https:\/\/www.bsdnonwoven.com\/wp-content\/uploads\/2025\/05\/PET-Short-Fiber-Needle-Punched-Nonwoven-Geotextile1-1.webp","type":"image\/webp"}],"twitter_card":"summary_large_image","twitter_misc":{"Tiempo de lectura":"2 minutos"},"schema":{"@context":"https:\/\/schema.org","@graph":[{"@type":"WebPage","@id":"https:\/\/www.bsdnonwoven.com\/product\/pet-short-fiber-needle-punched-nonwoven-geotextile\/","url":"https:\/\/www.bsdnonwoven.com\/product\/pet-short-fiber-needle-punched-nonwoven-geotextile\/","name":"PET Short Fiber Needle Punched Nonwoven Geotextile - Boshida Nonwoven","isPartOf":{"@id":"https:\/\/www.bsdnonwoven.com\/#website"},"primaryImageOfPage":{"@id":"https:\/\/www.bsdnonwoven.com\/product\/pet-short-fiber-needle-punched-nonwoven-geotextile\/#primaryimage"},"image":{"@id":"https:\/\/www.bsdnonwoven.com\/product\/pet-short-fiber-needle-punched-nonwoven-geotextile\/#primaryimage"},"thumbnailUrl":"https:\/\/www.bsdnonwoven.com\/wp-content\/uploads\/2025\/05\/PET-Short-Fiber-Needle-Punched-Nonwoven-Geotextile1-1.webp","datePublished":"2025-04-10T03:08:13+00:00","dateModified":"2025-06-26T08:22:50+00:00","description":"PET Short Fiber Needle Punched Nonwoven Geotextile , we provide Geosynthetic Needle-Punched Non-woven Fabric, Household needle punched non-woven fabric, Automotive Non-woven Fabric with good price.","breadcrumb":{"@id":"https:\/\/www.bsdnonwoven.com\/product\/pet-short-fiber-needle-punched-nonwoven-geotextile\/#breadcrumb"},"inLanguage":"es","potentialAction":[{"@type":"ReadAction","target":["https:\/\/www.bsdnonwoven.com\/product\/pet-short-fiber-needle-punched-nonwoven-geotextile\/"]}]},{"@type":"ImageObject","inLanguage":"es","@id":"https:\/\/www.bsdnonwoven.com\/product\/pet-short-fiber-needle-punched-nonwoven-geotextile\/#primaryimage","url":"https:\/\/www.bsdnonwoven.com\/wp-content\/uploads\/2025\/05\/PET-Short-Fiber-Needle-Punched-Nonwoven-Geotextile1-1.webp","contentUrl":"https:\/\/www.bsdnonwoven.com\/wp-content\/uploads\/2025\/05\/PET-Short-Fiber-Needle-Punched-Nonwoven-Geotextile1-1.webp","width":800,"height":800,"caption":"PET Short Fiber Needle Punched Nonwoven Geotextile"},{"@type":"BreadcrumbList","@id":"https:\/\/www.bsdnonwoven.com\/product\/pet-short-fiber-needle-punched-nonwoven-geotextile\/#breadcrumb","itemListElement":[{"@type":"ListItem","position":1,"name":"Home","item":"https:\/\/www.bsdnonwoven.com\/"},{"@type":"ListItem","position":2,"name":"Products","item":"https:\/\/www.bsdnonwoven.com\/shop\/"},{"@type":"ListItem","position":3,"name":"PET Short Fiber Needle Punched Nonwoven Geotextile"}]},{"@type":"WebSite","@id":"https:\/\/www.bsdnonwoven.com\/#website","url":"https:\/\/www.bsdnonwoven.com\/","name":"Boshida Nonwoven","description":"","potentialAction":[{"@type":"SearchAction","target":{"@type":"EntryPoint","urlTemplate":"https:\/\/www.bsdnonwoven.com\/?s={search_term_string}"},"query-input":"required name=search_term_string"}],"inLanguage":"es"}]}},"_links":{"self":[{"href":"https:\/\/www.bsdnonwoven.com\/es\/wp-json\/wp\/v2\/product\/12994"}],"collection":[{"href":"https:\/\/www.bsdnonwoven.com\/es\/wp-json\/wp\/v2\/product"}],"about":[{"href":"https:\/\/www.bsdnonwoven.com\/es\/wp-json\/wp\/v2\/types\/product"}],"wp:featuredmedia":[{"embeddable":true,"href":"https:\/\/www.bsdnonwoven.com\/es\/wp-json\/wp\/v2\/media\/13007"}],"wp:attachment":[{"href":"https:\/\/www.bsdnonwoven.com\/es\/wp-json\/wp\/v2\/media?parent=12994"}],"wp:term":[{"taxonomy":"product_cat","embeddable":true,"href":"https:\/\/www.bsdnonwoven.com\/es\/wp-json\/wp\/v2\/product_cat?post=12994"},{"taxonomy":"product_tag","embeddable":true,"href":"https:\/\/www.bsdnonwoven.com\/es\/wp-json\/wp\/v2\/product_tag?post=12994"}],"curies":[{"name":"wp","href":"https:\/\/api.w.org\/{rel}","templated":true}]}}