{"id":13024,"date":"2025-05-21T07:03:01","date_gmt":"2025-05-21T07:03:01","guid":{"rendered":"https:\/\/www.bsdnonwoven.com\/?post_type=product&#038;p=13024"},"modified":"2025-06-26T08:22:13","modified_gmt":"2025-06-26T08:22:13","slug":"needle-punched-geotextile-for-landfill-2","status":"publish","type":"product","link":"https:\/\/www.bsdnonwoven.com\/es\/producto\/needle-punched-geotextile-for-landfill-2\/","title":{"rendered":"Geotextil punzonado para vertederos"},"content":{"rendered":"<h2>Descripci\u00f3n del producto<\/h2>\n<p>Este <a href=\"https:\/\/www.bsdnonwoven.com\/product\/needle-punched-geotextile-for-landfill-2\/\"><strong>Ingenier\u00eda de vertederos geotextil punzonado<\/strong><\/a> se fabrica a partir de fibras de PET\/PP mediante una avanzada tecnolog\u00eda de punzonado, lo que proporciona una gran resistencia mec\u00e1nica, resistencia al envejecimiento y estabilidad qu\u00edmica. Dise\u00f1ado como capa protectora para geomembranas, resiste eficazmente la perforaci\u00f3n de grava o materiales de relleno afilados, al tiempo que mejora la integridad estructural del vertedero mediante funciones integradas de filtraci\u00f3n, drenaje, separaci\u00f3n y refuerzo. Con una permeabilidad optimizada y propiedades antiobstrucci\u00f3n, garantiza un drenaje eficaz y la retenci\u00f3n de part\u00edculas finas. Adecuado tanto para condiciones secas como h\u00famedas, es una soluci\u00f3n duradera para revestimientos de vertederos y sistemas de contenci\u00f3n medioambiental.<\/p>\n<h2>Especificaciones<\/h2>\n<table class=\"tg\" style=\"border-collapse: collapse; border-spacing: 0;\">\n<thead>\n<tr>\n<th style=\"font-family: Arial, sans-serif; font-size: 14px; font-weight: bold; overflow: hidden; padding: 10px 5px; text-align: center; vertical-align: middle; word-break: normal; border: 1px solid black;\">Par\u00e1metro<\/th>\n<th style=\"font-family: Arial, sans-serif; font-size: 14px; font-weight: bold; overflow: hidden; padding: 10px 5px; text-align: center; vertical-align: middle; word-break: normal; border: 1px solid black;\">Descripci\u00f3n de las especificaciones<\/th>\n<\/tr>\n<\/thead>\n<tbody>\n<tr>\n<td style=\"font-family: Arial, sans-serif; font-size: 14px; overflow: hidden; padding: 10px 5px; text-align: left; vertical-align: middle; word-break: normal; border: 1px solid black;\">Material<\/td>\n<td style=\"font-family: Arial, sans-serif; font-size: 14px; overflow: hidden; padding: 10px 5px; text-align: left; vertical-align: middle; word-break: normal; border: 1px solid black;\">Filamento continuo de poli\u00e9ster (PET) o polipropileno (PP)<\/td>\n<\/tr>\n<tr>\n<td style=\"font-family: Arial, sans-serif; font-size: 14px; overflow: hidden; padding: 10px 5px; text-align: left; vertical-align: middle; word-break: normal; border: 1px solid black;\">Peso<\/td>\n<td style=\"font-family: Arial, sans-serif; font-size: 14px; overflow: hidden; padding: 10px 5px; text-align: left; vertical-align: middle; word-break: normal; border: 1px solid black;\">100 g\/m<sup>2<\/sup>-800g\/m<sup>2<\/sup><\/td>\n<\/tr>\n<tr>\n<td style=\"font-family: Arial, sans-serif; font-size: 14px; overflow: hidden; padding: 10px 5px; text-align: left; vertical-align: middle; word-break: normal; border: 1px solid black;\">Espesor<\/td>\n<td style=\"font-family: Arial, sans-serif; font-size: 14px; overflow: hidden; padding: 10px 5px; text-align: left; vertical-align: middle; word-break: normal; border: 1px solid black;\">0,8-5 mm<\/td>\n<\/tr>\n<tr>\n<td style=\"font-family: Arial, sans-serif; font-size: 14px; overflow: hidden; padding: 10px 5px; text-align: left; vertical-align: middle; word-break: normal; border: 1px solid black;\">Anchura<\/td>\n<td style=\"font-family: Arial, sans-serif; font-size: 14px; overflow: hidden; padding: 10px 5px; text-align: left; vertical-align: middle; word-break: normal; border: 1px solid black;\">1-7 metros (personalizable)<\/td>\n<\/tr>\n<tr>\n<td style=\"font-family: Arial, sans-serif; font-size: 14px; overflow: hidden; padding: 10px 5px; text-align: left; vertical-align: middle; word-break: normal; border: 1px solid black;\">Longitud del rollo<\/td>\n<td style=\"font-family: Arial, sans-serif; font-size: 14px; overflow: hidden; padding: 10px 5px; text-align: left; vertical-align: middle; word-break: normal; border: 1px solid black;\">50-200 metros\/rollo (personalizable)<\/td>\n<\/tr>\n<tr>\n<td style=\"font-family: Arial, sans-serif; font-size: 14px; overflow: hidden; padding: 10px 5px; text-align: left; vertical-align: middle; word-break: normal; border: 1px solid black;\">Color<\/td>\n<td style=\"font-family: Arial, sans-serif; font-size: 14px; overflow: hidden; padding: 10px 5px; text-align: left; vertical-align: middle; word-break: normal; border: 1px solid black;\">Blanco, negro, gris (personalizable)<\/td>\n<\/tr>\n<tr>\n<td style=\"font-family: Arial, sans-serif; font-size: 14px; overflow: hidden; padding: 10px 5px; text-align: left; vertical-align: middle; word-break: normal; border: 1px solid black;\">Resistencia a la tracci\u00f3n<\/td>\n<td style=\"font-family: Arial, sans-serif; font-size: 14px; overflow: hidden; padding: 10px 5px; text-align: left; vertical-align: middle; word-break: normal; border: 1px solid black;\">\u2265 8 kN\/m (var\u00eda con el peso)<\/td>\n<\/tr>\n<tr>\n<td style=\"font-family: Arial, sans-serif; font-size: 14px; overflow: hidden; padding: 10px 5px; text-align: left; vertical-align: middle; word-break: normal; border: 1px solid black;\">Alargamiento<\/td>\n<td style=\"font-family: Arial, sans-serif; font-size: 14px; overflow: hidden; padding: 10px 5px; text-align: left; vertical-align: middle; word-break: normal; border: 1px solid black;\">\u2265 25%<\/td>\n<\/tr>\n<tr>\n<td style=\"font-family: Arial, sans-serif; font-size: 14px; overflow: hidden; padding: 10px 5px; text-align: left; vertical-align: middle; word-break: normal; border: 1px solid black;\">Resistencia al desgarro<\/td>\n<td style=\"font-family: Arial, sans-serif; font-size: 14px; overflow: hidden; padding: 10px 5px; text-align: left; vertical-align: middle; word-break: normal; border: 1px solid black;\">\u2265 200 N<\/td>\n<\/tr>\n<tr>\n<td style=\"font-family: Arial, sans-serif; font-size: 14px; overflow: hidden; padding: 10px 5px; text-align: left; vertical-align: middle; word-break: normal; border: 1px solid black;\">Resistencia qu\u00edmica<\/td>\n<td style=\"font-family: Arial, sans-serif; font-size: 14px; overflow: hidden; padding: 10px 5px; text-align: left; vertical-align: middle; word-break: normal; border: 1px solid black;\">Excelente resistencia a \u00e1cidos y \u00e1lcalis<\/td>\n<\/tr>\n<tr>\n<td style=\"font-family: Arial, sans-serif; font-size: 14px; overflow: hidden; padding: 10px 5px; text-align: left; vertical-align: middle; word-break: normal; border: 1px solid black;\">Coeficiente de permeabilidad<\/td>\n<td style=\"font-family: Arial, sans-serif; font-size: 14px; overflow: hidden; padding: 10px 5px; text-align: left; vertical-align: middle; word-break: normal; border: 1px solid black;\">10-\u00b9-10-\u00b3 cm\/s<\/td>\n<\/tr>\n<tr>\n<td style=\"font-family: Arial, sans-serif; font-size: 14px; overflow: hidden; padding: 10px 5px; text-align: left; vertical-align: middle; word-break: normal; border: 1px solid black;\">Temperatura de funcionamiento<\/td>\n<td style=\"font-family: Arial, sans-serif; font-size: 14px; overflow: hidden; padding: 10px 5px; text-align: left; vertical-align: middle; word-break: normal; border: 1px solid black;\">-40\u2103 a +120\u2103<\/td>\n<\/tr>\n<\/tbody>\n<\/table>\n<h2>Caracter\u00edsticas<\/h2>\n<p><strong>Alta durabilidad:<\/strong> Fabricados con materiales de primera calidad, los geotextiles presentan una excelente durabilidad y resistencia al envejecimiento, lo que garantiza la estabilidad de su rendimiento a largo plazo.<\/p>\n<p><strong>F\u00e1cil instalaci\u00f3n:<\/strong> Con una flexibilidad y adaptabilidad superiores, pueden cortarse y empalmarse f\u00e1cilmente para adaptarse a los requisitos de terrenos complejos.<\/p>\n<p><strong>Rentable:<\/strong> En comparaci\u00f3n con los materiales impermeables tradicionales, los geotextiles son m\u00e1s econ\u00f3micos, lo que reduce significativamente los costes de construcci\u00f3n de carreteras.<\/p>\n<h2>Funci\u00f3n<\/h2>\n<ul>\n<li><strong>Filtraci\u00f3n: <\/strong>Evitan eficazmente que las part\u00edculas del suelo se mezclen con los l\u00edquidos, manteniendo la estabilidad del suelo. En vertederos, los geotextiles controlan el flujo de lixiviados y minimizan la p\u00e9rdida de part\u00edculas finas.<\/li>\n<li><strong>Drenaje: <\/strong>Proporciona canales de drenaje eficientes para los lixiviados, reduciendo la acumulaci\u00f3n de humedad dentro del cuerpo del vertedero. Esto reduce el contenido total de humedad y prolonga la vida \u00fatil del vertedero.<\/li>\n<li><strong>Separaci\u00f3n: <\/strong>Act\u00faa como una barrera fiable entre diferentes capas de material, evitando la contaminaci\u00f3n cruzada. En la construcci\u00f3n de vertederos, los geotextiles a\u00edslan los residuos del suelo circundante, minimizando la interacci\u00f3n medioambiental.<\/li>\n<\/ul>\n<h2>Prop\u00f3sito<\/h2>\n<p>En la construcci\u00f3n y explotaci\u00f3n de vertederos, los geotextiles se utilizan principalmente en los siguientes aspectos:<\/p>\n<p>(1) Protecci\u00f3n del revestimiento del fondo: Instalado en la base del vertedero para evitar que los lixiviados se filtren a las aguas subterr\u00e1neas, salvaguardando los recursos h\u00eddricos.<\/p>\n<p>(2) Refuerzo lateral: Mejora la estabilidad de los taludes al evitar el deslizamiento o el hundimiento del suelo causado por el peso de los residuos.<\/p>\n<p>(3) Gesti\u00f3n de lixiviados: Dirige el flujo de lixiviados dentro del vertedero para garantizar un drenaje adecuado y evitar problemas medioambientales derivados de la acumulaci\u00f3n de l\u00edquidos.<\/p>\n<h2>Escenarios de aplicaci\u00f3n<\/h2>\n<p><img loading=\"lazy\" decoding=\"async\" class=\"size-full wp-image-13596 aligncenter\" data-src=\"https:\/\/www.bsdnonwoven.com\/wp-content\/uploads\/2025\/05\/Needle-punched-geotextile-for-landfill-6.webp\" alt=\"Geotextil punzonado para vertederos\" width=\"1500\" height=\"500\" srcset=\"https:\/\/www.bsdnonwoven.com\/wp-content\/uploads\/2025\/05\/Needle-punched-geotextile-for-landfill-6.webp 1500w, https:\/\/www.bsdnonwoven.com\/wp-content\/uploads\/2025\/05\/Needle-punched-geotextile-for-landfill-6-1280x427.webp 1280w, https:\/\/www.bsdnonwoven.com\/wp-content\/uploads\/2025\/05\/Needle-punched-geotextile-for-landfill-6-980x327.webp 980w, https:\/\/www.bsdnonwoven.com\/wp-content\/uploads\/2025\/05\/Needle-punched-geotextile-for-landfill-6-480x160.webp 480w\" sizes=\"(min-width: 0px) and (max-width: 480px) 480px, (min-width: 481px) and (max-width: 980px) 980px, (min-width: 981px) and (max-width: 1280px) 1280px, (min-width: 1281px) 1500px, 100vw\" \/><\/p>","protected":false},"excerpt":{"rendered":"<p>Esta aguja perforada espec\u00edfica para vertederos <a href=\"https:\/\/www.bsdnonwoven.com\/category\/geotextile\/\"><strong>geotextil<\/strong><\/a> se fabrica a partir de fibras de PET\/PP mediante una avanzada tecnolog\u00eda de punzonado, lo que proporciona una gran resistencia mec\u00e1nica, resistencia al envejecimiento y estabilidad qu\u00edmica. Dise\u00f1ado como capa protectora para geomembranas, resiste eficazmente la perforaci\u00f3n de grava o materiales de relleno afilados, al tiempo que mejora la integridad estructural del vertedero mediante funciones integradas de filtraci\u00f3n, drenaje, separaci\u00f3n y refuerzo. Con una permeabilidad optimizada y propiedades antiobstrucci\u00f3n, garantiza un drenaje eficaz y la retenci\u00f3n de part\u00edculas finas. Adecuado tanto para condiciones secas como h\u00famedas, es una soluci\u00f3n duradera para revestimientos de vertederos y sistemas de contenci\u00f3n medioambiental.<\/p>","protected":false},"featured_media":13029,"template":"","meta":{"_et_pb_use_builder":"","_et_pb_old_content":"","_et_gb_content_width":""},"product_cat":[312],"product_tag":[316],"yoast_head":"<!-- This site is optimized with the Yoast SEO plugin v22.7 - https:\/\/yoast.com\/wordpress\/plugins\/seo\/ -->\n<title>Needle-punched geotextile for landfill - Boshida Nonwoven<\/title>\n<meta name=\"description\" content=\"Needle-punched geotextile for landfill , we provide Geosynthetic Needle-Punched Non-woven Fabric, Household needle punched non-woven fabric, Automotive Non-woven Fabric with good price.\" \/>\n<meta name=\"robots\" content=\"index, follow, max-snippet:-1, max-image-preview:large, max-video-preview:-1\" \/>\n<link rel=\"canonical\" href=\"https:\/\/www.bsdnonwoven.com\/es\/producto\/needle-punched-geotextile-for-landfill-2\/\" \/>\n<meta property=\"og:locale\" content=\"es_ES\" \/>\n<meta property=\"og:type\" content=\"article\" \/>\n<meta property=\"og:title\" content=\"Needle-punched geotextile for landfill - Boshida Nonwoven\" \/>\n<meta property=\"og:description\" content=\"Needle-punched geotextile for landfill , we provide Geosynthetic Needle-Punched Non-woven Fabric, Household needle punched non-woven fabric, Automotive Non-woven Fabric with good price.\" \/>\n<meta property=\"og:url\" content=\"https:\/\/www.bsdnonwoven.com\/es\/producto\/needle-punched-geotextile-for-landfill-2\/\" \/>\n<meta property=\"og:site_name\" content=\"Boshida Nonwoven\" \/>\n<meta property=\"article:modified_time\" content=\"2025-06-26T08:22:13+00:00\" \/>\n<meta property=\"og:image\" content=\"https:\/\/www.bsdnonwoven.com\/wp-content\/uploads\/2025\/05\/Needle-punched-geotextile-for-landfill-1.webp\" \/>\n\t<meta property=\"og:image:width\" content=\"800\" \/>\n\t<meta property=\"og:image:height\" content=\"800\" \/>\n\t<meta property=\"og:image:type\" content=\"image\/webp\" \/>\n<meta name=\"twitter:card\" content=\"summary_large_image\" \/>\n<meta name=\"twitter:label1\" content=\"Tiempo de lectura\" \/>\n\t<meta name=\"twitter:data1\" content=\"2 minutos\" \/>\n<script type=\"application\/ld+json\" class=\"yoast-schema-graph\">{\"@context\":\"https:\/\/schema.org\",\"@graph\":[{\"@type\":\"WebPage\",\"@id\":\"https:\/\/www.bsdnonwoven.com\/product\/needle-punched-geotextile-for-landfill-2\/\",\"url\":\"https:\/\/www.bsdnonwoven.com\/product\/needle-punched-geotextile-for-landfill-2\/\",\"name\":\"Needle-punched geotextile for landfill - Boshida Nonwoven\",\"isPartOf\":{\"@id\":\"https:\/\/www.bsdnonwoven.com\/#website\"},\"primaryImageOfPage\":{\"@id\":\"https:\/\/www.bsdnonwoven.com\/product\/needle-punched-geotextile-for-landfill-2\/#primaryimage\"},\"image\":{\"@id\":\"https:\/\/www.bsdnonwoven.com\/product\/needle-punched-geotextile-for-landfill-2\/#primaryimage\"},\"thumbnailUrl\":\"https:\/\/www.bsdnonwoven.com\/wp-content\/uploads\/2025\/05\/Needle-punched-geotextile-for-landfill-1.webp\",\"datePublished\":\"2025-05-21T07:03:01+00:00\",\"dateModified\":\"2025-06-26T08:22:13+00:00\",\"description\":\"Needle-punched geotextile for landfill , we provide Geosynthetic Needle-Punched Non-woven Fabric, Household needle punched non-woven fabric, Automotive Non-woven Fabric with good price.\",\"breadcrumb\":{\"@id\":\"https:\/\/www.bsdnonwoven.com\/product\/needle-punched-geotextile-for-landfill-2\/#breadcrumb\"},\"inLanguage\":\"es\",\"potentialAction\":[{\"@type\":\"ReadAction\",\"target\":[\"https:\/\/www.bsdnonwoven.com\/product\/needle-punched-geotextile-for-landfill-2\/\"]}]},{\"@type\":\"ImageObject\",\"inLanguage\":\"es\",\"@id\":\"https:\/\/www.bsdnonwoven.com\/product\/needle-punched-geotextile-for-landfill-2\/#primaryimage\",\"url\":\"https:\/\/www.bsdnonwoven.com\/wp-content\/uploads\/2025\/05\/Needle-punched-geotextile-for-landfill-1.webp\",\"contentUrl\":\"https:\/\/www.bsdnonwoven.com\/wp-content\/uploads\/2025\/05\/Needle-punched-geotextile-for-landfill-1.webp\",\"width\":800,\"height\":800,\"caption\":\"Needle-punched geotextile for landfill\"},{\"@type\":\"BreadcrumbList\",\"@id\":\"https:\/\/www.bsdnonwoven.com\/product\/needle-punched-geotextile-for-landfill-2\/#breadcrumb\",\"itemListElement\":[{\"@type\":\"ListItem\",\"position\":1,\"name\":\"Home\",\"item\":\"https:\/\/www.bsdnonwoven.com\/\"},{\"@type\":\"ListItem\",\"position\":2,\"name\":\"Products\",\"item\":\"https:\/\/www.bsdnonwoven.com\/shop\/\"},{\"@type\":\"ListItem\",\"position\":3,\"name\":\"Needle-punched geotextile for landfill\"}]},{\"@type\":\"WebSite\",\"@id\":\"https:\/\/www.bsdnonwoven.com\/#website\",\"url\":\"https:\/\/www.bsdnonwoven.com\/\",\"name\":\"Boshida Nonwoven\",\"description\":\"\",\"potentialAction\":[{\"@type\":\"SearchAction\",\"target\":{\"@type\":\"EntryPoint\",\"urlTemplate\":\"https:\/\/www.bsdnonwoven.com\/?s={search_term_string}\"},\"query-input\":\"required name=search_term_string\"}],\"inLanguage\":\"es\"}]}<\/script>\n<!-- \/ Yoast SEO plugin. -->","yoast_head_json":{"title":"Needle-punched geotextile for landfill - Boshida Nonwoven","description":"Needle-punched geotextile for landfill , we provide Geosynthetic Needle-Punched Non-woven Fabric, Household needle punched non-woven fabric, Automotive Non-woven Fabric with good price.","robots":{"index":"index","follow":"follow","max-snippet":"max-snippet:-1","max-image-preview":"max-image-preview:large","max-video-preview":"max-video-preview:-1"},"canonical":"https:\/\/www.bsdnonwoven.com\/es\/producto\/needle-punched-geotextile-for-landfill-2\/","og_locale":"es_ES","og_type":"article","og_title":"Needle-punched geotextile for landfill - Boshida Nonwoven","og_description":"Needle-punched geotextile for landfill , we provide Geosynthetic Needle-Punched Non-woven Fabric, Household needle punched non-woven fabric, Automotive Non-woven Fabric with good price.","og_url":"https:\/\/www.bsdnonwoven.com\/es\/producto\/needle-punched-geotextile-for-landfill-2\/","og_site_name":"Boshida Nonwoven","article_modified_time":"2025-06-26T08:22:13+00:00","og_image":[{"width":800,"height":800,"url":"https:\/\/www.bsdnonwoven.com\/wp-content\/uploads\/2025\/05\/Needle-punched-geotextile-for-landfill-1.webp","type":"image\/webp"}],"twitter_card":"summary_large_image","twitter_misc":{"Tiempo de lectura":"2 minutos"},"schema":{"@context":"https:\/\/schema.org","@graph":[{"@type":"WebPage","@id":"https:\/\/www.bsdnonwoven.com\/product\/needle-punched-geotextile-for-landfill-2\/","url":"https:\/\/www.bsdnonwoven.com\/product\/needle-punched-geotextile-for-landfill-2\/","name":"Needle-punched geotextile for landfill - Boshida Nonwoven","isPartOf":{"@id":"https:\/\/www.bsdnonwoven.com\/#website"},"primaryImageOfPage":{"@id":"https:\/\/www.bsdnonwoven.com\/product\/needle-punched-geotextile-for-landfill-2\/#primaryimage"},"image":{"@id":"https:\/\/www.bsdnonwoven.com\/product\/needle-punched-geotextile-for-landfill-2\/#primaryimage"},"thumbnailUrl":"https:\/\/www.bsdnonwoven.com\/wp-content\/uploads\/2025\/05\/Needle-punched-geotextile-for-landfill-1.webp","datePublished":"2025-05-21T07:03:01+00:00","dateModified":"2025-06-26T08:22:13+00:00","description":"Needle-punched geotextile for landfill , we provide Geosynthetic Needle-Punched Non-woven Fabric, Household needle punched non-woven fabric, Automotive Non-woven Fabric with good price.","breadcrumb":{"@id":"https:\/\/www.bsdnonwoven.com\/product\/needle-punched-geotextile-for-landfill-2\/#breadcrumb"},"inLanguage":"es","potentialAction":[{"@type":"ReadAction","target":["https:\/\/www.bsdnonwoven.com\/product\/needle-punched-geotextile-for-landfill-2\/"]}]},{"@type":"ImageObject","inLanguage":"es","@id":"https:\/\/www.bsdnonwoven.com\/product\/needle-punched-geotextile-for-landfill-2\/#primaryimage","url":"https:\/\/www.bsdnonwoven.com\/wp-content\/uploads\/2025\/05\/Needle-punched-geotextile-for-landfill-1.webp","contentUrl":"https:\/\/www.bsdnonwoven.com\/wp-content\/uploads\/2025\/05\/Needle-punched-geotextile-for-landfill-1.webp","width":800,"height":800,"caption":"Needle-punched geotextile for landfill"},{"@type":"BreadcrumbList","@id":"https:\/\/www.bsdnonwoven.com\/product\/needle-punched-geotextile-for-landfill-2\/#breadcrumb","itemListElement":[{"@type":"ListItem","position":1,"name":"Home","item":"https:\/\/www.bsdnonwoven.com\/"},{"@type":"ListItem","position":2,"name":"Products","item":"https:\/\/www.bsdnonwoven.com\/shop\/"},{"@type":"ListItem","position":3,"name":"Needle-punched geotextile for landfill"}]},{"@type":"WebSite","@id":"https:\/\/www.bsdnonwoven.com\/#website","url":"https:\/\/www.bsdnonwoven.com\/","name":"Boshida Nonwoven","description":"","potentialAction":[{"@type":"SearchAction","target":{"@type":"EntryPoint","urlTemplate":"https:\/\/www.bsdnonwoven.com\/?s={search_term_string}"},"query-input":"required name=search_term_string"}],"inLanguage":"es"}]}},"_links":{"self":[{"href":"https:\/\/www.bsdnonwoven.com\/es\/wp-json\/wp\/v2\/product\/13024"}],"collection":[{"href":"https:\/\/www.bsdnonwoven.com\/es\/wp-json\/wp\/v2\/product"}],"about":[{"href":"https:\/\/www.bsdnonwoven.com\/es\/wp-json\/wp\/v2\/types\/product"}],"wp:featuredmedia":[{"embeddable":true,"href":"https:\/\/www.bsdnonwoven.com\/es\/wp-json\/wp\/v2\/media\/13029"}],"wp:attachment":[{"href":"https:\/\/www.bsdnonwoven.com\/es\/wp-json\/wp\/v2\/media?parent=13024"}],"wp:term":[{"taxonomy":"product_cat","embeddable":true,"href":"https:\/\/www.bsdnonwoven.com\/es\/wp-json\/wp\/v2\/product_cat?post=13024"},{"taxonomy":"product_tag","embeddable":true,"href":"https:\/\/www.bsdnonwoven.com\/es\/wp-json\/wp\/v2\/product_tag?post=13024"}],"curies":[{"name":"wp","href":"https:\/\/api.w.org\/{rel}","templated":true}]}}