{"id":13056,"date":"2025-05-21T07:31:38","date_gmt":"2025-05-21T07:31:38","guid":{"rendered":"https:\/\/www.bsdnonwoven.com\/?post_type=product&#038;p=13056"},"modified":"2025-06-26T08:21:54","modified_gmt":"2025-06-26T08:21:54","slug":"long-silk-spunbond-needle-punched-nonwoven-geotextile-2","status":"publish","type":"product","link":"https:\/\/www.bsdnonwoven.com\/es\/producto\/long-silk-spunbond-needle-punched-nonwoven-geotextile-2\/","title":{"rendered":"Geotextil no tejido punzonado de hilo de seda largo"},"content":{"rendered":"<h2>Descripci\u00f3n<\/h2>\n<p>El geotextil no tejido punzonado de filamento continuo se fabrica a partir de filamentos continuos de poli\u00e9ster (PET) o polipropileno (PP) mediante procesos de punzonado, formando una estructura tridimensional. <a href=\"https:\/\/www.bsdnonwoven.com\/product\/long-silk-spunbond-needle-punched-nonwoven-geotextile-2\/\"><strong>Geotextil no tejido punzonado de hilo de seda largo<\/strong><\/a> presenta excelentes propiedades mec\u00e1nicas e hidr\u00e1ulicas, por lo que es ampliamente aplicable en ingenier\u00eda civil, proyectos de conservaci\u00f3n del agua y construcciones de carreteras y ferrocarriles para funciones como refuerzo, separaci\u00f3n, filtraci\u00f3n, drenaje y protecci\u00f3n.<\/p>\n<h2>Especificaciones<\/h2>\n<table class=\"tg\" style=\"border-collapse: collapse; border-spacing: 0;\">\n<thead>\n<tr>\n<th style=\"font-family: Arial, sans-serif; font-size: 14px; font-weight: bold; overflow: hidden; padding: 10px 5px; text-align: center; vertical-align: middle; word-break: normal; border: 1px solid black;\">Par\u00e1metro<\/th>\n<th style=\"font-family: Arial, sans-serif; font-size: 14px; font-weight: bold; overflow: hidden; padding: 10px 5px; text-align: center; vertical-align: middle; word-break: normal; border: 1px solid black;\">Descripci\u00f3n de las especificaciones<\/th>\n<\/tr>\n<\/thead>\n<tbody>\n<tr>\n<td style=\"font-family: Arial, sans-serif; font-size: 14px; overflow: hidden; padding: 10px 5px; text-align: left; vertical-align: middle; word-break: normal; border: 1px solid black;\">Material<\/td>\n<td style=\"font-family: Arial, sans-serif; font-size: 14px; overflow: hidden; padding: 10px 5px; text-align: left; vertical-align: middle; word-break: normal; border: 1px solid black;\">Filamento continuo de poli\u00e9ster (PET) o polipropileno (PP)<\/td>\n<\/tr>\n<tr>\n<td style=\"font-family: Arial, sans-serif; font-size: 14px; overflow: hidden; padding: 10px 5px; text-align: left; vertical-align: middle; word-break: normal; border: 1px solid black;\">Peso<\/td>\n<td style=\"font-family: Arial, sans-serif; font-size: 14px; overflow: hidden; padding: 10px 5px; text-align: left; vertical-align: middle; word-break: normal; border: 1px solid black;\">100 g\/m<sup>2<\/sup>-800g\/m<sup>2<\/sup><\/td>\n<\/tr>\n<tr>\n<td style=\"font-family: Arial, sans-serif; font-size: 14px; overflow: hidden; padding: 10px 5px; text-align: left; vertical-align: middle; word-break: normal; border: 1px solid black;\">Espesor<\/td>\n<td style=\"font-family: Arial, sans-serif; font-size: 14px; overflow: hidden; padding: 10px 5px; text-align: left; vertical-align: middle; word-break: normal; border: 1px solid black;\">0,8-5 mm<\/td>\n<\/tr>\n<tr>\n<td style=\"font-family: Arial, sans-serif; font-size: 14px; overflow: hidden; padding: 10px 5px; text-align: left; vertical-align: middle; word-break: normal; border: 1px solid black;\">Anchura<\/td>\n<td style=\"font-family: Arial, sans-serif; font-size: 14px; overflow: hidden; padding: 10px 5px; text-align: left; vertical-align: middle; word-break: normal; border: 1px solid black;\">1-7 metros (personalizable)<\/td>\n<\/tr>\n<tr>\n<td style=\"font-family: Arial, sans-serif; font-size: 14px; overflow: hidden; padding: 10px 5px; text-align: left; vertical-align: middle; word-break: normal; border: 1px solid black;\">Longitud del rollo<\/td>\n<td style=\"font-family: Arial, sans-serif; font-size: 14px; overflow: hidden; padding: 10px 5px; text-align: left; vertical-align: middle; word-break: normal; border: 1px solid black;\">50-200 metros\/rollo (personalizable)<\/td>\n<\/tr>\n<tr>\n<td style=\"font-family: Arial, sans-serif; font-size: 14px; overflow: hidden; padding: 10px 5px; text-align: left; vertical-align: middle; word-break: normal; border: 1px solid black;\">Color<\/td>\n<td style=\"font-family: Arial, sans-serif; font-size: 14px; overflow: hidden; padding: 10px 5px; text-align: left; vertical-align: middle; word-break: normal; border: 1px solid black;\">Blanco, negro, gris (personalizable)<\/td>\n<\/tr>\n<tr>\n<td style=\"font-family: Arial, sans-serif; font-size: 14px; overflow: hidden; padding: 10px 5px; text-align: left; vertical-align: middle; word-break: normal; border: 1px solid black;\">Resistencia a la tracci\u00f3n<\/td>\n<td style=\"font-family: Arial, sans-serif; font-size: 14px; overflow: hidden; padding: 10px 5px; text-align: left; vertical-align: middle; word-break: normal; border: 1px solid black;\">\u2265 8 kN\/m (var\u00eda con el peso)<\/td>\n<\/tr>\n<tr>\n<td style=\"font-family: Arial, sans-serif; font-size: 14px; overflow: hidden; padding: 10px 5px; text-align: left; vertical-align: middle; word-break: normal; border: 1px solid black;\">Alargamiento<\/td>\n<td style=\"font-family: Arial, sans-serif; font-size: 14px; overflow: hidden; padding: 10px 5px; text-align: left; vertical-align: middle; word-break: normal; border: 1px solid black;\">\u2265 25%<\/td>\n<\/tr>\n<tr>\n<td style=\"font-family: Arial, sans-serif; font-size: 14px; overflow: hidden; padding: 10px 5px; text-align: left; vertical-align: middle; word-break: normal; border: 1px solid black;\">Resistencia al desgarro<\/td>\n<td style=\"font-family: Arial, sans-serif; font-size: 14px; overflow: hidden; padding: 10px 5px; text-align: left; vertical-align: middle; word-break: normal; border: 1px solid black;\">\u2265 200 N<\/td>\n<\/tr>\n<tr>\n<td style=\"font-family: Arial, sans-serif; font-size: 14px; overflow: hidden; padding: 10px 5px; text-align: left; vertical-align: middle; word-break: normal; border: 1px solid black;\">Resistencia qu\u00edmica<\/td>\n<td style=\"font-family: Arial, sans-serif; font-size: 14px; overflow: hidden; padding: 10px 5px; text-align: left; vertical-align: middle; word-break: normal; border: 1px solid black;\">Excelente resistencia a \u00e1cidos y \u00e1lcalis<\/td>\n<\/tr>\n<tr>\n<td style=\"font-family: Arial, sans-serif; font-size: 14px; overflow: hidden; padding: 10px 5px; text-align: left; vertical-align: middle; word-break: normal; border: 1px solid black;\">Coeficiente de permeabilidad<\/td>\n<td style=\"font-family: Arial, sans-serif; font-size: 14px; overflow: hidden; padding: 10px 5px; text-align: left; vertical-align: middle; word-break: normal; border: 1px solid black;\">10-\u00b9-10-\u00b3 cm\/s<\/td>\n<\/tr>\n<tr>\n<td style=\"font-family: Arial, sans-serif; font-size: 14px; overflow: hidden; padding: 10px 5px; text-align: left; vertical-align: middle; word-break: normal; border: 1px solid black;\">Temperatura de funcionamiento<\/td>\n<td style=\"font-family: Arial, sans-serif; font-size: 14px; overflow: hidden; padding: 10px 5px; text-align: left; vertical-align: middle; word-break: normal; border: 1px solid black;\">-40\u2103 a +120\u2103<\/td>\n<\/tr>\n<tr>\n<td style=\"font-family: Arial, sans-serif; font-size: 14px; overflow: hidden; padding: 10px 5px; text-align: left; vertical-align: middle; word-break: normal; border: 1px solid black;\">Normas<\/td>\n<td style=\"font-family: Arial, sans-serif; font-size: 14px; overflow: hidden; padding: 10px 5px; text-align: left; vertical-align: middle; word-break: normal; border: 1px solid black;\">GB\/T 17638, EN ISO 10319, ASTM D4595, etc.<\/td>\n<\/tr>\n<\/tbody>\n<\/table>\n<h2>Caracter\u00edsticas<\/h2>\n<p>- Resistencia UV<\/p>\n<p>- Resistencia a altas temperaturas (hasta 230\u00b0C), manteniendo la estabilidad estructural y las propiedades f\u00edsicas originales.<\/p>\n<p>- Elevado drenaje en el plano y permeabilidad vertical<\/p>\n<p>- Excelente resistencia a la fluencia<\/p>\n<p>- Resistencia a la corrosi\u00f3n qu\u00edmica del suelo, as\u00ed como a la gasolina y el gas\u00f3leo<\/p>\n<p>- Elevado alargamiento bajo tensi\u00f3n**, que permite la adaptaci\u00f3n a sustratos irregulares y desiguales.<\/p>\n<h2>Funci\u00f3n<\/h2>\n<ul>\n<li><strong>Permeabilidad y filtraci\u00f3n: <\/strong>Los geotextiles proporcionan una excelente transpirabilidad y permeabilidad al agua, lo que permite un drenaje eficaz al tiempo que evita la erosi\u00f3n del suelo y la p\u00e9rdida de arena\/grava.<\/li>\n<li><strong>Alta conductividad hidr\u00e1ulica: <\/strong>Forma canales de drenaje eficaces para eliminar el exceso de l\u00edquidos y gases por evaporaci\u00f3n.<\/li>\n<li><strong>Alta permeabilidad bajo presi\u00f3n :<\/strong> Mantiene una permeabilidad al agua superior incluso bajo presi\u00f3n hidr\u00e1ulica y del suelo.<\/li>\n<li><strong>Distribuci\u00f3n de la tensi\u00f3n:<\/strong>Dispersa, transfiere o descompone eficazmente las tensiones concentradas para proteger el suelo de da\u00f1os externos.<\/li>\n<li><strong>Separaci\u00f3n de capas<\/strong> <strong>:<\/strong> Evita la mezcla de capas adyacentes de arena, tierra y hormig\u00f3n.<\/li>\n<li><strong>Resistencia qu\u00edmica: <\/strong>Fabricadas con fibras de polipropileno (PP) o poli\u00e9ster (PET), ofrecen resistencia a los \u00e1cidos, los \u00e1lcalis, la corrosi\u00f3n, la oxidaci\u00f3n y el calor.<\/li>\n<li><strong>Ligero y de f\u00e1cil instalaci\u00f3n:<\/strong> Reduce el tiempo de construcci\u00f3n, disminuye los costes y mejora la eficiencia econ\u00f3mica.<\/li>\n<li><strong>Refuerzo del suelo:<\/strong> Aumenta la resistencia a la tracci\u00f3n y a la deformaci\u00f3n del suelo, mejorando la estabilidad estructural y la calidad del suelo.<\/li>\n<\/ul>\n<h2>Prop\u00f3sito<\/h2>\n<ul>\n<li>Material de filtraci\u00f3n para la separaci\u00f3n de capas de suelo.<\/li>\n<li>Material de drenaje\uff0c para embalses, procesamiento de minerales y cimientos de edificios altos.<\/li>\n<li>Material de control de la erosi\u00f3n, para terraplenes de r\u00edos y protecci\u00f3n de taludes.<\/li>\n<li>Material de refuerzo, para lechos de carreteras (ferrocarriles, autopistas, pistas de aeropuertos) y construcci\u00f3n de carreteras pantanosas.<\/li>\n<li>Protecci\u00f3n contra heladas y congelaci\u00f3n Material aislante.<\/li>\n<li>Anti-Cracking Material\uff0c para pavimentos de asfalto.<\/li>\n<\/ul>\n<h2>Escenarios de aplicaci\u00f3n<\/h2>\n<p><img loading=\"lazy\" decoding=\"async\" class=\"size-full wp-image-13582 aligncenter\" data-src=\"https:\/\/www.bsdnonwoven.com\/wp-content\/uploads\/2025\/05\/Long-silk-spunbond-needle-punched-nonwoven-geotextile1-2.webp\" alt=\"Geotextil no tejido punzonado de seda larga1\" width=\"1500\" height=\"500\" srcset=\"https:\/\/www.bsdnonwoven.com\/wp-content\/uploads\/2025\/05\/Long-silk-spunbond-needle-punched-nonwoven-geotextile1-2.webp 1500w, https:\/\/www.bsdnonwoven.com\/wp-content\/uploads\/2025\/05\/Long-silk-spunbond-needle-punched-nonwoven-geotextile1-2-1280x427.webp 1280w, https:\/\/www.bsdnonwoven.com\/wp-content\/uploads\/2025\/05\/Long-silk-spunbond-needle-punched-nonwoven-geotextile1-2-980x327.webp 980w, https:\/\/www.bsdnonwoven.com\/wp-content\/uploads\/2025\/05\/Long-silk-spunbond-needle-punched-nonwoven-geotextile1-2-480x160.webp 480w\" sizes=\"(min-width: 0px) and (max-width: 480px) 480px, (min-width: 481px) and (max-width: 980px) 980px, (min-width: 981px) and (max-width: 1280px) 1280px, (min-width: 1281px) 1500px, 100vw\" \/><\/p>","protected":false},"excerpt":{"rendered":"<p>Filamento continuo punzonado no tejido <a href=\"https:\/\/www.bsdnonwoven.com\/category\/geotextile\/\"><strong>Geotextil<\/strong><\/a> se produce a partir de filamentos continuos de poli\u00e9ster (PET) o polipropileno (PP) mediante procesos de punzonado con aguja, formando una estructura tridimensional. Este producto presenta excelentes propiedades mec\u00e1nicas e hidr\u00e1ulicas, por lo que es ampliamente aplicable en ingenier\u00eda civil, proyectos de conservaci\u00f3n del agua y construcciones de carreteras y ferrocarriles para funciones como refuerzo, separaci\u00f3n, filtraci\u00f3n, drenaje y protecci\u00f3n.<\/p>","protected":false},"featured_media":13059,"template":"","meta":{"_et_pb_use_builder":"","_et_pb_old_content":"","_et_gb_content_width":""},"product_cat":[312],"product_tag":[268],"yoast_head":"<!-- This site is optimized with the Yoast SEO plugin v22.7 - https:\/\/yoast.com\/wordpress\/plugins\/seo\/ -->\n<title>Long silk spunbond needle punched nonwoven geotextile - Boshida Nonwoven<\/title>\n<meta name=\"description\" content=\"Long silk spunbond needle punched nonwoven geotextile , we provide Geosynthetic Needle-Punched Non-woven Fabric, Household needle punched non-woven fabric, Automotive Non-woven Fabric with good price.\" \/>\n<meta name=\"robots\" content=\"index, follow, max-snippet:-1, max-image-preview:large, max-video-preview:-1\" \/>\n<link rel=\"canonical\" href=\"https:\/\/www.bsdnonwoven.com\/es\/producto\/long-silk-spunbond-needle-punched-nonwoven-geotextile-2\/\" \/>\n<meta property=\"og:locale\" content=\"es_ES\" \/>\n<meta property=\"og:type\" content=\"article\" \/>\n<meta property=\"og:title\" content=\"Long silk spunbond needle punched nonwoven geotextile - Boshida Nonwoven\" \/>\n<meta property=\"og:description\" content=\"Long silk spunbond needle punched nonwoven geotextile , we provide Geosynthetic Needle-Punched Non-woven Fabric, Household needle punched non-woven fabric, Automotive Non-woven Fabric with good price.\" \/>\n<meta property=\"og:url\" content=\"https:\/\/www.bsdnonwoven.com\/es\/producto\/long-silk-spunbond-needle-punched-nonwoven-geotextile-2\/\" \/>\n<meta property=\"og:site_name\" content=\"Boshida Nonwoven\" \/>\n<meta property=\"article:modified_time\" content=\"2025-06-26T08:21:54+00:00\" \/>\n<meta property=\"og:image\" content=\"https:\/\/www.bsdnonwoven.com\/wp-content\/uploads\/2025\/05\/Long-silk-spunbond-needle-punched-nonwoven-geotextile-1.webp\" \/>\n\t<meta property=\"og:image:width\" content=\"800\" \/>\n\t<meta property=\"og:image:height\" content=\"800\" \/>\n\t<meta property=\"og:image:type\" content=\"image\/webp\" \/>\n<meta name=\"twitter:card\" content=\"summary_large_image\" \/>\n<meta name=\"twitter:label1\" content=\"Tiempo de lectura\" \/>\n\t<meta name=\"twitter:data1\" content=\"2 minutos\" \/>\n<script type=\"application\/ld+json\" class=\"yoast-schema-graph\">{\"@context\":\"https:\/\/schema.org\",\"@graph\":[{\"@type\":\"WebPage\",\"@id\":\"https:\/\/www.bsdnonwoven.com\/product\/long-silk-spunbond-needle-punched-nonwoven-geotextile-2\/\",\"url\":\"https:\/\/www.bsdnonwoven.com\/product\/long-silk-spunbond-needle-punched-nonwoven-geotextile-2\/\",\"name\":\"Long silk spunbond needle punched nonwoven geotextile - Boshida Nonwoven\",\"isPartOf\":{\"@id\":\"https:\/\/www.bsdnonwoven.com\/#website\"},\"primaryImageOfPage\":{\"@id\":\"https:\/\/www.bsdnonwoven.com\/product\/long-silk-spunbond-needle-punched-nonwoven-geotextile-2\/#primaryimage\"},\"image\":{\"@id\":\"https:\/\/www.bsdnonwoven.com\/product\/long-silk-spunbond-needle-punched-nonwoven-geotextile-2\/#primaryimage\"},\"thumbnailUrl\":\"https:\/\/www.bsdnonwoven.com\/wp-content\/uploads\/2025\/05\/Long-silk-spunbond-needle-punched-nonwoven-geotextile-1.webp\",\"datePublished\":\"2025-05-21T07:31:38+00:00\",\"dateModified\":\"2025-06-26T08:21:54+00:00\",\"description\":\"Long silk spunbond needle punched nonwoven geotextile , we provide Geosynthetic Needle-Punched Non-woven Fabric, Household needle punched non-woven fabric, Automotive Non-woven Fabric with good price.\",\"breadcrumb\":{\"@id\":\"https:\/\/www.bsdnonwoven.com\/product\/long-silk-spunbond-needle-punched-nonwoven-geotextile-2\/#breadcrumb\"},\"inLanguage\":\"es\",\"potentialAction\":[{\"@type\":\"ReadAction\",\"target\":[\"https:\/\/www.bsdnonwoven.com\/product\/long-silk-spunbond-needle-punched-nonwoven-geotextile-2\/\"]}]},{\"@type\":\"ImageObject\",\"inLanguage\":\"es\",\"@id\":\"https:\/\/www.bsdnonwoven.com\/product\/long-silk-spunbond-needle-punched-nonwoven-geotextile-2\/#primaryimage\",\"url\":\"https:\/\/www.bsdnonwoven.com\/wp-content\/uploads\/2025\/05\/Long-silk-spunbond-needle-punched-nonwoven-geotextile-1.webp\",\"contentUrl\":\"https:\/\/www.bsdnonwoven.com\/wp-content\/uploads\/2025\/05\/Long-silk-spunbond-needle-punched-nonwoven-geotextile-1.webp\",\"width\":800,\"height\":800,\"caption\":\"Long silk spunbond needle punched nonwoven geotextile\"},{\"@type\":\"BreadcrumbList\",\"@id\":\"https:\/\/www.bsdnonwoven.com\/product\/long-silk-spunbond-needle-punched-nonwoven-geotextile-2\/#breadcrumb\",\"itemListElement\":[{\"@type\":\"ListItem\",\"position\":1,\"name\":\"Home\",\"item\":\"https:\/\/www.bsdnonwoven.com\/\"},{\"@type\":\"ListItem\",\"position\":2,\"name\":\"Products\",\"item\":\"https:\/\/www.bsdnonwoven.com\/shop\/\"},{\"@type\":\"ListItem\",\"position\":3,\"name\":\"Long silk spunbond needle punched nonwoven geotextile\"}]},{\"@type\":\"WebSite\",\"@id\":\"https:\/\/www.bsdnonwoven.com\/#website\",\"url\":\"https:\/\/www.bsdnonwoven.com\/\",\"name\":\"Boshida Nonwoven\",\"description\":\"\",\"potentialAction\":[{\"@type\":\"SearchAction\",\"target\":{\"@type\":\"EntryPoint\",\"urlTemplate\":\"https:\/\/www.bsdnonwoven.com\/?s={search_term_string}\"},\"query-input\":\"required name=search_term_string\"}],\"inLanguage\":\"es\"}]}<\/script>\n<!-- \/ Yoast SEO plugin. -->","yoast_head_json":{"title":"Long silk spunbond needle punched nonwoven geotextile - Boshida Nonwoven","description":"Long silk spunbond needle punched nonwoven geotextile , we provide Geosynthetic Needle-Punched Non-woven Fabric, Household needle punched non-woven fabric, Automotive Non-woven Fabric with good price.","robots":{"index":"index","follow":"follow","max-snippet":"max-snippet:-1","max-image-preview":"max-image-preview:large","max-video-preview":"max-video-preview:-1"},"canonical":"https:\/\/www.bsdnonwoven.com\/es\/producto\/long-silk-spunbond-needle-punched-nonwoven-geotextile-2\/","og_locale":"es_ES","og_type":"article","og_title":"Long silk spunbond needle punched nonwoven geotextile - Boshida Nonwoven","og_description":"Long silk spunbond needle punched nonwoven geotextile , we provide Geosynthetic Needle-Punched Non-woven Fabric, Household needle punched non-woven fabric, Automotive Non-woven Fabric with good price.","og_url":"https:\/\/www.bsdnonwoven.com\/es\/producto\/long-silk-spunbond-needle-punched-nonwoven-geotextile-2\/","og_site_name":"Boshida Nonwoven","article_modified_time":"2025-06-26T08:21:54+00:00","og_image":[{"width":800,"height":800,"url":"https:\/\/www.bsdnonwoven.com\/wp-content\/uploads\/2025\/05\/Long-silk-spunbond-needle-punched-nonwoven-geotextile-1.webp","type":"image\/webp"}],"twitter_card":"summary_large_image","twitter_misc":{"Tiempo de lectura":"2 minutos"},"schema":{"@context":"https:\/\/schema.org","@graph":[{"@type":"WebPage","@id":"https:\/\/www.bsdnonwoven.com\/product\/long-silk-spunbond-needle-punched-nonwoven-geotextile-2\/","url":"https:\/\/www.bsdnonwoven.com\/product\/long-silk-spunbond-needle-punched-nonwoven-geotextile-2\/","name":"Long silk spunbond needle punched nonwoven geotextile - Boshida Nonwoven","isPartOf":{"@id":"https:\/\/www.bsdnonwoven.com\/#website"},"primaryImageOfPage":{"@id":"https:\/\/www.bsdnonwoven.com\/product\/long-silk-spunbond-needle-punched-nonwoven-geotextile-2\/#primaryimage"},"image":{"@id":"https:\/\/www.bsdnonwoven.com\/product\/long-silk-spunbond-needle-punched-nonwoven-geotextile-2\/#primaryimage"},"thumbnailUrl":"https:\/\/www.bsdnonwoven.com\/wp-content\/uploads\/2025\/05\/Long-silk-spunbond-needle-punched-nonwoven-geotextile-1.webp","datePublished":"2025-05-21T07:31:38+00:00","dateModified":"2025-06-26T08:21:54+00:00","description":"Long silk spunbond needle punched nonwoven geotextile , we provide Geosynthetic Needle-Punched Non-woven Fabric, Household needle punched non-woven fabric, Automotive Non-woven Fabric with good price.","breadcrumb":{"@id":"https:\/\/www.bsdnonwoven.com\/product\/long-silk-spunbond-needle-punched-nonwoven-geotextile-2\/#breadcrumb"},"inLanguage":"es","potentialAction":[{"@type":"ReadAction","target":["https:\/\/www.bsdnonwoven.com\/product\/long-silk-spunbond-needle-punched-nonwoven-geotextile-2\/"]}]},{"@type":"ImageObject","inLanguage":"es","@id":"https:\/\/www.bsdnonwoven.com\/product\/long-silk-spunbond-needle-punched-nonwoven-geotextile-2\/#primaryimage","url":"https:\/\/www.bsdnonwoven.com\/wp-content\/uploads\/2025\/05\/Long-silk-spunbond-needle-punched-nonwoven-geotextile-1.webp","contentUrl":"https:\/\/www.bsdnonwoven.com\/wp-content\/uploads\/2025\/05\/Long-silk-spunbond-needle-punched-nonwoven-geotextile-1.webp","width":800,"height":800,"caption":"Long silk spunbond needle punched nonwoven geotextile"},{"@type":"BreadcrumbList","@id":"https:\/\/www.bsdnonwoven.com\/product\/long-silk-spunbond-needle-punched-nonwoven-geotextile-2\/#breadcrumb","itemListElement":[{"@type":"ListItem","position":1,"name":"Home","item":"https:\/\/www.bsdnonwoven.com\/"},{"@type":"ListItem","position":2,"name":"Products","item":"https:\/\/www.bsdnonwoven.com\/shop\/"},{"@type":"ListItem","position":3,"name":"Long silk spunbond needle punched nonwoven geotextile"}]},{"@type":"WebSite","@id":"https:\/\/www.bsdnonwoven.com\/#website","url":"https:\/\/www.bsdnonwoven.com\/","name":"Boshida Nonwoven","description":"","potentialAction":[{"@type":"SearchAction","target":{"@type":"EntryPoint","urlTemplate":"https:\/\/www.bsdnonwoven.com\/?s={search_term_string}"},"query-input":"required name=search_term_string"}],"inLanguage":"es"}]}},"_links":{"self":[{"href":"https:\/\/www.bsdnonwoven.com\/es\/wp-json\/wp\/v2\/product\/13056"}],"collection":[{"href":"https:\/\/www.bsdnonwoven.com\/es\/wp-json\/wp\/v2\/product"}],"about":[{"href":"https:\/\/www.bsdnonwoven.com\/es\/wp-json\/wp\/v2\/types\/product"}],"wp:featuredmedia":[{"embeddable":true,"href":"https:\/\/www.bsdnonwoven.com\/es\/wp-json\/wp\/v2\/media\/13059"}],"wp:attachment":[{"href":"https:\/\/www.bsdnonwoven.com\/es\/wp-json\/wp\/v2\/media?parent=13056"}],"wp:term":[{"taxonomy":"product_cat","embeddable":true,"href":"https:\/\/www.bsdnonwoven.com\/es\/wp-json\/wp\/v2\/product_cat?post=13056"},{"taxonomy":"product_tag","embeddable":true,"href":"https:\/\/www.bsdnonwoven.com\/es\/wp-json\/wp\/v2\/product_tag?post=13056"}],"curies":[{"name":"wp","href":"https:\/\/api.w.org\/{rel}","templated":true}]}}