{"id":13079,"date":"2025-05-21T07:50:58","date_gmt":"2025-05-21T07:50:58","guid":{"rendered":"https:\/\/www.bsdnonwoven.com\/?post_type=product&#038;p=13079"},"modified":"2025-06-25T09:21:24","modified_gmt":"2025-06-25T09:21:24","slug":"nonwoven-composite-geomembrane","status":"publish","type":"product","link":"https:\/\/www.bsdnonwoven.com\/es\/producto\/nonwoven-composite-geomembrane\/","title":{"rendered":"Geomembrana compuesta no tejida"},"content":{"rendered":"<h2>Descripci\u00f3n del producto<\/h2>\n<p><a href=\"https:\/\/www.bsdnonwoven.com\/product\/nonwoven-composite-geomembrane\/\"><strong>Geomembrana compuesta no tejida<\/strong><\/a> es un material impermeable fabricado laminando geomembrana de HDPE con geotextil no tejido punzonado mediante uni\u00f3n por calor o calandrado. Combina la impermeabilidad de la membrana con la resistencia a la tracci\u00f3n y la filtraci\u00f3n del geotextil. Se utiliza mucho en vertederos, embalses, canales, t\u00faneles y estanques de acuicultura. Estructuras como un textil + una membrana, o dos textiles + una membrana, pueden personalizarse en funci\u00f3n de las necesidades del proyecto.<\/p>\n<h2>Par\u00e1metro<\/h2>\n<table class=\"tg\" style=\"border-collapse: collapse; border-spacing: 0;\">\n<thead>\n<tr>\n<th style=\"font-family: Arial, sans-serif; font-size: 14px; font-weight: bold; overflow: hidden; padding: 10px 5px; text-align: left; vertical-align: middle; word-break: normal; border: 1px solid black;\">Par\u00e1metro<\/th>\n<th style=\"font-family: Arial, sans-serif; font-size: 14px; font-weight: bold; overflow: hidden; padding: 10px 5px; text-align: left; vertical-align: middle; word-break: normal; border: 1px solid black;\">Especificaci\u00f3n<\/th>\n<\/tr>\n<\/thead>\n<tbody>\n<tr>\n<td style=\"font-family: Arial, sans-serif; font-size: 14px; overflow: hidden; padding: 10px 5px; text-align: left; vertical-align: middle; word-break: normal; border: 1px solid black;\">Composici\u00f3n del material<\/td>\n<td style=\"font-family: Arial, sans-serif; font-size: 14px; overflow: hidden; padding: 10px 5px; text-align: left; vertical-align: middle; word-break: normal; border: 1px solid black;\">Geomembrana HDPE + Geotextil punzonado<\/td>\n<\/tr>\n<tr>\n<td style=\"font-family: Arial, sans-serif; font-size: 14px; overflow: hidden; padding: 10px 5px; text-align: left; vertical-align: middle; word-break: normal; border: 1px solid black;\">Espesor de la membrana<\/td>\n<td style=\"font-family: Arial, sans-serif; font-size: 14px; overflow: hidden; padding: 10px 5px; text-align: left; vertical-align: middle; word-break: normal; border: 1px solid black;\">0,2 mm - 2,0 mm<\/td>\n<\/tr>\n<tr>\n<td style=\"font-family: Arial, sans-serif; font-size: 14px; overflow: hidden; padding: 10px 5px; text-align: left; vertical-align: middle; word-break: normal; border: 1px solid black;\">Peso del tejido<\/td>\n<td style=\"font-family: Arial, sans-serif; font-size: 14px; overflow: hidden; padding: 10px 5px; text-align: left; vertical-align: middle; word-break: normal; border: 1px solid black;\">100 g - 600 g\/m\u00b2.<\/td>\n<\/tr>\n<tr>\n<td style=\"font-family: Arial, sans-serif; font-size: 14px; overflow: hidden; padding: 10px 5px; text-align: left; vertical-align: middle; word-break: normal; border: 1px solid black;\">Capas compuestas<\/td>\n<td style=\"font-family: Arial, sans-serif; font-size: 14px; overflow: hidden; padding: 10px 5px; text-align: left; vertical-align: middle; word-break: normal; border: 1px solid black;\">Un tejido + una membrana \/ Dos tejidos + una membrana \/ Multicapa<\/td>\n<\/tr>\n<tr>\n<td style=\"font-family: Arial, sans-serif; font-size: 14px; overflow: hidden; padding: 10px 5px; text-align: left; vertical-align: middle; word-break: normal; border: 1px solid black;\">Anchura<\/td>\n<td style=\"font-family: Arial, sans-serif; font-size: 14px; overflow: hidden; padding: 10px 5px; text-align: left; vertical-align: middle; word-break: normal; border: 1px solid black;\">Est\u00e1ndar 6 metros, personalizable 1m-8m<\/td>\n<\/tr>\n<tr>\n<td style=\"font-family: Arial, sans-serif; font-size: 14px; overflow: hidden; padding: 10px 5px; text-align: left; vertical-align: middle; word-break: normal; border: 1px solid black;\">Longitud<\/td>\n<td style=\"font-family: Arial, sans-serif; font-size: 14px; overflow: hidden; padding: 10px 5px; text-align: left; vertical-align: middle; word-break: normal; border: 1px solid black;\">50 m o 100 m por rollo, personalizable<\/td>\n<\/tr>\n<tr>\n<td style=\"font-family: Arial, sans-serif; font-size: 14px; overflow: hidden; padding: 10px 5px; text-align: left; vertical-align: middle; word-break: normal; border: 1px solid black;\">Resistencia a la tracci\u00f3n<\/td>\n<td style=\"font-family: Arial, sans-serif; font-size: 14px; overflow: hidden; padding: 10px 5px; text-align: left; vertical-align: middle; word-break: normal; border: 1px solid black;\">\u2265 18 MPa (ajustable en funci\u00f3n del tejido)<\/td>\n<\/tr>\n<tr>\n<td style=\"font-family: Arial, sans-serif; font-size: 14px; overflow: hidden; padding: 10px 5px; text-align: left; vertical-align: middle; word-break: normal; border: 1px solid black;\">Resistencia al desgarro<\/td>\n<td style=\"font-family: Arial, sans-serif; font-size: 14px; overflow: hidden; padding: 10px 5px; text-align: left; vertical-align: middle; word-break: normal; border: 1px solid black;\">\u2265 80 N<\/td>\n<\/tr>\n<tr>\n<td style=\"font-family: Arial, sans-serif; font-size: 14px; overflow: hidden; padding: 10px 5px; text-align: left; vertical-align: middle; word-break: normal; border: 1px solid black;\">Permeabilidad<\/td>\n<td style=\"font-family: Arial, sans-serif; font-size: 14px; overflow: hidden; padding: 10px 5px; text-align: left; vertical-align: middle; word-break: normal; border: 1px solid black;\">\u2264 1,0\u00d710-\u00b9\u00b3 cm\/s<\/td>\n<\/tr>\n<\/tbody>\n<\/table>\n<h2>Caracter\u00edsticas principales<\/h2>\n<ul>\n<li><strong>Altos indicadores de rendimiento f\u00edsico y mec\u00e1nico<\/strong>: Incluida la resistencia a la tracci\u00f3n, la resistencia al desgarro y la resistencia al estallido.<\/li>\n<li><strong>Excelentes caracter\u00edsticas del producto<\/strong>: Alta resistencia, buenas propiedades de alargamiento y gran m\u00f3dulo de deformaci\u00f3n.<\/li>\n<li><strong>Excelentes propiedades de los materiales<\/strong>: Resistencia a \u00e1cidos y \u00e1lcalis, resistencia a la corrosi\u00f3n, resistencia al envejecimiento e impermeabilidad superior.<\/li>\n<\/ul>\n<h2>Funciones del producto<\/h2>\n<p>Evita las filtraciones de agua, conserva los recursos h\u00eddricos<\/p>\n<p>Impide que los contaminantes se infiltren en el suelo<\/p>\n<p>Mejora la estabilidad general de la infraestructura<\/p>\n<p>Prolonga la vida del proyecto y reduce las necesidades de mantenimiento<\/p>\n<h2>Prop\u00f3sito<\/h2>\n<ul>\n<li>Aplicaciones multifuncionales: Eficaz para impermeabilizaci\u00f3n, separaci\u00f3n y refuerzo estructural.<\/li>\n<li>Amplios escenarios de uso: Desde proyectos de infraestructuras hasta aplicaciones de protecci\u00f3n medioambiental<\/li>\n<li>Rendimiento probado: Soluci\u00f3n fiable tanto para la contenci\u00f3n de l\u00edquidos como para la prevenci\u00f3n de la contaminaci\u00f3n<\/li>\n<\/ul>\n<h2>Escenarios de aplicaci\u00f3n<\/h2>\n<p><img loading=\"lazy\" decoding=\"async\" class=\"size-full wp-image-13603 aligncenter\" data-src=\"https:\/\/www.bsdnonwoven.com\/wp-content\/uploads\/2025\/05\/Nonwoven-composite-geomembrane1-2.webp\" alt=\"Nonwoven composite geomembrane1\" width=\"1500\" height=\"500\" srcset=\"https:\/\/www.bsdnonwoven.com\/wp-content\/uploads\/2025\/05\/Nonwoven-composite-geomembrane1-2.webp 1500w, https:\/\/www.bsdnonwoven.com\/wp-content\/uploads\/2025\/05\/Nonwoven-composite-geomembrane1-2-1280x427.webp 1280w, https:\/\/www.bsdnonwoven.com\/wp-content\/uploads\/2025\/05\/Nonwoven-composite-geomembrane1-2-980x327.webp 980w, https:\/\/www.bsdnonwoven.com\/wp-content\/uploads\/2025\/05\/Nonwoven-composite-geomembrane1-2-480x160.webp 480w\" sizes=\"(min-width: 0px) and (max-width: 480px) 480px, (min-width: 481px) and (max-width: 980px) 980px, (min-width: 981px) and (max-width: 1280px) 1280px, (min-width: 1281px) 1500px, 100vw\" \/><\/p>","protected":false},"excerpt":{"rendered":"<p><strong>Compuesto no tejido <a href=\"https:\/\/www.bsdnonwoven.com\/category\/geomembrane-2\/\">geomembrana<\/a><\/strong> es un material impermeable fabricado laminando geomembrana de HDPE con geotextil no tejido punzonado mediante uni\u00f3n por calor o calandrado. Combina la impermeabilidad de la membrana con la resistencia a la tracci\u00f3n y la filtraci\u00f3n del geotextil. Se utiliza mucho en vertederos, embalses, canales, t\u00faneles y estanques de acuicultura. Estructuras como un textil + una membrana, o dos textiles + una membrana, pueden personalizarse en funci\u00f3n de las necesidades del proyecto.<\/p>","protected":false},"featured_media":13081,"template":"","meta":{"_et_pb_use_builder":"","_et_pb_old_content":"","_et_gb_content_width":""},"product_cat":[313],"product_tag":[320],"yoast_head":"<!-- This site is optimized with the Yoast SEO plugin v22.7 - https:\/\/yoast.com\/wordpress\/plugins\/seo\/ -->\n<title>Nonwoven composite geomembrane - Boshida Nonwoven<\/title>\n<meta name=\"description\" content=\"Nonwoven composite geomembrane , we provide Geosynthetic Needle-Punched Non-woven Fabric, Household needle punched non-woven fabric, Automotive Non-woven Fabric with good price.\" \/>\n<meta name=\"robots\" content=\"index, follow, max-snippet:-1, max-image-preview:large, max-video-preview:-1\" \/>\n<link rel=\"canonical\" href=\"https:\/\/www.bsdnonwoven.com\/es\/producto\/nonwoven-composite-geomembrane\/\" \/>\n<meta property=\"og:locale\" content=\"es_ES\" \/>\n<meta property=\"og:type\" content=\"article\" \/>\n<meta property=\"og:title\" content=\"Nonwoven composite geomembrane - Boshida Nonwoven\" \/>\n<meta property=\"og:description\" content=\"Nonwoven composite geomembrane , we provide Geosynthetic Needle-Punched Non-woven Fabric, Household needle punched non-woven fabric, Automotive Non-woven Fabric with good price.\" \/>\n<meta property=\"og:url\" content=\"https:\/\/www.bsdnonwoven.com\/es\/producto\/nonwoven-composite-geomembrane\/\" \/>\n<meta property=\"og:site_name\" content=\"Boshida Nonwoven\" \/>\n<meta property=\"article:modified_time\" content=\"2025-06-25T09:21:24+00:00\" \/>\n<meta property=\"og:image\" content=\"https:\/\/www.bsdnonwoven.com\/wp-content\/uploads\/2025\/05\/Nonwoven-composite-geomembrane-1.webp\" \/>\n\t<meta property=\"og:image:width\" content=\"800\" \/>\n\t<meta property=\"og:image:height\" content=\"800\" \/>\n\t<meta property=\"og:image:type\" content=\"image\/webp\" \/>\n<meta name=\"twitter:card\" content=\"summary_large_image\" \/>\n<meta name=\"twitter:label1\" content=\"Tiempo de lectura\" \/>\n\t<meta name=\"twitter:data1\" content=\"2 minutos\" \/>\n<script type=\"application\/ld+json\" class=\"yoast-schema-graph\">{\"@context\":\"https:\/\/schema.org\",\"@graph\":[{\"@type\":\"WebPage\",\"@id\":\"https:\/\/www.bsdnonwoven.com\/product\/nonwoven-composite-geomembrane\/\",\"url\":\"https:\/\/www.bsdnonwoven.com\/product\/nonwoven-composite-geomembrane\/\",\"name\":\"Nonwoven composite geomembrane - Boshida Nonwoven\",\"isPartOf\":{\"@id\":\"https:\/\/www.bsdnonwoven.com\/#website\"},\"primaryImageOfPage\":{\"@id\":\"https:\/\/www.bsdnonwoven.com\/product\/nonwoven-composite-geomembrane\/#primaryimage\"},\"image\":{\"@id\":\"https:\/\/www.bsdnonwoven.com\/product\/nonwoven-composite-geomembrane\/#primaryimage\"},\"thumbnailUrl\":\"https:\/\/www.bsdnonwoven.com\/wp-content\/uploads\/2025\/05\/Nonwoven-composite-geomembrane-1.webp\",\"datePublished\":\"2025-05-21T07:50:58+00:00\",\"dateModified\":\"2025-06-25T09:21:24+00:00\",\"description\":\"Nonwoven composite geomembrane , we provide Geosynthetic Needle-Punched Non-woven Fabric, Household needle punched non-woven fabric, Automotive Non-woven Fabric with good price.\",\"breadcrumb\":{\"@id\":\"https:\/\/www.bsdnonwoven.com\/product\/nonwoven-composite-geomembrane\/#breadcrumb\"},\"inLanguage\":\"es\",\"potentialAction\":[{\"@type\":\"ReadAction\",\"target\":[\"https:\/\/www.bsdnonwoven.com\/product\/nonwoven-composite-geomembrane\/\"]}]},{\"@type\":\"ImageObject\",\"inLanguage\":\"es\",\"@id\":\"https:\/\/www.bsdnonwoven.com\/product\/nonwoven-composite-geomembrane\/#primaryimage\",\"url\":\"https:\/\/www.bsdnonwoven.com\/wp-content\/uploads\/2025\/05\/Nonwoven-composite-geomembrane-1.webp\",\"contentUrl\":\"https:\/\/www.bsdnonwoven.com\/wp-content\/uploads\/2025\/05\/Nonwoven-composite-geomembrane-1.webp\",\"width\":800,\"height\":800,\"caption\":\"Nonwoven composite geomembrane\"},{\"@type\":\"BreadcrumbList\",\"@id\":\"https:\/\/www.bsdnonwoven.com\/product\/nonwoven-composite-geomembrane\/#breadcrumb\",\"itemListElement\":[{\"@type\":\"ListItem\",\"position\":1,\"name\":\"Home\",\"item\":\"https:\/\/www.bsdnonwoven.com\/\"},{\"@type\":\"ListItem\",\"position\":2,\"name\":\"Products\",\"item\":\"https:\/\/www.bsdnonwoven.com\/shop\/\"},{\"@type\":\"ListItem\",\"position\":3,\"name\":\"Nonwoven composite geomembrane\"}]},{\"@type\":\"WebSite\",\"@id\":\"https:\/\/www.bsdnonwoven.com\/#website\",\"url\":\"https:\/\/www.bsdnonwoven.com\/\",\"name\":\"Boshida Nonwoven\",\"description\":\"\",\"potentialAction\":[{\"@type\":\"SearchAction\",\"target\":{\"@type\":\"EntryPoint\",\"urlTemplate\":\"https:\/\/www.bsdnonwoven.com\/?s={search_term_string}\"},\"query-input\":\"required name=search_term_string\"}],\"inLanguage\":\"es\"}]}<\/script>\n<!-- \/ Yoast SEO plugin. -->","yoast_head_json":{"title":"Nonwoven composite geomembrane - Boshida Nonwoven","description":"Nonwoven composite geomembrane , we provide Geosynthetic Needle-Punched Non-woven Fabric, Household needle punched non-woven fabric, Automotive Non-woven Fabric with good price.","robots":{"index":"index","follow":"follow","max-snippet":"max-snippet:-1","max-image-preview":"max-image-preview:large","max-video-preview":"max-video-preview:-1"},"canonical":"https:\/\/www.bsdnonwoven.com\/es\/producto\/nonwoven-composite-geomembrane\/","og_locale":"es_ES","og_type":"article","og_title":"Nonwoven composite geomembrane - Boshida Nonwoven","og_description":"Nonwoven composite geomembrane , we provide Geosynthetic Needle-Punched Non-woven Fabric, Household needle punched non-woven fabric, Automotive Non-woven Fabric with good price.","og_url":"https:\/\/www.bsdnonwoven.com\/es\/producto\/nonwoven-composite-geomembrane\/","og_site_name":"Boshida Nonwoven","article_modified_time":"2025-06-25T09:21:24+00:00","og_image":[{"width":800,"height":800,"url":"https:\/\/www.bsdnonwoven.com\/wp-content\/uploads\/2025\/05\/Nonwoven-composite-geomembrane-1.webp","type":"image\/webp"}],"twitter_card":"summary_large_image","twitter_misc":{"Tiempo de lectura":"2 minutos"},"schema":{"@context":"https:\/\/schema.org","@graph":[{"@type":"WebPage","@id":"https:\/\/www.bsdnonwoven.com\/product\/nonwoven-composite-geomembrane\/","url":"https:\/\/www.bsdnonwoven.com\/product\/nonwoven-composite-geomembrane\/","name":"Nonwoven composite geomembrane - Boshida Nonwoven","isPartOf":{"@id":"https:\/\/www.bsdnonwoven.com\/#website"},"primaryImageOfPage":{"@id":"https:\/\/www.bsdnonwoven.com\/product\/nonwoven-composite-geomembrane\/#primaryimage"},"image":{"@id":"https:\/\/www.bsdnonwoven.com\/product\/nonwoven-composite-geomembrane\/#primaryimage"},"thumbnailUrl":"https:\/\/www.bsdnonwoven.com\/wp-content\/uploads\/2025\/05\/Nonwoven-composite-geomembrane-1.webp","datePublished":"2025-05-21T07:50:58+00:00","dateModified":"2025-06-25T09:21:24+00:00","description":"Nonwoven composite geomembrane , we provide Geosynthetic Needle-Punched Non-woven Fabric, Household needle punched non-woven fabric, Automotive Non-woven Fabric with good price.","breadcrumb":{"@id":"https:\/\/www.bsdnonwoven.com\/product\/nonwoven-composite-geomembrane\/#breadcrumb"},"inLanguage":"es","potentialAction":[{"@type":"ReadAction","target":["https:\/\/www.bsdnonwoven.com\/product\/nonwoven-composite-geomembrane\/"]}]},{"@type":"ImageObject","inLanguage":"es","@id":"https:\/\/www.bsdnonwoven.com\/product\/nonwoven-composite-geomembrane\/#primaryimage","url":"https:\/\/www.bsdnonwoven.com\/wp-content\/uploads\/2025\/05\/Nonwoven-composite-geomembrane-1.webp","contentUrl":"https:\/\/www.bsdnonwoven.com\/wp-content\/uploads\/2025\/05\/Nonwoven-composite-geomembrane-1.webp","width":800,"height":800,"caption":"Nonwoven composite geomembrane"},{"@type":"BreadcrumbList","@id":"https:\/\/www.bsdnonwoven.com\/product\/nonwoven-composite-geomembrane\/#breadcrumb","itemListElement":[{"@type":"ListItem","position":1,"name":"Home","item":"https:\/\/www.bsdnonwoven.com\/"},{"@type":"ListItem","position":2,"name":"Products","item":"https:\/\/www.bsdnonwoven.com\/shop\/"},{"@type":"ListItem","position":3,"name":"Nonwoven composite geomembrane"}]},{"@type":"WebSite","@id":"https:\/\/www.bsdnonwoven.com\/#website","url":"https:\/\/www.bsdnonwoven.com\/","name":"Boshida Nonwoven","description":"","potentialAction":[{"@type":"SearchAction","target":{"@type":"EntryPoint","urlTemplate":"https:\/\/www.bsdnonwoven.com\/?s={search_term_string}"},"query-input":"required name=search_term_string"}],"inLanguage":"es"}]}},"_links":{"self":[{"href":"https:\/\/www.bsdnonwoven.com\/es\/wp-json\/wp\/v2\/product\/13079"}],"collection":[{"href":"https:\/\/www.bsdnonwoven.com\/es\/wp-json\/wp\/v2\/product"}],"about":[{"href":"https:\/\/www.bsdnonwoven.com\/es\/wp-json\/wp\/v2\/types\/product"}],"wp:featuredmedia":[{"embeddable":true,"href":"https:\/\/www.bsdnonwoven.com\/es\/wp-json\/wp\/v2\/media\/13081"}],"wp:attachment":[{"href":"https:\/\/www.bsdnonwoven.com\/es\/wp-json\/wp\/v2\/media?parent=13079"}],"wp:term":[{"taxonomy":"product_cat","embeddable":true,"href":"https:\/\/www.bsdnonwoven.com\/es\/wp-json\/wp\/v2\/product_cat?post=13079"},{"taxonomy":"product_tag","embeddable":true,"href":"https:\/\/www.bsdnonwoven.com\/es\/wp-json\/wp\/v2\/product_tag?post=13079"}],"curies":[{"name":"wp","href":"https:\/\/api.w.org\/{rel}","templated":true}]}}