{"id":13114,"date":"2025-05-21T08:39:50","date_gmt":"2025-05-21T08:39:50","guid":{"rendered":"https:\/\/www.bsdnonwoven.com\/?post_type=product&#038;p=13114"},"modified":"2025-06-25T09:19:49","modified_gmt":"2025-06-25T09:19:49","slug":"composite-geomembrane-for-tailings-engineering-2","status":"publish","type":"product","link":"https:\/\/www.bsdnonwoven.com\/es\/producto\/composite-geomembrane-for-tailings-engineering-2\/","title":{"rendered":"Geomembrana compuesta para la ingenier\u00eda de relaves"},"content":{"rendered":"<h2>Describa<\/h2>\n<p>El compuesto <a href=\"https:\/\/www.bsdnonwoven.com\/product\/composite-geomembrane-for-tailings-engineering-2\/\"><strong>Geomembrana para la ingenier\u00eda de residuos<\/strong><\/a> es una barrera geosint\u00e9tica compuesta de geomembrana de polietileno de alta densidad (PEAD) laminada con geotextil no tejido punzonado. Est\u00e1 dise\u00f1ada espec\u00edficamente para balsas de residuos y aplicaciones de contenci\u00f3n de residuos mineros, y ofrece una excelente resistencia qu\u00edmica, resistencia al envejecimiento y resistencia mec\u00e1nica para evitar eficazmente las fugas de sustancias peligrosas y proteger las aguas subterr\u00e1neas y los entornos circundantes.<\/p>\n<h2>Par\u00e1metro<\/h2>\n<table class=\"tg\" style=\"border-collapse: collapse; border-spacing: 0;\">\n<thead>\n<tr>\n<th style=\"font-family: Arial, sans-serif; font-size: 14px; font-weight: bold; overflow: hidden; padding: 10px 5px; text-align: left; vertical-align: middle; word-break: normal; border: 1px solid black;\">Par\u00e1metro<\/th>\n<th style=\"font-family: Arial, sans-serif; font-size: 14px; font-weight: bold; overflow: hidden; padding: 10px 5px; text-align: left; vertical-align: middle; word-break: normal; border: 1px solid black;\">Especificaci\u00f3n<\/th>\n<\/tr>\n<\/thead>\n<tbody>\n<tr>\n<td style=\"font-family: Arial, sans-serif; font-size: 14px; overflow: hidden; padding: 10px 5px; text-align: left; vertical-align: middle; word-break: normal; border: 1px solid black;\">Composici\u00f3n del material<\/td>\n<td style=\"font-family: Arial, sans-serif; font-size: 14px; overflow: hidden; padding: 10px 5px; text-align: left; vertical-align: middle; word-break: normal; border: 1px solid black;\">Geomembrana HDPE + Geotextil punzonado<\/td>\n<\/tr>\n<tr>\n<td style=\"font-family: Arial, sans-serif; font-size: 14px; overflow: hidden; padding: 10px 5px; text-align: left; vertical-align: middle; word-break: normal; border: 1px solid black;\">Espesor de la membrana<\/td>\n<td style=\"font-family: Arial, sans-serif; font-size: 14px; overflow: hidden; padding: 10px 5px; text-align: left; vertical-align: middle; word-break: normal; border: 1px solid black;\">0,2 mm - 2,0 mm<\/td>\n<\/tr>\n<tr>\n<td style=\"font-family: Arial, sans-serif; font-size: 14px; overflow: hidden; padding: 10px 5px; text-align: left; vertical-align: middle; word-break: normal; border: 1px solid black;\">Peso del tejido<\/td>\n<td style=\"font-family: Arial, sans-serif; font-size: 14px; overflow: hidden; padding: 10px 5px; text-align: left; vertical-align: middle; word-break: normal; border: 1px solid black;\">100 g - 600 g\/m\u00b2.<\/td>\n<\/tr>\n<tr>\n<td style=\"font-family: Arial, sans-serif; font-size: 14px; overflow: hidden; padding: 10px 5px; text-align: left; vertical-align: middle; word-break: normal; border: 1px solid black;\">Capas compuestas<\/td>\n<td style=\"font-family: Arial, sans-serif; font-size: 14px; overflow: hidden; padding: 10px 5px; text-align: left; vertical-align: middle; word-break: normal; border: 1px solid black;\">Un tejido + una membrana \/ Dos tejidos + una membrana \/ Multicapa<\/td>\n<\/tr>\n<tr>\n<td style=\"font-family: Arial, sans-serif; font-size: 14px; overflow: hidden; padding: 10px 5px; text-align: left; vertical-align: middle; word-break: normal; border: 1px solid black;\">Anchura<\/td>\n<td style=\"font-family: Arial, sans-serif; font-size: 14px; overflow: hidden; padding: 10px 5px; text-align: left; vertical-align: middle; word-break: normal; border: 1px solid black;\">Est\u00e1ndar 6 metros, personalizable 1m-8m<\/td>\n<\/tr>\n<tr>\n<td style=\"font-family: Arial, sans-serif; font-size: 14px; overflow: hidden; padding: 10px 5px; text-align: left; vertical-align: middle; word-break: normal; border: 1px solid black;\">Longitud<\/td>\n<td style=\"font-family: Arial, sans-serif; font-size: 14px; overflow: hidden; padding: 10px 5px; text-align: left; vertical-align: middle; word-break: normal; border: 1px solid black;\">50 m o 100 m por rollo, personalizable<\/td>\n<\/tr>\n<tr>\n<td style=\"font-family: Arial, sans-serif; font-size: 14px; overflow: hidden; padding: 10px 5px; text-align: left; vertical-align: middle; word-break: normal; border: 1px solid black;\">Resistencia a la tracci\u00f3n<\/td>\n<td style=\"font-family: Arial, sans-serif; font-size: 14px; overflow: hidden; padding: 10px 5px; text-align: left; vertical-align: middle; word-break: normal; border: 1px solid black;\">\u2265 18 MPa (ajustable en funci\u00f3n del tejido)<\/td>\n<\/tr>\n<tr>\n<td style=\"font-family: Arial, sans-serif; font-size: 14px; overflow: hidden; padding: 10px 5px; text-align: left; vertical-align: middle; word-break: normal; border: 1px solid black;\">Resistencia al desgarro<\/td>\n<td style=\"font-family: Arial, sans-serif; font-size: 14px; overflow: hidden; padding: 10px 5px; text-align: left; vertical-align: middle; word-break: normal; border: 1px solid black;\">\u2265 80 N<\/td>\n<\/tr>\n<tr>\n<td style=\"font-family: Arial, sans-serif; font-size: 14px; overflow: hidden; padding: 10px 5px; text-align: left; vertical-align: middle; word-break: normal; border: 1px solid black;\">Permeabilidad<\/td>\n<td style=\"font-family: Arial, sans-serif; font-size: 14px; overflow: hidden; padding: 10px 5px; text-align: left; vertical-align: middle; word-break: normal; border: 1px solid black;\">\u2264 1,0\u00d710-\u00b9\u00b3 cm\/s<\/td>\n<\/tr>\n<\/tbody>\n<\/table>\n<h2>Caracter\u00edsticas principales<\/h2>\n<ul>\n<li><strong>Altos indicadores de rendimiento f\u00edsico y mec\u00e1nico<\/strong>: Incluida la resistencia a la tracci\u00f3n, la resistencia al desgarro y la resistencia al estallido.<\/li>\n<li><strong>Excelentes caracter\u00edsticas del producto<\/strong>: Alta resistencia, buenas propiedades de alargamiento y gran m\u00f3dulo de deformaci\u00f3n.<\/li>\n<li><strong>Excelentes propiedades de los materiales<\/strong>: Resistencia a \u00e1cidos y \u00e1lcalis, resistencia a la corrosi\u00f3n, resistencia al envejecimiento e impermeabilidad superior.<\/li>\n<\/ul>\n<h2>Funci\u00f3n de la geomembrana compuesta para la ingenier\u00eda de relaves<\/h2>\n<ul>\n<li><strong>Mayor seguridad:<\/strong> La impermeabilidad superior de la geomembrana compuesta impide la filtraci\u00f3n de agua de las balsas de residuos, garantizando la estabilidad estructural.<\/li>\n<li><strong>Protecci\u00f3n del medio ambiente<\/strong>: Al contener y clarificar el agua de proceso cargada de productos qu\u00edmicos, permite reciclar el agua al tiempo que evita su contaminaci\u00f3n.<\/li>\n<li><strong>Eficiencia de costes<\/strong>: Fabricado con materiales polim\u00e9ricos duraderos y resistentes a temperaturas extremas, es reutilizable tras el secado, lo que ofrece ventajas econ\u00f3micas a largo plazo.<\/li>\n<li><strong>F\u00e1cil instalaci\u00f3n<\/strong>: El sencillo m\u00e9todo de colocaci\u00f3n empotrado reduce la complejidad y los costes de construcci\u00f3n.<\/li>\n<\/ul>\n<h2>Aplicaciones de los productos<\/h2>\n<p><strong>Revestimiento del fondo de la balsa de residuos<\/strong>: Evita que los lixiviados se filtren en las aguas subterr\u00e1neas.<\/p>\n<p><strong>Control de las filtraciones de la presa de relaves<\/strong>: Mejora la estabilidad del talud y evita las filtraciones laterales de la presa.<\/p>\n<p><strong>Tapado de escombreras<\/strong>: Se utiliza como cubierta temporal o permanente para controlar la infiltraci\u00f3n del agua de lluvia y reducir la generaci\u00f3n de lixiviados.<\/p>\n<p><strong>Dep\u00f3sitos de residuos peligrosos<\/strong>: Se aplica en zonas de almacenamiento que contienen metales pesados o productos qu\u00edmicos, proporcionando una capa a\u00f1adida de protecci\u00f3n medioambiental.<\/p>\n<h2>Escenarios de aplicaci\u00f3n<\/h2>\n<p><img loading=\"lazy\" decoding=\"async\" class=\"size-full wp-image-13574 aligncenter\" data-src=\"https:\/\/www.bsdnonwoven.com\/wp-content\/uploads\/2025\/05\/Composite-geomembrane-for-tailings-engineering1-2.webp\" alt=\"Geomembrana compuesta para la ingenier\u00eda de relaves1\" width=\"1500\" height=\"500\" srcset=\"https:\/\/www.bsdnonwoven.com\/wp-content\/uploads\/2025\/05\/Composite-geomembrane-for-tailings-engineering1-2.webp 1500w, https:\/\/www.bsdnonwoven.com\/wp-content\/uploads\/2025\/05\/Composite-geomembrane-for-tailings-engineering1-2-1280x427.webp 1280w, https:\/\/www.bsdnonwoven.com\/wp-content\/uploads\/2025\/05\/Composite-geomembrane-for-tailings-engineering1-2-980x327.webp 980w, https:\/\/www.bsdnonwoven.com\/wp-content\/uploads\/2025\/05\/Composite-geomembrane-for-tailings-engineering1-2-480x160.webp 480w\" sizes=\"(min-width: 0px) and (max-width: 480px) 480px, (min-width: 481px) and (max-width: 980px) 980px, (min-width: 981px) and (max-width: 1280px) 1280px, (min-width: 1281px) 1500px, 100vw\" \/><\/p>","protected":false},"excerpt":{"rendered":"<p>El compuesto <a href=\"https:\/\/www.bsdnonwoven.com\/category\/geomembrane-2\/\"><strong>geomembrana<\/strong><\/a> para balsas de residuos es una barrera geosint\u00e9tica compuesta por geomembrana de polietileno de alta densidad (PEAD) laminada con geotextil no tejido punzonado. Est\u00e1 dise\u00f1ada espec\u00edficamente para balsas de residuos y aplicaciones de contenci\u00f3n de residuos mineros, y ofrece una excelente resistencia qu\u00edmica, resistencia al envejecimiento y resistencia mec\u00e1nica para evitar eficazmente las fugas de sustancias peligrosas y proteger las aguas subterr\u00e1neas y el entorno circundante.<\/p>","protected":false},"featured_media":13116,"template":"","meta":{"_et_pb_use_builder":"","_et_pb_old_content":"","_et_gb_content_width":""},"product_cat":[313],"product_tag":[323],"yoast_head":"<!-- This site is optimized with the Yoast SEO plugin v22.7 - https:\/\/yoast.com\/wordpress\/plugins\/seo\/ -->\n<title>Composite geomembrane for tailings engineering - Boshida Nonwoven<\/title>\n<meta name=\"description\" content=\"Composite geomembrane for tailings engineering , we provide Geosynthetic Needle-Punched Non-woven Fabric, Household needle punched non-woven fabric, Automotive Non-woven Fabric with good price.\" \/>\n<meta name=\"robots\" content=\"index, follow, max-snippet:-1, max-image-preview:large, max-video-preview:-1\" \/>\n<link rel=\"canonical\" href=\"https:\/\/www.bsdnonwoven.com\/es\/producto\/composite-geomembrane-for-tailings-engineering-2\/\" \/>\n<meta property=\"og:locale\" content=\"es_ES\" \/>\n<meta property=\"og:type\" content=\"article\" \/>\n<meta property=\"og:title\" content=\"Composite geomembrane for tailings engineering - Boshida Nonwoven\" \/>\n<meta property=\"og:description\" content=\"Composite geomembrane for tailings engineering , we provide Geosynthetic Needle-Punched Non-woven Fabric, Household needle punched non-woven fabric, Automotive Non-woven Fabric with good price.\" \/>\n<meta property=\"og:url\" content=\"https:\/\/www.bsdnonwoven.com\/es\/producto\/composite-geomembrane-for-tailings-engineering-2\/\" \/>\n<meta property=\"og:site_name\" content=\"Boshida Nonwoven\" \/>\n<meta property=\"article:modified_time\" content=\"2025-06-25T09:19:49+00:00\" \/>\n<meta property=\"og:image\" content=\"https:\/\/www.bsdnonwoven.com\/wp-content\/uploads\/2025\/05\/Composite-geomembrane-for-tailings-engineering-6.webp\" \/>\n\t<meta property=\"og:image:width\" content=\"800\" \/>\n\t<meta property=\"og:image:height\" content=\"800\" \/>\n\t<meta property=\"og:image:type\" content=\"image\/webp\" \/>\n<meta name=\"twitter:card\" content=\"summary_large_image\" \/>\n<meta name=\"twitter:label1\" content=\"Tiempo de lectura\" \/>\n\t<meta name=\"twitter:data1\" content=\"2 minutos\" \/>\n<script type=\"application\/ld+json\" class=\"yoast-schema-graph\">{\"@context\":\"https:\/\/schema.org\",\"@graph\":[{\"@type\":\"WebPage\",\"@id\":\"https:\/\/www.bsdnonwoven.com\/product\/composite-geomembrane-for-tailings-engineering-2\/\",\"url\":\"https:\/\/www.bsdnonwoven.com\/product\/composite-geomembrane-for-tailings-engineering-2\/\",\"name\":\"Composite geomembrane for tailings engineering - Boshida Nonwoven\",\"isPartOf\":{\"@id\":\"https:\/\/www.bsdnonwoven.com\/#website\"},\"primaryImageOfPage\":{\"@id\":\"https:\/\/www.bsdnonwoven.com\/product\/composite-geomembrane-for-tailings-engineering-2\/#primaryimage\"},\"image\":{\"@id\":\"https:\/\/www.bsdnonwoven.com\/product\/composite-geomembrane-for-tailings-engineering-2\/#primaryimage\"},\"thumbnailUrl\":\"https:\/\/www.bsdnonwoven.com\/wp-content\/uploads\/2025\/05\/Composite-geomembrane-for-tailings-engineering-6.webp\",\"datePublished\":\"2025-05-21T08:39:50+00:00\",\"dateModified\":\"2025-06-25T09:19:49+00:00\",\"description\":\"Composite geomembrane for tailings engineering , we provide Geosynthetic Needle-Punched Non-woven Fabric, Household needle punched non-woven fabric, Automotive Non-woven Fabric with good price.\",\"breadcrumb\":{\"@id\":\"https:\/\/www.bsdnonwoven.com\/product\/composite-geomembrane-for-tailings-engineering-2\/#breadcrumb\"},\"inLanguage\":\"es\",\"potentialAction\":[{\"@type\":\"ReadAction\",\"target\":[\"https:\/\/www.bsdnonwoven.com\/product\/composite-geomembrane-for-tailings-engineering-2\/\"]}]},{\"@type\":\"ImageObject\",\"inLanguage\":\"es\",\"@id\":\"https:\/\/www.bsdnonwoven.com\/product\/composite-geomembrane-for-tailings-engineering-2\/#primaryimage\",\"url\":\"https:\/\/www.bsdnonwoven.com\/wp-content\/uploads\/2025\/05\/Composite-geomembrane-for-tailings-engineering-6.webp\",\"contentUrl\":\"https:\/\/www.bsdnonwoven.com\/wp-content\/uploads\/2025\/05\/Composite-geomembrane-for-tailings-engineering-6.webp\",\"width\":800,\"height\":800,\"caption\":\"Composite geomembrane for tailings engineering\"},{\"@type\":\"BreadcrumbList\",\"@id\":\"https:\/\/www.bsdnonwoven.com\/product\/composite-geomembrane-for-tailings-engineering-2\/#breadcrumb\",\"itemListElement\":[{\"@type\":\"ListItem\",\"position\":1,\"name\":\"Home\",\"item\":\"https:\/\/www.bsdnonwoven.com\/\"},{\"@type\":\"ListItem\",\"position\":2,\"name\":\"Products\",\"item\":\"https:\/\/www.bsdnonwoven.com\/shop\/\"},{\"@type\":\"ListItem\",\"position\":3,\"name\":\"Composite geomembrane for tailings engineering\"}]},{\"@type\":\"WebSite\",\"@id\":\"https:\/\/www.bsdnonwoven.com\/#website\",\"url\":\"https:\/\/www.bsdnonwoven.com\/\",\"name\":\"Boshida Nonwoven\",\"description\":\"\",\"potentialAction\":[{\"@type\":\"SearchAction\",\"target\":{\"@type\":\"EntryPoint\",\"urlTemplate\":\"https:\/\/www.bsdnonwoven.com\/?s={search_term_string}\"},\"query-input\":\"required name=search_term_string\"}],\"inLanguage\":\"es\"}]}<\/script>\n<!-- \/ Yoast SEO plugin. -->","yoast_head_json":{"title":"Composite geomembrane for tailings engineering - Boshida Nonwoven","description":"Composite geomembrane for tailings engineering , we provide Geosynthetic Needle-Punched Non-woven Fabric, Household needle punched non-woven fabric, Automotive Non-woven Fabric with good price.","robots":{"index":"index","follow":"follow","max-snippet":"max-snippet:-1","max-image-preview":"max-image-preview:large","max-video-preview":"max-video-preview:-1"},"canonical":"https:\/\/www.bsdnonwoven.com\/es\/producto\/composite-geomembrane-for-tailings-engineering-2\/","og_locale":"es_ES","og_type":"article","og_title":"Composite geomembrane for tailings engineering - Boshida Nonwoven","og_description":"Composite geomembrane for tailings engineering , we provide Geosynthetic Needle-Punched Non-woven Fabric, Household needle punched non-woven fabric, Automotive Non-woven Fabric with good price.","og_url":"https:\/\/www.bsdnonwoven.com\/es\/producto\/composite-geomembrane-for-tailings-engineering-2\/","og_site_name":"Boshida Nonwoven","article_modified_time":"2025-06-25T09:19:49+00:00","og_image":[{"width":800,"height":800,"url":"https:\/\/www.bsdnonwoven.com\/wp-content\/uploads\/2025\/05\/Composite-geomembrane-for-tailings-engineering-6.webp","type":"image\/webp"}],"twitter_card":"summary_large_image","twitter_misc":{"Tiempo de lectura":"2 minutos"},"schema":{"@context":"https:\/\/schema.org","@graph":[{"@type":"WebPage","@id":"https:\/\/www.bsdnonwoven.com\/product\/composite-geomembrane-for-tailings-engineering-2\/","url":"https:\/\/www.bsdnonwoven.com\/product\/composite-geomembrane-for-tailings-engineering-2\/","name":"Composite geomembrane for tailings engineering - Boshida Nonwoven","isPartOf":{"@id":"https:\/\/www.bsdnonwoven.com\/#website"},"primaryImageOfPage":{"@id":"https:\/\/www.bsdnonwoven.com\/product\/composite-geomembrane-for-tailings-engineering-2\/#primaryimage"},"image":{"@id":"https:\/\/www.bsdnonwoven.com\/product\/composite-geomembrane-for-tailings-engineering-2\/#primaryimage"},"thumbnailUrl":"https:\/\/www.bsdnonwoven.com\/wp-content\/uploads\/2025\/05\/Composite-geomembrane-for-tailings-engineering-6.webp","datePublished":"2025-05-21T08:39:50+00:00","dateModified":"2025-06-25T09:19:49+00:00","description":"Composite geomembrane for tailings engineering , we provide Geosynthetic Needle-Punched Non-woven Fabric, Household needle punched non-woven fabric, Automotive Non-woven Fabric with good price.","breadcrumb":{"@id":"https:\/\/www.bsdnonwoven.com\/product\/composite-geomembrane-for-tailings-engineering-2\/#breadcrumb"},"inLanguage":"es","potentialAction":[{"@type":"ReadAction","target":["https:\/\/www.bsdnonwoven.com\/product\/composite-geomembrane-for-tailings-engineering-2\/"]}]},{"@type":"ImageObject","inLanguage":"es","@id":"https:\/\/www.bsdnonwoven.com\/product\/composite-geomembrane-for-tailings-engineering-2\/#primaryimage","url":"https:\/\/www.bsdnonwoven.com\/wp-content\/uploads\/2025\/05\/Composite-geomembrane-for-tailings-engineering-6.webp","contentUrl":"https:\/\/www.bsdnonwoven.com\/wp-content\/uploads\/2025\/05\/Composite-geomembrane-for-tailings-engineering-6.webp","width":800,"height":800,"caption":"Composite geomembrane for tailings engineering"},{"@type":"BreadcrumbList","@id":"https:\/\/www.bsdnonwoven.com\/product\/composite-geomembrane-for-tailings-engineering-2\/#breadcrumb","itemListElement":[{"@type":"ListItem","position":1,"name":"Home","item":"https:\/\/www.bsdnonwoven.com\/"},{"@type":"ListItem","position":2,"name":"Products","item":"https:\/\/www.bsdnonwoven.com\/shop\/"},{"@type":"ListItem","position":3,"name":"Composite geomembrane for tailings engineering"}]},{"@type":"WebSite","@id":"https:\/\/www.bsdnonwoven.com\/#website","url":"https:\/\/www.bsdnonwoven.com\/","name":"Boshida Nonwoven","description":"","potentialAction":[{"@type":"SearchAction","target":{"@type":"EntryPoint","urlTemplate":"https:\/\/www.bsdnonwoven.com\/?s={search_term_string}"},"query-input":"required name=search_term_string"}],"inLanguage":"es"}]}},"_links":{"self":[{"href":"https:\/\/www.bsdnonwoven.com\/es\/wp-json\/wp\/v2\/product\/13114"}],"collection":[{"href":"https:\/\/www.bsdnonwoven.com\/es\/wp-json\/wp\/v2\/product"}],"about":[{"href":"https:\/\/www.bsdnonwoven.com\/es\/wp-json\/wp\/v2\/types\/product"}],"wp:featuredmedia":[{"embeddable":true,"href":"https:\/\/www.bsdnonwoven.com\/es\/wp-json\/wp\/v2\/media\/13116"}],"wp:attachment":[{"href":"https:\/\/www.bsdnonwoven.com\/es\/wp-json\/wp\/v2\/media?parent=13114"}],"wp:term":[{"taxonomy":"product_cat","embeddable":true,"href":"https:\/\/www.bsdnonwoven.com\/es\/wp-json\/wp\/v2\/product_cat?post=13114"},{"taxonomy":"product_tag","embeddable":true,"href":"https:\/\/www.bsdnonwoven.com\/es\/wp-json\/wp\/v2\/product_tag?post=13114"}],"curies":[{"name":"wp","href":"https:\/\/api.w.org\/{rel}","templated":true}]}}