{"id":13122,"date":"2025-05-21T08:55:06","date_gmt":"2025-05-21T08:55:06","guid":{"rendered":"https:\/\/www.bsdnonwoven.com\/?post_type=product&#038;p=13122"},"modified":"2025-06-25T09:15:05","modified_gmt":"2025-06-25T09:15:05","slug":"geotextile-bag-for-slope-protection","status":"publish","type":"product","link":"https:\/\/www.bsdnonwoven.com\/es\/producto\/geotextile-bag-for-slope-protection\/","title":{"rendered":"Bolsa geotextil para protecci\u00f3n de taludes"},"content":{"rendered":"<h2>Descripci\u00f3n del producto<\/h2>\n<p><a href=\"https:\/\/www.bsdnonwoven.com\/category\/geotextile-bag-for-slope-protection\/\"><strong>Bolsa geotextil para protecci\u00f3n de taludes<\/strong><\/a> se fabrica con telas no tejidas punzonadas de alta resistencia, compuestas normalmente de poli\u00e9ster (PET) o polipropileno (PP). Estas bolsas se cosen y utilizan en proyectos ecol\u00f3gicos de protecci\u00f3n de taludes, como riberas de r\u00edos, embalses, lagos y canales. Gracias a su excelente permeabilidad y resistencia a la intemperie, las bolsas pueden rellenarse con tierra, semillas u otros sustratos para proteger taludes al tiempo que promueven el crecimiento de la vegetaci\u00f3n y la restauraci\u00f3n ecol\u00f3gica.<\/p>\n<h2>Especificaciones t\u00e9cnicas<\/h2>\n<table class=\"tg\" style=\"border-collapse: collapse; border-spacing: 0;\">\n<thead>\n<tr>\n<th style=\"font-family: Arial, sans-serif; font-size: 14px; font-weight: normal; overflow: hidden; padding: 10px 5px; text-align: left; vertical-align: middle; word-break: normal; border: 1px solid black;\">Par\u00e1metro<\/th>\n<th style=\"font-family: Arial, sans-serif; font-size: 14px; font-weight: normal; overflow: hidden; padding: 10px 5px; text-align: left; vertical-align: middle; word-break: normal; border: 1px solid black;\">Especificaci\u00f3n<\/th>\n<\/tr>\n<\/thead>\n<tbody>\n<tr>\n<td style=\"font-family: Arial, sans-serif; font-size: 14px; overflow: hidden; padding: 10px 5px; text-align: left; vertical-align: middle; word-break: normal; border: 1px solid black;\">Materia prima<\/td>\n<td style=\"font-family: Arial, sans-serif; font-size: 14px; overflow: hidden; padding: 10px 5px; text-align: left; vertical-align: middle; word-break: normal; border: 1px solid black;\">Poli\u00e9ster (PET) o polipropileno (PP)<\/td>\n<\/tr>\n<tr>\n<td style=\"font-family: Arial, sans-serif; font-size: 14px; overflow: hidden; padding: 10px 5px; text-align: left; vertical-align: middle; word-break: normal; border: 1px solid black;\">Peso del tejido<\/td>\n<td style=\"font-family: Arial, sans-serif; font-size: 14px; overflow: hidden; padding: 10px 5px; text-align: left; vertical-align: middle; word-break: normal; border: 1px solid black;\">150 g\/m\u00b2 - 300 g\/m\u00b2<\/td>\n<\/tr>\n<tr>\n<td style=\"font-family: Arial, sans-serif; font-size: 14px; overflow: hidden; padding: 10px 5px; text-align: left; vertical-align: middle; word-break: normal; border: 1px solid black;\">Talla<\/td>\n<td style=\"font-family: Arial, sans-serif; font-size: 14px; overflow: hidden; padding: 10px 5px; text-align: left; vertical-align: middle; word-break: normal; border: 1px solid black;\">40\u00d780 cm, 50\u00d7100 cm, personalizable<\/td>\n<\/tr>\n<tr>\n<td style=\"font-family: Arial, sans-serif; font-size: 14px; overflow: hidden; padding: 10px 5px; text-align: left; vertical-align: middle; word-break: normal; border: 1px solid black;\">Resistencia a la tracci\u00f3n<\/td>\n<td style=\"font-family: Arial, sans-serif; font-size: 14px; overflow: hidden; padding: 10px 5px; text-align: left; vertical-align: middle; word-break: normal; border: 1px solid black;\">\u2265 8kN\/m<\/td>\n<\/tr>\n<tr>\n<td style=\"font-family: Arial, sans-serif; font-size: 14px; overflow: hidden; padding: 10px 5px; text-align: left; vertical-align: middle; word-break: normal; border: 1px solid black;\">Permeabilidad al agua<\/td>\n<td style=\"font-family: Arial, sans-serif; font-size: 14px; overflow: hidden; padding: 10px 5px; text-align: left; vertical-align: middle; word-break: normal; border: 1px solid black;\">Bien<\/td>\n<\/tr>\n<tr>\n<td style=\"font-family: Arial, sans-serif; font-size: 14px; overflow: hidden; padding: 10px 5px; text-align: left; vertical-align: middle; word-break: normal; border: 1px solid black;\">Resistencia UV<\/td>\n<td style=\"font-family: Arial, sans-serif; font-size: 14px; overflow: hidden; padding: 10px 5px; text-align: left; vertical-align: middle; word-break: normal; border: 1px solid black;\">Fuerte<\/td>\n<\/tr>\n<tr>\n<td style=\"font-family: Arial, sans-serif; font-size: 14px; overflow: hidden; padding: 10px 5px; text-align: left; vertical-align: middle; word-break: normal; border: 1px solid black;\">Vida \u00fatil<\/td>\n<td style=\"font-family: Arial, sans-serif; font-size: 14px; overflow: hidden; padding: 10px 5px; text-align: left; vertical-align: middle; word-break: normal; border: 1px solid black;\">\u22655 a\u00f1os (exposici\u00f3n natural)<\/td>\n<\/tr>\n<tr>\n<td style=\"font-family: Arial, sans-serif; font-size: 14px; overflow: hidden; padding: 10px 5px; text-align: left; vertical-align: middle; word-break: normal; border: 1px solid black;\">Adecuaci\u00f3n de la vegetaci\u00f3n<\/td>\n<td style=\"font-family: Arial, sans-serif; font-size: 14px; overflow: hidden; padding: 10px 5px; text-align: left; vertical-align: middle; word-break: normal; border: 1px solid black;\">Apoya la siembra directa de c\u00e9sped<\/td>\n<\/tr>\n<\/tbody>\n<\/table>\n<h2>Caracter\u00edsticas<\/h2>\n<ul>\n<li>Flexible y duradero\uff1aFabricado con fibras de alta densidad para una mayor resistencia a la tracci\u00f3n y a la deformaci\u00f3n, lo que garantiza que no se rompa f\u00e1cilmente bajo tensi\u00f3n.<\/li>\n<li>Alta resistencia\uff1aConstruido a partir de polipropileno\/poli\u00e9ster de alta densidad, que ofrece varias veces la resistencia de las fibras ordinarias, ideal para aplicaciones de ingenier\u00eda exigentes.<\/li>\n<li>Resistente a la corrosi\u00f3n y al envejecimiento\uff1aUn revestimiento especial protege contra microbios y par\u00e1sitos, mientras que los pol\u00edmeros resistentes a los rayos UV garantizan un rendimiento duradero en condiciones adversas.<\/li>\n<li>Instalaci\u00f3n r\u00e1pida y sencilla\uff1aFabricado a m\u00e1quina para una producci\u00f3n r\u00e1pida, lo que reduce el tiempo y los costes de construcci\u00f3n.<\/li>\n<li>Ecol\u00f3gico\uff1aCero emisiones nocivas o aguas residuales durante la producci\u00f3n, lo que lo convierte en una opci\u00f3n sostenible.<\/li>\n<li>Reciclables y biodegradables\uff1aLas bolsas de poli\u00e9ster son totalmente reciclables, mientras que las de polipropileno se descomponen de forma natural, sin dejar huella en el medio ambiente.<\/li>\n<\/ul>\n<h2>Prop\u00f3sito<\/h2>\n<ul>\n<li>Protecci\u00f3n de taludes para carreteras y v\u00edas f\u00e9rreas \uff1aIdeal tanto para taludes de corte como de relleno a lo largo de carreteras y v\u00edas f\u00e9rreas.<\/li>\n<li>Terraplenes para r\u00edos y lagos\uff1aEstabiliza eficazmente las orillas de r\u00edos, lagos y embalses.<\/li>\n<li>Usos especiales de ingenier\u00eda\uff1aInstalaciones militares, control de inundaciones de emergencia, b\u00fankeres y diques.<\/li>\n<li>Zonas ribere\u00f1as- Crea riberas ecol\u00f3gicas que armonizan las infraestructuras humanas con los h\u00e1bitats de la fauna.<\/li>\n<li>Recuperaci\u00f3n de minas\uff1a Reutiliza residuos mineros, restaura zonas hundidas y revitaliza terrenos bald\u00edos para una recuperaci\u00f3n ecol\u00f3gica sostenible.<\/li>\n<li>Estabilizaci\u00f3n de costas y riberas\uff1aAborda desprendimientos de tierras, entradas de alcantarillas, zanjas de drenaje, erosi\u00f3n del suelo y sistemas de riego.<\/li>\n<li>Constructed Wetlands\uff1aApoya proyectos de restauraci\u00f3n ecol\u00f3gica y depuraci\u00f3n de aguas.<\/li>\n<\/ul>\n<h2>Escenarios de aplicaci\u00f3n<\/h2>\n<p><img loading=\"lazy\" decoding=\"async\" class=\"size-full wp-image-13580 aligncenter\" data-src=\"https:\/\/www.bsdnonwoven.com\/wp-content\/uploads\/2025\/05\/Geotextile-Bag-for-Slope-Protection1-2.webp\" alt=\"Bolsa geotextil para protecci\u00f3n de taludes\" width=\"1500\" height=\"500\" srcset=\"https:\/\/www.bsdnonwoven.com\/wp-content\/uploads\/2025\/05\/Geotextile-Bag-for-Slope-Protection1-2.webp 1500w, https:\/\/www.bsdnonwoven.com\/wp-content\/uploads\/2025\/05\/Geotextile-Bag-for-Slope-Protection1-2-1280x427.webp 1280w, https:\/\/www.bsdnonwoven.com\/wp-content\/uploads\/2025\/05\/Geotextile-Bag-for-Slope-Protection1-2-980x327.webp 980w, https:\/\/www.bsdnonwoven.com\/wp-content\/uploads\/2025\/05\/Geotextile-Bag-for-Slope-Protection1-2-480x160.webp 480w\" sizes=\"(min-width: 0px) and (max-width: 480px) 480px, (min-width: 481px) and (max-width: 980px) 980px, (min-width: 981px) and (max-width: 1280px) 1280px, (min-width: 1281px) 1500px, 100vw\" \/><\/p>","protected":false},"excerpt":{"rendered":"<p><strong>Bolsa geotextil para protecci\u00f3n de taludes<\/strong> se fabrica con telas no tejidas punzonadas de alta resistencia, compuestas normalmente de poli\u00e9ster (PET) o polipropileno (PP). Estas bolsas se cosen y utilizan en proyectos ecol\u00f3gicos de protecci\u00f3n de taludes, como riberas de r\u00edos, embalses, lagos y canales. Gracias a su excelente permeabilidad y resistencia a la intemperie, las bolsas pueden rellenarse con tierra, semillas u otros sustratos para proteger taludes al tiempo que promueven el crecimiento de la vegetaci\u00f3n y la restauraci\u00f3n ecol\u00f3gica.<\/p>","protected":false},"featured_media":13125,"template":"","meta":{"_et_pb_use_builder":"","_et_pb_old_content":"","_et_gb_content_width":""},"product_cat":[325],"product_tag":[],"yoast_head":"<!-- This site is optimized with the Yoast SEO plugin v22.7 - https:\/\/yoast.com\/wordpress\/plugins\/seo\/ -->\n<title>Geotextile Bag for Slope Protection - Boshida Nonwoven<\/title>\n<meta name=\"description\" content=\"Geotextile Bag for Slope Protection , we provide Geosynthetic Needle-Punched Non-woven Fabric, Household needle punched non-woven fabric, Automotive Non-woven Fabric with good price.\" \/>\n<meta name=\"robots\" content=\"index, follow, max-snippet:-1, max-image-preview:large, max-video-preview:-1\" \/>\n<link rel=\"canonical\" href=\"https:\/\/www.bsdnonwoven.com\/es\/producto\/geotextile-bag-for-slope-protection\/\" \/>\n<meta property=\"og:locale\" content=\"es_ES\" \/>\n<meta property=\"og:type\" content=\"article\" \/>\n<meta property=\"og:title\" content=\"Geotextile Bag for Slope Protection - Boshida Nonwoven\" \/>\n<meta property=\"og:description\" content=\"Geotextile Bag for Slope Protection , we provide Geosynthetic Needle-Punched Non-woven Fabric, Household needle punched non-woven fabric, Automotive Non-woven Fabric with good price.\" \/>\n<meta property=\"og:url\" content=\"https:\/\/www.bsdnonwoven.com\/es\/producto\/geotextile-bag-for-slope-protection\/\" \/>\n<meta property=\"og:site_name\" content=\"Boshida Nonwoven\" \/>\n<meta property=\"article:modified_time\" content=\"2025-06-25T09:15:05+00:00\" \/>\n<meta property=\"og:image\" content=\"https:\/\/www.bsdnonwoven.com\/wp-content\/uploads\/2025\/05\/Geotextile-Bag-for-Slope-Protection-1.webp\" \/>\n\t<meta property=\"og:image:width\" content=\"800\" \/>\n\t<meta property=\"og:image:height\" content=\"800\" \/>\n\t<meta property=\"og:image:type\" content=\"image\/webp\" \/>\n<meta name=\"twitter:card\" content=\"summary_large_image\" \/>\n<meta name=\"twitter:label1\" content=\"Tiempo de lectura\" \/>\n\t<meta name=\"twitter:data1\" content=\"2 minutos\" \/>\n<script type=\"application\/ld+json\" class=\"yoast-schema-graph\">{\"@context\":\"https:\/\/schema.org\",\"@graph\":[{\"@type\":\"WebPage\",\"@id\":\"https:\/\/www.bsdnonwoven.com\/product\/geotextile-bag-for-slope-protection\/\",\"url\":\"https:\/\/www.bsdnonwoven.com\/product\/geotextile-bag-for-slope-protection\/\",\"name\":\"Geotextile Bag for Slope Protection - Boshida Nonwoven\",\"isPartOf\":{\"@id\":\"https:\/\/www.bsdnonwoven.com\/#website\"},\"primaryImageOfPage\":{\"@id\":\"https:\/\/www.bsdnonwoven.com\/product\/geotextile-bag-for-slope-protection\/#primaryimage\"},\"image\":{\"@id\":\"https:\/\/www.bsdnonwoven.com\/product\/geotextile-bag-for-slope-protection\/#primaryimage\"},\"thumbnailUrl\":\"https:\/\/www.bsdnonwoven.com\/wp-content\/uploads\/2025\/05\/Geotextile-Bag-for-Slope-Protection-1.webp\",\"datePublished\":\"2025-05-21T08:55:06+00:00\",\"dateModified\":\"2025-06-25T09:15:05+00:00\",\"description\":\"Geotextile Bag for Slope Protection , we provide Geosynthetic Needle-Punched Non-woven Fabric, Household needle punched non-woven fabric, Automotive Non-woven Fabric with good price.\",\"breadcrumb\":{\"@id\":\"https:\/\/www.bsdnonwoven.com\/product\/geotextile-bag-for-slope-protection\/#breadcrumb\"},\"inLanguage\":\"es\",\"potentialAction\":[{\"@type\":\"ReadAction\",\"target\":[\"https:\/\/www.bsdnonwoven.com\/product\/geotextile-bag-for-slope-protection\/\"]}]},{\"@type\":\"ImageObject\",\"inLanguage\":\"es\",\"@id\":\"https:\/\/www.bsdnonwoven.com\/product\/geotextile-bag-for-slope-protection\/#primaryimage\",\"url\":\"https:\/\/www.bsdnonwoven.com\/wp-content\/uploads\/2025\/05\/Geotextile-Bag-for-Slope-Protection-1.webp\",\"contentUrl\":\"https:\/\/www.bsdnonwoven.com\/wp-content\/uploads\/2025\/05\/Geotextile-Bag-for-Slope-Protection-1.webp\",\"width\":800,\"height\":800,\"caption\":\"Geotextile Bag for Slope Protection\"},{\"@type\":\"BreadcrumbList\",\"@id\":\"https:\/\/www.bsdnonwoven.com\/product\/geotextile-bag-for-slope-protection\/#breadcrumb\",\"itemListElement\":[{\"@type\":\"ListItem\",\"position\":1,\"name\":\"Home\",\"item\":\"https:\/\/www.bsdnonwoven.com\/\"},{\"@type\":\"ListItem\",\"position\":2,\"name\":\"Products\",\"item\":\"https:\/\/www.bsdnonwoven.com\/shop\/\"},{\"@type\":\"ListItem\",\"position\":3,\"name\":\"Geotextile Bag for Slope Protection\"}]},{\"@type\":\"WebSite\",\"@id\":\"https:\/\/www.bsdnonwoven.com\/#website\",\"url\":\"https:\/\/www.bsdnonwoven.com\/\",\"name\":\"Boshida Nonwoven\",\"description\":\"\",\"potentialAction\":[{\"@type\":\"SearchAction\",\"target\":{\"@type\":\"EntryPoint\",\"urlTemplate\":\"https:\/\/www.bsdnonwoven.com\/?s={search_term_string}\"},\"query-input\":\"required name=search_term_string\"}],\"inLanguage\":\"es\"}]}<\/script>\n<!-- \/ Yoast SEO plugin. -->","yoast_head_json":{"title":"Geotextile Bag for Slope Protection - Boshida Nonwoven","description":"Geotextile Bag for Slope Protection , we provide Geosynthetic Needle-Punched Non-woven Fabric, Household needle punched non-woven fabric, Automotive Non-woven Fabric with good price.","robots":{"index":"index","follow":"follow","max-snippet":"max-snippet:-1","max-image-preview":"max-image-preview:large","max-video-preview":"max-video-preview:-1"},"canonical":"https:\/\/www.bsdnonwoven.com\/es\/producto\/geotextile-bag-for-slope-protection\/","og_locale":"es_ES","og_type":"article","og_title":"Geotextile Bag for Slope Protection - Boshida Nonwoven","og_description":"Geotextile Bag for Slope Protection , we provide Geosynthetic Needle-Punched Non-woven Fabric, Household needle punched non-woven fabric, Automotive Non-woven Fabric with good price.","og_url":"https:\/\/www.bsdnonwoven.com\/es\/producto\/geotextile-bag-for-slope-protection\/","og_site_name":"Boshida Nonwoven","article_modified_time":"2025-06-25T09:15:05+00:00","og_image":[{"width":800,"height":800,"url":"https:\/\/www.bsdnonwoven.com\/wp-content\/uploads\/2025\/05\/Geotextile-Bag-for-Slope-Protection-1.webp","type":"image\/webp"}],"twitter_card":"summary_large_image","twitter_misc":{"Tiempo de lectura":"2 minutos"},"schema":{"@context":"https:\/\/schema.org","@graph":[{"@type":"WebPage","@id":"https:\/\/www.bsdnonwoven.com\/product\/geotextile-bag-for-slope-protection\/","url":"https:\/\/www.bsdnonwoven.com\/product\/geotextile-bag-for-slope-protection\/","name":"Geotextile Bag for Slope Protection - Boshida Nonwoven","isPartOf":{"@id":"https:\/\/www.bsdnonwoven.com\/#website"},"primaryImageOfPage":{"@id":"https:\/\/www.bsdnonwoven.com\/product\/geotextile-bag-for-slope-protection\/#primaryimage"},"image":{"@id":"https:\/\/www.bsdnonwoven.com\/product\/geotextile-bag-for-slope-protection\/#primaryimage"},"thumbnailUrl":"https:\/\/www.bsdnonwoven.com\/wp-content\/uploads\/2025\/05\/Geotextile-Bag-for-Slope-Protection-1.webp","datePublished":"2025-05-21T08:55:06+00:00","dateModified":"2025-06-25T09:15:05+00:00","description":"Geotextile Bag for Slope Protection , we provide Geosynthetic Needle-Punched Non-woven Fabric, Household needle punched non-woven fabric, Automotive Non-woven Fabric with good price.","breadcrumb":{"@id":"https:\/\/www.bsdnonwoven.com\/product\/geotextile-bag-for-slope-protection\/#breadcrumb"},"inLanguage":"es","potentialAction":[{"@type":"ReadAction","target":["https:\/\/www.bsdnonwoven.com\/product\/geotextile-bag-for-slope-protection\/"]}]},{"@type":"ImageObject","inLanguage":"es","@id":"https:\/\/www.bsdnonwoven.com\/product\/geotextile-bag-for-slope-protection\/#primaryimage","url":"https:\/\/www.bsdnonwoven.com\/wp-content\/uploads\/2025\/05\/Geotextile-Bag-for-Slope-Protection-1.webp","contentUrl":"https:\/\/www.bsdnonwoven.com\/wp-content\/uploads\/2025\/05\/Geotextile-Bag-for-Slope-Protection-1.webp","width":800,"height":800,"caption":"Geotextile Bag for Slope Protection"},{"@type":"BreadcrumbList","@id":"https:\/\/www.bsdnonwoven.com\/product\/geotextile-bag-for-slope-protection\/#breadcrumb","itemListElement":[{"@type":"ListItem","position":1,"name":"Home","item":"https:\/\/www.bsdnonwoven.com\/"},{"@type":"ListItem","position":2,"name":"Products","item":"https:\/\/www.bsdnonwoven.com\/shop\/"},{"@type":"ListItem","position":3,"name":"Geotextile Bag for Slope Protection"}]},{"@type":"WebSite","@id":"https:\/\/www.bsdnonwoven.com\/#website","url":"https:\/\/www.bsdnonwoven.com\/","name":"Boshida Nonwoven","description":"","potentialAction":[{"@type":"SearchAction","target":{"@type":"EntryPoint","urlTemplate":"https:\/\/www.bsdnonwoven.com\/?s={search_term_string}"},"query-input":"required name=search_term_string"}],"inLanguage":"es"}]}},"_links":{"self":[{"href":"https:\/\/www.bsdnonwoven.com\/es\/wp-json\/wp\/v2\/product\/13122"}],"collection":[{"href":"https:\/\/www.bsdnonwoven.com\/es\/wp-json\/wp\/v2\/product"}],"about":[{"href":"https:\/\/www.bsdnonwoven.com\/es\/wp-json\/wp\/v2\/types\/product"}],"wp:featuredmedia":[{"embeddable":true,"href":"https:\/\/www.bsdnonwoven.com\/es\/wp-json\/wp\/v2\/media\/13125"}],"wp:attachment":[{"href":"https:\/\/www.bsdnonwoven.com\/es\/wp-json\/wp\/v2\/media?parent=13122"}],"wp:term":[{"taxonomy":"product_cat","embeddable":true,"href":"https:\/\/www.bsdnonwoven.com\/es\/wp-json\/wp\/v2\/product_cat?post=13122"},{"taxonomy":"product_tag","embeddable":true,"href":"https:\/\/www.bsdnonwoven.com\/es\/wp-json\/wp\/v2\/product_tag?post=13122"}],"curies":[{"name":"wp","href":"https:\/\/api.w.org\/{rel}","templated":true}]}}