{"id":13472,"date":"2025-05-28T01:47:43","date_gmt":"2025-05-28T01:47:43","guid":{"rendered":"https:\/\/www.bsdnonwoven.com\/?post_type=product&#038;p=13472"},"modified":"2025-06-25T09:12:56","modified_gmt":"2025-06-25T09:12:56","slug":"pre-seeded-geotextile-ecological-bag","status":"publish","type":"product","link":"https:\/\/www.bsdnonwoven.com\/es\/producto\/pre-seeded-geotextile-ecological-bag\/","title":{"rendered":"Bolsa ecol\u00f3gica geotextil presembrada"},"content":{"rendered":"<h2>Especificaciones principales<\/h2>\n<table class=\"tg\" style=\"border-collapse: collapse; border-spacing: 0;\">\n<thead>\n<tr>\n<th style=\"font-family: Arial, sans-serif; font-size: 14px; font-weight: bold; overflow: hidden; padding: 10px 5px; text-align: center; vertical-align: middle; word-break: normal; border: 1px solid black;\">Art\u00edculo<\/th>\n<th style=\"font-family: Arial, sans-serif; font-size: 14px; font-weight: bold; overflow: hidden; padding: 10px 5px; text-align: center; vertical-align: middle; word-break: normal; border: 1px solid black;\">Gama<\/th>\n<\/tr>\n<\/thead>\n<tbody>\n<tr>\n<td style=\"font-family: Arial, sans-serif; font-size: 14px; overflow: hidden; padding: 10px 5px; text-align: left; vertical-align: middle; word-break: normal; border: 1px solid black;\">Material<\/td>\n<td style=\"font-family: Arial, sans-serif; font-size: 14px; overflow: hidden; padding: 10px 5px; text-align: left; vertical-align: middle; word-break: normal; border: 1px solid black;\">No tejido punzonado de PET o PP + capa de semillas de c\u00e9sped<\/td>\n<\/tr>\n<tr>\n<td style=\"font-family: Arial, sans-serif; font-size: 14px; overflow: hidden; padding: 10px 5px; text-align: left; vertical-align: middle; word-break: normal; border: 1px solid black;\">Peso<\/td>\n<td style=\"font-family: Arial, sans-serif; font-size: 14px; overflow: hidden; padding: 10px 5px; text-align: left; vertical-align: middle; word-break: normal; border: 1px solid black;\">200 g\/m\u00b2 - 300 g\/m\u00b2 (personalizable)<\/td>\n<\/tr>\n<tr>\n<td style=\"font-family: Arial, sans-serif; font-size: 14px; overflow: hidden; padding: 10px 5px; text-align: left; vertical-align: middle; word-break: normal; border: 1px solid black;\">Talla<\/td>\n<td style=\"font-family: Arial, sans-serif; font-size: 14px; overflow: hidden; padding: 10px 5px; text-align: left; vertical-align: middle; word-break: normal; border: 1px solid black;\">Com\u00fan: 40\u00d760 cm, 50\u00d780 cm, personalizable<\/td>\n<\/tr>\n<tr>\n<td style=\"font-family: Arial, sans-serif; font-size: 14px; overflow: hidden; padding: 10px 5px; text-align: left; vertical-align: middle; word-break: normal; border: 1px solid black;\">Tipo de semilla de c\u00e9sped<\/td>\n<td style=\"font-family: Arial, sans-serif; font-size: 14px; overflow: hidden; padding: 10px 5px; text-align: left; vertical-align: middle; word-break: normal; border: 1px solid black;\">Ryegrass, Paspalum, c\u00e9sped Bermuda, semillas mixtas, etc.<\/td>\n<\/tr>\n<tr>\n<td style=\"font-family: Arial, sans-serif; font-size: 14px; overflow: hidden; padding: 10px 5px; text-align: left; vertical-align: middle; word-break: normal; border: 1px solid black;\">Color<\/td>\n<td style=\"font-family: Arial, sans-serif; font-size: 14px; overflow: hidden; padding: 10px 5px; text-align: left; vertical-align: middle; word-break: normal; border: 1px solid black;\">Negro, verde, marr\u00f3n<\/td>\n<\/tr>\n<tr>\n<td style=\"font-family: Arial, sans-serif; font-size: 14px; overflow: hidden; padding: 10px 5px; text-align: left; vertical-align: middle; word-break: normal; border: 1px solid black;\">Resistencia UV<\/td>\n<td style=\"font-family: Arial, sans-serif; font-size: 14px; overflow: hidden; padding: 10px 5px; text-align: left; vertical-align: middle; word-break: normal; border: 1px solid black;\">Excelente (estabilizador UV opcional)<\/td>\n<\/tr>\n<tr>\n<td style=\"font-family: Arial, sans-serif; font-size: 14px; overflow: hidden; padding: 10px 5px; text-align: left; vertical-align: middle; word-break: normal; border: 1px solid black;\">Vida \u00fatil<\/td>\n<td style=\"font-family: Arial, sans-serif; font-size: 14px; overflow: hidden; padding: 10px 5px; text-align: left; vertical-align: middle; word-break: normal; border: 1px solid black;\">3-5 a\u00f1os de soporte de semillas + 5-10 a\u00f1os de durabilidad de la bolsa<\/td>\n<\/tr>\n<\/tbody>\n<\/table>\n<h2>Descripci\u00f3n del producto<\/h2>\n<p>La bolsa ecol\u00f3gica geotextil presembrada es una innovadora soluci\u00f3n verde de protecci\u00f3n de taludes fabricada con tela no tejida punzonada de alta resistencia con semillas de c\u00e9sped integradas. Combina las ventajas estructurales de las geobolsas tradicionales con la funci\u00f3n ecol\u00f3gica de autoverdecimiento tras la instalaci\u00f3n. Ideal para proyectos de restauraci\u00f3n de taludes hidr\u00e1ulicos, de carreteras y paisaj\u00edsticos.<\/p>\n<p><a href=\"https:\/\/www.bsdnonwoven.com\/contact-us\/\"><strong>P\u00f3ngase en contacto con nuestro equipo de ventas<\/strong><\/a> \u00a1ahora para saber m\u00e1s!<\/p>\n<h2>Caracter\u00edsticas del producto<\/h2>\n<p>Las semillas de c\u00e9sped integradas permiten un reverdecimiento natural tras la instalaci\u00f3n, eliminando la necesidad de resembrar.<\/p>\n<p>La alta permeabilidad favorece el desarrollo de las ra\u00edces de las plantas y el drenaje<\/p>\n<p>Su estructura no tejida, fuerte y resistente a los rayos UV, garantiza su durabilidad<\/p>\n<p>Los tipos de semillas personalizables se adaptan a diversos climas y terrenos<\/p>\n<p>La instalaci\u00f3n simplificada reduce los costes de mano de obra y mantenimiento<\/p>\n<p>El dise\u00f1o apilable estabiliza las pendientes y crea paisajes verdes en terrazas<\/p>\n<h2>Funci\u00f3n del producto<\/h2>\n<p>Ancla el suelo en las pendientes, evitando la erosi\u00f3n de la lluvia y el viento<\/p>\n<p>Permite un r\u00e1pido reverdecimiento y recuperaci\u00f3n ecol\u00f3gica<\/p>\n<p>Refuerza la estabilidad de los taludes mediante sistemas radiculares<\/p>\n<p>Crea amortiguadores paisaj\u00edsticos naturales y mejora el atractivo est\u00e9tico<\/p>\n<p>Ayuda a controlar la escorrent\u00eda superficial y mitiga la erosi\u00f3n causada por las inundaciones<\/p>\n<h2>Aplicaciones de los productos<\/h2>\n<p>Protecci\u00f3n ecol\u00f3gica de taludes a lo largo de r\u00edos, lagos y canales<\/p>\n<p>Estabilizaci\u00f3n y reverdecimiento de terraplenes de carreteras y v\u00edas f\u00e9rreas<\/p>\n<p>Paisajismo de taludes urbanos y terrenos artificiales<\/p>\n<p>Recuperaci\u00f3n de minas, canteras y tierras degradadas<\/p>\n<p>Estabilizaci\u00f3n de taludes de vertederos y reverdecimiento de superficies<\/p>\n<p>Proyectos h\u00eddricos agr\u00edcolas y diques de regad\u00edo<\/p>\n<p>M\u00e1s informaci\u00f3n en <a href=\"https:\/\/www.bsdnonwoven.com\/category\/geotextile-bag-for-slope-protection\/\"><strong>Bolsa geotextil para protecci\u00f3n de taludes<\/strong><\/a> Cat\u00e1logo<\/p>\n<h2>Aplicaci\u00f3n Im\u00e1genes de escena<\/h2>\n<p><img loading=\"lazy\" decoding=\"async\" class=\"size-full wp-image-13606 aligncenter\" data-src=\"https:\/\/www.bsdnonwoven.com\/wp-content\/uploads\/2025\/05\/Pre-seeded-Geotextile-Ecological-Bag1-4.webp\" alt=\"Bolsa ecol\u00f3gica geotextil presembrada\" width=\"1500\" height=\"500\" srcset=\"https:\/\/www.bsdnonwoven.com\/wp-content\/uploads\/2025\/05\/Pre-seeded-Geotextile-Ecological-Bag1-4.webp 1500w, https:\/\/www.bsdnonwoven.com\/wp-content\/uploads\/2025\/05\/Pre-seeded-Geotextile-Ecological-Bag1-4-1280x427.webp 1280w, https:\/\/www.bsdnonwoven.com\/wp-content\/uploads\/2025\/05\/Pre-seeded-Geotextile-Ecological-Bag1-4-980x327.webp 980w, https:\/\/www.bsdnonwoven.com\/wp-content\/uploads\/2025\/05\/Pre-seeded-Geotextile-Ecological-Bag1-4-480x160.webp 480w\" sizes=\"(min-width: 0px) and (max-width: 480px) 480px, (min-width: 481px) and (max-width: 980px) 980px, (min-width: 981px) and (max-width: 1280px) 1280px, (min-width: 1281px) 1500px, 100vw\" \/><\/p>","protected":false},"excerpt":{"rendered":"<p>La bolsa ecol\u00f3gica geotextil presembrada es una innovadora soluci\u00f3n verde de protecci\u00f3n de taludes fabricada con tela no tejida punzonada de alta resistencia con semillas de c\u00e9sped integradas. Combina las ventajas estructurales de las geobolsas tradicionales con la funci\u00f3n ecol\u00f3gica de autoverdecimiento tras la instalaci\u00f3n. Ideal para proyectos de restauraci\u00f3n de taludes hidr\u00e1ulicos, de carreteras y paisaj\u00edsticos.<\/p>","protected":false},"featured_media":13475,"template":"","meta":{"_et_pb_use_builder":"","_et_pb_old_content":"","_et_gb_content_width":""},"product_cat":[325],"product_tag":[],"yoast_head":"<!-- This site is optimized with the Yoast SEO plugin v22.7 - https:\/\/yoast.com\/wordpress\/plugins\/seo\/ -->\n<title>Pre-seeded Geotextile Ecological Bag - Boshida Nonwoven<\/title>\n<meta name=\"description\" content=\"Pre-seeded Geotextile Ecological Bag , we provide Geosynthetic Needle-Punched Non-woven Fabric, Household needle punched non-woven fabric, Automotive Non-woven Fabric with good price.\" \/>\n<meta name=\"robots\" content=\"index, follow, max-snippet:-1, max-image-preview:large, max-video-preview:-1\" \/>\n<link rel=\"canonical\" href=\"https:\/\/www.bsdnonwoven.com\/es\/producto\/pre-seeded-geotextile-ecological-bag\/\" \/>\n<meta property=\"og:locale\" content=\"es_ES\" \/>\n<meta property=\"og:type\" content=\"article\" \/>\n<meta property=\"og:title\" content=\"Pre-seeded Geotextile Ecological Bag - Boshida Nonwoven\" \/>\n<meta property=\"og:description\" content=\"Pre-seeded Geotextile Ecological Bag , we provide Geosynthetic Needle-Punched Non-woven Fabric, Household needle punched non-woven fabric, Automotive Non-woven Fabric with good price.\" \/>\n<meta property=\"og:url\" content=\"https:\/\/www.bsdnonwoven.com\/es\/producto\/pre-seeded-geotextile-ecological-bag\/\" \/>\n<meta property=\"og:site_name\" content=\"Boshida Nonwoven\" \/>\n<meta property=\"article:modified_time\" content=\"2025-06-25T09:12:56+00:00\" \/>\n<meta property=\"og:image\" content=\"https:\/\/www.bsdnonwoven.com\/wp-content\/uploads\/2025\/05\/Pre-seeded-Geotextile-Ecological-Bag-1-1.webp\" \/>\n\t<meta property=\"og:image:width\" content=\"800\" \/>\n\t<meta property=\"og:image:height\" content=\"800\" \/>\n\t<meta property=\"og:image:type\" content=\"image\/webp\" \/>\n<meta name=\"twitter:card\" content=\"summary_large_image\" \/>\n<meta name=\"twitter:label1\" content=\"Tiempo de lectura\" \/>\n\t<meta name=\"twitter:data1\" content=\"2 minutos\" \/>\n<script type=\"application\/ld+json\" class=\"yoast-schema-graph\">{\"@context\":\"https:\/\/schema.org\",\"@graph\":[{\"@type\":\"WebPage\",\"@id\":\"https:\/\/www.bsdnonwoven.com\/product\/pre-seeded-geotextile-ecological-bag\/\",\"url\":\"https:\/\/www.bsdnonwoven.com\/product\/pre-seeded-geotextile-ecological-bag\/\",\"name\":\"Pre-seeded Geotextile Ecological Bag - Boshida Nonwoven\",\"isPartOf\":{\"@id\":\"https:\/\/www.bsdnonwoven.com\/#website\"},\"primaryImageOfPage\":{\"@id\":\"https:\/\/www.bsdnonwoven.com\/product\/pre-seeded-geotextile-ecological-bag\/#primaryimage\"},\"image\":{\"@id\":\"https:\/\/www.bsdnonwoven.com\/product\/pre-seeded-geotextile-ecological-bag\/#primaryimage\"},\"thumbnailUrl\":\"https:\/\/www.bsdnonwoven.com\/wp-content\/uploads\/2025\/05\/Pre-seeded-Geotextile-Ecological-Bag-1-1.webp\",\"datePublished\":\"2025-05-28T01:47:43+00:00\",\"dateModified\":\"2025-06-25T09:12:56+00:00\",\"description\":\"Pre-seeded Geotextile Ecological Bag , we provide Geosynthetic Needle-Punched Non-woven Fabric, Household needle punched non-woven fabric, Automotive Non-woven Fabric with good price.\",\"breadcrumb\":{\"@id\":\"https:\/\/www.bsdnonwoven.com\/product\/pre-seeded-geotextile-ecological-bag\/#breadcrumb\"},\"inLanguage\":\"es\",\"potentialAction\":[{\"@type\":\"ReadAction\",\"target\":[\"https:\/\/www.bsdnonwoven.com\/product\/pre-seeded-geotextile-ecological-bag\/\"]}]},{\"@type\":\"ImageObject\",\"inLanguage\":\"es\",\"@id\":\"https:\/\/www.bsdnonwoven.com\/product\/pre-seeded-geotextile-ecological-bag\/#primaryimage\",\"url\":\"https:\/\/www.bsdnonwoven.com\/wp-content\/uploads\/2025\/05\/Pre-seeded-Geotextile-Ecological-Bag-1-1.webp\",\"contentUrl\":\"https:\/\/www.bsdnonwoven.com\/wp-content\/uploads\/2025\/05\/Pre-seeded-Geotextile-Ecological-Bag-1-1.webp\",\"width\":800,\"height\":800,\"caption\":\"Pre-seeded Geotextile Ecological Bag\"},{\"@type\":\"BreadcrumbList\",\"@id\":\"https:\/\/www.bsdnonwoven.com\/product\/pre-seeded-geotextile-ecological-bag\/#breadcrumb\",\"itemListElement\":[{\"@type\":\"ListItem\",\"position\":1,\"name\":\"Home\",\"item\":\"https:\/\/www.bsdnonwoven.com\/\"},{\"@type\":\"ListItem\",\"position\":2,\"name\":\"Products\",\"item\":\"https:\/\/www.bsdnonwoven.com\/shop\/\"},{\"@type\":\"ListItem\",\"position\":3,\"name\":\"Pre-seeded Geotextile Ecological Bag\"}]},{\"@type\":\"WebSite\",\"@id\":\"https:\/\/www.bsdnonwoven.com\/#website\",\"url\":\"https:\/\/www.bsdnonwoven.com\/\",\"name\":\"Boshida Nonwoven\",\"description\":\"\",\"potentialAction\":[{\"@type\":\"SearchAction\",\"target\":{\"@type\":\"EntryPoint\",\"urlTemplate\":\"https:\/\/www.bsdnonwoven.com\/?s={search_term_string}\"},\"query-input\":\"required name=search_term_string\"}],\"inLanguage\":\"es\"}]}<\/script>\n<!-- \/ Yoast SEO plugin. -->","yoast_head_json":{"title":"Pre-seeded Geotextile Ecological Bag - Boshida Nonwoven","description":"Pre-seeded Geotextile Ecological Bag , we provide Geosynthetic Needle-Punched Non-woven Fabric, Household needle punched non-woven fabric, Automotive Non-woven Fabric with good price.","robots":{"index":"index","follow":"follow","max-snippet":"max-snippet:-1","max-image-preview":"max-image-preview:large","max-video-preview":"max-video-preview:-1"},"canonical":"https:\/\/www.bsdnonwoven.com\/es\/producto\/pre-seeded-geotextile-ecological-bag\/","og_locale":"es_ES","og_type":"article","og_title":"Pre-seeded Geotextile Ecological Bag - Boshida Nonwoven","og_description":"Pre-seeded Geotextile Ecological Bag , we provide Geosynthetic Needle-Punched Non-woven Fabric, Household needle punched non-woven fabric, Automotive Non-woven Fabric with good price.","og_url":"https:\/\/www.bsdnonwoven.com\/es\/producto\/pre-seeded-geotextile-ecological-bag\/","og_site_name":"Boshida Nonwoven","article_modified_time":"2025-06-25T09:12:56+00:00","og_image":[{"width":800,"height":800,"url":"https:\/\/www.bsdnonwoven.com\/wp-content\/uploads\/2025\/05\/Pre-seeded-Geotextile-Ecological-Bag-1-1.webp","type":"image\/webp"}],"twitter_card":"summary_large_image","twitter_misc":{"Tiempo de lectura":"2 minutos"},"schema":{"@context":"https:\/\/schema.org","@graph":[{"@type":"WebPage","@id":"https:\/\/www.bsdnonwoven.com\/product\/pre-seeded-geotextile-ecological-bag\/","url":"https:\/\/www.bsdnonwoven.com\/product\/pre-seeded-geotextile-ecological-bag\/","name":"Pre-seeded Geotextile Ecological Bag - Boshida Nonwoven","isPartOf":{"@id":"https:\/\/www.bsdnonwoven.com\/#website"},"primaryImageOfPage":{"@id":"https:\/\/www.bsdnonwoven.com\/product\/pre-seeded-geotextile-ecological-bag\/#primaryimage"},"image":{"@id":"https:\/\/www.bsdnonwoven.com\/product\/pre-seeded-geotextile-ecological-bag\/#primaryimage"},"thumbnailUrl":"https:\/\/www.bsdnonwoven.com\/wp-content\/uploads\/2025\/05\/Pre-seeded-Geotextile-Ecological-Bag-1-1.webp","datePublished":"2025-05-28T01:47:43+00:00","dateModified":"2025-06-25T09:12:56+00:00","description":"Pre-seeded Geotextile Ecological Bag , we provide Geosynthetic Needle-Punched Non-woven Fabric, Household needle punched non-woven fabric, Automotive Non-woven Fabric with good price.","breadcrumb":{"@id":"https:\/\/www.bsdnonwoven.com\/product\/pre-seeded-geotextile-ecological-bag\/#breadcrumb"},"inLanguage":"es","potentialAction":[{"@type":"ReadAction","target":["https:\/\/www.bsdnonwoven.com\/product\/pre-seeded-geotextile-ecological-bag\/"]}]},{"@type":"ImageObject","inLanguage":"es","@id":"https:\/\/www.bsdnonwoven.com\/product\/pre-seeded-geotextile-ecological-bag\/#primaryimage","url":"https:\/\/www.bsdnonwoven.com\/wp-content\/uploads\/2025\/05\/Pre-seeded-Geotextile-Ecological-Bag-1-1.webp","contentUrl":"https:\/\/www.bsdnonwoven.com\/wp-content\/uploads\/2025\/05\/Pre-seeded-Geotextile-Ecological-Bag-1-1.webp","width":800,"height":800,"caption":"Pre-seeded Geotextile Ecological Bag"},{"@type":"BreadcrumbList","@id":"https:\/\/www.bsdnonwoven.com\/product\/pre-seeded-geotextile-ecological-bag\/#breadcrumb","itemListElement":[{"@type":"ListItem","position":1,"name":"Home","item":"https:\/\/www.bsdnonwoven.com\/"},{"@type":"ListItem","position":2,"name":"Products","item":"https:\/\/www.bsdnonwoven.com\/shop\/"},{"@type":"ListItem","position":3,"name":"Pre-seeded Geotextile Ecological Bag"}]},{"@type":"WebSite","@id":"https:\/\/www.bsdnonwoven.com\/#website","url":"https:\/\/www.bsdnonwoven.com\/","name":"Boshida Nonwoven","description":"","potentialAction":[{"@type":"SearchAction","target":{"@type":"EntryPoint","urlTemplate":"https:\/\/www.bsdnonwoven.com\/?s={search_term_string}"},"query-input":"required name=search_term_string"}],"inLanguage":"es"}]}},"_links":{"self":[{"href":"https:\/\/www.bsdnonwoven.com\/es\/wp-json\/wp\/v2\/product\/13472"}],"collection":[{"href":"https:\/\/www.bsdnonwoven.com\/es\/wp-json\/wp\/v2\/product"}],"about":[{"href":"https:\/\/www.bsdnonwoven.com\/es\/wp-json\/wp\/v2\/types\/product"}],"wp:featuredmedia":[{"embeddable":true,"href":"https:\/\/www.bsdnonwoven.com\/es\/wp-json\/wp\/v2\/media\/13475"}],"wp:attachment":[{"href":"https:\/\/www.bsdnonwoven.com\/es\/wp-json\/wp\/v2\/media?parent=13472"}],"wp:term":[{"taxonomy":"product_cat","embeddable":true,"href":"https:\/\/www.bsdnonwoven.com\/es\/wp-json\/wp\/v2\/product_cat?post=13472"},{"taxonomy":"product_tag","embeddable":true,"href":"https:\/\/www.bsdnonwoven.com\/es\/wp-json\/wp\/v2\/product_tag?post=13472"}],"curies":[{"name":"wp","href":"https:\/\/api.w.org\/{rel}","templated":true}]}}