{"id":14368,"date":"2025-11-29T11:18:43","date_gmt":"2025-11-29T11:18:43","guid":{"rendered":"https:\/\/www.bsdnonwoven.com\/?post_type=product&#038;p=14368"},"modified":"2025-11-29T11:18:44","modified_gmt":"2025-11-29T11:18:44","slug":"non-woven-fabric-plant-growing-bags","status":"publish","type":"product","link":"https:\/\/www.bsdnonwoven.com\/es\/producto\/non-woven-fabric-plant-growing-bags\/","title":{"rendered":"Bolsas de tela no tejida para el cultivo de plantas"},"content":{"rendered":"<p>Proteger la vegetaci\u00f3n Apoyar la construcci\u00f3n ecol\u00f3gica<\/p>\n<p><strong>Descripci\u00f3n del producto<\/strong><br \/>\nFabricado con fibras de poli\u00e9ster o polipropileno de alta resistencia, este tejido est\u00e1 punzonado hasta conseguir una estructura densa que ofrece una excelente transpirabilidad, retenci\u00f3n de la humedad y resistencia a la perforaci\u00f3n. Espec\u00edficamente dise\u00f1ado para la excavaci\u00f3n, el transporte y el trasplante de pl\u00e1ntulas, envuelve firmemente el cepell\u00f3n, protegiendo las ra\u00edces y mejorando significativamente las tasas de supervivencia.<\/p>\n<p><strong>Par\u00e1metros principales<\/strong><\/p>\n<table>\n<tbody>\n<tr>\n<td><strong><b>Art\u00edculo<\/b><\/strong><\/td>\n<td><strong><b>Unidad<\/b><\/strong><\/td>\n<td><strong><b>Rango de par\u00e1metros<\/b><\/strong><\/td>\n<\/tr>\n<tr>\n<td>Gramaje<\/td>\n<td>g\/\u33a1<\/td>\n<td>80 - 500<\/td>\n<\/tr>\n<tr>\n<td>Anchura<\/td>\n<td>m<\/td>\n<td>Personalizable<\/td>\n<\/tr>\n<tr>\n<td>Color<\/td>\n<td>-<\/td>\n<td>Blanco \/ Negro \/ Gris \/ Verde<\/td>\n<\/tr>\n<tr>\n<td>Permeabilidad<\/td>\n<td>L\/m\u00b2-s<\/td>\n<td>150 - 400<\/td>\n<\/tr>\n<tr>\n<td>Vida \u00fatil<\/td>\n<td>Times<\/td>\n<td>\u2265 3 - 5 (Reutilizable)<\/td>\n<\/tr>\n<\/tbody>\n<\/table>\n<p><strong>Caracter\u00edsticas del producto<\/strong><\/p>\n<p>Transpirable y retiene la humedad, favorece el crecimiento de las ra\u00edces<br \/>\nGran tenacidad, resistencia a la perforaci\u00f3n y al agrietamiento<br \/>\nResistente al moho y antibacteriano, apto para diversos climas<br \/>\nReutilizable y ecol\u00f3gico<br \/>\nGramaje, tama\u00f1o y color personalizables<\/p>\n<p><strong>Funciones del producto<br \/>\n<\/strong>Sujeta firmemente el cepell\u00f3n durante la excavaci\u00f3n y el transporte<br \/>\nPreviene los da\u00f1os en las ra\u00edces y la p\u00e9rdida de humedad<br \/>\nAumenta la tasa de supervivencia tras el trasplante<br \/>\nReduce el desperdicio de material y los riesgos de construcci\u00f3n<\/p>\n<p><strong>Campos de aplicaci\u00f3n<br \/>\n<\/strong>Paisajismo urbano y proyectos ecol\u00f3gicos<br \/>\nExcavaci\u00f3n de viveros y trasplante de pl\u00e1ntulas<br \/>\nRestauraci\u00f3n ecol\u00f3gica del paisaje y recuperaci\u00f3n de la vegetaci\u00f3n de las laderas<br \/>\nBolsas ecol\u00f3gicas y sistemas geotextiles ecol\u00f3gicos<br \/>\n<img loading=\"lazy\" decoding=\"async\" class=\"alignleft wp-image-14371 size-medium\" data-src=\"https:\/\/www.bsdnonwoven.com\/wp-content\/uploads\/2025\/11\/32ef90de-0176-42ac-89be-203d7d0e7aa8-300x300.webp\" alt=\"\" width=\"300\" height=\"300\" \/> <img loading=\"lazy\" decoding=\"async\" class=\"alignleft wp-image-14372 size-medium\" data-src=\"https:\/\/www.bsdnonwoven.com\/wp-content\/uploads\/2025\/11\/2422b1f7-0225-4472-9ef2-31b045314e49-300x300.webp\" alt=\"\" width=\"300\" height=\"300\" \/> <img loading=\"lazy\" decoding=\"async\" class=\"alignleft wp-image-14373 size-medium\" data-src=\"https:\/\/www.bsdnonwoven.com\/wp-content\/uploads\/2025\/11\/\u56ed\u6797\u82d7\u5703\u4f7f\u7528\u573a\u666f\u56fe-300x300.webp\" alt=\"\" width=\"300\" height=\"300\" srcset=\"https:\/\/www.bsdnonwoven.com\/wp-content\/uploads\/2025\/11\/\u56ed\u6797\u82d7\u5703\u4f7f\u7528\u573a\u666f\u56fe-300x300.webp 300w, https:\/\/www.bsdnonwoven.com\/wp-content\/uploads\/2025\/11\/\u56ed\u6797\u82d7\u5703\u4f7f\u7528\u573a\u666f\u56fe-150x150.webp 150w, https:\/\/www.bsdnonwoven.com\/wp-content\/uploads\/2025\/11\/\u56ed\u6797\u82d7\u5703\u4f7f\u7528\u573a\u666f\u56fe-768x768.webp 768w, https:\/\/www.bsdnonwoven.com\/wp-content\/uploads\/2025\/11\/\u56ed\u6797\u82d7\u5703\u4f7f\u7528\u573a\u666f\u56fe-12x12.webp 12w, https:\/\/www.bsdnonwoven.com\/wp-content\/uploads\/2025\/11\/\u56ed\u6797\u82d7\u5703\u4f7f\u7528\u573a\u666f\u56fe-480x480.webp 480w, https:\/\/www.bsdnonwoven.com\/wp-content\/uploads\/2025\/11\/\u56ed\u6797\u82d7\u5703\u4f7f\u7528\u573a\u666f\u56fe-600x600.webp 600w, https:\/\/www.bsdnonwoven.com\/wp-content\/uploads\/2025\/11\/\u56ed\u6797\u82d7\u5703\u4f7f\u7528\u573a\u666f\u56fe-100x100.webp 100w, https:\/\/www.bsdnonwoven.com\/wp-content\/uploads\/2025\/11\/\u56ed\u6797\u82d7\u5703\u4f7f\u7528\u573a\u666f\u56fe.webp 800w\" sizes=\"(max-width: 300px) 100vw, 300px\" \/><\/p>\n<p>&nbsp;<\/p>","protected":false},"excerpt":{"rendered":"<p>Protecci\u00f3n de la vegetaci\u00f3n Apoyo a la construcci\u00f3n ecol\u00f3gica Descripci\u00f3n del producto Fabricado con fibras de poli\u00e9ster o polipropileno de alta resistencia, este tejido est\u00e1 punzonado con una estructura densa que ofrece una excelente transpirabilidad, retenci\u00f3n de la humedad y resistencia a la perforaci\u00f3n. Espec\u00edficamente dise\u00f1ado para la excavaci\u00f3n, el transporte y el trasplante de pl\u00e1ntulas, envuelve de forma segura el cepell\u00f3n, protegiendo las ra\u00edces y mejorando significativamente las tasas de supervivencia. Principal [...]<\/p>","protected":false},"featured_media":14369,"template":"","meta":{"_et_pb_use_builder":"","_et_pb_old_content":"","_et_gb_content_width":""},"product_cat":[340],"product_tag":[],"yoast_head":"<!-- This site is optimized with the Yoast SEO plugin v22.7 - https:\/\/yoast.com\/wordpress\/plugins\/seo\/ -->\n<title>Non Woven Fabric Plant Growing Bags - Boshida Nonwoven<\/title>\n<meta name=\"description\" content=\"Non Woven Fabric Plant Growing Bags , we provide Geosynthetic Needle-Punched Non-woven Fabric, Household needle punched non-woven fabric, Automotive Non-woven Fabric with good price.\" \/>\n<meta name=\"robots\" content=\"index, follow, max-snippet:-1, max-image-preview:large, max-video-preview:-1\" \/>\n<link rel=\"canonical\" href=\"https:\/\/www.bsdnonwoven.com\/es\/producto\/non-woven-fabric-plant-growing-bags\/\" \/>\n<meta property=\"og:locale\" content=\"es_ES\" \/>\n<meta property=\"og:type\" content=\"article\" \/>\n<meta property=\"og:title\" content=\"Non Woven Fabric Plant Growing Bags - Boshida Nonwoven\" \/>\n<meta property=\"og:description\" content=\"Non Woven Fabric Plant Growing Bags , we provide Geosynthetic Needle-Punched Non-woven Fabric, Household needle punched non-woven fabric, Automotive Non-woven Fabric with good price.\" \/>\n<meta property=\"og:url\" content=\"https:\/\/www.bsdnonwoven.com\/es\/producto\/non-woven-fabric-plant-growing-bags\/\" \/>\n<meta property=\"og:site_name\" content=\"Boshida Nonwoven\" \/>\n<meta property=\"article:modified_time\" content=\"2025-11-29T11:18:44+00:00\" \/>\n<meta property=\"og:image\" content=\"https:\/\/www.bsdnonwoven.com\/wp-content\/uploads\/2025\/11\/9cf612db-f994-45bb-88fd-f9a1138758ba.webp\" \/>\n\t<meta property=\"og:image:width\" content=\"800\" \/>\n\t<meta property=\"og:image:height\" content=\"800\" \/>\n\t<meta property=\"og:image:type\" content=\"image\/webp\" \/>\n<meta name=\"twitter:card\" content=\"summary_large_image\" \/>\n<meta name=\"twitter:label1\" content=\"Tiempo de lectura\" \/>\n\t<meta name=\"twitter:data1\" content=\"2 minutos\" \/>\n<script type=\"application\/ld+json\" class=\"yoast-schema-graph\">{\"@context\":\"https:\/\/schema.org\",\"@graph\":[{\"@type\":\"WebPage\",\"@id\":\"https:\/\/www.bsdnonwoven.com\/product\/non-woven-fabric-plant-growing-bags\/\",\"url\":\"https:\/\/www.bsdnonwoven.com\/product\/non-woven-fabric-plant-growing-bags\/\",\"name\":\"Non Woven Fabric Plant Growing Bags - Boshida Nonwoven\",\"isPartOf\":{\"@id\":\"https:\/\/www.bsdnonwoven.com\/#website\"},\"primaryImageOfPage\":{\"@id\":\"https:\/\/www.bsdnonwoven.com\/product\/non-woven-fabric-plant-growing-bags\/#primaryimage\"},\"image\":{\"@id\":\"https:\/\/www.bsdnonwoven.com\/product\/non-woven-fabric-plant-growing-bags\/#primaryimage\"},\"thumbnailUrl\":\"https:\/\/www.bsdnonwoven.com\/wp-content\/uploads\/2025\/11\/9cf612db-f994-45bb-88fd-f9a1138758ba.webp\",\"datePublished\":\"2025-11-29T11:18:43+00:00\",\"dateModified\":\"2025-11-29T11:18:44+00:00\",\"description\":\"Non Woven Fabric Plant Growing Bags , we provide Geosynthetic Needle-Punched Non-woven Fabric, Household needle punched non-woven fabric, Automotive Non-woven Fabric with good price.\",\"breadcrumb\":{\"@id\":\"https:\/\/www.bsdnonwoven.com\/product\/non-woven-fabric-plant-growing-bags\/#breadcrumb\"},\"inLanguage\":\"es\",\"potentialAction\":[{\"@type\":\"ReadAction\",\"target\":[\"https:\/\/www.bsdnonwoven.com\/product\/non-woven-fabric-plant-growing-bags\/\"]}]},{\"@type\":\"ImageObject\",\"inLanguage\":\"es\",\"@id\":\"https:\/\/www.bsdnonwoven.com\/product\/non-woven-fabric-plant-growing-bags\/#primaryimage\",\"url\":\"https:\/\/www.bsdnonwoven.com\/wp-content\/uploads\/2025\/11\/9cf612db-f994-45bb-88fd-f9a1138758ba.webp\",\"contentUrl\":\"https:\/\/www.bsdnonwoven.com\/wp-content\/uploads\/2025\/11\/9cf612db-f994-45bb-88fd-f9a1138758ba.webp\",\"width\":800,\"height\":800},{\"@type\":\"BreadcrumbList\",\"@id\":\"https:\/\/www.bsdnonwoven.com\/product\/non-woven-fabric-plant-growing-bags\/#breadcrumb\",\"itemListElement\":[{\"@type\":\"ListItem\",\"position\":1,\"name\":\"Home\",\"item\":\"https:\/\/www.bsdnonwoven.com\/\"},{\"@type\":\"ListItem\",\"position\":2,\"name\":\"Products\",\"item\":\"https:\/\/www.bsdnonwoven.com\/shop\/\"},{\"@type\":\"ListItem\",\"position\":3,\"name\":\"Non Woven Fabric Plant Growing Bags\"}]},{\"@type\":\"WebSite\",\"@id\":\"https:\/\/www.bsdnonwoven.com\/#website\",\"url\":\"https:\/\/www.bsdnonwoven.com\/\",\"name\":\"Boshida Nonwoven\",\"description\":\"\",\"potentialAction\":[{\"@type\":\"SearchAction\",\"target\":{\"@type\":\"EntryPoint\",\"urlTemplate\":\"https:\/\/www.bsdnonwoven.com\/?s={search_term_string}\"},\"query-input\":\"required name=search_term_string\"}],\"inLanguage\":\"es\"}]}<\/script>\n<!-- \/ Yoast SEO plugin. -->","yoast_head_json":{"title":"Non Woven Fabric Plant Growing Bags - Boshida Nonwoven","description":"Non Woven Fabric Plant Growing Bags , we provide Geosynthetic Needle-Punched Non-woven Fabric, Household needle punched non-woven fabric, Automotive Non-woven Fabric with good price.","robots":{"index":"index","follow":"follow","max-snippet":"max-snippet:-1","max-image-preview":"max-image-preview:large","max-video-preview":"max-video-preview:-1"},"canonical":"https:\/\/www.bsdnonwoven.com\/es\/producto\/non-woven-fabric-plant-growing-bags\/","og_locale":"es_ES","og_type":"article","og_title":"Non Woven Fabric Plant Growing Bags - Boshida Nonwoven","og_description":"Non Woven Fabric Plant Growing Bags , we provide Geosynthetic Needle-Punched Non-woven Fabric, Household needle punched non-woven fabric, Automotive Non-woven Fabric with good price.","og_url":"https:\/\/www.bsdnonwoven.com\/es\/producto\/non-woven-fabric-plant-growing-bags\/","og_site_name":"Boshida Nonwoven","article_modified_time":"2025-11-29T11:18:44+00:00","og_image":[{"width":800,"height":800,"url":"https:\/\/www.bsdnonwoven.com\/wp-content\/uploads\/2025\/11\/9cf612db-f994-45bb-88fd-f9a1138758ba.webp","type":"image\/webp"}],"twitter_card":"summary_large_image","twitter_misc":{"Tiempo de lectura":"2 minutos"},"schema":{"@context":"https:\/\/schema.org","@graph":[{"@type":"WebPage","@id":"https:\/\/www.bsdnonwoven.com\/product\/non-woven-fabric-plant-growing-bags\/","url":"https:\/\/www.bsdnonwoven.com\/product\/non-woven-fabric-plant-growing-bags\/","name":"Non Woven Fabric Plant Growing Bags - Boshida Nonwoven","isPartOf":{"@id":"https:\/\/www.bsdnonwoven.com\/#website"},"primaryImageOfPage":{"@id":"https:\/\/www.bsdnonwoven.com\/product\/non-woven-fabric-plant-growing-bags\/#primaryimage"},"image":{"@id":"https:\/\/www.bsdnonwoven.com\/product\/non-woven-fabric-plant-growing-bags\/#primaryimage"},"thumbnailUrl":"https:\/\/www.bsdnonwoven.com\/wp-content\/uploads\/2025\/11\/9cf612db-f994-45bb-88fd-f9a1138758ba.webp","datePublished":"2025-11-29T11:18:43+00:00","dateModified":"2025-11-29T11:18:44+00:00","description":"Non Woven Fabric Plant Growing Bags , we provide Geosynthetic Needle-Punched Non-woven Fabric, Household needle punched non-woven fabric, Automotive Non-woven Fabric with good price.","breadcrumb":{"@id":"https:\/\/www.bsdnonwoven.com\/product\/non-woven-fabric-plant-growing-bags\/#breadcrumb"},"inLanguage":"es","potentialAction":[{"@type":"ReadAction","target":["https:\/\/www.bsdnonwoven.com\/product\/non-woven-fabric-plant-growing-bags\/"]}]},{"@type":"ImageObject","inLanguage":"es","@id":"https:\/\/www.bsdnonwoven.com\/product\/non-woven-fabric-plant-growing-bags\/#primaryimage","url":"https:\/\/www.bsdnonwoven.com\/wp-content\/uploads\/2025\/11\/9cf612db-f994-45bb-88fd-f9a1138758ba.webp","contentUrl":"https:\/\/www.bsdnonwoven.com\/wp-content\/uploads\/2025\/11\/9cf612db-f994-45bb-88fd-f9a1138758ba.webp","width":800,"height":800},{"@type":"BreadcrumbList","@id":"https:\/\/www.bsdnonwoven.com\/product\/non-woven-fabric-plant-growing-bags\/#breadcrumb","itemListElement":[{"@type":"ListItem","position":1,"name":"Home","item":"https:\/\/www.bsdnonwoven.com\/"},{"@type":"ListItem","position":2,"name":"Products","item":"https:\/\/www.bsdnonwoven.com\/shop\/"},{"@type":"ListItem","position":3,"name":"Non Woven Fabric Plant Growing Bags"}]},{"@type":"WebSite","@id":"https:\/\/www.bsdnonwoven.com\/#website","url":"https:\/\/www.bsdnonwoven.com\/","name":"Boshida Nonwoven","description":"","potentialAction":[{"@type":"SearchAction","target":{"@type":"EntryPoint","urlTemplate":"https:\/\/www.bsdnonwoven.com\/?s={search_term_string}"},"query-input":"required name=search_term_string"}],"inLanguage":"es"}]}},"_links":{"self":[{"href":"https:\/\/www.bsdnonwoven.com\/es\/wp-json\/wp\/v2\/product\/14368"}],"collection":[{"href":"https:\/\/www.bsdnonwoven.com\/es\/wp-json\/wp\/v2\/product"}],"about":[{"href":"https:\/\/www.bsdnonwoven.com\/es\/wp-json\/wp\/v2\/types\/product"}],"wp:featuredmedia":[{"embeddable":true,"href":"https:\/\/www.bsdnonwoven.com\/es\/wp-json\/wp\/v2\/media\/14369"}],"wp:attachment":[{"href":"https:\/\/www.bsdnonwoven.com\/es\/wp-json\/wp\/v2\/media?parent=14368"}],"wp:term":[{"taxonomy":"product_cat","embeddable":true,"href":"https:\/\/www.bsdnonwoven.com\/es\/wp-json\/wp\/v2\/product_cat?post=14368"},{"taxonomy":"product_tag","embeddable":true,"href":"https:\/\/www.bsdnonwoven.com\/es\/wp-json\/wp\/v2\/product_tag?post=14368"}],"curies":[{"name":"wp","href":"https:\/\/api.w.org\/{rel}","templated":true}]}}