{"id":14415,"date":"2025-12-02T08:11:53","date_gmt":"2025-12-02T08:11:53","guid":{"rendered":"https:\/\/www.bsdnonwoven.com\/?post_type=product&#038;p=14415"},"modified":"2025-12-02T08:12:30","modified_gmt":"2025-12-02T08:12:30","slug":"shoe-midsole-fabric","status":"publish","type":"product","link":"https:\/\/www.bsdnonwoven.com\/es\/producto\/shoe-midsole-fabric\/","title":{"rendered":"Tejido de la entresuela del zapato"},"content":{"rendered":"<p>Apoyo estable - Conseguir comodidad a cada paso<\/p>\n<p><strong>Descripci\u00f3n del producto:<\/strong><br \/>\nFabricado con fibras de poli\u00e9ster de alta densidad mediante punzonado, este tejido ofrece una excelente rigidez, transpirabilidad y sujeci\u00f3n. La rigidez del tejido puede mejorarse mediante procesos de recubrimiento, prensado t\u00e9rmico o laminado, lo que lo hace adecuado para entresuelas, moldeado de la pala, refuerzo de la puntera y moldeado del tal\u00f3n. Mantiene la forma al tiempo que mejora el confort y la durabilidad.<\/p>\n<p><strong>Par\u00e1metros principales:<br \/>\n<\/strong><\/p>\n<table style=\"border-collapse: collapse; width: 348.02pt;\" border=\"0\" width=\"348\" cellspacing=\"0\" cellpadding=\"0\">\n<tbody>\n<tr style=\"height: 18.00pt;\">\n<td class=\"et2\" style=\"height: 18.00pt; width: 103.30pt;\" width=\"103\" height=\"18\">Art\u00edculo<\/td>\n<td class=\"et2\" style=\"width: 95.00pt;\" width=\"95\">Unidad<\/td>\n<td class=\"et2\" style=\"width: 149.95pt;\" width=\"149\">Gama<\/td>\n<\/tr>\n<tr style=\"height: 36.00pt;\">\n<td class=\"et3\" style=\"height: 36.00pt; width: 103.30pt;\" width=\"103\" height=\"36\">Gramaje<\/td>\n<td class=\"et3\" style=\"width: 95.00pt;\" width=\"95\">g\/\u33a1<\/td>\n<td class=\"et3\" style=\"width: 149.95pt;\" width=\"149\">100 - 600<\/td>\n<\/tr>\n<tr style=\"height: 18.00pt;\">\n<td class=\"et3\" style=\"height: 18.00pt; width: 103.30pt;\" width=\"103\" height=\"18\">Anchura<\/td>\n<td class=\"et3\" style=\"width: 95.00pt;\" width=\"95\">m<\/td>\n<td class=\"et3\" style=\"width: 149.95pt;\" width=\"149\">\u2264 3.2<\/td>\n<\/tr>\n<tr style=\"height: 71.00pt;\">\n<td class=\"et3\" style=\"height: 71.00pt; width: 103.30pt;\" width=\"103\" height=\"71\">Espesor<\/td>\n<td class=\"et3\" style=\"width: 95.00pt;\" width=\"95\">mm<\/td>\n<td class=\"et3\" style=\"width: 149.95pt;\" width=\"149\">0,8 - 3,0 (personalizable)<\/td>\n<\/tr>\n<\/tbody>\n<\/table>\n<p><strong>\u00a0<\/strong><\/p>\n<p><strong>Caracter\u00edsticas del producto:<\/strong><\/p>\n<p>Plegable y resistente al desgaste, no propenso a la rotura<br \/>\nTranspirables y resistentes a la humedad, absorben el sudor y son c\u00f3modas<br \/>\nOpciones antibacterianas y desodorizantes disponibles<br \/>\nGran rigidez, larga duraci\u00f3n de la forma y ausencia de hundimiento<br \/>\nCompatible con procesos de revestimiento, termofijaci\u00f3n y laminaci\u00f3n<\/p>\n<p><strong>Funciones del producto:<\/strong><\/p>\n<p>Proporciona soporte estructural interno para el calzado<br \/>\nMantiene la estabilidad de la forma del zapato y prolonga su vida \u00fatil<br \/>\nAmortigua los impactos y aumenta la comodidad de uso<\/p>\n<p><strong>Campos de aplicaci\u00f3n:<br \/>\n<\/strong>Capa estructural de la entresuela<br \/>\nTejido moldeador de la zapatilla<br \/>\nCapas de refuerzo en la puntera y el tal\u00f3n<br \/>\nEstructura de la plantilla y forro del calzado deportivo<br \/>\n<img loading=\"lazy\" decoding=\"async\" class=\"alignleft wp-image-14418 size-medium\" data-src=\"https:\/\/www.bsdnonwoven.com\/wp-content\/uploads\/2025\/12\/5ff8ab36-224c-47d1-a719-3ce9a9576d2b-1-300x300.webp\" alt=\"\" width=\"300\" height=\"300\" \/> <img loading=\"lazy\" decoding=\"async\" class=\"alignleft wp-image-14419 size-medium\" data-src=\"https:\/\/www.bsdnonwoven.com\/wp-content\/uploads\/2025\/12\/11e848d3-4c4a-4fe8-bf52-ef7c984eba4b-300x300.webp\" alt=\"\" width=\"300\" height=\"300\" \/> <img loading=\"lazy\" decoding=\"async\" class=\"alignleft wp-image-14420 size-medium\" data-src=\"https:\/\/www.bsdnonwoven.com\/wp-content\/uploads\/2025\/12\/0969aec1-98b3-45aa-b1f0-e8ef80193441-300x300.webp\" alt=\"\" width=\"300\" height=\"300\" \/> <img loading=\"lazy\" decoding=\"async\" class=\"alignleft wp-image-14422 size-medium\" data-src=\"https:\/\/www.bsdnonwoven.com\/wp-content\/uploads\/2025\/12\/Nonwoven-fabric-use-in-shoes-300x300.webp\" alt=\"\" width=\"300\" height=\"300\" \/><\/p>\n<p><strong>\u00a0<\/strong><\/p>","protected":false},"excerpt":{"rendered":"<p>Soporte estable - Consigue comodidad a cada paso Descripci\u00f3n del producto: Fabricado con fibras de poli\u00e9ster de alta densidad mediante punzonado, este tejido ofrece una excelente rigidez, transpirabilidad y sujeci\u00f3n. La rigidez del tejido puede mejorarse mediante procesos de recubrimiento, prensado t\u00e9rmico o laminado, lo que lo hace adecuado para entresuelas, moldeado de empeines, refuerzo de punteras y moldeado de talones. Mantiene la forma al tiempo que mejora [...]<\/p>","protected":false},"featured_media":14417,"template":"","meta":{"_et_pb_use_builder":"","_et_pb_old_content":"","_et_gb_content_width":""},"product_cat":[289],"product_tag":[],"yoast_head":"<!-- This site is optimized with the Yoast SEO plugin v22.7 - https:\/\/yoast.com\/wordpress\/plugins\/seo\/ -->\n<title>Shoe Midsole Fabric - Boshida Nonwoven<\/title>\n<meta name=\"description\" content=\"Shoe Midsole Fabric , we provide Geosynthetic Needle-Punched Non-woven Fabric, Household needle punched non-woven fabric, Automotive Non-woven Fabric with good price.\" \/>\n<meta name=\"robots\" content=\"index, follow, max-snippet:-1, max-image-preview:large, max-video-preview:-1\" \/>\n<link rel=\"canonical\" href=\"https:\/\/www.bsdnonwoven.com\/es\/producto\/shoe-midsole-fabric\/\" \/>\n<meta property=\"og:locale\" content=\"es_ES\" \/>\n<meta property=\"og:type\" content=\"article\" \/>\n<meta property=\"og:title\" content=\"Shoe Midsole Fabric - Boshida Nonwoven\" \/>\n<meta property=\"og:description\" content=\"Shoe Midsole Fabric , we provide Geosynthetic Needle-Punched Non-woven Fabric, Household needle punched non-woven fabric, Automotive Non-woven Fabric with good price.\" \/>\n<meta property=\"og:url\" content=\"https:\/\/www.bsdnonwoven.com\/es\/producto\/shoe-midsole-fabric\/\" \/>\n<meta property=\"og:site_name\" content=\"Boshida Nonwoven\" \/>\n<meta property=\"article:modified_time\" content=\"2025-12-02T08:12:30+00:00\" \/>\n<meta property=\"og:image\" content=\"https:\/\/www.bsdnonwoven.com\/wp-content\/uploads\/2025\/12\/16044322-3de0-404b-8757-ffc18e92e9ff.webp\" \/>\n\t<meta property=\"og:image:width\" content=\"800\" \/>\n\t<meta property=\"og:image:height\" content=\"800\" \/>\n\t<meta property=\"og:image:type\" content=\"image\/webp\" \/>\n<meta name=\"twitter:card\" content=\"summary_large_image\" \/>\n<meta name=\"twitter:label1\" content=\"Tiempo de lectura\" \/>\n\t<meta name=\"twitter:data1\" content=\"2 minutos\" \/>\n<script type=\"application\/ld+json\" class=\"yoast-schema-graph\">{\"@context\":\"https:\/\/schema.org\",\"@graph\":[{\"@type\":\"WebPage\",\"@id\":\"https:\/\/www.bsdnonwoven.com\/product\/shoe-midsole-fabric\/\",\"url\":\"https:\/\/www.bsdnonwoven.com\/product\/shoe-midsole-fabric\/\",\"name\":\"Shoe Midsole Fabric - Boshida Nonwoven\",\"isPartOf\":{\"@id\":\"https:\/\/www.bsdnonwoven.com\/#website\"},\"primaryImageOfPage\":{\"@id\":\"https:\/\/www.bsdnonwoven.com\/product\/shoe-midsole-fabric\/#primaryimage\"},\"image\":{\"@id\":\"https:\/\/www.bsdnonwoven.com\/product\/shoe-midsole-fabric\/#primaryimage\"},\"thumbnailUrl\":\"https:\/\/www.bsdnonwoven.com\/wp-content\/uploads\/2025\/12\/16044322-3de0-404b-8757-ffc18e92e9ff.webp\",\"datePublished\":\"2025-12-02T08:11:53+00:00\",\"dateModified\":\"2025-12-02T08:12:30+00:00\",\"description\":\"Shoe Midsole Fabric , we provide Geosynthetic Needle-Punched Non-woven Fabric, Household needle punched non-woven fabric, Automotive Non-woven Fabric with good price.\",\"breadcrumb\":{\"@id\":\"https:\/\/www.bsdnonwoven.com\/product\/shoe-midsole-fabric\/#breadcrumb\"},\"inLanguage\":\"es\",\"potentialAction\":[{\"@type\":\"ReadAction\",\"target\":[\"https:\/\/www.bsdnonwoven.com\/product\/shoe-midsole-fabric\/\"]}]},{\"@type\":\"ImageObject\",\"inLanguage\":\"es\",\"@id\":\"https:\/\/www.bsdnonwoven.com\/product\/shoe-midsole-fabric\/#primaryimage\",\"url\":\"https:\/\/www.bsdnonwoven.com\/wp-content\/uploads\/2025\/12\/16044322-3de0-404b-8757-ffc18e92e9ff.webp\",\"contentUrl\":\"https:\/\/www.bsdnonwoven.com\/wp-content\/uploads\/2025\/12\/16044322-3de0-404b-8757-ffc18e92e9ff.webp\",\"width\":800,\"height\":800},{\"@type\":\"BreadcrumbList\",\"@id\":\"https:\/\/www.bsdnonwoven.com\/product\/shoe-midsole-fabric\/#breadcrumb\",\"itemListElement\":[{\"@type\":\"ListItem\",\"position\":1,\"name\":\"Home\",\"item\":\"https:\/\/www.bsdnonwoven.com\/\"},{\"@type\":\"ListItem\",\"position\":2,\"name\":\"Products\",\"item\":\"https:\/\/www.bsdnonwoven.com\/shop\/\"},{\"@type\":\"ListItem\",\"position\":3,\"name\":\"Shoe Midsole Fabric\"}]},{\"@type\":\"WebSite\",\"@id\":\"https:\/\/www.bsdnonwoven.com\/#website\",\"url\":\"https:\/\/www.bsdnonwoven.com\/\",\"name\":\"Boshida Nonwoven\",\"description\":\"\",\"potentialAction\":[{\"@type\":\"SearchAction\",\"target\":{\"@type\":\"EntryPoint\",\"urlTemplate\":\"https:\/\/www.bsdnonwoven.com\/?s={search_term_string}\"},\"query-input\":\"required name=search_term_string\"}],\"inLanguage\":\"es\"}]}<\/script>\n<!-- \/ Yoast SEO plugin. -->","yoast_head_json":{"title":"Shoe Midsole Fabric - Boshida Nonwoven","description":"Shoe Midsole Fabric , we provide Geosynthetic Needle-Punched Non-woven Fabric, Household needle punched non-woven fabric, Automotive Non-woven Fabric with good price.","robots":{"index":"index","follow":"follow","max-snippet":"max-snippet:-1","max-image-preview":"max-image-preview:large","max-video-preview":"max-video-preview:-1"},"canonical":"https:\/\/www.bsdnonwoven.com\/es\/producto\/shoe-midsole-fabric\/","og_locale":"es_ES","og_type":"article","og_title":"Shoe Midsole Fabric - Boshida Nonwoven","og_description":"Shoe Midsole Fabric , we provide Geosynthetic Needle-Punched Non-woven Fabric, Household needle punched non-woven fabric, Automotive Non-woven Fabric with good price.","og_url":"https:\/\/www.bsdnonwoven.com\/es\/producto\/shoe-midsole-fabric\/","og_site_name":"Boshida Nonwoven","article_modified_time":"2025-12-02T08:12:30+00:00","og_image":[{"width":800,"height":800,"url":"https:\/\/www.bsdnonwoven.com\/wp-content\/uploads\/2025\/12\/16044322-3de0-404b-8757-ffc18e92e9ff.webp","type":"image\/webp"}],"twitter_card":"summary_large_image","twitter_misc":{"Tiempo de lectura":"2 minutos"},"schema":{"@context":"https:\/\/schema.org","@graph":[{"@type":"WebPage","@id":"https:\/\/www.bsdnonwoven.com\/product\/shoe-midsole-fabric\/","url":"https:\/\/www.bsdnonwoven.com\/product\/shoe-midsole-fabric\/","name":"Shoe Midsole Fabric - Boshida Nonwoven","isPartOf":{"@id":"https:\/\/www.bsdnonwoven.com\/#website"},"primaryImageOfPage":{"@id":"https:\/\/www.bsdnonwoven.com\/product\/shoe-midsole-fabric\/#primaryimage"},"image":{"@id":"https:\/\/www.bsdnonwoven.com\/product\/shoe-midsole-fabric\/#primaryimage"},"thumbnailUrl":"https:\/\/www.bsdnonwoven.com\/wp-content\/uploads\/2025\/12\/16044322-3de0-404b-8757-ffc18e92e9ff.webp","datePublished":"2025-12-02T08:11:53+00:00","dateModified":"2025-12-02T08:12:30+00:00","description":"Shoe Midsole Fabric , we provide Geosynthetic Needle-Punched Non-woven Fabric, Household needle punched non-woven fabric, Automotive Non-woven Fabric with good price.","breadcrumb":{"@id":"https:\/\/www.bsdnonwoven.com\/product\/shoe-midsole-fabric\/#breadcrumb"},"inLanguage":"es","potentialAction":[{"@type":"ReadAction","target":["https:\/\/www.bsdnonwoven.com\/product\/shoe-midsole-fabric\/"]}]},{"@type":"ImageObject","inLanguage":"es","@id":"https:\/\/www.bsdnonwoven.com\/product\/shoe-midsole-fabric\/#primaryimage","url":"https:\/\/www.bsdnonwoven.com\/wp-content\/uploads\/2025\/12\/16044322-3de0-404b-8757-ffc18e92e9ff.webp","contentUrl":"https:\/\/www.bsdnonwoven.com\/wp-content\/uploads\/2025\/12\/16044322-3de0-404b-8757-ffc18e92e9ff.webp","width":800,"height":800},{"@type":"BreadcrumbList","@id":"https:\/\/www.bsdnonwoven.com\/product\/shoe-midsole-fabric\/#breadcrumb","itemListElement":[{"@type":"ListItem","position":1,"name":"Home","item":"https:\/\/www.bsdnonwoven.com\/"},{"@type":"ListItem","position":2,"name":"Products","item":"https:\/\/www.bsdnonwoven.com\/shop\/"},{"@type":"ListItem","position":3,"name":"Shoe Midsole Fabric"}]},{"@type":"WebSite","@id":"https:\/\/www.bsdnonwoven.com\/#website","url":"https:\/\/www.bsdnonwoven.com\/","name":"Boshida Nonwoven","description":"","potentialAction":[{"@type":"SearchAction","target":{"@type":"EntryPoint","urlTemplate":"https:\/\/www.bsdnonwoven.com\/?s={search_term_string}"},"query-input":"required name=search_term_string"}],"inLanguage":"es"}]}},"_links":{"self":[{"href":"https:\/\/www.bsdnonwoven.com\/es\/wp-json\/wp\/v2\/product\/14415"}],"collection":[{"href":"https:\/\/www.bsdnonwoven.com\/es\/wp-json\/wp\/v2\/product"}],"about":[{"href":"https:\/\/www.bsdnonwoven.com\/es\/wp-json\/wp\/v2\/types\/product"}],"wp:featuredmedia":[{"embeddable":true,"href":"https:\/\/www.bsdnonwoven.com\/es\/wp-json\/wp\/v2\/media\/14417"}],"wp:attachment":[{"href":"https:\/\/www.bsdnonwoven.com\/es\/wp-json\/wp\/v2\/media?parent=14415"}],"wp:term":[{"taxonomy":"product_cat","embeddable":true,"href":"https:\/\/www.bsdnonwoven.com\/es\/wp-json\/wp\/v2\/product_cat?post=14415"},{"taxonomy":"product_tag","embeddable":true,"href":"https:\/\/www.bsdnonwoven.com\/es\/wp-json\/wp\/v2\/product_tag?post=14415"}],"curies":[{"name":"wp","href":"https:\/\/api.w.org\/{rel}","templated":true}]}}