{"id":14423,"date":"2025-12-02T08:20:45","date_gmt":"2025-12-02T08:20:45","guid":{"rendered":"https:\/\/www.bsdnonwoven.com\/?post_type=product&#038;p=14423"},"modified":"2025-12-02T08:20:45","modified_gmt":"2025-12-02T08:20:45","slug":"gel-coated-midsole-board","status":"publish","type":"product","link":"https:\/\/www.bsdnonwoven.com\/es\/producto\/gel-coated-midsole-board\/","title":{"rendered":"Plancha de la entresuela recubierta de gel"},"content":{"rendered":"<p>Moldeado duradero: la elecci\u00f3n para un soporte duradero<\/p>\n<p><strong>Descripci\u00f3n del producto:<\/strong><br \/>\nLa placa de entresuela recubierta de gel de Boshida utiliza como material de base un tejido no tejido punzonado de poli\u00e9ster de alta densidad, que se impregna en profundidad con adhesivos especialmente formulados a base de agua o disolventes y, a continuaci\u00f3n, se cura con calor. Este proceso confiere al material una gran rigidez, resistencia al plegado y elasticidad. Su estructura interna es densa y su superficie lisa, lo que proporciona un fuerte soporte sin rigidez. Mantiene una forma estable en entornos de tensi\u00f3n de alta frecuencia en el calzado. Adecuado para estructuras de entresuelas de calzado deportivo, de vestir, de trabajo, etc., este material ofrece el equilibrio ideal entre comodidad y durabilidad.<\/p>\n<p><strong>Par\u00e1metros principales:<br \/>\n<\/strong><\/p>\n<table style=\"border-collapse: collapse; width: 372.02pt;\" border=\"0\" width=\"372\" cellspacing=\"0\" cellpadding=\"0\">\n<tbody>\n<tr style=\"height: 18.00pt;\">\n<td class=\"et2\" style=\"height: 18.00pt; width: 127.45pt;\" width=\"127\" height=\"18\">Art\u00edculo<\/td>\n<td class=\"et2\" style=\"width: 95.00pt;\" width=\"95\">Unidad<\/td>\n<td class=\"et2\" style=\"width: 149.95pt;\" width=\"149\">Gama<\/td>\n<\/tr>\n<tr style=\"height: 18.00pt;\">\n<td class=\"et3\" style=\"height: 18.00pt; width: 127.45pt;\" width=\"127\" height=\"18\">Gramaje<\/td>\n<td class=\"et3\" style=\"width: 95.00pt;\" width=\"95\">g\/\u33a1<\/td>\n<td class=\"et3\" style=\"width: 149.95pt;\" width=\"149\">300 - 800<\/td>\n<\/tr>\n<tr style=\"height: 18.00pt;\">\n<td class=\"et3\" style=\"height: 18.00pt; width: 127.45pt;\" width=\"127\" height=\"18\">Anchura<\/td>\n<td class=\"et3\" style=\"width: 95.00pt;\" width=\"95\">m<\/td>\n<td class=\"et3\" style=\"width: 149.95pt;\" width=\"149\">\u2264 2.4<\/td>\n<\/tr>\n<tr style=\"height: 18.00pt;\">\n<td class=\"et3\" style=\"height: 18.00pt; width: 127.45pt;\" width=\"127\" height=\"18\">Espesor<\/td>\n<td class=\"et3\" style=\"width: 95.00pt;\" width=\"95\">mm<\/td>\n<td class=\"et3\" style=\"width: 149.95pt;\" width=\"149\">1,5 - 3,5 (personalizable)<\/td>\n<\/tr>\n<tr style=\"height: 36.00pt;\">\n<td class=\"et3\" style=\"height: 36.00pt; width: 127.45pt;\" width=\"127\" height=\"36\">Tipo de revestimiento<\/td>\n<td class=\"et3\" style=\"width: 95.00pt;\" width=\"95\">-<\/td>\n<td class=\"et3\" style=\"width: 149.95pt;\" width=\"149\">Base agua \/ Base disolvente \/ Emulsi\u00f3n (opcional)<\/td>\n<\/tr>\n<\/tbody>\n<\/table>\n<p><strong>Caracter\u00edsticas del producto:<\/strong><\/p>\n<p>Soporte de gran rigidez, no propenso al colapso ni a la deformaci\u00f3n<br \/>\nPlegable y resistente a la presi\u00f3n, apto para flexiones repetidas con calzado deportivo<br \/>\nRecubrimiento uniforme, fuerte adherencia, f\u00e1cil de cortar y moldear<br \/>\nCombina sujeci\u00f3n y flexibilidad, proporcionando un excelente confort<br \/>\nDureza, grosor y sistema adhesivo personalizables<\/p>\n<p><strong>Funciones del producto:<\/strong><\/p>\n<p>Proporciona un soporte estructural central para el calzado, mejorando la estabilidad<br \/>\nMantiene la forma y el aspecto tridimensional del zapato, evitando que se hunda<br \/>\nAbsorbe parte de las fuerzas de impacto, mejorando la comodidad del pie<br \/>\nProlonga la vida \u00fatil general del calzado<\/p>\n<p><strong>Campos de aplicaci\u00f3n:<\/strong><\/p>\n<p>Capa de estructura de la entresuela del calzado deportivo<br \/>\nZapatos de vestir y zapatos de trabajo a bordo<br \/>\nCapa de soporte reforzada para calzado de senderismo, seguridad, etc.<br \/>\nSuelas de calzado de moda y armaz\u00f3n de apoyo para plantillas<br \/>\n<img loading=\"lazy\" decoding=\"async\" class=\"alignleft wp-image-14427 size-medium\" data-src=\"https:\/\/www.bsdnonwoven.com\/wp-content\/uploads\/2025\/12\/fabea223-d9ac-420c-b6d6-0bd3e1df558e-300x300.webp\" alt=\"\" width=\"300\" height=\"300\" \/> <img loading=\"lazy\" decoding=\"async\" class=\"alignleft wp-image-14426 size-medium\" data-src=\"https:\/\/www.bsdnonwoven.com\/wp-content\/uploads\/2025\/12\/52de672d-d405-40d5-8710-0dd7a85a0280-300x300.webp\" alt=\"\" width=\"300\" height=\"300\" \/><\/p>\n<p>&nbsp;<\/p>","protected":false},"excerpt":{"rendered":"<p>Moldeado duradero - La elecci\u00f3n para un soporte duradero Descripci\u00f3n del producto: La tabla de entresuela recubierta de gel de Boshida utiliza tela no tejida punzonada de poli\u00e9ster de alta densidad como material de base, que se impregna profundamente con adhesivos especialmente formulados a base de agua o disolventes y luego se cura con calor. Este proceso confiere al material una gran rigidez, resistencia al plegado y elasticidad. Su estructura interna es densa y [...]<\/p>","protected":false},"featured_media":14425,"template":"","meta":{"_et_pb_use_builder":"","_et_pb_old_content":"","_et_gb_content_width":""},"product_cat":[289],"product_tag":[],"yoast_head":"<!-- This site is optimized with the Yoast SEO plugin v22.7 - https:\/\/yoast.com\/wordpress\/plugins\/seo\/ -->\n<title>Gel-coated Midsole Board - Boshida Nonwoven<\/title>\n<meta name=\"description\" content=\"Gel-coated Midsole Board , we provide Geosynthetic Needle-Punched Non-woven Fabric, Household needle punched non-woven fabric, Automotive Non-woven Fabric with good price.\" \/>\n<meta name=\"robots\" content=\"index, follow, max-snippet:-1, max-image-preview:large, max-video-preview:-1\" \/>\n<link rel=\"canonical\" href=\"https:\/\/www.bsdnonwoven.com\/es\/producto\/gel-coated-midsole-board\/\" \/>\n<meta property=\"og:locale\" content=\"es_ES\" \/>\n<meta property=\"og:type\" content=\"article\" \/>\n<meta property=\"og:title\" content=\"Gel-coated Midsole Board - Boshida Nonwoven\" \/>\n<meta property=\"og:description\" content=\"Gel-coated Midsole Board , we provide Geosynthetic Needle-Punched Non-woven Fabric, Household needle punched non-woven fabric, Automotive Non-woven Fabric with good price.\" \/>\n<meta property=\"og:url\" content=\"https:\/\/www.bsdnonwoven.com\/es\/producto\/gel-coated-midsole-board\/\" \/>\n<meta property=\"og:site_name\" content=\"Boshida Nonwoven\" \/>\n<meta property=\"og:image\" content=\"https:\/\/www.bsdnonwoven.com\/wp-content\/uploads\/2025\/12\/cff9310d-3c04-4ca1-93fc-25d55854f256.webp\" \/>\n\t<meta property=\"og:image:width\" content=\"800\" \/>\n\t<meta property=\"og:image:height\" content=\"800\" \/>\n\t<meta property=\"og:image:type\" content=\"image\/webp\" \/>\n<meta name=\"twitter:card\" content=\"summary_large_image\" \/>\n<meta name=\"twitter:label1\" content=\"Tiempo de lectura\" \/>\n\t<meta name=\"twitter:data1\" content=\"2 minutos\" \/>\n<script type=\"application\/ld+json\" class=\"yoast-schema-graph\">{\"@context\":\"https:\/\/schema.org\",\"@graph\":[{\"@type\":\"WebPage\",\"@id\":\"https:\/\/www.bsdnonwoven.com\/product\/gel-coated-midsole-board\/\",\"url\":\"https:\/\/www.bsdnonwoven.com\/product\/gel-coated-midsole-board\/\",\"name\":\"Gel-coated Midsole Board - Boshida Nonwoven\",\"isPartOf\":{\"@id\":\"https:\/\/www.bsdnonwoven.com\/#website\"},\"primaryImageOfPage\":{\"@id\":\"https:\/\/www.bsdnonwoven.com\/product\/gel-coated-midsole-board\/#primaryimage\"},\"image\":{\"@id\":\"https:\/\/www.bsdnonwoven.com\/product\/gel-coated-midsole-board\/#primaryimage\"},\"thumbnailUrl\":\"https:\/\/www.bsdnonwoven.com\/wp-content\/uploads\/2025\/12\/cff9310d-3c04-4ca1-93fc-25d55854f256.webp\",\"datePublished\":\"2025-12-02T08:20:45+00:00\",\"dateModified\":\"2025-12-02T08:20:45+00:00\",\"description\":\"Gel-coated Midsole Board , we provide Geosynthetic Needle-Punched Non-woven Fabric, Household needle punched non-woven fabric, Automotive Non-woven Fabric with good price.\",\"breadcrumb\":{\"@id\":\"https:\/\/www.bsdnonwoven.com\/product\/gel-coated-midsole-board\/#breadcrumb\"},\"inLanguage\":\"es\",\"potentialAction\":[{\"@type\":\"ReadAction\",\"target\":[\"https:\/\/www.bsdnonwoven.com\/product\/gel-coated-midsole-board\/\"]}]},{\"@type\":\"ImageObject\",\"inLanguage\":\"es\",\"@id\":\"https:\/\/www.bsdnonwoven.com\/product\/gel-coated-midsole-board\/#primaryimage\",\"url\":\"https:\/\/www.bsdnonwoven.com\/wp-content\/uploads\/2025\/12\/cff9310d-3c04-4ca1-93fc-25d55854f256.webp\",\"contentUrl\":\"https:\/\/www.bsdnonwoven.com\/wp-content\/uploads\/2025\/12\/cff9310d-3c04-4ca1-93fc-25d55854f256.webp\",\"width\":800,\"height\":800},{\"@type\":\"BreadcrumbList\",\"@id\":\"https:\/\/www.bsdnonwoven.com\/product\/gel-coated-midsole-board\/#breadcrumb\",\"itemListElement\":[{\"@type\":\"ListItem\",\"position\":1,\"name\":\"Home\",\"item\":\"https:\/\/www.bsdnonwoven.com\/\"},{\"@type\":\"ListItem\",\"position\":2,\"name\":\"Products\",\"item\":\"https:\/\/www.bsdnonwoven.com\/shop\/\"},{\"@type\":\"ListItem\",\"position\":3,\"name\":\"Gel-coated Midsole Board\"}]},{\"@type\":\"WebSite\",\"@id\":\"https:\/\/www.bsdnonwoven.com\/#website\",\"url\":\"https:\/\/www.bsdnonwoven.com\/\",\"name\":\"Boshida Nonwoven\",\"description\":\"\",\"potentialAction\":[{\"@type\":\"SearchAction\",\"target\":{\"@type\":\"EntryPoint\",\"urlTemplate\":\"https:\/\/www.bsdnonwoven.com\/?s={search_term_string}\"},\"query-input\":\"required name=search_term_string\"}],\"inLanguage\":\"es\"}]}<\/script>\n<!-- \/ Yoast SEO plugin. -->","yoast_head_json":{"title":"Gel-coated Midsole Board - Boshida Nonwoven","description":"Gel-coated Midsole Board , we provide Geosynthetic Needle-Punched Non-woven Fabric, Household needle punched non-woven fabric, Automotive Non-woven Fabric with good price.","robots":{"index":"index","follow":"follow","max-snippet":"max-snippet:-1","max-image-preview":"max-image-preview:large","max-video-preview":"max-video-preview:-1"},"canonical":"https:\/\/www.bsdnonwoven.com\/es\/producto\/gel-coated-midsole-board\/","og_locale":"es_ES","og_type":"article","og_title":"Gel-coated Midsole Board - Boshida Nonwoven","og_description":"Gel-coated Midsole Board , we provide Geosynthetic Needle-Punched Non-woven Fabric, Household needle punched non-woven fabric, Automotive Non-woven Fabric with good price.","og_url":"https:\/\/www.bsdnonwoven.com\/es\/producto\/gel-coated-midsole-board\/","og_site_name":"Boshida Nonwoven","og_image":[{"width":800,"height":800,"url":"https:\/\/www.bsdnonwoven.com\/wp-content\/uploads\/2025\/12\/cff9310d-3c04-4ca1-93fc-25d55854f256.webp","type":"image\/webp"}],"twitter_card":"summary_large_image","twitter_misc":{"Tiempo de lectura":"2 minutos"},"schema":{"@context":"https:\/\/schema.org","@graph":[{"@type":"WebPage","@id":"https:\/\/www.bsdnonwoven.com\/product\/gel-coated-midsole-board\/","url":"https:\/\/www.bsdnonwoven.com\/product\/gel-coated-midsole-board\/","name":"Gel-coated Midsole Board - Boshida Nonwoven","isPartOf":{"@id":"https:\/\/www.bsdnonwoven.com\/#website"},"primaryImageOfPage":{"@id":"https:\/\/www.bsdnonwoven.com\/product\/gel-coated-midsole-board\/#primaryimage"},"image":{"@id":"https:\/\/www.bsdnonwoven.com\/product\/gel-coated-midsole-board\/#primaryimage"},"thumbnailUrl":"https:\/\/www.bsdnonwoven.com\/wp-content\/uploads\/2025\/12\/cff9310d-3c04-4ca1-93fc-25d55854f256.webp","datePublished":"2025-12-02T08:20:45+00:00","dateModified":"2025-12-02T08:20:45+00:00","description":"Gel-coated Midsole Board , we provide Geosynthetic Needle-Punched Non-woven Fabric, Household needle punched non-woven fabric, Automotive Non-woven Fabric with good price.","breadcrumb":{"@id":"https:\/\/www.bsdnonwoven.com\/product\/gel-coated-midsole-board\/#breadcrumb"},"inLanguage":"es","potentialAction":[{"@type":"ReadAction","target":["https:\/\/www.bsdnonwoven.com\/product\/gel-coated-midsole-board\/"]}]},{"@type":"ImageObject","inLanguage":"es","@id":"https:\/\/www.bsdnonwoven.com\/product\/gel-coated-midsole-board\/#primaryimage","url":"https:\/\/www.bsdnonwoven.com\/wp-content\/uploads\/2025\/12\/cff9310d-3c04-4ca1-93fc-25d55854f256.webp","contentUrl":"https:\/\/www.bsdnonwoven.com\/wp-content\/uploads\/2025\/12\/cff9310d-3c04-4ca1-93fc-25d55854f256.webp","width":800,"height":800},{"@type":"BreadcrumbList","@id":"https:\/\/www.bsdnonwoven.com\/product\/gel-coated-midsole-board\/#breadcrumb","itemListElement":[{"@type":"ListItem","position":1,"name":"Home","item":"https:\/\/www.bsdnonwoven.com\/"},{"@type":"ListItem","position":2,"name":"Products","item":"https:\/\/www.bsdnonwoven.com\/shop\/"},{"@type":"ListItem","position":3,"name":"Gel-coated Midsole Board"}]},{"@type":"WebSite","@id":"https:\/\/www.bsdnonwoven.com\/#website","url":"https:\/\/www.bsdnonwoven.com\/","name":"Boshida Nonwoven","description":"","potentialAction":[{"@type":"SearchAction","target":{"@type":"EntryPoint","urlTemplate":"https:\/\/www.bsdnonwoven.com\/?s={search_term_string}"},"query-input":"required name=search_term_string"}],"inLanguage":"es"}]}},"_links":{"self":[{"href":"https:\/\/www.bsdnonwoven.com\/es\/wp-json\/wp\/v2\/product\/14423"}],"collection":[{"href":"https:\/\/www.bsdnonwoven.com\/es\/wp-json\/wp\/v2\/product"}],"about":[{"href":"https:\/\/www.bsdnonwoven.com\/es\/wp-json\/wp\/v2\/types\/product"}],"wp:featuredmedia":[{"embeddable":true,"href":"https:\/\/www.bsdnonwoven.com\/es\/wp-json\/wp\/v2\/media\/14425"}],"wp:attachment":[{"href":"https:\/\/www.bsdnonwoven.com\/es\/wp-json\/wp\/v2\/media?parent=14423"}],"wp:term":[{"taxonomy":"product_cat","embeddable":true,"href":"https:\/\/www.bsdnonwoven.com\/es\/wp-json\/wp\/v2\/product_cat?post=14423"},{"taxonomy":"product_tag","embeddable":true,"href":"https:\/\/www.bsdnonwoven.com\/es\/wp-json\/wp\/v2\/product_tag?post=14423"}],"curies":[{"name":"wp","href":"https:\/\/api.w.org\/{rel}","templated":true}]}}