{"id":1622,"date":"2024-01-04T05:06:31","date_gmt":"2024-01-04T05:06:31","guid":{"rendered":"http:\/\/3.215.36.167\/?page_id=1622"},"modified":"2025-06-13T04:01:47","modified_gmt":"2025-06-13T04:01:47","slug":"products","status":"publish","type":"page","link":"https:\/\/www.bsdnonwoven.com\/fr\/products\/","title":{"rendered":"Produits"},"content":{"rendered":"<p>[et_pb_section fb_built=&#8221;1&#8243; custom_padding_last_edited=&#8221;on|phone&#8221; _builder_version=&#8221;4.21.0&#8243; _module_preset=&#8221;default&#8221; background_enable_color=&#8221;off&#8221; custom_padding=&#8221;35px||0px||false|false&#8221; custom_padding_tablet=&#8221;35px||0px||false|false&#8221; custom_padding_phone=&#8221;0px||||false|false&#8221; border_color_bottom=&#8221;#eeeeee&#8221; global_colors_info=&#8221;{}&#8221;][et_pb_row _builder_version=&#8221;4.21.0&#8243; _module_preset=&#8221;default&#8221; custom_padding=&#8221;0px||15px||false|false&#8221; border_width_bottom=&#8221;10px&#8221; border_color_bottom=&#8221;#eeeeee&#8221; global_colors_info=&#8221;{}&#8221;][et_pb_column type=&#8221;4_4&#8243; _builder_version=&#8221;4.21.0&#8243; _module_preset=&#8221;default&#8221; global_colors_info=&#8221;{}&#8221;][dipl_breadcrumb breadcrumb_layout=&#8221;layout2&#8243; separator_text=&#8221;\/&#8221; separator_size=&#8221;18px&#8221; separator_color=&#8221;#888888&#8243; _builder_version=&#8221;4.21.0&#8243; _module_preset=&#8221;default&#8221; global_text_settings_text_align=&#8221;left&#8221; global_text_settings_font_size=&#8221;18px&#8221; text_font=&#8221;||||||||&#8221; text_text_color=&#8221;#000000&#8243; link_text_color=&#8221;#000000&#8243; global_text_settings_font_size_tablet=&#8221;18px&#8221; global_text_settings_font_size_phone=&#8221;14px&#8221; global_text_settings_font_size_last_edited=&#8221;on|phone&#8221; global_colors_info=&#8221;{}&#8221;][\/dipl_breadcrumb][\/et_pb_column][\/et_pb_row][\/et_pb_section][et_pb_section fb_built=&#8221;1&#8243; custom_padding_last_edited=&#8221;on|phone&#8221; _builder_version=&#8221;4.21.0&#8243; _module_preset=&#8221;default&#8221; custom_padding=&#8221;50px||50px||true|false&#8221; custom_padding_tablet=&#8221;25px||25px||true|false&#8221; custom_padding_phone=&#8221;0px||25px||false|false&#8221; global_colors_info=&#8221;{}&#8221;][et_pb_row column_structure=&#8221;1_4,3_4&#8243; use_custom_gutter=&#8221;on&#8221; _builder_version=&#8221;4.21.0&#8243; _module_preset=&#8221;default&#8221; custom_padding=&#8221;0px||||false|false&#8221; global_colors_info=&#8221;{}&#8221;][et_pb_column type=&#8221;1_4&#8243; _builder_version=&#8221;4.21.0&#8243; _module_preset=&#8221;default&#8221; global_colors_info=&#8221;{}&#8221;][et_pb_sidebar area=&#8221;et_pb_widget_area_1&#8243; show_border=&#8221;off&#8221; disabled_on=&#8221;on|on|off&#8221; module_id=&#8221;pro-sidebar&#8221; _builder_version=&#8221;4.21.0&#8243; _module_preset=&#8221;default&#8221; body_font=&#8221;||||||||&#8221; body_text_color=&#8221;#000000&#8243; body_font_size=&#8221;16px&#8221; custom_margin=&#8221;||0px||false|false&#8221; global_colors_info=&#8221;{}&#8221;][\/et_pb_sidebar][et_pb_wc_related_products posts_number=&#8221;5&#8243; columns_number=&#8221;1&#8243; include_categories=&#8221;all&#8221; show_price=&#8221;off&#8221; show_rating=&#8221;off&#8221; show_sale_badge=&#8221;off&#8221; disabled_on=&#8221;on|on|off&#8221; module_id=&#8221;rela-pro&#8221; _builder_version=&#8221;4.21.0&#8243; _module_preset=&#8221;default&#8221; title_font_size=&#8221;18px&#8221; product_title_font_size=&#8221;15px&#8221; global_colors_info=&#8221;{}&#8221;][\/et_pb_wc_related_products][\/et_pb_column][et_pb_column type=&#8221;3_4&#8243; _builder_version=&#8221;4.21.0&#8243; _module_preset=&#8221;default&#8221; global_colors_info=&#8221;{}&#8221;][et_pb_text _builder_version=&#8221;4.21.0&#8243; _module_preset=&#8221;default&#8221; header_font=&#8221;|700|||||||&#8221; header_text_align=&#8221;left&#8221; header_text_color=&#8221;#000000&#8243; header_font_size=&#8221;32px&#8221; custom_margin=&#8221;||15px||false|false&#8221; custom_padding=&#8221;||||false|false&#8221; custom_padding_tablet=&#8221;0px||||false|false&#8221; custom_padding_phone=&#8221;0px||||false|false&#8221; custom_padding_last_edited=&#8221;on|tablet&#8221; header_font_size_tablet=&#8221;40px&#8221; header_font_size_phone=&#8221;18px&#8221; header_font_size_last_edited=&#8221;on|phone&#8221; global_colors_info=&#8221;{}&#8221;]<\/p>\n<h1 class=\"p1\">Tissu non-tiss\u00e9 aiguillet\u00e9<\/h1>\n<p>[\/et_pb_text][et_pb_text _builder_version=&#8221;4.21.0&#8243; _module_preset=&#8221;default&#8221; global_colors_info=&#8221;{}&#8221;]<\/p>\n<p>Fournir de mani\u00e8re professionnelle\u00a0<span><a href=\"https:\/\/www.bsdnonwoven.com\/products\/\"><u>tissu non tiss\u00e9 aiguillet\u00e9<\/u><\/a><\/span>,\u00a0<span><a href=\"https:\/\/www.bsdnonwoven.com\/category\/geomembrane-2\/\"><u>g\u00e9omembrane<\/u><\/a><\/span>,\u00a0<span><a href=\"https:\/\/www.bsdnonwoven.com\/category\/geotextile\/\"><u>g\u00e9otextile aiguillet\u00e9<\/u><\/a><\/span>\u00a0\u00e0 un prix avantageux. Bienvenue \u00e0\u00a0<span><a href=\"https:\/\/www.bsdnonwoven.com\/contact-us\/\"><u>nous contacter<\/u><\/a><\/span>!<\/p>\n<p>[\/et_pb_text][et_pb_shop posts_number=&#8221;9&#8243; show_pagination=&#8221;on&#8221; columns_number=&#8221;3&#8243; orderby=&#8221;date&#8221; icon_hover_color=&#8221;#FFFFFF&#8221; hover_overlay_color=&#8221;rgba(0,0,0,0.42)&#8221; hover_icon=&#8221;&#x4c;||divi||400&#8243; show_price=&#8221;off&#8221; show_rating=&#8221;off&#8221; show_sale_badge=&#8221;off&#8221; module_id=&#8221;p-list&#8221; _builder_version=&#8221;4.21.0&#8243; _module_preset=&#8221;default&#8221; title_text_align=&#8221;center&#8221; title_font_size=&#8221;15px&#8221; title_line_height=&#8221;1.1em&#8221; global_colors_info=&#8221;{}&#8221;][\/et_pb_shop][et_pb_sidebar area=&#8221;et_pb_widget_area_1&#8243; show_border=&#8221;off&#8221; disabled_on=&#8221;off|off|on&#8221; module_id=&#8221;pro-sidebar&#8221; _builder_version=&#8221;4.21.0&#8243; _module_preset=&#8221;default&#8221; body_font=&#8221;||||||||&#8221; body_text_color=&#8221;#000000&#8243; body_font_size=&#8221;16px&#8221; custom_margin=&#8221;||0px||false|false&#8221; global_colors_info=&#8221;{}&#8221;][\/et_pb_sidebar][\/et_pb_column][\/et_pb_row][\/et_pb_section][et_pb_section fb_built=&#8221;1&#8243; theme_builder_area=&#8221;post_content&#8221; _builder_version=&#8221;4.21.0&#8243; _module_preset=&#8221;default&#8221;][et_pb_row _builder_version=&#8221;4.21.0&#8243; _module_preset=&#8221;default&#8221; theme_builder_area=&#8221;post_content&#8221; custom_margin=&#8221;-124px|auto||auto||&#8221;][et_pb_column _builder_version=&#8221;4.21.0&#8243; _module_preset=&#8221;default&#8221; type=&#8221;4_4&#8243; theme_builder_area=&#8221;post_content&#8221;][et_pb_text _builder_version=&#8221;4.21.0&#8243; _module_preset=&#8221;default&#8221; theme_builder_area=&#8221;post_content&#8221; hover_enabled=&#8221;0&#8243; sticky_enabled=&#8221;0&#8243;]<\/p>\n<h2><strong>Introduction <\/strong><strong>de<\/strong><strong>\u00a0tissu g\u00e9otextile non tiss\u00e9<\/strong><\/h2>\n<p>Le tissu non-tiss\u00e9 en polyester est produit par le proc\u00e9d\u00e9 de non-tiss\u00e9 aiguillet\u00e9 avec des fibres discontinues de polyester ou de PP comme mati\u00e8re premi\u00e8re principale. Les tissus et non-tiss\u00e9s aiguillet\u00e9s \u00e0 filaments courts sont des mat\u00e9riaux g\u00e9osynth\u00e9tiques perm\u00e9ables fabriqu\u00e9s \u00e0 partir de fibres synth\u00e9tiques par aiguilletage ou tissage. Le produit fini se pr\u00e9sente sous la forme d'un tissu, g\u00e9n\u00e9ralement d'une largeur de 1 \u00e0 6 m\u00e8tres et d'une longueur de 50 \u00e0 200 m\u00e8tres.<\/p>\n<p>&nbsp;<\/p>\n<h2><strong>Caract\u00e9ristiques du non-tiss\u00e9 g\u00e9otextile aiguillet\u00e9 \u00e0 filaments courts<\/strong><\/h2>\n<ol>\n<li><span><\/span>R\u00e9sistance \u00e0 la corrosion, les sols ayant des valeurs de pH diff\u00e9rentes sont r\u00e9sistants \u00e0 la corrosion \u00e0 long terme dans l'eau.<\/li>\n<li><span><\/span>Bonne perm\u00e9abilit\u00e9 \u00e0 l'eau, il y a des espaces entre les fils plats et la perm\u00e9abilit\u00e9 \u00e0 l'eau est bonne ;<\/li>\n<li><span><\/span>Bonne propri\u00e9t\u00e9 antimicrobienne, il n'est pas endommag\u00e9 par les micro-organismes et les insectes ;<\/li>\n<li><span><\/span>Le mat\u00e9riau est souple, il est donc facile \u00e0 transporter, \u00e0 poser et \u00e0 construire.<\/li>\n<\/ol>\n<p>&nbsp;<\/p>\n<h2><strong>Fonction des tissus et des non-tiss\u00e9s<\/strong><\/h2>\n<p>Le tissu g\u00e9otextile non tiss\u00e9 a d'excellentes fonctions de filtrage, d'isolation, de renforcement et de protection, une grande r\u00e9sistance \u00e0 la traction, une bonne perm\u00e9abilit\u00e9, une r\u00e9sistance aux temp\u00e9ratures \u00e9lev\u00e9es, une r\u00e9sistance au gel, une r\u00e9sistance au vieillissement et une r\u00e9sistance \u00e0 la corrosion.<\/p>\n<p>&nbsp;<\/p>\n<h2><strong>Domaines d'application du tissu polyester non tiss\u00e9 :<\/strong><\/h2>\n<p>1. utilis\u00e9 dans les domaines de l'ing\u00e9nierie des infrastructures tels que les m\u00e9tros, les autoroutes, les chemins de fer, les tunnels, les barrages, l'ing\u00e9nierie municipale, le drainage des b\u00e2timents, les pentes et la gestion des cours d'eau.<\/p>\n<p>2. la protection de l'environnement et l'ing\u00e9nierie anti-infiltration dans des domaines tels que les d\u00e9charges, les d\u00e9charges de cendres volantes, les champs de scories de r\u00e9sidus, les d\u00e9chets dangereux, les champs de scories de d\u00e9chets solides, les parcs \u00e0 cendres des centrales thermiques, les r\u00e9servoirs et les r\u00e9servoirs de stockage de l'eau.<\/p>\n<p>&nbsp;<\/p>\n<h2><strong>A propos de nous<\/strong><\/h2>\n<p>En tant que professionnel <strong><span>grossiste et soci\u00e9t\u00e9 commerciale de tissus non tiss\u00e9s<\/span><\/strong>Boshida est sp\u00e9cialis\u00e9 dans <strong><span>commerce de tissus non tiss\u00e9s spunlace<\/span><\/strong><strong><span>\u00a0<\/span><\/strong><strong><b><span>et <\/span><\/b><\/strong><strong><b>com<\/b><\/strong>Nous nous engageons \u00e0 fournir des mat\u00e9riaux de haute qualit\u00e9 avec des cha\u00eenes d'approvisionnement fiables, des prix comp\u00e9titifs et un service \u00e0 la client\u00e8le r\u00e9actif. Faites \u00e9quipe avec nous pour obtenir des solutions sur mesure qui r\u00e9pondent \u00e0 vos objectifs de production et de d\u00e9veloppement durable.<\/p>\n<p>[\/et_pb_text][\/et_pb_column][\/et_pb_row][\/et_pb_section]<\/p>","protected":false},"excerpt":{"rendered":"<p><div class=\"et_pb_module dipl_breadcrumb dipl_breadcrumb_0\">\n\t\t\t\t\n\t\t\t\t\n\t\t\t\t\n\t\t\t\t\n\t\t\t\t\n\t\t\t\t\n\t\t\t\t<div class=\"et_pb_module_inner\">\n\t\t\t\t\t<div class=\"dipl-breadcrumb-wrapper layout2\">\n\t\t\t\t\t\t\t\t<ol class=\"dipl-breadcrumb-inner\" vocab=\"https:\/\/schema.org\/\" typeof=\"BreadcrumbList\">\n\t\t\t\t\t\t\t\t\t<li property=\"itemListElement\" typeof=\"ListItem\" data-icon=\"&#x24;\">\n\t\t\t\t\t\t\t\t\t\t\t\t\t    <a class=\"breadcrumb-item dipl-home-page\" href=\"https:\/\/www.bsdnonwoven.com\/fr\" property=\"item\" typeof=\"WebPage\" >\n\t\t\t\t\t\t\t\t\t\t\t\t\t      \t<span class=\"breadcrumb-page\" property=\"name\">Accueil<\/span>\n\t\t\t\t\t\t\t\t\t\t\t\t\t    <\/a>\n\t\t\t\t\t\t\t\t\t\t\t\t\t    <meta property=\"position\" content=\"1\" \/>\n\t\t\t\t\t\t\t\t\t\t\t\t\t<\/li>\n\t\t\t\t\t\t\t\t<\/ol>\n\t\t\t\t\t\t\t<\/div>\n\t\t\t\t<\/div>\n\t\t\t<\/div>Needle-Punched Nonwoven FabricProfessionally provide\u00a0needle-punched nonwoven fabric,\u00a0geomembrane,\u00a0needle punched geotextile\u00a0with good price. Welcome to\u00a0contact us!Introduction of\u00a0nonwoven geotextile fabric Nonwoven polyester fabric is produced by needle-punched non-woven process with polyester staple fiber or PP as the main raw material. Short-filament needle-punched woven and [&hellip;]<\/p>","protected":false},"author":1,"featured_media":0,"parent":0,"menu_order":0,"comment_status":"closed","ping_status":"closed","template":"","meta":{"_et_pb_use_builder":"on","_et_pb_old_content":"","_et_gb_content_width":"","footnotes":""},"yoast_head":"<!-- This site is optimized with the Yoast SEO plugin v22.7 - https:\/\/yoast.com\/wordpress\/plugins\/seo\/ -->\n<title>Products - Boshida Nonwoven<\/title>\n<meta name=\"description\" content=\"Nonwoven fabric manufacturer, we provide HDPE geomembrane, Landfill geomembrane, Needle punched geotextile with good price.\" \/>\n<meta name=\"robots\" content=\"index, follow, max-snippet:-1, max-image-preview:large, max-video-preview:-1\" \/>\n<link rel=\"canonical\" href=\"https:\/\/www.bsdnonwoven.com\/fr\/products\/\" \/>\n<meta property=\"og:locale\" content=\"fr_FR\" \/>\n<meta property=\"og:type\" content=\"article\" \/>\n<meta property=\"og:title\" content=\"Products - Boshida Nonwoven\" \/>\n<meta property=\"og:description\" content=\"Nonwoven fabric manufacturer, we provide HDPE geomembrane, Landfill geomembrane, Needle punched geotextile with good price.\" \/>\n<meta property=\"og:url\" content=\"https:\/\/www.bsdnonwoven.com\/fr\/products\/\" \/>\n<meta property=\"og:site_name\" content=\"Boshida Nonwoven\" \/>\n<meta property=\"article:modified_time\" content=\"2025-06-13T04:01:47+00:00\" \/>\n<meta name=\"twitter:card\" content=\"summary_large_image\" \/>\n<meta name=\"twitter:label1\" content=\"Dur\u00e9e de lecture estim\u00e9e\" \/>\n\t<meta name=\"twitter:data1\" content=\"4 minutes\" \/>\n<script type=\"application\/ld+json\" class=\"yoast-schema-graph\">{\"@context\":\"https:\/\/schema.org\",\"@graph\":[{\"@type\":\"WebPage\",\"@id\":\"https:\/\/www.bsdnonwoven.com\/products\/\",\"url\":\"https:\/\/www.bsdnonwoven.com\/products\/\",\"name\":\"Products - Boshida Nonwoven\",\"isPartOf\":{\"@id\":\"https:\/\/www.bsdnonwoven.com\/#website\"},\"datePublished\":\"2024-01-04T05:06:31+00:00\",\"dateModified\":\"2025-06-13T04:01:47+00:00\",\"description\":\"Nonwoven fabric manufacturer, we provide HDPE geomembrane, Landfill geomembrane, Needle punched geotextile with good price.\",\"breadcrumb\":{\"@id\":\"https:\/\/www.bsdnonwoven.com\/products\/#breadcrumb\"},\"inLanguage\":\"fr-FR\",\"potentialAction\":[{\"@type\":\"ReadAction\",\"target\":[\"https:\/\/www.bsdnonwoven.com\/products\/\"]}]},{\"@type\":\"BreadcrumbList\",\"@id\":\"https:\/\/www.bsdnonwoven.com\/products\/#breadcrumb\",\"itemListElement\":[{\"@type\":\"ListItem\",\"position\":1,\"name\":\"Home\",\"item\":\"https:\/\/www.bsdnonwoven.com\/\"},{\"@type\":\"ListItem\",\"position\":2,\"name\":\"Products\"}]},{\"@type\":\"WebSite\",\"@id\":\"https:\/\/www.bsdnonwoven.com\/#website\",\"url\":\"https:\/\/www.bsdnonwoven.com\/\",\"name\":\"Boshida Nonwoven\",\"description\":\"\",\"potentialAction\":[{\"@type\":\"SearchAction\",\"target\":{\"@type\":\"EntryPoint\",\"urlTemplate\":\"https:\/\/www.bsdnonwoven.com\/?s={search_term_string}\"},\"query-input\":\"required name=search_term_string\"}],\"inLanguage\":\"fr-FR\"}]}<\/script>\n<!-- \/ Yoast SEO plugin. -->","yoast_head_json":{"title":"Products - Boshida Nonwoven","description":"Nonwoven fabric manufacturer, we provide HDPE geomembrane, Landfill geomembrane, Needle punched geotextile with good price.","robots":{"index":"index","follow":"follow","max-snippet":"max-snippet:-1","max-image-preview":"max-image-preview:large","max-video-preview":"max-video-preview:-1"},"canonical":"https:\/\/www.bsdnonwoven.com\/fr\/products\/","og_locale":"fr_FR","og_type":"article","og_title":"Products - Boshida Nonwoven","og_description":"Nonwoven fabric manufacturer, we provide HDPE geomembrane, Landfill geomembrane, Needle punched geotextile with good price.","og_url":"https:\/\/www.bsdnonwoven.com\/fr\/products\/","og_site_name":"Boshida Nonwoven","article_modified_time":"2025-06-13T04:01:47+00:00","twitter_card":"summary_large_image","twitter_misc":{"Dur\u00e9e de lecture estim\u00e9e":"4 minutes"},"schema":{"@context":"https:\/\/schema.org","@graph":[{"@type":"WebPage","@id":"https:\/\/www.bsdnonwoven.com\/products\/","url":"https:\/\/www.bsdnonwoven.com\/products\/","name":"Products - Boshida Nonwoven","isPartOf":{"@id":"https:\/\/www.bsdnonwoven.com\/#website"},"datePublished":"2024-01-04T05:06:31+00:00","dateModified":"2025-06-13T04:01:47+00:00","description":"Nonwoven fabric manufacturer, we provide HDPE geomembrane, Landfill geomembrane, Needle punched geotextile with good price.","breadcrumb":{"@id":"https:\/\/www.bsdnonwoven.com\/products\/#breadcrumb"},"inLanguage":"fr-FR","potentialAction":[{"@type":"ReadAction","target":["https:\/\/www.bsdnonwoven.com\/products\/"]}]},{"@type":"BreadcrumbList","@id":"https:\/\/www.bsdnonwoven.com\/products\/#breadcrumb","itemListElement":[{"@type":"ListItem","position":1,"name":"Home","item":"https:\/\/www.bsdnonwoven.com\/"},{"@type":"ListItem","position":2,"name":"Products"}]},{"@type":"WebSite","@id":"https:\/\/www.bsdnonwoven.com\/#website","url":"https:\/\/www.bsdnonwoven.com\/","name":"Boshida Nonwoven","description":"","potentialAction":[{"@type":"SearchAction","target":{"@type":"EntryPoint","urlTemplate":"https:\/\/www.bsdnonwoven.com\/?s={search_term_string}"},"query-input":"required name=search_term_string"}],"inLanguage":"fr-FR"}]}},"_links":{"self":[{"href":"https:\/\/www.bsdnonwoven.com\/fr\/wp-json\/wp\/v2\/pages\/1622"}],"collection":[{"href":"https:\/\/www.bsdnonwoven.com\/fr\/wp-json\/wp\/v2\/pages"}],"about":[{"href":"https:\/\/www.bsdnonwoven.com\/fr\/wp-json\/wp\/v2\/types\/page"}],"author":[{"embeddable":true,"href":"https:\/\/www.bsdnonwoven.com\/fr\/wp-json\/wp\/v2\/users\/1"}],"replies":[{"embeddable":true,"href":"https:\/\/www.bsdnonwoven.com\/fr\/wp-json\/wp\/v2\/comments?post=1622"}],"version-history":[{"count":53,"href":"https:\/\/www.bsdnonwoven.com\/fr\/wp-json\/wp\/v2\/pages\/1622\/revisions"}],"predecessor-version":[{"id":13562,"href":"https:\/\/www.bsdnonwoven.com\/fr\/wp-json\/wp\/v2\/pages\/1622\/revisions\/13562"}],"wp:attachment":[{"href":"https:\/\/www.bsdnonwoven.com\/fr\/wp-json\/wp\/v2\/media?parent=1622"}],"curies":[{"name":"wp","href":"https:\/\/api.w.org\/{rel}","templated":true}]}}