{"id":6872,"date":"2024-08-02T06:50:29","date_gmt":"2024-08-02T06:50:29","guid":{"rendered":"https:\/\/www.bsdnonwoven.com\/?page_id=6872"},"modified":"2025-05-29T08:58:03","modified_gmt":"2025-05-29T08:58:03","slug":"faq","status":"publish","type":"page","link":"https:\/\/www.bsdnonwoven.com\/fr\/faq\/","title":{"rendered":"FAQ"},"content":{"rendered":"<p>[et_pb_section fb_built=\"1\u2033 admin_label=\"FAQ\" _builder_version=\"4.21.0\u2033 background_size=\"initial\" background_repeat=\"repeat\" custom_padding=\"35px||||false|false\" top_divider_style=\"arrow3\u2033 top_divider_color=\"rgba(244,242,239,0.64)\" top_divider_height=\"70%\" top_divider_repeat=\"4x\" top_divider_height_tablet=\"200px\" top_divider_height_phone=\"120px\" top_divider_height_last_edited=\"on|phone\" bottom_divider_color=\"rgba(255,255,255,0.7)\" bottom_divider_height=\"100%\" bottom_divider_repeat=\"2x\" global_colors_info=\"{}\"][et_pb_row _builder_version=\"4.21.0\u2033 _module_preset=\"default\" custom_padding=\"0px||15px||false|false\" border_width_bottom=\"10px\" border_color_bottom=\"#eeee\" global_colors_info=\"{}\"][et_pb_column type=\"4_4\u2033 _builder_version=\"4.21.0\u2033 _module_preset=\"default\" global_colors_info=\"{}\"][dipl_breadcrumb breadcrumb_layout=\"layout2\u2033 separator_text=\"\/\" separator_size=\"18px\" separator_color=\"#888888\u2033 _builder_version=\"4.21.0\u2033 _module_preset=\"default\" global_text_settings_text_align=\"left\" global_text_settings_font_size=\"18px\" text_font=\"||||||||\" text_text_color=\"#000000\u2033 link_text_color=\"#000000\u2033 global_text_settings_font_size_tablet=\"18px\" global_text_settings_font_size_phone=\"14px\" global_text_settings_font_size_last_edited=\"on|phone\" global_colors_info=\"{}\"][\/dipl_breadcrumb][\/et_pb_column][\/et_pb_row][et_pb_row _builder_version=\"4.21.0\u2033 _module_preset=\"default\" custom_padding=\"||||false|false\" global_colors_info=\"{}\"][et_pb_column type=\"4_4\u2033 _builder_version=\"4.21.0\u2033 _module_preset=\"default\" global_colors_info=\"{}\"][et_pb_text _builder_version=\"4.21.0\u2033 _module_preset=\"default\" header_font=\"|700|||||||\" header_text_align=\"center\" header_text_color=\"#000000\u2033 header_font_size=\"32px\" custom_margin=\"||15px||false|false\" custom_padding=\"||||false|false\" custom_padding_tablet=\"0px||||false|false\" custom_padding_phone=\"0px||||false|false\" custom_padding_last_edited=\"on|tablet\" header_font_size_tablet=\"40px\" header_font_size_phone=\"18px\" header_font_size_last_edited=\"on|phone\" global_colors_info=\"{}\"]<\/p>\n<h1 class=\"p1\">FAQ sur les g\u00e9otextiles<\/h1>\n<p>[\/et_pb_text][\/et_pb_column][\/et_pb_row][et_pb_row admin_label=\"Row\" module_id=\"faq\" _builder_version=\"4.21.0\u2033 custom_padding=\"0px||||false|false\" global_colors_info=\"{}\"][et_pb_column type=\"4_4\u2033 _builder_version=\"4.16\u2033 custom_padding=\"|||\" global_colors_info=\"{}\" custom_padding__hover=\"|||\"][et_pb_blurb title=\"Q1 : Les g\u00e9otextiles que vous produisez sont-ils conformes aux normes d'ing\u00e9nierie internationales ?\" use_icon=\"on\" font_icon=\"u||divi||400\u2033 icon_color=\"#ffffff\" image_icon_background_color=\"#e62129\u2033 icon_placement=\"left\" image_icon_width=\"16px\" content_max_width=\"100%\" _builder_version=\"4.21.0\u2033 header_level=\"h2\u2033 header_font=\"|600|||||||\" header_font_size=\"18px\" header_line_height=\"1.4em\" body_font=\"||||||||\" body_line_height=\"1.8em\" body_ul_line_height=\"1.8em\" image_icon_custom_padding=\"8px|8px|8px|false|false\" hover_enabled=\"0\u2033 header_font_size_tablet=\"\" header_font_size_phone=\"16px\" header_font_size_last_edited=\"on|phone\" body_font_size_tablet=\"15px\" body_font_size_phone=\"14px\" body_font_size_last_edited=\"on|phone\" border_radii_image=\"on|100%|100%|100%|100%\" use_circle=\"on\" circle_color=\"#af8447\u2033 global_colors_info=\"{}\" image_icon_background_color__sticky_enabled=\"#c1282e\" image_icon_background_color__sticky=\"#c1282e\" sticky_enabled=\"0\u2033]<\/p>\n<p class=\"p1\">A1 : Notre <a href=\"https:\/\/www.bsdnonwoven.com\/category\/geotextile\/\">g\u00e9otextiles<\/a> respectent scrupuleusement les normes internationales et ont obtenu la certification SGS. Ils conviennent aux environnements techniques exigeants tels que la conservation de l'eau et la construction de routes, tout en prenant en charge des param\u00e8tres personnalis\u00e9s pour r\u00e9pondre aux diverses exigences des projets.<\/p>\n<p>[\/et_pb_blurb][et_pb_blurb title=\"Q2 : Quelle efficacit\u00e9 de filtration vos mat\u00e9riaux de filtre \u00e0 air automobile peuvent-ils atteindre ?\" use_icon=\"on\" font_icon=\"u||divi||400\u2033 icon_color=\"#ffffff\" image_icon_background_color=\"#e62129\u2033 icon_placement=\"left\" image_icon_width=\"16px\" content_max_width=\"100%\" _builder_version=\"4.21.0\u2033 header_level=\"h2\u2033 header_font=\"|600|||||||\" header_font_size=\"18px\" header_line_height=\"1.4em\" body_font=\"||||||||\" body_line_height=\"1.8em\" body_ul_line_height=\"1.8em\" image_icon_custom_padding=\"8px|8px|8px|false|false\" hover_enabled=\"0\u2033 header_font_size_tablet=\"\" header_font_size_phone=\"16px\" header_font_size_last_edited=\"on|phone\" body_font_size_tablet=\"15px\" body_font_size_phone=\"14px\" body_font_size_last_edited=\"on|phone\" border_radii_image=\"on|100%|100%|100%|100%\" use_circle=\"on\" circle_color=\"#af8447\u2033 global_colors_info=\"{}\" image_icon_background_color__sticky_enabled=\"#c1282e\" image_icon_background_color__sticky=\"#c1282e\" sticky_enabled=\"0\u2033]<\/p>\n<p class=\"p1\">A2 : Notre <a href=\"https:\/\/www.bsdnonwoven.com\/category\/filter-needle-punch-nonwoven\/\">aiguille de filtre poin\u00e7onneuse non tiss\u00e9<\/a> utilisent une technologie composite multicouche de poin\u00e7onnage d'aiguilles, atteignant une efficacit\u00e9 de filtration des PM2,5 \u226595%. Des rapports de tests effectu\u00e9s par des tiers sont disponibles sur demande.<\/p>\n<p>[\/et_pb_blurb][et_pb_blurb title=\"Q3 : Quelle est la gamme de poids pour les v\u00eatements en coton aiguillet\u00e9 ? \u00cates-vous favorable aux traitements ignifuges ou antibact\u00e9riens ?\" use_icon=\"on\" font_icon=\"u||divi||400\u2033 icon_color=\"#ffffff\" image_icon_background_color=\"#e62129\u2033 icon_placement=\"left\" image_icon_width=\"16px\" content_max_width=\"100%\" _builder_version=\"4.21.0\u2033 header_level=\"h2\u2033 header_font=\"|600|||||||\" header_font_size=\"18px\" header_line_height=\"1.4em\" body_font=\"||||||||\" body_line_height=\"1.8em\" body_ul_line_height=\"1.8em\" image_icon_custom_padding=\"8px|8px|8px|false|false\" hover_enabled=\"0\u2033 header_font_size_tablet=\"\" header_font_size_phone=\"16px\" header_font_size_last_edited=\"on|phone\" body_font_size_tablet=\"15px\" body_font_size_phone=\"14px\" body_font_size_last_edited=\"on|phone\" border_radii_image=\"on|100%|100%|100%|100%\" use_circle=\"on\" circle_color=\"#af8447\u2033 global_colors_info=\"{}\" image_icon_background_color__sticky_enabled=\"#c1282e\" image_icon_background_color__sticky=\"#c1282e\" sticky_enabled=\"0\u2033]<\/p>\n<p class=\"p1\">A3 : Notre <a href=\"https:\/\/www.bsdnonwoven.com\/category\/needle-punched-nonwoven-fabric-for-apparel\/\">tissu non tiss\u00e9 aiguillet\u00e9 pour v\u00eatements<\/a><span>\u00a0offres<\/span> offre 80-500g\/<span class=\"s1\">\u33a1<\/span> Les mat\u00e9riaux de remplissage fonctionnels peuvent \u00eatre personnalis\u00e9s en fonction des options de poids et prendre en charge les additifs ignifuges ou les traitements antibact\u00e9riens \u00e0 base d'ions argent. Les mat\u00e9riaux de remplissage fonctionnels peuvent \u00eatre adapt\u00e9s \u00e0 vos besoins.<\/p>\n<p>[\/et_pb_blurb][et_pb_blurb title=\"Q4 : Quelle est la quantit\u00e9 minimale de commande ? Acceptez-vous les petites commandes d'essai ?\" use_icon=\"on\" font_icon=\"u||divi||400\u2033 icon_color=\"#ffffff\" image_icon_background_color=\"#e62129\u2033 icon_placement=\"left\" image_icon_width=\"16px\" content_max_width=\"100%\" _builder_version=\"4.21.0\u2033 header_level=\"h2\u2033 header_font=\"|600|||||||\" header_font_size=\"18px\" header_line_height=\"1.4em\" body_font=\"||||||||\" body_line_height=\"1.8em\" body_ul_line_height=\"1.8em\" image_icon_custom_padding=\"8px|8px|8px|false|false\" header_font_size_tablet=\"\" header_font_size_phone=\"16px\" header_font_size_last_edited=\"on|phone\" body_font_size_tablet=\"15px\" body_font_size_phone=\"14px\" body_font_size_last_edited=\"on|phone\" border_radii_image=\"on|100%|100%|100%|100%\" use_circle=\"on\" circle_color=\"#af8447\u2033 global_colors_info=\"{}\" image_icon_background_color__sticky_enabled=\"#c1282e\" image_icon_background_color__sticky=\"#c1282e\"]<\/p>\n<p class=\"p1\">A4 : Les produits ordinaires n\u00e9cessitent une quantit\u00e9 de 1 tonne, tandis que les produits personnalis\u00e9s commencent \u00e0 3 tonnes. Nous proposons aux nouveaux clients des commandes d'essai de 500 kg pour valider la compatibilit\u00e9 des produits.<\/p>\n<p>[\/et_pb_blurb][et_pb_blurb title=\"Q5 : Quel est le d\u00e9lai de production ? Les commandes urgentes peuvent-elles \u00eatre exp\u00e9di\u00e9es ?\" use_icon=\"on\" font_icon=\"u||divi||400\u2033 icon_color=\"#ffffff\" image_icon_background_color=\"#e62129\u2033 icon_placement=\"left\" image_icon_width=\"16px\" content_max_width=\"100%\" _builder_version=\"4.21.0\u2033 header_level=\"h2\u2033 header_font=\"|600|||||||\" header_font_size=\"18px\" header_line_height=\"1.4em\" body_font=\"||||||||\" body_line_height=\"1.8em\" body_ul_line_height=\"1.8em\" image_icon_custom_padding=\"8px|8px|8px|false|false\" header_font_size_tablet=\"\" header_font_size_phone=\"16px\" header_font_size_last_edited=\"on|phone\" body_font_size_tablet=\"15px\" body_font_size_phone=\"14px\" body_font_size_last_edited=\"on|phone\" border_radii_image=\"on|100%|100%|100%|100%\" use_circle=\"on\" circle_color=\"#af8447\u2033 global_colors_info=\"{}\" image_icon_background_color__sticky_enabled=\"#c1282e\" image_icon_background_color__sticky=\"#c1282e\"]<\/p>\n<p class=\"p1\">A5 : Les commandes standard prennent de 7 \u00e0 10 jours. Les commandes acc\u00e9l\u00e9r\u00e9es peuvent \u00eatre trait\u00e9es dans un d\u00e9lai de 3 \u00e0 5 jours, les d\u00e9tails \u00e9tant n\u00e9goci\u00e9s en fonction du volume de la commande et de la complexit\u00e9 technique.<\/p>\n<p>[\/et_pb_blurb][et_pb_blurb title=\"Q6 : Proposez-vous des services OEM\/ODM ? Quel est le processus de personnalisation ?\" use_icon=\"on\" font_icon=\"u||divi||400\u2033 icon_color=\"#ffffff\" image_icon_background_color=\"#e62129\u2033 icon_placement=\"left\" image_icon_width=\"16px\" content_max_width=\"100%\" _builder_version=\"4.21.0\u2033 header_level=\"h2\u2033 header_font=\"|600|||||||\" header_font_size=\"18px\" header_line_height=\"1.4em\" body_font=\"||||||||\" body_line_height=\"1.8em\" body_ul_line_height=\"1.8em\" image_icon_custom_padding=\"8px|8px|8px|false|false\" header_font_size_tablet=\"\" header_font_size_phone=\"16px\" header_font_size_last_edited=\"on|phone\" body_font_size_tablet=\"15px\" body_font_size_phone=\"14px\" body_font_size_last_edited=\"on|phone\" border_radii_image=\"on|100%|100%|100%|100%\" use_circle=\"on\" circle_color=\"#af8447\u2033 global_colors_info=\"{}\" image_icon_background_color__sticky_enabled=\"#c1282e\" image_icon_background_color__sticky=\"#c1282e\"]<\/p>\n<p class=\"p1\">R6 : Nous offrons une personnalisation compl\u00e8te, depuis le ratio de fibres, l'\u00e9paisseur, la couleur jusqu'aux rev\u00eatements fonctionnels. Le flux de travail est le suivant : Confirmation de la demande <span class=\"s1\">\u2192<\/span> \u00c9chantillonnage (5-7 jours ouvrables) <span class=\"s1\">\u2192<\/span> Approbation de l'\u00e9chantillon <span class=\"s1\">\u2192<\/span> Production de masse.<\/p>\n<p>[\/et_pb_blurb][et_pb_blurb title=\"Q7 : Comment garantissez-vous un emballage r\u00e9sistant \u00e0 l'humidit\u00e9 et aux dommages ? Pouvons-nous d\u00e9signer un transitaire ?\" use_icon=\"on\" font_icon=\"u||divi||400\u2033 icon_color=\"#ffffff\" image_icon_background_color=\"#e62129\u2033 icon_placement=\"left\" image_icon_width=\"16px\" content_max_width=\"100%\" _builder_version=\"4.21.0\u2033 header_level=\"h2\u2033 header_font=\"|600|||||||\" header_font_size=\"18px\" header_line_height=\"1.4em\" body_font=\"||||||||\" body_line_height=\"1.8em\" body_ul_line_height=\"1.8em\" image_icon_custom_padding=\"8px|8px|8px|false|false\" header_font_size_tablet=\"\" header_font_size_phone=\"16px\" header_font_size_last_edited=\"on|phone\" body_font_size_tablet=\"15px\" body_font_size_phone=\"14px\" body_font_size_last_edited=\"on|phone\" border_radii_image=\"on|100%|100%|100%|100%\" use_circle=\"on\" circle_color=\"#af8447\u2033 global_colors_info=\"{}\" image_icon_background_color__sticky_enabled=\"#c1282e\" image_icon_background_color__sticky=\"#c1282e\"]<\/p>\n<p class=\"p1\">A7 : Nous utilisons un film PE imperm\u00e9able + un renfort de palette en bois, avec un taux de perte du transport int\u00e9rieur &lt;0,3%. Les clients peuvent d\u00e9signer des transitaires, et nous proposons \u00e9galement des services logistiques complets DDP\/DAP.<\/p>\n<p>[\/et_pb_blurb][et_pb_blurb title=\"Q8 : Comment v\u00e9rifier la qualit\u00e9 des produits ? Soutenez-vous les inspections par une tierce partie ?\" use_icon=\"on\" font_icon=\"u||divi||400\u2033 icon_color=\"#ffffff\" image_icon_background_color=\"#e62129\u2033 icon_placement=\"left\" image_icon_width=\"16px\" content_max_width=\"100%\" _builder_version=\"4.21.0\u2033 header_level=\"h2\u2033 header_font=\"|600|||||||\" header_font_size=\"18px\" header_line_height=\"1.4em\" body_font=\"||||||||\" body_line_height=\"1.8em\" body_ul_line_height=\"1.8em\" image_icon_custom_padding=\"8px|8px|8px|false|false\" header_font_size_tablet=\"\" header_font_size_phone=\"16px\" header_font_size_last_edited=\"on|phone\" body_font_size_tablet=\"15px\" body_font_size_phone=\"14px\" body_font_size_last_edited=\"on|phone\" border_radii_image=\"on|100%|100%|100%|100%\" use_circle=\"on\" circle_color=\"#af8447\u2033 global_colors_info=\"{}\" image_icon_background_color__sticky_enabled=\"#c1282e\" image_icon_background_color__sticky=\"#c1282e\"]<\/p>\n<p class=\"p1\">R8 : Nous effectuons des essais gratuits sur des \u00e9chantillons. Des inspections par des tiers avant exp\u00e9dition (SGS\/BV) peuvent \u00eatre organis\u00e9es, les normes d'inspection et les co\u00fbts \u00e9tant pr\u00e9cis\u00e9s dans le contrat.<\/p>\n<p>[\/et_pb_blurb][et_pb_blurb title=\"Q9 : Pouvez-vous personnaliser les g\u00e9otextiles avec des poids et des \u00e9paisseurs sp\u00e9ciaux ?\" use_icon=\"on\" font_icon=\"u||divi||400\u2033 icon_color=\"#ffffff\" image_icon_background_color=\"#e62129\u2033 icon_placement=\"left\" image_icon_width=\"16px\" content_max_width=\"100%\" _builder_version=\"4.21.0\u2033 header_level=\"h2\u2033 header_font=\"|600|||||||\" header_font_size=\"18px\" header_line_height=\"1.4em\" body_font=\"||||||||\" body_line_height=\"1.8em\" body_ul_line_height=\"1.8em\" image_icon_custom_padding=\"8px|8px|8px|false|false\" header_font_size_tablet=\"\" header_font_size_phone=\"16px\" header_font_size_last_edited=\"on|phone\" body_font_size_tablet=\"15px\" body_font_size_phone=\"14px\" body_font_size_last_edited=\"on|phone\" border_radii_image=\"on|100%|100%|100%|100%\" use_circle=\"on\" circle_color=\"#af8447\u2033 global_colors_info=\"{}\" image_icon_background_color__sticky_enabled=\"#c1282e\" image_icon_background_color__sticky=\"#c1282e\"]<\/p>\n<p class=\"p1\">A9 : Nous prenons en charge la personnalisation pour 80-1500g\/<span class=\"s1\">\u33a1<\/span> et des largeurs de 0,5 m \u00e0 7 m, avec des traitements de r\u00e9sistance aux UV et de haute r\u00e9sistance \u00e0 la d\u00e9chirure. Nous avons fourni des solutions g\u00e9osynth\u00e9tiques sur mesure pour plus de 30 projets d'infrastructure mondiaux.<\/p>\n<p>[\/et_pb_blurb][et_pb_blurb title=\"Q10 : Pouvez-vous fournir des rapports sur les tests de performance des produits ?\" use_icon=\"on\" font_icon=\"u||divi||400\u2033 icon_color=\"#ffffff\" image_icon_background_color=\"#e62129\u2033 icon_placement=\"left\" image_icon_width=\"16px\" content_max_width=\"100%\" _builder_version=\"4.21.0\u2033 header_level=\"h2\u2033 header_font=\"|600|||||||\" header_font_size=\"18px\" header_line_height=\"1.4em\" body_font=\"||||||||\" body_line_height=\"1.8em\" body_ul_line_height=\"1.8em\" image_icon_custom_padding=\"8px|8px|8px|false|false\" header_font_size_tablet=\"\" header_font_size_phone=\"16px\" header_font_size_last_edited=\"on|phone\" body_font_size_tablet=\"15px\" body_font_size_phone=\"14px\" body_font_size_last_edited=\"on|phone\" border_radii_image=\"on|100%|100%|100%|100%\" use_circle=\"on\" circle_color=\"#af8447\u2033 global_colors_info=\"{}\" image_icon_background_color__sticky_enabled=\"#c1282e\" image_icon_background_color__sticky=\"#c1282e\"]<\/p>\n<p class=\"p1\">A10 : Chaque lot comprend des rapports d'essai portant sur la r\u00e9sistance \u00e0 la traction, la respirabilit\u00e9 et l'efficacit\u00e9 de la filtration. Une r\u00e9inspection par une tierce partie est pr\u00e9vue pour garantir la transparence et la cr\u00e9dibilit\u00e9 des donn\u00e9es.<\/p>\n<p>[\/et_pb_blurb][\/et_pb_column][\/et_pb_row][\/et_pb_section]<\/p>","protected":false},"excerpt":{"rendered":"<p><div class=\"et_pb_module dipl_breadcrumb dipl_breadcrumb_0\">\n\t\t\t\t\n\t\t\t\t\n\t\t\t\t\n\t\t\t\t\n\t\t\t\t\n\t\t\t\t\n\t\t\t\t<div class=\"et_pb_module_inner\">\n\t\t\t\t\t<div class=\"dipl-breadcrumb-wrapper layout2\">\n\t\t\t\t\t\t\t\t<ol class=\"dipl-breadcrumb-inner\" vocab=\"https:\/\/schema.org\/\" typeof=\"BreadcrumbList\">\n\t\t\t\t\t\t\t\t\t<li property=\"itemListElement\" typeof=\"ListItem\" data-icon=\"&#x24;\">\n\t\t\t\t\t\t\t\t\t\t\t\t\t    <a class=\"breadcrumb-item dipl-home-page\" href=\"https:\/\/www.bsdnonwoven.com\/fr\" property=\"item\" typeof=\"WebPage\" >\n\t\t\t\t\t\t\t\t\t\t\t\t\t      \t<span class=\"breadcrumb-page\" property=\"name\">Accueil<\/span>\n\t\t\t\t\t\t\t\t\t\t\t\t\t    <\/a>\n\t\t\t\t\t\t\t\t\t\t\t\t\t    <meta property=\"position\" content=\"1\" \/>\n\t\t\t\t\t\t\t\t\t\t\t\t\t<\/li>\n\t\t\t\t\t\t\t\t<\/ol>\n\t\t\t\t\t\t\t<\/div>\n\t\t\t\t<\/div>\n\t\t\t<\/div>FAQ sur les g\u00e9otextilesA1 : Nos g\u00e9otextiles sont strictement conformes aux normes internationales et ont obtenu la certification SGS. Ils conviennent aux environnements d'ing\u00e9nierie exigeants tels que la conservation de l'eau et la construction de routes, tout en prenant en charge des param\u00e8tres personnalis\u00e9s pour r\u00e9pondre aux diverses exigences des projets.A2 : Nos filtres [...]<\/p>","protected":false},"author":1,"featured_media":0,"parent":0,"menu_order":0,"comment_status":"closed","ping_status":"closed","template":"","meta":{"_et_pb_use_builder":"on","_et_pb_old_content":"<!-- wp:divi\/placeholder \/-->","_et_gb_content_width":"","footnotes":""},"yoast_head":"<!-- This site is optimized with the Yoast SEO plugin v22.7 - https:\/\/yoast.com\/wordpress\/plugins\/seo\/ -->\n<title>FAQ - Boshida Nonwoven<\/title>\n<meta name=\"description\" content=\"Nonwoven fabric manufacturer, we provide HDPE geomembrane, Landfill geomembrane, Needle punched geotextile with good price.\" \/>\n<meta name=\"robots\" content=\"index, follow, max-snippet:-1, max-image-preview:large, max-video-preview:-1\" \/>\n<link rel=\"canonical\" href=\"https:\/\/www.bsdnonwoven.com\/fr\/faq\/\" \/>\n<meta property=\"og:locale\" content=\"fr_FR\" \/>\n<meta property=\"og:type\" content=\"article\" \/>\n<meta property=\"og:title\" content=\"FAQ - Boshida Nonwoven\" \/>\n<meta property=\"og:description\" content=\"Nonwoven fabric manufacturer, we provide HDPE geomembrane, Landfill geomembrane, Needle punched geotextile with good price.\" \/>\n<meta property=\"og:url\" content=\"https:\/\/www.bsdnonwoven.com\/fr\/faq\/\" \/>\n<meta property=\"og:site_name\" content=\"Boshida Nonwoven\" \/>\n<meta property=\"article:modified_time\" content=\"2025-05-29T08:58:03+00:00\" \/>\n<meta name=\"twitter:card\" content=\"summary_large_image\" \/>\n<script type=\"application\/ld+json\" class=\"yoast-schema-graph\">{\"@context\":\"https:\/\/schema.org\",\"@graph\":[{\"@type\":\"WebPage\",\"@id\":\"https:\/\/www.bsdnonwoven.com\/faq\/\",\"url\":\"https:\/\/www.bsdnonwoven.com\/faq\/\",\"name\":\"FAQ - Boshida Nonwoven\",\"isPartOf\":{\"@id\":\"https:\/\/www.bsdnonwoven.com\/#website\"},\"datePublished\":\"2024-08-02T06:50:29+00:00\",\"dateModified\":\"2025-05-29T08:58:03+00:00\",\"description\":\"Nonwoven fabric manufacturer, we provide HDPE geomembrane, Landfill geomembrane, Needle punched geotextile with good price.\",\"breadcrumb\":{\"@id\":\"https:\/\/www.bsdnonwoven.com\/faq\/#breadcrumb\"},\"inLanguage\":\"fr-FR\",\"potentialAction\":[{\"@type\":\"ReadAction\",\"target\":[\"https:\/\/www.bsdnonwoven.com\/faq\/\"]}]},{\"@type\":\"BreadcrumbList\",\"@id\":\"https:\/\/www.bsdnonwoven.com\/faq\/#breadcrumb\",\"itemListElement\":[{\"@type\":\"ListItem\",\"position\":1,\"name\":\"Home\",\"item\":\"https:\/\/www.bsdnonwoven.com\/\"},{\"@type\":\"ListItem\",\"position\":2,\"name\":\"FAQ\"}]},{\"@type\":\"WebSite\",\"@id\":\"https:\/\/www.bsdnonwoven.com\/#website\",\"url\":\"https:\/\/www.bsdnonwoven.com\/\",\"name\":\"Boshida Nonwoven\",\"description\":\"\",\"potentialAction\":[{\"@type\":\"SearchAction\",\"target\":{\"@type\":\"EntryPoint\",\"urlTemplate\":\"https:\/\/www.bsdnonwoven.com\/?s={search_term_string}\"},\"query-input\":\"required name=search_term_string\"}],\"inLanguage\":\"fr-FR\"}]}<\/script>\n<!-- \/ Yoast SEO plugin. -->","yoast_head_json":{"title":"FAQ - Boshida Nonwoven","description":"Nonwoven fabric manufacturer, we provide HDPE geomembrane, Landfill geomembrane, Needle punched geotextile with good price.","robots":{"index":"index","follow":"follow","max-snippet":"max-snippet:-1","max-image-preview":"max-image-preview:large","max-video-preview":"max-video-preview:-1"},"canonical":"https:\/\/www.bsdnonwoven.com\/fr\/faq\/","og_locale":"fr_FR","og_type":"article","og_title":"FAQ - Boshida Nonwoven","og_description":"Nonwoven fabric manufacturer, we provide HDPE geomembrane, Landfill geomembrane, Needle punched geotextile with good price.","og_url":"https:\/\/www.bsdnonwoven.com\/fr\/faq\/","og_site_name":"Boshida Nonwoven","article_modified_time":"2025-05-29T08:58:03+00:00","twitter_card":"summary_large_image","schema":{"@context":"https:\/\/schema.org","@graph":[{"@type":"WebPage","@id":"https:\/\/www.bsdnonwoven.com\/faq\/","url":"https:\/\/www.bsdnonwoven.com\/faq\/","name":"FAQ - Boshida Nonwoven","isPartOf":{"@id":"https:\/\/www.bsdnonwoven.com\/#website"},"datePublished":"2024-08-02T06:50:29+00:00","dateModified":"2025-05-29T08:58:03+00:00","description":"Nonwoven fabric manufacturer, we provide HDPE geomembrane, Landfill geomembrane, Needle punched geotextile with good price.","breadcrumb":{"@id":"https:\/\/www.bsdnonwoven.com\/faq\/#breadcrumb"},"inLanguage":"fr-FR","potentialAction":[{"@type":"ReadAction","target":["https:\/\/www.bsdnonwoven.com\/faq\/"]}]},{"@type":"BreadcrumbList","@id":"https:\/\/www.bsdnonwoven.com\/faq\/#breadcrumb","itemListElement":[{"@type":"ListItem","position":1,"name":"Home","item":"https:\/\/www.bsdnonwoven.com\/"},{"@type":"ListItem","position":2,"name":"FAQ"}]},{"@type":"WebSite","@id":"https:\/\/www.bsdnonwoven.com\/#website","url":"https:\/\/www.bsdnonwoven.com\/","name":"Boshida Nonwoven","description":"","potentialAction":[{"@type":"SearchAction","target":{"@type":"EntryPoint","urlTemplate":"https:\/\/www.bsdnonwoven.com\/?s={search_term_string}"},"query-input":"required name=search_term_string"}],"inLanguage":"fr-FR"}]}},"_links":{"self":[{"href":"https:\/\/www.bsdnonwoven.com\/fr\/wp-json\/wp\/v2\/pages\/6872"}],"collection":[{"href":"https:\/\/www.bsdnonwoven.com\/fr\/wp-json\/wp\/v2\/pages"}],"about":[{"href":"https:\/\/www.bsdnonwoven.com\/fr\/wp-json\/wp\/v2\/types\/page"}],"author":[{"embeddable":true,"href":"https:\/\/www.bsdnonwoven.com\/fr\/wp-json\/wp\/v2\/users\/1"}],"replies":[{"embeddable":true,"href":"https:\/\/www.bsdnonwoven.com\/fr\/wp-json\/wp\/v2\/comments?post=6872"}],"version-history":[{"count":17,"href":"https:\/\/www.bsdnonwoven.com\/fr\/wp-json\/wp\/v2\/pages\/6872\/revisions"}],"predecessor-version":[{"id":13484,"href":"https:\/\/www.bsdnonwoven.com\/fr\/wp-json\/wp\/v2\/pages\/6872\/revisions\/13484"}],"wp:attachment":[{"href":"https:\/\/www.bsdnonwoven.com\/fr\/wp-json\/wp\/v2\/media?parent=6872"}],"curies":[{"name":"wp","href":"https:\/\/api.w.org\/{rel}","templated":true}]}}