{"id":12438,"date":"2025-04-25T08:54:17","date_gmt":"2025-04-25T08:54:17","guid":{"rendered":"https:\/\/www.bsdnonwoven.com\/?post_type=product&#038;p=12438"},"modified":"2025-06-25T09:38:02","modified_gmt":"2025-06-25T09:38:02","slug":"automotive-nonwoven-fabric-substrate","status":"publish","type":"product","link":"https:\/\/www.bsdnonwoven.com\/fr\/produit\/automotive-nonwoven-fabric-substrate\/","title":{"rendered":"Substrat en tissu non tiss\u00e9 pour l'automobile"},"content":{"rendered":"<h2><strong>Description du produit Substrat en tissu non tiss\u00e9 pour l'automobile<\/strong><\/h2>\n<p><strong>Tissu non tiss\u00e9 aiguillet\u00e9 de qualit\u00e9 automobile<\/strong>\uff0cun substrat haute performance pour l'int\u00e9rieur des v\u00e9hicules, con\u00e7u par aiguilletage de pr\u00e9cision pour imbriquer les fibres dans une structure 3D enchev\u00eatr\u00e9e avec une stabilit\u00e9 dimensionnelle. En tant que base pour le rev\u00eatement en cuir synth\u00e9tique, il garantit une moulabilit\u00e9, une r\u00e9sistance \u00e0 la d\u00e9chirure et une capacit\u00e9 de charge sup\u00e9rieures. Largement utilis\u00e9e dans les si\u00e8ges, les panneaux de porte et les volants, cette solution favorise l'all\u00e8gement et la durabilit\u00e9 des automobiles gr\u00e2ce \u00e0 des rapports densit\u00e9\/performance optimis\u00e9s.<\/p>\n<h2><strong>Param\u00e8tre principal<\/strong><\/h2>\n<table class=\"tg\" style=\"border-collapse: collapse; border-spacing: 0;\">\n<thead>\n<tr>\n<th style=\"background-color: #fff; font-family: Arial, sans-serif; font-size: 14px; font-weight: normal; overflow: hidden; padding: 10px 5px; text-align: left; vertical-align: middle; word-break: normal; border: 1px solid black;\"><span style=\"color: #404040;\">Param\u00e8tres<\/span><\/th>\n<th style=\"background-color: #fff; font-family: Arial, sans-serif; font-size: 14px; font-weight: normal; overflow: hidden; padding: 10px 5px; text-align: left; vertical-align: middle; word-break: normal; border: 1px solid black;\"><span style=\"color: #404040;\">Sp\u00e9cifications<\/span><\/th>\n<\/tr>\n<\/thead>\n<tbody>\n<tr>\n<td style=\"background-color: #fff; font-family: Arial, sans-serif; font-size: 14px; overflow: hidden; padding: 10px 5px; text-align: left; vertical-align: middle; word-break: normal; border: 1px solid black;\"><span style=\"color: #404040;\">Mat\u00e9riau<\/span><\/td>\n<td style=\"background-color: #fff; font-family: Arial, sans-serif; font-size: 14px; overflow: hidden; padding: 10px 5px; text-align: left; vertical-align: middle; word-break: normal; border: 1px solid black;\"><span style=\"color: #404040;\">100% fibre de polyester (PET) ou fibre m\u00e9lang\u00e9e personnalis\u00e9e<\/span><\/td>\n<\/tr>\n<tr>\n<td style=\"background-color: #fff; font-family: Arial, sans-serif; font-size: 14px; overflow: hidden; padding: 10px 5px; text-align: left; vertical-align: middle; word-break: normal; border: 1px solid black;\"><span style=\"color: #404040;\">Poids en grammes<\/span><\/td>\n<td style=\"background-color: #fff; font-family: Arial, sans-serif; font-size: 14px; overflow: hidden; padding: 10px 5px; text-align: left; vertical-align: middle; word-break: normal; border: 1px solid black;\"><span style=\"color: #404040;\">150-500g\/m\u00b2 (personnalisable)<\/span><\/td>\n<\/tr>\n<tr>\n<td style=\"background-color: #fff; font-family: Arial, sans-serif; font-size: 14px; overflow: hidden; padding: 10px 5px; text-align: left; vertical-align: middle; word-break: normal; border: 1px solid black;\"><span style=\"color: #404040;\">\u00c9paisseur<\/span><\/td>\n<td style=\"background-color: #fff; font-family: Arial, sans-serif; font-size: 14px; overflow: hidden; padding: 10px 5px; text-align: left; vertical-align: middle; word-break: normal; border: 1px solid black;\"><span style=\"color: #404040;\">1,5-5,0 mm (r\u00e9glable)<\/span><\/td>\n<\/tr>\n<tr>\n<td style=\"background-color: #fff; font-family: Arial, sans-serif; font-size: 14px; overflow: hidden; padding: 10px 5px; text-align: left; vertical-align: middle; word-break: normal; border: 1px solid black;\"><span style=\"color: #404040;\">Largeur<\/span><\/td>\n<td style=\"background-color: #fff; font-family: Arial, sans-serif; font-size: 14px; overflow: hidden; padding: 10px 5px; text-align: left; vertical-align: middle; word-break: normal; border: 1px solid black;\"><span style=\"color: #404040;\">1,6m \/ 2,2m (tailles standard, personnalisation possible)<\/span><\/td>\n<\/tr>\n<tr>\n<td style=\"background-color: #fff; font-family: Arial, sans-serif; font-size: 14px; overflow: hidden; padding: 10px 5px; text-align: left; vertical-align: middle; word-break: normal; border: 1px solid black;\"><span style=\"color: #404040;\">Couleur<\/span><\/td>\n<td style=\"background-color: #fff; font-family: Arial, sans-serif; font-size: 14px; overflow: hidden; padding: 10px 5px; text-align: left; vertical-align: middle; word-break: normal; border: 1px solid black;\"><span style=\"color: #404040;\">Couleur naturelle (blanc\/gris), traitement de surface teintable ou stratifi\u00e9 disponible<\/span><\/td>\n<\/tr>\n<\/tbody>\n<\/table>\n<h2><strong>Caract\u00e9ristiques du produit<\/strong><\/h2>\n<table class=\"tg\" style=\"border-collapse: collapse; border-spacing: 0;\">\n<thead>\n<tr>\n<th style=\"background-color: #fff; font-family: Arial, sans-serif; font-size: 14px; font-weight: normal; overflow: hidden; padding: 10px 5px; text-align: left; vertical-align: middle; word-break: normal; border: 1px solid black;\"><span style=\"color: #404040;\">Param\u00e8tres<\/span><\/th>\n<th style=\"background-color: #fff; font-family: Arial, sans-serif; font-size: 14px; font-weight: normal; overflow: hidden; padding: 10px 5px; text-align: left; vertical-align: middle; word-break: normal; border: 1px solid black;\"><span style=\"color: #404040;\">Sp\u00e9cifications<\/span><\/th>\n<\/tr>\n<\/thead>\n<tbody>\n<tr>\n<td style=\"background-color: #fff; font-family: Arial, sans-serif; font-size: 14px; overflow: hidden; padding: 10px 5px; text-align: left; vertical-align: middle; word-break: normal; border: 1px solid black;\"><span style=\"color: #404040;\">Mat\u00e9riau<\/span><\/td>\n<td style=\"background-color: #fff; font-family: Arial, sans-serif; font-size: 14px; overflow: hidden; padding: 10px 5px; text-align: left; vertical-align: middle; word-break: normal; border: 1px solid black;\"><span style=\"color: #404040;\">100% fibre de polyester (PET) ou fibre m\u00e9lang\u00e9e personnalis\u00e9e<\/span><\/td>\n<\/tr>\n<tr>\n<td style=\"background-color: #fff; font-family: Arial, sans-serif; font-size: 14px; overflow: hidden; padding: 10px 5px; text-align: left; vertical-align: middle; word-break: normal; border: 1px solid black;\"><span style=\"color: #404040;\">Poids en grammes<\/span><\/td>\n<td style=\"background-color: #fff; font-family: Arial, sans-serif; font-size: 14px; overflow: hidden; padding: 10px 5px; text-align: left; vertical-align: middle; word-break: normal; border: 1px solid black;\"><span style=\"color: #404040;\">150-500g\/m\u00b2 (personnalisable)<\/span><\/td>\n<\/tr>\n<tr>\n<td style=\"background-color: #fff; font-family: Arial, sans-serif; font-size: 14px; overflow: hidden; padding: 10px 5px; text-align: left; vertical-align: middle; word-break: normal; border: 1px solid black;\"><span style=\"color: #404040;\">\u00c9paisseur<\/span><\/td>\n<td style=\"background-color: #fff; font-family: Arial, sans-serif; font-size: 14px; overflow: hidden; padding: 10px 5px; text-align: left; vertical-align: middle; word-break: normal; border: 1px solid black;\"><span style=\"color: #404040;\">1,5-5,0 mm (r\u00e9glable)<\/span><\/td>\n<\/tr>\n<tr>\n<td style=\"background-color: #fff; font-family: Arial, sans-serif; font-size: 14px; overflow: hidden; padding: 10px 5px; text-align: left; vertical-align: middle; word-break: normal; border: 1px solid black;\"><span style=\"color: #404040;\">Largeur<\/span><\/td>\n<td style=\"background-color: #fff; font-family: Arial, sans-serif; font-size: 14px; overflow: hidden; padding: 10px 5px; text-align: left; vertical-align: middle; word-break: normal; border: 1px solid black;\"><span style=\"color: #404040;\">1,6m \/ 2,2m (tailles standard, personnalisation possible)<\/span><\/td>\n<\/tr>\n<tr>\n<td style=\"background-color: #fff; font-family: Arial, sans-serif; font-size: 14px; overflow: hidden; padding: 10px 5px; text-align: left; vertical-align: middle; word-break: normal; border: 1px solid black;\"><span style=\"color: #404040;\">Couleur<\/span><\/td>\n<td style=\"background-color: #fff; font-family: Arial, sans-serif; font-size: 14px; overflow: hidden; padding: 10px 5px; text-align: left; vertical-align: middle; word-break: normal; border: 1px solid black;\"><span style=\"color: #404040;\">Couleur naturelle (blanc\/gris), traitement de surface teintable ou stratifi\u00e9 disponible<\/span><\/td>\n<\/tr>\n<\/tbody>\n<\/table>\n<h2><strong>Avantages du produit<\/strong><\/h2>\n<p><strong>Am\u00e9liore le confort :<\/strong> Structure douce au toucher et respirante pour optimiser l'exp\u00e9rience sensorielle dans la voiture.<br \/>\n<strong>Am\u00e9liore la durabilit\u00e9 :<\/strong> Les propri\u00e9t\u00e9s de r\u00e9sistance \u00e0 l'usure et au vieillissement prolongent la dur\u00e9e de vie de l'int\u00e9rieur.<br \/>\n<strong>Assurance de la s\u00e9curit\u00e9 :<\/strong> Les mat\u00e9riaux ignifuges et les faibles \u00e9missions de COV sont conformes aux normes mondiales de s\u00e9curit\u00e9 automobile.<br \/>\n<strong>Engagement environnemental<\/strong>: Les mat\u00e9riaux recyclables r\u00e9duisent consid\u00e9rablement l'empreinte carbone.<\/p>\n<h2><strong>Applications des produits<\/strong><\/h2>\n<table class=\"tg\" style=\"border-collapse: collapse; border-spacing: 0;\">\n<thead>\n<tr>\n<th style=\"background-color: #fff; font-family: Arial, sans-serif; font-size: 14px; font-weight: normal; overflow: hidden; padding: 10px 5px; text-align: left; vertical-align: middle; word-break: normal; border: 1px solid black;\"><span style=\"color: #404040;\">Domaine d'application<\/span><\/th>\n<th style=\"background-color: #fff; font-family: Arial, sans-serif; font-size: 14px; font-weight: normal; overflow: hidden; padding: 10px 5px; text-align: left; vertical-align: middle; word-break: normal; border: 1px solid black;\"><span style=\"color: #404040;\">Utilisation sp\u00e9cifique<\/span><\/th>\n<\/tr>\n<\/thead>\n<tbody>\n<tr>\n<td style=\"background-color: #fff; font-family: Arial, sans-serif; font-size: 14px; overflow: hidden; padding: 10px 5px; text-align: left; vertical-align: middle; word-break: normal; border: 1px solid black;\"><span style=\"color: #404040;\">Rembourrage du coussin de si\u00e8ge<\/span><\/td>\n<td style=\"background-color: #fff; font-family: Arial, sans-serif; font-size: 14px; overflow: hidden; padding: 10px 5px; text-align: left; vertical-align: middle; word-break: normal; border: 1px solid black;\"><span style=\"color: #404040;\">Tissu de base pour le cuir synth\u00e9tique\/le cuir microfibre, offrant un soutien et un rembourrage uniformes.<\/span><\/td>\n<\/tr>\n<tr>\n<td style=\"background-color: #fff; font-family: Arial, sans-serif; font-size: 14px; overflow: hidden; padding: 10px 5px; text-align: left; vertical-align: middle; word-break: normal; border: 1px solid black;\"><span style=\"color: #404040;\">Substrat du panneau de porte<\/span><\/td>\n<td style=\"background-color: #fff; font-family: Arial, sans-serif; font-size: 14px; overflow: hidden; padding: 10px 5px; text-align: left; vertical-align: middle; word-break: normal; border: 1px solid black;\"><span style=\"color: #404040;\">Stratifi\u00e9 avec une couche de surface en PVC\/PU, cr\u00e9ant des formes tridimensionnelles et une surface r\u00e9sistante \u00e0 l'usure.<\/span><\/td>\n<\/tr>\n<tr>\n<td style=\"background-color: #fff; font-family: Arial, sans-serif; font-size: 14px; overflow: hidden; padding: 10px 5px; text-align: left; vertical-align: middle; word-break: normal; border: 1px solid black;\"><span style=\"color: #404040;\">T\u00eate de lit<\/span><\/td>\n<td style=\"background-color: #fff; font-family: Arial, sans-serif; font-size: 14px; overflow: hidden; padding: 10px 5px; text-align: left; vertical-align: middle; word-break: normal; border: 1px solid black;\"><span style=\"color: #404040;\">Couche d'absorption acoustique l\u00e9g\u00e8re qui s'adapte \u00e0 la structure incurv\u00e9e du toit<\/span><\/td>\n<\/tr>\n<tr>\n<td style=\"background-color: #fff; font-family: Arial, sans-serif; font-size: 14px; overflow: hidden; padding: 10px 5px; text-align: left; vertical-align: middle; word-break: normal; border: 1px solid black;\"><span style=\"color: #404040;\">Substrat du tapis de sol<\/span><\/td>\n<td style=\"background-color: #fff; font-family: Arial, sans-serif; font-size: 14px; overflow: hidden; padding: 10px 5px; text-align: left; vertical-align: middle; word-break: normal; border: 1px solid black;\"><span style=\"color: #404040;\">Couche aiguillet\u00e9e de haute densit\u00e9, antid\u00e9rapante, r\u00e9sistante \u00e0 l'usure et facile \u00e0 nettoyer.<\/span><\/td>\n<\/tr>\n<tr>\n<td style=\"background-color: #fff; font-family: Arial, sans-serif; font-size: 14px; overflow: hidden; padding: 10px 5px; text-align: left; vertical-align: middle; word-break: normal; border: 1px solid black;\"><span style=\"color: #404040;\">Enveloppe du volant<\/span><\/td>\n<td style=\"background-color: #fff; font-family: Arial, sans-serif; font-size: 14px; overflow: hidden; padding: 10px 5px; text-align: left; vertical-align: middle; word-break: normal; border: 1px solid black;\"><span style=\"color: #404040;\">Am\u00e9liore le confort de la prise en main gr\u00e2ce \u00e0 une technologie d'enveloppement sans couture<\/span><\/td>\n<\/tr>\n<tr>\n<td style=\"background-color: #fff; font-family: Arial, sans-serif; font-size: 14px; overflow: hidden; padding: 10px 5px; text-align: left; vertical-align: middle; word-break: normal; border: 1px solid black;\"><span style=\"color: #404040;\">Tapis de coffre<\/span><\/td>\n<td style=\"background-color: #fff; font-family: Arial, sans-serif; font-size: 14px; overflow: hidden; padding: 10px 5px; text-align: left; vertical-align: middle; word-break: normal; border: 1px solid black;\"><span style=\"color: #404040;\">R\u00e9sistant \u00e0 la pression et aux rayures, il prot\u00e8ge les espaces de rangement des bagages.<\/span><\/td>\n<\/tr>\n<\/tbody>\n<\/table>\n<h2><strong>Photos d'application<\/strong><\/h2>\n<p><img loading=\"lazy\" decoding=\"async\" class=\"size-full wp-image-13569 aligncenter\" data-src=\"https:\/\/www.bsdnonwoven.com\/wp-content\/uploads\/2025\/04\/Automotive-Nonwoven-Fabric-Substrate-5.webp\" alt=\"Substrat en tissu non tiss\u00e9 pour l&#039;automobile\" width=\"1500\" height=\"500\" srcset=\"https:\/\/www.bsdnonwoven.com\/wp-content\/uploads\/2025\/04\/Automotive-Nonwoven-Fabric-Substrate-5.webp 1500w, https:\/\/www.bsdnonwoven.com\/wp-content\/uploads\/2025\/04\/Automotive-Nonwoven-Fabric-Substrate-5-1280x427.webp 1280w, https:\/\/www.bsdnonwoven.com\/wp-content\/uploads\/2025\/04\/Automotive-Nonwoven-Fabric-Substrate-5-980x327.webp 980w, https:\/\/www.bsdnonwoven.com\/wp-content\/uploads\/2025\/04\/Automotive-Nonwoven-Fabric-Substrate-5-480x160.webp 480w\" sizes=\"(min-width: 0px) and (max-width: 480px) 480px, (min-width: 481px) and (max-width: 980px) 980px, (min-width: 981px) and (max-width: 1280px) 1280px, (min-width: 1281px) 1500px, 100vw\" \/><\/p>","protected":false},"excerpt":{"rendered":"<p>Description du produit Substrat de tissu non tiss\u00e9 pour l'automobile Le tissu non tiss\u00e9 aiguillet\u00e9 de qualit\u00e9 automobile\uff0c est un substrat de haute performance pour l'int\u00e9rieur des v\u00e9hicules, con\u00e7u par aiguilletage de pr\u00e9cision pour imbriquer les fibres en une structure 3D enchev\u00eatr\u00e9e avec une stabilit\u00e9 dimensionnelle. En tant que base pour le rev\u00eatement en cuir synth\u00e9tique, il garantit une moulabilit\u00e9, une r\u00e9sistance \u00e0 la d\u00e9chirure et une capacit\u00e9 de charge sup\u00e9rieures. Largement utilis\u00e9 dans les si\u00e8ges, les panneaux de porte et les [...]<\/p>","protected":false},"featured_media":12340,"template":"","meta":{"_et_pb_use_builder":"","_et_pb_old_content":"","_et_gb_content_width":""},"product_cat":[302],"product_tag":[295],"yoast_head":"<!-- This site is optimized with the Yoast SEO plugin v22.7 - https:\/\/yoast.com\/wordpress\/plugins\/seo\/ -->\n<title>Automotive Nonwoven Fabric Substrate - Boshida Nonwoven<\/title>\n<meta name=\"description\" content=\"Automotive Nonwoven Fabric Substrate , we provide Geosynthetic Needle-Punched Non-woven Fabric, Household needle punched non-woven fabric, Automotive Non-woven Fabric with good price.\" \/>\n<meta name=\"robots\" content=\"index, follow, max-snippet:-1, max-image-preview:large, max-video-preview:-1\" \/>\n<link rel=\"canonical\" href=\"https:\/\/www.bsdnonwoven.com\/fr\/produit\/automotive-nonwoven-fabric-substrate\/\" \/>\n<meta property=\"og:locale\" content=\"fr_FR\" \/>\n<meta property=\"og:type\" content=\"article\" \/>\n<meta property=\"og:title\" content=\"Automotive Nonwoven Fabric Substrate - Boshida Nonwoven\" \/>\n<meta property=\"og:description\" content=\"Automotive Nonwoven Fabric Substrate , we provide Geosynthetic Needle-Punched Non-woven Fabric, Household needle punched non-woven fabric, Automotive Non-woven Fabric with good price.\" \/>\n<meta property=\"og:url\" content=\"https:\/\/www.bsdnonwoven.com\/fr\/produit\/automotive-nonwoven-fabric-substrate\/\" \/>\n<meta property=\"og:site_name\" content=\"Boshida Nonwoven\" \/>\n<meta property=\"article:modified_time\" content=\"2025-06-25T09:38:02+00:00\" \/>\n<meta property=\"og:image\" content=\"https:\/\/www.bsdnonwoven.com\/wp-content\/uploads\/2025\/04\/Needle-punched-nonwoven-fabric-for-footwear-02.webp\" \/>\n\t<meta property=\"og:image:width\" content=\"800\" \/>\n\t<meta property=\"og:image:height\" content=\"800\" \/>\n\t<meta property=\"og:image:type\" content=\"image\/webp\" \/>\n<meta name=\"twitter:card\" content=\"summary_large_image\" \/>\n<meta name=\"twitter:label1\" content=\"Dur\u00e9e de lecture estim\u00e9e\" \/>\n\t<meta name=\"twitter:data1\" content=\"2 minutes\" \/>\n<script type=\"application\/ld+json\" class=\"yoast-schema-graph\">{\"@context\":\"https:\/\/schema.org\",\"@graph\":[{\"@type\":\"WebPage\",\"@id\":\"https:\/\/www.bsdnonwoven.com\/product\/automotive-nonwoven-fabric-substrate\/\",\"url\":\"https:\/\/www.bsdnonwoven.com\/product\/automotive-nonwoven-fabric-substrate\/\",\"name\":\"Automotive Nonwoven Fabric Substrate - Boshida Nonwoven\",\"isPartOf\":{\"@id\":\"https:\/\/www.bsdnonwoven.com\/#website\"},\"primaryImageOfPage\":{\"@id\":\"https:\/\/www.bsdnonwoven.com\/product\/automotive-nonwoven-fabric-substrate\/#primaryimage\"},\"image\":{\"@id\":\"https:\/\/www.bsdnonwoven.com\/product\/automotive-nonwoven-fabric-substrate\/#primaryimage\"},\"thumbnailUrl\":\"https:\/\/www.bsdnonwoven.com\/wp-content\/uploads\/2025\/04\/Needle-punched-nonwoven-fabric-for-footwear-02.webp\",\"datePublished\":\"2025-04-25T08:54:17+00:00\",\"dateModified\":\"2025-06-25T09:38:02+00:00\",\"description\":\"Automotive Nonwoven Fabric Substrate , we provide Geosynthetic Needle-Punched Non-woven Fabric, Household needle punched non-woven fabric, Automotive Non-woven Fabric with good price.\",\"breadcrumb\":{\"@id\":\"https:\/\/www.bsdnonwoven.com\/product\/automotive-nonwoven-fabric-substrate\/#breadcrumb\"},\"inLanguage\":\"fr-FR\",\"potentialAction\":[{\"@type\":\"ReadAction\",\"target\":[\"https:\/\/www.bsdnonwoven.com\/product\/automotive-nonwoven-fabric-substrate\/\"]}]},{\"@type\":\"ImageObject\",\"inLanguage\":\"fr-FR\",\"@id\":\"https:\/\/www.bsdnonwoven.com\/product\/automotive-nonwoven-fabric-substrate\/#primaryimage\",\"url\":\"https:\/\/www.bsdnonwoven.com\/wp-content\/uploads\/2025\/04\/Needle-punched-nonwoven-fabric-for-footwear-02.webp\",\"contentUrl\":\"https:\/\/www.bsdnonwoven.com\/wp-content\/uploads\/2025\/04\/Needle-punched-nonwoven-fabric-for-footwear-02.webp\",\"width\":800,\"height\":800,\"caption\":\"Needle-punched nonwoven fabric for footwear\"},{\"@type\":\"BreadcrumbList\",\"@id\":\"https:\/\/www.bsdnonwoven.com\/product\/automotive-nonwoven-fabric-substrate\/#breadcrumb\",\"itemListElement\":[{\"@type\":\"ListItem\",\"position\":1,\"name\":\"Home\",\"item\":\"https:\/\/www.bsdnonwoven.com\/\"},{\"@type\":\"ListItem\",\"position\":2,\"name\":\"Products\",\"item\":\"https:\/\/www.bsdnonwoven.com\/shop\/\"},{\"@type\":\"ListItem\",\"position\":3,\"name\":\"Automotive Nonwoven Fabric Substrate\"}]},{\"@type\":\"WebSite\",\"@id\":\"https:\/\/www.bsdnonwoven.com\/#website\",\"url\":\"https:\/\/www.bsdnonwoven.com\/\",\"name\":\"Boshida Nonwoven\",\"description\":\"\",\"potentialAction\":[{\"@type\":\"SearchAction\",\"target\":{\"@type\":\"EntryPoint\",\"urlTemplate\":\"https:\/\/www.bsdnonwoven.com\/?s={search_term_string}\"},\"query-input\":\"required name=search_term_string\"}],\"inLanguage\":\"fr-FR\"}]}<\/script>\n<!-- \/ Yoast SEO plugin. -->","yoast_head_json":{"title":"Automotive Nonwoven Fabric Substrate - Boshida Nonwoven","description":"Automotive Nonwoven Fabric Substrate , we provide Geosynthetic Needle-Punched Non-woven Fabric, Household needle punched non-woven fabric, Automotive Non-woven Fabric with good price.","robots":{"index":"index","follow":"follow","max-snippet":"max-snippet:-1","max-image-preview":"max-image-preview:large","max-video-preview":"max-video-preview:-1"},"canonical":"https:\/\/www.bsdnonwoven.com\/fr\/produit\/automotive-nonwoven-fabric-substrate\/","og_locale":"fr_FR","og_type":"article","og_title":"Automotive Nonwoven Fabric Substrate - Boshida Nonwoven","og_description":"Automotive Nonwoven Fabric Substrate , we provide Geosynthetic Needle-Punched Non-woven Fabric, Household needle punched non-woven fabric, Automotive Non-woven Fabric with good price.","og_url":"https:\/\/www.bsdnonwoven.com\/fr\/produit\/automotive-nonwoven-fabric-substrate\/","og_site_name":"Boshida Nonwoven","article_modified_time":"2025-06-25T09:38:02+00:00","og_image":[{"width":800,"height":800,"url":"https:\/\/www.bsdnonwoven.com\/wp-content\/uploads\/2025\/04\/Needle-punched-nonwoven-fabric-for-footwear-02.webp","type":"image\/webp"}],"twitter_card":"summary_large_image","twitter_misc":{"Dur\u00e9e de lecture estim\u00e9e":"2 minutes"},"schema":{"@context":"https:\/\/schema.org","@graph":[{"@type":"WebPage","@id":"https:\/\/www.bsdnonwoven.com\/product\/automotive-nonwoven-fabric-substrate\/","url":"https:\/\/www.bsdnonwoven.com\/product\/automotive-nonwoven-fabric-substrate\/","name":"Automotive Nonwoven Fabric Substrate - Boshida Nonwoven","isPartOf":{"@id":"https:\/\/www.bsdnonwoven.com\/#website"},"primaryImageOfPage":{"@id":"https:\/\/www.bsdnonwoven.com\/product\/automotive-nonwoven-fabric-substrate\/#primaryimage"},"image":{"@id":"https:\/\/www.bsdnonwoven.com\/product\/automotive-nonwoven-fabric-substrate\/#primaryimage"},"thumbnailUrl":"https:\/\/www.bsdnonwoven.com\/wp-content\/uploads\/2025\/04\/Needle-punched-nonwoven-fabric-for-footwear-02.webp","datePublished":"2025-04-25T08:54:17+00:00","dateModified":"2025-06-25T09:38:02+00:00","description":"Automotive Nonwoven Fabric Substrate , we provide Geosynthetic Needle-Punched Non-woven Fabric, Household needle punched non-woven fabric, Automotive Non-woven Fabric with good price.","breadcrumb":{"@id":"https:\/\/www.bsdnonwoven.com\/product\/automotive-nonwoven-fabric-substrate\/#breadcrumb"},"inLanguage":"fr-FR","potentialAction":[{"@type":"ReadAction","target":["https:\/\/www.bsdnonwoven.com\/product\/automotive-nonwoven-fabric-substrate\/"]}]},{"@type":"ImageObject","inLanguage":"fr-FR","@id":"https:\/\/www.bsdnonwoven.com\/product\/automotive-nonwoven-fabric-substrate\/#primaryimage","url":"https:\/\/www.bsdnonwoven.com\/wp-content\/uploads\/2025\/04\/Needle-punched-nonwoven-fabric-for-footwear-02.webp","contentUrl":"https:\/\/www.bsdnonwoven.com\/wp-content\/uploads\/2025\/04\/Needle-punched-nonwoven-fabric-for-footwear-02.webp","width":800,"height":800,"caption":"Needle-punched nonwoven fabric for footwear"},{"@type":"BreadcrumbList","@id":"https:\/\/www.bsdnonwoven.com\/product\/automotive-nonwoven-fabric-substrate\/#breadcrumb","itemListElement":[{"@type":"ListItem","position":1,"name":"Home","item":"https:\/\/www.bsdnonwoven.com\/"},{"@type":"ListItem","position":2,"name":"Products","item":"https:\/\/www.bsdnonwoven.com\/shop\/"},{"@type":"ListItem","position":3,"name":"Automotive Nonwoven Fabric Substrate"}]},{"@type":"WebSite","@id":"https:\/\/www.bsdnonwoven.com\/#website","url":"https:\/\/www.bsdnonwoven.com\/","name":"Boshida Nonwoven","description":"","potentialAction":[{"@type":"SearchAction","target":{"@type":"EntryPoint","urlTemplate":"https:\/\/www.bsdnonwoven.com\/?s={search_term_string}"},"query-input":"required name=search_term_string"}],"inLanguage":"fr-FR"}]}},"_links":{"self":[{"href":"https:\/\/www.bsdnonwoven.com\/fr\/wp-json\/wp\/v2\/product\/12438"}],"collection":[{"href":"https:\/\/www.bsdnonwoven.com\/fr\/wp-json\/wp\/v2\/product"}],"about":[{"href":"https:\/\/www.bsdnonwoven.com\/fr\/wp-json\/wp\/v2\/types\/product"}],"wp:featuredmedia":[{"embeddable":true,"href":"https:\/\/www.bsdnonwoven.com\/fr\/wp-json\/wp\/v2\/media\/12340"}],"wp:attachment":[{"href":"https:\/\/www.bsdnonwoven.com\/fr\/wp-json\/wp\/v2\/media?parent=12438"}],"wp:term":[{"taxonomy":"product_cat","embeddable":true,"href":"https:\/\/www.bsdnonwoven.com\/fr\/wp-json\/wp\/v2\/product_cat?post=12438"},{"taxonomy":"product_tag","embeddable":true,"href":"https:\/\/www.bsdnonwoven.com\/fr\/wp-json\/wp\/v2\/product_tag?post=12438"}],"curies":[{"name":"wp","href":"https:\/\/api.w.org\/{rel}","templated":true}]}}