{"id":12549,"date":"2025-05-10T02:31:47","date_gmt":"2025-05-10T02:31:47","guid":{"rendered":"https:\/\/www.bsdnonwoven.com\/?post_type=product&#038;p=12549"},"modified":"2025-06-25T09:37:41","modified_gmt":"2025-06-25T09:37:41","slug":"needle-punched-nonwoven-air-filter-fabric","status":"publish","type":"product","link":"https:\/\/www.bsdnonwoven.com\/fr\/produit\/needle-punched-nonwoven-air-filter-fabric\/","title":{"rendered":"Tissu non tiss\u00e9 aiguillet\u00e9 pour filtre \u00e0 air"},"content":{"rendered":"<h2>Principales sp\u00e9cifications<\/h2>\n<table class=\"tg\" style=\"border-collapse: collapse; border-spacing: 0;\">\n<thead>\n<tr>\n<th style=\"font-family: Arial, sans-serif; font-size: 14px; font-weight: bold; overflow: hidden; padding: 10px 5px; text-align: center; vertical-align: top; word-break: normal; border: 1px solid black;\">Sp\u00e9cifications<\/th>\n<th style=\"font-family: Arial, sans-serif; font-size: 14px; font-weight: bold; overflow: hidden; padding: 10px 5px; text-align: center; vertical-align: middle; word-break: normal; border: 1px solid black;\">Valeur<\/th>\n<\/tr>\n<\/thead>\n<tbody>\n<tr>\n<td style=\"font-family: Arial, sans-serif; font-size: 14px; overflow: hidden; padding: 10px 5px; text-align: left; vertical-align: middle; word-break: normal; border: 1px solid black;\">Mat\u00e9riau<\/td>\n<td style=\"font-family: Arial, sans-serif; font-size: 14px; overflow: hidden; padding: 10px 5px; text-align: left; vertical-align: middle; word-break: normal; border: 1px solid black;\">Polypropyl\u00e8ne, polyester, etc.<\/td>\n<\/tr>\n<tr>\n<td style=\"font-family: Arial, sans-serif; font-size: 14px; overflow: hidden; padding: 10px 5px; text-align: left; vertical-align: middle; word-break: normal; border: 1px solid black;\">Poids<\/td>\n<td style=\"font-family: Arial, sans-serif; font-size: 14px; overflow: hidden; padding: 10px 5px; text-align: left; vertical-align: middle; word-break: normal; border: 1px solid black;\">80-500 g\/m2<\/td>\n<\/tr>\n<tr>\n<td style=\"font-family: Arial, sans-serif; font-size: 14px; overflow: hidden; padding: 10px 5px; text-align: left; vertical-align: middle; word-break: normal; border: 1px solid black;\">\u00c9paisseur<\/td>\n<td style=\"font-family: Arial, sans-serif; font-size: 14px; overflow: hidden; padding: 10px 5px; text-align: left; vertical-align: middle; word-break: normal; border: 1px solid black;\">0,5mm-10mm<\/td>\n<\/tr>\n<tr>\n<td style=\"font-family: Arial, sans-serif; font-size: 14px; overflow: hidden; padding: 10px 5px; text-align: left; vertical-align: middle; word-break: normal; border: 1px solid black;\">Largeur<\/td>\n<td style=\"font-family: Arial, sans-serif; font-size: 14px; overflow: hidden; padding: 10px 5px; text-align: left; vertical-align: middle; word-break: normal; border: 1px solid black;\">Jusqu'\u00e0 320 cm<\/td>\n<\/tr>\n<tr>\n<td style=\"font-family: Arial, sans-serif; font-size: 14px; overflow: hidden; padding: 10px 5px; text-align: left; vertical-align: middle; word-break: normal; border: 1px solid black;\">Couleur<\/td>\n<td style=\"font-family: Arial, sans-serif; font-size: 14px; overflow: hidden; padding: 10px 5px; text-align: left; vertical-align: middle; word-break: normal; border: 1px solid black;\">Blanc, gris, etc.<\/td>\n<\/tr>\n<tr>\n<td style=\"font-family: Arial, sans-serif; font-size: 14px; overflow: hidden; padding: 10px 5px; text-align: left; vertical-align: middle; word-break: normal; border: 1px solid black;\">Formulaire<\/td>\n<td style=\"font-family: Arial, sans-serif; font-size: 14px; overflow: hidden; padding: 10px 5px; text-align: left; vertical-align: middle; word-break: normal; border: 1px solid black;\">Rouleaux ou feuilles<\/td>\n<\/tr>\n<tr>\n<td style=\"font-family: Arial, sans-serif; font-size: 14px; overflow: hidden; padding: 10px 5px; text-align: left; vertical-align: middle; word-break: normal; border: 1px solid black;\">Type<\/td>\n<td style=\"font-family: Arial, sans-serif; font-size: 14px; overflow: hidden; padding: 10px 5px; text-align: left; vertical-align: middle; word-break: normal; border: 1px solid black;\">Non-tiss\u00e9 aiguillet\u00e9, retardateur de flamme disponible<\/td>\n<\/tr>\n<\/tbody>\n<\/table>\n<h2>Description du produit<\/h2>\n<p>Le tissu non tiss\u00e9 aiguillet\u00e9 pour filtres \u00e0 air est un tissu non tiss\u00e9 compos\u00e9 de <a href=\"https:\/\/www.bsdnonwoven.com\/product\/needle-punched-nonwoven-air-filter-fabric\/\"><strong>Mat\u00e9riau du filtre \u00e0 air<\/strong><\/a> tels que le polypropyl\u00e8ne et le polyester gr\u00e2ce \u00e0 la technologie de l'aiguilletage. Il offre d'excellentes performances de filtration et de durabilit\u00e9, et est largement utilis\u00e9 dans les syst\u00e8mes de filtration d'air pour assurer une filtration efficace des particules.<\/p>\n<h2>Caract\u00e9ristiques du produit<\/h2>\n<p>Perm\u00e9abilit\u00e9 \u00e0 l'air et efficacit\u00e9 de filtration \u00e9lev\u00e9es<\/p>\n<p>Forte r\u00e9sistance m\u00e9canique et r\u00e9sistance \u00e0 la temp\u00e9rature<\/p>\n<p>R\u00e9utilisable et lavable dans une certaine mesure<\/p>\n<p>\u00c9cologique et conforme aux normes ROHS<\/p>\n<p>Poids et degr\u00e9 de filtration personnalisables<\/p>\n<h2>Fonction du produit<\/h2>\n<p>Capture la poussi\u00e8re, les particules, le pollen et d'autres polluants atmosph\u00e9riques<\/p>\n<p>Agit comme un pr\u00e9-filtre pour prolonger la dur\u00e9e de vie des filtres finaux<\/p>\n<p>Contribue \u00e0 maintenir un air pur et \u00e0 am\u00e9liorer les performances du syst\u00e8me<\/p>\n<h2>Applications des produits<\/h2>\n<p>M\u00e9dia filtrant pour syst\u00e8mes CVC<\/p>\n<p>Filtres pour d\u00e9poussi\u00e9reurs industriels<\/p>\n<p>Filtres pour climatiseurs automobiles<\/p>\n<p>Couche de pr\u00e9-filtre dans les purificateurs d'air commerciaux<\/p>\n<p>Filtration de l'air dans les cabines de peinture et les ateliers \u00e9lectroniques<\/p>\n<h2>Sc\u00e9nario d'application Images<\/h2>\n<p><img loading=\"lazy\" decoding=\"async\" class=\"size-full wp-image-13584 aligncenter\" data-src=\"https:\/\/www.bsdnonwoven.com\/wp-content\/uploads\/2025\/05\/Needle-Punched-Nonwoven-Air-Filter-Fabric1-2.webp\" alt=\"Tissu non tiss\u00e9 aiguillet\u00e9 pour filtres \u00e0 air1\" width=\"1500\" height=\"500\" srcset=\"https:\/\/www.bsdnonwoven.com\/wp-content\/uploads\/2025\/05\/Needle-Punched-Nonwoven-Air-Filter-Fabric1-2.webp 1500w, https:\/\/www.bsdnonwoven.com\/wp-content\/uploads\/2025\/05\/Needle-Punched-Nonwoven-Air-Filter-Fabric1-2-1280x427.webp 1280w, https:\/\/www.bsdnonwoven.com\/wp-content\/uploads\/2025\/05\/Needle-Punched-Nonwoven-Air-Filter-Fabric1-2-980x327.webp 980w, https:\/\/www.bsdnonwoven.com\/wp-content\/uploads\/2025\/05\/Needle-Punched-Nonwoven-Air-Filter-Fabric1-2-480x160.webp 480w\" sizes=\"(min-width: 0px) and (max-width: 480px) 480px, (min-width: 481px) and (max-width: 980px) 980px, (min-width: 981px) and (max-width: 1280px) 1280px, (min-width: 1281px) 1500px, 100vw\" \/><\/p>\n<p>Veuillez consulter notre<a href=\"https:\/\/www.bsdnonwoven.com\/category\/filter-needle-punch-nonwoven\/\"><strong> Filtre \u00e0 aiguilles Nonwoven<\/strong><\/a> Catalogue pour plus d'informations !<\/p>","protected":false},"excerpt":{"rendered":"<p>Le tissu non tiss\u00e9 aiguillet\u00e9 pour filtres \u00e0 air est un tissu non tiss\u00e9 compos\u00e9 de <strong>Mat\u00e9riau du filtre \u00e0 air<\/strong> tels que le polypropyl\u00e8ne et le polyester gr\u00e2ce \u00e0 la technologie de l'aiguilletage. Il offre d'excellentes performances de filtration et de durabilit\u00e9, et est largement utilis\u00e9 dans les syst\u00e8mes de filtration d'air pour assurer une filtration efficace des particules.<\/p>","protected":false},"featured_media":13174,"template":"","meta":{"_et_pb_use_builder":"","_et_pb_old_content":"","_et_gb_content_width":""},"product_cat":[296],"product_tag":[303],"yoast_head":"<!-- This site is optimized with the Yoast SEO plugin v22.7 - https:\/\/yoast.com\/wordpress\/plugins\/seo\/ -->\n<title>Needle Punched Nonwoven Air Filter Fabric - Boshida Nonwoven<\/title>\n<meta name=\"description\" content=\"Needle Punched Nonwoven Air Filter Fabric , we provide Geosynthetic Needle-Punched Non-woven Fabric, Household needle punched non-woven fabric, Automotive Non-woven Fabric with good price.\" \/>\n<meta name=\"robots\" content=\"index, follow, max-snippet:-1, max-image-preview:large, max-video-preview:-1\" \/>\n<link rel=\"canonical\" href=\"https:\/\/www.bsdnonwoven.com\/fr\/produit\/needle-punched-nonwoven-air-filter-fabric\/\" \/>\n<meta property=\"og:locale\" content=\"fr_FR\" \/>\n<meta property=\"og:type\" content=\"article\" \/>\n<meta property=\"og:title\" content=\"Needle Punched Nonwoven Air Filter Fabric - Boshida Nonwoven\" \/>\n<meta property=\"og:description\" content=\"Needle Punched Nonwoven Air Filter Fabric , we provide Geosynthetic Needle-Punched Non-woven Fabric, Household needle punched non-woven fabric, Automotive Non-woven Fabric with good price.\" \/>\n<meta property=\"og:url\" content=\"https:\/\/www.bsdnonwoven.com\/fr\/produit\/needle-punched-nonwoven-air-filter-fabric\/\" \/>\n<meta property=\"og:site_name\" content=\"Boshida Nonwoven\" \/>\n<meta property=\"article:modified_time\" content=\"2025-06-25T09:37:41+00:00\" \/>\n<meta property=\"og:image\" content=\"https:\/\/www.bsdnonwoven.com\/wp-content\/uploads\/2025\/05\/Needle-Punched-Nonwoven-Air-Filter-Fabric.webp\" \/>\n\t<meta property=\"og:image:width\" content=\"800\" \/>\n\t<meta property=\"og:image:height\" content=\"800\" \/>\n\t<meta property=\"og:image:type\" content=\"image\/webp\" \/>\n<meta name=\"twitter:card\" content=\"summary_large_image\" \/>\n<meta name=\"twitter:label1\" content=\"Dur\u00e9e de lecture estim\u00e9e\" \/>\n\t<meta name=\"twitter:data1\" content=\"2 minutes\" \/>\n<script type=\"application\/ld+json\" class=\"yoast-schema-graph\">{\"@context\":\"https:\/\/schema.org\",\"@graph\":[{\"@type\":\"WebPage\",\"@id\":\"https:\/\/www.bsdnonwoven.com\/product\/needle-punched-nonwoven-air-filter-fabric\/\",\"url\":\"https:\/\/www.bsdnonwoven.com\/product\/needle-punched-nonwoven-air-filter-fabric\/\",\"name\":\"Needle Punched Nonwoven Air Filter Fabric - Boshida Nonwoven\",\"isPartOf\":{\"@id\":\"https:\/\/www.bsdnonwoven.com\/#website\"},\"primaryImageOfPage\":{\"@id\":\"https:\/\/www.bsdnonwoven.com\/product\/needle-punched-nonwoven-air-filter-fabric\/#primaryimage\"},\"image\":{\"@id\":\"https:\/\/www.bsdnonwoven.com\/product\/needle-punched-nonwoven-air-filter-fabric\/#primaryimage\"},\"thumbnailUrl\":\"https:\/\/www.bsdnonwoven.com\/wp-content\/uploads\/2025\/05\/Needle-Punched-Nonwoven-Air-Filter-Fabric.webp\",\"datePublished\":\"2025-05-10T02:31:47+00:00\",\"dateModified\":\"2025-06-25T09:37:41+00:00\",\"description\":\"Needle Punched Nonwoven Air Filter Fabric , we provide Geosynthetic Needle-Punched Non-woven Fabric, Household needle punched non-woven fabric, Automotive Non-woven Fabric with good price.\",\"breadcrumb\":{\"@id\":\"https:\/\/www.bsdnonwoven.com\/product\/needle-punched-nonwoven-air-filter-fabric\/#breadcrumb\"},\"inLanguage\":\"fr-FR\",\"potentialAction\":[{\"@type\":\"ReadAction\",\"target\":[\"https:\/\/www.bsdnonwoven.com\/product\/needle-punched-nonwoven-air-filter-fabric\/\"]}]},{\"@type\":\"ImageObject\",\"inLanguage\":\"fr-FR\",\"@id\":\"https:\/\/www.bsdnonwoven.com\/product\/needle-punched-nonwoven-air-filter-fabric\/#primaryimage\",\"url\":\"https:\/\/www.bsdnonwoven.com\/wp-content\/uploads\/2025\/05\/Needle-Punched-Nonwoven-Air-Filter-Fabric.webp\",\"contentUrl\":\"https:\/\/www.bsdnonwoven.com\/wp-content\/uploads\/2025\/05\/Needle-Punched-Nonwoven-Air-Filter-Fabric.webp\",\"width\":800,\"height\":800,\"caption\":\"Needle Punched Nonwoven Air Filter Fabric\"},{\"@type\":\"BreadcrumbList\",\"@id\":\"https:\/\/www.bsdnonwoven.com\/product\/needle-punched-nonwoven-air-filter-fabric\/#breadcrumb\",\"itemListElement\":[{\"@type\":\"ListItem\",\"position\":1,\"name\":\"Home\",\"item\":\"https:\/\/www.bsdnonwoven.com\/\"},{\"@type\":\"ListItem\",\"position\":2,\"name\":\"Products\",\"item\":\"https:\/\/www.bsdnonwoven.com\/shop\/\"},{\"@type\":\"ListItem\",\"position\":3,\"name\":\"Needle Punched Nonwoven Air Filter Fabric\"}]},{\"@type\":\"WebSite\",\"@id\":\"https:\/\/www.bsdnonwoven.com\/#website\",\"url\":\"https:\/\/www.bsdnonwoven.com\/\",\"name\":\"Boshida Nonwoven\",\"description\":\"\",\"potentialAction\":[{\"@type\":\"SearchAction\",\"target\":{\"@type\":\"EntryPoint\",\"urlTemplate\":\"https:\/\/www.bsdnonwoven.com\/?s={search_term_string}\"},\"query-input\":\"required name=search_term_string\"}],\"inLanguage\":\"fr-FR\"}]}<\/script>\n<!-- \/ Yoast SEO plugin. -->","yoast_head_json":{"title":"Needle Punched Nonwoven Air Filter Fabric - Boshida Nonwoven","description":"Needle Punched Nonwoven Air Filter Fabric , we provide Geosynthetic Needle-Punched Non-woven Fabric, Household needle punched non-woven fabric, Automotive Non-woven Fabric with good price.","robots":{"index":"index","follow":"follow","max-snippet":"max-snippet:-1","max-image-preview":"max-image-preview:large","max-video-preview":"max-video-preview:-1"},"canonical":"https:\/\/www.bsdnonwoven.com\/fr\/produit\/needle-punched-nonwoven-air-filter-fabric\/","og_locale":"fr_FR","og_type":"article","og_title":"Needle Punched Nonwoven Air Filter Fabric - Boshida Nonwoven","og_description":"Needle Punched Nonwoven Air Filter Fabric , we provide Geosynthetic Needle-Punched Non-woven Fabric, Household needle punched non-woven fabric, Automotive Non-woven Fabric with good price.","og_url":"https:\/\/www.bsdnonwoven.com\/fr\/produit\/needle-punched-nonwoven-air-filter-fabric\/","og_site_name":"Boshida Nonwoven","article_modified_time":"2025-06-25T09:37:41+00:00","og_image":[{"width":800,"height":800,"url":"https:\/\/www.bsdnonwoven.com\/wp-content\/uploads\/2025\/05\/Needle-Punched-Nonwoven-Air-Filter-Fabric.webp","type":"image\/webp"}],"twitter_card":"summary_large_image","twitter_misc":{"Dur\u00e9e de lecture estim\u00e9e":"2 minutes"},"schema":{"@context":"https:\/\/schema.org","@graph":[{"@type":"WebPage","@id":"https:\/\/www.bsdnonwoven.com\/product\/needle-punched-nonwoven-air-filter-fabric\/","url":"https:\/\/www.bsdnonwoven.com\/product\/needle-punched-nonwoven-air-filter-fabric\/","name":"Needle Punched Nonwoven Air Filter Fabric - Boshida Nonwoven","isPartOf":{"@id":"https:\/\/www.bsdnonwoven.com\/#website"},"primaryImageOfPage":{"@id":"https:\/\/www.bsdnonwoven.com\/product\/needle-punched-nonwoven-air-filter-fabric\/#primaryimage"},"image":{"@id":"https:\/\/www.bsdnonwoven.com\/product\/needle-punched-nonwoven-air-filter-fabric\/#primaryimage"},"thumbnailUrl":"https:\/\/www.bsdnonwoven.com\/wp-content\/uploads\/2025\/05\/Needle-Punched-Nonwoven-Air-Filter-Fabric.webp","datePublished":"2025-05-10T02:31:47+00:00","dateModified":"2025-06-25T09:37:41+00:00","description":"Needle Punched Nonwoven Air Filter Fabric , we provide Geosynthetic Needle-Punched Non-woven Fabric, Household needle punched non-woven fabric, Automotive Non-woven Fabric with good price.","breadcrumb":{"@id":"https:\/\/www.bsdnonwoven.com\/product\/needle-punched-nonwoven-air-filter-fabric\/#breadcrumb"},"inLanguage":"fr-FR","potentialAction":[{"@type":"ReadAction","target":["https:\/\/www.bsdnonwoven.com\/product\/needle-punched-nonwoven-air-filter-fabric\/"]}]},{"@type":"ImageObject","inLanguage":"fr-FR","@id":"https:\/\/www.bsdnonwoven.com\/product\/needle-punched-nonwoven-air-filter-fabric\/#primaryimage","url":"https:\/\/www.bsdnonwoven.com\/wp-content\/uploads\/2025\/05\/Needle-Punched-Nonwoven-Air-Filter-Fabric.webp","contentUrl":"https:\/\/www.bsdnonwoven.com\/wp-content\/uploads\/2025\/05\/Needle-Punched-Nonwoven-Air-Filter-Fabric.webp","width":800,"height":800,"caption":"Needle Punched Nonwoven Air Filter Fabric"},{"@type":"BreadcrumbList","@id":"https:\/\/www.bsdnonwoven.com\/product\/needle-punched-nonwoven-air-filter-fabric\/#breadcrumb","itemListElement":[{"@type":"ListItem","position":1,"name":"Home","item":"https:\/\/www.bsdnonwoven.com\/"},{"@type":"ListItem","position":2,"name":"Products","item":"https:\/\/www.bsdnonwoven.com\/shop\/"},{"@type":"ListItem","position":3,"name":"Needle Punched Nonwoven Air Filter Fabric"}]},{"@type":"WebSite","@id":"https:\/\/www.bsdnonwoven.com\/#website","url":"https:\/\/www.bsdnonwoven.com\/","name":"Boshida Nonwoven","description":"","potentialAction":[{"@type":"SearchAction","target":{"@type":"EntryPoint","urlTemplate":"https:\/\/www.bsdnonwoven.com\/?s={search_term_string}"},"query-input":"required name=search_term_string"}],"inLanguage":"fr-FR"}]}},"_links":{"self":[{"href":"https:\/\/www.bsdnonwoven.com\/fr\/wp-json\/wp\/v2\/product\/12549"}],"collection":[{"href":"https:\/\/www.bsdnonwoven.com\/fr\/wp-json\/wp\/v2\/product"}],"about":[{"href":"https:\/\/www.bsdnonwoven.com\/fr\/wp-json\/wp\/v2\/types\/product"}],"wp:featuredmedia":[{"embeddable":true,"href":"https:\/\/www.bsdnonwoven.com\/fr\/wp-json\/wp\/v2\/media\/13174"}],"wp:attachment":[{"href":"https:\/\/www.bsdnonwoven.com\/fr\/wp-json\/wp\/v2\/media?parent=12549"}],"wp:term":[{"taxonomy":"product_cat","embeddable":true,"href":"https:\/\/www.bsdnonwoven.com\/fr\/wp-json\/wp\/v2\/product_cat?post=12549"},{"taxonomy":"product_tag","embeddable":true,"href":"https:\/\/www.bsdnonwoven.com\/fr\/wp-json\/wp\/v2\/product_tag?post=12549"}],"curies":[{"name":"wp","href":"https:\/\/api.w.org\/{rel}","templated":true}]}}