{"id":12593,"date":"2025-05-10T03:20:12","date_gmt":"2025-05-10T03:20:12","guid":{"rendered":"https:\/\/www.bsdnonwoven.com\/?post_type=product&#038;p=12593"},"modified":"2025-06-25T09:37:00","modified_gmt":"2025-06-25T09:37:00","slug":"needle-punched-nonwoven-fabric-for-filtration","status":"publish","type":"product","link":"https:\/\/www.bsdnonwoven.com\/fr\/produit\/needle-punched-nonwoven-fabric-for-filtration\/","title":{"rendered":"Tissu non tiss\u00e9 aiguillet\u00e9 pour la filtration"},"content":{"rendered":"<h2>Description du produit<\/h2>\n<p>Mat\u00e9riau filtrant professionnel en non-tiss\u00e9 aiguillet\u00e9. La structure de fibres imbriqu\u00e9es en 3D capture efficacement les contaminants particulaires dans l'air et l'eau, avec une faible r\u00e9sistance et une grande capacit\u00e9 de r\u00e9tention de la poussi\u00e8re. Permet de personnaliser la densit\u00e9 du gradient pour de vastes applications dans les syst\u00e8mes de filtration industriels et civils.<\/p>\n<h2>Param\u00e8tre principal<\/h2>\n<table class=\"tg\" style=\"border-collapse: collapse; border-spacing: 0;\">\n<thead>\n<tr>\n<th style=\"background-color: #fff; color: #404040; font-family: Arial, sans-serif; font-size: 14px; font-weight: bold; overflow: hidden; padding: 10px 5px; text-align: left; vertical-align: middle; word-break: normal; border: 1px solid black;\">Objet<\/th>\n<th style=\"background-color: #fff; color: #404040; font-family: Arial, sans-serif; font-size: 14px; font-weight: bold; overflow: hidden; padding: 10px 5px; text-align: left; vertical-align: middle; word-break: normal; border: 1px solid black;\">D\u00e9tails des param\u00e8tres<\/th>\n<\/tr>\n<\/thead>\n<tbody>\n<tr>\n<td style=\"background-color: #fff; color: #404040; font-family: Arial, sans-serif; font-size: 14px; font-weight: bold; overflow: hidden; padding: 10px 5px; text-align: left; vertical-align: middle; word-break: normal; border: 1px solid black;\">Mat\u00e9riau<\/td>\n<td style=\"background-color: #fff; color: #404040; font-family: Arial, sans-serif; font-size: 14px; overflow: hidden; padding: 10px 5px; text-align: left; vertical-align: middle; word-break: normal; border: 1px solid black;\">100% Fibre de polyester (PET)\/Polypropyl\u00e8ne (PP)<\/td>\n<\/tr>\n<tr>\n<td style=\"background-color: #fff; color: #404040; font-family: Arial, sans-serif; font-size: 14px; font-weight: bold; overflow: hidden; padding: 10px 5px; text-align: left; vertical-align: middle; word-break: normal; border: 1px solid black;\">Grammage<\/td>\n<td style=\"background-color: #fff; color: #404040; font-family: Arial, sans-serif; font-size: 14px; overflow: hidden; padding: 10px 5px; text-align: left; vertical-align: middle; word-break: normal; border: 1px solid black;\">80-800 g\/m\u00b2 (personnalisable)<\/td>\n<\/tr>\n<tr>\n<td style=\"background-color: #fff; color: #404040; font-family: Arial, sans-serif; font-size: 14px; font-weight: bold; overflow: hidden; padding: 10px 5px; text-align: left; vertical-align: middle; word-break: normal; border: 1px solid black;\">\u00c9paisseur<\/td>\n<td style=\"background-color: #fff; color: #404040; font-family: Arial, sans-serif; font-size: 14px; overflow: hidden; padding: 10px 5px; text-align: left; vertical-align: middle; word-break: normal; border: 1px solid black;\">0,5-15 mm<\/td>\n<\/tr>\n<tr>\n<td style=\"background-color: #fff; color: #404040; font-family: Arial, sans-serif; font-size: 14px; font-weight: bold; overflow: hidden; padding: 10px 5px; text-align: left; vertical-align: middle; word-break: normal; border: 1px solid black;\">Largeur<\/td>\n<td style=\"background-color: #fff; color: #404040; font-family: Arial, sans-serif; font-size: 14px; overflow: hidden; padding: 10px 5px; text-align: left; vertical-align: middle; word-break: normal; border: 1px solid black;\">Max 3,2 m\u00e8tres (coulissant)<\/td>\n<\/tr>\n<tr>\n<td style=\"background-color: #fff; color: #404040; font-family: Arial, sans-serif; font-size: 14px; font-weight: bold; overflow: hidden; padding: 10px 5px; text-align: left; vertical-align: middle; word-break: normal; border: 1px solid black;\">R\u00e9sistance \u00e0 la temp\u00e9rature<\/td>\n<td style=\"background-color: #fff; color: #404040; font-family: Arial, sans-serif; font-size: 14px; overflow: hidden; padding: 10px 5px; text-align: left; vertical-align: middle; word-break: normal; border: 1px solid black;\">PET : \u2264150\u2103 ; PP : \u226490\u2103<\/td>\n<\/tr>\n<\/tbody>\n<\/table>\n<h2>Caract\u00e9ristiques du produit<\/h2>\n<p>\u2705 La filtration progressive multicouche capture les particules de 0,1-100\u03bcm.<br \/>\n\u2705 R\u00e9sistant \u00e0 la d\u00e9chirure et \u00e0 la corrosion, adapt\u00e9 \u00e0 des conditions de travail tr\u00e8s intenses<br \/>\n\u2705 Lavable et r\u00e9utilisable, respectueux de l'environnement et \u00e9conome en \u00e9nergie<br \/>\n\u2705 Supporte les couches fonctionnelles composites (par exemple, charbon actif\/fibre de verre)<\/p>\n<h2>Fonctions du produit<\/h2>\n<p><strong>Applications de filtration de l'air<\/strong><\/p>\n<p>Intercepte les polluants tels que les PM2,5, le pollen et les bact\u00e9ries ; purifie les gaz d'\u00e9chappement industriels.<\/p>\n<p>Prot\u00e8ge les ventilateurs, les turbines, etc. de l'abrasion des particules.<\/p>\n<p><strong>Applications de filtration de l'eau<\/strong><\/p>\n<p>\u00c9limine les solides en suspension tels que les s\u00e9diments, la rouille et les algues dans l'eau.<\/p>\n<p>Emp\u00eache les impuret\u00e9s de colmater les membranes de filtration de pr\u00e9cision ; prolonge la dur\u00e9e de vie des syst\u00e8mes d'osmose inverse.<\/p>\n<h2>Applications des produits<\/h2>\n<p><strong>Filtration de l'air<\/strong><br \/>\nSyst\u00e8mes de d\u00e9poussi\u00e9rage pour ateliers industriels<br \/>\nFiltration de l'air conditionn\u00e9 central HVAC<br \/>\nFiltration de l'admission des moteurs automobiles<\/p>\n<p><strong>Filtration de l'eau<\/strong><br \/>\nCouche de pr\u00e9filtration pour les filtres \u00e0 contre-courant<br \/>\nCartouches de pr\u00e9-filtre pour purificateurs d'eau \u00e0 osmose inverse<br \/>\nTraitement de l'eau d'irrigation agricole<\/p>\n<p>Veuillez consulter notre<a href=\"https:\/\/www.bsdnonwoven.com\/category\/filter-needle-punch-nonwoven\/\"><strong> Filtre \u00e0 aiguilles Nonwoven<\/strong><\/a> Catalogue pour plus d'informations !<\/p>\n<p><img loading=\"lazy\" decoding=\"async\" class=\"size-full wp-image-13599 aligncenter\" data-src=\"https:\/\/www.bsdnonwoven.com\/wp-content\/uploads\/2025\/05\/Needle-punched-Nonwoven-Fabric-for-Filtration1-2.webp\" alt=\"Tissu non tiss\u00e9 aiguillet\u00e9 pour la filtration1\" width=\"1500\" height=\"500\" srcset=\"https:\/\/www.bsdnonwoven.com\/wp-content\/uploads\/2025\/05\/Needle-punched-Nonwoven-Fabric-for-Filtration1-2.webp 1500w, https:\/\/www.bsdnonwoven.com\/wp-content\/uploads\/2025\/05\/Needle-punched-Nonwoven-Fabric-for-Filtration1-2-1280x427.webp 1280w, https:\/\/www.bsdnonwoven.com\/wp-content\/uploads\/2025\/05\/Needle-punched-Nonwoven-Fabric-for-Filtration1-2-980x327.webp 980w, https:\/\/www.bsdnonwoven.com\/wp-content\/uploads\/2025\/05\/Needle-punched-Nonwoven-Fabric-for-Filtration1-2-480x160.webp 480w\" sizes=\"(min-width: 0px) and (max-width: 480px) 480px, (min-width: 481px) and (max-width: 980px) 980px, (min-width: 981px) and (max-width: 1280px) 1280px, (min-width: 1281px) 1500px, 100vw\" \/><\/p>","protected":false},"excerpt":{"rendered":"<p>Mat\u00e9riau filtrant professionnel en non-tiss\u00e9 aiguillet\u00e9. La structure de fibres imbriqu\u00e9es en 3D capture efficacement les contaminants particulaires dans l'air et l'eau, avec une faible r\u00e9sistance et une grande capacit\u00e9 de r\u00e9tention de la poussi\u00e8re. Permet de personnaliser la densit\u00e9 du gradient pour de vastes applications dans les syst\u00e8mes de filtration industriels et civils.<\/p>","protected":false},"featured_media":13208,"template":"","meta":{"_et_pb_use_builder":"","_et_pb_old_content":"","_et_gb_content_width":""},"product_cat":[296],"product_tag":[],"yoast_head":"<!-- This site is optimized with the Yoast SEO plugin v22.7 - https:\/\/yoast.com\/wordpress\/plugins\/seo\/ -->\n<title>Needle-punched Nonwoven Fabric for Filtration - Boshida Nonwoven<\/title>\n<meta name=\"description\" content=\"Needle-punched Nonwoven Fabric for Filtration , we provide Geosynthetic Needle-Punched Non-woven Fabric, Household needle punched non-woven fabric, Automotive Non-woven Fabric with good price.\" \/>\n<meta name=\"robots\" content=\"index, follow, max-snippet:-1, max-image-preview:large, max-video-preview:-1\" \/>\n<link rel=\"canonical\" href=\"https:\/\/www.bsdnonwoven.com\/fr\/produit\/needle-punched-nonwoven-fabric-for-filtration\/\" \/>\n<meta property=\"og:locale\" content=\"fr_FR\" \/>\n<meta property=\"og:type\" content=\"article\" \/>\n<meta property=\"og:title\" content=\"Needle-punched Nonwoven Fabric for Filtration - Boshida Nonwoven\" \/>\n<meta property=\"og:description\" content=\"Needle-punched Nonwoven Fabric for Filtration , we provide Geosynthetic Needle-Punched Non-woven Fabric, Household needle punched non-woven fabric, Automotive Non-woven Fabric with good price.\" \/>\n<meta property=\"og:url\" content=\"https:\/\/www.bsdnonwoven.com\/fr\/produit\/needle-punched-nonwoven-fabric-for-filtration\/\" \/>\n<meta property=\"og:site_name\" content=\"Boshida Nonwoven\" \/>\n<meta property=\"article:modified_time\" content=\"2025-06-25T09:37:00+00:00\" \/>\n<meta property=\"og:image\" content=\"https:\/\/www.bsdnonwoven.com\/wp-content\/uploads\/2025\/05\/Needle-punched-Nonwoven-Fabric-for-Filtration-1.webp\" \/>\n\t<meta property=\"og:image:width\" content=\"800\" \/>\n\t<meta property=\"og:image:height\" content=\"800\" \/>\n\t<meta property=\"og:image:type\" content=\"image\/webp\" \/>\n<meta name=\"twitter:card\" content=\"summary_large_image\" \/>\n<meta name=\"twitter:label1\" content=\"Dur\u00e9e de lecture estim\u00e9e\" \/>\n\t<meta name=\"twitter:data1\" content=\"2 minutes\" \/>\n<script type=\"application\/ld+json\" class=\"yoast-schema-graph\">{\"@context\":\"https:\/\/schema.org\",\"@graph\":[{\"@type\":\"WebPage\",\"@id\":\"https:\/\/www.bsdnonwoven.com\/product\/needle-punched-nonwoven-fabric-for-filtration\/\",\"url\":\"https:\/\/www.bsdnonwoven.com\/product\/needle-punched-nonwoven-fabric-for-filtration\/\",\"name\":\"Needle-punched Nonwoven Fabric for Filtration - Boshida Nonwoven\",\"isPartOf\":{\"@id\":\"https:\/\/www.bsdnonwoven.com\/#website\"},\"primaryImageOfPage\":{\"@id\":\"https:\/\/www.bsdnonwoven.com\/product\/needle-punched-nonwoven-fabric-for-filtration\/#primaryimage\"},\"image\":{\"@id\":\"https:\/\/www.bsdnonwoven.com\/product\/needle-punched-nonwoven-fabric-for-filtration\/#primaryimage\"},\"thumbnailUrl\":\"https:\/\/www.bsdnonwoven.com\/wp-content\/uploads\/2025\/05\/Needle-punched-Nonwoven-Fabric-for-Filtration-1.webp\",\"datePublished\":\"2025-05-10T03:20:12+00:00\",\"dateModified\":\"2025-06-25T09:37:00+00:00\",\"description\":\"Needle-punched Nonwoven Fabric for Filtration , we provide Geosynthetic Needle-Punched Non-woven Fabric, Household needle punched non-woven fabric, Automotive Non-woven Fabric with good price.\",\"breadcrumb\":{\"@id\":\"https:\/\/www.bsdnonwoven.com\/product\/needle-punched-nonwoven-fabric-for-filtration\/#breadcrumb\"},\"inLanguage\":\"fr-FR\",\"potentialAction\":[{\"@type\":\"ReadAction\",\"target\":[\"https:\/\/www.bsdnonwoven.com\/product\/needle-punched-nonwoven-fabric-for-filtration\/\"]}]},{\"@type\":\"ImageObject\",\"inLanguage\":\"fr-FR\",\"@id\":\"https:\/\/www.bsdnonwoven.com\/product\/needle-punched-nonwoven-fabric-for-filtration\/#primaryimage\",\"url\":\"https:\/\/www.bsdnonwoven.com\/wp-content\/uploads\/2025\/05\/Needle-punched-Nonwoven-Fabric-for-Filtration-1.webp\",\"contentUrl\":\"https:\/\/www.bsdnonwoven.com\/wp-content\/uploads\/2025\/05\/Needle-punched-Nonwoven-Fabric-for-Filtration-1.webp\",\"width\":800,\"height\":800,\"caption\":\"Needle-punched Nonwoven Fabric for Filtration\"},{\"@type\":\"BreadcrumbList\",\"@id\":\"https:\/\/www.bsdnonwoven.com\/product\/needle-punched-nonwoven-fabric-for-filtration\/#breadcrumb\",\"itemListElement\":[{\"@type\":\"ListItem\",\"position\":1,\"name\":\"Home\",\"item\":\"https:\/\/www.bsdnonwoven.com\/\"},{\"@type\":\"ListItem\",\"position\":2,\"name\":\"Products\",\"item\":\"https:\/\/www.bsdnonwoven.com\/shop\/\"},{\"@type\":\"ListItem\",\"position\":3,\"name\":\"Needle-punched Nonwoven Fabric for Filtration\"}]},{\"@type\":\"WebSite\",\"@id\":\"https:\/\/www.bsdnonwoven.com\/#website\",\"url\":\"https:\/\/www.bsdnonwoven.com\/\",\"name\":\"Boshida Nonwoven\",\"description\":\"\",\"potentialAction\":[{\"@type\":\"SearchAction\",\"target\":{\"@type\":\"EntryPoint\",\"urlTemplate\":\"https:\/\/www.bsdnonwoven.com\/?s={search_term_string}\"},\"query-input\":\"required name=search_term_string\"}],\"inLanguage\":\"fr-FR\"}]}<\/script>\n<!-- \/ Yoast SEO plugin. -->","yoast_head_json":{"title":"Needle-punched Nonwoven Fabric for Filtration - Boshida Nonwoven","description":"Needle-punched Nonwoven Fabric for Filtration , we provide Geosynthetic Needle-Punched Non-woven Fabric, Household needle punched non-woven fabric, Automotive Non-woven Fabric with good price.","robots":{"index":"index","follow":"follow","max-snippet":"max-snippet:-1","max-image-preview":"max-image-preview:large","max-video-preview":"max-video-preview:-1"},"canonical":"https:\/\/www.bsdnonwoven.com\/fr\/produit\/needle-punched-nonwoven-fabric-for-filtration\/","og_locale":"fr_FR","og_type":"article","og_title":"Needle-punched Nonwoven Fabric for Filtration - Boshida Nonwoven","og_description":"Needle-punched Nonwoven Fabric for Filtration , we provide Geosynthetic Needle-Punched Non-woven Fabric, Household needle punched non-woven fabric, Automotive Non-woven Fabric with good price.","og_url":"https:\/\/www.bsdnonwoven.com\/fr\/produit\/needle-punched-nonwoven-fabric-for-filtration\/","og_site_name":"Boshida Nonwoven","article_modified_time":"2025-06-25T09:37:00+00:00","og_image":[{"width":800,"height":800,"url":"https:\/\/www.bsdnonwoven.com\/wp-content\/uploads\/2025\/05\/Needle-punched-Nonwoven-Fabric-for-Filtration-1.webp","type":"image\/webp"}],"twitter_card":"summary_large_image","twitter_misc":{"Dur\u00e9e de lecture estim\u00e9e":"2 minutes"},"schema":{"@context":"https:\/\/schema.org","@graph":[{"@type":"WebPage","@id":"https:\/\/www.bsdnonwoven.com\/product\/needle-punched-nonwoven-fabric-for-filtration\/","url":"https:\/\/www.bsdnonwoven.com\/product\/needle-punched-nonwoven-fabric-for-filtration\/","name":"Needle-punched Nonwoven Fabric for Filtration - Boshida Nonwoven","isPartOf":{"@id":"https:\/\/www.bsdnonwoven.com\/#website"},"primaryImageOfPage":{"@id":"https:\/\/www.bsdnonwoven.com\/product\/needle-punched-nonwoven-fabric-for-filtration\/#primaryimage"},"image":{"@id":"https:\/\/www.bsdnonwoven.com\/product\/needle-punched-nonwoven-fabric-for-filtration\/#primaryimage"},"thumbnailUrl":"https:\/\/www.bsdnonwoven.com\/wp-content\/uploads\/2025\/05\/Needle-punched-Nonwoven-Fabric-for-Filtration-1.webp","datePublished":"2025-05-10T03:20:12+00:00","dateModified":"2025-06-25T09:37:00+00:00","description":"Needle-punched Nonwoven Fabric for Filtration , we provide Geosynthetic Needle-Punched Non-woven Fabric, Household needle punched non-woven fabric, Automotive Non-woven Fabric with good price.","breadcrumb":{"@id":"https:\/\/www.bsdnonwoven.com\/product\/needle-punched-nonwoven-fabric-for-filtration\/#breadcrumb"},"inLanguage":"fr-FR","potentialAction":[{"@type":"ReadAction","target":["https:\/\/www.bsdnonwoven.com\/product\/needle-punched-nonwoven-fabric-for-filtration\/"]}]},{"@type":"ImageObject","inLanguage":"fr-FR","@id":"https:\/\/www.bsdnonwoven.com\/product\/needle-punched-nonwoven-fabric-for-filtration\/#primaryimage","url":"https:\/\/www.bsdnonwoven.com\/wp-content\/uploads\/2025\/05\/Needle-punched-Nonwoven-Fabric-for-Filtration-1.webp","contentUrl":"https:\/\/www.bsdnonwoven.com\/wp-content\/uploads\/2025\/05\/Needle-punched-Nonwoven-Fabric-for-Filtration-1.webp","width":800,"height":800,"caption":"Needle-punched Nonwoven Fabric for Filtration"},{"@type":"BreadcrumbList","@id":"https:\/\/www.bsdnonwoven.com\/product\/needle-punched-nonwoven-fabric-for-filtration\/#breadcrumb","itemListElement":[{"@type":"ListItem","position":1,"name":"Home","item":"https:\/\/www.bsdnonwoven.com\/"},{"@type":"ListItem","position":2,"name":"Products","item":"https:\/\/www.bsdnonwoven.com\/shop\/"},{"@type":"ListItem","position":3,"name":"Needle-punched Nonwoven Fabric for Filtration"}]},{"@type":"WebSite","@id":"https:\/\/www.bsdnonwoven.com\/#website","url":"https:\/\/www.bsdnonwoven.com\/","name":"Boshida Nonwoven","description":"","potentialAction":[{"@type":"SearchAction","target":{"@type":"EntryPoint","urlTemplate":"https:\/\/www.bsdnonwoven.com\/?s={search_term_string}"},"query-input":"required name=search_term_string"}],"inLanguage":"fr-FR"}]}},"_links":{"self":[{"href":"https:\/\/www.bsdnonwoven.com\/fr\/wp-json\/wp\/v2\/product\/12593"}],"collection":[{"href":"https:\/\/www.bsdnonwoven.com\/fr\/wp-json\/wp\/v2\/product"}],"about":[{"href":"https:\/\/www.bsdnonwoven.com\/fr\/wp-json\/wp\/v2\/types\/product"}],"wp:featuredmedia":[{"embeddable":true,"href":"https:\/\/www.bsdnonwoven.com\/fr\/wp-json\/wp\/v2\/media\/13208"}],"wp:attachment":[{"href":"https:\/\/www.bsdnonwoven.com\/fr\/wp-json\/wp\/v2\/media?parent=12593"}],"wp:term":[{"taxonomy":"product_cat","embeddable":true,"href":"https:\/\/www.bsdnonwoven.com\/fr\/wp-json\/wp\/v2\/product_cat?post=12593"},{"taxonomy":"product_tag","embeddable":true,"href":"https:\/\/www.bsdnonwoven.com\/fr\/wp-json\/wp\/v2\/product_tag?post=12593"}],"curies":[{"name":"wp","href":"https:\/\/api.w.org\/{rel}","templated":true}]}}