{"id":12656,"date":"2025-04-14T05:36:19","date_gmt":"2025-04-14T05:36:19","guid":{"rendered":"https:\/\/www.bsdnonwoven.com\/?post_type=product&#038;p=12656"},"modified":"2025-06-25T09:39:55","modified_gmt":"2025-06-25T09:39:55","slug":"flame-retardant-needle-punched-nonwoven-fabric","status":"publish","type":"product","link":"https:\/\/www.bsdnonwoven.com\/fr\/produit\/flame-retardant-needle-punched-nonwoven-fabric\/","title":{"rendered":"Tissu non-tiss\u00e9 aiguillet\u00e9 ignifug\u00e9"},"content":{"rendered":"<h2>Principales sp\u00e9cifications<\/h2>\n<table class=\"tg\" style=\"border-collapse: collapse; border-spacing: 0;\">\n<thead>\n<tr>\n<th style=\"font-family: Arial, sans-serif; font-size: 14px; font-weight: bold; overflow: hidden; padding: 10px 5px; text-align: center; vertical-align: middle; word-break: normal; border: 1px solid black;\">Objet<\/th>\n<th style=\"font-family: Arial, sans-serif; font-size: 14px; font-weight: bold; overflow: hidden; padding: 10px 5px; text-align: center; vertical-align: middle; word-break: normal; border: 1px solid black;\">Plage de valeurs<\/th>\n<\/tr>\n<\/thead>\n<tbody>\n<tr>\n<td style=\"font-family: Arial, sans-serif; font-size: 14px; overflow: hidden; padding: 10px 5px; text-align: left; vertical-align: middle; word-break: normal; border: 1px solid black;\">Poids<\/td>\n<td style=\"font-family: Arial, sans-serif; font-size: 14px; overflow: hidden; padding: 10px 5px; text-align: left; vertical-align: middle; word-break: normal; border: 1px solid black;\">100-1500g\/m\u00b2<\/td>\n<\/tr>\n<tr>\n<td style=\"font-family: Arial, sans-serif; font-size: 14px; overflow: hidden; padding: 10px 5px; text-align: left; vertical-align: middle; word-break: normal; border: 1px solid black;\">\u00c9paisseur<\/td>\n<td style=\"font-family: Arial, sans-serif; font-size: 14px; overflow: hidden; padding: 10px 5px; text-align: left; vertical-align: middle; word-break: normal; border: 1px solid black;\">1,0-10,0 mm<\/td>\n<\/tr>\n<tr>\n<td style=\"font-family: Arial, sans-serif; font-size: 14px; overflow: hidden; padding: 10px 5px; text-align: left; vertical-align: middle; word-break: normal; border: 1px solid black;\">Mat\u00e9riau<\/td>\n<td style=\"font-family: Arial, sans-serif; font-size: 14px; overflow: hidden; padding: 10px 5px; text-align: left; vertical-align: middle; word-break: normal; border: 1px solid black;\">Polyester (PET) ou polypropyl\u00e8ne (PP)<\/td>\n<\/tr>\n<tr>\n<td style=\"font-family: Arial, sans-serif; font-size: 14px; overflow: hidden; padding: 10px 5px; text-align: left; vertical-align: middle; word-break: normal; border: 1px solid black;\">Couleur<\/td>\n<td style=\"font-family: Arial, sans-serif; font-size: 14px; overflow: hidden; padding: 10px 5px; text-align: left; vertical-align: middle; word-break: normal; border: 1px solid black;\">Blanc, Gris, Noir (personnalisable)<\/td>\n<\/tr>\n<tr>\n<td style=\"font-family: Arial, sans-serif; font-size: 14px; overflow: hidden; padding: 10px 5px; text-align: left; vertical-align: middle; word-break: normal; border: 1px solid black;\">Largeur<\/td>\n<td style=\"font-family: Arial, sans-serif; font-size: 14px; overflow: hidden; padding: 10px 5px; text-align: left; vertical-align: middle; word-break: normal; border: 1px solid black;\">10cm-320cm (personnalisable)<\/td>\n<\/tr>\n<tr>\n<td style=\"font-family: Arial, sans-serif; font-size: 14px; overflow: hidden; padding: 10px 5px; text-align: left; vertical-align: middle; word-break: normal; border: 1px solid black;\">Processus<\/td>\n<td style=\"font-family: Arial, sans-serif; font-size: 14px; overflow: hidden; padding: 10px 5px; text-align: left; vertical-align: middle; word-break: normal; border: 1px solid black;\">Non-tiss\u00e9 aiguillet\u00e9<\/td>\n<\/tr>\n<tr>\n<td style=\"font-family: Arial, sans-serif; font-size: 14px; overflow: hidden; padding: 10px 5px; text-align: left; vertical-align: middle; word-break: normal; border: 1px solid black;\">Qualit\u00e9 ignifuge<\/td>\n<td style=\"font-family: Arial, sans-serif; font-size: 14px; overflow: hidden; padding: 10px 5px; text-align: left; vertical-align: middle; word-break: normal; border: 1px solid black;\">Jusqu'\u00e0 UL 94 V-0, BS 5852, etc.<\/td>\n<\/tr>\n<tr>\n<td style=\"font-family: Arial, sans-serif; font-size: 14px; overflow: hidden; padding: 10px 5px; text-align: left; vertical-align: middle; word-break: normal; border: 1px solid black;\">Finitions sp\u00e9ciales<\/td>\n<td style=\"font-family: Arial, sans-serif; font-size: 14px; overflow: hidden; padding: 10px 5px; text-align: left; vertical-align: middle; word-break: normal; border: 1px solid black;\">Antistatique, antibact\u00e9rien, hydrophile, rev\u00eatement, etc.<\/td>\n<\/tr>\n<\/tbody>\n<\/table>\n<h2>Description du produit<\/h2>\n<p>Le non-tiss\u00e9 aiguillet\u00e9 ignifug\u00e9 est un mat\u00e9riau non-tiss\u00e9 de haute performance trait\u00e9 avec des proc\u00e9d\u00e9s ignifuges sp\u00e9ciaux, offrant une excellente r\u00e9sistance au feu et une grande solidit\u00e9 m\u00e9canique. Fabriqu\u00e9 \u00e0 partir de fibres de polyester ou de polypropyl\u00e8ne gr\u00e2ce \u00e0 la technologie de l'aiguilletage, il est largement utilis\u00e9 dans les int\u00e9rieurs automobiles, l'isolation des b\u00e2timents, les barri\u00e8res anti-feu des meubles, les couches de protection anti-feu des matelas, et bien plus encore.<\/p>\n<h2>Caract\u00e9ristiques du produit<\/h2>\n<p>Excellente ignifugation, conforme \u00e0 diverses normes internationales ;<\/p>\n<p>Grande solidit\u00e9 et r\u00e9sistance \u00e0 l'usure pour une plus grande durabilit\u00e9 ;<\/p>\n<p>Bonnes propri\u00e9t\u00e9s d'isolation thermique et acoustique ;<\/p>\n<p>Personnalisable avec des traitements antistatiques, antibact\u00e9riens et autres traitements fonctionnels ;<\/p>\n<p>Respectueux de l'environnement et non toxique, conforme aux normes RoHS, REACH, etc.<\/p>\n<h2>Fonction du produit<\/h2>\n<p>La fonction premi\u00e8re du tissu non tiss\u00e9 aiguillet\u00e9 ignifug\u00e9 est d'am\u00e9liorer la s\u00e9curit\u00e9 incendie en emp\u00eachant la propagation des flammes, prot\u00e9geant ainsi les personnes et les biens. Ses excellentes propri\u00e9t\u00e9s physiques lui permettent \u00e9galement de servir de support structurel, d'isolation thermique, d'absorption acoustique, etc.<\/p>\n<h2>Applications des produits<\/h2>\n<p>Barri\u00e8res anti-feu pour l'int\u00e9rieur des v\u00e9hicules (par exemple, garnitures de toit, panneaux de porte, tapis)<\/p>\n<p>Mat\u00e9riaux d'isolation des b\u00e2timents<\/p>\n<p>Couches ignifuges pour les meubles (par exemple, canap\u00e9s, si\u00e8ges)<\/p>\n<p>Couches de protection contre l'incendie des matelas<\/p>\n<p>Mat\u00e9riaux d'isolation acoustique et thermique industriels<\/p>\n<p>Doublures de v\u00eatements ignifuges<\/p>\n<p>Rembourrage ignifuge pour les \u00e9quipements \u00e9lectriques<\/p>\n<p><img loading=\"lazy\" decoding=\"async\" class=\"size-full wp-image-13576 aligncenter\" data-src=\"https:\/\/www.bsdnonwoven.com\/wp-content\/uploads\/2025\/04\/Flame-Retardant-Needle-Punched-Nonwoven-Fabric.webp\" alt=\"Tissu non-tiss\u00e9 aiguillet\u00e9 ignifug\u00e9\" width=\"1500\" height=\"500\" srcset=\"https:\/\/www.bsdnonwoven.com\/wp-content\/uploads\/2025\/04\/Flame-Retardant-Needle-Punched-Nonwoven-Fabric.webp 1500w, https:\/\/www.bsdnonwoven.com\/wp-content\/uploads\/2025\/04\/Flame-Retardant-Needle-Punched-Nonwoven-Fabric-1280x427.webp 1280w, https:\/\/www.bsdnonwoven.com\/wp-content\/uploads\/2025\/04\/Flame-Retardant-Needle-Punched-Nonwoven-Fabric-980x327.webp 980w, https:\/\/www.bsdnonwoven.com\/wp-content\/uploads\/2025\/04\/Flame-Retardant-Needle-Punched-Nonwoven-Fabric-480x160.webp 480w\" sizes=\"(min-width: 0px) and (max-width: 480px) 480px, (min-width: 481px) and (max-width: 980px) 980px, (min-width: 981px) and (max-width: 1280px) 1280px, (min-width: 1281px) 1500px, 100vw\" \/><\/p>","protected":false},"excerpt":{"rendered":"<p>Le non-tiss\u00e9 aiguillet\u00e9 ignifug\u00e9 est un mat\u00e9riau non-tiss\u00e9 de haute performance trait\u00e9 avec des proc\u00e9d\u00e9s ignifuges sp\u00e9ciaux, offrant une excellente r\u00e9sistance au feu et une grande solidit\u00e9 m\u00e9canique. Fabriqu\u00e9 \u00e0 partir de fibres de polyester ou de polypropyl\u00e8ne gr\u00e2ce \u00e0 la technologie de l'aiguilletage, il est largement utilis\u00e9 dans les int\u00e9rieurs automobiles, l'isolation des b\u00e2timents, les barri\u00e8res anti-feu des meubles, les couches de protection anti-feu des matelas, et bien plus encore.<\/p>","protected":false},"featured_media":13241,"template":"","meta":{"_et_pb_use_builder":"","_et_pb_old_content":"","_et_gb_content_width":""},"product_cat":[304],"product_tag":[],"yoast_head":"<!-- This site is optimized with the Yoast SEO plugin v22.7 - https:\/\/yoast.com\/wordpress\/plugins\/seo\/ -->\n<title>Flame Retardant Needle-Punched Nonwoven Fabric - Boshida Nonwoven<\/title>\n<meta name=\"description\" content=\"Flame Retardant Needle-Punched Nonwoven Fabric , we provide Geosynthetic Needle-Punched Non-woven Fabric, Household needle punched non-woven fabric, Automotive Non-woven Fabric with good price.\" \/>\n<meta name=\"robots\" content=\"index, follow, max-snippet:-1, max-image-preview:large, max-video-preview:-1\" \/>\n<link rel=\"canonical\" href=\"https:\/\/www.bsdnonwoven.com\/fr\/produit\/flame-retardant-needle-punched-nonwoven-fabric\/\" \/>\n<meta property=\"og:locale\" content=\"fr_FR\" \/>\n<meta property=\"og:type\" content=\"article\" \/>\n<meta property=\"og:title\" content=\"Flame Retardant Needle-Punched Nonwoven Fabric - Boshida Nonwoven\" \/>\n<meta property=\"og:description\" content=\"Flame Retardant Needle-Punched Nonwoven Fabric , we provide Geosynthetic Needle-Punched Non-woven Fabric, Household needle punched non-woven fabric, Automotive Non-woven Fabric with good price.\" \/>\n<meta property=\"og:url\" content=\"https:\/\/www.bsdnonwoven.com\/fr\/produit\/flame-retardant-needle-punched-nonwoven-fabric\/\" \/>\n<meta property=\"og:site_name\" content=\"Boshida Nonwoven\" \/>\n<meta property=\"article:modified_time\" content=\"2025-06-25T09:39:55+00:00\" \/>\n<meta property=\"og:image\" content=\"https:\/\/www.bsdnonwoven.com\/wp-content\/uploads\/2025\/05\/Flame-Retardant-Needle-Punched-Nonwoven-Fabric-1.webp\" \/>\n\t<meta property=\"og:image:width\" content=\"800\" \/>\n\t<meta property=\"og:image:height\" content=\"800\" \/>\n\t<meta property=\"og:image:type\" content=\"image\/webp\" \/>\n<meta name=\"twitter:card\" content=\"summary_large_image\" \/>\n<meta name=\"twitter:label1\" content=\"Dur\u00e9e de lecture estim\u00e9e\" \/>\n\t<meta name=\"twitter:data1\" content=\"2 minutes\" \/>\n<script type=\"application\/ld+json\" class=\"yoast-schema-graph\">{\"@context\":\"https:\/\/schema.org\",\"@graph\":[{\"@type\":\"WebPage\",\"@id\":\"https:\/\/www.bsdnonwoven.com\/product\/flame-retardant-needle-punched-nonwoven-fabric\/\",\"url\":\"https:\/\/www.bsdnonwoven.com\/product\/flame-retardant-needle-punched-nonwoven-fabric\/\",\"name\":\"Flame Retardant Needle-Punched Nonwoven Fabric - Boshida Nonwoven\",\"isPartOf\":{\"@id\":\"https:\/\/www.bsdnonwoven.com\/#website\"},\"primaryImageOfPage\":{\"@id\":\"https:\/\/www.bsdnonwoven.com\/product\/flame-retardant-needle-punched-nonwoven-fabric\/#primaryimage\"},\"image\":{\"@id\":\"https:\/\/www.bsdnonwoven.com\/product\/flame-retardant-needle-punched-nonwoven-fabric\/#primaryimage\"},\"thumbnailUrl\":\"https:\/\/www.bsdnonwoven.com\/wp-content\/uploads\/2025\/05\/Flame-Retardant-Needle-Punched-Nonwoven-Fabric-1.webp\",\"datePublished\":\"2025-04-14T05:36:19+00:00\",\"dateModified\":\"2025-06-25T09:39:55+00:00\",\"description\":\"Flame Retardant Needle-Punched Nonwoven Fabric , we provide Geosynthetic Needle-Punched Non-woven Fabric, Household needle punched non-woven fabric, Automotive Non-woven Fabric with good price.\",\"breadcrumb\":{\"@id\":\"https:\/\/www.bsdnonwoven.com\/product\/flame-retardant-needle-punched-nonwoven-fabric\/#breadcrumb\"},\"inLanguage\":\"fr-FR\",\"potentialAction\":[{\"@type\":\"ReadAction\",\"target\":[\"https:\/\/www.bsdnonwoven.com\/product\/flame-retardant-needle-punched-nonwoven-fabric\/\"]}]},{\"@type\":\"ImageObject\",\"inLanguage\":\"fr-FR\",\"@id\":\"https:\/\/www.bsdnonwoven.com\/product\/flame-retardant-needle-punched-nonwoven-fabric\/#primaryimage\",\"url\":\"https:\/\/www.bsdnonwoven.com\/wp-content\/uploads\/2025\/05\/Flame-Retardant-Needle-Punched-Nonwoven-Fabric-1.webp\",\"contentUrl\":\"https:\/\/www.bsdnonwoven.com\/wp-content\/uploads\/2025\/05\/Flame-Retardant-Needle-Punched-Nonwoven-Fabric-1.webp\",\"width\":800,\"height\":800,\"caption\":\"Flame Retardant Needle-Punched Nonwoven Fabric\"},{\"@type\":\"BreadcrumbList\",\"@id\":\"https:\/\/www.bsdnonwoven.com\/product\/flame-retardant-needle-punched-nonwoven-fabric\/#breadcrumb\",\"itemListElement\":[{\"@type\":\"ListItem\",\"position\":1,\"name\":\"Home\",\"item\":\"https:\/\/www.bsdnonwoven.com\/\"},{\"@type\":\"ListItem\",\"position\":2,\"name\":\"Products\",\"item\":\"https:\/\/www.bsdnonwoven.com\/shop\/\"},{\"@type\":\"ListItem\",\"position\":3,\"name\":\"Flame Retardant Needle-Punched Nonwoven Fabric\"}]},{\"@type\":\"WebSite\",\"@id\":\"https:\/\/www.bsdnonwoven.com\/#website\",\"url\":\"https:\/\/www.bsdnonwoven.com\/\",\"name\":\"Boshida Nonwoven\",\"description\":\"\",\"potentialAction\":[{\"@type\":\"SearchAction\",\"target\":{\"@type\":\"EntryPoint\",\"urlTemplate\":\"https:\/\/www.bsdnonwoven.com\/?s={search_term_string}\"},\"query-input\":\"required name=search_term_string\"}],\"inLanguage\":\"fr-FR\"}]}<\/script>\n<!-- \/ Yoast SEO plugin. -->","yoast_head_json":{"title":"Flame Retardant Needle-Punched Nonwoven Fabric - Boshida Nonwoven","description":"Flame Retardant Needle-Punched Nonwoven Fabric , we provide Geosynthetic Needle-Punched Non-woven Fabric, Household needle punched non-woven fabric, Automotive Non-woven Fabric with good price.","robots":{"index":"index","follow":"follow","max-snippet":"max-snippet:-1","max-image-preview":"max-image-preview:large","max-video-preview":"max-video-preview:-1"},"canonical":"https:\/\/www.bsdnonwoven.com\/fr\/produit\/flame-retardant-needle-punched-nonwoven-fabric\/","og_locale":"fr_FR","og_type":"article","og_title":"Flame Retardant Needle-Punched Nonwoven Fabric - Boshida Nonwoven","og_description":"Flame Retardant Needle-Punched Nonwoven Fabric , we provide Geosynthetic Needle-Punched Non-woven Fabric, Household needle punched non-woven fabric, Automotive Non-woven Fabric with good price.","og_url":"https:\/\/www.bsdnonwoven.com\/fr\/produit\/flame-retardant-needle-punched-nonwoven-fabric\/","og_site_name":"Boshida Nonwoven","article_modified_time":"2025-06-25T09:39:55+00:00","og_image":[{"width":800,"height":800,"url":"https:\/\/www.bsdnonwoven.com\/wp-content\/uploads\/2025\/05\/Flame-Retardant-Needle-Punched-Nonwoven-Fabric-1.webp","type":"image\/webp"}],"twitter_card":"summary_large_image","twitter_misc":{"Dur\u00e9e de lecture estim\u00e9e":"2 minutes"},"schema":{"@context":"https:\/\/schema.org","@graph":[{"@type":"WebPage","@id":"https:\/\/www.bsdnonwoven.com\/product\/flame-retardant-needle-punched-nonwoven-fabric\/","url":"https:\/\/www.bsdnonwoven.com\/product\/flame-retardant-needle-punched-nonwoven-fabric\/","name":"Flame Retardant Needle-Punched Nonwoven Fabric - Boshida Nonwoven","isPartOf":{"@id":"https:\/\/www.bsdnonwoven.com\/#website"},"primaryImageOfPage":{"@id":"https:\/\/www.bsdnonwoven.com\/product\/flame-retardant-needle-punched-nonwoven-fabric\/#primaryimage"},"image":{"@id":"https:\/\/www.bsdnonwoven.com\/product\/flame-retardant-needle-punched-nonwoven-fabric\/#primaryimage"},"thumbnailUrl":"https:\/\/www.bsdnonwoven.com\/wp-content\/uploads\/2025\/05\/Flame-Retardant-Needle-Punched-Nonwoven-Fabric-1.webp","datePublished":"2025-04-14T05:36:19+00:00","dateModified":"2025-06-25T09:39:55+00:00","description":"Flame Retardant Needle-Punched Nonwoven Fabric , we provide Geosynthetic Needle-Punched Non-woven Fabric, Household needle punched non-woven fabric, Automotive Non-woven Fabric with good price.","breadcrumb":{"@id":"https:\/\/www.bsdnonwoven.com\/product\/flame-retardant-needle-punched-nonwoven-fabric\/#breadcrumb"},"inLanguage":"fr-FR","potentialAction":[{"@type":"ReadAction","target":["https:\/\/www.bsdnonwoven.com\/product\/flame-retardant-needle-punched-nonwoven-fabric\/"]}]},{"@type":"ImageObject","inLanguage":"fr-FR","@id":"https:\/\/www.bsdnonwoven.com\/product\/flame-retardant-needle-punched-nonwoven-fabric\/#primaryimage","url":"https:\/\/www.bsdnonwoven.com\/wp-content\/uploads\/2025\/05\/Flame-Retardant-Needle-Punched-Nonwoven-Fabric-1.webp","contentUrl":"https:\/\/www.bsdnonwoven.com\/wp-content\/uploads\/2025\/05\/Flame-Retardant-Needle-Punched-Nonwoven-Fabric-1.webp","width":800,"height":800,"caption":"Flame Retardant Needle-Punched Nonwoven Fabric"},{"@type":"BreadcrumbList","@id":"https:\/\/www.bsdnonwoven.com\/product\/flame-retardant-needle-punched-nonwoven-fabric\/#breadcrumb","itemListElement":[{"@type":"ListItem","position":1,"name":"Home","item":"https:\/\/www.bsdnonwoven.com\/"},{"@type":"ListItem","position":2,"name":"Products","item":"https:\/\/www.bsdnonwoven.com\/shop\/"},{"@type":"ListItem","position":3,"name":"Flame Retardant Needle-Punched Nonwoven Fabric"}]},{"@type":"WebSite","@id":"https:\/\/www.bsdnonwoven.com\/#website","url":"https:\/\/www.bsdnonwoven.com\/","name":"Boshida Nonwoven","description":"","potentialAction":[{"@type":"SearchAction","target":{"@type":"EntryPoint","urlTemplate":"https:\/\/www.bsdnonwoven.com\/?s={search_term_string}"},"query-input":"required name=search_term_string"}],"inLanguage":"fr-FR"}]}},"_links":{"self":[{"href":"https:\/\/www.bsdnonwoven.com\/fr\/wp-json\/wp\/v2\/product\/12656"}],"collection":[{"href":"https:\/\/www.bsdnonwoven.com\/fr\/wp-json\/wp\/v2\/product"}],"about":[{"href":"https:\/\/www.bsdnonwoven.com\/fr\/wp-json\/wp\/v2\/types\/product"}],"wp:featuredmedia":[{"embeddable":true,"href":"https:\/\/www.bsdnonwoven.com\/fr\/wp-json\/wp\/v2\/media\/13241"}],"wp:attachment":[{"href":"https:\/\/www.bsdnonwoven.com\/fr\/wp-json\/wp\/v2\/media?parent=12656"}],"wp:term":[{"taxonomy":"product_cat","embeddable":true,"href":"https:\/\/www.bsdnonwoven.com\/fr\/wp-json\/wp\/v2\/product_cat?post=12656"},{"taxonomy":"product_tag","embeddable":true,"href":"https:\/\/www.bsdnonwoven.com\/fr\/wp-json\/wp\/v2\/product_tag?post=12656"}],"curies":[{"name":"wp","href":"https:\/\/api.w.org\/{rel}","templated":true}]}}