{"id":12702,"date":"2025-05-10T05:51:08","date_gmt":"2025-05-10T05:51:08","guid":{"rendered":"https:\/\/www.bsdnonwoven.com\/?post_type=product&#038;p=12702"},"modified":"2025-06-25T09:33:08","modified_gmt":"2025-06-25T09:33:08","slug":"water-absorbent-needle-punched-nonwoven-fabric","status":"publish","type":"product","link":"https:\/\/www.bsdnonwoven.com\/fr\/produit\/water-absorbent-needle-punched-nonwoven-fabric\/","title":{"rendered":"Tissu non tiss\u00e9 aiguillet\u00e9 absorbant l'eau"},"content":{"rendered":"<h2>Principales sp\u00e9cifications<\/h2>\n<table class=\"tg\" style=\"border-collapse: collapse; border-spacing: 0;\">\n<thead>\n<tr>\n<th style=\"font-family: Arial, sans-serif; font-size: 14px; font-weight: bold; overflow: hidden; padding: 10px 5px; text-align: center; vertical-align: middle; word-break: normal; border: 1px solid black;\">Objet<\/th>\n<th style=\"font-family: Arial, sans-serif; font-size: 14px; font-weight: bold; overflow: hidden; padding: 10px 5px; text-align: center; vertical-align: middle; word-break: normal; border: 1px solid black;\">Plage de valeurs<\/th>\n<\/tr>\n<\/thead>\n<tbody>\n<tr>\n<td style=\"font-family: Arial, sans-serif; font-size: 14px; overflow: hidden; padding: 10px 5px; text-align: left; vertical-align: middle; word-break: normal; border: 1px solid black;\">Poids<\/td>\n<td style=\"font-family: Arial, sans-serif; font-size: 14px; overflow: hidden; padding: 10px 5px; text-align: left; vertical-align: middle; word-break: normal; border: 1px solid black;\">80-1000g\/m\u00b2<\/td>\n<\/tr>\n<tr>\n<td style=\"font-family: Arial, sans-serif; font-size: 14px; overflow: hidden; padding: 10px 5px; text-align: left; vertical-align: middle; word-break: normal; border: 1px solid black;\">\u00c9paisseur<\/td>\n<td style=\"font-family: Arial, sans-serif; font-size: 14px; overflow: hidden; padding: 10px 5px; text-align: left; vertical-align: middle; word-break: normal; border: 1px solid black;\">1-10mm<\/td>\n<\/tr>\n<tr>\n<td style=\"font-family: Arial, sans-serif; font-size: 14px; overflow: hidden; padding: 10px 5px; text-align: left; vertical-align: middle; word-break: normal; border: 1px solid black;\">Mat\u00e9riau<\/td>\n<td style=\"font-family: Arial, sans-serif; font-size: 14px; overflow: hidden; padding: 10px 5px; text-align: left; vertical-align: middle; word-break: normal; border: 1px solid black;\">Polyester (PET) ou polypropyl\u00e8ne (PP)<\/td>\n<\/tr>\n<tr>\n<td style=\"font-family: Arial, sans-serif; font-size: 14px; overflow: hidden; padding: 10px 5px; text-align: left; vertical-align: middle; word-break: normal; border: 1px solid black;\">Taux d'absorption<\/td>\n<td style=\"font-family: Arial, sans-serif; font-size: 14px; overflow: hidden; padding: 10px 5px; text-align: left; vertical-align: middle; word-break: normal; border: 1px solid black;\">\u2265 800% (personnalisable en fonction de l'application)<\/td>\n<\/tr>\n<tr>\n<td style=\"font-family: Arial, sans-serif; font-size: 14px; overflow: hidden; padding: 10px 5px; text-align: left; vertical-align: middle; word-break: normal; border: 1px solid black;\">Largeur<\/td>\n<td style=\"font-family: Arial, sans-serif; font-size: 14px; overflow: hidden; padding: 10px 5px; text-align: left; vertical-align: middle; word-break: normal; border: 1px solid black;\">1m-3.2m (personnalisable)<\/td>\n<\/tr>\n<tr>\n<td style=\"font-family: Arial, sans-serif; font-size: 14px; overflow: hidden; padding: 10px 5px; text-align: left; vertical-align: middle; word-break: normal; border: 1px solid black;\">Traitement<\/td>\n<td style=\"font-family: Arial, sans-serif; font-size: 14px; overflow: hidden; padding: 10px 5px; text-align: left; vertical-align: middle; word-break: normal; border: 1px solid black;\">Piqu\u00e9 \u00e0 l'aiguille<\/td>\n<\/tr>\n<tr>\n<td style=\"font-family: Arial, sans-serif; font-size: 14px; overflow: hidden; padding: 10px 5px; text-align: left; vertical-align: middle; word-break: normal; border: 1px solid black;\">Apparence<\/td>\n<td style=\"font-family: Arial, sans-serif; font-size: 14px; overflow: hidden; padding: 10px 5px; text-align: left; vertical-align: middle; word-break: normal; border: 1px solid black;\">Blanc ou naturel, doux et moelleux<\/td>\n<\/tr>\n<\/tbody>\n<\/table>\n<h2>Description du produit<\/h2>\n<p>Le tissu non-tiss\u00e9 absorbant aiguillet\u00e9 est un mat\u00e9riau de haute performance fabriqu\u00e9 \u00e0 partir de fibres de polyester ou de polypropyl\u00e8ne \u00e0 l'aide d'un proc\u00e9d\u00e9 d'aiguilletage. Gr\u00e2ce \u00e0 sa structure l\u00e2che et duveteuse, il permet une absorption rapide et \u00e9lev\u00e9e de l'humidit\u00e9. Il est largement utilis\u00e9 dans les soins m\u00e9dicaux, l'hygi\u00e8ne personnelle, les patchs de sant\u00e9, les coussins pour animaux de compagnie et les applications agricoles, en particulier dans les sc\u00e9narios n\u00e9cessitant une absorption rapide des liquides.<\/p>\n<h2>Caract\u00e9ristiques du produit<\/h2>\n<p>Excellente capacit\u00e9 d'absorption de l'eau et absorption rapide ;<\/p>\n<p>Texture douce, adapt\u00e9e au contact avec la peau ;<\/p>\n<p>\u00c9cologique et non toxique, poids et \u00e9paisseur personnalisables ;<\/p>\n<p>Compatible avec les composites \u00e0 base de plantes ou de membranes ;<\/p>\n<p>Rentable et id\u00e9al pour la production de masse.<\/p>\n<h2>Fonction du produit<\/h2>\n<p>Ce produit absorbe efficacement les liquides pour maintenir la s\u00e9cheresse. Il est couramment utilis\u00e9 comme couche absorbante dans les tampons, les pansements et les patchs th\u00e9rapeutiques pour am\u00e9liorer le confort et la fonctionnalit\u00e9.<\/p>\n<h2>Applications des produits<\/h2>\n<p>Usage m\u00e9dical : couches absorbantes pour bandages et pansements ;<\/p>\n<p>Produits de sant\u00e9 : Couches absorbantes pour cache-\u0153il, cache-cou, cache-nombril ;<\/p>\n<p>Soins personnels : Produits d'hygi\u00e8ne f\u00e9minine, tapis de soins pour b\u00e9b\u00e9s ;<\/p>\n<p>Produits pour animaux : Tapis d'entra\u00eenement pour animaux de compagnie, sacs absorbants pour animaux de compagnie ;<\/p>\n<p>Agriculture : Toile de paillage non tiss\u00e9e retenant l'humidit\u00e9.<\/p>\n<p><img loading=\"lazy\" decoding=\"async\" class=\"size-full wp-image-13608 aligncenter\" data-src=\"https:\/\/www.bsdnonwoven.com\/wp-content\/uploads\/2025\/05\/Water-Absorbent-Needle-Punched-Nonwoven-Fabric1-3.webp\" alt=\"Tissu non tiss\u00e9 aiguillet\u00e9 absorbant l&#039;eau1\" width=\"1500\" height=\"500\" srcset=\"https:\/\/www.bsdnonwoven.com\/wp-content\/uploads\/2025\/05\/Water-Absorbent-Needle-Punched-Nonwoven-Fabric1-3.webp 1500w, https:\/\/www.bsdnonwoven.com\/wp-content\/uploads\/2025\/05\/Water-Absorbent-Needle-Punched-Nonwoven-Fabric1-3-1280x427.webp 1280w, https:\/\/www.bsdnonwoven.com\/wp-content\/uploads\/2025\/05\/Water-Absorbent-Needle-Punched-Nonwoven-Fabric1-3-980x327.webp 980w, https:\/\/www.bsdnonwoven.com\/wp-content\/uploads\/2025\/05\/Water-Absorbent-Needle-Punched-Nonwoven-Fabric1-3-480x160.webp 480w\" sizes=\"(min-width: 0px) and (max-width: 480px) 480px, (min-width: 481px) and (max-width: 980px) 980px, (min-width: 981px) and (max-width: 1280px) 1280px, (min-width: 1281px) 1500px, 100vw\" \/><\/p>\n<p>&nbsp;<\/p>","protected":false},"excerpt":{"rendered":"<p>Le tissu non-tiss\u00e9 absorbant aiguillet\u00e9 est un mat\u00e9riau de haute performance fabriqu\u00e9 \u00e0 partir de fibres de polyester ou de polypropyl\u00e8ne \u00e0 l'aide d'un proc\u00e9d\u00e9 d'aiguilletage. Gr\u00e2ce \u00e0 sa structure l\u00e2che et duveteuse, il permet une absorption rapide et \u00e9lev\u00e9e de l'humidit\u00e9. Il est largement utilis\u00e9 dans les soins m\u00e9dicaux, l'hygi\u00e8ne personnelle, les patchs de sant\u00e9, les coussins pour animaux de compagnie et les applications agricoles, en particulier dans les sc\u00e9narios n\u00e9cessitant une absorption rapide des liquides.<\/p>","protected":false},"featured_media":13284,"template":"","meta":{"_et_pb_use_builder":"","_et_pb_old_content":"","_et_gb_content_width":""},"product_cat":[304],"product_tag":[],"yoast_head":"<!-- This site is optimized with the Yoast SEO plugin v22.7 - https:\/\/yoast.com\/wordpress\/plugins\/seo\/ -->\n<title>Water-Absorbent Needle Punched Nonwoven Fabric - Boshida Nonwoven<\/title>\n<meta name=\"description\" content=\"Water-Absorbent Needle Punched Nonwoven Fabric , we provide Geosynthetic Needle-Punched Non-woven Fabric, Household needle punched non-woven fabric, Automotive Non-woven Fabric with good price.\" \/>\n<meta name=\"robots\" content=\"index, follow, max-snippet:-1, max-image-preview:large, max-video-preview:-1\" \/>\n<link rel=\"canonical\" href=\"https:\/\/www.bsdnonwoven.com\/fr\/produit\/water-absorbent-needle-punched-nonwoven-fabric\/\" \/>\n<meta property=\"og:locale\" content=\"fr_FR\" \/>\n<meta property=\"og:type\" content=\"article\" \/>\n<meta property=\"og:title\" content=\"Water-Absorbent Needle Punched Nonwoven Fabric - Boshida Nonwoven\" \/>\n<meta property=\"og:description\" content=\"Water-Absorbent Needle Punched Nonwoven Fabric , we provide Geosynthetic Needle-Punched Non-woven Fabric, Household needle punched non-woven fabric, Automotive Non-woven Fabric with good price.\" \/>\n<meta property=\"og:url\" content=\"https:\/\/www.bsdnonwoven.com\/fr\/produit\/water-absorbent-needle-punched-nonwoven-fabric\/\" \/>\n<meta property=\"og:site_name\" content=\"Boshida Nonwoven\" \/>\n<meta property=\"article:modified_time\" content=\"2025-06-25T09:33:08+00:00\" \/>\n<meta property=\"og:image\" content=\"https:\/\/www.bsdnonwoven.com\/wp-content\/uploads\/2025\/05\/Water-Absorbent-Needle-Punched-Nonwoven-Fabric-1.webp\" \/>\n\t<meta property=\"og:image:width\" content=\"800\" \/>\n\t<meta property=\"og:image:height\" content=\"800\" \/>\n\t<meta property=\"og:image:type\" content=\"image\/webp\" \/>\n<meta name=\"twitter:card\" content=\"summary_large_image\" \/>\n<meta name=\"twitter:label1\" content=\"Dur\u00e9e de lecture estim\u00e9e\" \/>\n\t<meta name=\"twitter:data1\" content=\"2 minutes\" \/>\n<script type=\"application\/ld+json\" class=\"yoast-schema-graph\">{\"@context\":\"https:\/\/schema.org\",\"@graph\":[{\"@type\":\"WebPage\",\"@id\":\"https:\/\/www.bsdnonwoven.com\/product\/water-absorbent-needle-punched-nonwoven-fabric\/\",\"url\":\"https:\/\/www.bsdnonwoven.com\/product\/water-absorbent-needle-punched-nonwoven-fabric\/\",\"name\":\"Water-Absorbent Needle Punched Nonwoven Fabric - Boshida Nonwoven\",\"isPartOf\":{\"@id\":\"https:\/\/www.bsdnonwoven.com\/#website\"},\"primaryImageOfPage\":{\"@id\":\"https:\/\/www.bsdnonwoven.com\/product\/water-absorbent-needle-punched-nonwoven-fabric\/#primaryimage\"},\"image\":{\"@id\":\"https:\/\/www.bsdnonwoven.com\/product\/water-absorbent-needle-punched-nonwoven-fabric\/#primaryimage\"},\"thumbnailUrl\":\"https:\/\/www.bsdnonwoven.com\/wp-content\/uploads\/2025\/05\/Water-Absorbent-Needle-Punched-Nonwoven-Fabric-1.webp\",\"datePublished\":\"2025-05-10T05:51:08+00:00\",\"dateModified\":\"2025-06-25T09:33:08+00:00\",\"description\":\"Water-Absorbent Needle Punched Nonwoven Fabric , we provide Geosynthetic Needle-Punched Non-woven Fabric, Household needle punched non-woven fabric, Automotive Non-woven Fabric with good price.\",\"breadcrumb\":{\"@id\":\"https:\/\/www.bsdnonwoven.com\/product\/water-absorbent-needle-punched-nonwoven-fabric\/#breadcrumb\"},\"inLanguage\":\"fr-FR\",\"potentialAction\":[{\"@type\":\"ReadAction\",\"target\":[\"https:\/\/www.bsdnonwoven.com\/product\/water-absorbent-needle-punched-nonwoven-fabric\/\"]}]},{\"@type\":\"ImageObject\",\"inLanguage\":\"fr-FR\",\"@id\":\"https:\/\/www.bsdnonwoven.com\/product\/water-absorbent-needle-punched-nonwoven-fabric\/#primaryimage\",\"url\":\"https:\/\/www.bsdnonwoven.com\/wp-content\/uploads\/2025\/05\/Water-Absorbent-Needle-Punched-Nonwoven-Fabric-1.webp\",\"contentUrl\":\"https:\/\/www.bsdnonwoven.com\/wp-content\/uploads\/2025\/05\/Water-Absorbent-Needle-Punched-Nonwoven-Fabric-1.webp\",\"width\":800,\"height\":800,\"caption\":\"Water-Absorbent Needle Punched Nonwoven Fabric\"},{\"@type\":\"BreadcrumbList\",\"@id\":\"https:\/\/www.bsdnonwoven.com\/product\/water-absorbent-needle-punched-nonwoven-fabric\/#breadcrumb\",\"itemListElement\":[{\"@type\":\"ListItem\",\"position\":1,\"name\":\"Home\",\"item\":\"https:\/\/www.bsdnonwoven.com\/\"},{\"@type\":\"ListItem\",\"position\":2,\"name\":\"Products\",\"item\":\"https:\/\/www.bsdnonwoven.com\/shop\/\"},{\"@type\":\"ListItem\",\"position\":3,\"name\":\"Water-Absorbent Needle Punched Nonwoven Fabric\"}]},{\"@type\":\"WebSite\",\"@id\":\"https:\/\/www.bsdnonwoven.com\/#website\",\"url\":\"https:\/\/www.bsdnonwoven.com\/\",\"name\":\"Boshida Nonwoven\",\"description\":\"\",\"potentialAction\":[{\"@type\":\"SearchAction\",\"target\":{\"@type\":\"EntryPoint\",\"urlTemplate\":\"https:\/\/www.bsdnonwoven.com\/?s={search_term_string}\"},\"query-input\":\"required name=search_term_string\"}],\"inLanguage\":\"fr-FR\"}]}<\/script>\n<!-- \/ Yoast SEO plugin. -->","yoast_head_json":{"title":"Water-Absorbent Needle Punched Nonwoven Fabric - Boshida Nonwoven","description":"Water-Absorbent Needle Punched Nonwoven Fabric , we provide Geosynthetic Needle-Punched Non-woven Fabric, Household needle punched non-woven fabric, Automotive Non-woven Fabric with good price.","robots":{"index":"index","follow":"follow","max-snippet":"max-snippet:-1","max-image-preview":"max-image-preview:large","max-video-preview":"max-video-preview:-1"},"canonical":"https:\/\/www.bsdnonwoven.com\/fr\/produit\/water-absorbent-needle-punched-nonwoven-fabric\/","og_locale":"fr_FR","og_type":"article","og_title":"Water-Absorbent Needle Punched Nonwoven Fabric - Boshida Nonwoven","og_description":"Water-Absorbent Needle Punched Nonwoven Fabric , we provide Geosynthetic Needle-Punched Non-woven Fabric, Household needle punched non-woven fabric, Automotive Non-woven Fabric with good price.","og_url":"https:\/\/www.bsdnonwoven.com\/fr\/produit\/water-absorbent-needle-punched-nonwoven-fabric\/","og_site_name":"Boshida Nonwoven","article_modified_time":"2025-06-25T09:33:08+00:00","og_image":[{"width":800,"height":800,"url":"https:\/\/www.bsdnonwoven.com\/wp-content\/uploads\/2025\/05\/Water-Absorbent-Needle-Punched-Nonwoven-Fabric-1.webp","type":"image\/webp"}],"twitter_card":"summary_large_image","twitter_misc":{"Dur\u00e9e de lecture estim\u00e9e":"2 minutes"},"schema":{"@context":"https:\/\/schema.org","@graph":[{"@type":"WebPage","@id":"https:\/\/www.bsdnonwoven.com\/product\/water-absorbent-needle-punched-nonwoven-fabric\/","url":"https:\/\/www.bsdnonwoven.com\/product\/water-absorbent-needle-punched-nonwoven-fabric\/","name":"Water-Absorbent Needle Punched Nonwoven Fabric - Boshida Nonwoven","isPartOf":{"@id":"https:\/\/www.bsdnonwoven.com\/#website"},"primaryImageOfPage":{"@id":"https:\/\/www.bsdnonwoven.com\/product\/water-absorbent-needle-punched-nonwoven-fabric\/#primaryimage"},"image":{"@id":"https:\/\/www.bsdnonwoven.com\/product\/water-absorbent-needle-punched-nonwoven-fabric\/#primaryimage"},"thumbnailUrl":"https:\/\/www.bsdnonwoven.com\/wp-content\/uploads\/2025\/05\/Water-Absorbent-Needle-Punched-Nonwoven-Fabric-1.webp","datePublished":"2025-05-10T05:51:08+00:00","dateModified":"2025-06-25T09:33:08+00:00","description":"Water-Absorbent Needle Punched Nonwoven Fabric , we provide Geosynthetic Needle-Punched Non-woven Fabric, Household needle punched non-woven fabric, Automotive Non-woven Fabric with good price.","breadcrumb":{"@id":"https:\/\/www.bsdnonwoven.com\/product\/water-absorbent-needle-punched-nonwoven-fabric\/#breadcrumb"},"inLanguage":"fr-FR","potentialAction":[{"@type":"ReadAction","target":["https:\/\/www.bsdnonwoven.com\/product\/water-absorbent-needle-punched-nonwoven-fabric\/"]}]},{"@type":"ImageObject","inLanguage":"fr-FR","@id":"https:\/\/www.bsdnonwoven.com\/product\/water-absorbent-needle-punched-nonwoven-fabric\/#primaryimage","url":"https:\/\/www.bsdnonwoven.com\/wp-content\/uploads\/2025\/05\/Water-Absorbent-Needle-Punched-Nonwoven-Fabric-1.webp","contentUrl":"https:\/\/www.bsdnonwoven.com\/wp-content\/uploads\/2025\/05\/Water-Absorbent-Needle-Punched-Nonwoven-Fabric-1.webp","width":800,"height":800,"caption":"Water-Absorbent Needle Punched Nonwoven Fabric"},{"@type":"BreadcrumbList","@id":"https:\/\/www.bsdnonwoven.com\/product\/water-absorbent-needle-punched-nonwoven-fabric\/#breadcrumb","itemListElement":[{"@type":"ListItem","position":1,"name":"Home","item":"https:\/\/www.bsdnonwoven.com\/"},{"@type":"ListItem","position":2,"name":"Products","item":"https:\/\/www.bsdnonwoven.com\/shop\/"},{"@type":"ListItem","position":3,"name":"Water-Absorbent Needle Punched Nonwoven Fabric"}]},{"@type":"WebSite","@id":"https:\/\/www.bsdnonwoven.com\/#website","url":"https:\/\/www.bsdnonwoven.com\/","name":"Boshida Nonwoven","description":"","potentialAction":[{"@type":"SearchAction","target":{"@type":"EntryPoint","urlTemplate":"https:\/\/www.bsdnonwoven.com\/?s={search_term_string}"},"query-input":"required name=search_term_string"}],"inLanguage":"fr-FR"}]}},"_links":{"self":[{"href":"https:\/\/www.bsdnonwoven.com\/fr\/wp-json\/wp\/v2\/product\/12702"}],"collection":[{"href":"https:\/\/www.bsdnonwoven.com\/fr\/wp-json\/wp\/v2\/product"}],"about":[{"href":"https:\/\/www.bsdnonwoven.com\/fr\/wp-json\/wp\/v2\/types\/product"}],"wp:featuredmedia":[{"embeddable":true,"href":"https:\/\/www.bsdnonwoven.com\/fr\/wp-json\/wp\/v2\/media\/13284"}],"wp:attachment":[{"href":"https:\/\/www.bsdnonwoven.com\/fr\/wp-json\/wp\/v2\/media?parent=12702"}],"wp:term":[{"taxonomy":"product_cat","embeddable":true,"href":"https:\/\/www.bsdnonwoven.com\/fr\/wp-json\/wp\/v2\/product_cat?post=12702"},{"taxonomy":"product_tag","embeddable":true,"href":"https:\/\/www.bsdnonwoven.com\/fr\/wp-json\/wp\/v2\/product_tag?post=12702"}],"curies":[{"name":"wp","href":"https:\/\/api.w.org\/{rel}","templated":true}]}}