{"id":12767,"date":"2025-05-10T06:21:07","date_gmt":"2025-05-10T06:21:07","guid":{"rendered":"https:\/\/www.bsdnonwoven.com\/?post_type=product&#038;p=12767"},"modified":"2025-12-02T08:17:34","modified_gmt":"2025-12-02T08:17:34","slug":"needle-punched-nonwoven-car-synthetic-leather-backing-fabric","status":"publish","type":"product","link":"https:\/\/www.bsdnonwoven.com\/fr\/produit\/needle-punched-nonwoven-car-synthetic-leather-backing-fabric\/","title":{"rendered":"Tissu non-tiss\u00e9 aiguillet\u00e9 pour voiture avec support en cuir synth\u00e9tique"},"content":{"rendered":"<h2>Sp\u00e9cifications des produits<\/h2>\n<table class=\"tg\" style=\"border-collapse: collapse; border-spacing: 0;\">\n<thead>\n<tr>\n<th style=\"font-family: Arial, sans-serif; font-size: 14px; font-weight: bold; overflow: hidden; padding: 10px 5px; text-align: center; vertical-align: middle; word-break: normal; border: 1px solid black;\">Sp\u00e9cifications<\/th>\n<th style=\"font-family: Arial, sans-serif; font-size: 14px; font-weight: bold; overflow: hidden; padding: 10px 5px; text-align: center; vertical-align: middle; word-break: normal; border: 1px solid black;\">Gamme<\/th>\n<\/tr>\n<\/thead>\n<tbody>\n<tr>\n<td style=\"font-family: Arial, sans-serif; font-size: 14px; overflow: hidden; padding: 10px 5px; text-align: left; vertical-align: middle; word-break: normal; border: 1px solid black;\">Mat\u00e9riau<\/td>\n<td style=\"font-family: Arial, sans-serif; font-size: 14px; overflow: hidden; padding: 10px 5px; text-align: left; vertical-align: middle; word-break: normal; border: 1px solid black;\">100% Polyester (PET)<\/td>\n<\/tr>\n<tr>\n<td style=\"font-family: Arial, sans-serif; font-size: 14px; overflow: hidden; padding: 10px 5px; text-align: left; vertical-align: middle; word-break: normal; border: 1px solid black;\">Poids<\/td>\n<td style=\"font-family: Arial, sans-serif; font-size: 14px; overflow: hidden; padding: 10px 5px; text-align: left; vertical-align: middle; word-break: normal; border: 1px solid black;\">80g\/m\u00b2 - 1500g\/m\u00b2<\/td>\n<\/tr>\n<tr>\n<td style=\"font-family: Arial, sans-serif; font-size: 14px; overflow: hidden; padding: 10px 5px; text-align: left; vertical-align: middle; word-break: normal; border: 1px solid black;\">\u00c9paisseur<\/td>\n<td style=\"font-family: Arial, sans-serif; font-size: 14px; overflow: hidden; padding: 10px 5px; text-align: left; vertical-align: middle; word-break: normal; border: 1px solid black;\">0,5 mm - 12 mm<\/td>\n<\/tr>\n<tr>\n<td style=\"font-family: Arial, sans-serif; font-size: 14px; overflow: hidden; padding: 10px 5px; text-align: left; vertical-align: middle; word-break: normal; border: 1px solid black;\">Largeur<\/td>\n<td style=\"font-family: Arial, sans-serif; font-size: 14px; overflow: hidden; padding: 10px 5px; text-align: left; vertical-align: middle; word-break: normal; border: 1px solid black;\">0,1 m - 3,5 m<\/td>\n<\/tr>\n<tr>\n<td style=\"font-family: Arial, sans-serif; font-size: 14px; overflow: hidden; padding: 10px 5px; text-align: left; vertical-align: middle; word-break: normal; border: 1px solid black;\">Couleur<\/td>\n<td style=\"font-family: Arial, sans-serif; font-size: 14px; overflow: hidden; padding: 10px 5px; text-align: left; vertical-align: middle; word-break: normal; border: 1px solid black;\">Personnalisable<\/td>\n<\/tr>\n<tr>\n<td style=\"font-family: Arial, sans-serif; font-size: 14px; overflow: hidden; padding: 10px 5px; text-align: left; vertical-align: middle; word-break: normal; border: 1px solid black;\">Technologie<\/td>\n<td style=\"font-family: Arial, sans-serif; font-size: 14px; overflow: hidden; padding: 10px 5px; text-align: left; vertical-align: middle; word-break: normal; border: 1px solid black;\">Non-tiss\u00e9 aiguillet\u00e9<\/td>\n<\/tr>\n<tr>\n<td style=\"font-family: Arial, sans-serif; font-size: 14px; overflow: hidden; padding: 10px 5px; text-align: left; vertical-align: middle; word-break: normal; border: 1px solid black;\">Caract\u00e9ristiques<\/td>\n<td style=\"font-family: Arial, sans-serif; font-size: 14px; overflow: hidden; padding: 10px 5px; text-align: left; vertical-align: middle; word-break: normal; border: 1px solid black;\">Retardateur de flammes, durable, \u00e9cologique<\/td>\n<\/tr>\n<tr>\n<td style=\"font-family: Arial, sans-serif; font-size: 14px; overflow: hidden; padding: 10px 5px; text-align: left; vertical-align: middle; word-break: normal; border: 1px solid black;\">Applications<\/td>\n<td style=\"font-family: Arial, sans-serif; font-size: 14px; overflow: hidden; padding: 10px 5px; text-align: left; vertical-align: middle; word-break: normal; border: 1px solid black;\">Int\u00e9rieur automobile, support en cuir synth\u00e9tique<\/td>\n<\/tr>\n<\/tbody>\n<\/table>\n<h2>Description du produit<\/h2>\n<p>Le support en cuir synth\u00e9tique non tiss\u00e9 aiguillet\u00e9 est produit \u00e0 l'aide de la technologie d'aiguilletage et sert de mat\u00e9riau de base pour le cuir synth\u00e9tique. Il offre une r\u00e9sistance, une stabilit\u00e9 et une durabilit\u00e9 excellentes, ce qui le rend id\u00e9al pour les si\u00e8ges automobiles, les panneaux de porte, les tableaux de bord et d'autres composants int\u00e9rieurs, am\u00e9liorant ainsi les performances globales et le confort du cuir synth\u00e9tique.<\/p>\n<h2>Caract\u00e9ristiques du produit<\/h2>\n<p>Excellente r\u00e9sistance et stabilit\u00e9<\/p>\n<p>Bonne r\u00e9sistance \u00e0 l'usure et durabilit\u00e9<\/p>\n<p>Retardateur de flamme, conforme aux normes de s\u00e9curit\u00e9 automobile<\/p>\n<p>Mat\u00e9riaux \u00e9cologiques et recyclables<\/p>\n<p>Texture uniforme, facile \u00e0 coller avec le cuir synth\u00e9tique<\/p>\n<h2>Fonctions du produit<\/h2>\n<p>Servent de mat\u00e9riau de base pour le cuir synth\u00e9tique, en fournissant un soutien structurel.<\/p>\n<p>Am\u00e9liore la durabilit\u00e9 et le confort du cuir synth\u00e9tique<\/p>\n<p>Am\u00e9liorer la qualit\u00e9 g\u00e9n\u00e9rale et l'apparence des int\u00e9rieurs automobiles<\/p>\n<p>R\u00e9pondre \u00e0 diverses exigences en mati\u00e8re de conception et de fonctionnement<\/p>\n<h2>Applications des produits<\/h2>\n<p>Support en cuir synth\u00e9tique pour si\u00e8ges automobiles<\/p>\n<p>Support en cuir synth\u00e9tique pour panneaux de porte de voiture<\/p>\n<p>Support en cuir synth\u00e9tique pour les tableaux de bord<\/p>\n<p>Support en cuir synth\u00e9tique pour d'autres composants de l'int\u00e9rieur de l'automobile<\/p>\n<p>Voir notre <a href=\"https:\/\/www.bsdnonwoven.com\/category\/needle-punched-nonwoven-fabric-for-footwear\/\">Tissu non tiss\u00e9 aiguillet\u00e9 pour chaussures<\/a>\u00a0pour plus !<\/p>\n<p><img loading=\"lazy\" decoding=\"async\" class=\"size-full wp-image-13587 aligncenter\" data-src=\"https:\/\/www.bsdnonwoven.com\/wp-content\/uploads\/2025\/05\/Needle-Punched-Nonwoven-Car-Synthetic-Leather-Backing-Fabric1-1.webp\" alt=\"Tissu non tiss\u00e9 aiguillet\u00e9 pour voiture avec support en cuir synth\u00e9tique1\" width=\"1500\" height=\"500\" srcset=\"https:\/\/www.bsdnonwoven.com\/wp-content\/uploads\/2025\/05\/Needle-Punched-Nonwoven-Car-Synthetic-Leather-Backing-Fabric1-1.webp 1500w, https:\/\/www.bsdnonwoven.com\/wp-content\/uploads\/2025\/05\/Needle-Punched-Nonwoven-Car-Synthetic-Leather-Backing-Fabric1-1-1280x427.webp 1280w, https:\/\/www.bsdnonwoven.com\/wp-content\/uploads\/2025\/05\/Needle-Punched-Nonwoven-Car-Synthetic-Leather-Backing-Fabric1-1-980x327.webp 980w, https:\/\/www.bsdnonwoven.com\/wp-content\/uploads\/2025\/05\/Needle-Punched-Nonwoven-Car-Synthetic-Leather-Backing-Fabric1-1-480x160.webp 480w\" sizes=\"(min-width: 0px) and (max-width: 480px) 480px, (min-width: 481px) and (max-width: 980px) 980px, (min-width: 981px) and (max-width: 1280px) 1280px, (min-width: 1281px) 1500px, 100vw\" \/><\/p>","protected":false},"excerpt":{"rendered":"<p>Le support en cuir synth\u00e9tique non tiss\u00e9 aiguillet\u00e9 est produit \u00e0 l'aide de la technologie d'aiguilletage et sert de mat\u00e9riau de base pour le cuir synth\u00e9tique. Il offre une r\u00e9sistance, une stabilit\u00e9 et une durabilit\u00e9 excellentes, ce qui le rend id\u00e9al pour les si\u00e8ges automobiles, les panneaux de porte, les tableaux de bord et d'autres composants int\u00e9rieurs, am\u00e9liorant ainsi les performances globales et le confort du cuir synth\u00e9tique.<\/p>","protected":false},"featured_media":13319,"template":"","meta":{"_et_pb_use_builder":"","_et_pb_old_content":"","_et_gb_content_width":""},"product_cat":[302],"product_tag":[],"yoast_head":"<!-- This site is optimized with the Yoast SEO plugin v22.7 - https:\/\/yoast.com\/wordpress\/plugins\/seo\/ -->\n<title>Needle Punched Nonwoven Car Synthetic Leather Backing Fabric - Boshida Nonwoven<\/title>\n<meta name=\"description\" content=\"Needle Punched Nonwoven Car Synthetic Leather Backing Fabric , we provide Geosynthetic Needle-Punched Non-woven Fabric, Household needle punched non-woven fabric, Automotive Non-woven Fabric with good price.\" \/>\n<meta name=\"robots\" content=\"index, follow, max-snippet:-1, max-image-preview:large, max-video-preview:-1\" \/>\n<link rel=\"canonical\" href=\"https:\/\/www.bsdnonwoven.com\/fr\/produit\/needle-punched-nonwoven-car-synthetic-leather-backing-fabric\/\" \/>\n<meta property=\"og:locale\" content=\"fr_FR\" \/>\n<meta property=\"og:type\" content=\"article\" \/>\n<meta property=\"og:title\" content=\"Needle Punched Nonwoven Car Synthetic Leather Backing Fabric - Boshida Nonwoven\" \/>\n<meta property=\"og:description\" content=\"Needle Punched Nonwoven Car Synthetic Leather Backing Fabric , we provide Geosynthetic Needle-Punched Non-woven Fabric, Household needle punched non-woven fabric, Automotive Non-woven Fabric with good price.\" \/>\n<meta property=\"og:url\" content=\"https:\/\/www.bsdnonwoven.com\/fr\/produit\/needle-punched-nonwoven-car-synthetic-leather-backing-fabric\/\" \/>\n<meta property=\"og:site_name\" content=\"Boshida Nonwoven\" \/>\n<meta property=\"article:modified_time\" content=\"2025-12-02T08:17:34+00:00\" \/>\n<meta property=\"og:image\" content=\"https:\/\/www.bsdnonwoven.com\/wp-content\/uploads\/2025\/05\/Needle-Punched-Nonwoven-Car-Synthetic-Leather-Backing-Fabric-1.webp\" \/>\n\t<meta property=\"og:image:width\" content=\"800\" \/>\n\t<meta property=\"og:image:height\" content=\"800\" \/>\n\t<meta property=\"og:image:type\" content=\"image\/webp\" \/>\n<meta name=\"twitter:card\" content=\"summary_large_image\" \/>\n<meta name=\"twitter:label1\" content=\"Dur\u00e9e de lecture estim\u00e9e\" \/>\n\t<meta name=\"twitter:data1\" content=\"2 minutes\" \/>\n<script type=\"application\/ld+json\" class=\"yoast-schema-graph\">{\"@context\":\"https:\/\/schema.org\",\"@graph\":[{\"@type\":\"WebPage\",\"@id\":\"https:\/\/www.bsdnonwoven.com\/product\/needle-punched-nonwoven-car-synthetic-leather-backing-fabric\/\",\"url\":\"https:\/\/www.bsdnonwoven.com\/product\/needle-punched-nonwoven-car-synthetic-leather-backing-fabric\/\",\"name\":\"Needle Punched Nonwoven Car Synthetic Leather Backing Fabric - Boshida Nonwoven\",\"isPartOf\":{\"@id\":\"https:\/\/www.bsdnonwoven.com\/#website\"},\"primaryImageOfPage\":{\"@id\":\"https:\/\/www.bsdnonwoven.com\/product\/needle-punched-nonwoven-car-synthetic-leather-backing-fabric\/#primaryimage\"},\"image\":{\"@id\":\"https:\/\/www.bsdnonwoven.com\/product\/needle-punched-nonwoven-car-synthetic-leather-backing-fabric\/#primaryimage\"},\"thumbnailUrl\":\"https:\/\/www.bsdnonwoven.com\/wp-content\/uploads\/2025\/05\/Needle-Punched-Nonwoven-Car-Synthetic-Leather-Backing-Fabric-1.webp\",\"datePublished\":\"2025-05-10T06:21:07+00:00\",\"dateModified\":\"2025-12-02T08:17:34+00:00\",\"description\":\"Needle Punched Nonwoven Car Synthetic Leather Backing Fabric , we provide Geosynthetic Needle-Punched Non-woven Fabric, Household needle punched non-woven fabric, Automotive Non-woven Fabric with good price.\",\"breadcrumb\":{\"@id\":\"https:\/\/www.bsdnonwoven.com\/product\/needle-punched-nonwoven-car-synthetic-leather-backing-fabric\/#breadcrumb\"},\"inLanguage\":\"fr-FR\",\"potentialAction\":[{\"@type\":\"ReadAction\",\"target\":[\"https:\/\/www.bsdnonwoven.com\/product\/needle-punched-nonwoven-car-synthetic-leather-backing-fabric\/\"]}]},{\"@type\":\"ImageObject\",\"inLanguage\":\"fr-FR\",\"@id\":\"https:\/\/www.bsdnonwoven.com\/product\/needle-punched-nonwoven-car-synthetic-leather-backing-fabric\/#primaryimage\",\"url\":\"https:\/\/www.bsdnonwoven.com\/wp-content\/uploads\/2025\/05\/Needle-Punched-Nonwoven-Car-Synthetic-Leather-Backing-Fabric-1.webp\",\"contentUrl\":\"https:\/\/www.bsdnonwoven.com\/wp-content\/uploads\/2025\/05\/Needle-Punched-Nonwoven-Car-Synthetic-Leather-Backing-Fabric-1.webp\",\"width\":800,\"height\":800,\"caption\":\"Needle Punched Nonwoven Car Synthetic Leather Backing Fabric\"},{\"@type\":\"BreadcrumbList\",\"@id\":\"https:\/\/www.bsdnonwoven.com\/product\/needle-punched-nonwoven-car-synthetic-leather-backing-fabric\/#breadcrumb\",\"itemListElement\":[{\"@type\":\"ListItem\",\"position\":1,\"name\":\"Home\",\"item\":\"https:\/\/www.bsdnonwoven.com\/\"},{\"@type\":\"ListItem\",\"position\":2,\"name\":\"Products\",\"item\":\"https:\/\/www.bsdnonwoven.com\/shop\/\"},{\"@type\":\"ListItem\",\"position\":3,\"name\":\"Needle Punched Nonwoven Car Synthetic Leather Backing Fabric\"}]},{\"@type\":\"WebSite\",\"@id\":\"https:\/\/www.bsdnonwoven.com\/#website\",\"url\":\"https:\/\/www.bsdnonwoven.com\/\",\"name\":\"Boshida Nonwoven\",\"description\":\"\",\"potentialAction\":[{\"@type\":\"SearchAction\",\"target\":{\"@type\":\"EntryPoint\",\"urlTemplate\":\"https:\/\/www.bsdnonwoven.com\/?s={search_term_string}\"},\"query-input\":\"required name=search_term_string\"}],\"inLanguage\":\"fr-FR\"}]}<\/script>\n<!-- \/ Yoast SEO plugin. -->","yoast_head_json":{"title":"Needle Punched Nonwoven Car Synthetic Leather Backing Fabric - Boshida Nonwoven","description":"Needle Punched Nonwoven Car Synthetic Leather Backing Fabric , we provide Geosynthetic Needle-Punched Non-woven Fabric, Household needle punched non-woven fabric, Automotive Non-woven Fabric with good price.","robots":{"index":"index","follow":"follow","max-snippet":"max-snippet:-1","max-image-preview":"max-image-preview:large","max-video-preview":"max-video-preview:-1"},"canonical":"https:\/\/www.bsdnonwoven.com\/fr\/produit\/needle-punched-nonwoven-car-synthetic-leather-backing-fabric\/","og_locale":"fr_FR","og_type":"article","og_title":"Needle Punched Nonwoven Car Synthetic Leather Backing Fabric - Boshida Nonwoven","og_description":"Needle Punched Nonwoven Car Synthetic Leather Backing Fabric , we provide Geosynthetic Needle-Punched Non-woven Fabric, Household needle punched non-woven fabric, Automotive Non-woven Fabric with good price.","og_url":"https:\/\/www.bsdnonwoven.com\/fr\/produit\/needle-punched-nonwoven-car-synthetic-leather-backing-fabric\/","og_site_name":"Boshida Nonwoven","article_modified_time":"2025-12-02T08:17:34+00:00","og_image":[{"width":800,"height":800,"url":"https:\/\/www.bsdnonwoven.com\/wp-content\/uploads\/2025\/05\/Needle-Punched-Nonwoven-Car-Synthetic-Leather-Backing-Fabric-1.webp","type":"image\/webp"}],"twitter_card":"summary_large_image","twitter_misc":{"Dur\u00e9e de lecture estim\u00e9e":"2 minutes"},"schema":{"@context":"https:\/\/schema.org","@graph":[{"@type":"WebPage","@id":"https:\/\/www.bsdnonwoven.com\/product\/needle-punched-nonwoven-car-synthetic-leather-backing-fabric\/","url":"https:\/\/www.bsdnonwoven.com\/product\/needle-punched-nonwoven-car-synthetic-leather-backing-fabric\/","name":"Needle Punched Nonwoven Car Synthetic Leather Backing Fabric - Boshida Nonwoven","isPartOf":{"@id":"https:\/\/www.bsdnonwoven.com\/#website"},"primaryImageOfPage":{"@id":"https:\/\/www.bsdnonwoven.com\/product\/needle-punched-nonwoven-car-synthetic-leather-backing-fabric\/#primaryimage"},"image":{"@id":"https:\/\/www.bsdnonwoven.com\/product\/needle-punched-nonwoven-car-synthetic-leather-backing-fabric\/#primaryimage"},"thumbnailUrl":"https:\/\/www.bsdnonwoven.com\/wp-content\/uploads\/2025\/05\/Needle-Punched-Nonwoven-Car-Synthetic-Leather-Backing-Fabric-1.webp","datePublished":"2025-05-10T06:21:07+00:00","dateModified":"2025-12-02T08:17:34+00:00","description":"Needle Punched Nonwoven Car Synthetic Leather Backing Fabric , we provide Geosynthetic Needle-Punched Non-woven Fabric, Household needle punched non-woven fabric, Automotive Non-woven Fabric with good price.","breadcrumb":{"@id":"https:\/\/www.bsdnonwoven.com\/product\/needle-punched-nonwoven-car-synthetic-leather-backing-fabric\/#breadcrumb"},"inLanguage":"fr-FR","potentialAction":[{"@type":"ReadAction","target":["https:\/\/www.bsdnonwoven.com\/product\/needle-punched-nonwoven-car-synthetic-leather-backing-fabric\/"]}]},{"@type":"ImageObject","inLanguage":"fr-FR","@id":"https:\/\/www.bsdnonwoven.com\/product\/needle-punched-nonwoven-car-synthetic-leather-backing-fabric\/#primaryimage","url":"https:\/\/www.bsdnonwoven.com\/wp-content\/uploads\/2025\/05\/Needle-Punched-Nonwoven-Car-Synthetic-Leather-Backing-Fabric-1.webp","contentUrl":"https:\/\/www.bsdnonwoven.com\/wp-content\/uploads\/2025\/05\/Needle-Punched-Nonwoven-Car-Synthetic-Leather-Backing-Fabric-1.webp","width":800,"height":800,"caption":"Needle Punched Nonwoven Car Synthetic Leather Backing Fabric"},{"@type":"BreadcrumbList","@id":"https:\/\/www.bsdnonwoven.com\/product\/needle-punched-nonwoven-car-synthetic-leather-backing-fabric\/#breadcrumb","itemListElement":[{"@type":"ListItem","position":1,"name":"Home","item":"https:\/\/www.bsdnonwoven.com\/"},{"@type":"ListItem","position":2,"name":"Products","item":"https:\/\/www.bsdnonwoven.com\/shop\/"},{"@type":"ListItem","position":3,"name":"Needle Punched Nonwoven Car Synthetic Leather Backing Fabric"}]},{"@type":"WebSite","@id":"https:\/\/www.bsdnonwoven.com\/#website","url":"https:\/\/www.bsdnonwoven.com\/","name":"Boshida Nonwoven","description":"","potentialAction":[{"@type":"SearchAction","target":{"@type":"EntryPoint","urlTemplate":"https:\/\/www.bsdnonwoven.com\/?s={search_term_string}"},"query-input":"required name=search_term_string"}],"inLanguage":"fr-FR"}]}},"_links":{"self":[{"href":"https:\/\/www.bsdnonwoven.com\/fr\/wp-json\/wp\/v2\/product\/12767"}],"collection":[{"href":"https:\/\/www.bsdnonwoven.com\/fr\/wp-json\/wp\/v2\/product"}],"about":[{"href":"https:\/\/www.bsdnonwoven.com\/fr\/wp-json\/wp\/v2\/types\/product"}],"wp:featuredmedia":[{"embeddable":true,"href":"https:\/\/www.bsdnonwoven.com\/fr\/wp-json\/wp\/v2\/media\/13319"}],"wp:attachment":[{"href":"https:\/\/www.bsdnonwoven.com\/fr\/wp-json\/wp\/v2\/media?parent=12767"}],"wp:term":[{"taxonomy":"product_cat","embeddable":true,"href":"https:\/\/www.bsdnonwoven.com\/fr\/wp-json\/wp\/v2\/product_cat?post=12767"},{"taxonomy":"product_tag","embeddable":true,"href":"https:\/\/www.bsdnonwoven.com\/fr\/wp-json\/wp\/v2\/product_tag?post=12767"}],"curies":[{"name":"wp","href":"https:\/\/api.w.org\/{rel}","templated":true}]}}