{"id":12843,"date":"2025-04-16T07:05:23","date_gmt":"2025-04-16T07:05:23","guid":{"rendered":"https:\/\/www.bsdnonwoven.com\/?post_type=product&#038;p=12843"},"modified":"2025-06-24T10:51:47","modified_gmt":"2025-06-24T10:51:47","slug":"needle-punched-nonwoven-shoe-felt","status":"publish","type":"product","link":"https:\/\/www.bsdnonwoven.com\/fr\/produit\/needle-punched-nonwoven-shoe-felt\/","title":{"rendered":"Feutre de chaussure non tiss\u00e9 aiguillet\u00e9"},"content":{"rendered":"<h2>Principales sp\u00e9cifications<\/h2>\n<table class=\"tg\" style=\"border-collapse: collapse; border-spacing: 0;\">\n<thead>\n<tr>\n<th style=\"font-family: Arial, sans-serif; font-size: 14px; font-weight: bold; overflow: hidden; padding: 10px 5px; text-align: center; vertical-align: middle; word-break: normal; border: 1px solid black;\">Sp\u00e9cifications<\/th>\n<th style=\"font-family: Arial, sans-serif; font-size: 14px; font-weight: bold; overflow: hidden; padding: 10px 5px; text-align: center; vertical-align: middle; word-break: normal; border: 1px solid black;\">Valeur<\/th>\n<\/tr>\n<\/thead>\n<tbody>\n<tr>\n<td style=\"font-family: Arial, sans-serif; font-size: 14px; overflow: hidden; padding: 10px 5px; text-align: left; vertical-align: middle; word-break: normal; border: 1px solid black;\">Mat\u00e9riau<\/td>\n<td style=\"font-family: Arial, sans-serif; font-size: 14px; overflow: hidden; padding: 10px 5px; text-align: left; vertical-align: middle; word-break: normal; border: 1px solid black;\">100% Polypropyl\u00e8ne<\/td>\n<\/tr>\n<tr>\n<td style=\"font-family: Arial, sans-serif; font-size: 14px; overflow: hidden; padding: 10px 5px; text-align: left; vertical-align: middle; word-break: normal; border: 1px solid black;\">Poids<\/td>\n<td style=\"font-family: Arial, sans-serif; font-size: 14px; overflow: hidden; padding: 10px 5px; text-align: left; vertical-align: middle; word-break: normal; border: 1px solid black;\">25-300 g\/m\u00b2.<\/td>\n<\/tr>\n<tr>\n<td style=\"font-family: Arial, sans-serif; font-size: 14px; overflow: hidden; padding: 10px 5px; text-align: left; vertical-align: middle; word-break: normal; border: 1px solid black;\">\u00c9paisseur<\/td>\n<td style=\"font-family: Arial, sans-serif; font-size: 14px; overflow: hidden; padding: 10px 5px; text-align: left; vertical-align: middle; word-break: normal; border: 1px solid black;\">0,6 mm-3,0 mm<\/td>\n<\/tr>\n<tr>\n<td style=\"font-family: Arial, sans-serif; font-size: 14px; overflow: hidden; padding: 10px 5px; text-align: left; vertical-align: middle; word-break: normal; border: 1px solid black;\">Largeur<\/td>\n<td style=\"font-family: Arial, sans-serif; font-size: 14px; overflow: hidden; padding: 10px 5px; text-align: left; vertical-align: middle; word-break: normal; border: 1px solid black;\">1,37 m\u00e8tre<\/td>\n<\/tr>\n<tr>\n<td style=\"font-family: Arial, sans-serif; font-size: 14px; overflow: hidden; padding: 10px 5px; text-align: left; vertical-align: middle; word-break: normal; border: 1px solid black;\">Couleur<\/td>\n<td style=\"font-family: Arial, sans-serif; font-size: 14px; overflow: hidden; padding: 10px 5px; text-align: left; vertical-align: middle; word-break: normal; border: 1px solid black;\">Blanc, noir, gris, etc.<\/td>\n<\/tr>\n<tr>\n<td style=\"font-family: Arial, sans-serif; font-size: 14px; overflow: hidden; padding: 10px 5px; text-align: left; vertical-align: middle; word-break: normal; border: 1px solid black;\">Formulaire<\/td>\n<td style=\"font-family: Arial, sans-serif; font-size: 14px; overflow: hidden; padding: 10px 5px; text-align: left; vertical-align: middle; word-break: normal; border: 1px solid black;\">Rouleau<\/td>\n<\/tr>\n<tr>\n<td style=\"font-family: Arial, sans-serif; font-size: 14px; overflow: hidden; padding: 10px 5px; text-align: left; vertical-align: middle; word-break: normal; border: 1px solid black;\">Type<\/td>\n<td style=\"font-family: Arial, sans-serif; font-size: 14px; overflow: hidden; padding: 10px 5px; text-align: left; vertical-align: middle; word-break: normal; border: 1px solid black;\">Fusible \/ non fusible<\/td>\n<\/tr>\n<\/tbody>\n<\/table>\n<h2>\u00a0Description du produit<\/h2>\n<p>Le feutre de chaussure non tiss\u00e9 aiguillet\u00e9 est un mat\u00e9riau non tiss\u00e9 produit \u00e0 partir de r\u00e9sine de polypropyl\u00e8ne comme mati\u00e8re premi\u00e8re principale gr\u00e2ce \u00e0 la technologie de l'aiguilletage. Il offre une excellente flexibilit\u00e9 et durabilit\u00e9, et est largement utilis\u00e9 dans la zone de connexion entre la tige de la chaussure et la semelle pour am\u00e9liorer la structure et la durabilit\u00e9 de la chaussure.<\/p>\n<h2>Caract\u00e9ristiques du produit<\/h2>\n<p>Texture douce et sensation de confort<\/p>\n<p>Excellente flexibilit\u00e9 et durabilit\u00e9<\/p>\n<p>R\u00e9sistance \u00e0 l'usure, prolongeant la dur\u00e9e de vie des mat\u00e9riaux des chaussures<\/p>\n<p>Convient \u00e0 diff\u00e9rents types de mat\u00e9riaux pour chaussures<\/p>\n<h2>Fonction du produit<\/h2>\n<p>Am\u00e9liore la solidit\u00e9 de la liaison entre la tige de la chaussure et la semelle<\/p>\n<p>Am\u00e9liore la stabilit\u00e9 structurelle globale de la chaussure<\/p>\n<p>Augmente le confort de port<\/p>\n<h2>Applications des produits<\/h2>\n<p>Zone de connexion entre la tige de la chaussure et la semelle<\/p>\n<p>Mat\u00e9riau de renforcement structurel pour divers mat\u00e9riaux de chaussures<\/p>\n<p>Autres zones de chaussures n\u00e9cessitant flexibilit\u00e9 et durabilit\u00e9<\/p>\n<p>Voir notre <a href=\"https:\/\/www.bsdnonwoven.com\/category\/needle-punched-nonwoven-fabric-for-footwear\/\"><strong>Substrat en tissu non tiss\u00e9 pour l'automobile<\/strong><\/a> Catalogue pour plus d'informations !<\/p>\n<p><img loading=\"lazy\" decoding=\"async\" class=\"size-full wp-image-13602 aligncenter\" data-src=\"https:\/\/www.bsdnonwoven.com\/wp-content\/uploads\/2025\/04\/Needle-punched-Nonwoven-Shoe-Felt1.webp\" alt=\"Feutre de chaussure non tiss\u00e9 aiguillet\u00e91\" width=\"1500\" height=\"500\" srcset=\"https:\/\/www.bsdnonwoven.com\/wp-content\/uploads\/2025\/04\/Needle-punched-Nonwoven-Shoe-Felt1.webp 1500w, https:\/\/www.bsdnonwoven.com\/wp-content\/uploads\/2025\/04\/Needle-punched-Nonwoven-Shoe-Felt1-1280x427.webp 1280w, https:\/\/www.bsdnonwoven.com\/wp-content\/uploads\/2025\/04\/Needle-punched-Nonwoven-Shoe-Felt1-980x327.webp 980w, https:\/\/www.bsdnonwoven.com\/wp-content\/uploads\/2025\/04\/Needle-punched-Nonwoven-Shoe-Felt1-480x160.webp 480w\" sizes=\"(min-width: 0px) and (max-width: 480px) 480px, (min-width: 481px) and (max-width: 980px) 980px, (min-width: 981px) and (max-width: 1280px) 1280px, (min-width: 1281px) 1500px, 100vw\" \/><\/p>","protected":false},"excerpt":{"rendered":"<p>Le feutre de chaussure non tiss\u00e9 aiguillet\u00e9 est un mat\u00e9riau non tiss\u00e9 produit \u00e0 partir de r\u00e9sine de polypropyl\u00e8ne comme mati\u00e8re premi\u00e8re principale gr\u00e2ce \u00e0 la technologie de l'aiguilletage. Il offre une excellente flexibilit\u00e9 et durabilit\u00e9, et est largement utilis\u00e9 dans la zone de connexion entre la tige de la chaussure et la semelle pour am\u00e9liorer la structure et la durabilit\u00e9 de la chaussure.<\/p>","protected":false},"featured_media":13376,"template":"","meta":{"_et_pb_use_builder":"","_et_pb_old_content":"","_et_gb_content_width":""},"product_cat":[289],"product_tag":[],"yoast_head":"<!-- This site is optimized with the Yoast SEO plugin v22.7 - https:\/\/yoast.com\/wordpress\/plugins\/seo\/ -->\n<title>Needle-punched Nonwoven Shoe Felt - Boshida Nonwoven<\/title>\n<meta name=\"description\" content=\"Needle-punched Nonwoven Shoe Felt , we provide Geosynthetic Needle-Punched Non-woven Fabric, Household needle punched non-woven fabric, Automotive Non-woven Fabric with good price.\" \/>\n<meta name=\"robots\" content=\"index, follow, max-snippet:-1, max-image-preview:large, max-video-preview:-1\" \/>\n<link rel=\"canonical\" href=\"https:\/\/www.bsdnonwoven.com\/fr\/produit\/needle-punched-nonwoven-shoe-felt\/\" \/>\n<meta property=\"og:locale\" content=\"fr_FR\" \/>\n<meta property=\"og:type\" content=\"article\" \/>\n<meta property=\"og:title\" content=\"Needle-punched Nonwoven Shoe Felt - Boshida Nonwoven\" \/>\n<meta property=\"og:description\" content=\"Needle-punched Nonwoven Shoe Felt , we provide Geosynthetic Needle-Punched Non-woven Fabric, Household needle punched non-woven fabric, Automotive Non-woven Fabric with good price.\" \/>\n<meta property=\"og:url\" content=\"https:\/\/www.bsdnonwoven.com\/fr\/produit\/needle-punched-nonwoven-shoe-felt\/\" \/>\n<meta property=\"og:site_name\" content=\"Boshida Nonwoven\" \/>\n<meta property=\"article:modified_time\" content=\"2025-06-24T10:51:47+00:00\" \/>\n<meta property=\"og:image\" content=\"https:\/\/www.bsdnonwoven.com\/wp-content\/uploads\/2025\/05\/Needle-punched-Nonwoven-Shoe-Felt-1.webp\" \/>\n\t<meta property=\"og:image:width\" content=\"800\" \/>\n\t<meta property=\"og:image:height\" content=\"800\" \/>\n\t<meta property=\"og:image:type\" content=\"image\/webp\" \/>\n<meta name=\"twitter:card\" content=\"summary_large_image\" \/>\n<meta name=\"twitter:label1\" content=\"Dur\u00e9e de lecture estim\u00e9e\" \/>\n\t<meta name=\"twitter:data1\" content=\"1 minute\" \/>\n<script type=\"application\/ld+json\" class=\"yoast-schema-graph\">{\"@context\":\"https:\/\/schema.org\",\"@graph\":[{\"@type\":\"WebPage\",\"@id\":\"https:\/\/www.bsdnonwoven.com\/product\/needle-punched-nonwoven-shoe-felt\/\",\"url\":\"https:\/\/www.bsdnonwoven.com\/product\/needle-punched-nonwoven-shoe-felt\/\",\"name\":\"Needle-punched Nonwoven Shoe Felt - Boshida Nonwoven\",\"isPartOf\":{\"@id\":\"https:\/\/www.bsdnonwoven.com\/#website\"},\"primaryImageOfPage\":{\"@id\":\"https:\/\/www.bsdnonwoven.com\/product\/needle-punched-nonwoven-shoe-felt\/#primaryimage\"},\"image\":{\"@id\":\"https:\/\/www.bsdnonwoven.com\/product\/needle-punched-nonwoven-shoe-felt\/#primaryimage\"},\"thumbnailUrl\":\"https:\/\/www.bsdnonwoven.com\/wp-content\/uploads\/2025\/05\/Needle-punched-Nonwoven-Shoe-Felt-1.webp\",\"datePublished\":\"2025-04-16T07:05:23+00:00\",\"dateModified\":\"2025-06-24T10:51:47+00:00\",\"description\":\"Needle-punched Nonwoven Shoe Felt , we provide Geosynthetic Needle-Punched Non-woven Fabric, Household needle punched non-woven fabric, Automotive Non-woven Fabric with good price.\",\"breadcrumb\":{\"@id\":\"https:\/\/www.bsdnonwoven.com\/product\/needle-punched-nonwoven-shoe-felt\/#breadcrumb\"},\"inLanguage\":\"fr-FR\",\"potentialAction\":[{\"@type\":\"ReadAction\",\"target\":[\"https:\/\/www.bsdnonwoven.com\/product\/needle-punched-nonwoven-shoe-felt\/\"]}]},{\"@type\":\"ImageObject\",\"inLanguage\":\"fr-FR\",\"@id\":\"https:\/\/www.bsdnonwoven.com\/product\/needle-punched-nonwoven-shoe-felt\/#primaryimage\",\"url\":\"https:\/\/www.bsdnonwoven.com\/wp-content\/uploads\/2025\/05\/Needle-punched-Nonwoven-Shoe-Felt-1.webp\",\"contentUrl\":\"https:\/\/www.bsdnonwoven.com\/wp-content\/uploads\/2025\/05\/Needle-punched-Nonwoven-Shoe-Felt-1.webp\",\"width\":800,\"height\":800,\"caption\":\"Needle-punched Nonwoven Shoe Felt\"},{\"@type\":\"BreadcrumbList\",\"@id\":\"https:\/\/www.bsdnonwoven.com\/product\/needle-punched-nonwoven-shoe-felt\/#breadcrumb\",\"itemListElement\":[{\"@type\":\"ListItem\",\"position\":1,\"name\":\"Home\",\"item\":\"https:\/\/www.bsdnonwoven.com\/\"},{\"@type\":\"ListItem\",\"position\":2,\"name\":\"Products\",\"item\":\"https:\/\/www.bsdnonwoven.com\/shop\/\"},{\"@type\":\"ListItem\",\"position\":3,\"name\":\"Needle-punched Nonwoven Shoe Felt\"}]},{\"@type\":\"WebSite\",\"@id\":\"https:\/\/www.bsdnonwoven.com\/#website\",\"url\":\"https:\/\/www.bsdnonwoven.com\/\",\"name\":\"Boshida Nonwoven\",\"description\":\"\",\"potentialAction\":[{\"@type\":\"SearchAction\",\"target\":{\"@type\":\"EntryPoint\",\"urlTemplate\":\"https:\/\/www.bsdnonwoven.com\/?s={search_term_string}\"},\"query-input\":\"required name=search_term_string\"}],\"inLanguage\":\"fr-FR\"}]}<\/script>\n<!-- \/ Yoast SEO plugin. -->","yoast_head_json":{"title":"Needle-punched Nonwoven Shoe Felt - Boshida Nonwoven","description":"Needle-punched Nonwoven Shoe Felt , we provide Geosynthetic Needle-Punched Non-woven Fabric, Household needle punched non-woven fabric, Automotive Non-woven Fabric with good price.","robots":{"index":"index","follow":"follow","max-snippet":"max-snippet:-1","max-image-preview":"max-image-preview:large","max-video-preview":"max-video-preview:-1"},"canonical":"https:\/\/www.bsdnonwoven.com\/fr\/produit\/needle-punched-nonwoven-shoe-felt\/","og_locale":"fr_FR","og_type":"article","og_title":"Needle-punched Nonwoven Shoe Felt - Boshida Nonwoven","og_description":"Needle-punched Nonwoven Shoe Felt , we provide Geosynthetic Needle-Punched Non-woven Fabric, Household needle punched non-woven fabric, Automotive Non-woven Fabric with good price.","og_url":"https:\/\/www.bsdnonwoven.com\/fr\/produit\/needle-punched-nonwoven-shoe-felt\/","og_site_name":"Boshida Nonwoven","article_modified_time":"2025-06-24T10:51:47+00:00","og_image":[{"width":800,"height":800,"url":"https:\/\/www.bsdnonwoven.com\/wp-content\/uploads\/2025\/05\/Needle-punched-Nonwoven-Shoe-Felt-1.webp","type":"image\/webp"}],"twitter_card":"summary_large_image","twitter_misc":{"Dur\u00e9e de lecture estim\u00e9e":"1 minute"},"schema":{"@context":"https:\/\/schema.org","@graph":[{"@type":"WebPage","@id":"https:\/\/www.bsdnonwoven.com\/product\/needle-punched-nonwoven-shoe-felt\/","url":"https:\/\/www.bsdnonwoven.com\/product\/needle-punched-nonwoven-shoe-felt\/","name":"Needle-punched Nonwoven Shoe Felt - Boshida Nonwoven","isPartOf":{"@id":"https:\/\/www.bsdnonwoven.com\/#website"},"primaryImageOfPage":{"@id":"https:\/\/www.bsdnonwoven.com\/product\/needle-punched-nonwoven-shoe-felt\/#primaryimage"},"image":{"@id":"https:\/\/www.bsdnonwoven.com\/product\/needle-punched-nonwoven-shoe-felt\/#primaryimage"},"thumbnailUrl":"https:\/\/www.bsdnonwoven.com\/wp-content\/uploads\/2025\/05\/Needle-punched-Nonwoven-Shoe-Felt-1.webp","datePublished":"2025-04-16T07:05:23+00:00","dateModified":"2025-06-24T10:51:47+00:00","description":"Needle-punched Nonwoven Shoe Felt , we provide Geosynthetic Needle-Punched Non-woven Fabric, Household needle punched non-woven fabric, Automotive Non-woven Fabric with good price.","breadcrumb":{"@id":"https:\/\/www.bsdnonwoven.com\/product\/needle-punched-nonwoven-shoe-felt\/#breadcrumb"},"inLanguage":"fr-FR","potentialAction":[{"@type":"ReadAction","target":["https:\/\/www.bsdnonwoven.com\/product\/needle-punched-nonwoven-shoe-felt\/"]}]},{"@type":"ImageObject","inLanguage":"fr-FR","@id":"https:\/\/www.bsdnonwoven.com\/product\/needle-punched-nonwoven-shoe-felt\/#primaryimage","url":"https:\/\/www.bsdnonwoven.com\/wp-content\/uploads\/2025\/05\/Needle-punched-Nonwoven-Shoe-Felt-1.webp","contentUrl":"https:\/\/www.bsdnonwoven.com\/wp-content\/uploads\/2025\/05\/Needle-punched-Nonwoven-Shoe-Felt-1.webp","width":800,"height":800,"caption":"Needle-punched Nonwoven Shoe Felt"},{"@type":"BreadcrumbList","@id":"https:\/\/www.bsdnonwoven.com\/product\/needle-punched-nonwoven-shoe-felt\/#breadcrumb","itemListElement":[{"@type":"ListItem","position":1,"name":"Home","item":"https:\/\/www.bsdnonwoven.com\/"},{"@type":"ListItem","position":2,"name":"Products","item":"https:\/\/www.bsdnonwoven.com\/shop\/"},{"@type":"ListItem","position":3,"name":"Needle-punched Nonwoven Shoe Felt"}]},{"@type":"WebSite","@id":"https:\/\/www.bsdnonwoven.com\/#website","url":"https:\/\/www.bsdnonwoven.com\/","name":"Boshida Nonwoven","description":"","potentialAction":[{"@type":"SearchAction","target":{"@type":"EntryPoint","urlTemplate":"https:\/\/www.bsdnonwoven.com\/?s={search_term_string}"},"query-input":"required name=search_term_string"}],"inLanguage":"fr-FR"}]}},"_links":{"self":[{"href":"https:\/\/www.bsdnonwoven.com\/fr\/wp-json\/wp\/v2\/product\/12843"}],"collection":[{"href":"https:\/\/www.bsdnonwoven.com\/fr\/wp-json\/wp\/v2\/product"}],"about":[{"href":"https:\/\/www.bsdnonwoven.com\/fr\/wp-json\/wp\/v2\/types\/product"}],"wp:featuredmedia":[{"embeddable":true,"href":"https:\/\/www.bsdnonwoven.com\/fr\/wp-json\/wp\/v2\/media\/13376"}],"wp:attachment":[{"href":"https:\/\/www.bsdnonwoven.com\/fr\/wp-json\/wp\/v2\/media?parent=12843"}],"wp:term":[{"taxonomy":"product_cat","embeddable":true,"href":"https:\/\/www.bsdnonwoven.com\/fr\/wp-json\/wp\/v2\/product_cat?post=12843"},{"taxonomy":"product_tag","embeddable":true,"href":"https:\/\/www.bsdnonwoven.com\/fr\/wp-json\/wp\/v2\/product_tag?post=12843"}],"curies":[{"name":"wp","href":"https:\/\/api.w.org\/{rel}","templated":true}]}}