{"id":12860,"date":"2025-05-10T07:09:31","date_gmt":"2025-05-10T07:09:31","guid":{"rendered":"https:\/\/www.bsdnonwoven.com\/?post_type=product&#038;p=12860"},"modified":"2025-06-25T09:29:46","modified_gmt":"2025-06-25T09:29:46","slug":"absorbent-needle-punched-nonwoven-fabric-for-medical-plasters","status":"publish","type":"product","link":"https:\/\/www.bsdnonwoven.com\/fr\/produit\/absorbent-needle-punched-nonwoven-fabric-for-medical-plasters\/","title":{"rendered":"Tissu non tiss\u00e9 absorbant aiguillet\u00e9 pour pansements m\u00e9dicaux"},"content":{"rendered":"<h2>Principales sp\u00e9cifications<\/h2>\n<table class=\"tg\" style=\"border-collapse: collapse; border-spacing: 0;\">\n<thead>\n<tr>\n<th style=\"font-family: Arial, sans-serif; font-size: 14px; font-weight: bold; overflow: hidden; padding: 10px 5px; text-align: center; vertical-align: middle; word-break: normal; border: 1px solid black;\">Objet<\/th>\n<th style=\"font-family: Arial, sans-serif; font-size: 14px; font-weight: bold; overflow: hidden; padding: 10px 5px; text-align: center; vertical-align: middle; word-break: normal; border: 1px solid black;\">Plage de valeurs<\/th>\n<\/tr>\n<\/thead>\n<tbody>\n<tr>\n<td style=\"font-family: Arial, sans-serif; font-size: 14px; overflow: hidden; padding: 10px 5px; text-align: left; vertical-align: middle; word-break: normal; border: 1px solid black;\">Poids<\/td>\n<td style=\"font-family: Arial, sans-serif; font-size: 14px; overflow: hidden; padding: 10px 5px; text-align: left; vertical-align: middle; word-break: normal; border: 1px solid black;\">80-200g\/m\u00b2<\/td>\n<\/tr>\n<tr>\n<td style=\"font-family: Arial, sans-serif; font-size: 14px; overflow: hidden; padding: 10px 5px; text-align: left; vertical-align: middle; word-break: normal; border: 1px solid black;\">\u00c9paisseur<\/td>\n<td style=\"font-family: Arial, sans-serif; font-size: 14px; overflow: hidden; padding: 10px 5px; text-align: left; vertical-align: middle; word-break: normal; border: 1px solid black;\">1,0-3,0 mm<\/td>\n<\/tr>\n<tr>\n<td style=\"font-family: Arial, sans-serif; font-size: 14px; overflow: hidden; padding: 10px 5px; text-align: left; vertical-align: middle; word-break: normal; border: 1px solid black;\">Mat\u00e9riau<\/td>\n<td style=\"font-family: Arial, sans-serif; font-size: 14px; overflow: hidden; padding: 10px 5px; text-align: left; vertical-align: middle; word-break: normal; border: 1px solid black;\">Polyester (PET) ou polypropyl\u00e8ne (PP)<\/td>\n<\/tr>\n<tr>\n<td style=\"font-family: Arial, sans-serif; font-size: 14px; overflow: hidden; padding: 10px 5px; text-align: left; vertical-align: middle; word-break: normal; border: 1px solid black;\">Couleur<\/td>\n<td style=\"font-family: Arial, sans-serif; font-size: 14px; overflow: hidden; padding: 10px 5px; text-align: left; vertical-align: middle; word-break: normal; border: 1px solid black;\">Blanc<\/td>\n<\/tr>\n<tr>\n<td style=\"font-family: Arial, sans-serif; font-size: 14px; overflow: hidden; padding: 10px 5px; text-align: left; vertical-align: middle; word-break: normal; border: 1px solid black;\">Largeur<\/td>\n<td style=\"font-family: Arial, sans-serif; font-size: 14px; overflow: hidden; padding: 10px 5px; text-align: left; vertical-align: middle; word-break: normal; border: 1px solid black;\">10cm-160cm (personnalisable)<\/td>\n<\/tr>\n<tr>\n<td style=\"font-family: Arial, sans-serif; font-size: 14px; overflow: hidden; padding: 10px 5px; text-align: left; vertical-align: middle; word-break: normal; border: 1px solid black;\">Processus<\/td>\n<td style=\"font-family: Arial, sans-serif; font-size: 14px; overflow: hidden; padding: 10px 5px; text-align: left; vertical-align: middle; word-break: normal; border: 1px solid black;\">Non-tiss\u00e9 aiguillet\u00e9<\/td>\n<\/tr>\n<tr>\n<td style=\"font-family: Arial, sans-serif; font-size: 14px; overflow: hidden; padding: 10px 5px; text-align: left; vertical-align: middle; word-break: normal; border: 1px solid black;\">Finitions sp\u00e9ciales<\/td>\n<td style=\"font-family: Arial, sans-serif; font-size: 14px; overflow: hidden; padding: 10px 5px; text-align: left; vertical-align: middle; word-break: normal; border: 1px solid black;\">Hydrophile, antibact\u00e9rien, antistatique, etc.<\/td>\n<\/tr>\n<\/tbody>\n<\/table>\n<h2>Description du produit<\/h2>\n<p>Ce tissu non tiss\u00e9 aiguillet\u00e9 absorbant est sp\u00e9cialement con\u00e7u pour \u00eatre utilis\u00e9 dans les pansements m\u00e9dicaux et les patchs topiques. Il offre un excellent pouvoir d'absorption, de douceur et de respirabilit\u00e9, ce qui lui permet d'absorber et de retenir rapidement les fluides m\u00e9dicaux. Il contribue \u00e0 am\u00e9liorer l'efficacit\u00e9 de l'administration des m\u00e9dicaments tout en minimisant l'irritation de la peau. Le tissu peut \u00eatre trait\u00e9 avec des finitions hydrophiles, antibact\u00e9riennes ou autres pour r\u00e9pondre \u00e0 un large \u00e9ventail de besoins m\u00e9dicaux.<\/p>\n<h2>Caract\u00e9ristiques du produit<\/h2>\n<p>Grande capacit\u00e9 d'absorption : Absorbe et retient rapidement les m\u00e9dicaments liquides, am\u00e9liorant ainsi les effets th\u00e9rapeutiques.<\/p>\n<p>Doux et agr\u00e9able pour la peau : Offre un excellent confort lorsqu'il est appliqu\u00e9 directement sur la peau.<\/p>\n<p>Respirant : Garde la peau s\u00e8che et r\u00e9duit le risque d'irritation ou d'allergie.<\/p>\n<p>Personnalisable : Disponible avec des traitements fonctionnels tels que des finitions hydrophiles ou antibact\u00e9riennes.<\/p>\n<p>S\u00fbr et \u00e9cologique : Fabriqu\u00e9 \u00e0 partir de mat\u00e9riaux de qualit\u00e9 m\u00e9dicale, non toxiques et conformes aux normes sanitaires.<\/p>\n<h2>Fonction du produit<\/h2>\n<p>En tant que couche absorbante centrale des pansements m\u00e9dicaux, ce tissu aide \u00e0 absorber les liquides m\u00e9dicinaux et favorise une lib\u00e9ration lente et r\u00e9guli\u00e8re des m\u00e9dicaments. Il sert \u00e9galement de couche d'amortissement, am\u00e9liorant le confort g\u00e9n\u00e9ral du traitement pour l'utilisateur.<\/p>\n<h2>Applications des produits<\/h2>\n<p>Couche absorbante pour les pansements m\u00e9dicaux<\/p>\n<p>Base absorbante pour les patchs TCM et les coussinets th\u00e9rapeutiques<\/p>\n<p>Mat\u00e9riau pour les patchs de compressions froides<\/p>\n<p>Mat\u00e9riau absorbant pour les pansements<\/p>\n<p>Couche absorbante pour les compresses auto-chauffantes ou f\u00e9brifuges<\/p>\n<p>Tissu de base pour les produits adh\u00e9sifs de soins \u00e0 domicile<\/p>\n<p><img loading=\"lazy\" decoding=\"async\" class=\"size-full wp-image-13567 aligncenter\" data-src=\"https:\/\/www.bsdnonwoven.com\/wp-content\/uploads\/2025\/05\/Absorbent-Needle-Punched-Nonwoven-Fabric-for-Medical-Plasters1-4.webp\" alt=\"Absorbent Needle-Punched Nonwoven Fabric for Medical Plasters1\" width=\"1500\" height=\"500\" srcset=\"https:\/\/www.bsdnonwoven.com\/wp-content\/uploads\/2025\/05\/Absorbent-Needle-Punched-Nonwoven-Fabric-for-Medical-Plasters1-4.webp 1500w, https:\/\/www.bsdnonwoven.com\/wp-content\/uploads\/2025\/05\/Absorbent-Needle-Punched-Nonwoven-Fabric-for-Medical-Plasters1-4-1280x427.webp 1280w, https:\/\/www.bsdnonwoven.com\/wp-content\/uploads\/2025\/05\/Absorbent-Needle-Punched-Nonwoven-Fabric-for-Medical-Plasters1-4-980x327.webp 980w, https:\/\/www.bsdnonwoven.com\/wp-content\/uploads\/2025\/05\/Absorbent-Needle-Punched-Nonwoven-Fabric-for-Medical-Plasters1-4-480x160.webp 480w\" sizes=\"(min-width: 0px) and (max-width: 480px) 480px, (min-width: 481px) and (max-width: 980px) 980px, (min-width: 981px) and (max-width: 1280px) 1280px, (min-width: 1281px) 1500px, 100vw\" \/><\/p>","protected":false},"excerpt":{"rendered":"<p>Ce tissu non tiss\u00e9 aiguillet\u00e9 absorbant est sp\u00e9cialement con\u00e7u pour \u00eatre utilis\u00e9 dans les pansements m\u00e9dicaux et les patchs topiques. Il offre un excellent pouvoir d'absorption, de douceur et de respirabilit\u00e9, ce qui lui permet d'absorber et de retenir rapidement les fluides m\u00e9dicaux. Il contribue \u00e0 am\u00e9liorer l'efficacit\u00e9 de l'administration des m\u00e9dicaments tout en minimisant l'irritation de la peau. Le tissu peut \u00eatre trait\u00e9 avec des finitions hydrophiles, antibact\u00e9riennes ou autres pour r\u00e9pondre \u00e0 un large \u00e9ventail de besoins m\u00e9dicaux.<\/p>","protected":false},"featured_media":13387,"template":"","meta":{"_et_pb_use_builder":"","_et_pb_old_content":"","_et_gb_content_width":""},"product_cat":[311],"product_tag":[],"yoast_head":"<!-- This site is optimized with the Yoast SEO plugin v22.7 - https:\/\/yoast.com\/wordpress\/plugins\/seo\/ -->\n<title>Absorbent Needle-Punched Nonwoven Fabric for Medical Plasters - Boshida Nonwoven<\/title>\n<meta name=\"description\" content=\"Absorbent Needle-Punched Nonwoven Fabric for Medical Plasters , we provide Geosynthetic Needle-Punched Non-woven Fabric, Household needle punched non-woven fabric, Automotive Non-woven Fabric with good price.\" \/>\n<meta name=\"robots\" content=\"index, follow, max-snippet:-1, max-image-preview:large, max-video-preview:-1\" \/>\n<link rel=\"canonical\" href=\"https:\/\/www.bsdnonwoven.com\/fr\/produit\/absorbent-needle-punched-nonwoven-fabric-for-medical-plasters\/\" \/>\n<meta property=\"og:locale\" content=\"fr_FR\" \/>\n<meta property=\"og:type\" content=\"article\" \/>\n<meta property=\"og:title\" content=\"Absorbent Needle-Punched Nonwoven Fabric for Medical Plasters - Boshida Nonwoven\" \/>\n<meta property=\"og:description\" content=\"Absorbent Needle-Punched Nonwoven Fabric for Medical Plasters , we provide Geosynthetic Needle-Punched Non-woven Fabric, Household needle punched non-woven fabric, Automotive Non-woven Fabric with good price.\" \/>\n<meta property=\"og:url\" content=\"https:\/\/www.bsdnonwoven.com\/fr\/produit\/absorbent-needle-punched-nonwoven-fabric-for-medical-plasters\/\" \/>\n<meta property=\"og:site_name\" content=\"Boshida Nonwoven\" \/>\n<meta property=\"article:modified_time\" content=\"2025-06-25T09:29:46+00:00\" \/>\n<meta property=\"og:image\" content=\"https:\/\/www.bsdnonwoven.com\/wp-content\/uploads\/2025\/05\/Absorbent-Needle-Punched-Nonwoven-Fabric-for-Medical-Plasters-1.png\" \/>\n\t<meta property=\"og:image:width\" content=\"800\" \/>\n\t<meta property=\"og:image:height\" content=\"800\" \/>\n\t<meta property=\"og:image:type\" content=\"image\/png\" \/>\n<meta name=\"twitter:card\" content=\"summary_large_image\" \/>\n<meta name=\"twitter:label1\" content=\"Dur\u00e9e de lecture estim\u00e9e\" \/>\n\t<meta name=\"twitter:data1\" content=\"2 minutes\" \/>\n<script type=\"application\/ld+json\" class=\"yoast-schema-graph\">{\"@context\":\"https:\/\/schema.org\",\"@graph\":[{\"@type\":\"WebPage\",\"@id\":\"https:\/\/www.bsdnonwoven.com\/product\/absorbent-needle-punched-nonwoven-fabric-for-medical-plasters\/\",\"url\":\"https:\/\/www.bsdnonwoven.com\/product\/absorbent-needle-punched-nonwoven-fabric-for-medical-plasters\/\",\"name\":\"Absorbent Needle-Punched Nonwoven Fabric for Medical Plasters - Boshida Nonwoven\",\"isPartOf\":{\"@id\":\"https:\/\/www.bsdnonwoven.com\/#website\"},\"primaryImageOfPage\":{\"@id\":\"https:\/\/www.bsdnonwoven.com\/product\/absorbent-needle-punched-nonwoven-fabric-for-medical-plasters\/#primaryimage\"},\"image\":{\"@id\":\"https:\/\/www.bsdnonwoven.com\/product\/absorbent-needle-punched-nonwoven-fabric-for-medical-plasters\/#primaryimage\"},\"thumbnailUrl\":\"https:\/\/www.bsdnonwoven.com\/wp-content\/uploads\/2025\/05\/Absorbent-Needle-Punched-Nonwoven-Fabric-for-Medical-Plasters-1.png\",\"datePublished\":\"2025-05-10T07:09:31+00:00\",\"dateModified\":\"2025-06-25T09:29:46+00:00\",\"description\":\"Absorbent Needle-Punched Nonwoven Fabric for Medical Plasters , we provide Geosynthetic Needle-Punched Non-woven Fabric, Household needle punched non-woven fabric, Automotive Non-woven Fabric with good price.\",\"breadcrumb\":{\"@id\":\"https:\/\/www.bsdnonwoven.com\/product\/absorbent-needle-punched-nonwoven-fabric-for-medical-plasters\/#breadcrumb\"},\"inLanguage\":\"fr-FR\",\"potentialAction\":[{\"@type\":\"ReadAction\",\"target\":[\"https:\/\/www.bsdnonwoven.com\/product\/absorbent-needle-punched-nonwoven-fabric-for-medical-plasters\/\"]}]},{\"@type\":\"ImageObject\",\"inLanguage\":\"fr-FR\",\"@id\":\"https:\/\/www.bsdnonwoven.com\/product\/absorbent-needle-punched-nonwoven-fabric-for-medical-plasters\/#primaryimage\",\"url\":\"https:\/\/www.bsdnonwoven.com\/wp-content\/uploads\/2025\/05\/Absorbent-Needle-Punched-Nonwoven-Fabric-for-Medical-Plasters-1.png\",\"contentUrl\":\"https:\/\/www.bsdnonwoven.com\/wp-content\/uploads\/2025\/05\/Absorbent-Needle-Punched-Nonwoven-Fabric-for-Medical-Plasters-1.png\",\"width\":800,\"height\":800,\"caption\":\"Absorbent Needle-Punched Nonwoven Fabric for Medical Plasters\"},{\"@type\":\"BreadcrumbList\",\"@id\":\"https:\/\/www.bsdnonwoven.com\/product\/absorbent-needle-punched-nonwoven-fabric-for-medical-plasters\/#breadcrumb\",\"itemListElement\":[{\"@type\":\"ListItem\",\"position\":1,\"name\":\"Home\",\"item\":\"https:\/\/www.bsdnonwoven.com\/\"},{\"@type\":\"ListItem\",\"position\":2,\"name\":\"Products\",\"item\":\"https:\/\/www.bsdnonwoven.com\/shop\/\"},{\"@type\":\"ListItem\",\"position\":3,\"name\":\"Absorbent Needle-Punched Nonwoven Fabric for Medical Plasters\"}]},{\"@type\":\"WebSite\",\"@id\":\"https:\/\/www.bsdnonwoven.com\/#website\",\"url\":\"https:\/\/www.bsdnonwoven.com\/\",\"name\":\"Boshida Nonwoven\",\"description\":\"\",\"potentialAction\":[{\"@type\":\"SearchAction\",\"target\":{\"@type\":\"EntryPoint\",\"urlTemplate\":\"https:\/\/www.bsdnonwoven.com\/?s={search_term_string}\"},\"query-input\":\"required name=search_term_string\"}],\"inLanguage\":\"fr-FR\"}]}<\/script>\n<!-- \/ Yoast SEO plugin. -->","yoast_head_json":{"title":"Absorbent Needle-Punched Nonwoven Fabric for Medical Plasters - Boshida Nonwoven","description":"Absorbent Needle-Punched Nonwoven Fabric for Medical Plasters , we provide Geosynthetic Needle-Punched Non-woven Fabric, Household needle punched non-woven fabric, Automotive Non-woven Fabric with good price.","robots":{"index":"index","follow":"follow","max-snippet":"max-snippet:-1","max-image-preview":"max-image-preview:large","max-video-preview":"max-video-preview:-1"},"canonical":"https:\/\/www.bsdnonwoven.com\/fr\/produit\/absorbent-needle-punched-nonwoven-fabric-for-medical-plasters\/","og_locale":"fr_FR","og_type":"article","og_title":"Absorbent Needle-Punched Nonwoven Fabric for Medical Plasters - Boshida Nonwoven","og_description":"Absorbent Needle-Punched Nonwoven Fabric for Medical Plasters , we provide Geosynthetic Needle-Punched Non-woven Fabric, Household needle punched non-woven fabric, Automotive Non-woven Fabric with good price.","og_url":"https:\/\/www.bsdnonwoven.com\/fr\/produit\/absorbent-needle-punched-nonwoven-fabric-for-medical-plasters\/","og_site_name":"Boshida Nonwoven","article_modified_time":"2025-06-25T09:29:46+00:00","og_image":[{"width":800,"height":800,"url":"https:\/\/www.bsdnonwoven.com\/wp-content\/uploads\/2025\/05\/Absorbent-Needle-Punched-Nonwoven-Fabric-for-Medical-Plasters-1.png","type":"image\/png"}],"twitter_card":"summary_large_image","twitter_misc":{"Dur\u00e9e de lecture estim\u00e9e":"2 minutes"},"schema":{"@context":"https:\/\/schema.org","@graph":[{"@type":"WebPage","@id":"https:\/\/www.bsdnonwoven.com\/product\/absorbent-needle-punched-nonwoven-fabric-for-medical-plasters\/","url":"https:\/\/www.bsdnonwoven.com\/product\/absorbent-needle-punched-nonwoven-fabric-for-medical-plasters\/","name":"Absorbent Needle-Punched Nonwoven Fabric for Medical Plasters - Boshida Nonwoven","isPartOf":{"@id":"https:\/\/www.bsdnonwoven.com\/#website"},"primaryImageOfPage":{"@id":"https:\/\/www.bsdnonwoven.com\/product\/absorbent-needle-punched-nonwoven-fabric-for-medical-plasters\/#primaryimage"},"image":{"@id":"https:\/\/www.bsdnonwoven.com\/product\/absorbent-needle-punched-nonwoven-fabric-for-medical-plasters\/#primaryimage"},"thumbnailUrl":"https:\/\/www.bsdnonwoven.com\/wp-content\/uploads\/2025\/05\/Absorbent-Needle-Punched-Nonwoven-Fabric-for-Medical-Plasters-1.png","datePublished":"2025-05-10T07:09:31+00:00","dateModified":"2025-06-25T09:29:46+00:00","description":"Absorbent Needle-Punched Nonwoven Fabric for Medical Plasters , we provide Geosynthetic Needle-Punched Non-woven Fabric, Household needle punched non-woven fabric, Automotive Non-woven Fabric with good price.","breadcrumb":{"@id":"https:\/\/www.bsdnonwoven.com\/product\/absorbent-needle-punched-nonwoven-fabric-for-medical-plasters\/#breadcrumb"},"inLanguage":"fr-FR","potentialAction":[{"@type":"ReadAction","target":["https:\/\/www.bsdnonwoven.com\/product\/absorbent-needle-punched-nonwoven-fabric-for-medical-plasters\/"]}]},{"@type":"ImageObject","inLanguage":"fr-FR","@id":"https:\/\/www.bsdnonwoven.com\/product\/absorbent-needle-punched-nonwoven-fabric-for-medical-plasters\/#primaryimage","url":"https:\/\/www.bsdnonwoven.com\/wp-content\/uploads\/2025\/05\/Absorbent-Needle-Punched-Nonwoven-Fabric-for-Medical-Plasters-1.png","contentUrl":"https:\/\/www.bsdnonwoven.com\/wp-content\/uploads\/2025\/05\/Absorbent-Needle-Punched-Nonwoven-Fabric-for-Medical-Plasters-1.png","width":800,"height":800,"caption":"Absorbent Needle-Punched Nonwoven Fabric for Medical Plasters"},{"@type":"BreadcrumbList","@id":"https:\/\/www.bsdnonwoven.com\/product\/absorbent-needle-punched-nonwoven-fabric-for-medical-plasters\/#breadcrumb","itemListElement":[{"@type":"ListItem","position":1,"name":"Home","item":"https:\/\/www.bsdnonwoven.com\/"},{"@type":"ListItem","position":2,"name":"Products","item":"https:\/\/www.bsdnonwoven.com\/shop\/"},{"@type":"ListItem","position":3,"name":"Absorbent Needle-Punched Nonwoven Fabric for Medical Plasters"}]},{"@type":"WebSite","@id":"https:\/\/www.bsdnonwoven.com\/#website","url":"https:\/\/www.bsdnonwoven.com\/","name":"Boshida Nonwoven","description":"","potentialAction":[{"@type":"SearchAction","target":{"@type":"EntryPoint","urlTemplate":"https:\/\/www.bsdnonwoven.com\/?s={search_term_string}"},"query-input":"required name=search_term_string"}],"inLanguage":"fr-FR"}]}},"_links":{"self":[{"href":"https:\/\/www.bsdnonwoven.com\/fr\/wp-json\/wp\/v2\/product\/12860"}],"collection":[{"href":"https:\/\/www.bsdnonwoven.com\/fr\/wp-json\/wp\/v2\/product"}],"about":[{"href":"https:\/\/www.bsdnonwoven.com\/fr\/wp-json\/wp\/v2\/types\/product"}],"wp:featuredmedia":[{"embeddable":true,"href":"https:\/\/www.bsdnonwoven.com\/fr\/wp-json\/wp\/v2\/media\/13387"}],"wp:attachment":[{"href":"https:\/\/www.bsdnonwoven.com\/fr\/wp-json\/wp\/v2\/media?parent=12860"}],"wp:term":[{"taxonomy":"product_cat","embeddable":true,"href":"https:\/\/www.bsdnonwoven.com\/fr\/wp-json\/wp\/v2\/product_cat?post=12860"},{"taxonomy":"product_tag","embeddable":true,"href":"https:\/\/www.bsdnonwoven.com\/fr\/wp-json\/wp\/v2\/product_tag?post=12860"}],"curies":[{"name":"wp","href":"https:\/\/api.w.org\/{rel}","templated":true}]}}