{"id":12871,"date":"2025-05-10T07:12:41","date_gmt":"2025-05-10T07:12:41","guid":{"rendered":"https:\/\/www.bsdnonwoven.com\/?post_type=product&#038;p=12871"},"modified":"2025-07-02T07:24:31","modified_gmt":"2025-07-02T07:24:31","slug":"absorbent-nonwoven-fabric-for-health-care-patches","status":"publish","type":"product","link":"https:\/\/www.bsdnonwoven.com\/fr\/produit\/absorbent-nonwoven-fabric-for-health-care-patches\/","title":{"rendered":"Tissu non tiss\u00e9 absorbant pour les timbres de soins de sant\u00e9"},"content":{"rendered":"<h2>Principales sp\u00e9cifications<\/h2>\n<table class=\"tg\" style=\"border-collapse: collapse; border-spacing: 0;\">\n<thead>\n<tr>\n<th style=\"font-family: Arial, sans-serif; font-size: 14px; font-weight: bold; overflow: hidden; padding: 10px 5px; text-align: center; vertical-align: middle; word-break: normal; border: 1px solid black;\">Objet<\/th>\n<th style=\"font-family: Arial, sans-serif; font-size: 14px; font-weight: bold; overflow: hidden; padding: 10px 5px; text-align: center; vertical-align: middle; word-break: normal; border: 1px solid black;\">Plage de valeurs<\/th>\n<\/tr>\n<\/thead>\n<tbody>\n<tr>\n<td style=\"font-family: Arial, sans-serif; font-size: 14px; overflow: hidden; padding: 10px 5px; text-align: left; vertical-align: middle; word-break: normal; border: 1px solid black;\">Poids<\/td>\n<td style=\"font-family: Arial, sans-serif; font-size: 14px; overflow: hidden; padding: 10px 5px; text-align: left; vertical-align: middle; word-break: normal; border: 1px solid black;\">60-180g\/m\u00b2<\/td>\n<\/tr>\n<tr>\n<td style=\"font-family: Arial, sans-serif; font-size: 14px; overflow: hidden; padding: 10px 5px; text-align: left; vertical-align: middle; word-break: normal; border: 1px solid black;\">\u00c9paisseur<\/td>\n<td style=\"font-family: Arial, sans-serif; font-size: 14px; overflow: hidden; padding: 10px 5px; text-align: left; vertical-align: middle; word-break: normal; border: 1px solid black;\">0,8-3,0 mm<\/td>\n<\/tr>\n<tr>\n<td style=\"font-family: Arial, sans-serif; font-size: 14px; overflow: hidden; padding: 10px 5px; text-align: left; vertical-align: middle; word-break: normal; border: 1px solid black;\">Mat\u00e9riau<\/td>\n<td style=\"font-family: Arial, sans-serif; font-size: 14px; overflow: hidden; padding: 10px 5px; text-align: left; vertical-align: middle; word-break: normal; border: 1px solid black;\">Polyester (PET) ou polypropyl\u00e8ne (PP)<\/td>\n<\/tr>\n<tr>\n<td style=\"font-family: Arial, sans-serif; font-size: 14px; overflow: hidden; padding: 10px 5px; text-align: left; vertical-align: middle; word-break: normal; border: 1px solid black;\">Couleur<\/td>\n<td style=\"font-family: Arial, sans-serif; font-size: 14px; overflow: hidden; padding: 10px 5px; text-align: left; vertical-align: middle; word-break: normal; border: 1px solid black;\">Blanc, Gris clair (personnalisable)<\/td>\n<\/tr>\n<tr>\n<td style=\"font-family: Arial, sans-serif; font-size: 14px; overflow: hidden; padding: 10px 5px; text-align: left; vertical-align: middle; word-break: normal; border: 1px solid black;\">Largeur<\/td>\n<td style=\"font-family: Arial, sans-serif; font-size: 14px; overflow: hidden; padding: 10px 5px; text-align: left; vertical-align: middle; word-break: normal; border: 1px solid black;\">5cm-160cm (personnalisable)<\/td>\n<\/tr>\n<tr>\n<td style=\"font-family: Arial, sans-serif; font-size: 14px; overflow: hidden; padding: 10px 5px; text-align: left; vertical-align: middle; word-break: normal; border: 1px solid black;\">Processus<\/td>\n<td style=\"font-family: Arial, sans-serif; font-size: 14px; overflow: hidden; padding: 10px 5px; text-align: left; vertical-align: middle; word-break: normal; border: 1px solid black;\">Non-tiss\u00e9 aiguillet\u00e9<\/td>\n<\/tr>\n<tr>\n<td style=\"font-family: Arial, sans-serif; font-size: 14px; overflow: hidden; padding: 10px 5px; text-align: left; vertical-align: middle; word-break: normal; border: 1px solid black;\">Finitions sp\u00e9ciales<\/td>\n<td style=\"font-family: Arial, sans-serif; font-size: 14px; overflow: hidden; padding: 10px 5px; text-align: left; vertical-align: middle; word-break: normal; border: 1px solid black;\">Hydrophile, respirant, doux au toucher, antibact\u00e9rien<\/td>\n<\/tr>\n<\/tbody>\n<\/table>\n<h2>Description du produit<\/h2>\n<p>Le tissu non tiss\u00e9 absorbant pour les patchs de soins de sant\u00e9 est un mat\u00e9riau aiguillet\u00e9 doux, respirant et hautement absorbant con\u00e7u pour des produits tels que les patchs pour les yeux, les patchs pour le cou et les patchs pour le nombril. Sa structure uniforme et sa texture agr\u00e9able pour la peau lui permettent d'absorber efficacement les liquides \u00e0 base d'herbes ou de plantes et d'assurer une lib\u00e9ration progressive des ingr\u00e9dients th\u00e9rapeutiques, am\u00e9liorant ainsi l'efficacit\u00e9 et le confort des traitements de bien-\u00eatre.<\/p>\n<h2>Caract\u00e9ristiques du produit<\/h2>\n<p>Doux et agr\u00e9able pour la peau : texture douce, confortable pour un contact direct avec la peau.<\/p>\n<p>Grande capacit\u00e9 d'absorption : Absorbe rapidement les liquides \u00e0 base de plantes ou les liquides m\u00e9dicaux.<\/p>\n<p>Fonction de lib\u00e9ration lente : Favorise la lib\u00e9ration et l'absorption continues des ingr\u00e9dients actifs.<\/p>\n<p>Finitions personnalisables : Disponible avec un traitement hydrophile, respirant et antibact\u00e9rien.<\/p>\n<p>S\u00fbr et \u00e9cologique : non toxique et non irritant, sans danger pour une utilisation prolong\u00e9e.<\/p>\n<h2>Fonction du produit<\/h2>\n<p>Ce tissu sert de couche centrale d'absorption et de lib\u00e9ration dans les patchs de bien-\u00eatre, favorisant l'administration efficace de principes actifs, prolongeant la dur\u00e9e du traitement et fournissant un rembourrage pour am\u00e9liorer le confort et l'efficacit\u00e9.<\/p>\n<h2>Applications des produits<\/h2>\n<p>Patchs pour les yeux<\/p>\n<p>Patchs th\u00e9rapeutiques pour le cou<\/p>\n<p>Patchs pour le nombril<\/p>\n<p>Patchs pour les pieds<\/p>\n<p>Patchs th\u00e9rapeutiques TCM<\/p>\n<p>Tampons de beaut\u00e9 et de soins de la peau<\/p>\n<p>Mat\u00e9riaux pour compresses chaudes\/froides<\/p>\n<p><img loading=\"lazy\" decoding=\"async\" class=\"size-full wp-image-13638 aligncenter\" data-src=\"https:\/\/www.bsdnonwoven.com\/wp-content\/uploads\/2025\/05\/Absorbent-Nonwoven-Fabric-for-Health-Care-Patches-7.webp\" alt=\"Tissu non tiss\u00e9 absorbant pour les timbres de soins de sant\u00e9\" width=\"1500\" height=\"500\" srcset=\"https:\/\/www.bsdnonwoven.com\/wp-content\/uploads\/2025\/05\/Absorbent-Nonwoven-Fabric-for-Health-Care-Patches-7.webp 1500w, https:\/\/www.bsdnonwoven.com\/wp-content\/uploads\/2025\/05\/Absorbent-Nonwoven-Fabric-for-Health-Care-Patches-7-1280x427.webp 1280w, https:\/\/www.bsdnonwoven.com\/wp-content\/uploads\/2025\/05\/Absorbent-Nonwoven-Fabric-for-Health-Care-Patches-7-980x327.webp 980w, https:\/\/www.bsdnonwoven.com\/wp-content\/uploads\/2025\/05\/Absorbent-Nonwoven-Fabric-for-Health-Care-Patches-7-480x160.webp 480w\" sizes=\"(min-width: 0px) and (max-width: 480px) 480px, (min-width: 481px) and (max-width: 980px) 980px, (min-width: 981px) and (max-width: 1280px) 1280px, (min-width: 1281px) 1500px, 100vw\" \/><\/p>","protected":false},"excerpt":{"rendered":"<p>Le tissu non tiss\u00e9 absorbant pour les patchs de soins de sant\u00e9 est un mat\u00e9riau aiguillet\u00e9 doux, respirant et hautement absorbant con\u00e7u pour des produits tels que les patchs pour les yeux, les patchs pour le cou et les patchs pour le nombril. Sa structure uniforme et sa texture agr\u00e9able pour la peau lui permettent d'absorber efficacement les liquides \u00e0 base d'herbes ou de plantes et d'assurer une lib\u00e9ration progressive des ingr\u00e9dients th\u00e9rapeutiques, am\u00e9liorant ainsi l'efficacit\u00e9 et le confort des traitements de bien-\u00eatre.<\/p>","protected":false},"featured_media":13417,"template":"","meta":{"_et_pb_use_builder":"","_et_pb_old_content":"","_et_gb_content_width":""},"product_cat":[311],"product_tag":[],"yoast_head":"<!-- This site is optimized with the Yoast SEO plugin v22.7 - https:\/\/yoast.com\/wordpress\/plugins\/seo\/ -->\n<title>Absorbent Nonwoven Fabric for Health Care Patches - Boshida Nonwoven<\/title>\n<meta name=\"description\" content=\"Absorbent Nonwoven Fabric for Health Care Patches , we provide Geosynthetic Needle-Punched Non-woven Fabric, Household needle punched non-woven fabric, Automotive Non-woven Fabric with good price.\" \/>\n<meta name=\"robots\" content=\"index, follow, max-snippet:-1, max-image-preview:large, max-video-preview:-1\" \/>\n<link rel=\"canonical\" href=\"https:\/\/www.bsdnonwoven.com\/fr\/produit\/absorbent-nonwoven-fabric-for-health-care-patches\/\" \/>\n<meta property=\"og:locale\" content=\"fr_FR\" \/>\n<meta property=\"og:type\" content=\"article\" \/>\n<meta property=\"og:title\" content=\"Absorbent Nonwoven Fabric for Health Care Patches - Boshida Nonwoven\" \/>\n<meta property=\"og:description\" content=\"Absorbent Nonwoven Fabric for Health Care Patches , we provide Geosynthetic Needle-Punched Non-woven Fabric, Household needle punched non-woven fabric, Automotive Non-woven Fabric with good price.\" \/>\n<meta property=\"og:url\" content=\"https:\/\/www.bsdnonwoven.com\/fr\/produit\/absorbent-nonwoven-fabric-for-health-care-patches\/\" \/>\n<meta property=\"og:site_name\" content=\"Boshida Nonwoven\" \/>\n<meta property=\"article:modified_time\" content=\"2025-07-02T07:24:31+00:00\" \/>\n<meta property=\"og:image\" content=\"https:\/\/www.bsdnonwoven.com\/wp-content\/uploads\/2025\/05\/Absorbent-Nonwoven-Fabric-for-Health-Care-Patches-1.webp\" \/>\n\t<meta property=\"og:image:width\" content=\"800\" \/>\n\t<meta property=\"og:image:height\" content=\"800\" \/>\n\t<meta property=\"og:image:type\" content=\"image\/webp\" \/>\n<meta name=\"twitter:card\" content=\"summary_large_image\" \/>\n<meta name=\"twitter:label1\" content=\"Dur\u00e9e de lecture estim\u00e9e\" \/>\n\t<meta name=\"twitter:data1\" content=\"2 minutes\" \/>\n<script type=\"application\/ld+json\" class=\"yoast-schema-graph\">{\"@context\":\"https:\/\/schema.org\",\"@graph\":[{\"@type\":\"WebPage\",\"@id\":\"https:\/\/www.bsdnonwoven.com\/product\/absorbent-nonwoven-fabric-for-health-care-patches\/\",\"url\":\"https:\/\/www.bsdnonwoven.com\/product\/absorbent-nonwoven-fabric-for-health-care-patches\/\",\"name\":\"Absorbent Nonwoven Fabric for Health Care Patches - Boshida Nonwoven\",\"isPartOf\":{\"@id\":\"https:\/\/www.bsdnonwoven.com\/#website\"},\"primaryImageOfPage\":{\"@id\":\"https:\/\/www.bsdnonwoven.com\/product\/absorbent-nonwoven-fabric-for-health-care-patches\/#primaryimage\"},\"image\":{\"@id\":\"https:\/\/www.bsdnonwoven.com\/product\/absorbent-nonwoven-fabric-for-health-care-patches\/#primaryimage\"},\"thumbnailUrl\":\"https:\/\/www.bsdnonwoven.com\/wp-content\/uploads\/2025\/05\/Absorbent-Nonwoven-Fabric-for-Health-Care-Patches-1.webp\",\"datePublished\":\"2025-05-10T07:12:41+00:00\",\"dateModified\":\"2025-07-02T07:24:31+00:00\",\"description\":\"Absorbent Nonwoven Fabric for Health Care Patches , we provide Geosynthetic Needle-Punched Non-woven Fabric, Household needle punched non-woven fabric, Automotive Non-woven Fabric with good price.\",\"breadcrumb\":{\"@id\":\"https:\/\/www.bsdnonwoven.com\/product\/absorbent-nonwoven-fabric-for-health-care-patches\/#breadcrumb\"},\"inLanguage\":\"fr-FR\",\"potentialAction\":[{\"@type\":\"ReadAction\",\"target\":[\"https:\/\/www.bsdnonwoven.com\/product\/absorbent-nonwoven-fabric-for-health-care-patches\/\"]}]},{\"@type\":\"ImageObject\",\"inLanguage\":\"fr-FR\",\"@id\":\"https:\/\/www.bsdnonwoven.com\/product\/absorbent-nonwoven-fabric-for-health-care-patches\/#primaryimage\",\"url\":\"https:\/\/www.bsdnonwoven.com\/wp-content\/uploads\/2025\/05\/Absorbent-Nonwoven-Fabric-for-Health-Care-Patches-1.webp\",\"contentUrl\":\"https:\/\/www.bsdnonwoven.com\/wp-content\/uploads\/2025\/05\/Absorbent-Nonwoven-Fabric-for-Health-Care-Patches-1.webp\",\"width\":800,\"height\":800,\"caption\":\"Absorbent Nonwoven Fabric for Health Care Patches\"},{\"@type\":\"BreadcrumbList\",\"@id\":\"https:\/\/www.bsdnonwoven.com\/product\/absorbent-nonwoven-fabric-for-health-care-patches\/#breadcrumb\",\"itemListElement\":[{\"@type\":\"ListItem\",\"position\":1,\"name\":\"Home\",\"item\":\"https:\/\/www.bsdnonwoven.com\/\"},{\"@type\":\"ListItem\",\"position\":2,\"name\":\"Products\",\"item\":\"https:\/\/www.bsdnonwoven.com\/shop\/\"},{\"@type\":\"ListItem\",\"position\":3,\"name\":\"Absorbent Nonwoven Fabric for Health Care Patches\"}]},{\"@type\":\"WebSite\",\"@id\":\"https:\/\/www.bsdnonwoven.com\/#website\",\"url\":\"https:\/\/www.bsdnonwoven.com\/\",\"name\":\"Boshida Nonwoven\",\"description\":\"\",\"potentialAction\":[{\"@type\":\"SearchAction\",\"target\":{\"@type\":\"EntryPoint\",\"urlTemplate\":\"https:\/\/www.bsdnonwoven.com\/?s={search_term_string}\"},\"query-input\":\"required name=search_term_string\"}],\"inLanguage\":\"fr-FR\"}]}<\/script>\n<!-- \/ Yoast SEO plugin. -->","yoast_head_json":{"title":"Absorbent Nonwoven Fabric for Health Care Patches - Boshida Nonwoven","description":"Absorbent Nonwoven Fabric for Health Care Patches , we provide Geosynthetic Needle-Punched Non-woven Fabric, Household needle punched non-woven fabric, Automotive Non-woven Fabric with good price.","robots":{"index":"index","follow":"follow","max-snippet":"max-snippet:-1","max-image-preview":"max-image-preview:large","max-video-preview":"max-video-preview:-1"},"canonical":"https:\/\/www.bsdnonwoven.com\/fr\/produit\/absorbent-nonwoven-fabric-for-health-care-patches\/","og_locale":"fr_FR","og_type":"article","og_title":"Absorbent Nonwoven Fabric for Health Care Patches - Boshida Nonwoven","og_description":"Absorbent Nonwoven Fabric for Health Care Patches , we provide Geosynthetic Needle-Punched Non-woven Fabric, Household needle punched non-woven fabric, Automotive Non-woven Fabric with good price.","og_url":"https:\/\/www.bsdnonwoven.com\/fr\/produit\/absorbent-nonwoven-fabric-for-health-care-patches\/","og_site_name":"Boshida Nonwoven","article_modified_time":"2025-07-02T07:24:31+00:00","og_image":[{"width":800,"height":800,"url":"https:\/\/www.bsdnonwoven.com\/wp-content\/uploads\/2025\/05\/Absorbent-Nonwoven-Fabric-for-Health-Care-Patches-1.webp","type":"image\/webp"}],"twitter_card":"summary_large_image","twitter_misc":{"Dur\u00e9e de lecture estim\u00e9e":"2 minutes"},"schema":{"@context":"https:\/\/schema.org","@graph":[{"@type":"WebPage","@id":"https:\/\/www.bsdnonwoven.com\/product\/absorbent-nonwoven-fabric-for-health-care-patches\/","url":"https:\/\/www.bsdnonwoven.com\/product\/absorbent-nonwoven-fabric-for-health-care-patches\/","name":"Absorbent Nonwoven Fabric for Health Care Patches - Boshida Nonwoven","isPartOf":{"@id":"https:\/\/www.bsdnonwoven.com\/#website"},"primaryImageOfPage":{"@id":"https:\/\/www.bsdnonwoven.com\/product\/absorbent-nonwoven-fabric-for-health-care-patches\/#primaryimage"},"image":{"@id":"https:\/\/www.bsdnonwoven.com\/product\/absorbent-nonwoven-fabric-for-health-care-patches\/#primaryimage"},"thumbnailUrl":"https:\/\/www.bsdnonwoven.com\/wp-content\/uploads\/2025\/05\/Absorbent-Nonwoven-Fabric-for-Health-Care-Patches-1.webp","datePublished":"2025-05-10T07:12:41+00:00","dateModified":"2025-07-02T07:24:31+00:00","description":"Absorbent Nonwoven Fabric for Health Care Patches , we provide Geosynthetic Needle-Punched Non-woven Fabric, Household needle punched non-woven fabric, Automotive Non-woven Fabric with good price.","breadcrumb":{"@id":"https:\/\/www.bsdnonwoven.com\/product\/absorbent-nonwoven-fabric-for-health-care-patches\/#breadcrumb"},"inLanguage":"fr-FR","potentialAction":[{"@type":"ReadAction","target":["https:\/\/www.bsdnonwoven.com\/product\/absorbent-nonwoven-fabric-for-health-care-patches\/"]}]},{"@type":"ImageObject","inLanguage":"fr-FR","@id":"https:\/\/www.bsdnonwoven.com\/product\/absorbent-nonwoven-fabric-for-health-care-patches\/#primaryimage","url":"https:\/\/www.bsdnonwoven.com\/wp-content\/uploads\/2025\/05\/Absorbent-Nonwoven-Fabric-for-Health-Care-Patches-1.webp","contentUrl":"https:\/\/www.bsdnonwoven.com\/wp-content\/uploads\/2025\/05\/Absorbent-Nonwoven-Fabric-for-Health-Care-Patches-1.webp","width":800,"height":800,"caption":"Absorbent Nonwoven Fabric for Health Care Patches"},{"@type":"BreadcrumbList","@id":"https:\/\/www.bsdnonwoven.com\/product\/absorbent-nonwoven-fabric-for-health-care-patches\/#breadcrumb","itemListElement":[{"@type":"ListItem","position":1,"name":"Home","item":"https:\/\/www.bsdnonwoven.com\/"},{"@type":"ListItem","position":2,"name":"Products","item":"https:\/\/www.bsdnonwoven.com\/shop\/"},{"@type":"ListItem","position":3,"name":"Absorbent Nonwoven Fabric for Health Care Patches"}]},{"@type":"WebSite","@id":"https:\/\/www.bsdnonwoven.com\/#website","url":"https:\/\/www.bsdnonwoven.com\/","name":"Boshida Nonwoven","description":"","potentialAction":[{"@type":"SearchAction","target":{"@type":"EntryPoint","urlTemplate":"https:\/\/www.bsdnonwoven.com\/?s={search_term_string}"},"query-input":"required name=search_term_string"}],"inLanguage":"fr-FR"}]}},"_links":{"self":[{"href":"https:\/\/www.bsdnonwoven.com\/fr\/wp-json\/wp\/v2\/product\/12871"}],"collection":[{"href":"https:\/\/www.bsdnonwoven.com\/fr\/wp-json\/wp\/v2\/product"}],"about":[{"href":"https:\/\/www.bsdnonwoven.com\/fr\/wp-json\/wp\/v2\/types\/product"}],"wp:featuredmedia":[{"embeddable":true,"href":"https:\/\/www.bsdnonwoven.com\/fr\/wp-json\/wp\/v2\/media\/13417"}],"wp:attachment":[{"href":"https:\/\/www.bsdnonwoven.com\/fr\/wp-json\/wp\/v2\/media?parent=12871"}],"wp:term":[{"taxonomy":"product_cat","embeddable":true,"href":"https:\/\/www.bsdnonwoven.com\/fr\/wp-json\/wp\/v2\/product_cat?post=12871"},{"taxonomy":"product_tag","embeddable":true,"href":"https:\/\/www.bsdnonwoven.com\/fr\/wp-json\/wp\/v2\/product_tag?post=12871"}],"curies":[{"name":"wp","href":"https:\/\/api.w.org\/{rel}","templated":true}]}}