{"id":12975,"date":"2025-05-21T02:53:59","date_gmt":"2025-05-21T02:53:59","guid":{"rendered":"https:\/\/www.bsdnonwoven.com\/?post_type=product&#038;p=12975"},"modified":"2025-06-26T08:22:43","modified_gmt":"2025-06-26T08:22:43","slug":"pp-needle-punched-nonwoven-geotextile","status":"publish","type":"product","link":"https:\/\/www.bsdnonwoven.com\/fr\/produit\/pp-needle-punched-nonwoven-geotextile\/","title":{"rendered":"G\u00e9otextile non tiss\u00e9 aiguillet\u00e9 PP"},"content":{"rendered":"<h2>D\u00e9crire<\/h2>\n<p>Le g\u00e9otextile, \u00e9galement connu sous le nom de g\u00e9ofabrique ou de mat\u00e9riau g\u00e9osynth\u00e9tique, est un mat\u00e9riau g\u00e9osynth\u00e9tique perm\u00e9able fabriqu\u00e9 \u00e0 partir de fibres synth\u00e9tiques par un proc\u00e9d\u00e9 d'aiguilletage. Les fibres sont ouvertes, card\u00e9es et dispos\u00e9es en bande, puis renforc\u00e9es en tissu par aiguilletage.<\/p>\n<p>Le g\u00e9otextile non-tiss\u00e9 aiguillet\u00e9 en polypropyl\u00e8ne (PP) est produit \u00e0 partir de fibres courtes de haute qualit\u00e9 par le biais du processus d'aiguilletage. Le PP offre une meilleure r\u00e9sistance \u00e0 l'humidit\u00e9, \u00e0 l'abrasion, \u00e0 la ventilation et au drainage que le PET. Les fibres de polypropyl\u00e8ne sont plus l\u00e9g\u00e8res que les fibres de polyester.<\/p>\n<table class=\"tg\" style=\"border-collapse: collapse; border-spacing: 0;\">\n<thead>\n<tr>\n<th style=\"background-color: #fff; color: #000000; font-family: Arial, sans-serif; font-size: 14px; font-weight: bold; overflow: hidden; padding: 10px 5px; text-align: left; vertical-align: middle; word-break: normal; border: 1px solid black;\">Param\u00e8tres<\/th>\n<th style=\"background-color: #fff; color: #000000; font-family: Arial, sans-serif; font-size: 14px; font-weight: bold; overflow: hidden; padding: 10px 5px; text-align: left; vertical-align: middle; word-break: normal; border: 1px solid black;\">Valeur<\/th>\n<\/tr>\n<\/thead>\n<tbody>\n<tr>\n<td style=\"background-color: #fff; color: #000000; font-family: Arial, sans-serif; font-size: 14px; overflow: hidden; padding: 10px 5px; text-align: left; vertical-align: middle; word-break: normal; border: 1px solid black;\">Mat\u00e9riau<\/td>\n<td style=\"background-color: #fff; color: #000000; font-family: Arial, sans-serif; font-size: 14px; overflow: hidden; padding: 10px 5px; text-align: left; vertical-align: middle; word-break: normal; border: 1px solid black;\">Polypropyl\u00e8ne (PP)<\/td>\n<\/tr>\n<tr>\n<td style=\"background-color: #fff; color: #000000; font-family: Arial, sans-serif; font-size: 14px; overflow: hidden; padding: 10px 5px; text-align: left; vertical-align: middle; word-break: normal; border: 1px solid black;\">Poids<\/td>\n<td style=\"background-color: #fff; color: #000000; font-family: Arial, sans-serif; font-size: 14px; overflow: hidden; padding: 10px 5px; text-align: left; vertical-align: middle; word-break: normal; border: 1px solid black;\">100g\/m<sup>2<\/sup>-800g\/m<sup>2<\/sup> (personnalisable)<\/td>\n<\/tr>\n<tr>\n<td style=\"background-color: #fff; color: #000000; font-family: Arial, sans-serif; font-size: 14px; overflow: hidden; padding: 10px 5px; text-align: left; vertical-align: middle; word-break: normal; border: 1px solid black;\">\u00c9paisseur<\/td>\n<td style=\"background-color: #fff; color: #000000; font-family: Arial, sans-serif; font-size: 14px; overflow: hidden; padding: 10px 5px; text-align: left; vertical-align: middle; word-break: normal; border: 1px solid black;\">1,0-5,0 mm<\/td>\n<\/tr>\n<tr>\n<td style=\"background-color: #fff; color: #000000; font-family: Arial, sans-serif; font-size: 14px; overflow: hidden; padding: 10px 5px; text-align: left; vertical-align: middle; word-break: normal; border: 1px solid black;\">Largeur<\/td>\n<td style=\"background-color: #fff; color: #000000; font-family: Arial, sans-serif; font-size: 14px; overflow: hidden; padding: 10px 5px; text-align: left; vertical-align: middle; word-break: normal; border: 1px solid black;\">0,5m-7m (personnalisable)<\/td>\n<\/tr>\n<tr>\n<td style=\"background-color: #fff; color: #000000; font-family: Arial, sans-serif; font-size: 14px; overflow: hidden; padding: 10px 5px; text-align: left; vertical-align: middle; word-break: normal; border: 1px solid black;\">Couleur<\/td>\n<td style=\"background-color: #fff; color: #000000; font-family: Arial, sans-serif; font-size: 14px; overflow: hidden; padding: 10px 5px; text-align: left; vertical-align: middle; word-break: normal; border: 1px solid black;\">Blanc\/Noir\/Custom<\/td>\n<\/tr>\n<tr>\n<td style=\"background-color: #fff; color: #000000; font-family: Arial, sans-serif; font-size: 14px; overflow: hidden; padding: 10px 5px; text-align: left; vertical-align: middle; word-break: normal; border: 1px solid black;\">R\u00e9sistance \u00e0 la traction (MD\/CD)<\/td>\n<td style=\"background-color: #fff; color: #000000; font-family: Arial, sans-serif; font-size: 14px; overflow: hidden; padding: 10px 5px; text-align: left; vertical-align: middle; word-break: normal; border: 1px solid black;\">8-30 kN\/m<\/td>\n<\/tr>\n<tr>\n<td style=\"background-color: #fff; color: #000000; font-family: Arial, sans-serif; font-size: 14px; overflow: hidden; padding: 10px 5px; text-align: left; vertical-align: middle; word-break: normal; border: 1px solid black;\">Perm\u00e9abilit\u00e9<\/td>\n<td style=\"background-color: #fff; color: #000000; font-family: Arial, sans-serif; font-size: 14px; overflow: hidden; padding: 10px 5px; text-align: left; vertical-align: middle; word-break: normal; border: 1px solid black;\">0,1-2,0 cm\/s<\/td>\n<\/tr>\n<tr>\n<td style=\"background-color: #fff; color: #000000; font-family: Arial, sans-serif; font-size: 14px; overflow: hidden; padding: 10px 5px; text-align: left; vertical-align: middle; word-break: normal; border: 1px solid black;\">R\u00e9sistance chimique<\/td>\n<td style=\"background-color: #fff; color: #000000; font-family: Arial, sans-serif; font-size: 14px; overflow: hidden; padding: 10px 5px; text-align: left; vertical-align: middle; word-break: normal; border: 1px solid black;\">Stable \u00e0 un pH de 2 \u00e0 12<\/td>\n<\/tr>\n<\/tbody>\n<\/table>\n<h2>Caract\u00e9ristiques<\/h2>\n<ul>\n<li>Haute r\u00e9sistance, gr\u00e2ce \u00e0 l'utilisation de fibres plastiques, il conserve une r\u00e9sistance et une \u00e9longation suffisantes \u00e0 la fois \u00e0 l'\u00e9tat sec et \u00e0 l'\u00e9tat humide.<\/li>\n<li>R\u00e9sistance \u00e0 la corrosion, il peut r\u00e9sister \u00e0 la corrosion \u00e0 long terme dans les sols et l'eau avec des niveaux de pH variables.<\/li>\n<li>R\u00e9sistance aux temp\u00e9ratures \u00e9lev\u00e9es, au gel et au vieillissement : R\u00e9sistance aux temp\u00e9ratures \u00e9lev\u00e9es, au gel et au vieillissement.<\/li>\n<li>Excellente perm\u00e9abilit\u00e9, les espaces entre les fibres assurent une bonne perm\u00e9abilit\u00e9 \u00e0 l'eau.<\/li>\n<li>R\u00e9sistance microbienne, non affect\u00e9e par les micro-organismes et les dommages caus\u00e9s par les insectes.<\/li>\n<li>Installation facile, l\u00e9g\u00e8re et flexible, facilitant le transport, la pose et la construction.<\/li>\n<\/ul>\n<h2>Fonction<\/h2>\n<ul>\n<li><strong>Respirant et perm\u00e9able :<\/strong> Permet le passage de l'eau tout en emp\u00eachant l'\u00e9rosion du sol et du sable.<\/li>\n<li><strong>Conductivit\u00e9 \u00e9lev\u00e9e de l'eau :<\/strong> Forme des canaux de drainage efficaces pour \u00e9vacuer les liquides et les gaz exc\u00e9dentaires.<\/li>\n<li><strong>Haute perm\u00e9abilit\u00e9 sous pression : <\/strong>Maintient un excellent d\u00e9bit d'eau m\u00eame sous la pression du sol et de l'eau.<\/li>\n<li><strong>Distribution des contraintes : <\/strong>Disperse, transf\u00e8re ou d\u00e9compose efficacement les contraintes concentr\u00e9es afin de prot\u00e9ger le sol contre les dommages.<\/li>\n<li><strong>Couche de s\u00e9paration :<\/strong> Emp\u00eache le m\u00e9lange entre les couches sup\u00e9rieures et inf\u00e9rieures de sable, de terre et de b\u00e9ton.<\/li>\n<li><strong>R\u00e9sistance chimique :<\/strong> Fabriqu\u00e9 en fibres PP ou PET, r\u00e9sistant aux acides, aux alcalis, \u00e0 la corrosion, \u00e0 la chaleur et \u00e0 l'oxydation.<\/li>\n<li><strong>L\u00e9ger et facile \u00e0 installer :<\/strong> R\u00e9duit les d\u00e9lais et les co\u00fbts de construction tout en am\u00e9liorant l'efficacit\u00e9.<\/li>\n<li><strong>Renforcement : <\/strong>Am\u00e9liore la r\u00e9sistance \u00e0 la traction, la r\u00e9sistance \u00e0 la d\u00e9formation et la stabilit\u00e9 structurelle du sol, am\u00e9liorant ainsi la qualit\u00e9 du sol.<\/li>\n<\/ul>\n<h2>Objectif<\/h2>\n<p>Le g\u00e9otextile aiguillet\u00e9 \u00e0 fibres courtes PP est un mat\u00e9riau g\u00e9osynth\u00e9tique largement utilis\u00e9. Il est largement utilis\u00e9 dans divers projets d'ing\u00e9nierie, notamment :<\/p>\n<p>- Renforcement des plates-formes ferroviaires<\/p>\n<p>- Entretien des chauss\u00e9es<\/p>\n<p>- Protection des digues et des barrages<\/p>\n<p>- S\u00e9paration dans les structures hydrauliques<\/p>\n<p>- Tunnels, estrans c\u00f4tiers et r\u00e9cup\u00e9ration des terres<\/p>\n<p>- Projets de protection de l'environnement<\/p>\n<p>- Construction de centrales \u00e9lectriques et d'a\u00e9roports<\/p>\n<h2>Sc\u00e9narios d'application<\/h2>\n<p><img loading=\"lazy\" decoding=\"async\" class=\"size-full wp-image-13605 aligncenter\" data-src=\"https:\/\/www.bsdnonwoven.com\/wp-content\/uploads\/2025\/05\/PP-Needle-Punched-Nonwoven-Geotextile-6.webp\" alt=\"G\u00e9otextile non tiss\u00e9 aiguillet\u00e9 PP\" width=\"1500\" height=\"500\" srcset=\"https:\/\/www.bsdnonwoven.com\/wp-content\/uploads\/2025\/05\/PP-Needle-Punched-Nonwoven-Geotextile-6.webp 1500w, https:\/\/www.bsdnonwoven.com\/wp-content\/uploads\/2025\/05\/PP-Needle-Punched-Nonwoven-Geotextile-6-1280x427.webp 1280w, https:\/\/www.bsdnonwoven.com\/wp-content\/uploads\/2025\/05\/PP-Needle-Punched-Nonwoven-Geotextile-6-980x327.webp 980w, https:\/\/www.bsdnonwoven.com\/wp-content\/uploads\/2025\/05\/PP-Needle-Punched-Nonwoven-Geotextile-6-480x160.webp 480w\" sizes=\"(min-width: 0px) and (max-width: 480px) 480px, (min-width: 481px) and (max-width: 980px) 980px, (min-width: 981px) and (max-width: 1280px) 1280px, (min-width: 1281px) 1500px, 100vw\" \/><\/p>","protected":false},"excerpt":{"rendered":"<p>Le g\u00e9otextile, \u00e9galement connu sous le nom de g\u00e9ofabrique ou de mat\u00e9riau g\u00e9osynth\u00e9tique, est un mat\u00e9riau g\u00e9osynth\u00e9tique perm\u00e9able fabriqu\u00e9 \u00e0 partir de fibres synth\u00e9tiques par un proc\u00e9d\u00e9 d'aiguilletage. Les fibres sont ouvertes, card\u00e9es et dispos\u00e9es en bande, puis renforc\u00e9es en tissu par aiguilletage.<\/p>\n<p>Le g\u00e9otextile non-tiss\u00e9 aiguillet\u00e9 en polypropyl\u00e8ne (PP) est produit \u00e0 partir de fibres courtes de haute qualit\u00e9 par le biais du processus d'aiguilletage. Le PP offre une meilleure r\u00e9sistance \u00e0 l'humidit\u00e9, \u00e0 l'abrasion, \u00e0 la ventilation et au drainage que le PET. Les fibres de polypropyl\u00e8ne sont plus l\u00e9g\u00e8res que les fibres de polyester.<\/p>","protected":false},"featured_media":12988,"template":"","meta":{"_et_pb_use_builder":"","_et_pb_old_content":"","_et_gb_content_width":""},"product_cat":[312],"product_tag":[],"yoast_head":"<!-- This site is optimized with the Yoast SEO plugin v22.7 - https:\/\/yoast.com\/wordpress\/plugins\/seo\/ -->\n<title>PP Needle Punched Nonwoven Geotextile - Boshida Nonwoven<\/title>\n<meta name=\"description\" content=\"PP Needle Punched Nonwoven Geotextile , we provide Geosynthetic Needle-Punched Non-woven Fabric, Household needle punched non-woven fabric, Automotive Non-woven Fabric with good price.\" \/>\n<meta name=\"robots\" content=\"index, follow, max-snippet:-1, max-image-preview:large, max-video-preview:-1\" \/>\n<link rel=\"canonical\" href=\"https:\/\/www.bsdnonwoven.com\/fr\/produit\/pp-needle-punched-nonwoven-geotextile\/\" \/>\n<meta property=\"og:locale\" content=\"fr_FR\" \/>\n<meta property=\"og:type\" content=\"article\" \/>\n<meta property=\"og:title\" content=\"PP Needle Punched Nonwoven Geotextile - Boshida Nonwoven\" \/>\n<meta property=\"og:description\" content=\"PP Needle Punched Nonwoven Geotextile , we provide Geosynthetic Needle-Punched Non-woven Fabric, Household needle punched non-woven fabric, Automotive Non-woven Fabric with good price.\" \/>\n<meta property=\"og:url\" content=\"https:\/\/www.bsdnonwoven.com\/fr\/produit\/pp-needle-punched-nonwoven-geotextile\/\" \/>\n<meta property=\"og:site_name\" content=\"Boshida Nonwoven\" \/>\n<meta property=\"article:modified_time\" content=\"2025-06-26T08:22:43+00:00\" \/>\n<meta property=\"og:image\" content=\"https:\/\/www.bsdnonwoven.com\/wp-content\/uploads\/2025\/05\/PP-Needle-Punched-Nonwoven-Geotextile-1.webp\" \/>\n\t<meta property=\"og:image:width\" content=\"500\" \/>\n\t<meta property=\"og:image:height\" content=\"471\" \/>\n\t<meta property=\"og:image:type\" content=\"image\/webp\" \/>\n<meta name=\"twitter:card\" content=\"summary_large_image\" \/>\n<meta name=\"twitter:label1\" content=\"Dur\u00e9e de lecture estim\u00e9e\" \/>\n\t<meta name=\"twitter:data1\" content=\"2 minutes\" \/>\n<script type=\"application\/ld+json\" class=\"yoast-schema-graph\">{\"@context\":\"https:\/\/schema.org\",\"@graph\":[{\"@type\":\"WebPage\",\"@id\":\"https:\/\/www.bsdnonwoven.com\/product\/pp-needle-punched-nonwoven-geotextile\/\",\"url\":\"https:\/\/www.bsdnonwoven.com\/product\/pp-needle-punched-nonwoven-geotextile\/\",\"name\":\"PP Needle Punched Nonwoven Geotextile - Boshida Nonwoven\",\"isPartOf\":{\"@id\":\"https:\/\/www.bsdnonwoven.com\/#website\"},\"primaryImageOfPage\":{\"@id\":\"https:\/\/www.bsdnonwoven.com\/product\/pp-needle-punched-nonwoven-geotextile\/#primaryimage\"},\"image\":{\"@id\":\"https:\/\/www.bsdnonwoven.com\/product\/pp-needle-punched-nonwoven-geotextile\/#primaryimage\"},\"thumbnailUrl\":\"https:\/\/www.bsdnonwoven.com\/wp-content\/uploads\/2025\/05\/PP-Needle-Punched-Nonwoven-Geotextile-1.webp\",\"datePublished\":\"2025-05-21T02:53:59+00:00\",\"dateModified\":\"2025-06-26T08:22:43+00:00\",\"description\":\"PP Needle Punched Nonwoven Geotextile , we provide Geosynthetic Needle-Punched Non-woven Fabric, Household needle punched non-woven fabric, Automotive Non-woven Fabric with good price.\",\"breadcrumb\":{\"@id\":\"https:\/\/www.bsdnonwoven.com\/product\/pp-needle-punched-nonwoven-geotextile\/#breadcrumb\"},\"inLanguage\":\"fr-FR\",\"potentialAction\":[{\"@type\":\"ReadAction\",\"target\":[\"https:\/\/www.bsdnonwoven.com\/product\/pp-needle-punched-nonwoven-geotextile\/\"]}]},{\"@type\":\"ImageObject\",\"inLanguage\":\"fr-FR\",\"@id\":\"https:\/\/www.bsdnonwoven.com\/product\/pp-needle-punched-nonwoven-geotextile\/#primaryimage\",\"url\":\"https:\/\/www.bsdnonwoven.com\/wp-content\/uploads\/2025\/05\/PP-Needle-Punched-Nonwoven-Geotextile-1.webp\",\"contentUrl\":\"https:\/\/www.bsdnonwoven.com\/wp-content\/uploads\/2025\/05\/PP-Needle-Punched-Nonwoven-Geotextile-1.webp\",\"width\":500,\"height\":471,\"caption\":\"PP Needle Punched Nonwoven Geotextile-1\"},{\"@type\":\"BreadcrumbList\",\"@id\":\"https:\/\/www.bsdnonwoven.com\/product\/pp-needle-punched-nonwoven-geotextile\/#breadcrumb\",\"itemListElement\":[{\"@type\":\"ListItem\",\"position\":1,\"name\":\"Home\",\"item\":\"https:\/\/www.bsdnonwoven.com\/\"},{\"@type\":\"ListItem\",\"position\":2,\"name\":\"Products\",\"item\":\"https:\/\/www.bsdnonwoven.com\/shop\/\"},{\"@type\":\"ListItem\",\"position\":3,\"name\":\"PP Needle Punched Nonwoven Geotextile\"}]},{\"@type\":\"WebSite\",\"@id\":\"https:\/\/www.bsdnonwoven.com\/#website\",\"url\":\"https:\/\/www.bsdnonwoven.com\/\",\"name\":\"Boshida Nonwoven\",\"description\":\"\",\"potentialAction\":[{\"@type\":\"SearchAction\",\"target\":{\"@type\":\"EntryPoint\",\"urlTemplate\":\"https:\/\/www.bsdnonwoven.com\/?s={search_term_string}\"},\"query-input\":\"required name=search_term_string\"}],\"inLanguage\":\"fr-FR\"}]}<\/script>\n<!-- \/ Yoast SEO plugin. -->","yoast_head_json":{"title":"PP Needle Punched Nonwoven Geotextile - Boshida Nonwoven","description":"PP Needle Punched Nonwoven Geotextile , we provide Geosynthetic Needle-Punched Non-woven Fabric, Household needle punched non-woven fabric, Automotive Non-woven Fabric with good price.","robots":{"index":"index","follow":"follow","max-snippet":"max-snippet:-1","max-image-preview":"max-image-preview:large","max-video-preview":"max-video-preview:-1"},"canonical":"https:\/\/www.bsdnonwoven.com\/fr\/produit\/pp-needle-punched-nonwoven-geotextile\/","og_locale":"fr_FR","og_type":"article","og_title":"PP Needle Punched Nonwoven Geotextile - Boshida Nonwoven","og_description":"PP Needle Punched Nonwoven Geotextile , we provide Geosynthetic Needle-Punched Non-woven Fabric, Household needle punched non-woven fabric, Automotive Non-woven Fabric with good price.","og_url":"https:\/\/www.bsdnonwoven.com\/fr\/produit\/pp-needle-punched-nonwoven-geotextile\/","og_site_name":"Boshida Nonwoven","article_modified_time":"2025-06-26T08:22:43+00:00","og_image":[{"width":500,"height":471,"url":"https:\/\/www.bsdnonwoven.com\/wp-content\/uploads\/2025\/05\/PP-Needle-Punched-Nonwoven-Geotextile-1.webp","type":"image\/webp"}],"twitter_card":"summary_large_image","twitter_misc":{"Dur\u00e9e de lecture estim\u00e9e":"2 minutes"},"schema":{"@context":"https:\/\/schema.org","@graph":[{"@type":"WebPage","@id":"https:\/\/www.bsdnonwoven.com\/product\/pp-needle-punched-nonwoven-geotextile\/","url":"https:\/\/www.bsdnonwoven.com\/product\/pp-needle-punched-nonwoven-geotextile\/","name":"PP Needle Punched Nonwoven Geotextile - Boshida Nonwoven","isPartOf":{"@id":"https:\/\/www.bsdnonwoven.com\/#website"},"primaryImageOfPage":{"@id":"https:\/\/www.bsdnonwoven.com\/product\/pp-needle-punched-nonwoven-geotextile\/#primaryimage"},"image":{"@id":"https:\/\/www.bsdnonwoven.com\/product\/pp-needle-punched-nonwoven-geotextile\/#primaryimage"},"thumbnailUrl":"https:\/\/www.bsdnonwoven.com\/wp-content\/uploads\/2025\/05\/PP-Needle-Punched-Nonwoven-Geotextile-1.webp","datePublished":"2025-05-21T02:53:59+00:00","dateModified":"2025-06-26T08:22:43+00:00","description":"PP Needle Punched Nonwoven Geotextile , we provide Geosynthetic Needle-Punched Non-woven Fabric, Household needle punched non-woven fabric, Automotive Non-woven Fabric with good price.","breadcrumb":{"@id":"https:\/\/www.bsdnonwoven.com\/product\/pp-needle-punched-nonwoven-geotextile\/#breadcrumb"},"inLanguage":"fr-FR","potentialAction":[{"@type":"ReadAction","target":["https:\/\/www.bsdnonwoven.com\/product\/pp-needle-punched-nonwoven-geotextile\/"]}]},{"@type":"ImageObject","inLanguage":"fr-FR","@id":"https:\/\/www.bsdnonwoven.com\/product\/pp-needle-punched-nonwoven-geotextile\/#primaryimage","url":"https:\/\/www.bsdnonwoven.com\/wp-content\/uploads\/2025\/05\/PP-Needle-Punched-Nonwoven-Geotextile-1.webp","contentUrl":"https:\/\/www.bsdnonwoven.com\/wp-content\/uploads\/2025\/05\/PP-Needle-Punched-Nonwoven-Geotextile-1.webp","width":500,"height":471,"caption":"PP Needle Punched Nonwoven Geotextile-1"},{"@type":"BreadcrumbList","@id":"https:\/\/www.bsdnonwoven.com\/product\/pp-needle-punched-nonwoven-geotextile\/#breadcrumb","itemListElement":[{"@type":"ListItem","position":1,"name":"Home","item":"https:\/\/www.bsdnonwoven.com\/"},{"@type":"ListItem","position":2,"name":"Products","item":"https:\/\/www.bsdnonwoven.com\/shop\/"},{"@type":"ListItem","position":3,"name":"PP Needle Punched Nonwoven Geotextile"}]},{"@type":"WebSite","@id":"https:\/\/www.bsdnonwoven.com\/#website","url":"https:\/\/www.bsdnonwoven.com\/","name":"Boshida Nonwoven","description":"","potentialAction":[{"@type":"SearchAction","target":{"@type":"EntryPoint","urlTemplate":"https:\/\/www.bsdnonwoven.com\/?s={search_term_string}"},"query-input":"required name=search_term_string"}],"inLanguage":"fr-FR"}]}},"_links":{"self":[{"href":"https:\/\/www.bsdnonwoven.com\/fr\/wp-json\/wp\/v2\/product\/12975"}],"collection":[{"href":"https:\/\/www.bsdnonwoven.com\/fr\/wp-json\/wp\/v2\/product"}],"about":[{"href":"https:\/\/www.bsdnonwoven.com\/fr\/wp-json\/wp\/v2\/types\/product"}],"wp:featuredmedia":[{"embeddable":true,"href":"https:\/\/www.bsdnonwoven.com\/fr\/wp-json\/wp\/v2\/media\/12988"}],"wp:attachment":[{"href":"https:\/\/www.bsdnonwoven.com\/fr\/wp-json\/wp\/v2\/media?parent=12975"}],"wp:term":[{"taxonomy":"product_cat","embeddable":true,"href":"https:\/\/www.bsdnonwoven.com\/fr\/wp-json\/wp\/v2\/product_cat?post=12975"},{"taxonomy":"product_tag","embeddable":true,"href":"https:\/\/www.bsdnonwoven.com\/fr\/wp-json\/wp\/v2\/product_tag?post=12975"}],"curies":[{"name":"wp","href":"https:\/\/api.w.org\/{rel}","templated":true}]}}