{"id":12994,"date":"2025-04-10T03:08:13","date_gmt":"2025-04-10T03:08:13","guid":{"rendered":"https:\/\/www.bsdnonwoven.com\/?post_type=product&#038;p=12994"},"modified":"2025-06-26T08:22:50","modified_gmt":"2025-06-26T08:22:50","slug":"pet-short-fiber-needle-punched-nonwoven-geotextile","status":"publish","type":"product","link":"https:\/\/www.bsdnonwoven.com\/fr\/produit\/pet-short-fiber-needle-punched-nonwoven-geotextile\/","title":{"rendered":"G\u00e9otextile non tiss\u00e9 aiguillet\u00e9 en fibres courtes PET"},"content":{"rendered":"<h2>D\u00e9crire<\/h2>\n<p>Le g\u00e9otextile non tiss\u00e9 aiguillet\u00e9 en fibres courtes PET est un mat\u00e9riau g\u00e9osynth\u00e9tique fabriqu\u00e9 \u00e0 partir de fibres discontinues de polyester par des proc\u00e9d\u00e9s tels que l'ouverture, le cardage, la formation de bandes et l'aiguilletage. Il offre une excellente r\u00e9sistance \u00e0 la traction, \u00e0 la d\u00e9chirure et \u00e0 la durabilit\u00e9. Ce mat\u00e9riau est largement utilis\u00e9 dans la construction d'infrastructures telles que les projets de conservation de l'eau, les autoroutes, les chemins de fer, les ports et les tunnels. Il remplit de multiples fonctions, notamment le renforcement, la s\u00e9paration, le drainage, la filtration et la protection. Le produit pr\u00e9sente une grande perm\u00e9abilit\u00e9 \u00e0 l'eau et une r\u00e9sistance exceptionnelle aux produits chimiques, ce qui garantit des performances \u00e0 long terme, m\u00eame dans des environnements difficiles.<\/p>\n<h2>Param\u00e8tres de base<\/h2>\n<table class=\"tg\" style=\"border-collapse: collapse; border-spacing: 0;\">\n<thead>\n<tr>\n<th style=\"background-color: #fff; color: #000000; font-family: Arial, sans-serif; font-size: 14px; font-weight: bold; overflow: hidden; padding: 10px 5px; text-align: left; vertical-align: middle; word-break: normal; border: 1px solid black;\">Param\u00e8tres<\/th>\n<th style=\"background-color: #fff; color: #000000; font-family: Arial, sans-serif; font-size: 14px; font-weight: bold; overflow: hidden; padding: 10px 5px; text-align: left; vertical-align: middle; word-break: normal; border: 1px solid black;\">Gamme\/Sp\u00e9cification<\/th>\n<\/tr>\n<\/thead>\n<tbody>\n<tr>\n<td style=\"background-color: #fff; color: #000000; font-family: Arial, sans-serif; font-size: 14px; font-weight: bold; overflow: hidden; padding: 10px 5px; text-align: left; vertical-align: middle; word-break: normal; border: 1px solid black;\">Mati\u00e8res premi\u00e8res<\/td>\n<td style=\"background-color: #fff; color: #000000; font-family: Arial, sans-serif; font-size: 14px; overflow: hidden; padding: 10px 5px; text-align: left; vertical-align: middle; word-break: normal; border: 1px solid black;\">Fibre discontinue de polyester (PET)<\/td>\n<\/tr>\n<tr>\n<td style=\"background-color: #fff; color: #000000; font-family: Arial, sans-serif; font-size: 14px; font-weight: bold; overflow: hidden; padding: 10px 5px; text-align: left; vertical-align: middle; word-break: normal; border: 1px solid black;\">Poids en grammes<\/td>\n<td style=\"background-color: #fff; color: #000000; font-family: Arial, sans-serif; font-size: 14px; overflow: hidden; padding: 10px 5px; text-align: left; vertical-align: middle; word-break: normal; border: 1px solid black;\">100g\/m<sup>2<\/sup>-800g\/m<sup>2<\/sup> (gsm)<\/td>\n<\/tr>\n<tr>\n<td style=\"background-color: #fff; color: #000000; font-family: Arial, sans-serif; font-size: 14px; font-weight: bold; overflow: hidden; padding: 10px 5px; text-align: left; vertical-align: middle; word-break: normal; border: 1px solid black;\">\u00c9paisseur<\/td>\n<td style=\"background-color: #fff; color: #000000; font-family: Arial, sans-serif; font-size: 14px; overflow: hidden; padding: 10px 5px; text-align: left; vertical-align: middle; word-break: normal; border: 1px solid black;\">0,9-6,0 mm<\/td>\n<\/tr>\n<tr>\n<td style=\"background-color: #fff; color: #000000; font-family: Arial, sans-serif; font-size: 14px; font-weight: bold; overflow: hidden; padding: 10px 5px; text-align: left; vertical-align: middle; word-break: normal; border: 1px solid black;\">Largeur<\/td>\n<td style=\"background-color: #fff; color: #000000; font-family: Arial, sans-serif; font-size: 14px; overflow: hidden; padding: 10px 5px; text-align: left; vertical-align: middle; word-break: normal; border: 1px solid black;\">0,5m-7m (personnalisable)<\/td>\n<\/tr>\n<tr>\n<td style=\"background-color: #fff; color: #000000; font-family: Arial, sans-serif; font-size: 14px; font-weight: bold; overflow: hidden; padding: 10px 5px; text-align: left; vertical-align: middle; word-break: normal; border: 1px solid black;\">Couleur<\/td>\n<td style=\"background-color: #fff; color: #000000; font-family: Arial, sans-serif; font-size: 14px; overflow: hidden; padding: 10px 5px; text-align: left; vertical-align: middle; word-break: normal; border: 1px solid black;\">Blanc \/ Noir \/ Gris<\/td>\n<\/tr>\n<tr>\n<td style=\"background-color: #fff; color: #000000; font-family: Arial, sans-serif; font-size: 14px; font-weight: bold; overflow: hidden; padding: 10px 5px; text-align: left; vertical-align: middle; word-break: normal; border: 1px solid black;\">R\u00e9sistance \u00e0 la traction<\/td>\n<td style=\"background-color: #fff; color: #000000; font-family: Arial, sans-serif; font-size: 14px; overflow: hidden; padding: 10px 5px; text-align: left; vertical-align: middle; word-break: normal; border: 1px solid black;\">\u2265 4,5 kN\/m (en fonction du poids en grammes)<\/td>\n<\/tr>\n<tr>\n<td style=\"background-color: #fff; color: #000000; font-family: Arial, sans-serif; font-size: 14px; font-weight: bold; overflow: hidden; padding: 10px 5px; text-align: left; vertical-align: middle; word-break: normal; border: 1px solid black;\">R\u00e9sistance \u00e0 la d\u00e9chirure<\/td>\n<td style=\"background-color: #fff; color: #000000; font-family: Arial, sans-serif; font-size: 14px; overflow: hidden; padding: 10px 5px; text-align: left; vertical-align: middle; word-break: normal; border: 1px solid black;\">\u2265 0,5 kN<\/td>\n<\/tr>\n<tr>\n<td style=\"background-color: #fff; color: #000000; font-family: Arial, sans-serif; font-size: 14px; font-weight: bold; overflow: hidden; padding: 10px 5px; text-align: left; vertical-align: middle; word-break: normal; border: 1px solid black;\">\u00c9longation<\/td>\n<td style=\"background-color: #fff; color: #000000; font-family: Arial, sans-serif; font-size: 14px; overflow: hidden; padding: 10px 5px; text-align: left; vertical-align: middle; word-break: normal; border: 1px solid black;\">25%-100%<\/td>\n<\/tr>\n<tr>\n<td style=\"background-color: #fff; color: #000000; font-family: Arial, sans-serif; font-size: 14px; font-weight: bold; overflow: hidden; padding: 10px 5px; text-align: left; vertical-align: middle; word-break: normal; border: 1px solid black;\">Perm\u00e9abilit\u00e9 \u00e0 l'eau<\/td>\n<td style=\"background-color: #fff; color: #000000; font-family: Arial, sans-serif; font-size: 14px; overflow: hidden; padding: 10px 5px; text-align: left; vertical-align: middle; word-break: normal; border: 1px solid black;\">Perm\u00e9abilit\u00e9 \u00e9lev\u00e9e<\/td>\n<\/tr>\n<tr>\n<td style=\"background-color: #fff; color: #000000; font-family: Arial, sans-serif; font-size: 14px; font-weight: bold; overflow: hidden; padding: 10px 5px; text-align: left; vertical-align: middle; word-break: normal; border: 1px solid black;\">Processus de fabrication<\/td>\n<td style=\"background-color: #fff; color: #000000; font-family: Arial, sans-serif; font-size: 14px; overflow: hidden; padding: 10px 5px; text-align: left; vertical-align: middle; word-break: normal; border: 1px solid black;\">Proc\u00e9d\u00e9 de non-tiss\u00e9 aiguillet\u00e9<\/td>\n<\/tr>\n<\/tbody>\n<\/table>\n<h2>Caract\u00e9ristiques<\/h2>\n<ul>\n<li>Haute r\u00e9sistance, gr\u00e2ce \u00e0 l'utilisation de fibres plastiques, il conserve une r\u00e9sistance et une \u00e9longation suffisantes \u00e0 la fois \u00e0 l'\u00e9tat sec et \u00e0 l'\u00e9tat humide.<\/li>\n<li>R\u00e9sistant \u00e0 la corrosion\uff0cCapable de r\u00e9sister \u00e0 la corrosion \u00e0 long terme dans les sols et l'eau avec des niveaux de pH variables.<\/li>\n<li>R\u00e9siste aux temp\u00e9ratures \u00e9lev\u00e9es et au gel, ainsi qu'au vieillissement.<\/li>\n<li>Excellente perm\u00e9abilit\u00e9 \u00e0 l'eau, les espaces entre les fibres assurent une bonne performance d'infiltration.<\/li>\n<li>R\u00e9sistant aux micro-organismes, insensible aux microbes et aux d\u00e9g\u00e2ts caus\u00e9s par les insectes.<\/li>\n<li>Construction facile, le mat\u00e9riau l\u00e9ger et flexible facilite le transport, la pose et la construction.<\/li>\n<\/ul>\n<h2>Fonction<\/h2>\n<ul>\n<li><strong>L'isolement<\/strong><strong>\uff1a<\/strong>S\u00e9pare les mat\u00e9riaux tels que terre\/sable ou terre\/b\u00e9ton, emp\u00eachant le m\u00e9lange et am\u00e9liorant la capacit\u00e9 de charge.<\/li>\n<li><strong>Filtration<\/strong><strong>\uff1a<\/strong>Laisse passer l'eau tout en bloquant les particules de terre\/sable, ce qui maintient les structures stables.<\/li>\n<li><strong>Drainage<\/strong><strong>\uff1a<\/strong>Cr\u00e9e des voies de drainage dans le sol pour \u00e9vacuer l'exc\u00e8s d'eau et de gaz.<\/li>\n<li><strong>Renforcement<\/strong><strong>\uff1a<\/strong>Renforce la r\u00e9sistance et la stabilit\u00e9 du sol, r\u00e9duit les d\u00e9formations.<\/li>\n<li><strong>Protection de l'environnement<\/strong><strong>\uff1a<\/strong>Prot\u00e8ge le sol de l'\u00e9rosion en r\u00e9partissant la pression de l'eau.<\/li>\n<\/ul>\n<h2>Objectif<\/h2>\n<p>Le g\u00e9otextile aiguillet\u00e9 \u00e0 fibres courtes est un mat\u00e9riau g\u00e9osynth\u00e9tique largement utilis\u00e9. Il est largement utilis\u00e9 dans divers projets d'ing\u00e9nierie tels que le renforcement de la plate-forme ferroviaire, l'entretien de la chauss\u00e9e des autoroutes, la protection des barrages, l'isolation des structures hydrauliques, les tunnels, les estrans c\u00f4tiers, la r\u00e9cup\u00e9ration des terres, la protection de l'environnement, les centrales \u00e9lectriques et les a\u00e9roports.<\/p>\n<ul>\n<li>Mat\u00e9riau de filtration pour la s\u00e9paration des couches de sol ;<\/li>\n<li>Mat\u00e9riau de drainage pour les r\u00e9servoirs, le traitement des minerais et les fondations des immeubles de grande hauteur ;<\/li>\n<li>Mat\u00e9riau de contr\u00f4le de l'\u00e9rosion pour les berges de rivi\u00e8res et la protection des pentes ;<\/li>\n<li>Mat\u00e9riau de renforcement pour les chemins de fer, les autoroutes et les pistes d'a\u00e9roport, ainsi que pour la construction de routes mar\u00e9cageuses ;<\/li>\n<li>Mat\u00e9riau d'isolation thermique pour la protection contre le gel et la cong\u00e9lation ;<\/li>\n<li>Mat\u00e9riau anti-fissuration pour les chauss\u00e9es en asphalte.<\/li>\n<\/ul>\n<h2>Sc\u00e9narios d'application<\/h2>\n<p><img loading=\"lazy\" decoding=\"async\" class=\"size-full wp-image-13604 aligncenter\" data-src=\"https:\/\/www.bsdnonwoven.com\/wp-content\/uploads\/2025\/04\/PET-Short-Fiber-Needle-Punched-Nonwoven-Geotextile-1.webp\" alt=\"G\u00e9otextile non tiss\u00e9 aiguillet\u00e9 en fibres courtes PET-1\" width=\"1500\" height=\"500\" srcset=\"https:\/\/www.bsdnonwoven.com\/wp-content\/uploads\/2025\/04\/PET-Short-Fiber-Needle-Punched-Nonwoven-Geotextile-1.webp 1500w, https:\/\/www.bsdnonwoven.com\/wp-content\/uploads\/2025\/04\/PET-Short-Fiber-Needle-Punched-Nonwoven-Geotextile-1-1280x427.webp 1280w, https:\/\/www.bsdnonwoven.com\/wp-content\/uploads\/2025\/04\/PET-Short-Fiber-Needle-Punched-Nonwoven-Geotextile-1-980x327.webp 980w, https:\/\/www.bsdnonwoven.com\/wp-content\/uploads\/2025\/04\/PET-Short-Fiber-Needle-Punched-Nonwoven-Geotextile-1-480x160.webp 480w\" sizes=\"(min-width: 0px) and (max-width: 480px) 480px, (min-width: 481px) and (max-width: 980px) 980px, (min-width: 981px) and (max-width: 1280px) 1280px, (min-width: 1281px) 1500px, 100vw\" \/><\/p>\n<p>&nbsp;<\/p>","protected":false},"excerpt":{"rendered":"<p>Le g\u00e9otextile non tiss\u00e9 aiguillet\u00e9 en fibres courtes PET est un mat\u00e9riau g\u00e9osynth\u00e9tique fabriqu\u00e9 \u00e0 partir de fibres discontinues de polyester par des proc\u00e9d\u00e9s tels que l'ouverture, le cardage, la formation de bandes et l'aiguilletage. Il offre une excellente r\u00e9sistance \u00e0 la traction, \u00e0 la d\u00e9chirure et \u00e0 la durabilit\u00e9. Ce mat\u00e9riau est largement utilis\u00e9 dans la construction d'infrastructures telles que les projets de conservation de l'eau, les autoroutes, les chemins de fer, les ports et les tunnels. Il remplit de multiples fonctions, notamment le renforcement, la s\u00e9paration, le drainage, la filtration et la protection. Le produit pr\u00e9sente une grande perm\u00e9abilit\u00e9 \u00e0 l'eau et une r\u00e9sistance exceptionnelle aux produits chimiques, ce qui garantit des performances \u00e0 long terme, m\u00eame dans des environnements difficiles.<\/p>","protected":false},"featured_media":13007,"template":"","meta":{"_et_pb_use_builder":"","_et_pb_old_content":"","_et_gb_content_width":""},"product_cat":[312],"product_tag":[],"yoast_head":"<!-- This site is optimized with the Yoast SEO plugin v22.7 - https:\/\/yoast.com\/wordpress\/plugins\/seo\/ -->\n<title>PET Short Fiber Needle Punched Nonwoven Geotextile - Boshida Nonwoven<\/title>\n<meta name=\"description\" content=\"PET Short Fiber Needle Punched Nonwoven Geotextile , we provide Geosynthetic Needle-Punched Non-woven Fabric, Household needle punched non-woven fabric, Automotive Non-woven Fabric with good price.\" \/>\n<meta name=\"robots\" content=\"index, follow, max-snippet:-1, max-image-preview:large, max-video-preview:-1\" \/>\n<link rel=\"canonical\" href=\"https:\/\/www.bsdnonwoven.com\/fr\/produit\/pet-short-fiber-needle-punched-nonwoven-geotextile\/\" \/>\n<meta property=\"og:locale\" content=\"fr_FR\" \/>\n<meta property=\"og:type\" content=\"article\" \/>\n<meta property=\"og:title\" content=\"PET Short Fiber Needle Punched Nonwoven Geotextile - Boshida Nonwoven\" \/>\n<meta property=\"og:description\" content=\"PET Short Fiber Needle Punched Nonwoven Geotextile , we provide Geosynthetic Needle-Punched Non-woven Fabric, Household needle punched non-woven fabric, Automotive Non-woven Fabric with good price.\" \/>\n<meta property=\"og:url\" content=\"https:\/\/www.bsdnonwoven.com\/fr\/produit\/pet-short-fiber-needle-punched-nonwoven-geotextile\/\" \/>\n<meta property=\"og:site_name\" content=\"Boshida Nonwoven\" \/>\n<meta property=\"article:modified_time\" content=\"2025-06-26T08:22:50+00:00\" \/>\n<meta property=\"og:image\" content=\"https:\/\/www.bsdnonwoven.com\/wp-content\/uploads\/2025\/05\/PET-Short-Fiber-Needle-Punched-Nonwoven-Geotextile1-1.webp\" \/>\n\t<meta property=\"og:image:width\" content=\"800\" \/>\n\t<meta property=\"og:image:height\" content=\"800\" \/>\n\t<meta property=\"og:image:type\" content=\"image\/webp\" \/>\n<meta name=\"twitter:card\" content=\"summary_large_image\" \/>\n<meta name=\"twitter:label1\" content=\"Dur\u00e9e de lecture estim\u00e9e\" \/>\n\t<meta name=\"twitter:data1\" content=\"2 minutes\" \/>\n<script type=\"application\/ld+json\" class=\"yoast-schema-graph\">{\"@context\":\"https:\/\/schema.org\",\"@graph\":[{\"@type\":\"WebPage\",\"@id\":\"https:\/\/www.bsdnonwoven.com\/product\/pet-short-fiber-needle-punched-nonwoven-geotextile\/\",\"url\":\"https:\/\/www.bsdnonwoven.com\/product\/pet-short-fiber-needle-punched-nonwoven-geotextile\/\",\"name\":\"PET Short Fiber Needle Punched Nonwoven Geotextile - Boshida Nonwoven\",\"isPartOf\":{\"@id\":\"https:\/\/www.bsdnonwoven.com\/#website\"},\"primaryImageOfPage\":{\"@id\":\"https:\/\/www.bsdnonwoven.com\/product\/pet-short-fiber-needle-punched-nonwoven-geotextile\/#primaryimage\"},\"image\":{\"@id\":\"https:\/\/www.bsdnonwoven.com\/product\/pet-short-fiber-needle-punched-nonwoven-geotextile\/#primaryimage\"},\"thumbnailUrl\":\"https:\/\/www.bsdnonwoven.com\/wp-content\/uploads\/2025\/05\/PET-Short-Fiber-Needle-Punched-Nonwoven-Geotextile1-1.webp\",\"datePublished\":\"2025-04-10T03:08:13+00:00\",\"dateModified\":\"2025-06-26T08:22:50+00:00\",\"description\":\"PET Short Fiber Needle Punched Nonwoven Geotextile , we provide Geosynthetic Needle-Punched Non-woven Fabric, Household needle punched non-woven fabric, Automotive Non-woven Fabric with good price.\",\"breadcrumb\":{\"@id\":\"https:\/\/www.bsdnonwoven.com\/product\/pet-short-fiber-needle-punched-nonwoven-geotextile\/#breadcrumb\"},\"inLanguage\":\"fr-FR\",\"potentialAction\":[{\"@type\":\"ReadAction\",\"target\":[\"https:\/\/www.bsdnonwoven.com\/product\/pet-short-fiber-needle-punched-nonwoven-geotextile\/\"]}]},{\"@type\":\"ImageObject\",\"inLanguage\":\"fr-FR\",\"@id\":\"https:\/\/www.bsdnonwoven.com\/product\/pet-short-fiber-needle-punched-nonwoven-geotextile\/#primaryimage\",\"url\":\"https:\/\/www.bsdnonwoven.com\/wp-content\/uploads\/2025\/05\/PET-Short-Fiber-Needle-Punched-Nonwoven-Geotextile1-1.webp\",\"contentUrl\":\"https:\/\/www.bsdnonwoven.com\/wp-content\/uploads\/2025\/05\/PET-Short-Fiber-Needle-Punched-Nonwoven-Geotextile1-1.webp\",\"width\":800,\"height\":800,\"caption\":\"PET Short Fiber Needle Punched Nonwoven Geotextile\"},{\"@type\":\"BreadcrumbList\",\"@id\":\"https:\/\/www.bsdnonwoven.com\/product\/pet-short-fiber-needle-punched-nonwoven-geotextile\/#breadcrumb\",\"itemListElement\":[{\"@type\":\"ListItem\",\"position\":1,\"name\":\"Home\",\"item\":\"https:\/\/www.bsdnonwoven.com\/\"},{\"@type\":\"ListItem\",\"position\":2,\"name\":\"Products\",\"item\":\"https:\/\/www.bsdnonwoven.com\/shop\/\"},{\"@type\":\"ListItem\",\"position\":3,\"name\":\"PET Short Fiber Needle Punched Nonwoven Geotextile\"}]},{\"@type\":\"WebSite\",\"@id\":\"https:\/\/www.bsdnonwoven.com\/#website\",\"url\":\"https:\/\/www.bsdnonwoven.com\/\",\"name\":\"Boshida Nonwoven\",\"description\":\"\",\"potentialAction\":[{\"@type\":\"SearchAction\",\"target\":{\"@type\":\"EntryPoint\",\"urlTemplate\":\"https:\/\/www.bsdnonwoven.com\/?s={search_term_string}\"},\"query-input\":\"required name=search_term_string\"}],\"inLanguage\":\"fr-FR\"}]}<\/script>\n<!-- \/ Yoast SEO plugin. -->","yoast_head_json":{"title":"PET Short Fiber Needle Punched Nonwoven Geotextile - Boshida Nonwoven","description":"PET Short Fiber Needle Punched Nonwoven Geotextile , we provide Geosynthetic Needle-Punched Non-woven Fabric, Household needle punched non-woven fabric, Automotive Non-woven Fabric with good price.","robots":{"index":"index","follow":"follow","max-snippet":"max-snippet:-1","max-image-preview":"max-image-preview:large","max-video-preview":"max-video-preview:-1"},"canonical":"https:\/\/www.bsdnonwoven.com\/fr\/produit\/pet-short-fiber-needle-punched-nonwoven-geotextile\/","og_locale":"fr_FR","og_type":"article","og_title":"PET Short Fiber Needle Punched Nonwoven Geotextile - Boshida Nonwoven","og_description":"PET Short Fiber Needle Punched Nonwoven Geotextile , we provide Geosynthetic Needle-Punched Non-woven Fabric, Household needle punched non-woven fabric, Automotive Non-woven Fabric with good price.","og_url":"https:\/\/www.bsdnonwoven.com\/fr\/produit\/pet-short-fiber-needle-punched-nonwoven-geotextile\/","og_site_name":"Boshida Nonwoven","article_modified_time":"2025-06-26T08:22:50+00:00","og_image":[{"width":800,"height":800,"url":"https:\/\/www.bsdnonwoven.com\/wp-content\/uploads\/2025\/05\/PET-Short-Fiber-Needle-Punched-Nonwoven-Geotextile1-1.webp","type":"image\/webp"}],"twitter_card":"summary_large_image","twitter_misc":{"Dur\u00e9e de lecture estim\u00e9e":"2 minutes"},"schema":{"@context":"https:\/\/schema.org","@graph":[{"@type":"WebPage","@id":"https:\/\/www.bsdnonwoven.com\/product\/pet-short-fiber-needle-punched-nonwoven-geotextile\/","url":"https:\/\/www.bsdnonwoven.com\/product\/pet-short-fiber-needle-punched-nonwoven-geotextile\/","name":"PET Short Fiber Needle Punched Nonwoven Geotextile - Boshida Nonwoven","isPartOf":{"@id":"https:\/\/www.bsdnonwoven.com\/#website"},"primaryImageOfPage":{"@id":"https:\/\/www.bsdnonwoven.com\/product\/pet-short-fiber-needle-punched-nonwoven-geotextile\/#primaryimage"},"image":{"@id":"https:\/\/www.bsdnonwoven.com\/product\/pet-short-fiber-needle-punched-nonwoven-geotextile\/#primaryimage"},"thumbnailUrl":"https:\/\/www.bsdnonwoven.com\/wp-content\/uploads\/2025\/05\/PET-Short-Fiber-Needle-Punched-Nonwoven-Geotextile1-1.webp","datePublished":"2025-04-10T03:08:13+00:00","dateModified":"2025-06-26T08:22:50+00:00","description":"PET Short Fiber Needle Punched Nonwoven Geotextile , we provide Geosynthetic Needle-Punched Non-woven Fabric, Household needle punched non-woven fabric, Automotive Non-woven Fabric with good price.","breadcrumb":{"@id":"https:\/\/www.bsdnonwoven.com\/product\/pet-short-fiber-needle-punched-nonwoven-geotextile\/#breadcrumb"},"inLanguage":"fr-FR","potentialAction":[{"@type":"ReadAction","target":["https:\/\/www.bsdnonwoven.com\/product\/pet-short-fiber-needle-punched-nonwoven-geotextile\/"]}]},{"@type":"ImageObject","inLanguage":"fr-FR","@id":"https:\/\/www.bsdnonwoven.com\/product\/pet-short-fiber-needle-punched-nonwoven-geotextile\/#primaryimage","url":"https:\/\/www.bsdnonwoven.com\/wp-content\/uploads\/2025\/05\/PET-Short-Fiber-Needle-Punched-Nonwoven-Geotextile1-1.webp","contentUrl":"https:\/\/www.bsdnonwoven.com\/wp-content\/uploads\/2025\/05\/PET-Short-Fiber-Needle-Punched-Nonwoven-Geotextile1-1.webp","width":800,"height":800,"caption":"PET Short Fiber Needle Punched Nonwoven Geotextile"},{"@type":"BreadcrumbList","@id":"https:\/\/www.bsdnonwoven.com\/product\/pet-short-fiber-needle-punched-nonwoven-geotextile\/#breadcrumb","itemListElement":[{"@type":"ListItem","position":1,"name":"Home","item":"https:\/\/www.bsdnonwoven.com\/"},{"@type":"ListItem","position":2,"name":"Products","item":"https:\/\/www.bsdnonwoven.com\/shop\/"},{"@type":"ListItem","position":3,"name":"PET Short Fiber Needle Punched Nonwoven Geotextile"}]},{"@type":"WebSite","@id":"https:\/\/www.bsdnonwoven.com\/#website","url":"https:\/\/www.bsdnonwoven.com\/","name":"Boshida Nonwoven","description":"","potentialAction":[{"@type":"SearchAction","target":{"@type":"EntryPoint","urlTemplate":"https:\/\/www.bsdnonwoven.com\/?s={search_term_string}"},"query-input":"required name=search_term_string"}],"inLanguage":"fr-FR"}]}},"_links":{"self":[{"href":"https:\/\/www.bsdnonwoven.com\/fr\/wp-json\/wp\/v2\/product\/12994"}],"collection":[{"href":"https:\/\/www.bsdnonwoven.com\/fr\/wp-json\/wp\/v2\/product"}],"about":[{"href":"https:\/\/www.bsdnonwoven.com\/fr\/wp-json\/wp\/v2\/types\/product"}],"wp:featuredmedia":[{"embeddable":true,"href":"https:\/\/www.bsdnonwoven.com\/fr\/wp-json\/wp\/v2\/media\/13007"}],"wp:attachment":[{"href":"https:\/\/www.bsdnonwoven.com\/fr\/wp-json\/wp\/v2\/media?parent=12994"}],"wp:term":[{"taxonomy":"product_cat","embeddable":true,"href":"https:\/\/www.bsdnonwoven.com\/fr\/wp-json\/wp\/v2\/product_cat?post=12994"},{"taxonomy":"product_tag","embeddable":true,"href":"https:\/\/www.bsdnonwoven.com\/fr\/wp-json\/wp\/v2\/product_tag?post=12994"}],"curies":[{"name":"wp","href":"https:\/\/api.w.org\/{rel}","templated":true}]}}