{"id":13024,"date":"2025-05-21T07:03:01","date_gmt":"2025-05-21T07:03:01","guid":{"rendered":"https:\/\/www.bsdnonwoven.com\/?post_type=product&#038;p=13024"},"modified":"2025-06-26T08:22:13","modified_gmt":"2025-06-26T08:22:13","slug":"needle-punched-geotextile-for-landfill-2","status":"publish","type":"product","link":"https:\/\/www.bsdnonwoven.com\/fr\/produit\/needle-punched-geotextile-for-landfill-2\/","title":{"rendered":"G\u00e9otextile aiguillet\u00e9 pour d\u00e9charge"},"content":{"rendered":"<h2>Description du produit<\/h2>\n<p>Le pr\u00e9sent <a href=\"https:\/\/www.bsdnonwoven.com\/product\/needle-punched-geotextile-for-landfill-2\/\"><strong>G\u00e9otextile aiguillet\u00e9 pour l'ing\u00e9nierie des d\u00e9charges<\/strong><\/a> est fabriqu\u00e9 \u00e0 partir de fibres PET\/PP gr\u00e2ce \u00e0 une technologie avanc\u00e9e d'aiguilletage, ce qui lui conf\u00e8re une r\u00e9sistance m\u00e9canique, une r\u00e9sistance au vieillissement et une stabilit\u00e9 chimique \u00e9lev\u00e9es. Con\u00e7u comme couche de protection pour les g\u00e9omembranes, il r\u00e9siste efficacement \u00e0 la perforation par le gravier ou les mat\u00e9riaux de remplissage tranchants tout en am\u00e9liorant l'int\u00e9grit\u00e9 structurelle de la d\u00e9charge gr\u00e2ce \u00e0 des fonctions int\u00e9gr\u00e9es de filtration, de drainage, de s\u00e9paration et de renforcement. Gr\u00e2ce \u00e0 sa perm\u00e9abilit\u00e9 optimis\u00e9e et \u00e0 ses propri\u00e9t\u00e9s anti-colmatage, il assure un drainage efficace et la r\u00e9tention des particules fines. Adapt\u00e9 aux conditions s\u00e8ches et humides, il constitue une solution durable pour les rev\u00eatements de d\u00e9charge et les syst\u00e8mes de confinement environnemental.<\/p>\n<h2>Principales sp\u00e9cifications<\/h2>\n<table class=\"tg\" style=\"border-collapse: collapse; border-spacing: 0;\">\n<thead>\n<tr>\n<th style=\"font-family: Arial, sans-serif; font-size: 14px; font-weight: bold; overflow: hidden; padding: 10px 5px; text-align: center; vertical-align: middle; word-break: normal; border: 1px solid black;\">Param\u00e8tres<\/th>\n<th style=\"font-family: Arial, sans-serif; font-size: 14px; font-weight: bold; overflow: hidden; padding: 10px 5px; text-align: center; vertical-align: middle; word-break: normal; border: 1px solid black;\">Description des sp\u00e9cifications<\/th>\n<\/tr>\n<\/thead>\n<tbody>\n<tr>\n<td style=\"font-family: Arial, sans-serif; font-size: 14px; overflow: hidden; padding: 10px 5px; text-align: left; vertical-align: middle; word-break: normal; border: 1px solid black;\">Mat\u00e9riau<\/td>\n<td style=\"font-family: Arial, sans-serif; font-size: 14px; overflow: hidden; padding: 10px 5px; text-align: left; vertical-align: middle; word-break: normal; border: 1px solid black;\">Polyester \u00e0 filament continu (PET) ou polypropyl\u00e8ne (PP)<\/td>\n<\/tr>\n<tr>\n<td style=\"font-family: Arial, sans-serif; font-size: 14px; overflow: hidden; padding: 10px 5px; text-align: left; vertical-align: middle; word-break: normal; border: 1px solid black;\">Poids<\/td>\n<td style=\"font-family: Arial, sans-serif; font-size: 14px; overflow: hidden; padding: 10px 5px; text-align: left; vertical-align: middle; word-break: normal; border: 1px solid black;\">100g\/m<sup>2<\/sup>-800g\/m<sup>2<\/sup><\/td>\n<\/tr>\n<tr>\n<td style=\"font-family: Arial, sans-serif; font-size: 14px; overflow: hidden; padding: 10px 5px; text-align: left; vertical-align: middle; word-break: normal; border: 1px solid black;\">\u00c9paisseur<\/td>\n<td style=\"font-family: Arial, sans-serif; font-size: 14px; overflow: hidden; padding: 10px 5px; text-align: left; vertical-align: middle; word-break: normal; border: 1px solid black;\">0,8-5 mm<\/td>\n<\/tr>\n<tr>\n<td style=\"font-family: Arial, sans-serif; font-size: 14px; overflow: hidden; padding: 10px 5px; text-align: left; vertical-align: middle; word-break: normal; border: 1px solid black;\">Largeur<\/td>\n<td style=\"font-family: Arial, sans-serif; font-size: 14px; overflow: hidden; padding: 10px 5px; text-align: left; vertical-align: middle; word-break: normal; border: 1px solid black;\">1-7 m\u00e8tres (personnalisable)<\/td>\n<\/tr>\n<tr>\n<td style=\"font-family: Arial, sans-serif; font-size: 14px; overflow: hidden; padding: 10px 5px; text-align: left; vertical-align: middle; word-break: normal; border: 1px solid black;\">Longueur du rouleau<\/td>\n<td style=\"font-family: Arial, sans-serif; font-size: 14px; overflow: hidden; padding: 10px 5px; text-align: left; vertical-align: middle; word-break: normal; border: 1px solid black;\">50-200 m\u00e8tres\/rouleau (personnalisable)<\/td>\n<\/tr>\n<tr>\n<td style=\"font-family: Arial, sans-serif; font-size: 14px; overflow: hidden; padding: 10px 5px; text-align: left; vertical-align: middle; word-break: normal; border: 1px solid black;\">Couleur<\/td>\n<td style=\"font-family: Arial, sans-serif; font-size: 14px; overflow: hidden; padding: 10px 5px; text-align: left; vertical-align: middle; word-break: normal; border: 1px solid black;\">Blanc, noir, gris (personnalisable)<\/td>\n<\/tr>\n<tr>\n<td style=\"font-family: Arial, sans-serif; font-size: 14px; overflow: hidden; padding: 10px 5px; text-align: left; vertical-align: middle; word-break: normal; border: 1px solid black;\">R\u00e9sistance \u00e0 la traction<\/td>\n<td style=\"font-family: Arial, sans-serif; font-size: 14px; overflow: hidden; padding: 10px 5px; text-align: left; vertical-align: middle; word-break: normal; border: 1px solid black;\">\u2265 8 kN\/m (varie en fonction du poids)<\/td>\n<\/tr>\n<tr>\n<td style=\"font-family: Arial, sans-serif; font-size: 14px; overflow: hidden; padding: 10px 5px; text-align: left; vertical-align: middle; word-break: normal; border: 1px solid black;\">\u00c9longation<\/td>\n<td style=\"font-family: Arial, sans-serif; font-size: 14px; overflow: hidden; padding: 10px 5px; text-align: left; vertical-align: middle; word-break: normal; border: 1px solid black;\">\u2265 25%<\/td>\n<\/tr>\n<tr>\n<td style=\"font-family: Arial, sans-serif; font-size: 14px; overflow: hidden; padding: 10px 5px; text-align: left; vertical-align: middle; word-break: normal; border: 1px solid black;\">R\u00e9sistance \u00e0 la d\u00e9chirure<\/td>\n<td style=\"font-family: Arial, sans-serif; font-size: 14px; overflow: hidden; padding: 10px 5px; text-align: left; vertical-align: middle; word-break: normal; border: 1px solid black;\">\u2265 200 N<\/td>\n<\/tr>\n<tr>\n<td style=\"font-family: Arial, sans-serif; font-size: 14px; overflow: hidden; padding: 10px 5px; text-align: left; vertical-align: middle; word-break: normal; border: 1px solid black;\">R\u00e9sistance chimique<\/td>\n<td style=\"font-family: Arial, sans-serif; font-size: 14px; overflow: hidden; padding: 10px 5px; text-align: left; vertical-align: middle; word-break: normal; border: 1px solid black;\">Excellente r\u00e9sistance aux acides et aux bases<\/td>\n<\/tr>\n<tr>\n<td style=\"font-family: Arial, sans-serif; font-size: 14px; overflow: hidden; padding: 10px 5px; text-align: left; vertical-align: middle; word-break: normal; border: 1px solid black;\">Coefficient de perm\u00e9abilit\u00e9<\/td>\n<td style=\"font-family: Arial, sans-serif; font-size: 14px; overflow: hidden; padding: 10px 5px; text-align: left; vertical-align: middle; word-break: normal; border: 1px solid black;\">10-\u00b9-10-\u00b3 cm\/s<\/td>\n<\/tr>\n<tr>\n<td style=\"font-family: Arial, sans-serif; font-size: 14px; overflow: hidden; padding: 10px 5px; text-align: left; vertical-align: middle; word-break: normal; border: 1px solid black;\">Temp\u00e9rature de fonctionnement<\/td>\n<td style=\"font-family: Arial, sans-serif; font-size: 14px; overflow: hidden; padding: 10px 5px; text-align: left; vertical-align: middle; word-break: normal; border: 1px solid black;\">-40\u2103 \u00e0 +120\u2103<\/td>\n<\/tr>\n<\/tbody>\n<\/table>\n<h2>Caract\u00e9ristiques<\/h2>\n<p><strong>Grande durabilit\u00e9 :<\/strong> Fabriqu\u00e9s \u00e0 partir de mat\u00e9riaux de premi\u00e8re qualit\u00e9, les g\u00e9otextiles pr\u00e9sentent une excellente durabilit\u00e9 et une r\u00e9sistance au vieillissement, ce qui garantit la stabilit\u00e9 des performances \u00e0 long terme.<\/p>\n<p><strong>Installation facile :<\/strong> D'une flexibilit\u00e9 et d'une adaptabilit\u00e9 sup\u00e9rieures, ils peuvent \u00eatre facilement coup\u00e9s et \u00e9piss\u00e9s pour r\u00e9pondre aux exigences de terrains complexes.<\/p>\n<p><strong>Rentabilit\u00e9 :<\/strong> Par rapport aux mat\u00e9riaux imperm\u00e9ables traditionnels, les g\u00e9otextiles sont plus \u00e9conomiques, ce qui permet de r\u00e9duire consid\u00e9rablement les co\u00fbts de construction des routes.<\/p>\n<h2>Fonction<\/h2>\n<ul>\n<li><strong>Filtration : <\/strong>Ils emp\u00eachent efficacement les particules de sol de se m\u00e9langer aux liquides, ce qui maintient la stabilit\u00e9 du sol. Dans les d\u00e9charges, les g\u00e9otextiles contr\u00f4lent l'\u00e9coulement des lixiviats et minimisent la perte de particules fines.<\/li>\n<li><strong>Drainage : <\/strong>Fournit des canaux de drainage efficaces pour les lixiviats, r\u00e9duisant ainsi l'accumulation d'humidit\u00e9 dans le corps de la d\u00e9charge. Cela permet de r\u00e9duire le taux d'humidit\u00e9 global et de prolonger la dur\u00e9e de vie de la d\u00e9charge.<\/li>\n<li><strong>S\u00e9paration : <\/strong>Ils constituent une barri\u00e8re fiable entre les diff\u00e9rentes couches de mat\u00e9riaux, emp\u00eachant toute contamination crois\u00e9e. Dans la construction de d\u00e9charges, les g\u00e9otextiles isolent les d\u00e9chets du sol environnant, minimisant ainsi l'interaction avec l'environnement.<\/li>\n<\/ul>\n<h2>Objectif<\/h2>\n<p>Dans la construction et l'exploitation des d\u00e9charges, les g\u00e9otextiles sont principalement utilis\u00e9s dans les domaines suivants :<\/p>\n<p>(1) Protection de la couche de fond : Install\u00e9e \u00e0 la base de la d\u00e9charge pour emp\u00eacher les lixiviats de s'infiltrer dans les eaux souterraines, afin de pr\u00e9server les ressources en eau.<\/p>\n<p>(2) Renforcement des parois lat\u00e9rales : Am\u00e9liore la stabilit\u00e9 des pentes en emp\u00eachant le glissement ou l'effondrement du sol sous l'effet du poids des d\u00e9chets.<\/p>\n<p>(3) Gestion des lixiviats : Diriger le flux des lixiviats \u00e0 l'int\u00e9rieur de la d\u00e9charge pour assurer un drainage ad\u00e9quat et \u00e9viter les probl\u00e8mes environnementaux li\u00e9s \u00e0 l'accumulation de liquides.<\/p>\n<h2>Sc\u00e9narios d'application<\/h2>\n<p><img loading=\"lazy\" decoding=\"async\" class=\"size-full wp-image-13596 aligncenter\" data-src=\"https:\/\/www.bsdnonwoven.com\/wp-content\/uploads\/2025\/05\/Needle-punched-geotextile-for-landfill-6.webp\" alt=\"G\u00e9otextile aiguillet\u00e9 pour d\u00e9charge\" width=\"1500\" height=\"500\" srcset=\"https:\/\/www.bsdnonwoven.com\/wp-content\/uploads\/2025\/05\/Needle-punched-geotextile-for-landfill-6.webp 1500w, https:\/\/www.bsdnonwoven.com\/wp-content\/uploads\/2025\/05\/Needle-punched-geotextile-for-landfill-6-1280x427.webp 1280w, https:\/\/www.bsdnonwoven.com\/wp-content\/uploads\/2025\/05\/Needle-punched-geotextile-for-landfill-6-980x327.webp 980w, https:\/\/www.bsdnonwoven.com\/wp-content\/uploads\/2025\/05\/Needle-punched-geotextile-for-landfill-6-480x160.webp 480w\" sizes=\"(min-width: 0px) and (max-width: 480px) 480px, (min-width: 481px) and (max-width: 980px) 980px, (min-width: 981px) and (max-width: 1280px) 1280px, (min-width: 1281px) 1500px, 100vw\" \/><\/p>","protected":false},"excerpt":{"rendered":"<p>Ce syst\u00e8me d'aiguilletage sp\u00e9cifique aux d\u00e9charges <a href=\"https:\/\/www.bsdnonwoven.com\/category\/geotextile\/\"><strong>g\u00e9otextile<\/strong><\/a> est fabriqu\u00e9 \u00e0 partir de fibres PET\/PP gr\u00e2ce \u00e0 une technologie avanc\u00e9e d'aiguilletage, ce qui lui conf\u00e8re une r\u00e9sistance m\u00e9canique, une r\u00e9sistance au vieillissement et une stabilit\u00e9 chimique \u00e9lev\u00e9es. Con\u00e7u comme couche de protection pour les g\u00e9omembranes, il r\u00e9siste efficacement \u00e0 la perforation par le gravier ou les mat\u00e9riaux de remplissage tranchants tout en am\u00e9liorant l'int\u00e9grit\u00e9 structurelle de la d\u00e9charge gr\u00e2ce \u00e0 des fonctions int\u00e9gr\u00e9es de filtration, de drainage, de s\u00e9paration et de renforcement. Gr\u00e2ce \u00e0 sa perm\u00e9abilit\u00e9 optimis\u00e9e et \u00e0 ses propri\u00e9t\u00e9s anti-colmatage, il assure un drainage efficace et la r\u00e9tention des particules fines. Adapt\u00e9 aux conditions s\u00e8ches et humides, il constitue une solution durable pour les rev\u00eatements de d\u00e9charge et les syst\u00e8mes de confinement environnemental.<\/p>","protected":false},"featured_media":13029,"template":"","meta":{"_et_pb_use_builder":"","_et_pb_old_content":"","_et_gb_content_width":""},"product_cat":[312],"product_tag":[316],"yoast_head":"<!-- This site is optimized with the Yoast SEO plugin v22.7 - https:\/\/yoast.com\/wordpress\/plugins\/seo\/ -->\n<title>Needle-punched geotextile for landfill - Boshida Nonwoven<\/title>\n<meta name=\"description\" content=\"Needle-punched geotextile for landfill , we provide Geosynthetic Needle-Punched Non-woven Fabric, Household needle punched non-woven fabric, Automotive Non-woven Fabric with good price.\" \/>\n<meta name=\"robots\" content=\"index, follow, max-snippet:-1, max-image-preview:large, max-video-preview:-1\" \/>\n<link rel=\"canonical\" href=\"https:\/\/www.bsdnonwoven.com\/fr\/produit\/needle-punched-geotextile-for-landfill-2\/\" \/>\n<meta property=\"og:locale\" content=\"fr_FR\" \/>\n<meta property=\"og:type\" content=\"article\" \/>\n<meta property=\"og:title\" content=\"Needle-punched geotextile for landfill - Boshida Nonwoven\" \/>\n<meta property=\"og:description\" content=\"Needle-punched geotextile for landfill , we provide Geosynthetic Needle-Punched Non-woven Fabric, Household needle punched non-woven fabric, Automotive Non-woven Fabric with good price.\" \/>\n<meta property=\"og:url\" content=\"https:\/\/www.bsdnonwoven.com\/fr\/produit\/needle-punched-geotextile-for-landfill-2\/\" \/>\n<meta property=\"og:site_name\" content=\"Boshida Nonwoven\" \/>\n<meta property=\"article:modified_time\" content=\"2025-06-26T08:22:13+00:00\" \/>\n<meta property=\"og:image\" content=\"https:\/\/www.bsdnonwoven.com\/wp-content\/uploads\/2025\/05\/Needle-punched-geotextile-for-landfill-1.webp\" \/>\n\t<meta property=\"og:image:width\" content=\"800\" \/>\n\t<meta property=\"og:image:height\" content=\"800\" \/>\n\t<meta property=\"og:image:type\" content=\"image\/webp\" \/>\n<meta name=\"twitter:card\" content=\"summary_large_image\" \/>\n<meta name=\"twitter:label1\" content=\"Dur\u00e9e de lecture estim\u00e9e\" \/>\n\t<meta name=\"twitter:data1\" content=\"2 minutes\" \/>\n<script type=\"application\/ld+json\" class=\"yoast-schema-graph\">{\"@context\":\"https:\/\/schema.org\",\"@graph\":[{\"@type\":\"WebPage\",\"@id\":\"https:\/\/www.bsdnonwoven.com\/product\/needle-punched-geotextile-for-landfill-2\/\",\"url\":\"https:\/\/www.bsdnonwoven.com\/product\/needle-punched-geotextile-for-landfill-2\/\",\"name\":\"Needle-punched geotextile for landfill - Boshida Nonwoven\",\"isPartOf\":{\"@id\":\"https:\/\/www.bsdnonwoven.com\/#website\"},\"primaryImageOfPage\":{\"@id\":\"https:\/\/www.bsdnonwoven.com\/product\/needle-punched-geotextile-for-landfill-2\/#primaryimage\"},\"image\":{\"@id\":\"https:\/\/www.bsdnonwoven.com\/product\/needle-punched-geotextile-for-landfill-2\/#primaryimage\"},\"thumbnailUrl\":\"https:\/\/www.bsdnonwoven.com\/wp-content\/uploads\/2025\/05\/Needle-punched-geotextile-for-landfill-1.webp\",\"datePublished\":\"2025-05-21T07:03:01+00:00\",\"dateModified\":\"2025-06-26T08:22:13+00:00\",\"description\":\"Needle-punched geotextile for landfill , we provide Geosynthetic Needle-Punched Non-woven Fabric, Household needle punched non-woven fabric, Automotive Non-woven Fabric with good price.\",\"breadcrumb\":{\"@id\":\"https:\/\/www.bsdnonwoven.com\/product\/needle-punched-geotextile-for-landfill-2\/#breadcrumb\"},\"inLanguage\":\"fr-FR\",\"potentialAction\":[{\"@type\":\"ReadAction\",\"target\":[\"https:\/\/www.bsdnonwoven.com\/product\/needle-punched-geotextile-for-landfill-2\/\"]}]},{\"@type\":\"ImageObject\",\"inLanguage\":\"fr-FR\",\"@id\":\"https:\/\/www.bsdnonwoven.com\/product\/needle-punched-geotextile-for-landfill-2\/#primaryimage\",\"url\":\"https:\/\/www.bsdnonwoven.com\/wp-content\/uploads\/2025\/05\/Needle-punched-geotextile-for-landfill-1.webp\",\"contentUrl\":\"https:\/\/www.bsdnonwoven.com\/wp-content\/uploads\/2025\/05\/Needle-punched-geotextile-for-landfill-1.webp\",\"width\":800,\"height\":800,\"caption\":\"Needle-punched geotextile for landfill\"},{\"@type\":\"BreadcrumbList\",\"@id\":\"https:\/\/www.bsdnonwoven.com\/product\/needle-punched-geotextile-for-landfill-2\/#breadcrumb\",\"itemListElement\":[{\"@type\":\"ListItem\",\"position\":1,\"name\":\"Home\",\"item\":\"https:\/\/www.bsdnonwoven.com\/\"},{\"@type\":\"ListItem\",\"position\":2,\"name\":\"Products\",\"item\":\"https:\/\/www.bsdnonwoven.com\/shop\/\"},{\"@type\":\"ListItem\",\"position\":3,\"name\":\"Needle-punched geotextile for landfill\"}]},{\"@type\":\"WebSite\",\"@id\":\"https:\/\/www.bsdnonwoven.com\/#website\",\"url\":\"https:\/\/www.bsdnonwoven.com\/\",\"name\":\"Boshida Nonwoven\",\"description\":\"\",\"potentialAction\":[{\"@type\":\"SearchAction\",\"target\":{\"@type\":\"EntryPoint\",\"urlTemplate\":\"https:\/\/www.bsdnonwoven.com\/?s={search_term_string}\"},\"query-input\":\"required name=search_term_string\"}],\"inLanguage\":\"fr-FR\"}]}<\/script>\n<!-- \/ Yoast SEO plugin. -->","yoast_head_json":{"title":"Needle-punched geotextile for landfill - Boshida Nonwoven","description":"Needle-punched geotextile for landfill , we provide Geosynthetic Needle-Punched Non-woven Fabric, Household needle punched non-woven fabric, Automotive Non-woven Fabric with good price.","robots":{"index":"index","follow":"follow","max-snippet":"max-snippet:-1","max-image-preview":"max-image-preview:large","max-video-preview":"max-video-preview:-1"},"canonical":"https:\/\/www.bsdnonwoven.com\/fr\/produit\/needle-punched-geotextile-for-landfill-2\/","og_locale":"fr_FR","og_type":"article","og_title":"Needle-punched geotextile for landfill - Boshida Nonwoven","og_description":"Needle-punched geotextile for landfill , we provide Geosynthetic Needle-Punched Non-woven Fabric, Household needle punched non-woven fabric, Automotive Non-woven Fabric with good price.","og_url":"https:\/\/www.bsdnonwoven.com\/fr\/produit\/needle-punched-geotextile-for-landfill-2\/","og_site_name":"Boshida Nonwoven","article_modified_time":"2025-06-26T08:22:13+00:00","og_image":[{"width":800,"height":800,"url":"https:\/\/www.bsdnonwoven.com\/wp-content\/uploads\/2025\/05\/Needle-punched-geotextile-for-landfill-1.webp","type":"image\/webp"}],"twitter_card":"summary_large_image","twitter_misc":{"Dur\u00e9e de lecture estim\u00e9e":"2 minutes"},"schema":{"@context":"https:\/\/schema.org","@graph":[{"@type":"WebPage","@id":"https:\/\/www.bsdnonwoven.com\/product\/needle-punched-geotextile-for-landfill-2\/","url":"https:\/\/www.bsdnonwoven.com\/product\/needle-punched-geotextile-for-landfill-2\/","name":"Needle-punched geotextile for landfill - Boshida Nonwoven","isPartOf":{"@id":"https:\/\/www.bsdnonwoven.com\/#website"},"primaryImageOfPage":{"@id":"https:\/\/www.bsdnonwoven.com\/product\/needle-punched-geotextile-for-landfill-2\/#primaryimage"},"image":{"@id":"https:\/\/www.bsdnonwoven.com\/product\/needle-punched-geotextile-for-landfill-2\/#primaryimage"},"thumbnailUrl":"https:\/\/www.bsdnonwoven.com\/wp-content\/uploads\/2025\/05\/Needle-punched-geotextile-for-landfill-1.webp","datePublished":"2025-05-21T07:03:01+00:00","dateModified":"2025-06-26T08:22:13+00:00","description":"Needle-punched geotextile for landfill , we provide Geosynthetic Needle-Punched Non-woven Fabric, Household needle punched non-woven fabric, Automotive Non-woven Fabric with good price.","breadcrumb":{"@id":"https:\/\/www.bsdnonwoven.com\/product\/needle-punched-geotextile-for-landfill-2\/#breadcrumb"},"inLanguage":"fr-FR","potentialAction":[{"@type":"ReadAction","target":["https:\/\/www.bsdnonwoven.com\/product\/needle-punched-geotextile-for-landfill-2\/"]}]},{"@type":"ImageObject","inLanguage":"fr-FR","@id":"https:\/\/www.bsdnonwoven.com\/product\/needle-punched-geotextile-for-landfill-2\/#primaryimage","url":"https:\/\/www.bsdnonwoven.com\/wp-content\/uploads\/2025\/05\/Needle-punched-geotextile-for-landfill-1.webp","contentUrl":"https:\/\/www.bsdnonwoven.com\/wp-content\/uploads\/2025\/05\/Needle-punched-geotextile-for-landfill-1.webp","width":800,"height":800,"caption":"Needle-punched geotextile for landfill"},{"@type":"BreadcrumbList","@id":"https:\/\/www.bsdnonwoven.com\/product\/needle-punched-geotextile-for-landfill-2\/#breadcrumb","itemListElement":[{"@type":"ListItem","position":1,"name":"Home","item":"https:\/\/www.bsdnonwoven.com\/"},{"@type":"ListItem","position":2,"name":"Products","item":"https:\/\/www.bsdnonwoven.com\/shop\/"},{"@type":"ListItem","position":3,"name":"Needle-punched geotextile for landfill"}]},{"@type":"WebSite","@id":"https:\/\/www.bsdnonwoven.com\/#website","url":"https:\/\/www.bsdnonwoven.com\/","name":"Boshida Nonwoven","description":"","potentialAction":[{"@type":"SearchAction","target":{"@type":"EntryPoint","urlTemplate":"https:\/\/www.bsdnonwoven.com\/?s={search_term_string}"},"query-input":"required name=search_term_string"}],"inLanguage":"fr-FR"}]}},"_links":{"self":[{"href":"https:\/\/www.bsdnonwoven.com\/fr\/wp-json\/wp\/v2\/product\/13024"}],"collection":[{"href":"https:\/\/www.bsdnonwoven.com\/fr\/wp-json\/wp\/v2\/product"}],"about":[{"href":"https:\/\/www.bsdnonwoven.com\/fr\/wp-json\/wp\/v2\/types\/product"}],"wp:featuredmedia":[{"embeddable":true,"href":"https:\/\/www.bsdnonwoven.com\/fr\/wp-json\/wp\/v2\/media\/13029"}],"wp:attachment":[{"href":"https:\/\/www.bsdnonwoven.com\/fr\/wp-json\/wp\/v2\/media?parent=13024"}],"wp:term":[{"taxonomy":"product_cat","embeddable":true,"href":"https:\/\/www.bsdnonwoven.com\/fr\/wp-json\/wp\/v2\/product_cat?post=13024"},{"taxonomy":"product_tag","embeddable":true,"href":"https:\/\/www.bsdnonwoven.com\/fr\/wp-json\/wp\/v2\/product_tag?post=13024"}],"curies":[{"name":"wp","href":"https:\/\/api.w.org\/{rel}","templated":true}]}}