{"id":13090,"date":"2025-04-12T08:03:59","date_gmt":"2025-04-12T08:03:59","guid":{"rendered":"https:\/\/www.bsdnonwoven.com\/?post_type=product&#038;p=13090"},"modified":"2025-06-25T09:41:05","modified_gmt":"2025-06-25T09:41:05","slug":"composite-geomembrane-for-landfill-engineering","status":"publish","type":"product","link":"https:\/\/www.bsdnonwoven.com\/fr\/produit\/composite-geomembrane-for-landfill-engineering\/","title":{"rendered":"G\u00e9omembrane composite pour l'ing\u00e9nierie des d\u00e9charges"},"content":{"rendered":"<h2>Description du produit<\/h2>\n<p><a href=\"https:\/\/www.bsdnonwoven.com\/product\/composite-geomembrane-for-landfill-engineering\/\"><strong>G\u00e9omembrane de d\u00e9charge<\/strong><\/a> est un mat\u00e9riau de barri\u00e8re imperm\u00e9able fabriqu\u00e9 en laminant \u00e0 chaud une g\u00e9omembrane HDPE avec un g\u00e9otextile non tiss\u00e9 aiguillet\u00e9. Il combine l'excellente imperm\u00e9abilit\u00e9 du PEHD avec la r\u00e9sistance \u00e0 la traction, la filtration et les propri\u00e9t\u00e9s protectrices des g\u00e9otextiles. Ce produit est largement utilis\u00e9 dans les d\u00e9charges de d\u00e9chets solides municipaux, les sites de confinement de d\u00e9chets dangereux et les sites d'\u00e9limination de d\u00e9chets industriels pour pr\u00e9venir les fuites de lixiviats et la contamination de l'environnement.<\/p>\n<h2>Param\u00e8tres<\/h2>\n<table class=\"tg\" style=\"border-collapse: collapse; border-spacing: 0;\">\n<thead>\n<tr>\n<th style=\"font-family: Arial, sans-serif; font-size: 14px; font-weight: bold; overflow: hidden; padding: 10px 5px; text-align: left; vertical-align: middle; word-break: normal; border: 1px solid black;\">Param\u00e8tres<\/th>\n<th style=\"font-family: Arial, sans-serif; font-size: 14px; font-weight: bold; overflow: hidden; padding: 10px 5px; text-align: left; vertical-align: middle; word-break: normal; border: 1px solid black;\">Sp\u00e9cifications<\/th>\n<\/tr>\n<\/thead>\n<tbody>\n<tr>\n<td style=\"font-family: Arial, sans-serif; font-size: 14px; overflow: hidden; padding: 10px 5px; text-align: left; vertical-align: middle; word-break: normal; border: 1px solid black;\">Composition du mat\u00e9riau<\/td>\n<td style=\"font-family: Arial, sans-serif; font-size: 14px; overflow: hidden; padding: 10px 5px; text-align: left; vertical-align: middle; word-break: normal; border: 1px solid black;\">G\u00e9omembrane PEHD + g\u00e9otextile aiguillet\u00e9<\/td>\n<\/tr>\n<tr>\n<td style=\"font-family: Arial, sans-serif; font-size: 14px; overflow: hidden; padding: 10px 5px; text-align: left; vertical-align: middle; word-break: normal; border: 1px solid black;\">\u00c9paisseur de la membrane<\/td>\n<td style=\"font-family: Arial, sans-serif; font-size: 14px; overflow: hidden; padding: 10px 5px; text-align: left; vertical-align: middle; word-break: normal; border: 1px solid black;\">0,2 mm - 2,0 mm<\/td>\n<\/tr>\n<tr>\n<td style=\"font-family: Arial, sans-serif; font-size: 14px; overflow: hidden; padding: 10px 5px; text-align: left; vertical-align: middle; word-break: normal; border: 1px solid black;\">Poids du tissu<\/td>\n<td style=\"font-family: Arial, sans-serif; font-size: 14px; overflow: hidden; padding: 10px 5px; text-align: left; vertical-align: middle; word-break: normal; border: 1px solid black;\">100g - 600g\/m\u00b2<\/td>\n<\/tr>\n<tr>\n<td style=\"font-family: Arial, sans-serif; font-size: 14px; overflow: hidden; padding: 10px 5px; text-align: left; vertical-align: middle; word-break: normal; border: 1px solid black;\">Couches composites<\/td>\n<td style=\"font-family: Arial, sans-serif; font-size: 14px; overflow: hidden; padding: 10px 5px; text-align: left; vertical-align: middle; word-break: normal; border: 1px solid black;\">Un textile + une membrane \/ Deux textiles + une membrane \/ Multicouche<\/td>\n<\/tr>\n<tr>\n<td style=\"font-family: Arial, sans-serif; font-size: 14px; overflow: hidden; padding: 10px 5px; text-align: left; vertical-align: middle; word-break: normal; border: 1px solid black;\">Largeur<\/td>\n<td style=\"font-family: Arial, sans-serif; font-size: 14px; overflow: hidden; padding: 10px 5px; text-align: left; vertical-align: middle; word-break: normal; border: 1px solid black;\">Standard 6 m\u00e8tres, personnalisable 1m-8m<\/td>\n<\/tr>\n<tr>\n<td style=\"font-family: Arial, sans-serif; font-size: 14px; overflow: hidden; padding: 10px 5px; text-align: left; vertical-align: middle; word-break: normal; border: 1px solid black;\">Longueur<\/td>\n<td style=\"font-family: Arial, sans-serif; font-size: 14px; overflow: hidden; padding: 10px 5px; text-align: left; vertical-align: middle; word-break: normal; border: 1px solid black;\">50m ou 100m par rouleau, personnalisable<\/td>\n<\/tr>\n<tr>\n<td style=\"font-family: Arial, sans-serif; font-size: 14px; overflow: hidden; padding: 10px 5px; text-align: left; vertical-align: middle; word-break: normal; border: 1px solid black;\">R\u00e9sistance \u00e0 la traction<\/td>\n<td style=\"font-family: Arial, sans-serif; font-size: 14px; overflow: hidden; padding: 10px 5px; text-align: left; vertical-align: middle; word-break: normal; border: 1px solid black;\">\u2265 18 MPa (r\u00e9glable en fonction du tissu)<\/td>\n<\/tr>\n<tr>\n<td style=\"font-family: Arial, sans-serif; font-size: 14px; overflow: hidden; padding: 10px 5px; text-align: left; vertical-align: middle; word-break: normal; border: 1px solid black;\">R\u00e9sistance \u00e0 la d\u00e9chirure<\/td>\n<td style=\"font-family: Arial, sans-serif; font-size: 14px; overflow: hidden; padding: 10px 5px; text-align: left; vertical-align: middle; word-break: normal; border: 1px solid black;\">\u2265 80 N<\/td>\n<\/tr>\n<tr>\n<td style=\"font-family: Arial, sans-serif; font-size: 14px; overflow: hidden; padding: 10px 5px; text-align: left; vertical-align: middle; word-break: normal; border: 1px solid black;\">Perm\u00e9abilit\u00e9<\/td>\n<td style=\"font-family: Arial, sans-serif; font-size: 14px; overflow: hidden; padding: 10px 5px; text-align: left; vertical-align: middle; word-break: normal; border: 1px solid black;\">\u2264 1.0\u00d710-\u00b9\u00b3 cm\/s<\/td>\n<\/tr>\n<\/tbody>\n<\/table>\n<h2>Principales caract\u00e9ristiques<\/h2>\n<ul>\n<li><strong>Indicateurs de performance physique et m\u00e9canique \u00e9lev\u00e9s<\/strong>: Y compris la r\u00e9sistance \u00e0 la traction, la r\u00e9sistance \u00e0 la d\u00e9chirure et la r\u00e9sistance \u00e0 l'\u00e9clatement.<\/li>\n<li><strong>Excellentes caract\u00e9ristiques du produit<\/strong>: Haute r\u00e9sistance, bonnes propri\u00e9t\u00e9s d'\u00e9longation et module de d\u00e9formation \u00e9lev\u00e9.<\/li>\n<li><strong>Propri\u00e9t\u00e9s exceptionnelles des mat\u00e9riaux<\/strong>: R\u00e9sistance aux acides et aux alcalis, r\u00e9sistance \u00e0 la corrosion, r\u00e9sistance au vieillissement et imperm\u00e9abilit\u00e9 sup\u00e9rieure.<\/li>\n<\/ul>\n<h2>Objectif<\/h2>\n<ul>\n<li><strong>Pr\u00e9vention des fuites<\/strong>: Les g\u00e9omembranes composites pour d\u00e9charges offrent une excellente imperm\u00e9abilit\u00e9, ce qui permet de contenir efficacement les d\u00e9chets dangereux et de pr\u00e9venir la contamination du sol et des eaux souterraines.<\/li>\n<li><strong>Protection des eaux souterraines<\/strong>: Agit comme une barri\u00e8re efficace, emp\u00eachant les substances nocives de s'infiltrer et pr\u00e9servant la puret\u00e9 des eaux souterraines en vue d'une utilisation durable.<\/li>\n<li><strong>Optimisation de l'espace<\/strong>: Am\u00e9liore la capacit\u00e9 des d\u00e9charges en compactant le volume des d\u00e9chets, en r\u00e9duisant l'occupation des sols et en augmentant la surface utilisable.<\/li>\n<li><strong>Confinement des gaz<\/strong>: Contr\u00f4le efficacement le m\u00e9thane et les autres gaz organiques g\u00e9n\u00e9r\u00e9s par la d\u00e9composition des d\u00e9chets, minimisant ainsi les \u00e9missions de polluants atmosph\u00e9riques.<\/li>\n<\/ul>\n<h2>Applications des produits<\/h2>\n<p>Syst\u00e8me de rev\u00eatement de fond dans les d\u00e9charges de d\u00e9chets solides municipaux<\/p>\n<p>Couche de confinement d'une d\u00e9charge de d\u00e9chets industriels<\/p>\n<p>Rev\u00eatement du site d'\u00e9limination des d\u00e9chets dangereux<\/p>\n<p>Syst\u00e8me de couverture et de recouvrement quotidien des d\u00e9charges<\/p>\n<p>Couches de protection des sites de traitement des composts et des boues<\/p>\n<h2>Sc\u00e9narios d'application<\/h2>\n<p><img loading=\"lazy\" decoding=\"async\" class=\"size-full wp-image-13573 aligncenter\" data-src=\"https:\/\/www.bsdnonwoven.com\/wp-content\/uploads\/2025\/04\/Composite-Geomembrane-for-Landfill-engineering1.webp\" alt=\"G\u00e9omembrane composite pour l&#039;ing\u00e9nierie des d\u00e9charges1\" width=\"1500\" height=\"500\" srcset=\"https:\/\/www.bsdnonwoven.com\/wp-content\/uploads\/2025\/04\/Composite-Geomembrane-for-Landfill-engineering1.webp 1500w, https:\/\/www.bsdnonwoven.com\/wp-content\/uploads\/2025\/04\/Composite-Geomembrane-for-Landfill-engineering1-1280x427.webp 1280w, https:\/\/www.bsdnonwoven.com\/wp-content\/uploads\/2025\/04\/Composite-Geomembrane-for-Landfill-engineering1-980x327.webp 980w, https:\/\/www.bsdnonwoven.com\/wp-content\/uploads\/2025\/04\/Composite-Geomembrane-for-Landfill-engineering1-480x160.webp 480w\" sizes=\"(min-width: 0px) and (max-width: 480px) 480px, (min-width: 481px) and (max-width: 980px) 980px, (min-width: 981px) and (max-width: 1280px) 1280px, (min-width: 1281px) 1500px, 100vw\" \/><\/p>","protected":false},"excerpt":{"rendered":"<p>Composite <a href=\"https:\/\/www.bsdnonwoven.com\/category\/geomembrane-2\/\"><strong>g\u00e9omembrane<\/strong><\/a> pour les d\u00e9charges est un mat\u00e9riau barri\u00e8re imperm\u00e9able fabriqu\u00e9 en laminant \u00e0 chaud une g\u00e9omembrane en PEHD avec un g\u00e9otextile non tiss\u00e9 aiguillet\u00e9. Il combine l'excellente imperm\u00e9abilit\u00e9 du PEHD avec la r\u00e9sistance \u00e0 la traction, la filtration et les propri\u00e9t\u00e9s protectrices des g\u00e9otextiles. Ce produit est largement utilis\u00e9 dans les d\u00e9charges de d\u00e9chets solides municipaux, les sites de confinement de d\u00e9chets dangereux et les sites d'\u00e9limination de d\u00e9chets industriels pour pr\u00e9venir les fuites de lixiviats et la contamination de l'environnement.<\/p>","protected":false},"featured_media":13092,"template":"","meta":{"_et_pb_use_builder":"","_et_pb_old_content":"","_et_gb_content_width":""},"product_cat":[313],"product_tag":[275],"yoast_head":"<!-- This site is optimized with the Yoast SEO plugin v22.7 - https:\/\/yoast.com\/wordpress\/plugins\/seo\/ -->\n<title>Composite Geomembrane for Landfill engineering - Boshida Nonwoven<\/title>\n<meta name=\"description\" content=\"Composite Geomembrane for Landfill engineering , we provide Geosynthetic Needle-Punched Non-woven Fabric, Household needle punched non-woven fabric, Automotive Non-woven Fabric with good price.\" \/>\n<meta name=\"robots\" content=\"index, follow, max-snippet:-1, max-image-preview:large, max-video-preview:-1\" \/>\n<link rel=\"canonical\" href=\"https:\/\/www.bsdnonwoven.com\/fr\/produit\/composite-geomembrane-for-landfill-engineering\/\" \/>\n<meta property=\"og:locale\" content=\"fr_FR\" \/>\n<meta property=\"og:type\" content=\"article\" \/>\n<meta property=\"og:title\" content=\"Composite Geomembrane for Landfill engineering - Boshida Nonwoven\" \/>\n<meta property=\"og:description\" content=\"Composite Geomembrane for Landfill engineering , we provide Geosynthetic Needle-Punched Non-woven Fabric, Household needle punched non-woven fabric, Automotive Non-woven Fabric with good price.\" \/>\n<meta property=\"og:url\" content=\"https:\/\/www.bsdnonwoven.com\/fr\/produit\/composite-geomembrane-for-landfill-engineering\/\" \/>\n<meta property=\"og:site_name\" content=\"Boshida Nonwoven\" \/>\n<meta property=\"article:modified_time\" content=\"2025-06-25T09:41:05+00:00\" \/>\n<meta property=\"og:image\" content=\"https:\/\/www.bsdnonwoven.com\/wp-content\/uploads\/2025\/05\/Composite-Geomembrane-for-Landfill-engineering-1.webp\" \/>\n\t<meta property=\"og:image:width\" content=\"800\" \/>\n\t<meta property=\"og:image:height\" content=\"800\" \/>\n\t<meta property=\"og:image:type\" content=\"image\/webp\" \/>\n<meta name=\"twitter:card\" content=\"summary_large_image\" \/>\n<meta name=\"twitter:label1\" content=\"Dur\u00e9e de lecture estim\u00e9e\" \/>\n\t<meta name=\"twitter:data1\" content=\"2 minutes\" \/>\n<script type=\"application\/ld+json\" class=\"yoast-schema-graph\">{\"@context\":\"https:\/\/schema.org\",\"@graph\":[{\"@type\":\"WebPage\",\"@id\":\"https:\/\/www.bsdnonwoven.com\/product\/composite-geomembrane-for-landfill-engineering\/\",\"url\":\"https:\/\/www.bsdnonwoven.com\/product\/composite-geomembrane-for-landfill-engineering\/\",\"name\":\"Composite Geomembrane for Landfill engineering - Boshida Nonwoven\",\"isPartOf\":{\"@id\":\"https:\/\/www.bsdnonwoven.com\/#website\"},\"primaryImageOfPage\":{\"@id\":\"https:\/\/www.bsdnonwoven.com\/product\/composite-geomembrane-for-landfill-engineering\/#primaryimage\"},\"image\":{\"@id\":\"https:\/\/www.bsdnonwoven.com\/product\/composite-geomembrane-for-landfill-engineering\/#primaryimage\"},\"thumbnailUrl\":\"https:\/\/www.bsdnonwoven.com\/wp-content\/uploads\/2025\/05\/Composite-Geomembrane-for-Landfill-engineering-1.webp\",\"datePublished\":\"2025-04-12T08:03:59+00:00\",\"dateModified\":\"2025-06-25T09:41:05+00:00\",\"description\":\"Composite Geomembrane for Landfill engineering , we provide Geosynthetic Needle-Punched Non-woven Fabric, Household needle punched non-woven fabric, Automotive Non-woven Fabric with good price.\",\"breadcrumb\":{\"@id\":\"https:\/\/www.bsdnonwoven.com\/product\/composite-geomembrane-for-landfill-engineering\/#breadcrumb\"},\"inLanguage\":\"fr-FR\",\"potentialAction\":[{\"@type\":\"ReadAction\",\"target\":[\"https:\/\/www.bsdnonwoven.com\/product\/composite-geomembrane-for-landfill-engineering\/\"]}]},{\"@type\":\"ImageObject\",\"inLanguage\":\"fr-FR\",\"@id\":\"https:\/\/www.bsdnonwoven.com\/product\/composite-geomembrane-for-landfill-engineering\/#primaryimage\",\"url\":\"https:\/\/www.bsdnonwoven.com\/wp-content\/uploads\/2025\/05\/Composite-Geomembrane-for-Landfill-engineering-1.webp\",\"contentUrl\":\"https:\/\/www.bsdnonwoven.com\/wp-content\/uploads\/2025\/05\/Composite-Geomembrane-for-Landfill-engineering-1.webp\",\"width\":800,\"height\":800},{\"@type\":\"BreadcrumbList\",\"@id\":\"https:\/\/www.bsdnonwoven.com\/product\/composite-geomembrane-for-landfill-engineering\/#breadcrumb\",\"itemListElement\":[{\"@type\":\"ListItem\",\"position\":1,\"name\":\"Home\",\"item\":\"https:\/\/www.bsdnonwoven.com\/\"},{\"@type\":\"ListItem\",\"position\":2,\"name\":\"Products\",\"item\":\"https:\/\/www.bsdnonwoven.com\/shop\/\"},{\"@type\":\"ListItem\",\"position\":3,\"name\":\"Composite Geomembrane for Landfill engineering\"}]},{\"@type\":\"WebSite\",\"@id\":\"https:\/\/www.bsdnonwoven.com\/#website\",\"url\":\"https:\/\/www.bsdnonwoven.com\/\",\"name\":\"Boshida Nonwoven\",\"description\":\"\",\"potentialAction\":[{\"@type\":\"SearchAction\",\"target\":{\"@type\":\"EntryPoint\",\"urlTemplate\":\"https:\/\/www.bsdnonwoven.com\/?s={search_term_string}\"},\"query-input\":\"required name=search_term_string\"}],\"inLanguage\":\"fr-FR\"}]}<\/script>\n<!-- \/ Yoast SEO plugin. -->","yoast_head_json":{"title":"Composite Geomembrane for Landfill engineering - Boshida Nonwoven","description":"Composite Geomembrane for Landfill engineering , we provide Geosynthetic Needle-Punched Non-woven Fabric, Household needle punched non-woven fabric, Automotive Non-woven Fabric with good price.","robots":{"index":"index","follow":"follow","max-snippet":"max-snippet:-1","max-image-preview":"max-image-preview:large","max-video-preview":"max-video-preview:-1"},"canonical":"https:\/\/www.bsdnonwoven.com\/fr\/produit\/composite-geomembrane-for-landfill-engineering\/","og_locale":"fr_FR","og_type":"article","og_title":"Composite Geomembrane for Landfill engineering - Boshida Nonwoven","og_description":"Composite Geomembrane for Landfill engineering , we provide Geosynthetic Needle-Punched Non-woven Fabric, Household needle punched non-woven fabric, Automotive Non-woven Fabric with good price.","og_url":"https:\/\/www.bsdnonwoven.com\/fr\/produit\/composite-geomembrane-for-landfill-engineering\/","og_site_name":"Boshida Nonwoven","article_modified_time":"2025-06-25T09:41:05+00:00","og_image":[{"width":800,"height":800,"url":"https:\/\/www.bsdnonwoven.com\/wp-content\/uploads\/2025\/05\/Composite-Geomembrane-for-Landfill-engineering-1.webp","type":"image\/webp"}],"twitter_card":"summary_large_image","twitter_misc":{"Dur\u00e9e de lecture estim\u00e9e":"2 minutes"},"schema":{"@context":"https:\/\/schema.org","@graph":[{"@type":"WebPage","@id":"https:\/\/www.bsdnonwoven.com\/product\/composite-geomembrane-for-landfill-engineering\/","url":"https:\/\/www.bsdnonwoven.com\/product\/composite-geomembrane-for-landfill-engineering\/","name":"Composite Geomembrane for Landfill engineering - Boshida Nonwoven","isPartOf":{"@id":"https:\/\/www.bsdnonwoven.com\/#website"},"primaryImageOfPage":{"@id":"https:\/\/www.bsdnonwoven.com\/product\/composite-geomembrane-for-landfill-engineering\/#primaryimage"},"image":{"@id":"https:\/\/www.bsdnonwoven.com\/product\/composite-geomembrane-for-landfill-engineering\/#primaryimage"},"thumbnailUrl":"https:\/\/www.bsdnonwoven.com\/wp-content\/uploads\/2025\/05\/Composite-Geomembrane-for-Landfill-engineering-1.webp","datePublished":"2025-04-12T08:03:59+00:00","dateModified":"2025-06-25T09:41:05+00:00","description":"Composite Geomembrane for Landfill engineering , we provide Geosynthetic Needle-Punched Non-woven Fabric, Household needle punched non-woven fabric, Automotive Non-woven Fabric with good price.","breadcrumb":{"@id":"https:\/\/www.bsdnonwoven.com\/product\/composite-geomembrane-for-landfill-engineering\/#breadcrumb"},"inLanguage":"fr-FR","potentialAction":[{"@type":"ReadAction","target":["https:\/\/www.bsdnonwoven.com\/product\/composite-geomembrane-for-landfill-engineering\/"]}]},{"@type":"ImageObject","inLanguage":"fr-FR","@id":"https:\/\/www.bsdnonwoven.com\/product\/composite-geomembrane-for-landfill-engineering\/#primaryimage","url":"https:\/\/www.bsdnonwoven.com\/wp-content\/uploads\/2025\/05\/Composite-Geomembrane-for-Landfill-engineering-1.webp","contentUrl":"https:\/\/www.bsdnonwoven.com\/wp-content\/uploads\/2025\/05\/Composite-Geomembrane-for-Landfill-engineering-1.webp","width":800,"height":800},{"@type":"BreadcrumbList","@id":"https:\/\/www.bsdnonwoven.com\/product\/composite-geomembrane-for-landfill-engineering\/#breadcrumb","itemListElement":[{"@type":"ListItem","position":1,"name":"Home","item":"https:\/\/www.bsdnonwoven.com\/"},{"@type":"ListItem","position":2,"name":"Products","item":"https:\/\/www.bsdnonwoven.com\/shop\/"},{"@type":"ListItem","position":3,"name":"Composite Geomembrane for Landfill engineering"}]},{"@type":"WebSite","@id":"https:\/\/www.bsdnonwoven.com\/#website","url":"https:\/\/www.bsdnonwoven.com\/","name":"Boshida Nonwoven","description":"","potentialAction":[{"@type":"SearchAction","target":{"@type":"EntryPoint","urlTemplate":"https:\/\/www.bsdnonwoven.com\/?s={search_term_string}"},"query-input":"required name=search_term_string"}],"inLanguage":"fr-FR"}]}},"_links":{"self":[{"href":"https:\/\/www.bsdnonwoven.com\/fr\/wp-json\/wp\/v2\/product\/13090"}],"collection":[{"href":"https:\/\/www.bsdnonwoven.com\/fr\/wp-json\/wp\/v2\/product"}],"about":[{"href":"https:\/\/www.bsdnonwoven.com\/fr\/wp-json\/wp\/v2\/types\/product"}],"wp:featuredmedia":[{"embeddable":true,"href":"https:\/\/www.bsdnonwoven.com\/fr\/wp-json\/wp\/v2\/media\/13092"}],"wp:attachment":[{"href":"https:\/\/www.bsdnonwoven.com\/fr\/wp-json\/wp\/v2\/media?parent=13090"}],"wp:term":[{"taxonomy":"product_cat","embeddable":true,"href":"https:\/\/www.bsdnonwoven.com\/fr\/wp-json\/wp\/v2\/product_cat?post=13090"},{"taxonomy":"product_tag","embeddable":true,"href":"https:\/\/www.bsdnonwoven.com\/fr\/wp-json\/wp\/v2\/product_tag?post=13090"}],"curies":[{"name":"wp","href":"https:\/\/api.w.org\/{rel}","templated":true}]}}