{"id":13098,"date":"2025-05-21T08:14:49","date_gmt":"2025-05-21T08:14:49","guid":{"rendered":"https:\/\/www.bsdnonwoven.com\/?post_type=product&#038;p=13098"},"modified":"2025-06-25T09:20:39","modified_gmt":"2025-06-25T09:20:39","slug":"composite-geomembrane-for-hydraulic-engineering","status":"publish","type":"product","link":"https:\/\/www.bsdnonwoven.com\/fr\/produit\/composite-geomembrane-for-hydraulic-engineering\/","title":{"rendered":"G\u00e9omembrane composite pour l'ing\u00e9nierie hydraulique"},"content":{"rendered":"<h2>Description<\/h2>\n<p>Dans les projets de barrages hydrauliques, <a href=\"https:\/\/www.bsdnonwoven.com\/product\/composite-geomembrane-for-hydraulic-engineering\/\"><strong>G\u00e9omembrane d'ing\u00e9nierie hydraulique<\/strong><\/a> est principalement utilis\u00e9 pour la pr\u00e9vention et l'isolation des infiltrations. Install\u00e9es sur la face amont ou \u00e0 l'int\u00e9rieur de la structure du barrage, elles forment une barri\u00e8re imperm\u00e9able continue qui emp\u00eache efficacement les fuites d'eau du r\u00e9servoir ou de la rivi\u00e8re, assurant ainsi la stabilit\u00e9 et la s\u00e9curit\u00e9 du barrage.  Par rapport aux mat\u00e9riaux traditionnels comme l'argile ou le b\u00e9ton, les g\u00e9omembranes composites offrent une imperm\u00e9abilit\u00e9 sup\u00e9rieure, une dur\u00e9e de vie plus longue et des co\u00fbts de maintenance r\u00e9duits.<\/p>\n<h2>Param\u00e8tres<\/h2>\n<table class=\"tg\" style=\"border-collapse: collapse; border-spacing: 0;\">\n<thead>\n<tr>\n<th style=\"font-family: Arial, sans-serif; font-size: 14px; font-weight: bold; overflow: hidden; padding: 10px 5px; text-align: left; vertical-align: middle; word-break: normal; border: 1px solid black;\">Param\u00e8tres<\/th>\n<th style=\"font-family: Arial, sans-serif; font-size: 14px; font-weight: bold; overflow: hidden; padding: 10px 5px; text-align: left; vertical-align: middle; word-break: normal; border: 1px solid black;\">Sp\u00e9cifications<\/th>\n<\/tr>\n<\/thead>\n<tbody>\n<tr>\n<td style=\"font-family: Arial, sans-serif; font-size: 14px; overflow: hidden; padding: 10px 5px; text-align: left; vertical-align: middle; word-break: normal; border: 1px solid black;\">Composition du mat\u00e9riau<\/td>\n<td style=\"font-family: Arial, sans-serif; font-size: 14px; overflow: hidden; padding: 10px 5px; text-align: left; vertical-align: middle; word-break: normal; border: 1px solid black;\">G\u00e9omembrane PEHD + g\u00e9otextile aiguillet\u00e9<\/td>\n<\/tr>\n<tr>\n<td style=\"font-family: Arial, sans-serif; font-size: 14px; overflow: hidden; padding: 10px 5px; text-align: left; vertical-align: middle; word-break: normal; border: 1px solid black;\">\u00c9paisseur de la membrane<\/td>\n<td style=\"font-family: Arial, sans-serif; font-size: 14px; overflow: hidden; padding: 10px 5px; text-align: left; vertical-align: middle; word-break: normal; border: 1px solid black;\">0,2 mm - 2,0 mm<\/td>\n<\/tr>\n<tr>\n<td style=\"font-family: Arial, sans-serif; font-size: 14px; overflow: hidden; padding: 10px 5px; text-align: left; vertical-align: middle; word-break: normal; border: 1px solid black;\">Poids du tissu<\/td>\n<td style=\"font-family: Arial, sans-serif; font-size: 14px; overflow: hidden; padding: 10px 5px; text-align: left; vertical-align: middle; word-break: normal; border: 1px solid black;\">100g - 600g\/m\u00b2<\/td>\n<\/tr>\n<tr>\n<td style=\"font-family: Arial, sans-serif; font-size: 14px; overflow: hidden; padding: 10px 5px; text-align: left; vertical-align: middle; word-break: normal; border: 1px solid black;\">Couches composites<\/td>\n<td style=\"font-family: Arial, sans-serif; font-size: 14px; overflow: hidden; padding: 10px 5px; text-align: left; vertical-align: middle; word-break: normal; border: 1px solid black;\">Un textile + une membrane \/ Deux textiles + une membrane \/ Multicouche<\/td>\n<\/tr>\n<tr>\n<td style=\"font-family: Arial, sans-serif; font-size: 14px; overflow: hidden; padding: 10px 5px; text-align: left; vertical-align: middle; word-break: normal; border: 1px solid black;\">Largeur<\/td>\n<td style=\"font-family: Arial, sans-serif; font-size: 14px; overflow: hidden; padding: 10px 5px; text-align: left; vertical-align: middle; word-break: normal; border: 1px solid black;\">Standard 6 m\u00e8tres, personnalisable 1m-8m<\/td>\n<\/tr>\n<tr>\n<td style=\"font-family: Arial, sans-serif; font-size: 14px; overflow: hidden; padding: 10px 5px; text-align: left; vertical-align: middle; word-break: normal; border: 1px solid black;\">Longueur<\/td>\n<td style=\"font-family: Arial, sans-serif; font-size: 14px; overflow: hidden; padding: 10px 5px; text-align: left; vertical-align: middle; word-break: normal; border: 1px solid black;\">50m ou 100m par rouleau, personnalisable<\/td>\n<\/tr>\n<tr>\n<td style=\"font-family: Arial, sans-serif; font-size: 14px; overflow: hidden; padding: 10px 5px; text-align: left; vertical-align: middle; word-break: normal; border: 1px solid black;\">R\u00e9sistance \u00e0 la traction<\/td>\n<td style=\"font-family: Arial, sans-serif; font-size: 14px; overflow: hidden; padding: 10px 5px; text-align: left; vertical-align: middle; word-break: normal; border: 1px solid black;\">\u2265 18 MPa (r\u00e9glable en fonction du tissu)<\/td>\n<\/tr>\n<tr>\n<td style=\"font-family: Arial, sans-serif; font-size: 14px; overflow: hidden; padding: 10px 5px; text-align: left; vertical-align: middle; word-break: normal; border: 1px solid black;\">R\u00e9sistance \u00e0 la d\u00e9chirure<\/td>\n<td style=\"font-family: Arial, sans-serif; font-size: 14px; overflow: hidden; padding: 10px 5px; text-align: left; vertical-align: middle; word-break: normal; border: 1px solid black;\">\u2265 80 N<\/td>\n<\/tr>\n<tr>\n<td style=\"font-family: Arial, sans-serif; font-size: 14px; overflow: hidden; padding: 10px 5px; text-align: left; vertical-align: middle; word-break: normal; border: 1px solid black;\">Perm\u00e9abilit\u00e9<\/td>\n<td style=\"font-family: Arial, sans-serif; font-size: 14px; overflow: hidden; padding: 10px 5px; text-align: left; vertical-align: middle; word-break: normal; border: 1px solid black;\">\u2264 1.0\u00d710-\u00b9\u00b3 cm\/s<\/td>\n<\/tr>\n<\/tbody>\n<\/table>\n<h2>Principales caract\u00e9ristiques<\/h2>\n<ul>\n<li><strong>Indicateurs de performance physique et m\u00e9canique \u00e9lev\u00e9s<\/strong>: Y compris la r\u00e9sistance \u00e0 la traction, la r\u00e9sistance \u00e0 la d\u00e9chirure et la r\u00e9sistance \u00e0 l'\u00e9clatement.<\/li>\n<li><strong>Excellentes caract\u00e9ristiques du produit<\/strong>: Haute r\u00e9sistance, bonnes propri\u00e9t\u00e9s d'\u00e9longation et module de d\u00e9formation \u00e9lev\u00e9.<\/li>\n<li><strong>Propri\u00e9t\u00e9s exceptionnelles des mat\u00e9riaux<\/strong>: R\u00e9sistance aux acides et aux alcalis, r\u00e9sistance \u00e0 la corrosion, r\u00e9sistance au vieillissement et imperm\u00e9abilit\u00e9 sup\u00e9rieure.<\/li>\n<\/ul>\n<h2>Fonctions des g\u00e9omembranes composites dans l'ing\u00e9nierie hydraulique<\/h2>\n<p>Les g\u00e9omembranes composites sont largement utilis\u00e9es dans l'ing\u00e9nierie hydraulique pour la pr\u00e9vention des infiltrations, le colmatage des fuites et le renforcement des rivi\u00e8res, des lacs, des r\u00e9servoirs et des barrages, ainsi que pour le rev\u00eatement des canaux, les noyaux verticaux et la protection des pentes. Leur excellente imperm\u00e9abilit\u00e9 emp\u00eache efficacement les fuites d'eau et garantit la stabilit\u00e9 et la s\u00e9curit\u00e9 des projets de conservation de l'eau.<\/p>\n<ul>\n<li>Ing\u00e9nierie des barrages : Les g\u00e9omembranes composites sont install\u00e9es sur la face amont ou dans le corps du barrage pour former une barri\u00e8re imperm\u00e9able, assurant la stabilit\u00e9 et la s\u00e9curit\u00e9 du barrage.<\/li>\n<li>Ing\u00e9nierie des r\u00e9servoirs : Utilis\u00e9 pour le traitement anti-infiltration des structures de barrage afin d'assurer un fonctionnement s\u00fbr du r\u00e9servoir et de r\u00e9duire les pertes de ressources en eau.<\/li>\n<li>Ing\u00e9nierie des canaux : Pos\u00e9 sur les lits et les pentes des canaux pour r\u00e9duire les pertes par infiltration et am\u00e9liorer l'efficacit\u00e9 de l'acheminement de l'eau.<\/li>\n<\/ul>\n<h2>Applications des produits<\/h2>\n<p>Rev\u00eatements imperm\u00e9ables pour canaux d'irrigation<\/p>\n<p>Syst\u00e8mes de contr\u00f4le des infiltrations pour les r\u00e9servoirs et les pentes<\/p>\n<p>Rev\u00eatements \u00e9tanches pour \u00e9tangs agricoles et industriels<\/p>\n<p>Syst\u00e8mes d'\u00e9tanch\u00e9it\u00e9 des remblais et des tunnels hydrauliques<\/p>\n<p>Couches d'\u00e9tanch\u00e9it\u00e9 pour les canaux et les zones de protection des sources d'eau<\/p>\n<h2>Sc\u00e9narios d'application<\/h2>\n<p><img loading=\"lazy\" decoding=\"async\" class=\"size-full wp-image-13572 aligncenter\" data-src=\"https:\/\/www.bsdnonwoven.com\/wp-content\/uploads\/2025\/05\/Composite-geomembrane-for-hydraulic-engineering1-2.webp\" alt=\"G\u00e9omembrane composite pour l&#039;ing\u00e9nierie hydraulique1\" width=\"1500\" height=\"500\" srcset=\"https:\/\/www.bsdnonwoven.com\/wp-content\/uploads\/2025\/05\/Composite-geomembrane-for-hydraulic-engineering1-2.webp 1500w, https:\/\/www.bsdnonwoven.com\/wp-content\/uploads\/2025\/05\/Composite-geomembrane-for-hydraulic-engineering1-2-1280x427.webp 1280w, https:\/\/www.bsdnonwoven.com\/wp-content\/uploads\/2025\/05\/Composite-geomembrane-for-hydraulic-engineering1-2-980x327.webp 980w, https:\/\/www.bsdnonwoven.com\/wp-content\/uploads\/2025\/05\/Composite-geomembrane-for-hydraulic-engineering1-2-480x160.webp 480w\" sizes=\"(min-width: 0px) and (max-width: 480px) 480px, (min-width: 481px) and (max-width: 980px) 980px, (min-width: 981px) and (max-width: 1280px) 1280px, (min-width: 1281px) 1500px, 100vw\" \/><\/p>","protected":false},"excerpt":{"rendered":"<p>Dans les projets de barrages hydrauliques, les mat\u00e9riaux composites <a href=\"https:\/\/www.bsdnonwoven.com\/category\/geomembrane-2\/\"><strong>g\u00e9omembranes<\/strong><\/a> sont principalement utilis\u00e9s pour la pr\u00e9vention et l'isolation des infiltrations. Install\u00e9es sur la face amont ou \u00e0 l'int\u00e9rieur de la structure du barrage, elles forment une barri\u00e8re imperm\u00e9able continue qui emp\u00eache efficacement les fuites d'eau du r\u00e9servoir ou de la rivi\u00e8re, assurant ainsi la stabilit\u00e9 et la s\u00e9curit\u00e9 du barrage.  Par rapport aux mat\u00e9riaux traditionnels comme l'argile ou le b\u00e9ton, les g\u00e9omembranes composites offrent une imperm\u00e9abilit\u00e9 sup\u00e9rieure, une dur\u00e9e de vie plus longue et des co\u00fbts de maintenance r\u00e9duits.<\/p>","protected":false},"featured_media":13100,"template":"","meta":{"_et_pb_use_builder":"","_et_pb_old_content":"","_et_gb_content_width":""},"product_cat":[313],"product_tag":[321],"yoast_head":"<!-- This site is optimized with the Yoast SEO plugin v22.7 - https:\/\/yoast.com\/wordpress\/plugins\/seo\/ -->\n<title>Composite geomembrane for hydraulic engineering - Boshida Nonwoven<\/title>\n<meta name=\"description\" content=\"Composite geomembrane for hydraulic engineering , we provide Geosynthetic Needle-Punched Non-woven Fabric, Household needle punched non-woven fabric, Automotive Non-woven Fabric with good price.\" \/>\n<meta name=\"robots\" content=\"index, follow, max-snippet:-1, max-image-preview:large, max-video-preview:-1\" \/>\n<link rel=\"canonical\" href=\"https:\/\/www.bsdnonwoven.com\/fr\/produit\/composite-geomembrane-for-hydraulic-engineering\/\" \/>\n<meta property=\"og:locale\" content=\"fr_FR\" \/>\n<meta property=\"og:type\" content=\"article\" \/>\n<meta property=\"og:title\" content=\"Composite geomembrane for hydraulic engineering - Boshida Nonwoven\" \/>\n<meta property=\"og:description\" content=\"Composite geomembrane for hydraulic engineering , we provide Geosynthetic Needle-Punched Non-woven Fabric, Household needle punched non-woven fabric, Automotive Non-woven Fabric with good price.\" \/>\n<meta property=\"og:url\" content=\"https:\/\/www.bsdnonwoven.com\/fr\/produit\/composite-geomembrane-for-hydraulic-engineering\/\" \/>\n<meta property=\"og:site_name\" content=\"Boshida Nonwoven\" \/>\n<meta property=\"article:modified_time\" content=\"2025-06-25T09:20:39+00:00\" \/>\n<meta property=\"og:image\" content=\"https:\/\/www.bsdnonwoven.com\/wp-content\/uploads\/2025\/05\/Composite-geomembrane-for-hydraulic-engineering-1.webp\" \/>\n\t<meta property=\"og:image:width\" content=\"800\" \/>\n\t<meta property=\"og:image:height\" content=\"800\" \/>\n\t<meta property=\"og:image:type\" content=\"image\/webp\" \/>\n<meta name=\"twitter:card\" content=\"summary_large_image\" \/>\n<meta name=\"twitter:label1\" content=\"Dur\u00e9e de lecture estim\u00e9e\" \/>\n\t<meta name=\"twitter:data1\" content=\"2 minutes\" \/>\n<script type=\"application\/ld+json\" class=\"yoast-schema-graph\">{\"@context\":\"https:\/\/schema.org\",\"@graph\":[{\"@type\":\"WebPage\",\"@id\":\"https:\/\/www.bsdnonwoven.com\/product\/composite-geomembrane-for-hydraulic-engineering\/\",\"url\":\"https:\/\/www.bsdnonwoven.com\/product\/composite-geomembrane-for-hydraulic-engineering\/\",\"name\":\"Composite geomembrane for hydraulic engineering - Boshida Nonwoven\",\"isPartOf\":{\"@id\":\"https:\/\/www.bsdnonwoven.com\/#website\"},\"primaryImageOfPage\":{\"@id\":\"https:\/\/www.bsdnonwoven.com\/product\/composite-geomembrane-for-hydraulic-engineering\/#primaryimage\"},\"image\":{\"@id\":\"https:\/\/www.bsdnonwoven.com\/product\/composite-geomembrane-for-hydraulic-engineering\/#primaryimage\"},\"thumbnailUrl\":\"https:\/\/www.bsdnonwoven.com\/wp-content\/uploads\/2025\/05\/Composite-geomembrane-for-hydraulic-engineering-1.webp\",\"datePublished\":\"2025-05-21T08:14:49+00:00\",\"dateModified\":\"2025-06-25T09:20:39+00:00\",\"description\":\"Composite geomembrane for hydraulic engineering , we provide Geosynthetic Needle-Punched Non-woven Fabric, Household needle punched non-woven fabric, Automotive Non-woven Fabric with good price.\",\"breadcrumb\":{\"@id\":\"https:\/\/www.bsdnonwoven.com\/product\/composite-geomembrane-for-hydraulic-engineering\/#breadcrumb\"},\"inLanguage\":\"fr-FR\",\"potentialAction\":[{\"@type\":\"ReadAction\",\"target\":[\"https:\/\/www.bsdnonwoven.com\/product\/composite-geomembrane-for-hydraulic-engineering\/\"]}]},{\"@type\":\"ImageObject\",\"inLanguage\":\"fr-FR\",\"@id\":\"https:\/\/www.bsdnonwoven.com\/product\/composite-geomembrane-for-hydraulic-engineering\/#primaryimage\",\"url\":\"https:\/\/www.bsdnonwoven.com\/wp-content\/uploads\/2025\/05\/Composite-geomembrane-for-hydraulic-engineering-1.webp\",\"contentUrl\":\"https:\/\/www.bsdnonwoven.com\/wp-content\/uploads\/2025\/05\/Composite-geomembrane-for-hydraulic-engineering-1.webp\",\"width\":800,\"height\":800,\"caption\":\"Composite geomembrane for hydraulic engineering\"},{\"@type\":\"BreadcrumbList\",\"@id\":\"https:\/\/www.bsdnonwoven.com\/product\/composite-geomembrane-for-hydraulic-engineering\/#breadcrumb\",\"itemListElement\":[{\"@type\":\"ListItem\",\"position\":1,\"name\":\"Home\",\"item\":\"https:\/\/www.bsdnonwoven.com\/\"},{\"@type\":\"ListItem\",\"position\":2,\"name\":\"Products\",\"item\":\"https:\/\/www.bsdnonwoven.com\/shop\/\"},{\"@type\":\"ListItem\",\"position\":3,\"name\":\"Composite geomembrane for hydraulic engineering\"}]},{\"@type\":\"WebSite\",\"@id\":\"https:\/\/www.bsdnonwoven.com\/#website\",\"url\":\"https:\/\/www.bsdnonwoven.com\/\",\"name\":\"Boshida Nonwoven\",\"description\":\"\",\"potentialAction\":[{\"@type\":\"SearchAction\",\"target\":{\"@type\":\"EntryPoint\",\"urlTemplate\":\"https:\/\/www.bsdnonwoven.com\/?s={search_term_string}\"},\"query-input\":\"required name=search_term_string\"}],\"inLanguage\":\"fr-FR\"}]}<\/script>\n<!-- \/ Yoast SEO plugin. -->","yoast_head_json":{"title":"Composite geomembrane for hydraulic engineering - Boshida Nonwoven","description":"Composite geomembrane for hydraulic engineering , we provide Geosynthetic Needle-Punched Non-woven Fabric, Household needle punched non-woven fabric, Automotive Non-woven Fabric with good price.","robots":{"index":"index","follow":"follow","max-snippet":"max-snippet:-1","max-image-preview":"max-image-preview:large","max-video-preview":"max-video-preview:-1"},"canonical":"https:\/\/www.bsdnonwoven.com\/fr\/produit\/composite-geomembrane-for-hydraulic-engineering\/","og_locale":"fr_FR","og_type":"article","og_title":"Composite geomembrane for hydraulic engineering - Boshida Nonwoven","og_description":"Composite geomembrane for hydraulic engineering , we provide Geosynthetic Needle-Punched Non-woven Fabric, Household needle punched non-woven fabric, Automotive Non-woven Fabric with good price.","og_url":"https:\/\/www.bsdnonwoven.com\/fr\/produit\/composite-geomembrane-for-hydraulic-engineering\/","og_site_name":"Boshida Nonwoven","article_modified_time":"2025-06-25T09:20:39+00:00","og_image":[{"width":800,"height":800,"url":"https:\/\/www.bsdnonwoven.com\/wp-content\/uploads\/2025\/05\/Composite-geomembrane-for-hydraulic-engineering-1.webp","type":"image\/webp"}],"twitter_card":"summary_large_image","twitter_misc":{"Dur\u00e9e de lecture estim\u00e9e":"2 minutes"},"schema":{"@context":"https:\/\/schema.org","@graph":[{"@type":"WebPage","@id":"https:\/\/www.bsdnonwoven.com\/product\/composite-geomembrane-for-hydraulic-engineering\/","url":"https:\/\/www.bsdnonwoven.com\/product\/composite-geomembrane-for-hydraulic-engineering\/","name":"Composite geomembrane for hydraulic engineering - Boshida Nonwoven","isPartOf":{"@id":"https:\/\/www.bsdnonwoven.com\/#website"},"primaryImageOfPage":{"@id":"https:\/\/www.bsdnonwoven.com\/product\/composite-geomembrane-for-hydraulic-engineering\/#primaryimage"},"image":{"@id":"https:\/\/www.bsdnonwoven.com\/product\/composite-geomembrane-for-hydraulic-engineering\/#primaryimage"},"thumbnailUrl":"https:\/\/www.bsdnonwoven.com\/wp-content\/uploads\/2025\/05\/Composite-geomembrane-for-hydraulic-engineering-1.webp","datePublished":"2025-05-21T08:14:49+00:00","dateModified":"2025-06-25T09:20:39+00:00","description":"Composite geomembrane for hydraulic engineering , we provide Geosynthetic Needle-Punched Non-woven Fabric, Household needle punched non-woven fabric, Automotive Non-woven Fabric with good price.","breadcrumb":{"@id":"https:\/\/www.bsdnonwoven.com\/product\/composite-geomembrane-for-hydraulic-engineering\/#breadcrumb"},"inLanguage":"fr-FR","potentialAction":[{"@type":"ReadAction","target":["https:\/\/www.bsdnonwoven.com\/product\/composite-geomembrane-for-hydraulic-engineering\/"]}]},{"@type":"ImageObject","inLanguage":"fr-FR","@id":"https:\/\/www.bsdnonwoven.com\/product\/composite-geomembrane-for-hydraulic-engineering\/#primaryimage","url":"https:\/\/www.bsdnonwoven.com\/wp-content\/uploads\/2025\/05\/Composite-geomembrane-for-hydraulic-engineering-1.webp","contentUrl":"https:\/\/www.bsdnonwoven.com\/wp-content\/uploads\/2025\/05\/Composite-geomembrane-for-hydraulic-engineering-1.webp","width":800,"height":800,"caption":"Composite geomembrane for hydraulic engineering"},{"@type":"BreadcrumbList","@id":"https:\/\/www.bsdnonwoven.com\/product\/composite-geomembrane-for-hydraulic-engineering\/#breadcrumb","itemListElement":[{"@type":"ListItem","position":1,"name":"Home","item":"https:\/\/www.bsdnonwoven.com\/"},{"@type":"ListItem","position":2,"name":"Products","item":"https:\/\/www.bsdnonwoven.com\/shop\/"},{"@type":"ListItem","position":3,"name":"Composite geomembrane for hydraulic engineering"}]},{"@type":"WebSite","@id":"https:\/\/www.bsdnonwoven.com\/#website","url":"https:\/\/www.bsdnonwoven.com\/","name":"Boshida Nonwoven","description":"","potentialAction":[{"@type":"SearchAction","target":{"@type":"EntryPoint","urlTemplate":"https:\/\/www.bsdnonwoven.com\/?s={search_term_string}"},"query-input":"required name=search_term_string"}],"inLanguage":"fr-FR"}]}},"_links":{"self":[{"href":"https:\/\/www.bsdnonwoven.com\/fr\/wp-json\/wp\/v2\/product\/13098"}],"collection":[{"href":"https:\/\/www.bsdnonwoven.com\/fr\/wp-json\/wp\/v2\/product"}],"about":[{"href":"https:\/\/www.bsdnonwoven.com\/fr\/wp-json\/wp\/v2\/types\/product"}],"wp:featuredmedia":[{"embeddable":true,"href":"https:\/\/www.bsdnonwoven.com\/fr\/wp-json\/wp\/v2\/media\/13100"}],"wp:attachment":[{"href":"https:\/\/www.bsdnonwoven.com\/fr\/wp-json\/wp\/v2\/media?parent=13098"}],"wp:term":[{"taxonomy":"product_cat","embeddable":true,"href":"https:\/\/www.bsdnonwoven.com\/fr\/wp-json\/wp\/v2\/product_cat?post=13098"},{"taxonomy":"product_tag","embeddable":true,"href":"https:\/\/www.bsdnonwoven.com\/fr\/wp-json\/wp\/v2\/product_tag?post=13098"}],"curies":[{"name":"wp","href":"https:\/\/api.w.org\/{rel}","templated":true}]}}