{"id":13114,"date":"2025-05-21T08:39:50","date_gmt":"2025-05-21T08:39:50","guid":{"rendered":"https:\/\/www.bsdnonwoven.com\/?post_type=product&#038;p=13114"},"modified":"2025-06-25T09:19:49","modified_gmt":"2025-06-25T09:19:49","slug":"composite-geomembrane-for-tailings-engineering-2","status":"publish","type":"product","link":"https:\/\/www.bsdnonwoven.com\/fr\/produit\/composite-geomembrane-for-tailings-engineering-2\/","title":{"rendered":"G\u00e9omembrane composite pour l'ing\u00e9nierie des r\u00e9sidus"},"content":{"rendered":"<h2>D\u00e9crire<\/h2>\n<p>Le composite <a href=\"https:\/\/www.bsdnonwoven.com\/product\/composite-geomembrane-for-tailings-engineering-2\/\"><strong>G\u00e9omembrane pour l'ing\u00e9nierie des r\u00e9sidus<\/strong><\/a> est une barri\u00e8re g\u00e9osynth\u00e9tique compos\u00e9e d'une g\u00e9omembrane en poly\u00e9thyl\u00e8ne haute densit\u00e9 (PEHD) lamin\u00e9e avec un g\u00e9otextile non tiss\u00e9 aiguillet\u00e9. Il est sp\u00e9cialement con\u00e7u pour les bassins de r\u00e9sidus et les applications de confinement des d\u00e9chets miniers, offrant une excellente r\u00e9sistance chimique, une r\u00e9sistance au vieillissement et une r\u00e9sistance m\u00e9canique pour emp\u00eacher efficacement les fuites de substances dangereuses et prot\u00e9ger les eaux souterraines et les environnements environnants.<\/p>\n<h2>Param\u00e8tres<\/h2>\n<table class=\"tg\" style=\"border-collapse: collapse; border-spacing: 0;\">\n<thead>\n<tr>\n<th style=\"font-family: Arial, sans-serif; font-size: 14px; font-weight: bold; overflow: hidden; padding: 10px 5px; text-align: left; vertical-align: middle; word-break: normal; border: 1px solid black;\">Param\u00e8tres<\/th>\n<th style=\"font-family: Arial, sans-serif; font-size: 14px; font-weight: bold; overflow: hidden; padding: 10px 5px; text-align: left; vertical-align: middle; word-break: normal; border: 1px solid black;\">Sp\u00e9cifications<\/th>\n<\/tr>\n<\/thead>\n<tbody>\n<tr>\n<td style=\"font-family: Arial, sans-serif; font-size: 14px; overflow: hidden; padding: 10px 5px; text-align: left; vertical-align: middle; word-break: normal; border: 1px solid black;\">Composition du mat\u00e9riau<\/td>\n<td style=\"font-family: Arial, sans-serif; font-size: 14px; overflow: hidden; padding: 10px 5px; text-align: left; vertical-align: middle; word-break: normal; border: 1px solid black;\">G\u00e9omembrane PEHD + g\u00e9otextile aiguillet\u00e9<\/td>\n<\/tr>\n<tr>\n<td style=\"font-family: Arial, sans-serif; font-size: 14px; overflow: hidden; padding: 10px 5px; text-align: left; vertical-align: middle; word-break: normal; border: 1px solid black;\">\u00c9paisseur de la membrane<\/td>\n<td style=\"font-family: Arial, sans-serif; font-size: 14px; overflow: hidden; padding: 10px 5px; text-align: left; vertical-align: middle; word-break: normal; border: 1px solid black;\">0,2 mm - 2,0 mm<\/td>\n<\/tr>\n<tr>\n<td style=\"font-family: Arial, sans-serif; font-size: 14px; overflow: hidden; padding: 10px 5px; text-align: left; vertical-align: middle; word-break: normal; border: 1px solid black;\">Poids du tissu<\/td>\n<td style=\"font-family: Arial, sans-serif; font-size: 14px; overflow: hidden; padding: 10px 5px; text-align: left; vertical-align: middle; word-break: normal; border: 1px solid black;\">100g - 600g\/m\u00b2<\/td>\n<\/tr>\n<tr>\n<td style=\"font-family: Arial, sans-serif; font-size: 14px; overflow: hidden; padding: 10px 5px; text-align: left; vertical-align: middle; word-break: normal; border: 1px solid black;\">Couches composites<\/td>\n<td style=\"font-family: Arial, sans-serif; font-size: 14px; overflow: hidden; padding: 10px 5px; text-align: left; vertical-align: middle; word-break: normal; border: 1px solid black;\">Un textile + une membrane \/ Deux textiles + une membrane \/ Multicouche<\/td>\n<\/tr>\n<tr>\n<td style=\"font-family: Arial, sans-serif; font-size: 14px; overflow: hidden; padding: 10px 5px; text-align: left; vertical-align: middle; word-break: normal; border: 1px solid black;\">Largeur<\/td>\n<td style=\"font-family: Arial, sans-serif; font-size: 14px; overflow: hidden; padding: 10px 5px; text-align: left; vertical-align: middle; word-break: normal; border: 1px solid black;\">Standard 6 m\u00e8tres, personnalisable 1m-8m<\/td>\n<\/tr>\n<tr>\n<td style=\"font-family: Arial, sans-serif; font-size: 14px; overflow: hidden; padding: 10px 5px; text-align: left; vertical-align: middle; word-break: normal; border: 1px solid black;\">Longueur<\/td>\n<td style=\"font-family: Arial, sans-serif; font-size: 14px; overflow: hidden; padding: 10px 5px; text-align: left; vertical-align: middle; word-break: normal; border: 1px solid black;\">50m ou 100m par rouleau, personnalisable<\/td>\n<\/tr>\n<tr>\n<td style=\"font-family: Arial, sans-serif; font-size: 14px; overflow: hidden; padding: 10px 5px; text-align: left; vertical-align: middle; word-break: normal; border: 1px solid black;\">R\u00e9sistance \u00e0 la traction<\/td>\n<td style=\"font-family: Arial, sans-serif; font-size: 14px; overflow: hidden; padding: 10px 5px; text-align: left; vertical-align: middle; word-break: normal; border: 1px solid black;\">\u2265 18 MPa (r\u00e9glable en fonction du tissu)<\/td>\n<\/tr>\n<tr>\n<td style=\"font-family: Arial, sans-serif; font-size: 14px; overflow: hidden; padding: 10px 5px; text-align: left; vertical-align: middle; word-break: normal; border: 1px solid black;\">R\u00e9sistance \u00e0 la d\u00e9chirure<\/td>\n<td style=\"font-family: Arial, sans-serif; font-size: 14px; overflow: hidden; padding: 10px 5px; text-align: left; vertical-align: middle; word-break: normal; border: 1px solid black;\">\u2265 80 N<\/td>\n<\/tr>\n<tr>\n<td style=\"font-family: Arial, sans-serif; font-size: 14px; overflow: hidden; padding: 10px 5px; text-align: left; vertical-align: middle; word-break: normal; border: 1px solid black;\">Perm\u00e9abilit\u00e9<\/td>\n<td style=\"font-family: Arial, sans-serif; font-size: 14px; overflow: hidden; padding: 10px 5px; text-align: left; vertical-align: middle; word-break: normal; border: 1px solid black;\">\u2264 1.0\u00d710-\u00b9\u00b3 cm\/s<\/td>\n<\/tr>\n<\/tbody>\n<\/table>\n<h2>Principales caract\u00e9ristiques<\/h2>\n<ul>\n<li><strong>Indicateurs de performance physique et m\u00e9canique \u00e9lev\u00e9s<\/strong>: Y compris la r\u00e9sistance \u00e0 la traction, la r\u00e9sistance \u00e0 la d\u00e9chirure et la r\u00e9sistance \u00e0 l'\u00e9clatement.<\/li>\n<li><strong>Excellentes caract\u00e9ristiques du produit<\/strong>: Haute r\u00e9sistance, bonnes propri\u00e9t\u00e9s d'\u00e9longation et module de d\u00e9formation \u00e9lev\u00e9.<\/li>\n<li><strong>Propri\u00e9t\u00e9s exceptionnelles des mat\u00e9riaux<\/strong>: R\u00e9sistance aux acides et aux alcalis, r\u00e9sistance \u00e0 la corrosion, r\u00e9sistance au vieillissement et imperm\u00e9abilit\u00e9 sup\u00e9rieure.<\/li>\n<\/ul>\n<h2>Fonction de la g\u00e9omembrane composite pour l'ing\u00e9nierie des r\u00e9sidus miniers<\/h2>\n<ul>\n<li><strong>S\u00e9curit\u00e9 renforc\u00e9e :<\/strong> L'imperm\u00e9abilit\u00e9 sup\u00e9rieure de la g\u00e9omembrane composite emp\u00eache l'infiltration de l'eau dans les bassins de r\u00e9sidus, ce qui garantit la stabilit\u00e9 de la structure.<\/li>\n<li><strong>Protection de l'environnement<\/strong>: En contenant et en clarifiant les eaux de traitement charg\u00e9es de produits chimiques, il permet de recycler l'eau tout en \u00e9vitant la pollution.<\/li>\n<li><strong>Rapport co\u00fbt-efficacit\u00e9<\/strong>: Fabriqu\u00e9 \u00e0 partir de mat\u00e9riaux polym\u00e8res durables et r\u00e9sistants aux temp\u00e9ratures extr\u00eames, il est r\u00e9utilisable apr\u00e8s s\u00e9chage, offrant ainsi des avantages \u00e9conomiques \u00e0 long terme.<\/li>\n<li><strong>Installation facile<\/strong>: La m\u00e9thode simple de pose encastr\u00e9e r\u00e9duit la complexit\u00e9 et les co\u00fbts de construction.<\/li>\n<\/ul>\n<h2>Applications des produits<\/h2>\n<p><strong>Rev\u00eatement de fond du bassin de r\u00e9sidus<\/strong>: Emp\u00eache les lixiviats de s'infiltrer dans les eaux souterraines.<\/p>\n<p><strong>Contr\u00f4le des infiltrations dans les digues \u00e0 st\u00e9riles<\/strong>: Am\u00e9liore la stabilit\u00e9 de la pente et pr\u00e9vient les fuites lat\u00e9rales du barrage.<\/p>\n<p><strong>Recouvrement des terrils de r\u00e9sidus miniers<\/strong>: Utilis\u00e9 comme couverture temporaire ou permanente pour contr\u00f4ler l'infiltration des eaux de pluie et r\u00e9duire la production de lixiviats.<\/p>\n<p><strong>Bassins de stockage des d\u00e9chets dangereux<\/strong>: Appliqu\u00e9 dans les zones de stockage contenant des m\u00e9taux lourds ou des produits chimiques, il apporte une protection suppl\u00e9mentaire \u00e0 l'environnement.<\/p>\n<h2>Sc\u00e9narios d'application<\/h2>\n<p><img loading=\"lazy\" decoding=\"async\" class=\"size-full wp-image-13574 aligncenter\" data-src=\"https:\/\/www.bsdnonwoven.com\/wp-content\/uploads\/2025\/05\/Composite-geomembrane-for-tailings-engineering1-2.webp\" alt=\"G\u00e9omembrane composite pour l&#039;ing\u00e9nierie des r\u00e9sidus1\" width=\"1500\" height=\"500\" srcset=\"https:\/\/www.bsdnonwoven.com\/wp-content\/uploads\/2025\/05\/Composite-geomembrane-for-tailings-engineering1-2.webp 1500w, https:\/\/www.bsdnonwoven.com\/wp-content\/uploads\/2025\/05\/Composite-geomembrane-for-tailings-engineering1-2-1280x427.webp 1280w, https:\/\/www.bsdnonwoven.com\/wp-content\/uploads\/2025\/05\/Composite-geomembrane-for-tailings-engineering1-2-980x327.webp 980w, https:\/\/www.bsdnonwoven.com\/wp-content\/uploads\/2025\/05\/Composite-geomembrane-for-tailings-engineering1-2-480x160.webp 480w\" sizes=\"(min-width: 0px) and (max-width: 480px) 480px, (min-width: 481px) and (max-width: 980px) 980px, (min-width: 981px) and (max-width: 1280px) 1280px, (min-width: 1281px) 1500px, 100vw\" \/><\/p>","protected":false},"excerpt":{"rendered":"<p>Le composite <a href=\"https:\/\/www.bsdnonwoven.com\/category\/geomembrane-2\/\"><strong>g\u00e9omembrane<\/strong><\/a> pour les bassins de r\u00e9sidus est une barri\u00e8re g\u00e9osynth\u00e9tique compos\u00e9e d'une g\u00e9omembrane en poly\u00e9thyl\u00e8ne haute densit\u00e9 (PEHD) lamin\u00e9e avec un g\u00e9otextile non tiss\u00e9 aiguillet\u00e9. Elle est sp\u00e9cialement con\u00e7ue pour les bassins de r\u00e9sidus et les applications de confinement des d\u00e9chets miniers, offrant une excellente r\u00e9sistance chimique, une r\u00e9sistance au vieillissement et une r\u00e9sistance m\u00e9canique permettant de pr\u00e9venir efficacement les fuites de substances dangereuses et de prot\u00e9ger les eaux souterraines et les environnements environnants.<\/p>","protected":false},"featured_media":13116,"template":"","meta":{"_et_pb_use_builder":"","_et_pb_old_content":"","_et_gb_content_width":""},"product_cat":[313],"product_tag":[323],"yoast_head":"<!-- This site is optimized with the Yoast SEO plugin v22.7 - https:\/\/yoast.com\/wordpress\/plugins\/seo\/ -->\n<title>Composite geomembrane for tailings engineering - Boshida Nonwoven<\/title>\n<meta name=\"description\" content=\"Composite geomembrane for tailings engineering , we provide Geosynthetic Needle-Punched Non-woven Fabric, Household needle punched non-woven fabric, Automotive Non-woven Fabric with good price.\" \/>\n<meta name=\"robots\" content=\"index, follow, max-snippet:-1, max-image-preview:large, max-video-preview:-1\" \/>\n<link rel=\"canonical\" href=\"https:\/\/www.bsdnonwoven.com\/fr\/produit\/composite-geomembrane-for-tailings-engineering-2\/\" \/>\n<meta property=\"og:locale\" content=\"fr_FR\" \/>\n<meta property=\"og:type\" content=\"article\" \/>\n<meta property=\"og:title\" content=\"Composite geomembrane for tailings engineering - Boshida Nonwoven\" \/>\n<meta property=\"og:description\" content=\"Composite geomembrane for tailings engineering , we provide Geosynthetic Needle-Punched Non-woven Fabric, Household needle punched non-woven fabric, Automotive Non-woven Fabric with good price.\" \/>\n<meta property=\"og:url\" content=\"https:\/\/www.bsdnonwoven.com\/fr\/produit\/composite-geomembrane-for-tailings-engineering-2\/\" \/>\n<meta property=\"og:site_name\" content=\"Boshida Nonwoven\" \/>\n<meta property=\"article:modified_time\" content=\"2025-06-25T09:19:49+00:00\" \/>\n<meta property=\"og:image\" content=\"https:\/\/www.bsdnonwoven.com\/wp-content\/uploads\/2025\/05\/Composite-geomembrane-for-tailings-engineering-6.webp\" \/>\n\t<meta property=\"og:image:width\" content=\"800\" \/>\n\t<meta property=\"og:image:height\" content=\"800\" \/>\n\t<meta property=\"og:image:type\" content=\"image\/webp\" \/>\n<meta name=\"twitter:card\" content=\"summary_large_image\" \/>\n<meta name=\"twitter:label1\" content=\"Dur\u00e9e de lecture estim\u00e9e\" \/>\n\t<meta name=\"twitter:data1\" content=\"2 minutes\" \/>\n<script type=\"application\/ld+json\" class=\"yoast-schema-graph\">{\"@context\":\"https:\/\/schema.org\",\"@graph\":[{\"@type\":\"WebPage\",\"@id\":\"https:\/\/www.bsdnonwoven.com\/product\/composite-geomembrane-for-tailings-engineering-2\/\",\"url\":\"https:\/\/www.bsdnonwoven.com\/product\/composite-geomembrane-for-tailings-engineering-2\/\",\"name\":\"Composite geomembrane for tailings engineering - Boshida Nonwoven\",\"isPartOf\":{\"@id\":\"https:\/\/www.bsdnonwoven.com\/#website\"},\"primaryImageOfPage\":{\"@id\":\"https:\/\/www.bsdnonwoven.com\/product\/composite-geomembrane-for-tailings-engineering-2\/#primaryimage\"},\"image\":{\"@id\":\"https:\/\/www.bsdnonwoven.com\/product\/composite-geomembrane-for-tailings-engineering-2\/#primaryimage\"},\"thumbnailUrl\":\"https:\/\/www.bsdnonwoven.com\/wp-content\/uploads\/2025\/05\/Composite-geomembrane-for-tailings-engineering-6.webp\",\"datePublished\":\"2025-05-21T08:39:50+00:00\",\"dateModified\":\"2025-06-25T09:19:49+00:00\",\"description\":\"Composite geomembrane for tailings engineering , we provide Geosynthetic Needle-Punched Non-woven Fabric, Household needle punched non-woven fabric, Automotive Non-woven Fabric with good price.\",\"breadcrumb\":{\"@id\":\"https:\/\/www.bsdnonwoven.com\/product\/composite-geomembrane-for-tailings-engineering-2\/#breadcrumb\"},\"inLanguage\":\"fr-FR\",\"potentialAction\":[{\"@type\":\"ReadAction\",\"target\":[\"https:\/\/www.bsdnonwoven.com\/product\/composite-geomembrane-for-tailings-engineering-2\/\"]}]},{\"@type\":\"ImageObject\",\"inLanguage\":\"fr-FR\",\"@id\":\"https:\/\/www.bsdnonwoven.com\/product\/composite-geomembrane-for-tailings-engineering-2\/#primaryimage\",\"url\":\"https:\/\/www.bsdnonwoven.com\/wp-content\/uploads\/2025\/05\/Composite-geomembrane-for-tailings-engineering-6.webp\",\"contentUrl\":\"https:\/\/www.bsdnonwoven.com\/wp-content\/uploads\/2025\/05\/Composite-geomembrane-for-tailings-engineering-6.webp\",\"width\":800,\"height\":800,\"caption\":\"Composite geomembrane for tailings engineering\"},{\"@type\":\"BreadcrumbList\",\"@id\":\"https:\/\/www.bsdnonwoven.com\/product\/composite-geomembrane-for-tailings-engineering-2\/#breadcrumb\",\"itemListElement\":[{\"@type\":\"ListItem\",\"position\":1,\"name\":\"Home\",\"item\":\"https:\/\/www.bsdnonwoven.com\/\"},{\"@type\":\"ListItem\",\"position\":2,\"name\":\"Products\",\"item\":\"https:\/\/www.bsdnonwoven.com\/shop\/\"},{\"@type\":\"ListItem\",\"position\":3,\"name\":\"Composite geomembrane for tailings engineering\"}]},{\"@type\":\"WebSite\",\"@id\":\"https:\/\/www.bsdnonwoven.com\/#website\",\"url\":\"https:\/\/www.bsdnonwoven.com\/\",\"name\":\"Boshida Nonwoven\",\"description\":\"\",\"potentialAction\":[{\"@type\":\"SearchAction\",\"target\":{\"@type\":\"EntryPoint\",\"urlTemplate\":\"https:\/\/www.bsdnonwoven.com\/?s={search_term_string}\"},\"query-input\":\"required name=search_term_string\"}],\"inLanguage\":\"fr-FR\"}]}<\/script>\n<!-- \/ Yoast SEO plugin. -->","yoast_head_json":{"title":"Composite geomembrane for tailings engineering - Boshida Nonwoven","description":"Composite geomembrane for tailings engineering , we provide Geosynthetic Needle-Punched Non-woven Fabric, Household needle punched non-woven fabric, Automotive Non-woven Fabric with good price.","robots":{"index":"index","follow":"follow","max-snippet":"max-snippet:-1","max-image-preview":"max-image-preview:large","max-video-preview":"max-video-preview:-1"},"canonical":"https:\/\/www.bsdnonwoven.com\/fr\/produit\/composite-geomembrane-for-tailings-engineering-2\/","og_locale":"fr_FR","og_type":"article","og_title":"Composite geomembrane for tailings engineering - Boshida Nonwoven","og_description":"Composite geomembrane for tailings engineering , we provide Geosynthetic Needle-Punched Non-woven Fabric, Household needle punched non-woven fabric, Automotive Non-woven Fabric with good price.","og_url":"https:\/\/www.bsdnonwoven.com\/fr\/produit\/composite-geomembrane-for-tailings-engineering-2\/","og_site_name":"Boshida Nonwoven","article_modified_time":"2025-06-25T09:19:49+00:00","og_image":[{"width":800,"height":800,"url":"https:\/\/www.bsdnonwoven.com\/wp-content\/uploads\/2025\/05\/Composite-geomembrane-for-tailings-engineering-6.webp","type":"image\/webp"}],"twitter_card":"summary_large_image","twitter_misc":{"Dur\u00e9e de lecture estim\u00e9e":"2 minutes"},"schema":{"@context":"https:\/\/schema.org","@graph":[{"@type":"WebPage","@id":"https:\/\/www.bsdnonwoven.com\/product\/composite-geomembrane-for-tailings-engineering-2\/","url":"https:\/\/www.bsdnonwoven.com\/product\/composite-geomembrane-for-tailings-engineering-2\/","name":"Composite geomembrane for tailings engineering - Boshida Nonwoven","isPartOf":{"@id":"https:\/\/www.bsdnonwoven.com\/#website"},"primaryImageOfPage":{"@id":"https:\/\/www.bsdnonwoven.com\/product\/composite-geomembrane-for-tailings-engineering-2\/#primaryimage"},"image":{"@id":"https:\/\/www.bsdnonwoven.com\/product\/composite-geomembrane-for-tailings-engineering-2\/#primaryimage"},"thumbnailUrl":"https:\/\/www.bsdnonwoven.com\/wp-content\/uploads\/2025\/05\/Composite-geomembrane-for-tailings-engineering-6.webp","datePublished":"2025-05-21T08:39:50+00:00","dateModified":"2025-06-25T09:19:49+00:00","description":"Composite geomembrane for tailings engineering , we provide Geosynthetic Needle-Punched Non-woven Fabric, Household needle punched non-woven fabric, Automotive Non-woven Fabric with good price.","breadcrumb":{"@id":"https:\/\/www.bsdnonwoven.com\/product\/composite-geomembrane-for-tailings-engineering-2\/#breadcrumb"},"inLanguage":"fr-FR","potentialAction":[{"@type":"ReadAction","target":["https:\/\/www.bsdnonwoven.com\/product\/composite-geomembrane-for-tailings-engineering-2\/"]}]},{"@type":"ImageObject","inLanguage":"fr-FR","@id":"https:\/\/www.bsdnonwoven.com\/product\/composite-geomembrane-for-tailings-engineering-2\/#primaryimage","url":"https:\/\/www.bsdnonwoven.com\/wp-content\/uploads\/2025\/05\/Composite-geomembrane-for-tailings-engineering-6.webp","contentUrl":"https:\/\/www.bsdnonwoven.com\/wp-content\/uploads\/2025\/05\/Composite-geomembrane-for-tailings-engineering-6.webp","width":800,"height":800,"caption":"Composite geomembrane for tailings engineering"},{"@type":"BreadcrumbList","@id":"https:\/\/www.bsdnonwoven.com\/product\/composite-geomembrane-for-tailings-engineering-2\/#breadcrumb","itemListElement":[{"@type":"ListItem","position":1,"name":"Home","item":"https:\/\/www.bsdnonwoven.com\/"},{"@type":"ListItem","position":2,"name":"Products","item":"https:\/\/www.bsdnonwoven.com\/shop\/"},{"@type":"ListItem","position":3,"name":"Composite geomembrane for tailings engineering"}]},{"@type":"WebSite","@id":"https:\/\/www.bsdnonwoven.com\/#website","url":"https:\/\/www.bsdnonwoven.com\/","name":"Boshida Nonwoven","description":"","potentialAction":[{"@type":"SearchAction","target":{"@type":"EntryPoint","urlTemplate":"https:\/\/www.bsdnonwoven.com\/?s={search_term_string}"},"query-input":"required name=search_term_string"}],"inLanguage":"fr-FR"}]}},"_links":{"self":[{"href":"https:\/\/www.bsdnonwoven.com\/fr\/wp-json\/wp\/v2\/product\/13114"}],"collection":[{"href":"https:\/\/www.bsdnonwoven.com\/fr\/wp-json\/wp\/v2\/product"}],"about":[{"href":"https:\/\/www.bsdnonwoven.com\/fr\/wp-json\/wp\/v2\/types\/product"}],"wp:featuredmedia":[{"embeddable":true,"href":"https:\/\/www.bsdnonwoven.com\/fr\/wp-json\/wp\/v2\/media\/13116"}],"wp:attachment":[{"href":"https:\/\/www.bsdnonwoven.com\/fr\/wp-json\/wp\/v2\/media?parent=13114"}],"wp:term":[{"taxonomy":"product_cat","embeddable":true,"href":"https:\/\/www.bsdnonwoven.com\/fr\/wp-json\/wp\/v2\/product_cat?post=13114"},{"taxonomy":"product_tag","embeddable":true,"href":"https:\/\/www.bsdnonwoven.com\/fr\/wp-json\/wp\/v2\/product_tag?post=13114"}],"curies":[{"name":"wp","href":"https:\/\/api.w.org\/{rel}","templated":true}]}}