{"id":13122,"date":"2025-05-21T08:55:06","date_gmt":"2025-05-21T08:55:06","guid":{"rendered":"https:\/\/www.bsdnonwoven.com\/?post_type=product&#038;p=13122"},"modified":"2025-06-25T09:15:05","modified_gmt":"2025-06-25T09:15:05","slug":"geotextile-bag-for-slope-protection","status":"publish","type":"product","link":"https:\/\/www.bsdnonwoven.com\/fr\/produit\/geotextile-bag-for-slope-protection\/","title":{"rendered":"Sac g\u00e9otextile pour la protection des pentes"},"content":{"rendered":"<h2>Description du produit<\/h2>\n<p><a href=\"https:\/\/www.bsdnonwoven.com\/category\/geotextile-bag-for-slope-protection\/\"><strong>Sac g\u00e9otextile pour la protection des pentes<\/strong><\/a> est fabriqu\u00e9 \u00e0 partir de tissus non tiss\u00e9s aiguillet\u00e9s tr\u00e8s r\u00e9sistants, g\u00e9n\u00e9ralement compos\u00e9s de polyester (PET) ou de polypropyl\u00e8ne (PP). Ces sacs sont cousus et utilis\u00e9s dans le cadre de projets de protection des pentes \u00e9cologiques telles que les berges des rivi\u00e8res, les r\u00e9servoirs, les lacs et les canaux. Dot\u00e9s d'une excellente perm\u00e9abilit\u00e9 et d'une grande r\u00e9sistance aux intemp\u00e9ries, les sacs peuvent \u00eatre remplis de terre, de semences ou d'autres substrats pour prot\u00e9ger les pentes tout en favorisant la croissance de la v\u00e9g\u00e9tation et la restauration \u00e9cologique.<\/p>\n<h2>Sp\u00e9cifications techniques<\/h2>\n<table class=\"tg\" style=\"border-collapse: collapse; border-spacing: 0;\">\n<thead>\n<tr>\n<th style=\"font-family: Arial, sans-serif; font-size: 14px; font-weight: normal; overflow: hidden; padding: 10px 5px; text-align: left; vertical-align: middle; word-break: normal; border: 1px solid black;\">Param\u00e8tres<\/th>\n<th style=\"font-family: Arial, sans-serif; font-size: 14px; font-weight: normal; overflow: hidden; padding: 10px 5px; text-align: left; vertical-align: middle; word-break: normal; border: 1px solid black;\">Sp\u00e9cifications<\/th>\n<\/tr>\n<\/thead>\n<tbody>\n<tr>\n<td style=\"font-family: Arial, sans-serif; font-size: 14px; overflow: hidden; padding: 10px 5px; text-align: left; vertical-align: middle; word-break: normal; border: 1px solid black;\">Mati\u00e8res premi\u00e8res<\/td>\n<td style=\"font-family: Arial, sans-serif; font-size: 14px; overflow: hidden; padding: 10px 5px; text-align: left; vertical-align: middle; word-break: normal; border: 1px solid black;\">Polyester (PET) ou polypropyl\u00e8ne (PP)<\/td>\n<\/tr>\n<tr>\n<td style=\"font-family: Arial, sans-serif; font-size: 14px; overflow: hidden; padding: 10px 5px; text-align: left; vertical-align: middle; word-break: normal; border: 1px solid black;\">Poids du tissu<\/td>\n<td style=\"font-family: Arial, sans-serif; font-size: 14px; overflow: hidden; padding: 10px 5px; text-align: left; vertical-align: middle; word-break: normal; border: 1px solid black;\">150g\/m\u00b2 - 300g\/m\u00b2<\/td>\n<\/tr>\n<tr>\n<td style=\"font-family: Arial, sans-serif; font-size: 14px; overflow: hidden; padding: 10px 5px; text-align: left; vertical-align: middle; word-break: normal; border: 1px solid black;\">Taille<\/td>\n<td style=\"font-family: Arial, sans-serif; font-size: 14px; overflow: hidden; padding: 10px 5px; text-align: left; vertical-align: middle; word-break: normal; border: 1px solid black;\">40\u00d780cm, 50\u00d7100cm, personnalisable<\/td>\n<\/tr>\n<tr>\n<td style=\"font-family: Arial, sans-serif; font-size: 14px; overflow: hidden; padding: 10px 5px; text-align: left; vertical-align: middle; word-break: normal; border: 1px solid black;\">R\u00e9sistance \u00e0 la traction<\/td>\n<td style=\"font-family: Arial, sans-serif; font-size: 14px; overflow: hidden; padding: 10px 5px; text-align: left; vertical-align: middle; word-break: normal; border: 1px solid black;\">\u2265 8kN\/m<\/td>\n<\/tr>\n<tr>\n<td style=\"font-family: Arial, sans-serif; font-size: 14px; overflow: hidden; padding: 10px 5px; text-align: left; vertical-align: middle; word-break: normal; border: 1px solid black;\">Perm\u00e9abilit\u00e9 \u00e0 l'eau<\/td>\n<td style=\"font-family: Arial, sans-serif; font-size: 14px; overflow: hidden; padding: 10px 5px; text-align: left; vertical-align: middle; word-break: normal; border: 1px solid black;\">Bon<\/td>\n<\/tr>\n<tr>\n<td style=\"font-family: Arial, sans-serif; font-size: 14px; overflow: hidden; padding: 10px 5px; text-align: left; vertical-align: middle; word-break: normal; border: 1px solid black;\">R\u00e9sistance aux UV<\/td>\n<td style=\"font-family: Arial, sans-serif; font-size: 14px; overflow: hidden; padding: 10px 5px; text-align: left; vertical-align: middle; word-break: normal; border: 1px solid black;\">Fort<\/td>\n<\/tr>\n<tr>\n<td style=\"font-family: Arial, sans-serif; font-size: 14px; overflow: hidden; padding: 10px 5px; text-align: left; vertical-align: middle; word-break: normal; border: 1px solid black;\">Dur\u00e9e de vie<\/td>\n<td style=\"font-family: Arial, sans-serif; font-size: 14px; overflow: hidden; padding: 10px 5px; text-align: left; vertical-align: middle; word-break: normal; border: 1px solid black;\">\u22655 ans (exposition naturelle)<\/td>\n<\/tr>\n<tr>\n<td style=\"font-family: Arial, sans-serif; font-size: 14px; overflow: hidden; padding: 10px 5px; text-align: left; vertical-align: middle; word-break: normal; border: 1px solid black;\">Ad\u00e9quation de la v\u00e9g\u00e9tation<\/td>\n<td style=\"font-family: Arial, sans-serif; font-size: 14px; overflow: hidden; padding: 10px 5px; text-align: left; vertical-align: middle; word-break: normal; border: 1px solid black;\">Favorise l'ensemencement direct de gazon<\/td>\n<\/tr>\n<\/tbody>\n<\/table>\n<h2>Caract\u00e9ristiques<\/h2>\n<ul>\n<li>Flexible et durable\uff1aFabriqu\u00e9 avec des fibres de haute densit\u00e9 pour une r\u00e9sistance sup\u00e9rieure \u00e0 la traction et \u00e0 la d\u00e9formation, garantissant une rupture facile sous la contrainte.<\/li>\n<li>Haute r\u00e9sistance\uff1aConstruit \u00e0 partir de polypropyl\u00e8ne\/polyester haute densit\u00e9, il offre une r\u00e9sistance plusieurs fois sup\u00e9rieure \u00e0 celle des fibres ordinaires, ce qui le rend id\u00e9al pour les applications techniques exigeantes.<\/li>\n<li>R\u00e9sistant \u00e0 la corrosion et au vieillissement\uff1aUn rev\u00eatement sp\u00e9cial prot\u00e8ge contre les microbes et les parasites, tandis que des polym\u00e8res r\u00e9sistants aux UV garantissent des performances durables dans des conditions difficiles.<\/li>\n<li>Installation rapide et facile\uff1aFabriqu\u00e9 en machine pour une production rapide, r\u00e9duisant le temps et les co\u00fbts de construction.<\/li>\n<li>Respectueux de l'environnement\uff1aZ\u00e9ro \u00e9mission nocive ou eau us\u00e9e pendant la production, ce qui en fait un choix durable.<\/li>\n<li>Recyclables et biod\u00e9gradables\uff1aLes sacs \u00e0 base de polyester sont enti\u00e8rement recyclables, tandis que les sacs en polypropyl\u00e8ne se d\u00e9composent naturellement, sans laisser d'empreinte sur l'environnement.<\/li>\n<\/ul>\n<h2>Objectif<\/h2>\n<ul>\n<li>Protection des pentes pour les routes et les chemins de fer \uff1aId\u00e9al pour les pentes en d\u00e9blai et en remblai le long des autoroutes et des chemins de fer.<\/li>\n<li>River &amp; Lake Embankments\uff1aEffectivement stabilise les berges des rivi\u00e8res, des lacs et des r\u00e9servoirs.<\/li>\n<li>Utilisations sp\u00e9ciales du g\u00e9nie\uff1aInstallations militaires, contr\u00f4le d'urgence des inondations, bunkers et digues.<\/li>\n<li>Zones riveraines - Elles cr\u00e9ent des berges respectueuses de l'environnement qui harmonisent l'infrastructure humaine avec les habitats de la faune et de la flore.<\/li>\n<li>Mine Reclamation\uff1a R\u00e9utilisation des d\u00e9chets miniers, restauration des zones affaiss\u00e9es et revitalisation des terres st\u00e9riles en vue d'une r\u00e9cup\u00e9ration \u00e9cologique durable.<\/li>\n<li>Stabilisation du littoral et des rives du lac\uff1aAu niveau des glissements de terrain, des entr\u00e9es de ponceaux, des foss\u00e9s de drainage, de l'\u00e9rosion des sols et des syst\u00e8mes d'irrigation.<\/li>\n<li>Constructed Wetlands\uff1aSoutient des projets d'\u00e9co-restauration et de purification de l'eau.<\/li>\n<\/ul>\n<h2>Sc\u00e9narios d'application<\/h2>\n<p><img loading=\"lazy\" decoding=\"async\" class=\"size-full wp-image-13580 aligncenter\" data-src=\"https:\/\/www.bsdnonwoven.com\/wp-content\/uploads\/2025\/05\/Geotextile-Bag-for-Slope-Protection1-2.webp\" alt=\"Sac g\u00e9otextile pour la protection des pentes\" width=\"1500\" height=\"500\" srcset=\"https:\/\/www.bsdnonwoven.com\/wp-content\/uploads\/2025\/05\/Geotextile-Bag-for-Slope-Protection1-2.webp 1500w, https:\/\/www.bsdnonwoven.com\/wp-content\/uploads\/2025\/05\/Geotextile-Bag-for-Slope-Protection1-2-1280x427.webp 1280w, https:\/\/www.bsdnonwoven.com\/wp-content\/uploads\/2025\/05\/Geotextile-Bag-for-Slope-Protection1-2-980x327.webp 980w, https:\/\/www.bsdnonwoven.com\/wp-content\/uploads\/2025\/05\/Geotextile-Bag-for-Slope-Protection1-2-480x160.webp 480w\" sizes=\"(min-width: 0px) and (max-width: 480px) 480px, (min-width: 481px) and (max-width: 980px) 980px, (min-width: 981px) and (max-width: 1280px) 1280px, (min-width: 1281px) 1500px, 100vw\" \/><\/p>","protected":false},"excerpt":{"rendered":"<p><strong>Sac g\u00e9otextile pour la protection des pentes<\/strong> est fabriqu\u00e9 \u00e0 partir de tissus non tiss\u00e9s aiguillet\u00e9s tr\u00e8s r\u00e9sistants, g\u00e9n\u00e9ralement compos\u00e9s de polyester (PET) ou de polypropyl\u00e8ne (PP). Ces sacs sont cousus et utilis\u00e9s dans le cadre de projets de protection des pentes \u00e9cologiques telles que les berges des rivi\u00e8res, les r\u00e9servoirs, les lacs et les canaux. Dot\u00e9s d'une excellente perm\u00e9abilit\u00e9 et d'une grande r\u00e9sistance aux intemp\u00e9ries, les sacs peuvent \u00eatre remplis de terre, de semences ou d'autres substrats pour prot\u00e9ger les pentes tout en favorisant la croissance de la v\u00e9g\u00e9tation et la restauration \u00e9cologique.<\/p>","protected":false},"featured_media":13125,"template":"","meta":{"_et_pb_use_builder":"","_et_pb_old_content":"","_et_gb_content_width":""},"product_cat":[325],"product_tag":[],"yoast_head":"<!-- This site is optimized with the Yoast SEO plugin v22.7 - https:\/\/yoast.com\/wordpress\/plugins\/seo\/ -->\n<title>Geotextile Bag for Slope Protection - Boshida Nonwoven<\/title>\n<meta name=\"description\" content=\"Geotextile Bag for Slope Protection , we provide Geosynthetic Needle-Punched Non-woven Fabric, Household needle punched non-woven fabric, Automotive Non-woven Fabric with good price.\" \/>\n<meta name=\"robots\" content=\"index, follow, max-snippet:-1, max-image-preview:large, max-video-preview:-1\" \/>\n<link rel=\"canonical\" href=\"https:\/\/www.bsdnonwoven.com\/fr\/produit\/geotextile-bag-for-slope-protection\/\" \/>\n<meta property=\"og:locale\" content=\"fr_FR\" \/>\n<meta property=\"og:type\" content=\"article\" \/>\n<meta property=\"og:title\" content=\"Geotextile Bag for Slope Protection - Boshida Nonwoven\" \/>\n<meta property=\"og:description\" content=\"Geotextile Bag for Slope Protection , we provide Geosynthetic Needle-Punched Non-woven Fabric, Household needle punched non-woven fabric, Automotive Non-woven Fabric with good price.\" \/>\n<meta property=\"og:url\" content=\"https:\/\/www.bsdnonwoven.com\/fr\/produit\/geotextile-bag-for-slope-protection\/\" \/>\n<meta property=\"og:site_name\" content=\"Boshida Nonwoven\" \/>\n<meta property=\"article:modified_time\" content=\"2025-06-25T09:15:05+00:00\" \/>\n<meta property=\"og:image\" content=\"https:\/\/www.bsdnonwoven.com\/wp-content\/uploads\/2025\/05\/Geotextile-Bag-for-Slope-Protection-1.webp\" \/>\n\t<meta property=\"og:image:width\" content=\"800\" \/>\n\t<meta property=\"og:image:height\" content=\"800\" \/>\n\t<meta property=\"og:image:type\" content=\"image\/webp\" \/>\n<meta name=\"twitter:card\" content=\"summary_large_image\" \/>\n<meta name=\"twitter:label1\" content=\"Dur\u00e9e de lecture estim\u00e9e\" \/>\n\t<meta name=\"twitter:data1\" content=\"2 minutes\" \/>\n<script type=\"application\/ld+json\" class=\"yoast-schema-graph\">{\"@context\":\"https:\/\/schema.org\",\"@graph\":[{\"@type\":\"WebPage\",\"@id\":\"https:\/\/www.bsdnonwoven.com\/product\/geotextile-bag-for-slope-protection\/\",\"url\":\"https:\/\/www.bsdnonwoven.com\/product\/geotextile-bag-for-slope-protection\/\",\"name\":\"Geotextile Bag for Slope Protection - Boshida Nonwoven\",\"isPartOf\":{\"@id\":\"https:\/\/www.bsdnonwoven.com\/#website\"},\"primaryImageOfPage\":{\"@id\":\"https:\/\/www.bsdnonwoven.com\/product\/geotextile-bag-for-slope-protection\/#primaryimage\"},\"image\":{\"@id\":\"https:\/\/www.bsdnonwoven.com\/product\/geotextile-bag-for-slope-protection\/#primaryimage\"},\"thumbnailUrl\":\"https:\/\/www.bsdnonwoven.com\/wp-content\/uploads\/2025\/05\/Geotextile-Bag-for-Slope-Protection-1.webp\",\"datePublished\":\"2025-05-21T08:55:06+00:00\",\"dateModified\":\"2025-06-25T09:15:05+00:00\",\"description\":\"Geotextile Bag for Slope Protection , we provide Geosynthetic Needle-Punched Non-woven Fabric, Household needle punched non-woven fabric, Automotive Non-woven Fabric with good price.\",\"breadcrumb\":{\"@id\":\"https:\/\/www.bsdnonwoven.com\/product\/geotextile-bag-for-slope-protection\/#breadcrumb\"},\"inLanguage\":\"fr-FR\",\"potentialAction\":[{\"@type\":\"ReadAction\",\"target\":[\"https:\/\/www.bsdnonwoven.com\/product\/geotextile-bag-for-slope-protection\/\"]}]},{\"@type\":\"ImageObject\",\"inLanguage\":\"fr-FR\",\"@id\":\"https:\/\/www.bsdnonwoven.com\/product\/geotextile-bag-for-slope-protection\/#primaryimage\",\"url\":\"https:\/\/www.bsdnonwoven.com\/wp-content\/uploads\/2025\/05\/Geotextile-Bag-for-Slope-Protection-1.webp\",\"contentUrl\":\"https:\/\/www.bsdnonwoven.com\/wp-content\/uploads\/2025\/05\/Geotextile-Bag-for-Slope-Protection-1.webp\",\"width\":800,\"height\":800,\"caption\":\"Geotextile Bag for Slope Protection\"},{\"@type\":\"BreadcrumbList\",\"@id\":\"https:\/\/www.bsdnonwoven.com\/product\/geotextile-bag-for-slope-protection\/#breadcrumb\",\"itemListElement\":[{\"@type\":\"ListItem\",\"position\":1,\"name\":\"Home\",\"item\":\"https:\/\/www.bsdnonwoven.com\/\"},{\"@type\":\"ListItem\",\"position\":2,\"name\":\"Products\",\"item\":\"https:\/\/www.bsdnonwoven.com\/shop\/\"},{\"@type\":\"ListItem\",\"position\":3,\"name\":\"Geotextile Bag for Slope Protection\"}]},{\"@type\":\"WebSite\",\"@id\":\"https:\/\/www.bsdnonwoven.com\/#website\",\"url\":\"https:\/\/www.bsdnonwoven.com\/\",\"name\":\"Boshida Nonwoven\",\"description\":\"\",\"potentialAction\":[{\"@type\":\"SearchAction\",\"target\":{\"@type\":\"EntryPoint\",\"urlTemplate\":\"https:\/\/www.bsdnonwoven.com\/?s={search_term_string}\"},\"query-input\":\"required name=search_term_string\"}],\"inLanguage\":\"fr-FR\"}]}<\/script>\n<!-- \/ Yoast SEO plugin. -->","yoast_head_json":{"title":"Geotextile Bag for Slope Protection - Boshida Nonwoven","description":"Geotextile Bag for Slope Protection , we provide Geosynthetic Needle-Punched Non-woven Fabric, Household needle punched non-woven fabric, Automotive Non-woven Fabric with good price.","robots":{"index":"index","follow":"follow","max-snippet":"max-snippet:-1","max-image-preview":"max-image-preview:large","max-video-preview":"max-video-preview:-1"},"canonical":"https:\/\/www.bsdnonwoven.com\/fr\/produit\/geotextile-bag-for-slope-protection\/","og_locale":"fr_FR","og_type":"article","og_title":"Geotextile Bag for Slope Protection - Boshida Nonwoven","og_description":"Geotextile Bag for Slope Protection , we provide Geosynthetic Needle-Punched Non-woven Fabric, Household needle punched non-woven fabric, Automotive Non-woven Fabric with good price.","og_url":"https:\/\/www.bsdnonwoven.com\/fr\/produit\/geotextile-bag-for-slope-protection\/","og_site_name":"Boshida Nonwoven","article_modified_time":"2025-06-25T09:15:05+00:00","og_image":[{"width":800,"height":800,"url":"https:\/\/www.bsdnonwoven.com\/wp-content\/uploads\/2025\/05\/Geotextile-Bag-for-Slope-Protection-1.webp","type":"image\/webp"}],"twitter_card":"summary_large_image","twitter_misc":{"Dur\u00e9e de lecture estim\u00e9e":"2 minutes"},"schema":{"@context":"https:\/\/schema.org","@graph":[{"@type":"WebPage","@id":"https:\/\/www.bsdnonwoven.com\/product\/geotextile-bag-for-slope-protection\/","url":"https:\/\/www.bsdnonwoven.com\/product\/geotextile-bag-for-slope-protection\/","name":"Geotextile Bag for Slope Protection - Boshida Nonwoven","isPartOf":{"@id":"https:\/\/www.bsdnonwoven.com\/#website"},"primaryImageOfPage":{"@id":"https:\/\/www.bsdnonwoven.com\/product\/geotextile-bag-for-slope-protection\/#primaryimage"},"image":{"@id":"https:\/\/www.bsdnonwoven.com\/product\/geotextile-bag-for-slope-protection\/#primaryimage"},"thumbnailUrl":"https:\/\/www.bsdnonwoven.com\/wp-content\/uploads\/2025\/05\/Geotextile-Bag-for-Slope-Protection-1.webp","datePublished":"2025-05-21T08:55:06+00:00","dateModified":"2025-06-25T09:15:05+00:00","description":"Geotextile Bag for Slope Protection , we provide Geosynthetic Needle-Punched Non-woven Fabric, Household needle punched non-woven fabric, Automotive Non-woven Fabric with good price.","breadcrumb":{"@id":"https:\/\/www.bsdnonwoven.com\/product\/geotextile-bag-for-slope-protection\/#breadcrumb"},"inLanguage":"fr-FR","potentialAction":[{"@type":"ReadAction","target":["https:\/\/www.bsdnonwoven.com\/product\/geotextile-bag-for-slope-protection\/"]}]},{"@type":"ImageObject","inLanguage":"fr-FR","@id":"https:\/\/www.bsdnonwoven.com\/product\/geotextile-bag-for-slope-protection\/#primaryimage","url":"https:\/\/www.bsdnonwoven.com\/wp-content\/uploads\/2025\/05\/Geotextile-Bag-for-Slope-Protection-1.webp","contentUrl":"https:\/\/www.bsdnonwoven.com\/wp-content\/uploads\/2025\/05\/Geotextile-Bag-for-Slope-Protection-1.webp","width":800,"height":800,"caption":"Geotextile Bag for Slope Protection"},{"@type":"BreadcrumbList","@id":"https:\/\/www.bsdnonwoven.com\/product\/geotextile-bag-for-slope-protection\/#breadcrumb","itemListElement":[{"@type":"ListItem","position":1,"name":"Home","item":"https:\/\/www.bsdnonwoven.com\/"},{"@type":"ListItem","position":2,"name":"Products","item":"https:\/\/www.bsdnonwoven.com\/shop\/"},{"@type":"ListItem","position":3,"name":"Geotextile Bag for Slope Protection"}]},{"@type":"WebSite","@id":"https:\/\/www.bsdnonwoven.com\/#website","url":"https:\/\/www.bsdnonwoven.com\/","name":"Boshida Nonwoven","description":"","potentialAction":[{"@type":"SearchAction","target":{"@type":"EntryPoint","urlTemplate":"https:\/\/www.bsdnonwoven.com\/?s={search_term_string}"},"query-input":"required name=search_term_string"}],"inLanguage":"fr-FR"}]}},"_links":{"self":[{"href":"https:\/\/www.bsdnonwoven.com\/fr\/wp-json\/wp\/v2\/product\/13122"}],"collection":[{"href":"https:\/\/www.bsdnonwoven.com\/fr\/wp-json\/wp\/v2\/product"}],"about":[{"href":"https:\/\/www.bsdnonwoven.com\/fr\/wp-json\/wp\/v2\/types\/product"}],"wp:featuredmedia":[{"embeddable":true,"href":"https:\/\/www.bsdnonwoven.com\/fr\/wp-json\/wp\/v2\/media\/13125"}],"wp:attachment":[{"href":"https:\/\/www.bsdnonwoven.com\/fr\/wp-json\/wp\/v2\/media?parent=13122"}],"wp:term":[{"taxonomy":"product_cat","embeddable":true,"href":"https:\/\/www.bsdnonwoven.com\/fr\/wp-json\/wp\/v2\/product_cat?post=13122"},{"taxonomy":"product_tag","embeddable":true,"href":"https:\/\/www.bsdnonwoven.com\/fr\/wp-json\/wp\/v2\/product_tag?post=13122"}],"curies":[{"name":"wp","href":"https:\/\/api.w.org\/{rel}","templated":true}]}}