{"id":13131,"date":"2025-05-21T08:59:21","date_gmt":"2025-05-21T08:59:21","guid":{"rendered":"https:\/\/www.bsdnonwoven.com\/?post_type=product&#038;p=13131"},"modified":"2025-06-25T09:14:26","modified_gmt":"2025-06-25T09:14:26","slug":"bentonite-waterproof-blanket-2","status":"publish","type":"product","link":"https:\/\/www.bsdnonwoven.com\/fr\/produit\/bentonite-waterproof-blanket-2\/","title":{"rendered":"Couverture imperm\u00e9able \u00e0 la bentonite"},"content":{"rendered":"<h2>Description du produit<\/h2>\n<p>Le rev\u00eatement d'argile g\u00e9osynth\u00e9tique (GCL) est un mat\u00e9riau d'\u00e9tanch\u00e9it\u00e9 haute performance compos\u00e9 de bentonite sodique naturelle prise en sandwich entre deux couches de g\u00e9otextiles, li\u00e9es entre elles par la technologie de l'aiguilletage. Dans le domaine de l'ing\u00e9nierie hydraulique, les GCL sont largement utilis\u00e9s dans les canaux, les barrages, les r\u00e9servoirs et les lacs artificiels pour contr\u00f4ler les infiltrations. La couche de bentonite gonfle au contact de l'eau, formant une barri\u00e8re g\u00e9lifi\u00e9e peu perm\u00e9able qui emp\u00eache efficacement l'infiltration de l'eau et assure la stabilit\u00e9 des structures hydrauliques.<\/p>\n<h2>Sp\u00e9cifications techniques<\/h2>\n<table class=\"tg\" style=\"border-collapse: collapse; border-spacing: 0;\">\n<thead>\n<tr>\n<th style=\"font-family: Arial, sans-serif; font-size: 14px; font-weight: bold; overflow: hidden; padding: 10px 5px; text-align: center; vertical-align: middle; word-break: normal; border: 1px solid black;\">Param\u00e8tres<\/th>\n<th style=\"font-family: Arial, sans-serif; font-size: 14px; font-weight: bold; overflow: hidden; padding: 10px 5px; text-align: center; vertical-align: middle; word-break: normal; border: 1px solid black;\">Sp\u00e9cifications<\/th>\n<\/tr>\n<\/thead>\n<tbody>\n<tr>\n<td style=\"font-family: Arial, sans-serif; font-size: 14px; overflow: hidden; padding: 10px 5px; text-align: left; vertical-align: middle; word-break: normal; border: 1px solid black;\">Mat\u00e9riau<\/td>\n<td style=\"font-family: Arial, sans-serif; font-size: 14px; overflow: hidden; padding: 10px 5px; text-align: left; vertical-align: middle; word-break: normal; border: 1px solid black;\">Polyester (PET) ou polypropyl\u00e8ne (PP)<\/td>\n<\/tr>\n<tr>\n<td style=\"font-family: Arial, sans-serif; font-size: 14px; overflow: hidden; padding: 10px 5px; text-align: left; vertical-align: middle; word-break: normal; border: 1px solid black;\">Poids du tissu<\/td>\n<td style=\"font-family: Arial, sans-serif; font-size: 14px; overflow: hidden; padding: 10px 5px; text-align: left; vertical-align: middle; word-break: normal; border: 1px solid black;\">150g\/m\u00b2 - 300g\/m\u00b2<\/td>\n<\/tr>\n<tr>\n<td style=\"font-family: Arial, sans-serif; font-size: 14px; overflow: hidden; padding: 10px 5px; text-align: left; vertical-align: middle; word-break: normal; border: 1px solid black;\">Taille<\/td>\n<td style=\"font-family: Arial, sans-serif; font-size: 14px; overflow: hidden; padding: 10px 5px; text-align: left; vertical-align: middle; word-break: normal; border: 1px solid black;\">40\u00d780cm, 50\u00d7100cm, personnalisable<\/td>\n<\/tr>\n<tr>\n<td style=\"font-family: Arial, sans-serif; font-size: 14px; overflow: hidden; padding: 10px 5px; text-align: left; vertical-align: middle; word-break: normal; border: 1px solid black;\">R\u00e9sistance \u00e0 la traction<\/td>\n<td style=\"font-family: Arial, sans-serif; font-size: 14px; overflow: hidden; padding: 10px 5px; text-align: left; vertical-align: middle; word-break: normal; border: 1px solid black;\">\u2265 8kN\/m<\/td>\n<\/tr>\n<tr>\n<td style=\"font-family: Arial, sans-serif; font-size: 14px; overflow: hidden; padding: 10px 5px; text-align: left; vertical-align: middle; word-break: normal; border: 1px solid black;\">Perm\u00e9abilit\u00e9 \u00e0 l'eau<\/td>\n<td style=\"font-family: Arial, sans-serif; font-size: 14px; overflow: hidden; padding: 10px 5px; text-align: left; vertical-align: middle; word-break: normal; border: 1px solid black;\">Bon<\/td>\n<\/tr>\n<tr>\n<td style=\"font-family: Arial, sans-serif; font-size: 14px; overflow: hidden; padding: 10px 5px; text-align: left; vertical-align: middle; word-break: normal; border: 1px solid black;\">R\u00e9sistance aux UV<\/td>\n<td style=\"font-family: Arial, sans-serif; font-size: 14px; overflow: hidden; padding: 10px 5px; text-align: left; vertical-align: middle; word-break: normal; border: 1px solid black;\">Fort<\/td>\n<\/tr>\n<tr>\n<td style=\"font-family: Arial, sans-serif; font-size: 14px; overflow: hidden; padding: 10px 5px; text-align: left; vertical-align: middle; word-break: normal; border: 1px solid black;\">Dur\u00e9e de vie<\/td>\n<td style=\"font-family: Arial, sans-serif; font-size: 14px; overflow: hidden; padding: 10px 5px; text-align: left; vertical-align: middle; word-break: normal; border: 1px solid black;\">\u22655 ans (exposition naturelle)<\/td>\n<\/tr>\n<tr>\n<td style=\"font-family: Arial, sans-serif; font-size: 14px; overflow: hidden; padding: 10px 5px; text-align: left; vertical-align: middle; word-break: normal; border: 1px solid black;\">Ad\u00e9quation de la v\u00e9g\u00e9tation<\/td>\n<td style=\"font-family: Arial, sans-serif; font-size: 14px; overflow: hidden; padding: 10px 5px; text-align: left; vertical-align: middle; word-break: normal; border: 1px solid black;\">Favorise l'ensemencement direct de gazon<\/td>\n<\/tr>\n<\/tbody>\n<\/table>\n<h2>Caract\u00e9ristiques<\/h2>\n<ul>\n<li><strong>Compacit\u00e9<\/strong>: La bentonite sodique forme une membrane imperm\u00e9able de haute densit\u00e9 sous la pression de l'eau, offrant de fortes propri\u00e9t\u00e9s d'auto-r\u00e9tention de l'eau.<\/li>\n<li><strong>Imperm\u00e9abilisation permanente<\/strong>: La bentonite de sodium \u00e9tant un mat\u00e9riau inorganique naturel, elle ne se d\u00e9grade pas et ne se corrode pas avec le temps ou sous l'effet des changements environnementaux, ce qui garantit une \u00e9tanch\u00e9it\u00e9 durable.<\/li>\n<li><strong>Une construction facile et rapide<\/strong>: Par rapport \u00e0 d'autres mat\u00e9riaux d'\u00e9tanch\u00e9it\u00e9, son installation est plus simple, ne n\u00e9cessitant pas de chauffage ou d'adh\u00e9rence.<\/li>\n<li><strong>R\u00e9sistant \u00e0 la temp\u00e9rature<\/strong>: Il reste intact m\u00eame dans les climats froids sans devenir cassant.<\/li>\n<li><strong>Int\u00e9gration \u00e0 la structure<\/strong>: Le mat\u00e9riau d'imperm\u00e9abilisation adh\u00e8re parfaitement au substrat.<\/li>\n<li><strong>Respect de l'environnement<\/strong>: La bentonite est un mat\u00e9riau inorganique naturel, non toxique et inoffensif pour l'homme, dont l'impact sur l'environnement est minime, ce qui en fait un produit hautement durable.<\/li>\n<\/ul>\n<h2>Application<\/h2>\n<ul>\n<li><strong>Ing\u00e9nierie municipale<\/strong>: Pr\u00e9vention des infiltrations dans les m\u00e9tros, les structures souterraines et les r\u00e9servoirs d'eau sur les toits.<\/li>\n<li><strong>Environnement et assainissement<\/strong>: Sites d'enfouissement des d\u00e9chets solides municipaux, stations d'\u00e9puration des eaux us\u00e9es et confinement des d\u00e9chets industriels.<\/li>\n<li><strong>Conservation de l'eau<\/strong>: Contr\u00f4le des infiltrations, colmatage des fuites et renforcement des rivi\u00e8res, lacs, r\u00e9servoirs et barrages.<\/li>\n<li><strong>Am\u00e9nagement paysager<\/strong>: Imperm\u00e9abilisation de lacs artificiels, d'\u00e9tangs de terrains de golf et d'applications similaires.<\/li>\n<li><strong>P\u00e9trochimie et mines<\/strong>: Pr\u00e9vention des infiltrations et des fuites dans les projets d'ing\u00e9nierie connexes.<\/li>\n<\/ul>\n<h2>Sc\u00e9narios d'application<\/h2>\n<p><img loading=\"lazy\" decoding=\"async\" class=\"alignnone size-full wp-image-13571\" data-src=\"https:\/\/www.bsdnonwoven.com\/wp-content\/uploads\/2025\/05\/Bentonite-waterproof-blanket1-2.webp\" alt=\"Couverture imperm\u00e9able \u00e0 la bentonite1\" width=\"1500\" height=\"500\" srcset=\"https:\/\/www.bsdnonwoven.com\/wp-content\/uploads\/2025\/05\/Bentonite-waterproof-blanket1-2.webp 1500w, https:\/\/www.bsdnonwoven.com\/wp-content\/uploads\/2025\/05\/Bentonite-waterproof-blanket1-2-1280x427.webp 1280w, https:\/\/www.bsdnonwoven.com\/wp-content\/uploads\/2025\/05\/Bentonite-waterproof-blanket1-2-980x327.webp 980w, https:\/\/www.bsdnonwoven.com\/wp-content\/uploads\/2025\/05\/Bentonite-waterproof-blanket1-2-480x160.webp 480w\" sizes=\"(min-width: 0px) and (max-width: 480px) 480px, (min-width: 481px) and (max-width: 980px) 980px, (min-width: 981px) and (max-width: 1280px) 1280px, (min-width: 1281px) 1500px, 100vw\" \/><\/p>","protected":false},"excerpt":{"rendered":"<p>Le rev\u00eatement d'argile g\u00e9osynth\u00e9tique (GCL) est un mat\u00e9riau d'\u00e9tanch\u00e9it\u00e9 haute performance compos\u00e9 de bentonite sodique naturelle prise en sandwich entre deux couches de g\u00e9otextiles, li\u00e9es entre elles par la technologie de l'aiguilletage. Dans le domaine de l'ing\u00e9nierie hydraulique, les GCL sont largement utilis\u00e9s dans les canaux, les barrages, les r\u00e9servoirs et les lacs artificiels pour contr\u00f4ler les infiltrations. La couche de bentonite gonfle au contact de l'eau, formant une barri\u00e8re g\u00e9lifi\u00e9e peu perm\u00e9able qui emp\u00eache efficacement l'infiltration de l'eau et assure la stabilit\u00e9 des structures hydrauliques.<\/p>","protected":false},"featured_media":13133,"template":"","meta":{"_et_pb_use_builder":"","_et_pb_old_content":"","_et_gb_content_width":""},"product_cat":[324],"product_tag":[281],"yoast_head":"<!-- This site is optimized with the Yoast SEO plugin v22.7 - https:\/\/yoast.com\/wordpress\/plugins\/seo\/ -->\n<title>Bentonite waterproof blanket - Boshida Nonwoven<\/title>\n<meta name=\"description\" content=\"Bentonite waterproof blanket , we provide Geosynthetic Needle-Punched Non-woven Fabric, Household needle punched non-woven fabric, Automotive Non-woven Fabric with good price.\" \/>\n<meta name=\"robots\" content=\"index, follow, max-snippet:-1, max-image-preview:large, max-video-preview:-1\" \/>\n<link rel=\"canonical\" href=\"https:\/\/www.bsdnonwoven.com\/fr\/produit\/bentonite-waterproof-blanket-2\/\" \/>\n<meta property=\"og:locale\" content=\"fr_FR\" \/>\n<meta property=\"og:type\" content=\"article\" \/>\n<meta property=\"og:title\" content=\"Bentonite waterproof blanket - Boshida Nonwoven\" \/>\n<meta property=\"og:description\" content=\"Bentonite waterproof blanket , we provide Geosynthetic Needle-Punched Non-woven Fabric, Household needle punched non-woven fabric, Automotive Non-woven Fabric with good price.\" \/>\n<meta property=\"og:url\" content=\"https:\/\/www.bsdnonwoven.com\/fr\/produit\/bentonite-waterproof-blanket-2\/\" \/>\n<meta property=\"og:site_name\" content=\"Boshida Nonwoven\" \/>\n<meta property=\"article:modified_time\" content=\"2025-06-25T09:14:26+00:00\" \/>\n<meta property=\"og:image\" content=\"https:\/\/www.bsdnonwoven.com\/wp-content\/uploads\/2025\/05\/Bentonite-waterproof-blanket-1.webp\" \/>\n\t<meta property=\"og:image:width\" content=\"800\" \/>\n\t<meta property=\"og:image:height\" content=\"800\" \/>\n\t<meta property=\"og:image:type\" content=\"image\/webp\" \/>\n<meta name=\"twitter:card\" content=\"summary_large_image\" \/>\n<meta name=\"twitter:label1\" content=\"Dur\u00e9e de lecture estim\u00e9e\" \/>\n\t<meta name=\"twitter:data1\" content=\"2 minutes\" \/>\n<script type=\"application\/ld+json\" class=\"yoast-schema-graph\">{\"@context\":\"https:\/\/schema.org\",\"@graph\":[{\"@type\":\"WebPage\",\"@id\":\"https:\/\/www.bsdnonwoven.com\/product\/bentonite-waterproof-blanket-2\/\",\"url\":\"https:\/\/www.bsdnonwoven.com\/product\/bentonite-waterproof-blanket-2\/\",\"name\":\"Bentonite waterproof blanket - Boshida Nonwoven\",\"isPartOf\":{\"@id\":\"https:\/\/www.bsdnonwoven.com\/#website\"},\"primaryImageOfPage\":{\"@id\":\"https:\/\/www.bsdnonwoven.com\/product\/bentonite-waterproof-blanket-2\/#primaryimage\"},\"image\":{\"@id\":\"https:\/\/www.bsdnonwoven.com\/product\/bentonite-waterproof-blanket-2\/#primaryimage\"},\"thumbnailUrl\":\"https:\/\/www.bsdnonwoven.com\/wp-content\/uploads\/2025\/05\/Bentonite-waterproof-blanket-1.webp\",\"datePublished\":\"2025-05-21T08:59:21+00:00\",\"dateModified\":\"2025-06-25T09:14:26+00:00\",\"description\":\"Bentonite waterproof blanket , we provide Geosynthetic Needle-Punched Non-woven Fabric, Household needle punched non-woven fabric, Automotive Non-woven Fabric with good price.\",\"breadcrumb\":{\"@id\":\"https:\/\/www.bsdnonwoven.com\/product\/bentonite-waterproof-blanket-2\/#breadcrumb\"},\"inLanguage\":\"fr-FR\",\"potentialAction\":[{\"@type\":\"ReadAction\",\"target\":[\"https:\/\/www.bsdnonwoven.com\/product\/bentonite-waterproof-blanket-2\/\"]}]},{\"@type\":\"ImageObject\",\"inLanguage\":\"fr-FR\",\"@id\":\"https:\/\/www.bsdnonwoven.com\/product\/bentonite-waterproof-blanket-2\/#primaryimage\",\"url\":\"https:\/\/www.bsdnonwoven.com\/wp-content\/uploads\/2025\/05\/Bentonite-waterproof-blanket-1.webp\",\"contentUrl\":\"https:\/\/www.bsdnonwoven.com\/wp-content\/uploads\/2025\/05\/Bentonite-waterproof-blanket-1.webp\",\"width\":800,\"height\":800,\"caption\":\"Bentonite waterproof blanket\"},{\"@type\":\"BreadcrumbList\",\"@id\":\"https:\/\/www.bsdnonwoven.com\/product\/bentonite-waterproof-blanket-2\/#breadcrumb\",\"itemListElement\":[{\"@type\":\"ListItem\",\"position\":1,\"name\":\"Home\",\"item\":\"https:\/\/www.bsdnonwoven.com\/\"},{\"@type\":\"ListItem\",\"position\":2,\"name\":\"Products\",\"item\":\"https:\/\/www.bsdnonwoven.com\/shop\/\"},{\"@type\":\"ListItem\",\"position\":3,\"name\":\"Bentonite waterproof blanket\"}]},{\"@type\":\"WebSite\",\"@id\":\"https:\/\/www.bsdnonwoven.com\/#website\",\"url\":\"https:\/\/www.bsdnonwoven.com\/\",\"name\":\"Boshida Nonwoven\",\"description\":\"\",\"potentialAction\":[{\"@type\":\"SearchAction\",\"target\":{\"@type\":\"EntryPoint\",\"urlTemplate\":\"https:\/\/www.bsdnonwoven.com\/?s={search_term_string}\"},\"query-input\":\"required name=search_term_string\"}],\"inLanguage\":\"fr-FR\"}]}<\/script>\n<!-- \/ Yoast SEO plugin. -->","yoast_head_json":{"title":"Bentonite waterproof blanket - Boshida Nonwoven","description":"Bentonite waterproof blanket , we provide Geosynthetic Needle-Punched Non-woven Fabric, Household needle punched non-woven fabric, Automotive Non-woven Fabric with good price.","robots":{"index":"index","follow":"follow","max-snippet":"max-snippet:-1","max-image-preview":"max-image-preview:large","max-video-preview":"max-video-preview:-1"},"canonical":"https:\/\/www.bsdnonwoven.com\/fr\/produit\/bentonite-waterproof-blanket-2\/","og_locale":"fr_FR","og_type":"article","og_title":"Bentonite waterproof blanket - Boshida Nonwoven","og_description":"Bentonite waterproof blanket , we provide Geosynthetic Needle-Punched Non-woven Fabric, Household needle punched non-woven fabric, Automotive Non-woven Fabric with good price.","og_url":"https:\/\/www.bsdnonwoven.com\/fr\/produit\/bentonite-waterproof-blanket-2\/","og_site_name":"Boshida Nonwoven","article_modified_time":"2025-06-25T09:14:26+00:00","og_image":[{"width":800,"height":800,"url":"https:\/\/www.bsdnonwoven.com\/wp-content\/uploads\/2025\/05\/Bentonite-waterproof-blanket-1.webp","type":"image\/webp"}],"twitter_card":"summary_large_image","twitter_misc":{"Dur\u00e9e de lecture estim\u00e9e":"2 minutes"},"schema":{"@context":"https:\/\/schema.org","@graph":[{"@type":"WebPage","@id":"https:\/\/www.bsdnonwoven.com\/product\/bentonite-waterproof-blanket-2\/","url":"https:\/\/www.bsdnonwoven.com\/product\/bentonite-waterproof-blanket-2\/","name":"Bentonite waterproof blanket - Boshida Nonwoven","isPartOf":{"@id":"https:\/\/www.bsdnonwoven.com\/#website"},"primaryImageOfPage":{"@id":"https:\/\/www.bsdnonwoven.com\/product\/bentonite-waterproof-blanket-2\/#primaryimage"},"image":{"@id":"https:\/\/www.bsdnonwoven.com\/product\/bentonite-waterproof-blanket-2\/#primaryimage"},"thumbnailUrl":"https:\/\/www.bsdnonwoven.com\/wp-content\/uploads\/2025\/05\/Bentonite-waterproof-blanket-1.webp","datePublished":"2025-05-21T08:59:21+00:00","dateModified":"2025-06-25T09:14:26+00:00","description":"Bentonite waterproof blanket , we provide Geosynthetic Needle-Punched Non-woven Fabric, Household needle punched non-woven fabric, Automotive Non-woven Fabric with good price.","breadcrumb":{"@id":"https:\/\/www.bsdnonwoven.com\/product\/bentonite-waterproof-blanket-2\/#breadcrumb"},"inLanguage":"fr-FR","potentialAction":[{"@type":"ReadAction","target":["https:\/\/www.bsdnonwoven.com\/product\/bentonite-waterproof-blanket-2\/"]}]},{"@type":"ImageObject","inLanguage":"fr-FR","@id":"https:\/\/www.bsdnonwoven.com\/product\/bentonite-waterproof-blanket-2\/#primaryimage","url":"https:\/\/www.bsdnonwoven.com\/wp-content\/uploads\/2025\/05\/Bentonite-waterproof-blanket-1.webp","contentUrl":"https:\/\/www.bsdnonwoven.com\/wp-content\/uploads\/2025\/05\/Bentonite-waterproof-blanket-1.webp","width":800,"height":800,"caption":"Bentonite waterproof blanket"},{"@type":"BreadcrumbList","@id":"https:\/\/www.bsdnonwoven.com\/product\/bentonite-waterproof-blanket-2\/#breadcrumb","itemListElement":[{"@type":"ListItem","position":1,"name":"Home","item":"https:\/\/www.bsdnonwoven.com\/"},{"@type":"ListItem","position":2,"name":"Products","item":"https:\/\/www.bsdnonwoven.com\/shop\/"},{"@type":"ListItem","position":3,"name":"Bentonite waterproof blanket"}]},{"@type":"WebSite","@id":"https:\/\/www.bsdnonwoven.com\/#website","url":"https:\/\/www.bsdnonwoven.com\/","name":"Boshida Nonwoven","description":"","potentialAction":[{"@type":"SearchAction","target":{"@type":"EntryPoint","urlTemplate":"https:\/\/www.bsdnonwoven.com\/?s={search_term_string}"},"query-input":"required name=search_term_string"}],"inLanguage":"fr-FR"}]}},"_links":{"self":[{"href":"https:\/\/www.bsdnonwoven.com\/fr\/wp-json\/wp\/v2\/product\/13131"}],"collection":[{"href":"https:\/\/www.bsdnonwoven.com\/fr\/wp-json\/wp\/v2\/product"}],"about":[{"href":"https:\/\/www.bsdnonwoven.com\/fr\/wp-json\/wp\/v2\/types\/product"}],"wp:featuredmedia":[{"embeddable":true,"href":"https:\/\/www.bsdnonwoven.com\/fr\/wp-json\/wp\/v2\/media\/13133"}],"wp:attachment":[{"href":"https:\/\/www.bsdnonwoven.com\/fr\/wp-json\/wp\/v2\/media?parent=13131"}],"wp:term":[{"taxonomy":"product_cat","embeddable":true,"href":"https:\/\/www.bsdnonwoven.com\/fr\/wp-json\/wp\/v2\/product_cat?post=13131"},{"taxonomy":"product_tag","embeddable":true,"href":"https:\/\/www.bsdnonwoven.com\/fr\/wp-json\/wp\/v2\/product_tag?post=13131"}],"curies":[{"name":"wp","href":"https:\/\/api.w.org\/{rel}","templated":true}]}}