{"id":13151,"date":"2025-04-15T09:11:16","date_gmt":"2025-04-15T09:11:16","guid":{"rendered":"https:\/\/www.bsdnonwoven.com\/?post_type=product&#038;p=13151"},"modified":"2025-06-26T08:18:22","modified_gmt":"2025-06-26T08:18:22","slug":"rigid-nonwoven-for-sofa-and-headboard","status":"publish","type":"product","link":"https:\/\/www.bsdnonwoven.com\/fr\/produit\/rigid-nonwoven-for-sofa-and-headboard\/","title":{"rendered":"Non-tiss\u00e9 rigide pour canap\u00e9 et t\u00eate de lit"},"content":{"rendered":"<h2>Description du produit<\/h2>\n<p>Ce non-tiss\u00e9 aiguillet\u00e9 est fabriqu\u00e9 \u00e0 partir de fibres de polyester ou de polypropyl\u00e8ne de haute qualit\u00e9 et form\u00e9 par un processus d'aiguilletage dense. Il offre une excellente r\u00e9sistance et une grande stabilit\u00e9 structurelle, ce qui le rend largement utilis\u00e9 dans la fabrication de meubles, en particulier dans des domaines tels que les t\u00eates de lit, les dossiers de si\u00e8ges et les rev\u00eatements de canap\u00e9s. Il sert de couche de soutien interne qui am\u00e9liore la forme, le confort et la durabilit\u00e9.<\/p>\n<h2>Principales sp\u00e9cifications<\/h2>\n<table class=\"tg\" style=\"border-collapse: collapse; border-spacing: 0;\">\n<thead>\n<tr>\n<th style=\"font-family: Arial, sans-serif; font-size: 14px; font-weight: bold; overflow: hidden; padding: 10px 5px; text-align: left; vertical-align: middle; word-break: normal; border: 1px solid black;\">Param\u00e8tres<\/th>\n<th style=\"font-family: Arial, sans-serif; font-size: 14px; font-weight: bold; overflow: hidden; padding: 10px 5px; text-align: left; vertical-align: middle; word-break: normal; border: 1px solid black;\">Sp\u00e9cifications<\/th>\n<\/tr>\n<\/thead>\n<tbody>\n<tr>\n<td style=\"font-family: Arial, sans-serif; font-size: 14px; overflow: hidden; padding: 10px 5px; text-align: left; vertical-align: middle; word-break: normal; border: 1px solid black;\">Mat\u00e9riau<\/td>\n<td style=\"font-family: Arial, sans-serif; font-size: 14px; overflow: hidden; padding: 10px 5px; text-align: left; vertical-align: middle; word-break: normal; border: 1px solid black;\">Polyester (PET) ou polypropyl\u00e8ne (PP)<\/td>\n<\/tr>\n<tr>\n<td style=\"font-family: Arial, sans-serif; font-size: 14px; overflow: hidden; padding: 10px 5px; text-align: left; vertical-align: middle; word-break: normal; border: 1px solid black;\">Processus<\/td>\n<td style=\"font-family: Arial, sans-serif; font-size: 14px; overflow: hidden; padding: 10px 5px; text-align: left; vertical-align: middle; word-break: normal; border: 1px solid black;\">Poin\u00e7onnage \u00e0 l'aiguille<\/td>\n<\/tr>\n<tr>\n<td style=\"font-family: Arial, sans-serif; font-size: 14px; overflow: hidden; padding: 10px 5px; text-align: left; vertical-align: middle; word-break: normal; border: 1px solid black;\">Poids<\/td>\n<td style=\"font-family: Arial, sans-serif; font-size: 14px; overflow: hidden; padding: 10px 5px; text-align: left; vertical-align: middle; word-break: normal; border: 1px solid black;\">100-600g\/m\u00b2 (personnalisable)<\/td>\n<\/tr>\n<tr>\n<td style=\"font-family: Arial, sans-serif; font-size: 14px; overflow: hidden; padding: 10px 5px; text-align: left; vertical-align: middle; word-break: normal; border: 1px solid black;\">\u00c9paisseur<\/td>\n<td style=\"font-family: Arial, sans-serif; font-size: 14px; overflow: hidden; padding: 10px 5px; text-align: left; vertical-align: middle; word-break: normal; border: 1px solid black;\">1-6mm<\/td>\n<\/tr>\n<tr>\n<td style=\"font-family: Arial, sans-serif; font-size: 14px; overflow: hidden; padding: 10px 5px; text-align: left; vertical-align: middle; word-break: normal; border: 1px solid black;\">Largeur<\/td>\n<td style=\"font-family: Arial, sans-serif; font-size: 14px; overflow: hidden; padding: 10px 5px; text-align: left; vertical-align: middle; word-break: normal; border: 1px solid black;\">Normalement 1,0-2,2 m\u00e8tres, personnalisable<\/td>\n<\/tr>\n<tr>\n<td style=\"font-family: Arial, sans-serif; font-size: 14px; overflow: hidden; padding: 10px 5px; text-align: left; vertical-align: middle; word-break: normal; border: 1px solid black;\">Couleur<\/td>\n<td style=\"font-family: Arial, sans-serif; font-size: 14px; overflow: hidden; padding: 10px 5px; text-align: left; vertical-align: middle; word-break: normal; border: 1px solid black;\">Blanc, noir, gris ou personnalis\u00e9<\/td>\n<\/tr>\n<tr>\n<td style=\"font-family: Arial, sans-serif; font-size: 14px; overflow: hidden; padding: 10px 5px; text-align: left; vertical-align: middle; word-break: normal; border: 1px solid black;\">Emballage<\/td>\n<td style=\"font-family: Arial, sans-serif; font-size: 14px; overflow: hidden; padding: 10px 5px; text-align: left; vertical-align: middle; word-break: normal; border: 1px solid black;\">Enroul\u00e9 avec un film PE<\/td>\n<\/tr>\n<\/tbody>\n<\/table>\n<h2>Caract\u00e9ristiques du produit<\/h2>\n<p><strong>Un soutien fort<\/strong>: Structure dens\u00e9ment aiguillet\u00e9e avec une grande r\u00e9sistance \u00e0 la traction et \u00e0 la d\u00e9chirure.<br \/>\n<strong>Bonne performance de mise en forme<\/strong>: Maintien de la forme gr\u00e2ce \u00e0 une excellente r\u00e9silience dans le temps.<br \/>\n<strong>Doux et l\u00e9ger<\/strong>: Confortable au toucher et facile \u00e0 couper et \u00e0 coudre.<br \/>\n<strong>Respirant et r\u00e9sistant aux moisissures<\/strong>: Permet la circulation de l'air et emp\u00eache l'accumulation d'humidit\u00e9.<br \/>\n<strong>Respectueux de l'environnement et personnalisable<\/strong>: Disponible en plusieurs poids, couleurs et tailles afin de r\u00e9pondre aux diff\u00e9rentes exigences en mati\u00e8re de design.<\/p>\n<h2>Fonction du produit<\/h2>\n<p>Ce tissu non tiss\u00e9 sert principalement de support structurel et de doublure dans la fabrication de meubles. Il renforce le cadre du meuble, lisse la surface ext\u00e9rieure du tissu et am\u00e9liore le confort et la durabilit\u00e9 du produit final.<\/p>\n<h2>Applications des produits<\/h2>\n<p><strong>T\u00eates de lit<\/strong>: Agit comme un mat\u00e9riau de soutien et de rembourrage \u00e0 l'int\u00e9rieur des t\u00eates de lit rembourr\u00e9es.<br \/>\n<strong>Canap\u00e9s et si\u00e8ges<\/strong>: Ajoute de la stabilit\u00e9 et de la forme \u00e0 l'int\u00e9rieur des coussins et des dossiers.<br \/>\n<strong>Panneaux muraux<\/strong>: Utilis\u00e9 comme couche de base pour les rev\u00eatements muraux d\u00e9coratifs, il am\u00e9liore l'esth\u00e9tique et la texture.<br \/>\n<strong>Autres articles d'ameublement<\/strong>: Soutient les couches internes des coussins, des garnitures de si\u00e8ge et des housses de chaise.<\/p>\n<h2>Image de l'application<\/h2>\n<p><img loading=\"lazy\" decoding=\"async\" class=\"size-full wp-image-13592 aligncenter\" data-src=\"https:\/\/www.bsdnonwoven.com\/wp-content\/uploads\/2025\/04\/Needle-Punched-Nonwoven-Upholstery-Fabric1.webp\" alt=\"Tissu d&#039;ameublement non tiss\u00e9 aiguillet\u00e91\" width=\"1500\" height=\"500\" srcset=\"https:\/\/www.bsdnonwoven.com\/wp-content\/uploads\/2025\/04\/Needle-Punched-Nonwoven-Upholstery-Fabric1.webp 1500w, https:\/\/www.bsdnonwoven.com\/wp-content\/uploads\/2025\/04\/Needle-Punched-Nonwoven-Upholstery-Fabric1-1280x427.webp 1280w, https:\/\/www.bsdnonwoven.com\/wp-content\/uploads\/2025\/04\/Needle-Punched-Nonwoven-Upholstery-Fabric1-980x327.webp 980w, https:\/\/www.bsdnonwoven.com\/wp-content\/uploads\/2025\/04\/Needle-Punched-Nonwoven-Upholstery-Fabric1-480x160.webp 480w\" sizes=\"(min-width: 0px) and (max-width: 480px) 480px, (min-width: 481px) and (max-width: 980px) 980px, (min-width: 981px) and (max-width: 1280px) 1280px, (min-width: 1281px) 1500px, 100vw\" \/><\/p>","protected":false},"excerpt":{"rendered":"<p>Ce non-tiss\u00e9 aiguillet\u00e9 est fabriqu\u00e9 \u00e0 partir de fibres de polyester ou de polypropyl\u00e8ne de haute qualit\u00e9 et form\u00e9 par un processus d'aiguilletage dense. Il offre une excellente r\u00e9sistance et une grande stabilit\u00e9 structurelle, ce qui le rend largement utilis\u00e9 dans la fabrication de meubles, en particulier dans des domaines tels que les t\u00eates de lit, les dossiers de si\u00e8ges et les rev\u00eatements de canap\u00e9s. Il sert de couche de soutien interne qui am\u00e9liore la forme, le confort et la durabilit\u00e9.<\/p>\n<p>En savoir plus <a href=\"https:\/\/www.bsdnonwoven.com\/category\/household-needle-punched-non-woven-fabric\/\"><strong>Tissu non tiss\u00e9 aiguillet\u00e9 \u00e0 usage domestique<\/strong><\/a>!<\/p>","protected":false},"featured_media":13633,"template":"","meta":{"_et_pb_use_builder":"","_et_pb_old_content":"","_et_gb_content_width":""},"product_cat":[284],"product_tag":[],"yoast_head":"<!-- This site is optimized with the Yoast SEO plugin v22.7 - https:\/\/yoast.com\/wordpress\/plugins\/seo\/ -->\n<title>Rigid Nonwoven for Sofa and Headboard - Boshida Nonwoven<\/title>\n<meta name=\"description\" content=\"Rigid Nonwoven for Sofa and Headboard , we provide Geosynthetic Needle-Punched Non-woven Fabric, Household needle punched non-woven fabric, Automotive Non-woven Fabric with good price.\" \/>\n<meta name=\"robots\" content=\"index, follow, max-snippet:-1, max-image-preview:large, max-video-preview:-1\" \/>\n<link rel=\"canonical\" href=\"https:\/\/www.bsdnonwoven.com\/fr\/produit\/rigid-nonwoven-for-sofa-and-headboard\/\" \/>\n<meta property=\"og:locale\" content=\"fr_FR\" \/>\n<meta property=\"og:type\" content=\"article\" \/>\n<meta property=\"og:title\" content=\"Rigid Nonwoven for Sofa and Headboard - Boshida Nonwoven\" \/>\n<meta property=\"og:description\" content=\"Rigid Nonwoven for Sofa and Headboard , we provide Geosynthetic Needle-Punched Non-woven Fabric, Household needle punched non-woven fabric, Automotive Non-woven Fabric with good price.\" \/>\n<meta property=\"og:url\" content=\"https:\/\/www.bsdnonwoven.com\/fr\/produit\/rigid-nonwoven-for-sofa-and-headboard\/\" \/>\n<meta property=\"og:site_name\" content=\"Boshida Nonwoven\" \/>\n<meta property=\"article:modified_time\" content=\"2025-06-26T08:18:22+00:00\" \/>\n<meta property=\"og:image\" content=\"https:\/\/www.bsdnonwoven.com\/wp-content\/uploads\/2025\/04\/Needle-Punched-Nonwoven-Upholstery-Fabric-4.webp\" \/>\n\t<meta property=\"og:image:width\" content=\"800\" \/>\n\t<meta property=\"og:image:height\" content=\"800\" \/>\n\t<meta property=\"og:image:type\" content=\"image\/webp\" \/>\n<meta name=\"twitter:card\" content=\"summary_large_image\" \/>\n<meta name=\"twitter:label1\" content=\"Dur\u00e9e de lecture estim\u00e9e\" \/>\n\t<meta name=\"twitter:data1\" content=\"2 minutes\" \/>\n<script type=\"application\/ld+json\" class=\"yoast-schema-graph\">{\"@context\":\"https:\/\/schema.org\",\"@graph\":[{\"@type\":\"WebPage\",\"@id\":\"https:\/\/www.bsdnonwoven.com\/product\/rigid-nonwoven-for-sofa-and-headboard\/\",\"url\":\"https:\/\/www.bsdnonwoven.com\/product\/rigid-nonwoven-for-sofa-and-headboard\/\",\"name\":\"Rigid Nonwoven for Sofa and Headboard - Boshida Nonwoven\",\"isPartOf\":{\"@id\":\"https:\/\/www.bsdnonwoven.com\/#website\"},\"primaryImageOfPage\":{\"@id\":\"https:\/\/www.bsdnonwoven.com\/product\/rigid-nonwoven-for-sofa-and-headboard\/#primaryimage\"},\"image\":{\"@id\":\"https:\/\/www.bsdnonwoven.com\/product\/rigid-nonwoven-for-sofa-and-headboard\/#primaryimage\"},\"thumbnailUrl\":\"https:\/\/www.bsdnonwoven.com\/wp-content\/uploads\/2025\/04\/Needle-Punched-Nonwoven-Upholstery-Fabric-4.webp\",\"datePublished\":\"2025-04-15T09:11:16+00:00\",\"dateModified\":\"2025-06-26T08:18:22+00:00\",\"description\":\"Rigid Nonwoven for Sofa and Headboard , we provide Geosynthetic Needle-Punched Non-woven Fabric, Household needle punched non-woven fabric, Automotive Non-woven Fabric with good price.\",\"breadcrumb\":{\"@id\":\"https:\/\/www.bsdnonwoven.com\/product\/rigid-nonwoven-for-sofa-and-headboard\/#breadcrumb\"},\"inLanguage\":\"fr-FR\",\"potentialAction\":[{\"@type\":\"ReadAction\",\"target\":[\"https:\/\/www.bsdnonwoven.com\/product\/rigid-nonwoven-for-sofa-and-headboard\/\"]}]},{\"@type\":\"ImageObject\",\"inLanguage\":\"fr-FR\",\"@id\":\"https:\/\/www.bsdnonwoven.com\/product\/rigid-nonwoven-for-sofa-and-headboard\/#primaryimage\",\"url\":\"https:\/\/www.bsdnonwoven.com\/wp-content\/uploads\/2025\/04\/Needle-Punched-Nonwoven-Upholstery-Fabric-4.webp\",\"contentUrl\":\"https:\/\/www.bsdnonwoven.com\/wp-content\/uploads\/2025\/04\/Needle-Punched-Nonwoven-Upholstery-Fabric-4.webp\",\"width\":800,\"height\":800,\"caption\":\"Needle Punched Nonwoven Upholstery Fabric\"},{\"@type\":\"BreadcrumbList\",\"@id\":\"https:\/\/www.bsdnonwoven.com\/product\/rigid-nonwoven-for-sofa-and-headboard\/#breadcrumb\",\"itemListElement\":[{\"@type\":\"ListItem\",\"position\":1,\"name\":\"Home\",\"item\":\"https:\/\/www.bsdnonwoven.com\/\"},{\"@type\":\"ListItem\",\"position\":2,\"name\":\"Products\",\"item\":\"https:\/\/www.bsdnonwoven.com\/shop\/\"},{\"@type\":\"ListItem\",\"position\":3,\"name\":\"Rigid Nonwoven for Sofa and Headboard\"}]},{\"@type\":\"WebSite\",\"@id\":\"https:\/\/www.bsdnonwoven.com\/#website\",\"url\":\"https:\/\/www.bsdnonwoven.com\/\",\"name\":\"Boshida Nonwoven\",\"description\":\"\",\"potentialAction\":[{\"@type\":\"SearchAction\",\"target\":{\"@type\":\"EntryPoint\",\"urlTemplate\":\"https:\/\/www.bsdnonwoven.com\/?s={search_term_string}\"},\"query-input\":\"required name=search_term_string\"}],\"inLanguage\":\"fr-FR\"}]}<\/script>\n<!-- \/ Yoast SEO plugin. -->","yoast_head_json":{"title":"Rigid Nonwoven for Sofa and Headboard - Boshida Nonwoven","description":"Rigid Nonwoven for Sofa and Headboard , we provide Geosynthetic Needle-Punched Non-woven Fabric, Household needle punched non-woven fabric, Automotive Non-woven Fabric with good price.","robots":{"index":"index","follow":"follow","max-snippet":"max-snippet:-1","max-image-preview":"max-image-preview:large","max-video-preview":"max-video-preview:-1"},"canonical":"https:\/\/www.bsdnonwoven.com\/fr\/produit\/rigid-nonwoven-for-sofa-and-headboard\/","og_locale":"fr_FR","og_type":"article","og_title":"Rigid Nonwoven for Sofa and Headboard - Boshida Nonwoven","og_description":"Rigid Nonwoven for Sofa and Headboard , we provide Geosynthetic Needle-Punched Non-woven Fabric, Household needle punched non-woven fabric, Automotive Non-woven Fabric with good price.","og_url":"https:\/\/www.bsdnonwoven.com\/fr\/produit\/rigid-nonwoven-for-sofa-and-headboard\/","og_site_name":"Boshida Nonwoven","article_modified_time":"2025-06-26T08:18:22+00:00","og_image":[{"width":800,"height":800,"url":"https:\/\/www.bsdnonwoven.com\/wp-content\/uploads\/2025\/04\/Needle-Punched-Nonwoven-Upholstery-Fabric-4.webp","type":"image\/webp"}],"twitter_card":"summary_large_image","twitter_misc":{"Dur\u00e9e de lecture estim\u00e9e":"2 minutes"},"schema":{"@context":"https:\/\/schema.org","@graph":[{"@type":"WebPage","@id":"https:\/\/www.bsdnonwoven.com\/product\/rigid-nonwoven-for-sofa-and-headboard\/","url":"https:\/\/www.bsdnonwoven.com\/product\/rigid-nonwoven-for-sofa-and-headboard\/","name":"Rigid Nonwoven for Sofa and Headboard - Boshida Nonwoven","isPartOf":{"@id":"https:\/\/www.bsdnonwoven.com\/#website"},"primaryImageOfPage":{"@id":"https:\/\/www.bsdnonwoven.com\/product\/rigid-nonwoven-for-sofa-and-headboard\/#primaryimage"},"image":{"@id":"https:\/\/www.bsdnonwoven.com\/product\/rigid-nonwoven-for-sofa-and-headboard\/#primaryimage"},"thumbnailUrl":"https:\/\/www.bsdnonwoven.com\/wp-content\/uploads\/2025\/04\/Needle-Punched-Nonwoven-Upholstery-Fabric-4.webp","datePublished":"2025-04-15T09:11:16+00:00","dateModified":"2025-06-26T08:18:22+00:00","description":"Rigid Nonwoven for Sofa and Headboard , we provide Geosynthetic Needle-Punched Non-woven Fabric, Household needle punched non-woven fabric, Automotive Non-woven Fabric with good price.","breadcrumb":{"@id":"https:\/\/www.bsdnonwoven.com\/product\/rigid-nonwoven-for-sofa-and-headboard\/#breadcrumb"},"inLanguage":"fr-FR","potentialAction":[{"@type":"ReadAction","target":["https:\/\/www.bsdnonwoven.com\/product\/rigid-nonwoven-for-sofa-and-headboard\/"]}]},{"@type":"ImageObject","inLanguage":"fr-FR","@id":"https:\/\/www.bsdnonwoven.com\/product\/rigid-nonwoven-for-sofa-and-headboard\/#primaryimage","url":"https:\/\/www.bsdnonwoven.com\/wp-content\/uploads\/2025\/04\/Needle-Punched-Nonwoven-Upholstery-Fabric-4.webp","contentUrl":"https:\/\/www.bsdnonwoven.com\/wp-content\/uploads\/2025\/04\/Needle-Punched-Nonwoven-Upholstery-Fabric-4.webp","width":800,"height":800,"caption":"Needle Punched Nonwoven Upholstery Fabric"},{"@type":"BreadcrumbList","@id":"https:\/\/www.bsdnonwoven.com\/product\/rigid-nonwoven-for-sofa-and-headboard\/#breadcrumb","itemListElement":[{"@type":"ListItem","position":1,"name":"Home","item":"https:\/\/www.bsdnonwoven.com\/"},{"@type":"ListItem","position":2,"name":"Products","item":"https:\/\/www.bsdnonwoven.com\/shop\/"},{"@type":"ListItem","position":3,"name":"Rigid Nonwoven for Sofa and Headboard"}]},{"@type":"WebSite","@id":"https:\/\/www.bsdnonwoven.com\/#website","url":"https:\/\/www.bsdnonwoven.com\/","name":"Boshida Nonwoven","description":"","potentialAction":[{"@type":"SearchAction","target":{"@type":"EntryPoint","urlTemplate":"https:\/\/www.bsdnonwoven.com\/?s={search_term_string}"},"query-input":"required name=search_term_string"}],"inLanguage":"fr-FR"}]}},"_links":{"self":[{"href":"https:\/\/www.bsdnonwoven.com\/fr\/wp-json\/wp\/v2\/product\/13151"}],"collection":[{"href":"https:\/\/www.bsdnonwoven.com\/fr\/wp-json\/wp\/v2\/product"}],"about":[{"href":"https:\/\/www.bsdnonwoven.com\/fr\/wp-json\/wp\/v2\/types\/product"}],"wp:featuredmedia":[{"embeddable":true,"href":"https:\/\/www.bsdnonwoven.com\/fr\/wp-json\/wp\/v2\/media\/13633"}],"wp:attachment":[{"href":"https:\/\/www.bsdnonwoven.com\/fr\/wp-json\/wp\/v2\/media?parent=13151"}],"wp:term":[{"taxonomy":"product_cat","embeddable":true,"href":"https:\/\/www.bsdnonwoven.com\/fr\/wp-json\/wp\/v2\/product_cat?post=13151"},{"taxonomy":"product_tag","embeddable":true,"href":"https:\/\/www.bsdnonwoven.com\/fr\/wp-json\/wp\/v2\/product_tag?post=13151"}],"curies":[{"name":"wp","href":"https:\/\/api.w.org\/{rel}","templated":true}]}}