{"id":14368,"date":"2025-11-29T11:18:43","date_gmt":"2025-11-29T11:18:43","guid":{"rendered":"https:\/\/www.bsdnonwoven.com\/?post_type=product&#038;p=14368"},"modified":"2025-11-29T11:18:44","modified_gmt":"2025-11-29T11:18:44","slug":"non-woven-fabric-plant-growing-bags","status":"publish","type":"product","link":"https:\/\/www.bsdnonwoven.com\/fr\/produit\/non-woven-fabric-plant-growing-bags\/","title":{"rendered":"Sacs de culture en tissu non tiss\u00e9"},"content":{"rendered":"<p>Prot\u00e9ger la verdure Soutenir la construction \u00e9cologique<\/p>\n<p><strong>Description du produit<\/strong><br \/>\nFabriqu\u00e9 \u00e0 partir de fibres de polyester ou de polypropyl\u00e8ne tr\u00e8s r\u00e9sistantes, ce tissu est aiguillet\u00e9 pour obtenir une structure dense, offrant une excellente respirabilit\u00e9, une r\u00e9tention de l'humidit\u00e9 et une r\u00e9sistance \u00e0 la perforation. Sp\u00e9cialement con\u00e7u pour l'arrachage, le transport et la transplantation des semis, il enveloppe solidement la motte, prot\u00e9geant les racines et am\u00e9liorant consid\u00e9rablement les taux de survie.<\/p>\n<p><strong>Param\u00e8tres principaux<\/strong><\/p>\n<table>\n<tbody>\n<tr>\n<td><strong><b>Objet<\/b><\/strong><\/td>\n<td><strong><b>Unit\u00e9<\/b><\/strong><\/td>\n<td><strong><b>Plage de param\u00e8tres<\/b><\/strong><\/td>\n<\/tr>\n<tr>\n<td>Grammage<\/td>\n<td>g\/\u33a1<\/td>\n<td>80 - 500<\/td>\n<\/tr>\n<tr>\n<td>Largeur<\/td>\n<td>m<\/td>\n<td>Personnalisable<\/td>\n<\/tr>\n<tr>\n<td>Couleur<\/td>\n<td>-<\/td>\n<td>Blanc \/ Noir \/ Gris \/ Vert<\/td>\n<\/tr>\n<tr>\n<td>Perm\u00e9abilit\u00e9<\/td>\n<td>L\/m\u00b2-s<\/td>\n<td>150 - 400<\/td>\n<\/tr>\n<tr>\n<td>Dur\u00e9e de vie<\/td>\n<td>Temps<\/td>\n<td>\u2265 3 - 5 (r\u00e9utilisable)<\/td>\n<\/tr>\n<\/tbody>\n<\/table>\n<p><strong>Caract\u00e9ristiques du produit<\/strong><\/p>\n<p>Respirant et conservant l'humidit\u00e9, il favorise la croissance des racines.<br \/>\nHaute t\u00e9nacit\u00e9, r\u00e9sistance \u00e0 la perforation et \u00e0 la fissuration<br \/>\nR\u00e9sistant aux moisissures et antibact\u00e9rien, adapt\u00e9 \u00e0 diff\u00e9rents climats<br \/>\nR\u00e9utilisable et \u00e9cologique<br \/>\nGrammage, taille et couleur personnalisables<\/p>\n<p><strong>Fonctions du produit<br \/>\n<\/strong>Maintient solidement la motte de racines pendant le creusement et le transport<br \/>\nPr\u00e9vient les dommages aux racines et la perte d'humidit\u00e9<br \/>\nAm\u00e9liore les taux de survie apr\u00e8s la transplantation<br \/>\nR\u00e9duction des d\u00e9chets de mat\u00e9riaux et des risques li\u00e9s \u00e0 la construction<\/p>\n<p><strong>Champs d'application<br \/>\n<\/strong>Projets d'am\u00e9nagement paysager et d'\u00e9cologisation en milieu urbain<br \/>\nCreusement de p\u00e9pini\u00e8res et transplantation de semis<br \/>\nRestauration \u00e9cologique du paysage et r\u00e9tablissement de la v\u00e9g\u00e9tation des pentes<br \/>\nSacs \u00e9cologiques et syst\u00e8mes g\u00e9otextiles v\u00e9g\u00e9talis\u00e9s<br \/>\n<img loading=\"lazy\" decoding=\"async\" class=\"alignleft wp-image-14371 size-medium\" data-src=\"https:\/\/www.bsdnonwoven.com\/wp-content\/uploads\/2025\/11\/32ef90de-0176-42ac-89be-203d7d0e7aa8-300x300.webp\" alt=\"\" width=\"300\" height=\"300\" \/> <img loading=\"lazy\" decoding=\"async\" class=\"alignleft wp-image-14372 size-medium\" data-src=\"https:\/\/www.bsdnonwoven.com\/wp-content\/uploads\/2025\/11\/2422b1f7-0225-4472-9ef2-31b045314e49-300x300.webp\" alt=\"\" width=\"300\" height=\"300\" \/> <img loading=\"lazy\" decoding=\"async\" class=\"alignleft wp-image-14373 size-medium\" data-src=\"https:\/\/www.bsdnonwoven.com\/wp-content\/uploads\/2025\/11\/\u56ed\u6797\u82d7\u5703\u4f7f\u7528\u573a\u666f\u56fe-300x300.webp\" alt=\"\" width=\"300\" height=\"300\" srcset=\"https:\/\/www.bsdnonwoven.com\/wp-content\/uploads\/2025\/11\/\u56ed\u6797\u82d7\u5703\u4f7f\u7528\u573a\u666f\u56fe-300x300.webp 300w, https:\/\/www.bsdnonwoven.com\/wp-content\/uploads\/2025\/11\/\u56ed\u6797\u82d7\u5703\u4f7f\u7528\u573a\u666f\u56fe-150x150.webp 150w, https:\/\/www.bsdnonwoven.com\/wp-content\/uploads\/2025\/11\/\u56ed\u6797\u82d7\u5703\u4f7f\u7528\u573a\u666f\u56fe-768x768.webp 768w, https:\/\/www.bsdnonwoven.com\/wp-content\/uploads\/2025\/11\/\u56ed\u6797\u82d7\u5703\u4f7f\u7528\u573a\u666f\u56fe-12x12.webp 12w, https:\/\/www.bsdnonwoven.com\/wp-content\/uploads\/2025\/11\/\u56ed\u6797\u82d7\u5703\u4f7f\u7528\u573a\u666f\u56fe-480x480.webp 480w, https:\/\/www.bsdnonwoven.com\/wp-content\/uploads\/2025\/11\/\u56ed\u6797\u82d7\u5703\u4f7f\u7528\u573a\u666f\u56fe-600x600.webp 600w, https:\/\/www.bsdnonwoven.com\/wp-content\/uploads\/2025\/11\/\u56ed\u6797\u82d7\u5703\u4f7f\u7528\u573a\u666f\u56fe-100x100.webp 100w, https:\/\/www.bsdnonwoven.com\/wp-content\/uploads\/2025\/11\/\u56ed\u6797\u82d7\u5703\u4f7f\u7528\u573a\u666f\u56fe.webp 800w\" sizes=\"(max-width: 300px) 100vw, 300px\" \/><\/p>\n<p>&nbsp;<\/p>","protected":false},"excerpt":{"rendered":"<p>Prot\u00e9ger la verdure Soutenir la construction \u00e9cologique Description du produit Fabriqu\u00e9 \u00e0 partir de fibres de polyester ou de polypropyl\u00e8ne tr\u00e8s r\u00e9sistantes, ce tissu est aiguillet\u00e9 pour obtenir une structure dense, offrant une excellente respirabilit\u00e9, une r\u00e9tention de l'humidit\u00e9 et une r\u00e9sistance \u00e0 la perforation. Sp\u00e9cialement con\u00e7u pour l'arrachage, le transport et la transplantation des semis, il enveloppe solidement la motte, prot\u00e9geant les racines et am\u00e9liorant de mani\u00e8re significative les taux de survie. Principale [...]<\/p>","protected":false},"featured_media":14369,"template":"","meta":{"_et_pb_use_builder":"","_et_pb_old_content":"","_et_gb_content_width":""},"product_cat":[340],"product_tag":[],"yoast_head":"<!-- This site is optimized with the Yoast SEO plugin v22.7 - https:\/\/yoast.com\/wordpress\/plugins\/seo\/ -->\n<title>Non Woven Fabric Plant Growing Bags - Boshida Nonwoven<\/title>\n<meta name=\"description\" content=\"Non Woven Fabric Plant Growing Bags , we provide Geosynthetic Needle-Punched Non-woven Fabric, Household needle punched non-woven fabric, Automotive Non-woven Fabric with good price.\" \/>\n<meta name=\"robots\" content=\"index, follow, max-snippet:-1, max-image-preview:large, max-video-preview:-1\" \/>\n<link rel=\"canonical\" href=\"https:\/\/www.bsdnonwoven.com\/fr\/produit\/non-woven-fabric-plant-growing-bags\/\" \/>\n<meta property=\"og:locale\" content=\"fr_FR\" \/>\n<meta property=\"og:type\" content=\"article\" \/>\n<meta property=\"og:title\" content=\"Non Woven Fabric Plant Growing Bags - Boshida Nonwoven\" \/>\n<meta property=\"og:description\" content=\"Non Woven Fabric Plant Growing Bags , we provide Geosynthetic Needle-Punched Non-woven Fabric, Household needle punched non-woven fabric, Automotive Non-woven Fabric with good price.\" \/>\n<meta property=\"og:url\" content=\"https:\/\/www.bsdnonwoven.com\/fr\/produit\/non-woven-fabric-plant-growing-bags\/\" \/>\n<meta property=\"og:site_name\" content=\"Boshida Nonwoven\" \/>\n<meta property=\"article:modified_time\" content=\"2025-11-29T11:18:44+00:00\" \/>\n<meta property=\"og:image\" content=\"https:\/\/www.bsdnonwoven.com\/wp-content\/uploads\/2025\/11\/9cf612db-f994-45bb-88fd-f9a1138758ba.webp\" \/>\n\t<meta property=\"og:image:width\" content=\"800\" \/>\n\t<meta property=\"og:image:height\" content=\"800\" \/>\n\t<meta property=\"og:image:type\" content=\"image\/webp\" \/>\n<meta name=\"twitter:card\" content=\"summary_large_image\" \/>\n<meta name=\"twitter:label1\" content=\"Dur\u00e9e de lecture estim\u00e9e\" \/>\n\t<meta name=\"twitter:data1\" content=\"2 minutes\" \/>\n<script type=\"application\/ld+json\" class=\"yoast-schema-graph\">{\"@context\":\"https:\/\/schema.org\",\"@graph\":[{\"@type\":\"WebPage\",\"@id\":\"https:\/\/www.bsdnonwoven.com\/product\/non-woven-fabric-plant-growing-bags\/\",\"url\":\"https:\/\/www.bsdnonwoven.com\/product\/non-woven-fabric-plant-growing-bags\/\",\"name\":\"Non Woven Fabric Plant Growing Bags - Boshida Nonwoven\",\"isPartOf\":{\"@id\":\"https:\/\/www.bsdnonwoven.com\/#website\"},\"primaryImageOfPage\":{\"@id\":\"https:\/\/www.bsdnonwoven.com\/product\/non-woven-fabric-plant-growing-bags\/#primaryimage\"},\"image\":{\"@id\":\"https:\/\/www.bsdnonwoven.com\/product\/non-woven-fabric-plant-growing-bags\/#primaryimage\"},\"thumbnailUrl\":\"https:\/\/www.bsdnonwoven.com\/wp-content\/uploads\/2025\/11\/9cf612db-f994-45bb-88fd-f9a1138758ba.webp\",\"datePublished\":\"2025-11-29T11:18:43+00:00\",\"dateModified\":\"2025-11-29T11:18:44+00:00\",\"description\":\"Non Woven Fabric Plant Growing Bags , we provide Geosynthetic Needle-Punched Non-woven Fabric, Household needle punched non-woven fabric, Automotive Non-woven Fabric with good price.\",\"breadcrumb\":{\"@id\":\"https:\/\/www.bsdnonwoven.com\/product\/non-woven-fabric-plant-growing-bags\/#breadcrumb\"},\"inLanguage\":\"fr-FR\",\"potentialAction\":[{\"@type\":\"ReadAction\",\"target\":[\"https:\/\/www.bsdnonwoven.com\/product\/non-woven-fabric-plant-growing-bags\/\"]}]},{\"@type\":\"ImageObject\",\"inLanguage\":\"fr-FR\",\"@id\":\"https:\/\/www.bsdnonwoven.com\/product\/non-woven-fabric-plant-growing-bags\/#primaryimage\",\"url\":\"https:\/\/www.bsdnonwoven.com\/wp-content\/uploads\/2025\/11\/9cf612db-f994-45bb-88fd-f9a1138758ba.webp\",\"contentUrl\":\"https:\/\/www.bsdnonwoven.com\/wp-content\/uploads\/2025\/11\/9cf612db-f994-45bb-88fd-f9a1138758ba.webp\",\"width\":800,\"height\":800},{\"@type\":\"BreadcrumbList\",\"@id\":\"https:\/\/www.bsdnonwoven.com\/product\/non-woven-fabric-plant-growing-bags\/#breadcrumb\",\"itemListElement\":[{\"@type\":\"ListItem\",\"position\":1,\"name\":\"Home\",\"item\":\"https:\/\/www.bsdnonwoven.com\/\"},{\"@type\":\"ListItem\",\"position\":2,\"name\":\"Products\",\"item\":\"https:\/\/www.bsdnonwoven.com\/shop\/\"},{\"@type\":\"ListItem\",\"position\":3,\"name\":\"Non Woven Fabric Plant Growing Bags\"}]},{\"@type\":\"WebSite\",\"@id\":\"https:\/\/www.bsdnonwoven.com\/#website\",\"url\":\"https:\/\/www.bsdnonwoven.com\/\",\"name\":\"Boshida Nonwoven\",\"description\":\"\",\"potentialAction\":[{\"@type\":\"SearchAction\",\"target\":{\"@type\":\"EntryPoint\",\"urlTemplate\":\"https:\/\/www.bsdnonwoven.com\/?s={search_term_string}\"},\"query-input\":\"required name=search_term_string\"}],\"inLanguage\":\"fr-FR\"}]}<\/script>\n<!-- \/ Yoast SEO plugin. -->","yoast_head_json":{"title":"Non Woven Fabric Plant Growing Bags - Boshida Nonwoven","description":"Non Woven Fabric Plant Growing Bags , we provide Geosynthetic Needle-Punched Non-woven Fabric, Household needle punched non-woven fabric, Automotive Non-woven Fabric with good price.","robots":{"index":"index","follow":"follow","max-snippet":"max-snippet:-1","max-image-preview":"max-image-preview:large","max-video-preview":"max-video-preview:-1"},"canonical":"https:\/\/www.bsdnonwoven.com\/fr\/produit\/non-woven-fabric-plant-growing-bags\/","og_locale":"fr_FR","og_type":"article","og_title":"Non Woven Fabric Plant Growing Bags - Boshida Nonwoven","og_description":"Non Woven Fabric Plant Growing Bags , we provide Geosynthetic Needle-Punched Non-woven Fabric, Household needle punched non-woven fabric, Automotive Non-woven Fabric with good price.","og_url":"https:\/\/www.bsdnonwoven.com\/fr\/produit\/non-woven-fabric-plant-growing-bags\/","og_site_name":"Boshida Nonwoven","article_modified_time":"2025-11-29T11:18:44+00:00","og_image":[{"width":800,"height":800,"url":"https:\/\/www.bsdnonwoven.com\/wp-content\/uploads\/2025\/11\/9cf612db-f994-45bb-88fd-f9a1138758ba.webp","type":"image\/webp"}],"twitter_card":"summary_large_image","twitter_misc":{"Dur\u00e9e de lecture estim\u00e9e":"2 minutes"},"schema":{"@context":"https:\/\/schema.org","@graph":[{"@type":"WebPage","@id":"https:\/\/www.bsdnonwoven.com\/product\/non-woven-fabric-plant-growing-bags\/","url":"https:\/\/www.bsdnonwoven.com\/product\/non-woven-fabric-plant-growing-bags\/","name":"Non Woven Fabric Plant Growing Bags - Boshida Nonwoven","isPartOf":{"@id":"https:\/\/www.bsdnonwoven.com\/#website"},"primaryImageOfPage":{"@id":"https:\/\/www.bsdnonwoven.com\/product\/non-woven-fabric-plant-growing-bags\/#primaryimage"},"image":{"@id":"https:\/\/www.bsdnonwoven.com\/product\/non-woven-fabric-plant-growing-bags\/#primaryimage"},"thumbnailUrl":"https:\/\/www.bsdnonwoven.com\/wp-content\/uploads\/2025\/11\/9cf612db-f994-45bb-88fd-f9a1138758ba.webp","datePublished":"2025-11-29T11:18:43+00:00","dateModified":"2025-11-29T11:18:44+00:00","description":"Non Woven Fabric Plant Growing Bags , we provide Geosynthetic Needle-Punched Non-woven Fabric, Household needle punched non-woven fabric, Automotive Non-woven Fabric with good price.","breadcrumb":{"@id":"https:\/\/www.bsdnonwoven.com\/product\/non-woven-fabric-plant-growing-bags\/#breadcrumb"},"inLanguage":"fr-FR","potentialAction":[{"@type":"ReadAction","target":["https:\/\/www.bsdnonwoven.com\/product\/non-woven-fabric-plant-growing-bags\/"]}]},{"@type":"ImageObject","inLanguage":"fr-FR","@id":"https:\/\/www.bsdnonwoven.com\/product\/non-woven-fabric-plant-growing-bags\/#primaryimage","url":"https:\/\/www.bsdnonwoven.com\/wp-content\/uploads\/2025\/11\/9cf612db-f994-45bb-88fd-f9a1138758ba.webp","contentUrl":"https:\/\/www.bsdnonwoven.com\/wp-content\/uploads\/2025\/11\/9cf612db-f994-45bb-88fd-f9a1138758ba.webp","width":800,"height":800},{"@type":"BreadcrumbList","@id":"https:\/\/www.bsdnonwoven.com\/product\/non-woven-fabric-plant-growing-bags\/#breadcrumb","itemListElement":[{"@type":"ListItem","position":1,"name":"Home","item":"https:\/\/www.bsdnonwoven.com\/"},{"@type":"ListItem","position":2,"name":"Products","item":"https:\/\/www.bsdnonwoven.com\/shop\/"},{"@type":"ListItem","position":3,"name":"Non Woven Fabric Plant Growing Bags"}]},{"@type":"WebSite","@id":"https:\/\/www.bsdnonwoven.com\/#website","url":"https:\/\/www.bsdnonwoven.com\/","name":"Boshida Nonwoven","description":"","potentialAction":[{"@type":"SearchAction","target":{"@type":"EntryPoint","urlTemplate":"https:\/\/www.bsdnonwoven.com\/?s={search_term_string}"},"query-input":"required name=search_term_string"}],"inLanguage":"fr-FR"}]}},"_links":{"self":[{"href":"https:\/\/www.bsdnonwoven.com\/fr\/wp-json\/wp\/v2\/product\/14368"}],"collection":[{"href":"https:\/\/www.bsdnonwoven.com\/fr\/wp-json\/wp\/v2\/product"}],"about":[{"href":"https:\/\/www.bsdnonwoven.com\/fr\/wp-json\/wp\/v2\/types\/product"}],"wp:featuredmedia":[{"embeddable":true,"href":"https:\/\/www.bsdnonwoven.com\/fr\/wp-json\/wp\/v2\/media\/14369"}],"wp:attachment":[{"href":"https:\/\/www.bsdnonwoven.com\/fr\/wp-json\/wp\/v2\/media?parent=14368"}],"wp:term":[{"taxonomy":"product_cat","embeddable":true,"href":"https:\/\/www.bsdnonwoven.com\/fr\/wp-json\/wp\/v2\/product_cat?post=14368"},{"taxonomy":"product_tag","embeddable":true,"href":"https:\/\/www.bsdnonwoven.com\/fr\/wp-json\/wp\/v2\/product_tag?post=14368"}],"curies":[{"name":"wp","href":"https:\/\/api.w.org\/{rel}","templated":true}]}}