{"id":14415,"date":"2025-12-02T08:11:53","date_gmt":"2025-12-02T08:11:53","guid":{"rendered":"https:\/\/www.bsdnonwoven.com\/?post_type=product&#038;p=14415"},"modified":"2025-12-02T08:12:30","modified_gmt":"2025-12-02T08:12:30","slug":"shoe-midsole-fabric","status":"publish","type":"product","link":"https:\/\/www.bsdnonwoven.com\/fr\/produit\/shoe-midsole-fabric\/","title":{"rendered":"Tissu de la semelle interm\u00e9diaire de la chaussure"},"content":{"rendered":"<p>Soutien stable - Un confort \u00e0 chaque pas<\/p>\n<p><strong>Description du produit :<\/strong><br \/>\nFabriqu\u00e9 \u00e0 partir de fibres de polyester haute densit\u00e9 par aiguilletage, ce tissu offre une rigidit\u00e9, une respirabilit\u00e9 et un soutien excellents. La rigidit\u00e9 du tissu peut \u00eatre am\u00e9lior\u00e9e par des processus d'enduction, de pressage \u00e0 chaud ou de laminage, ce qui le rend adapt\u00e9 aux semelles int\u00e9rieures, \u00e0 la forme de l'empeigne, au renforcement des orteils et \u00e0 la forme du talon. Il conserve sa forme tout en am\u00e9liorant le confort et la durabilit\u00e9.<\/p>\n<p><strong>Principaux param\u00e8tres :<br \/>\n<\/strong><\/p>\n<table style=\"border-collapse: collapse; width: 348.02pt;\" border=\"0\" width=\"348\" cellspacing=\"0\" cellpadding=\"0\">\n<tbody>\n<tr style=\"height: 18.00pt;\">\n<td class=\"et2\" style=\"height: 18.00pt; width: 103.30pt;\" width=\"103\" height=\"18\">Objet<\/td>\n<td class=\"et2\" style=\"width: 95.00pt;\" width=\"95\">Unit\u00e9<\/td>\n<td class=\"et2\" style=\"width: 149.95pt;\" width=\"149\">Gamme<\/td>\n<\/tr>\n<tr style=\"height: 36.00pt;\">\n<td class=\"et3\" style=\"height: 36.00pt; width: 103.30pt;\" width=\"103\" height=\"36\">Grammage<\/td>\n<td class=\"et3\" style=\"width: 95.00pt;\" width=\"95\">g\/\u33a1<\/td>\n<td class=\"et3\" style=\"width: 149.95pt;\" width=\"149\">100 - 600<\/td>\n<\/tr>\n<tr style=\"height: 18.00pt;\">\n<td class=\"et3\" style=\"height: 18.00pt; width: 103.30pt;\" width=\"103\" height=\"18\">Largeur<\/td>\n<td class=\"et3\" style=\"width: 95.00pt;\" width=\"95\">m<\/td>\n<td class=\"et3\" style=\"width: 149.95pt;\" width=\"149\">\u2264 3.2<\/td>\n<\/tr>\n<tr style=\"height: 71.00pt;\">\n<td class=\"et3\" style=\"height: 71.00pt; width: 103.30pt;\" width=\"103\" height=\"71\">\u00c9paisseur<\/td>\n<td class=\"et3\" style=\"width: 95.00pt;\" width=\"95\">mm<\/td>\n<td class=\"et3\" style=\"width: 149.95pt;\" width=\"149\">0,8 - 3,0 (personnalisable)<\/td>\n<\/tr>\n<\/tbody>\n<\/table>\n<p><strong>\u00a0<\/strong><\/p>\n<p><strong>Caract\u00e9ristiques du produit :<\/strong><\/p>\n<p>Pliage et r\u00e9sistance \u00e0 l'usure, pas de risque de rupture<br \/>\nRespirant et r\u00e9sistant \u00e0 l'humidit\u00e9, absorbant la transpiration et confortable<br \/>\nOptions antibact\u00e9riennes et d\u00e9sodorisantes disponibles<br \/>\nGrande rigidit\u00e9, maintien durable de la forme et absence d'affaissement<br \/>\nCompatible avec les proc\u00e9d\u00e9s de rev\u00eatement, de thermofixation et de laminage<\/p>\n<p><strong>Fonctions du produit :<\/strong><\/p>\n<p>Fournit un soutien structurel interne aux chaussures<br \/>\nMaintient la stabilit\u00e9 de la forme de la chaussure et prolonge sa dur\u00e9e de vie<br \/>\nAmortit les chocs et am\u00e9liore le confort de port<\/p>\n<p><strong>Domaines d'application :<br \/>\n<\/strong>Couche structurelle de la semelle interm\u00e9diaire<br \/>\nTissu de mise en forme de l'empeigne<br \/>\nRenforts aux orteils et au talon<br \/>\nArmature de la semelle et doublure de la chaussure de sport<br \/>\n<img loading=\"lazy\" decoding=\"async\" class=\"alignleft wp-image-14418 size-medium\" data-src=\"https:\/\/www.bsdnonwoven.com\/wp-content\/uploads\/2025\/12\/5ff8ab36-224c-47d1-a719-3ce9a9576d2b-1-300x300.webp\" alt=\"\" width=\"300\" height=\"300\" \/> <img loading=\"lazy\" decoding=\"async\" class=\"alignleft wp-image-14419 size-medium\" data-src=\"https:\/\/www.bsdnonwoven.com\/wp-content\/uploads\/2025\/12\/11e848d3-4c4a-4fe8-bf52-ef7c984eba4b-300x300.webp\" alt=\"\" width=\"300\" height=\"300\" \/> <img loading=\"lazy\" decoding=\"async\" class=\"alignleft wp-image-14420 size-medium\" data-src=\"https:\/\/www.bsdnonwoven.com\/wp-content\/uploads\/2025\/12\/0969aec1-98b3-45aa-b1f0-e8ef80193441-300x300.webp\" alt=\"\" width=\"300\" height=\"300\" \/> <img loading=\"lazy\" decoding=\"async\" class=\"alignleft wp-image-14422 size-medium\" data-src=\"https:\/\/www.bsdnonwoven.com\/wp-content\/uploads\/2025\/12\/Nonwoven-fabric-use-in-shoes-300x300.webp\" alt=\"\" width=\"300\" height=\"300\" \/><\/p>\n<p><strong>\u00a0<\/strong><\/p>","protected":false},"excerpt":{"rendered":"<p>Soutien stable - Confort \u00e0 chaque pas Description du produit : Fabriqu\u00e9 \u00e0 partir de fibres de polyester haute densit\u00e9 par aiguilletage, ce tissu offre une rigidit\u00e9, une respirabilit\u00e9 et un soutien excellents. La rigidit\u00e9 du tissu peut \u00eatre am\u00e9lior\u00e9e par des processus d'enduction, de pressage \u00e0 chaud ou de laminage, ce qui le rend adapt\u00e9 aux semelles int\u00e9rieures, \u00e0 la mise en forme de l'empeigne, au renforcement des orteils et \u00e0 la mise en forme du talon. Il conserve sa forme tout en [...]<\/p>","protected":false},"featured_media":14417,"template":"","meta":{"_et_pb_use_builder":"","_et_pb_old_content":"","_et_gb_content_width":""},"product_cat":[289],"product_tag":[],"yoast_head":"<!-- This site is optimized with the Yoast SEO plugin v22.7 - https:\/\/yoast.com\/wordpress\/plugins\/seo\/ -->\n<title>Shoe Midsole Fabric - Boshida Nonwoven<\/title>\n<meta name=\"description\" content=\"Shoe Midsole Fabric , we provide Geosynthetic Needle-Punched Non-woven Fabric, Household needle punched non-woven fabric, Automotive Non-woven Fabric with good price.\" \/>\n<meta name=\"robots\" content=\"index, follow, max-snippet:-1, max-image-preview:large, max-video-preview:-1\" \/>\n<link rel=\"canonical\" href=\"https:\/\/www.bsdnonwoven.com\/fr\/produit\/shoe-midsole-fabric\/\" \/>\n<meta property=\"og:locale\" content=\"fr_FR\" \/>\n<meta property=\"og:type\" content=\"article\" \/>\n<meta property=\"og:title\" content=\"Shoe Midsole Fabric - Boshida Nonwoven\" \/>\n<meta property=\"og:description\" content=\"Shoe Midsole Fabric , we provide Geosynthetic Needle-Punched Non-woven Fabric, Household needle punched non-woven fabric, Automotive Non-woven Fabric with good price.\" \/>\n<meta property=\"og:url\" content=\"https:\/\/www.bsdnonwoven.com\/fr\/produit\/shoe-midsole-fabric\/\" \/>\n<meta property=\"og:site_name\" content=\"Boshida Nonwoven\" \/>\n<meta property=\"article:modified_time\" content=\"2025-12-02T08:12:30+00:00\" \/>\n<meta property=\"og:image\" content=\"https:\/\/www.bsdnonwoven.com\/wp-content\/uploads\/2025\/12\/16044322-3de0-404b-8757-ffc18e92e9ff.webp\" \/>\n\t<meta property=\"og:image:width\" content=\"800\" \/>\n\t<meta property=\"og:image:height\" content=\"800\" \/>\n\t<meta property=\"og:image:type\" content=\"image\/webp\" \/>\n<meta name=\"twitter:card\" content=\"summary_large_image\" \/>\n<meta name=\"twitter:label1\" content=\"Dur\u00e9e de lecture estim\u00e9e\" \/>\n\t<meta name=\"twitter:data1\" content=\"2 minutes\" \/>\n<script type=\"application\/ld+json\" class=\"yoast-schema-graph\">{\"@context\":\"https:\/\/schema.org\",\"@graph\":[{\"@type\":\"WebPage\",\"@id\":\"https:\/\/www.bsdnonwoven.com\/product\/shoe-midsole-fabric\/\",\"url\":\"https:\/\/www.bsdnonwoven.com\/product\/shoe-midsole-fabric\/\",\"name\":\"Shoe Midsole Fabric - Boshida Nonwoven\",\"isPartOf\":{\"@id\":\"https:\/\/www.bsdnonwoven.com\/#website\"},\"primaryImageOfPage\":{\"@id\":\"https:\/\/www.bsdnonwoven.com\/product\/shoe-midsole-fabric\/#primaryimage\"},\"image\":{\"@id\":\"https:\/\/www.bsdnonwoven.com\/product\/shoe-midsole-fabric\/#primaryimage\"},\"thumbnailUrl\":\"https:\/\/www.bsdnonwoven.com\/wp-content\/uploads\/2025\/12\/16044322-3de0-404b-8757-ffc18e92e9ff.webp\",\"datePublished\":\"2025-12-02T08:11:53+00:00\",\"dateModified\":\"2025-12-02T08:12:30+00:00\",\"description\":\"Shoe Midsole Fabric , we provide Geosynthetic Needle-Punched Non-woven Fabric, Household needle punched non-woven fabric, Automotive Non-woven Fabric with good price.\",\"breadcrumb\":{\"@id\":\"https:\/\/www.bsdnonwoven.com\/product\/shoe-midsole-fabric\/#breadcrumb\"},\"inLanguage\":\"fr-FR\",\"potentialAction\":[{\"@type\":\"ReadAction\",\"target\":[\"https:\/\/www.bsdnonwoven.com\/product\/shoe-midsole-fabric\/\"]}]},{\"@type\":\"ImageObject\",\"inLanguage\":\"fr-FR\",\"@id\":\"https:\/\/www.bsdnonwoven.com\/product\/shoe-midsole-fabric\/#primaryimage\",\"url\":\"https:\/\/www.bsdnonwoven.com\/wp-content\/uploads\/2025\/12\/16044322-3de0-404b-8757-ffc18e92e9ff.webp\",\"contentUrl\":\"https:\/\/www.bsdnonwoven.com\/wp-content\/uploads\/2025\/12\/16044322-3de0-404b-8757-ffc18e92e9ff.webp\",\"width\":800,\"height\":800},{\"@type\":\"BreadcrumbList\",\"@id\":\"https:\/\/www.bsdnonwoven.com\/product\/shoe-midsole-fabric\/#breadcrumb\",\"itemListElement\":[{\"@type\":\"ListItem\",\"position\":1,\"name\":\"Home\",\"item\":\"https:\/\/www.bsdnonwoven.com\/\"},{\"@type\":\"ListItem\",\"position\":2,\"name\":\"Products\",\"item\":\"https:\/\/www.bsdnonwoven.com\/shop\/\"},{\"@type\":\"ListItem\",\"position\":3,\"name\":\"Shoe Midsole Fabric\"}]},{\"@type\":\"WebSite\",\"@id\":\"https:\/\/www.bsdnonwoven.com\/#website\",\"url\":\"https:\/\/www.bsdnonwoven.com\/\",\"name\":\"Boshida Nonwoven\",\"description\":\"\",\"potentialAction\":[{\"@type\":\"SearchAction\",\"target\":{\"@type\":\"EntryPoint\",\"urlTemplate\":\"https:\/\/www.bsdnonwoven.com\/?s={search_term_string}\"},\"query-input\":\"required name=search_term_string\"}],\"inLanguage\":\"fr-FR\"}]}<\/script>\n<!-- \/ Yoast SEO plugin. -->","yoast_head_json":{"title":"Shoe Midsole Fabric - Boshida Nonwoven","description":"Shoe Midsole Fabric , we provide Geosynthetic Needle-Punched Non-woven Fabric, Household needle punched non-woven fabric, Automotive Non-woven Fabric with good price.","robots":{"index":"index","follow":"follow","max-snippet":"max-snippet:-1","max-image-preview":"max-image-preview:large","max-video-preview":"max-video-preview:-1"},"canonical":"https:\/\/www.bsdnonwoven.com\/fr\/produit\/shoe-midsole-fabric\/","og_locale":"fr_FR","og_type":"article","og_title":"Shoe Midsole Fabric - Boshida Nonwoven","og_description":"Shoe Midsole Fabric , we provide Geosynthetic Needle-Punched Non-woven Fabric, Household needle punched non-woven fabric, Automotive Non-woven Fabric with good price.","og_url":"https:\/\/www.bsdnonwoven.com\/fr\/produit\/shoe-midsole-fabric\/","og_site_name":"Boshida Nonwoven","article_modified_time":"2025-12-02T08:12:30+00:00","og_image":[{"width":800,"height":800,"url":"https:\/\/www.bsdnonwoven.com\/wp-content\/uploads\/2025\/12\/16044322-3de0-404b-8757-ffc18e92e9ff.webp","type":"image\/webp"}],"twitter_card":"summary_large_image","twitter_misc":{"Dur\u00e9e de lecture estim\u00e9e":"2 minutes"},"schema":{"@context":"https:\/\/schema.org","@graph":[{"@type":"WebPage","@id":"https:\/\/www.bsdnonwoven.com\/product\/shoe-midsole-fabric\/","url":"https:\/\/www.bsdnonwoven.com\/product\/shoe-midsole-fabric\/","name":"Shoe Midsole Fabric - Boshida Nonwoven","isPartOf":{"@id":"https:\/\/www.bsdnonwoven.com\/#website"},"primaryImageOfPage":{"@id":"https:\/\/www.bsdnonwoven.com\/product\/shoe-midsole-fabric\/#primaryimage"},"image":{"@id":"https:\/\/www.bsdnonwoven.com\/product\/shoe-midsole-fabric\/#primaryimage"},"thumbnailUrl":"https:\/\/www.bsdnonwoven.com\/wp-content\/uploads\/2025\/12\/16044322-3de0-404b-8757-ffc18e92e9ff.webp","datePublished":"2025-12-02T08:11:53+00:00","dateModified":"2025-12-02T08:12:30+00:00","description":"Shoe Midsole Fabric , we provide Geosynthetic Needle-Punched Non-woven Fabric, Household needle punched non-woven fabric, Automotive Non-woven Fabric with good price.","breadcrumb":{"@id":"https:\/\/www.bsdnonwoven.com\/product\/shoe-midsole-fabric\/#breadcrumb"},"inLanguage":"fr-FR","potentialAction":[{"@type":"ReadAction","target":["https:\/\/www.bsdnonwoven.com\/product\/shoe-midsole-fabric\/"]}]},{"@type":"ImageObject","inLanguage":"fr-FR","@id":"https:\/\/www.bsdnonwoven.com\/product\/shoe-midsole-fabric\/#primaryimage","url":"https:\/\/www.bsdnonwoven.com\/wp-content\/uploads\/2025\/12\/16044322-3de0-404b-8757-ffc18e92e9ff.webp","contentUrl":"https:\/\/www.bsdnonwoven.com\/wp-content\/uploads\/2025\/12\/16044322-3de0-404b-8757-ffc18e92e9ff.webp","width":800,"height":800},{"@type":"BreadcrumbList","@id":"https:\/\/www.bsdnonwoven.com\/product\/shoe-midsole-fabric\/#breadcrumb","itemListElement":[{"@type":"ListItem","position":1,"name":"Home","item":"https:\/\/www.bsdnonwoven.com\/"},{"@type":"ListItem","position":2,"name":"Products","item":"https:\/\/www.bsdnonwoven.com\/shop\/"},{"@type":"ListItem","position":3,"name":"Shoe Midsole Fabric"}]},{"@type":"WebSite","@id":"https:\/\/www.bsdnonwoven.com\/#website","url":"https:\/\/www.bsdnonwoven.com\/","name":"Boshida Nonwoven","description":"","potentialAction":[{"@type":"SearchAction","target":{"@type":"EntryPoint","urlTemplate":"https:\/\/www.bsdnonwoven.com\/?s={search_term_string}"},"query-input":"required name=search_term_string"}],"inLanguage":"fr-FR"}]}},"_links":{"self":[{"href":"https:\/\/www.bsdnonwoven.com\/fr\/wp-json\/wp\/v2\/product\/14415"}],"collection":[{"href":"https:\/\/www.bsdnonwoven.com\/fr\/wp-json\/wp\/v2\/product"}],"about":[{"href":"https:\/\/www.bsdnonwoven.com\/fr\/wp-json\/wp\/v2\/types\/product"}],"wp:featuredmedia":[{"embeddable":true,"href":"https:\/\/www.bsdnonwoven.com\/fr\/wp-json\/wp\/v2\/media\/14417"}],"wp:attachment":[{"href":"https:\/\/www.bsdnonwoven.com\/fr\/wp-json\/wp\/v2\/media?parent=14415"}],"wp:term":[{"taxonomy":"product_cat","embeddable":true,"href":"https:\/\/www.bsdnonwoven.com\/fr\/wp-json\/wp\/v2\/product_cat?post=14415"},{"taxonomy":"product_tag","embeddable":true,"href":"https:\/\/www.bsdnonwoven.com\/fr\/wp-json\/wp\/v2\/product_tag?post=14415"}],"curies":[{"name":"wp","href":"https:\/\/api.w.org\/{rel}","templated":true}]}}