{"id":14423,"date":"2025-12-02T08:20:45","date_gmt":"2025-12-02T08:20:45","guid":{"rendered":"https:\/\/www.bsdnonwoven.com\/?post_type=product&#038;p=14423"},"modified":"2025-12-02T08:20:45","modified_gmt":"2025-12-02T08:20:45","slug":"gel-coated-midsole-board","status":"publish","type":"product","link":"https:\/\/www.bsdnonwoven.com\/fr\/produit\/gel-coated-midsole-board\/","title":{"rendered":"Semelle interm\u00e9diaire enrob\u00e9e de gel"},"content":{"rendered":"<p>Mise en forme durable - Le choix d'un soutien durable<\/p>\n<p><strong>Description du produit :<\/strong><br \/>\nLa planche de semelle interm\u00e9diaire enduite de gel de Boshida utilise comme mat\u00e9riau de base un tissu non tiss\u00e9 aiguillet\u00e9 en polyester haute densit\u00e9, qui est profond\u00e9ment impr\u00e9gn\u00e9 d'adh\u00e9sifs \u00e0 base d'eau ou de solvant sp\u00e9cialement formul\u00e9s, puis durci \u00e0 la chaleur. Ce processus conf\u00e8re au mat\u00e9riau une rigidit\u00e9, une r\u00e9sistance au pliage et une r\u00e9silience \u00e9lev\u00e9es. Sa structure interne est dense et sa surface est lisse, ce qui lui conf\u00e8re un support solide sans rigidit\u00e9. Il conserve une forme stable dans les environnements de stress \u00e0 haute fr\u00e9quence des chaussures. Adapt\u00e9 aux structures des semelles interm\u00e9diaires des chaussures de sport, des chaussures habill\u00e9es, des chaussures de travail et autres, ce mat\u00e9riau offre un \u00e9quilibre id\u00e9al entre confort et durabilit\u00e9.<\/p>\n<p><strong>Principaux param\u00e8tres :<br \/>\n<\/strong><\/p>\n<table style=\"border-collapse: collapse; width: 372.02pt;\" border=\"0\" width=\"372\" cellspacing=\"0\" cellpadding=\"0\">\n<tbody>\n<tr style=\"height: 18.00pt;\">\n<td class=\"et2\" style=\"height: 18.00pt; width: 127.45pt;\" width=\"127\" height=\"18\">Objet<\/td>\n<td class=\"et2\" style=\"width: 95.00pt;\" width=\"95\">Unit\u00e9<\/td>\n<td class=\"et2\" style=\"width: 149.95pt;\" width=\"149\">Gamme<\/td>\n<\/tr>\n<tr style=\"height: 18.00pt;\">\n<td class=\"et3\" style=\"height: 18.00pt; width: 127.45pt;\" width=\"127\" height=\"18\">Grammage<\/td>\n<td class=\"et3\" style=\"width: 95.00pt;\" width=\"95\">g\/\u33a1<\/td>\n<td class=\"et3\" style=\"width: 149.95pt;\" width=\"149\">300 - 800<\/td>\n<\/tr>\n<tr style=\"height: 18.00pt;\">\n<td class=\"et3\" style=\"height: 18.00pt; width: 127.45pt;\" width=\"127\" height=\"18\">Largeur<\/td>\n<td class=\"et3\" style=\"width: 95.00pt;\" width=\"95\">m<\/td>\n<td class=\"et3\" style=\"width: 149.95pt;\" width=\"149\">\u2264 2.4<\/td>\n<\/tr>\n<tr style=\"height: 18.00pt;\">\n<td class=\"et3\" style=\"height: 18.00pt; width: 127.45pt;\" width=\"127\" height=\"18\">\u00c9paisseur<\/td>\n<td class=\"et3\" style=\"width: 95.00pt;\" width=\"95\">mm<\/td>\n<td class=\"et3\" style=\"width: 149.95pt;\" width=\"149\">1,5 - 3,5 (personnalisable)<\/td>\n<\/tr>\n<tr style=\"height: 36.00pt;\">\n<td class=\"et3\" style=\"height: 36.00pt; width: 127.45pt;\" width=\"127\" height=\"36\">Type de rev\u00eatement<\/td>\n<td class=\"et3\" style=\"width: 95.00pt;\" width=\"95\">-<\/td>\n<td class=\"et3\" style=\"width: 149.95pt;\" width=\"149\">A base d'eau \/ A base de solvant \/ Emulsion (optionnel)<\/td>\n<\/tr>\n<\/tbody>\n<\/table>\n<p><strong>Caract\u00e9ristiques du produit :<\/strong><\/p>\n<p>Support \u00e0 haute rigidit\u00e9, non susceptible de s'effondrer ou de se d\u00e9former<br \/>\nR\u00e9sistant au pliage et \u00e0 la pression, adapt\u00e9 aux flexions r\u00e9p\u00e9t\u00e9es dans les chaussures de sport<br \/>\nRev\u00eatement uniforme, forte adh\u00e9rence, facile \u00e0 couper et \u00e0 fa\u00e7onner<br \/>\nCombine soutien et flexibilit\u00e9, pour un excellent confort<br \/>\nDuret\u00e9, \u00e9paisseur et syst\u00e8me adh\u00e9sif personnalisables<\/p>\n<p><strong>Fonctions du produit :<\/strong><\/p>\n<p>Fournit un soutien structurel central pour les chaussures, am\u00e9liorant ainsi la stabilit\u00e9.<br \/>\nMaintient la forme et l'aspect tridimensionnel de la chaussure, en \u00e9vitant l'affaissement.<br \/>\nAbsorbe une partie des forces d'impact, am\u00e9liorant ainsi le confort du pied.<br \/>\nProlonge la dur\u00e9e de vie globale de la chaussure<\/p>\n<p><strong>Domaines d'application :<\/strong><\/p>\n<p>Couche de structure de la semelle interm\u00e9diaire de la chaussure de sport<br \/>\nChaussures de ville et chaussures de travail<br \/>\nCouche de soutien renforc\u00e9e pour les chaussures de randonn\u00e9e, les chaussures de s\u00e9curit\u00e9, etc.<br \/>\nSemelles de chaussures de mode et cadre de soutien des semelles int\u00e9rieures<br \/>\n<img loading=\"lazy\" decoding=\"async\" class=\"alignleft wp-image-14427 size-medium\" data-src=\"https:\/\/www.bsdnonwoven.com\/wp-content\/uploads\/2025\/12\/fabea223-d9ac-420c-b6d6-0bd3e1df558e-300x300.webp\" alt=\"\" width=\"300\" height=\"300\" \/> <img loading=\"lazy\" decoding=\"async\" class=\"alignleft wp-image-14426 size-medium\" data-src=\"https:\/\/www.bsdnonwoven.com\/wp-content\/uploads\/2025\/12\/52de672d-d405-40d5-8710-0dd7a85a0280-300x300.webp\" alt=\"\" width=\"300\" height=\"300\" \/><\/p>\n<p>&nbsp;<\/p>","protected":false},"excerpt":{"rendered":"<p>Mise en forme durable - Le choix pour un soutien durable Description du produit : La planche de semelle interm\u00e9diaire enduite de gel de Boshida utilise comme mat\u00e9riau de base un tissu non tiss\u00e9 aiguillet\u00e9 en polyester haute densit\u00e9, qui est profond\u00e9ment impr\u00e9gn\u00e9 d'adh\u00e9sifs \u00e0 base d'eau ou de solvant sp\u00e9cialement formul\u00e9s, puis durci \u00e0 la chaleur. Ce processus conf\u00e8re au mat\u00e9riau une rigidit\u00e9, une r\u00e9sistance au pliage et une r\u00e9silience \u00e9lev\u00e9es. Sa structure interne est dense et [...]<\/p>","protected":false},"featured_media":14425,"template":"","meta":{"_et_pb_use_builder":"","_et_pb_old_content":"","_et_gb_content_width":""},"product_cat":[289],"product_tag":[],"yoast_head":"<!-- This site is optimized with the Yoast SEO plugin v22.7 - https:\/\/yoast.com\/wordpress\/plugins\/seo\/ -->\n<title>Gel-coated Midsole Board - Boshida Nonwoven<\/title>\n<meta name=\"description\" content=\"Gel-coated Midsole Board , we provide Geosynthetic Needle-Punched Non-woven Fabric, Household needle punched non-woven fabric, Automotive Non-woven Fabric with good price.\" \/>\n<meta name=\"robots\" content=\"index, follow, max-snippet:-1, max-image-preview:large, max-video-preview:-1\" \/>\n<link rel=\"canonical\" href=\"https:\/\/www.bsdnonwoven.com\/fr\/produit\/gel-coated-midsole-board\/\" \/>\n<meta property=\"og:locale\" content=\"fr_FR\" \/>\n<meta property=\"og:type\" content=\"article\" \/>\n<meta property=\"og:title\" content=\"Gel-coated Midsole Board - Boshida Nonwoven\" \/>\n<meta property=\"og:description\" content=\"Gel-coated Midsole Board , we provide Geosynthetic Needle-Punched Non-woven Fabric, Household needle punched non-woven fabric, Automotive Non-woven Fabric with good price.\" \/>\n<meta property=\"og:url\" content=\"https:\/\/www.bsdnonwoven.com\/fr\/produit\/gel-coated-midsole-board\/\" \/>\n<meta property=\"og:site_name\" content=\"Boshida Nonwoven\" \/>\n<meta property=\"og:image\" content=\"https:\/\/www.bsdnonwoven.com\/wp-content\/uploads\/2025\/12\/cff9310d-3c04-4ca1-93fc-25d55854f256.webp\" \/>\n\t<meta property=\"og:image:width\" content=\"800\" \/>\n\t<meta property=\"og:image:height\" content=\"800\" \/>\n\t<meta property=\"og:image:type\" content=\"image\/webp\" \/>\n<meta name=\"twitter:card\" content=\"summary_large_image\" \/>\n<meta name=\"twitter:label1\" content=\"Dur\u00e9e de lecture estim\u00e9e\" \/>\n\t<meta name=\"twitter:data1\" content=\"2 minutes\" \/>\n<script type=\"application\/ld+json\" class=\"yoast-schema-graph\">{\"@context\":\"https:\/\/schema.org\",\"@graph\":[{\"@type\":\"WebPage\",\"@id\":\"https:\/\/www.bsdnonwoven.com\/product\/gel-coated-midsole-board\/\",\"url\":\"https:\/\/www.bsdnonwoven.com\/product\/gel-coated-midsole-board\/\",\"name\":\"Gel-coated Midsole Board - Boshida Nonwoven\",\"isPartOf\":{\"@id\":\"https:\/\/www.bsdnonwoven.com\/#website\"},\"primaryImageOfPage\":{\"@id\":\"https:\/\/www.bsdnonwoven.com\/product\/gel-coated-midsole-board\/#primaryimage\"},\"image\":{\"@id\":\"https:\/\/www.bsdnonwoven.com\/product\/gel-coated-midsole-board\/#primaryimage\"},\"thumbnailUrl\":\"https:\/\/www.bsdnonwoven.com\/wp-content\/uploads\/2025\/12\/cff9310d-3c04-4ca1-93fc-25d55854f256.webp\",\"datePublished\":\"2025-12-02T08:20:45+00:00\",\"dateModified\":\"2025-12-02T08:20:45+00:00\",\"description\":\"Gel-coated Midsole Board , we provide Geosynthetic Needle-Punched Non-woven Fabric, Household needle punched non-woven fabric, Automotive Non-woven Fabric with good price.\",\"breadcrumb\":{\"@id\":\"https:\/\/www.bsdnonwoven.com\/product\/gel-coated-midsole-board\/#breadcrumb\"},\"inLanguage\":\"fr-FR\",\"potentialAction\":[{\"@type\":\"ReadAction\",\"target\":[\"https:\/\/www.bsdnonwoven.com\/product\/gel-coated-midsole-board\/\"]}]},{\"@type\":\"ImageObject\",\"inLanguage\":\"fr-FR\",\"@id\":\"https:\/\/www.bsdnonwoven.com\/product\/gel-coated-midsole-board\/#primaryimage\",\"url\":\"https:\/\/www.bsdnonwoven.com\/wp-content\/uploads\/2025\/12\/cff9310d-3c04-4ca1-93fc-25d55854f256.webp\",\"contentUrl\":\"https:\/\/www.bsdnonwoven.com\/wp-content\/uploads\/2025\/12\/cff9310d-3c04-4ca1-93fc-25d55854f256.webp\",\"width\":800,\"height\":800},{\"@type\":\"BreadcrumbList\",\"@id\":\"https:\/\/www.bsdnonwoven.com\/product\/gel-coated-midsole-board\/#breadcrumb\",\"itemListElement\":[{\"@type\":\"ListItem\",\"position\":1,\"name\":\"Home\",\"item\":\"https:\/\/www.bsdnonwoven.com\/\"},{\"@type\":\"ListItem\",\"position\":2,\"name\":\"Products\",\"item\":\"https:\/\/www.bsdnonwoven.com\/shop\/\"},{\"@type\":\"ListItem\",\"position\":3,\"name\":\"Gel-coated Midsole Board\"}]},{\"@type\":\"WebSite\",\"@id\":\"https:\/\/www.bsdnonwoven.com\/#website\",\"url\":\"https:\/\/www.bsdnonwoven.com\/\",\"name\":\"Boshida Nonwoven\",\"description\":\"\",\"potentialAction\":[{\"@type\":\"SearchAction\",\"target\":{\"@type\":\"EntryPoint\",\"urlTemplate\":\"https:\/\/www.bsdnonwoven.com\/?s={search_term_string}\"},\"query-input\":\"required name=search_term_string\"}],\"inLanguage\":\"fr-FR\"}]}<\/script>\n<!-- \/ Yoast SEO plugin. -->","yoast_head_json":{"title":"Gel-coated Midsole Board - Boshida Nonwoven","description":"Gel-coated Midsole Board , we provide Geosynthetic Needle-Punched Non-woven Fabric, Household needle punched non-woven fabric, Automotive Non-woven Fabric with good price.","robots":{"index":"index","follow":"follow","max-snippet":"max-snippet:-1","max-image-preview":"max-image-preview:large","max-video-preview":"max-video-preview:-1"},"canonical":"https:\/\/www.bsdnonwoven.com\/fr\/produit\/gel-coated-midsole-board\/","og_locale":"fr_FR","og_type":"article","og_title":"Gel-coated Midsole Board - Boshida Nonwoven","og_description":"Gel-coated Midsole Board , we provide Geosynthetic Needle-Punched Non-woven Fabric, Household needle punched non-woven fabric, Automotive Non-woven Fabric with good price.","og_url":"https:\/\/www.bsdnonwoven.com\/fr\/produit\/gel-coated-midsole-board\/","og_site_name":"Boshida Nonwoven","og_image":[{"width":800,"height":800,"url":"https:\/\/www.bsdnonwoven.com\/wp-content\/uploads\/2025\/12\/cff9310d-3c04-4ca1-93fc-25d55854f256.webp","type":"image\/webp"}],"twitter_card":"summary_large_image","twitter_misc":{"Dur\u00e9e de lecture estim\u00e9e":"2 minutes"},"schema":{"@context":"https:\/\/schema.org","@graph":[{"@type":"WebPage","@id":"https:\/\/www.bsdnonwoven.com\/product\/gel-coated-midsole-board\/","url":"https:\/\/www.bsdnonwoven.com\/product\/gel-coated-midsole-board\/","name":"Gel-coated Midsole Board - Boshida Nonwoven","isPartOf":{"@id":"https:\/\/www.bsdnonwoven.com\/#website"},"primaryImageOfPage":{"@id":"https:\/\/www.bsdnonwoven.com\/product\/gel-coated-midsole-board\/#primaryimage"},"image":{"@id":"https:\/\/www.bsdnonwoven.com\/product\/gel-coated-midsole-board\/#primaryimage"},"thumbnailUrl":"https:\/\/www.bsdnonwoven.com\/wp-content\/uploads\/2025\/12\/cff9310d-3c04-4ca1-93fc-25d55854f256.webp","datePublished":"2025-12-02T08:20:45+00:00","dateModified":"2025-12-02T08:20:45+00:00","description":"Gel-coated Midsole Board , we provide Geosynthetic Needle-Punched Non-woven Fabric, Household needle punched non-woven fabric, Automotive Non-woven Fabric with good price.","breadcrumb":{"@id":"https:\/\/www.bsdnonwoven.com\/product\/gel-coated-midsole-board\/#breadcrumb"},"inLanguage":"fr-FR","potentialAction":[{"@type":"ReadAction","target":["https:\/\/www.bsdnonwoven.com\/product\/gel-coated-midsole-board\/"]}]},{"@type":"ImageObject","inLanguage":"fr-FR","@id":"https:\/\/www.bsdnonwoven.com\/product\/gel-coated-midsole-board\/#primaryimage","url":"https:\/\/www.bsdnonwoven.com\/wp-content\/uploads\/2025\/12\/cff9310d-3c04-4ca1-93fc-25d55854f256.webp","contentUrl":"https:\/\/www.bsdnonwoven.com\/wp-content\/uploads\/2025\/12\/cff9310d-3c04-4ca1-93fc-25d55854f256.webp","width":800,"height":800},{"@type":"BreadcrumbList","@id":"https:\/\/www.bsdnonwoven.com\/product\/gel-coated-midsole-board\/#breadcrumb","itemListElement":[{"@type":"ListItem","position":1,"name":"Home","item":"https:\/\/www.bsdnonwoven.com\/"},{"@type":"ListItem","position":2,"name":"Products","item":"https:\/\/www.bsdnonwoven.com\/shop\/"},{"@type":"ListItem","position":3,"name":"Gel-coated Midsole Board"}]},{"@type":"WebSite","@id":"https:\/\/www.bsdnonwoven.com\/#website","url":"https:\/\/www.bsdnonwoven.com\/","name":"Boshida Nonwoven","description":"","potentialAction":[{"@type":"SearchAction","target":{"@type":"EntryPoint","urlTemplate":"https:\/\/www.bsdnonwoven.com\/?s={search_term_string}"},"query-input":"required name=search_term_string"}],"inLanguage":"fr-FR"}]}},"_links":{"self":[{"href":"https:\/\/www.bsdnonwoven.com\/fr\/wp-json\/wp\/v2\/product\/14423"}],"collection":[{"href":"https:\/\/www.bsdnonwoven.com\/fr\/wp-json\/wp\/v2\/product"}],"about":[{"href":"https:\/\/www.bsdnonwoven.com\/fr\/wp-json\/wp\/v2\/types\/product"}],"wp:featuredmedia":[{"embeddable":true,"href":"https:\/\/www.bsdnonwoven.com\/fr\/wp-json\/wp\/v2\/media\/14425"}],"wp:attachment":[{"href":"https:\/\/www.bsdnonwoven.com\/fr\/wp-json\/wp\/v2\/media?parent=14423"}],"wp:term":[{"taxonomy":"product_cat","embeddable":true,"href":"https:\/\/www.bsdnonwoven.com\/fr\/wp-json\/wp\/v2\/product_cat?post=14423"},{"taxonomy":"product_tag","embeddable":true,"href":"https:\/\/www.bsdnonwoven.com\/fr\/wp-json\/wp\/v2\/product_tag?post=14423"}],"curies":[{"name":"wp","href":"https:\/\/api.w.org\/{rel}","templated":true}]}}