{"id":11096,"date":"2025-02-18T08:42:15","date_gmt":"2025-02-18T08:42:15","guid":{"rendered":"https:\/\/www.bsdnonwoven.com\/?page_id=11096"},"modified":"2025-05-29T01:42:34","modified_gmt":"2025-05-29T01:42:34","slug":"service","status":"publish","type":"page","link":"https:\/\/www.bsdnonwoven.com\/pt\/service\/","title":{"rendered":"Servi\u00e7o"},"content":{"rendered":"<p>[et_pb_section fb_built=\"1\u2033 _builder_version=\"4.21.0\u2033 _module_preset=\"default\" background_enable_color=\"off\" custom_padding=\"35px||0px|||false|false\" border_color_bottom=\"#eeeeee\" global_colors_info=\"{}\"][et_pb_row _builder_version=\"4.21.0\u2033 _module_preset=\"default\" custom_padding=\"0px||15px|||false|false\" border_width_bottom=\"10px\" border_color_bottom=\"#eeeeee\" global_colors_info=\"{}\"][et_pb_column type=\"4_4\u2033 _builder_version=\"4.21.0\u2033 _module_preset=\"default\" global_colors_info=\"{}\"][dipl_breadcrumb breadcrumb_layout=\"layout2\u2033 separator_text=\"\/\" separator_size=\"18px\" separator_color=\"#888888\u2033 _builder_version=\"4.21.0\u2033 _module_preset=\"default\" global_text_settings_text_align=\"left\" global_text_settings_font_size=\"18px\" text_font=\"||||||||\" text_text_color=\"#000000\u2033 link_text_color=\"#000000\u2033 global_text_settings_font_size_tablet=\"18px\" global_text_settings_font_size_phone=\"14px\" global_text_settings_font_size_last_edited=\"on|phone\" global_colors_info=\"{}\"][\/dipl_breadcrumb][\/et_pb_column][\/et_pb_row][et_pb_row custom_padding_last_edited=\"on|phone\" module_id=\"wu\" _builder_version=\"4.21.0\u2033 _module_preset=\"default\" custom_padding=\"||||false|false\" custom_padding_tablet=\"||||false|false\" custom_padding_phone=\"||0px||false|false\" global_colors_info=\"{}\"][et_pb_column type=\"4_4\u2033 _builder_version=\"4.21.0\u2033 _module_preset=\"default\" global_colors_info=\"{}\"][et_pb_text _builder_version=\"4.21.0\u2033 _module_preset=\"default\" header_font=\"|700|||||||\" header_text_align=\"center\" header_text_color=\"#000000\u2033 header_font_size=\"32px\" custom_margin=\"||15px|||false|false\" custom_padding=\"||||false|false\" custom_padding_tablet=\"0px||||false|false\" custom_padding_phone=\"0px||||false|false\" custom_padding_last_edited=\"on|tablet\" hover_enabled=\"0\u2033 header_font_size_tablet=\"40px\" header_font_size_phone=\"18px\" header_font_size_last_edited=\"on|phone\" global_colors_info=\"{}\" sticky_enabled=\"0\u2033]<\/p>\n<h1 class=\"p1\">A Boshida Nonwoven Textile ao seu servi\u00e7o<\/h1>\n<p>[\/et_pb_text][et_pb_text _builder_version=\"4.21.0\u2033 _module_preset=\"default\" global_colors_info=\"{}\"]<\/p>\n<p class=\"p1\" style=\"text-align: center;\">N\u00e3o s\u00f3 lhe fornecemos <a href=\"\/products\/\"><span class=\"s1\">tecido n\u00e3o tecido<\/span><\/a> e <a href=\"https:\/\/www.bsdnonwoven.com\/category\/geomembrane-2\/\"><span class=\"s1\">geomembrana<\/span><\/a>mas tamb\u00e9m servi\u00e7os atenciosos<\/p>\n<p>[\/et_pb_text][\/et_pb_column][\/et_pb_row][\/et_pb_section][et_pb_section fb_built=&#8221;1&#8243; _builder_version=&#8221;4.21.0&#8243; _module_preset=&#8221;default&#8221; custom_padding=&#8221;0px|||||&#8221; global_colors_info=&#8221;{}&#8221;][et_pb_row _builder_version=&#8221;4.21.0&#8243; _module_preset=&#8221;default&#8221; custom_padding=&#8221;0px||||false|false&#8221; global_colors_info=&#8221;{}&#8221;][et_pb_column type=&#8221;4_4&#8243; _builder_version=&#8221;4.21.0&#8243; _module_preset=&#8221;default&#8221; global_colors_info=&#8221;{}&#8221;][et_pb_text _builder_version=&#8221;4.21.0&#8243; _module_preset=&#8221;default&#8221; text_font=&#8221;|600|||||||&#8221; text_font_size=&#8221;26px&#8221; background_color=&#8221;#eeeeee&#8221; text_orientation=&#8221;center&#8221; custom_padding=&#8221;18px|10px|18px|10px|true|true&#8221; text_font_size_tablet=&#8221;20px&#8221; text_font_size_phone=&#8221;20px&#8221; text_font_size_last_edited=&#8221;on|phone&#8221; global_colors_info=&#8221;{}&#8221;]<\/p>\n<p>Servi\u00e7os de pr\u00e9-venda - Correspond\u00eancia exacta das necessidades<\/p>\n<p>[\/et_pb_text][\/et_pb_column][\/et_pb_row][et_pb_row column_structure=&#8221;1_3,1_3,1_3&#8243; use_custom_gutter=&#8221;on&#8221; _builder_version=&#8221;4.21.0&#8243; _module_preset=&#8221;default&#8221; global_colors_info=&#8221;{}&#8221;][et_pb_column type=&#8221;1_3&#8243; _builder_version=&#8221;4.21.0&#8243; _module_preset=&#8221;default&#8221; border_width_right=&#8221;1px&#8221; border_color_right=&#8221;#B3B3B3&#8243; global_colors_info=&#8221;{}&#8221;][et_pb_image src=&#8221;https:\/\/www.bsdnonwoven.com\/wp-content\/uploads\/2025\/05\/dialogue.png&#8221; title_text=&#8221;dialogue&#8221; align=&#8221;center&#8221; _builder_version=&#8221;4.21.0&#8243; _module_preset=&#8221;default&#8221; global_colors_info=&#8221;{}&#8221;][\/et_pb_image][et_pb_text _builder_version=&#8221;4.21.0&#8243; _module_preset=&#8221;default&#8221; text_font=&#8221;|800|||||||&#8221; text_font_size=&#8221;20px&#8221; text_line_height=&#8221;1.5em&#8221; text_orientation=&#8221;center&#8221; global_colors_info=&#8221;{}&#8221;]<\/p>\n<p>Consulta gratuita e conce\u00e7\u00e3o de solu\u00e7\u00f5es<\/p>\n<p>[\/et_pb_text][et_pb_text _builder_version=\"4.21.0\u2033 _module_preset=\"default\" global_colors_info=\"{}\"]<\/p>\n<p class=\"p1\">Consulta t\u00e9cnica inter-industrial: Personalizar os par\u00e2metros do material com base nas cargas de engenharia hidr\u00e1ulica, efici\u00eancia de filtragem, requisitos de conforto dom\u00e9stico, etc.<\/p>\n<p>[\/et_pb_text][\/et_pb_column][et_pb_column type=&#8221;1_3&#8243; _builder_version=&#8221;4.21.0&#8243; _module_preset=&#8221;default&#8221; border_width_right=&#8221;1px&#8221; border_color_right=&#8221;#B3B3B3&#8243; global_colors_info=&#8221;{}&#8221;][et_pb_image src=&#8221;https:\/\/www.bsdnonwoven.com\/wp-content\/uploads\/2025\/05\/prototype-4.png&#8221; title_text=&#8221;prototype (4)&#8221; align=&#8221;center&#8221; _builder_version=&#8221;4.21.0&#8243; _module_preset=&#8221;default&#8221; global_colors_info=&#8221;{}&#8221;][\/et_pb_image][et_pb_text _builder_version=&#8221;4.21.0&#8243; _module_preset=&#8221;default&#8221; text_font=&#8221;|800|||||||&#8221; text_font_size=&#8221;20px&#8221; text_line_height=&#8221;1.5em&#8221; text_orientation=&#8221;center&#8221; global_colors_info=&#8221;{}&#8221;]<\/p>\n<p class=\"p1\"><b>Servi\u00e7o de prototipagem r\u00e1pida<\/b><\/p>\n<p>[\/et_pb_text][et_pb_text _builder_version=\"4.21.0\u2033 _module_preset=\"default\" global_colors_info=\"{}\"]<\/p>\n<p class=\"p1\">Entrega de amostras em 3-5 dias \u00fateis com testes espec\u00edficos, incluindo testes de tra\u00e7\u00e3o do geot\u00eaxtil e verifica\u00e7\u00e3o da respirabilidade do material de filtragem.<\/p>\n<p>[\/et_pb_text][\/et_pb_column][et_pb_column type=&#8221;1_3&#8243; _builder_version=&#8221;4.21.0&#8243; _module_preset=&#8221;default&#8221; border_color_right=&#8221;#B3B3B3&#8243; global_colors_info=&#8221;{}&#8221;][et_pb_image src=&#8221;https:\/\/www.bsdnonwoven.com\/wp-content\/uploads\/2025\/05\/material-management.png&#8221; title_text=&#8221;material-management&#8221; align=&#8221;center&#8221; _builder_version=&#8221;4.21.0&#8243; _module_preset=&#8221;default&#8221; global_colors_info=&#8221;{}&#8221;][\/et_pb_image][et_pb_text _builder_version=&#8221;4.21.0&#8243; _module_preset=&#8221;default&#8221; text_font=&#8221;|800|||||||&#8221; text_font_size=&#8221;20px&#8221; text_line_height=&#8221;1.5em&#8221; text_orientation=&#8221;center&#8221; global_colors_info=&#8221;{}&#8221;]<\/p>\n<p class=\"p1\"><b>Apoio \u00e0 sele\u00e7\u00e3o de materiais em balc\u00e3o \u00fanico<\/b><\/p>\n<p>[\/et_pb_text][et_pb_text _builder_version=\"4.21.0\u2033 _module_preset=\"default\" global_colors_info=\"{}\"]<\/p>\n<p class=\"p1\">A equipa de engenheiros ajuda na sele\u00e7\u00e3o precisa do material, desde a gramagem, espessura at\u00e9 \u00e0s misturas de fibras, reduzindo os custos de tentativa e erro.<\/p>\n<p>[\/et_pb_text][\/et_pb_column][\/et_pb_row][et_pb_row _builder_version=&#8221;4.21.0&#8243; _module_preset=&#8221;default&#8221; custom_padding=&#8221;||||false|false&#8221; global_colors_info=&#8221;{}&#8221;][et_pb_column type=&#8221;4_4&#8243; _builder_version=&#8221;4.21.0&#8243; _module_preset=&#8221;default&#8221; global_colors_info=&#8221;{}&#8221;][et_pb_text _builder_version=&#8221;4.21.0&#8243; _module_preset=&#8221;default&#8221; text_font=&#8221;|600|||||||&#8221; text_font_size=&#8221;26px&#8221; background_color=&#8221;#eeeeee&#8221; text_orientation=&#8221;center&#8221; custom_padding=&#8221;18px|10px|18px|10px|true|true&#8221; text_font_size_tablet=&#8221;20px&#8221; text_font_size_phone=&#8221;20px&#8221; text_font_size_last_edited=&#8221;on|phone&#8221; global_colors_info=&#8221;{}&#8221;]<\/p>\n<p class=\"p1\"><b>Servi\u00e7os de cumprimento de encomendas - Entrega transparente e eficiente<\/b><\/p>\n<p>[\/et_pb_text][\/et_pb_column][\/et_pb_row][et_pb_row column_structure=&#8221;1_3,1_3,1_3&#8243; use_custom_gutter=&#8221;on&#8221; module_id=&#8221;cp&#8221; _builder_version=&#8221;4.21.0&#8243; _module_preset=&#8221;default&#8221; global_colors_info=&#8221;{}&#8221;][et_pb_column type=&#8221;1_3&#8243; _builder_version=&#8221;4.21.0&#8243; _module_preset=&#8221;default&#8221; background_color=&#8221;#ededed&#8221; custom_padding=&#8221;3%|2%|3%|2%|true|true&#8221; border_radii=&#8221;on|15px|15px|15px|15px&#8221; border_color_right=&#8221;#B3B3B3&#8243; global_colors_info=&#8221;{}&#8221;][et_pb_text _builder_version=&#8221;4.21.0&#8243; _module_preset=&#8221;default&#8221; text_font=&#8221;|800|||||||&#8221; text_font_size=&#8221;42px&#8221; text_line_height=&#8221;1.8em&#8221; custom_margin=&#8221;||7%||false|false&#8221; global_colors_info=&#8221;{}&#8221;]<\/p>\n<p>01<\/p>\n<p>[\/et_pb_text][et_pb_text _builder_version=&#8221;4.21.0&#8243; _module_preset=&#8221;default&#8221; text_font=&#8221;|800|||||||&#8221; text_font_size=&#8221;20px&#8221; text_line_height=&#8221;1.4em&#8221; custom_margin=&#8221;||5%||false|false&#8221; global_colors_info=&#8221;{}&#8221;]<\/p>\n<p class=\"p1\">Servi\u00e7o de seguimento de encomendas em tempo real<\/p>\n<p>[\/et_pb_text][et_pb_text _builder_version=\"4.21.0\u2033 _module_preset=\"default\" global_colors_info=\"{}\"]<\/p>\n<p class=\"p1\">Gest\u00e3o de conta dedicada com acesso 24 horas por dia, 7 dias por semana, ao progresso da produ\u00e7\u00e3o, relat\u00f3rios de inspe\u00e7\u00e3o de qualidade e acompanhamento log\u00edstico.<\/p>\n<p>[\/et_pb_text][\/et_pb_column][et_pb_column type=&#8221;1_3&#8243; _builder_version=&#8221;4.21.0&#8243; _module_preset=&#8221;default&#8221; background_color=&#8221;#d2dfe8&#8243; custom_padding=&#8221;3%|2%|3%|2%|true|true&#8221; border_radii=&#8221;on|15px|15px|15px|15px&#8221; border_color_right=&#8221;#B3B3B3&#8243; global_colors_info=&#8221;{}&#8221;][et_pb_text _builder_version=&#8221;4.21.0&#8243; _module_preset=&#8221;default&#8221; text_font=&#8221;|800|||||||&#8221; text_font_size=&#8221;42px&#8221; text_line_height=&#8221;1.8em&#8221; custom_margin=&#8221;||7%||false|false&#8221; global_colors_info=&#8221;{}&#8221;]<\/p>\n<p>02<\/p>\n<p>[\/et_pb_text][et_pb_text _builder_version=&#8221;4.21.0&#8243; _module_preset=&#8221;default&#8221; text_font=&#8221;|800|||||||&#8221; text_font_size=&#8221;20px&#8221; text_line_height=&#8221;1.4em&#8221; custom_margin=&#8221;||5%||false|false&#8221; global_colors_info=&#8221;{}&#8221;]<\/p>\n<p class=\"p1\"><b>Capacidade de produ\u00e7\u00e3o \u00e1gil<\/b><\/p>\n<p>[\/et_pb_text][et_pb_text _builder_version=\"4.21.0\u2033 _module_preset=\"default\" global_colors_info=\"{}\"]<\/p>\n<p class=\"p1\">Cumprimento flex\u00edvel de encomendas, desde prot\u00f3tipos de pequenos lotes at\u00e9 \u00e0 produ\u00e7\u00e3o em massa, satisfazendo a procura urgente de actualiza\u00e7\u00f5es de filtros para autom\u00f3veis ou projectos de infra-estruturas.<\/p>\n<p>[\/et_pb_text][\/et_pb_column][et_pb_column type=&#8221;1_3&#8243; _builder_version=&#8221;4.21.0&#8243; _module_preset=&#8221;default&#8221; background_color=&#8221;#ededed&#8221; custom_padding=&#8221;3%|2%|3%|2%|true|true&#8221; border_radii=&#8221;on|15px|15px|15px|15px&#8221; border_color_right=&#8221;#B3B3B3&#8243; global_colors_info=&#8221;{}&#8221;][et_pb_text _builder_version=&#8221;4.21.0&#8243; _module_preset=&#8221;default&#8221; text_font=&#8221;|800|||||||&#8221; text_font_size=&#8221;42px&#8221; text_line_height=&#8221;1.8em&#8221; custom_margin=&#8221;||7%||false|false&#8221; global_colors_info=&#8221;{}&#8221;]<\/p>\n<p>03<\/p>\n<p>[\/et_pb_text][et_pb_text _builder_version=&#8221;4.21.0&#8243; _module_preset=&#8221;default&#8221; text_font=&#8221;|800|||||||&#8221; text_font_size=&#8221;20px&#8221; text_line_height=&#8221;1.4em&#8221; custom_margin=&#8221;||5%||false|false&#8221; global_colors_info=&#8221;{}&#8221;]<\/p>\n<p class=\"p1\"><b>Integra\u00e7\u00e3o log\u00edstica global<\/b><\/p>\n<p>[\/et_pb_text][et_pb_text _builder_version=\"4.21.0\u2033 _module_preset=\"default\" global_colors_info=\"{}\"]<\/p>\n<p class=\"p1\">Parcerias estrat\u00e9gicas com transit\u00e1rios certificados, suportando condi\u00e7\u00f5es EXW\/FOB\/DDP com garantia de chegada ao porto a tempo.<\/p>\n<p>[\/et_pb_text][\/et_pb_column][\/et_pb_row][et_pb_row _builder_version=&#8221;4.21.0&#8243; _module_preset=&#8221;default&#8221; custom_padding=&#8221;||||false|false&#8221; global_colors_info=&#8221;{}&#8221;][et_pb_column type=&#8221;4_4&#8243; _builder_version=&#8221;4.21.0&#8243; _module_preset=&#8221;default&#8221; global_colors_info=&#8221;{}&#8221;][et_pb_text _builder_version=&#8221;4.21.0&#8243; _module_preset=&#8221;default&#8221; text_font=&#8221;|600|||||||&#8221; text_font_size=&#8221;26px&#8221; background_color=&#8221;#eeeeee&#8221; text_orientation=&#8221;center&#8221; custom_padding=&#8221;18px|10px|18px|10px|true|true&#8221; text_font_size_tablet=&#8221;20px&#8221; text_font_size_phone=&#8221;20px&#8221; text_font_size_last_edited=&#8221;on|phone&#8221; global_colors_info=&#8221;{}&#8221;]<\/p>\n<p class=\"p1\">Servi\u00e7os p\u00f3s-venda - Co-cria\u00e7\u00e3o cont\u00ednua de valor<\/p>\n<p>[\/et_pb_text][\/et_pb_column][\/et_pb_row][et_pb_row column_structure=&#8221;1_3,1_3,1_3&#8243; use_custom_gutter=&#8221;on&#8221; module_id=&#8221;cp&#8221; _builder_version=&#8221;4.21.0&#8243; _module_preset=&#8221;default&#8221; global_colors_info=&#8221;{}&#8221;][et_pb_column type=&#8221;1_3&#8243; _builder_version=&#8221;4.21.0&#8243; _module_preset=&#8221;default&#8221; background_color=&#8221;#d2dfe8&#8243; custom_padding=&#8221;3%|2%|3%|2%|true|true&#8221; border_radii=&#8221;on|15px|15px|15px|15px&#8221; border_color_right=&#8221;#B3B3B3&#8243; global_colors_info=&#8221;{}&#8221;][et_pb_text _builder_version=&#8221;4.21.0&#8243; _module_preset=&#8221;default&#8221; text_font=&#8221;|800|||||||&#8221; text_font_size=&#8221;42px&#8221; text_line_height=&#8221;1.8em&#8221; custom_margin=&#8221;||7%||false|false&#8221; global_colors_info=&#8221;{}&#8221;]<\/p>\n<p>01<\/p>\n<p>[\/et_pb_text][et_pb_text _builder_version=&#8221;4.21.0&#8243; _module_preset=&#8221;default&#8221; text_font=&#8221;|800|||||||&#8221; text_font_size=&#8221;20px&#8221; text_line_height=&#8221;1.4em&#8221; custom_margin=&#8221;||5%||false|false&#8221; global_colors_info=&#8221;{}&#8221;]<\/p>\n<p class=\"p1\"><b>Garantia de qualidade de 12 meses<\/b><\/p>\n<p>[\/et_pb_text][et_pb_text _builder_version=\"4.21.0\u2033 _module_preset=\"default\" global_colors_info=\"{}\"]<\/p>\n<p class=\"p1\">Fornecer relat\u00f3rios de teste certificados SGS\/ISO com pol\u00edtica de substitui\u00e7\u00e3o incondicional para problemas de qualidade.<\/p>\n<p>[\/et_pb_text][\/et_pb_column][et_pb_column type=&#8221;1_3&#8243; _builder_version=&#8221;4.21.0&#8243; _module_preset=&#8221;default&#8221; background_color=&#8221;#ededed&#8221; custom_padding=&#8221;3%|2%|3%|2%|true|true&#8221; border_radii=&#8221;on|15px|15px|15px|15px&#8221; border_color_right=&#8221;#B3B3B3&#8243; global_colors_info=&#8221;{}&#8221;][et_pb_text _builder_version=&#8221;4.21.0&#8243; _module_preset=&#8221;default&#8221; text_font=&#8221;|800|||||||&#8221; text_font_size=&#8221;42px&#8221; text_line_height=&#8221;1.8em&#8221; custom_margin=&#8221;||7%||false|false&#8221; global_colors_info=&#8221;{}&#8221;]<\/p>\n<p>02<\/p>\n<p>[\/et_pb_text][et_pb_text _builder_version=&#8221;4.21.0&#8243; _module_preset=&#8221;default&#8221; text_font=&#8221;|800|||||||&#8221; text_font_size=&#8221;20px&#8221; text_line_height=&#8221;1.4em&#8221; custom_margin=&#8221;||5%||false|false&#8221; global_colors_info=&#8221;{}&#8221;]<\/p>\n<p class=\"p1\"><b>Apoio t\u00e9cnico \u00e0 evolu\u00e7\u00e3o<\/b><\/p>\n<p>[\/et_pb_text][et_pb_text _builder_version=\"4.21.0\u2033 _module_preset=\"default\" global_colors_info=\"{}\"]<\/p>\n<p class=\"p1\">Actualiza\u00e7\u00f5es regulares da ind\u00fastria (por exemplo, novas aplica\u00e7\u00f5es de fibras ecol\u00f3gicas) para permitir actualiza\u00e7\u00f5es dos produtos dos clientes.<\/p>\n<p>[\/et_pb_text][\/et_pb_column][et_pb_column type=&#8221;1_3&#8243; _builder_version=&#8221;4.21.0&#8243; _module_preset=&#8221;default&#8221; background_color=&#8221;#d2dfe8&#8243; custom_padding=&#8221;3%|2%|3%|2%|true|true&#8221; border_radii=&#8221;on|15px|15px|15px|15px&#8221; border_color_right=&#8221;#B3B3B3&#8243; global_colors_info=&#8221;{}&#8221;][et_pb_text _builder_version=&#8221;4.21.0&#8243; _module_preset=&#8221;default&#8221; text_font=&#8221;|800|||||||&#8221; text_font_size=&#8221;42px&#8221; text_line_height=&#8221;1.8em&#8221; custom_margin=&#8221;||7%||false|false&#8221; global_colors_info=&#8221;{}&#8221;]<\/p>\n<p>03<\/p>\n<p>[\/et_pb_text][et_pb_text _builder_version=&#8221;4.21.0&#8243; _module_preset=&#8221;default&#8221; text_font=&#8221;|800|||||||&#8221; text_font_size=&#8221;20px&#8221; text_line_height=&#8221;1.4em&#8221; custom_margin=&#8221;||5%||false|false&#8221; global_colors_info=&#8221;{}&#8221;]<\/p>\n<p class=\"p1\"><b>Protocolo de resposta r\u00e1pida<\/b><\/p>\n<p>[\/et_pb_text][et_pb_text _builder_version=\"4.21.0\u2033 _module_preset=\"default\" global_colors_info=\"{}\"]<\/p>\n<p class=\"p1\">Resolu\u00e7\u00e3o garantida em 48 horas para consultas p\u00f3s-venda, incluindo orienta\u00e7\u00e3o de instala\u00e7\u00e3o e otimiza\u00e7\u00e3o do ciclo de substitui\u00e7\u00e3o dos meios de filtragem.<\/p>\n<p>[\/et_pb_text][\/et_pb_column][\/et_pb_row][\/et_pb_section]<\/p>","protected":false},"excerpt":{"rendered":"<p><div class=\"et_pb_module dipl_breadcrumb dipl_breadcrumb_0\">\n\t\t\t\t\n\t\t\t\t\n\t\t\t\t\n\t\t\t\t\n\t\t\t\t\n\t\t\t\t\n\t\t\t\t<div class=\"et_pb_module_inner\">\n\t\t\t\t\t<div class=\"dipl-breadcrumb-wrapper layout2\">\n\t\t\t\t\t\t\t\t<ol class=\"dipl-breadcrumb-inner\" vocab=\"https:\/\/schema.org\/\" typeof=\"BreadcrumbList\">\n\t\t\t\t\t\t\t\t\t<li property=\"itemListElement\" typeof=\"ListItem\" data-icon=\"&#x24;\">\n\t\t\t\t\t\t\t\t\t\t\t\t\t    <a class=\"breadcrumb-item dipl-home-page\" href=\"https:\/\/www.bsdnonwoven.com\/pt\" property=\"item\" typeof=\"WebPage\" >\n\t\t\t\t\t\t\t\t\t\t\t\t\t      \t<span class=\"breadcrumb-page\" property=\"name\">In\u00edcio<\/span>\n\t\t\t\t\t\t\t\t\t\t\t\t\t    <\/a>\n\t\t\t\t\t\t\t\t\t\t\t\t\t    <meta property=\"position\" content=\"1\" \/>\n\t\t\t\t\t\t\t\t\t\t\t\t\t<\/li>\n\t\t\t\t\t\t\t\t<\/ol>\n\t\t\t\t\t\t\t<\/div>\n\t\t\t\t<\/div>\n\t\t\t<\/div>Boshida Nonwoven Textile at Your ServiceWe provide you with not only nonwoven textile and geomembrane, but also considerate servicesPre-Sales Services \u2013 Precise Needs MatchingFree Consultation &amp; Solution DesignCross-industry technical consultation: Customize material parameters based on hydraulic engineering loads, filtration efficiency, [&hellip;]<\/p>","protected":false},"author":1,"featured_media":0,"parent":0,"menu_order":0,"comment_status":"closed","ping_status":"closed","template":"","meta":{"_et_pb_use_builder":"on","_et_pb_old_content":"<!-- wp:divi\/placeholder \/-->","_et_gb_content_width":"","footnotes":""},"yoast_head":"<!-- This site is optimized with the Yoast SEO plugin v22.7 - https:\/\/yoast.com\/wordpress\/plugins\/seo\/ -->\n<title>Service - Boshida Nonwoven<\/title>\n<meta name=\"description\" content=\"Nonwoven fabric manufacturer, we provide HDPE geomembrane, Landfill geomembrane, Needle punched geotextile with good price.\" \/>\n<meta name=\"robots\" content=\"index, follow, max-snippet:-1, max-image-preview:large, max-video-preview:-1\" \/>\n<link rel=\"canonical\" href=\"https:\/\/www.bsdnonwoven.com\/pt\/service\/\" \/>\n<meta property=\"og:locale\" content=\"pt_PT\" \/>\n<meta property=\"og:type\" content=\"article\" \/>\n<meta property=\"og:title\" content=\"Service - Boshida Nonwoven\" \/>\n<meta property=\"og:description\" content=\"Nonwoven fabric manufacturer, we provide HDPE geomembrane, Landfill geomembrane, Needle punched geotextile with good price.\" \/>\n<meta property=\"og:url\" content=\"https:\/\/www.bsdnonwoven.com\/pt\/service\/\" \/>\n<meta property=\"og:site_name\" content=\"Boshida Nonwoven\" \/>\n<meta property=\"article:modified_time\" content=\"2025-05-29T01:42:34+00:00\" \/>\n<meta name=\"twitter:card\" content=\"summary_large_image\" \/>\n<meta name=\"twitter:label1\" content=\"Tempo estimado de leitura\" \/>\n\t<meta name=\"twitter:data1\" content=\"4 minutos\" \/>\n<script type=\"application\/ld+json\" class=\"yoast-schema-graph\">{\"@context\":\"https:\/\/schema.org\",\"@graph\":[{\"@type\":\"WebPage\",\"@id\":\"https:\/\/www.bsdnonwoven.com\/service\/\",\"url\":\"https:\/\/www.bsdnonwoven.com\/service\/\",\"name\":\"Service - Boshida Nonwoven\",\"isPartOf\":{\"@id\":\"https:\/\/www.bsdnonwoven.com\/#website\"},\"datePublished\":\"2025-02-18T08:42:15+00:00\",\"dateModified\":\"2025-05-29T01:42:34+00:00\",\"description\":\"Nonwoven fabric manufacturer, we provide HDPE geomembrane, Landfill geomembrane, Needle punched geotextile with good price.\",\"breadcrumb\":{\"@id\":\"https:\/\/www.bsdnonwoven.com\/service\/#breadcrumb\"},\"inLanguage\":\"pt-PT\",\"potentialAction\":[{\"@type\":\"ReadAction\",\"target\":[\"https:\/\/www.bsdnonwoven.com\/service\/\"]}]},{\"@type\":\"BreadcrumbList\",\"@id\":\"https:\/\/www.bsdnonwoven.com\/service\/#breadcrumb\",\"itemListElement\":[{\"@type\":\"ListItem\",\"position\":1,\"name\":\"Home\",\"item\":\"https:\/\/www.bsdnonwoven.com\/\"},{\"@type\":\"ListItem\",\"position\":2,\"name\":\"Service\"}]},{\"@type\":\"WebSite\",\"@id\":\"https:\/\/www.bsdnonwoven.com\/#website\",\"url\":\"https:\/\/www.bsdnonwoven.com\/\",\"name\":\"Boshida Nonwoven\",\"description\":\"\",\"potentialAction\":[{\"@type\":\"SearchAction\",\"target\":{\"@type\":\"EntryPoint\",\"urlTemplate\":\"https:\/\/www.bsdnonwoven.com\/?s={search_term_string}\"},\"query-input\":\"required name=search_term_string\"}],\"inLanguage\":\"pt-PT\"}]}<\/script>\n<!-- \/ Yoast SEO plugin. -->","yoast_head_json":{"title":"Service - Boshida Nonwoven","description":"Nonwoven fabric manufacturer, we provide HDPE geomembrane, Landfill geomembrane, Needle punched geotextile with good price.","robots":{"index":"index","follow":"follow","max-snippet":"max-snippet:-1","max-image-preview":"max-image-preview:large","max-video-preview":"max-video-preview:-1"},"canonical":"https:\/\/www.bsdnonwoven.com\/pt\/service\/","og_locale":"pt_PT","og_type":"article","og_title":"Service - Boshida Nonwoven","og_description":"Nonwoven fabric manufacturer, we provide HDPE geomembrane, Landfill geomembrane, Needle punched geotextile with good price.","og_url":"https:\/\/www.bsdnonwoven.com\/pt\/service\/","og_site_name":"Boshida Nonwoven","article_modified_time":"2025-05-29T01:42:34+00:00","twitter_card":"summary_large_image","twitter_misc":{"Tempo estimado de leitura":"4 minutos"},"schema":{"@context":"https:\/\/schema.org","@graph":[{"@type":"WebPage","@id":"https:\/\/www.bsdnonwoven.com\/service\/","url":"https:\/\/www.bsdnonwoven.com\/service\/","name":"Service - Boshida Nonwoven","isPartOf":{"@id":"https:\/\/www.bsdnonwoven.com\/#website"},"datePublished":"2025-02-18T08:42:15+00:00","dateModified":"2025-05-29T01:42:34+00:00","description":"Nonwoven fabric manufacturer, we provide HDPE geomembrane, Landfill geomembrane, Needle punched geotextile with good price.","breadcrumb":{"@id":"https:\/\/www.bsdnonwoven.com\/service\/#breadcrumb"},"inLanguage":"pt-PT","potentialAction":[{"@type":"ReadAction","target":["https:\/\/www.bsdnonwoven.com\/service\/"]}]},{"@type":"BreadcrumbList","@id":"https:\/\/www.bsdnonwoven.com\/service\/#breadcrumb","itemListElement":[{"@type":"ListItem","position":1,"name":"Home","item":"https:\/\/www.bsdnonwoven.com\/"},{"@type":"ListItem","position":2,"name":"Service"}]},{"@type":"WebSite","@id":"https:\/\/www.bsdnonwoven.com\/#website","url":"https:\/\/www.bsdnonwoven.com\/","name":"Boshida Nonwoven","description":"","potentialAction":[{"@type":"SearchAction","target":{"@type":"EntryPoint","urlTemplate":"https:\/\/www.bsdnonwoven.com\/?s={search_term_string}"},"query-input":"required name=search_term_string"}],"inLanguage":"pt-PT"}]}},"_links":{"self":[{"href":"https:\/\/www.bsdnonwoven.com\/pt\/wp-json\/wp\/v2\/pages\/11096"}],"collection":[{"href":"https:\/\/www.bsdnonwoven.com\/pt\/wp-json\/wp\/v2\/pages"}],"about":[{"href":"https:\/\/www.bsdnonwoven.com\/pt\/wp-json\/wp\/v2\/types\/page"}],"author":[{"embeddable":true,"href":"https:\/\/www.bsdnonwoven.com\/pt\/wp-json\/wp\/v2\/users\/1"}],"replies":[{"embeddable":true,"href":"https:\/\/www.bsdnonwoven.com\/pt\/wp-json\/wp\/v2\/comments?post=11096"}],"version-history":[{"count":29,"href":"https:\/\/www.bsdnonwoven.com\/pt\/wp-json\/wp\/v2\/pages\/11096\/revisions"}],"predecessor-version":[{"id":13482,"href":"https:\/\/www.bsdnonwoven.com\/pt\/wp-json\/wp\/v2\/pages\/11096\/revisions\/13482"}],"wp:attachment":[{"href":"https:\/\/www.bsdnonwoven.com\/pt\/wp-json\/wp\/v2\/media?parent=11096"}],"curies":[{"name":"wp","href":"https:\/\/api.w.org\/{rel}","templated":true}]}}