{"id":1622,"date":"2024-01-04T05:06:31","date_gmt":"2024-01-04T05:06:31","guid":{"rendered":"http:\/\/3.215.36.167\/?page_id=1622"},"modified":"2025-06-13T04:01:47","modified_gmt":"2025-06-13T04:01:47","slug":"products","status":"publish","type":"page","link":"https:\/\/www.bsdnonwoven.com\/pt\/products\/","title":{"rendered":"Produtos"},"content":{"rendered":"<p>[et_pb_section fb_built=\"1\u2033 custom_padding_last_edited=\"on|phone\" _builder_version=\"4.21.0\u2033 _module_preset=\"default\" background_enable_color=\"off\" custom_padding=\"35px||0px||false|false\" custom_padding_tablet=\"35px||0px||false|false\" custom_padding_phone=\"0px||||false|false\" border_color_bottom=\"#eeeeee\" global_colors_info=\"{}\"][et_pb_row _builder_version=\"4.21.0\u2033 _module_preset=\"default\" custom_padding=\"0px||15px|||false|false\" border_width_bottom=\"10px\" border_color_bottom=\"#eeeeee\" global_colors_info=\"{}\"][et_pb_column type=\"4_4\u2033 _builder_version=\"4.21.0\u2033 _module_preset=\"default\" global_colors_info=\"{}\"][dipl_breadcrumb breadcrumb_layout=\"layout2\u2033 separator_text=\"\/\" separator_size=\"18px\" separator_color=\"#888888\u2033 _builder_version=\"4.21.0\u2033 _module_preset=\"default\" global_text_settings_text_align=\"left\" global_text_settings_font_size=\"18px\" text_font=\"||||||||\" text_text_color=\"#000000\u2033 link_text_color=\"#000000\u2033 global_text_settings_font_size_tablet=\"18px\" global_text_settings_font_size_phone=\"14px\" global_text_settings_font_size_last_edited=\"on|phone\" global_colors_info=\"{}\"][\/dipl_breadcrumb][\/et_pb_column][\/et_pb_row][\/et_pb_section][et_pb_section fb_built=\"1\u2033 custom_padding_last_edited=\"on|phone\" _builder_version=\"4.21.0\u2033 _module_preset=\"default\" custom_padding=\"50px||50px||true|false\" custom_padding_tablet=\"25px|||25px||true|false\" custom_padding_phone=\"0px||25px||false|false\" global_colors_info=\"{}\"][et_pb_row column_structure=\"1_4,3_4\u2033 use_custom_gutter=\"on\" _builder_version=\"4.21.0\u2033 _module_preset=\"default\" custom_padding=\"0px||||false|false\" global_colors_info=\"{}\"][et_pb_column type=\"1_4\u2033 _builder_version=\"4.21.0\u2033 _module_preset=\"default\" global_colors_info=\"{}\"][et_pb_sidebar area=\"et_pb_widget_area_1\u2033 show_border=\"off\" disabled_on=\"on|on|off\" module_id=\"pro-sidebar\" _builder_version=\"4.21.0\u2033 _module_preset=\"default\" body_font=\"||||||||\" body_text_color=\"#000000\u2033 body_font_size=\"16px\" custom_margin=\"||0px||false|false\" global_colors_info=\"{}\"][\/et_pb_sidebar][et_pb_wc_related_products posts_number=\"5\u2033 columns_number=\"1\u2033 include_categories=\"all\" show_price=\"off\" show_rating=\"off\" show_sale_badge=\"off\" disabled_on=\"on|on|off\" module_id=\"rela-pro\" _builder_version=\"4.21.0\u2033 _module_preset=\"default\" title_font_size=\"18px\" product_title_font_size=\"15px\" global_colors_info=\"{}\"][\/et_pb_wc_related_products][\/et_pb_column][et_pb_column type=\"3_4\u2033 _builder_version=\"4.21.0\u2033 _module_preset=\"default\" global_colors_info=\"{}\"][et_pb_text _builder_version=\"4.21.0\u2033 _module_preset=\"default\" header_font=\"|700|||||||\" header_text_align=\"left\" header_text_color=\"#000000\u2033 header_font_size=\"32px\" custom_margin=\"||15px|||false|false\" custom_padding=\"||||false|false\" custom_padding_tablet=\"0px||||false|false\" custom_padding_phone=\"0px||||false|false\" custom_padding_last_edited=\"on|tablet\" header_font_size_tablet=\"40px\" header_font_size_phone=\"18px\" header_font_size_last_edited=\"on|phone\" global_colors_info=\"{}\"]<\/p>\n<h1 class=\"p1\">Tecido n\u00e3o tecido perfurado por agulha<\/h1>\n<p>[\/et_pb_text][et_pb_text _builder_version=\"4.21.0\u2033 _module_preset=\"default\" global_colors_info=\"{}\"]<\/p>\n<p>Fornecer profissionalmente\u00a0<span><a href=\"https:\/\/www.bsdnonwoven.com\/products\/\"><u>tecido n\u00e3o tecido agulhado<\/u><\/a><\/span>,\u00a0<span><a href=\"https:\/\/www.bsdnonwoven.com\/category\/geomembrane-2\/\"><u>geomembrana<\/u><\/a><\/span>,\u00a0<span><a href=\"https:\/\/www.bsdnonwoven.com\/category\/geotextile\/\"><u>geot\u00eaxtil agulhado<\/u><\/a><\/span>\u00a0com bom pre\u00e7o. Bem-vindo ao\u00a0<span><a href=\"https:\/\/www.bsdnonwoven.com\/contact-us\/\"><u>contactar-nos<\/u><\/a><\/span>!<\/p>\n<p>[\/et_pb_text][et_pb_shop posts_number=\"9\u2033 show_pagination=\"on\" columns_number=\"3\u2033 orderby=\"date\" icon_hover_color=\"#FFFFFFFF\" hover_overlay_color=\"rgba(0,0,0,0.42)\" hover_icon=\"L||divi||400\u2033 show_price=\"off\" show_rating=\"off\" show_sale_badge=\"off\" module_id=\"p-list\" _builder_version=\"4.21.0\u2033 _module_preset=\"default\" title_text_align=\"center\" title_font_size=\"15px\" title_line_height=\"1.1em\" global_colors_info=\"{}\"][\/et_pb_shop][et_pb_sidebar area=\"et_pb_widget_area_1\u2033 show_border=\"off\" disabled_on=\"off|off|on\" module_id=\"pro-sidebar\" _builder_version=\"4.21.0\u2033 _module_preset=\"default\" body_font=\"||||||||\" body_text_color=\"#000000\u2033 body_font_size=\"16px\" custom_margin=\"||0px|||false|false\" global_colors_info=\"{}\"][\/et_pb_sidebar][\/et_pb_column][\/et_pb_row][\/et_pb_section][et_pb_section fb_built=\"1\u2033 theme_builder_area=\"post_content\" _builder_version=\"4.21.0\u2033 _module_preset=\"default\"][et_pb_row _builder_version=\"4.21.0\u2033 _module_preset=\"default\" theme_builder_area=\"post_content\" custom_margin=\"-124px|auto|||auto|||\"][et_pb_column _builder_version=\"4.21.0\u2033 _module_preset=\"default\" type=\"4_4\u2033 theme_builder_area=\"post_content\"][et_pb_text _builder_version=\"4.21.0\u2033 _module_preset=\"default\" theme_builder_area=\"post_content\" hover_enabled=\"0\u2033 sticky_enabled=\"0\u2033]<\/p>\n<h2><strong>Introdu\u00e7\u00e3o <\/strong><strong>de<\/strong><strong>\u00a0tecido geot\u00eaxtil n\u00e3o tecido<\/strong><\/h2>\n<p>O tecido n\u00e3o tecido de poli\u00e9ster \u00e9 produzido pelo processo n\u00e3o tecido perfurado por agulha com fibra descont\u00ednua de poli\u00e9ster ou PP como principal mat\u00e9ria-prima. Os tecidos e n\u00e3o tecidos perfurados com agulha de filamento curto s\u00e3o um material geossint\u00e9tico perme\u00e1vel feito de fibra sint\u00e9tica por perfura\u00e7\u00e3o com agulha ou tecelagem. O produto acabado tem a forma de tecido, geralmente com uma largura de 1-6 metros e um comprimento de 50-200 metros.<\/p>\n<p>&nbsp;<\/p>\n<h2><strong>Carater\u00edsticas do tecido n\u00e3o tecido geot\u00eaxtil perfurado com agulha de filamento curto<\/strong><\/h2>\n<ol>\n<li><span><\/span>Resist\u00eancia \u00e0 corros\u00e3o, solos com diferentes valores de pH s\u00e3o resistentes \u00e0 corros\u00e3o a longo prazo na \u00e1gua<\/li>\n<li><span><\/span>Boa permeabilidade \u00e0 \u00e1gua, existem espa\u00e7os entre os fios planos, e tem boa permeabilidade \u00e0 \u00e1gua;<\/li>\n<li><span><\/span>Boa propriedade antimicrobiana, n\u00e3o \u00e9 danificada por microorganismos e insectos;<\/li>\n<li><span><\/span>O material \u00e9 macio, pelo que \u00e9 f\u00e1cil de transportar, colocar e construir.<\/li>\n<\/ol>\n<p>&nbsp;<\/p>\n<h2><strong>Fun\u00e7\u00e3o dos tecidos e n\u00e3o tecidos<\/strong><\/h2>\n<p>O tecido geot\u00eaxtil n\u00e3o tecido tem excelentes fun\u00e7\u00f5es de filtragem, isolamento, refor\u00e7o e prote\u00e7\u00e3o, elevada resist\u00eancia \u00e0 tra\u00e7\u00e3o, boa permeabilidade, resist\u00eancia a altas temperaturas, resist\u00eancia ao congelamento, resist\u00eancia ao envelhecimento e resist\u00eancia \u00e0 corros\u00e3o.<\/p>\n<p>&nbsp;<\/p>\n<h2><strong>Campos de aplica\u00e7\u00e3o do tecido n\u00e3o tecido de poli\u00e9ster:<\/strong><\/h2>\n<p>1. utilizado nos dom\u00ednios da engenharia de infra-estruturas, tais como metropolitanos, auto-estradas, caminhos-de-ferro, t\u00faneis, barragens, engenharia municipal, drenagem de edif\u00edcios, declives e gest\u00e3o de rios.<\/p>\n<p>2. prote\u00e7\u00e3o ambiental e campos de engenharia anti-infiltra\u00e7\u00e3o, tais como aterros sanit\u00e1rios, aterros de cinzas volantes, campos de esc\u00f3rias de rejeitos, res\u00edduos perigosos, campos de esc\u00f3rias de res\u00edduos s\u00f3lidos, p\u00e1tios de cinzas de centrais t\u00e9rmicas, reservat\u00f3rios e tanques de armazenamento de \u00e1gua.<\/p>\n<p>&nbsp;<\/p>\n<h2><strong>Sobre n\u00f3s<\/strong><\/h2>\n<p>Como profissional <strong><span>grossista e empresa comercial de tecidos n\u00e3o tecidos<\/span><\/strong>A Boshida \u00e9 especializada em <strong><span>com\u00e9rcio de tecidos n\u00e3o tecidos spunlace<\/span><\/strong><strong><span>\u00a0<\/span><\/strong><strong><b><span>e <\/span><\/b><\/strong><strong><b>com<\/b><\/strong>A nossa empresa est\u00e1 empenhada em fornecer materiais de alta qualidade com cadeias de fornecimento fi\u00e1veis, pre\u00e7os competitivos e um servi\u00e7o de apoio ao cliente atencioso. Fa\u00e7a parceria connosco para obter solu\u00e7\u00f5es personalizadas que satisfa\u00e7am os seus objectivos de produ\u00e7\u00e3o e sustentabilidade.<\/p>\n<p>[\/et_pb_text][\/et_pb_column][\/et_pb_row][\/et_pb_section]<\/p>","protected":false},"excerpt":{"rendered":"<p><div class=\"et_pb_module dipl_breadcrumb dipl_breadcrumb_0\">\n\t\t\t\t\n\t\t\t\t\n\t\t\t\t\n\t\t\t\t\n\t\t\t\t\n\t\t\t\t\n\t\t\t\t<div class=\"et_pb_module_inner\">\n\t\t\t\t\t<div class=\"dipl-breadcrumb-wrapper layout2\">\n\t\t\t\t\t\t\t\t<ol class=\"dipl-breadcrumb-inner\" vocab=\"https:\/\/schema.org\/\" typeof=\"BreadcrumbList\">\n\t\t\t\t\t\t\t\t\t<li property=\"itemListElement\" typeof=\"ListItem\" data-icon=\"&#x24;\">\n\t\t\t\t\t\t\t\t\t\t\t\t\t    <a class=\"breadcrumb-item dipl-home-page\" href=\"https:\/\/www.bsdnonwoven.com\/pt\" property=\"item\" typeof=\"WebPage\" >\n\t\t\t\t\t\t\t\t\t\t\t\t\t      \t<span class=\"breadcrumb-page\" property=\"name\">In\u00edcio<\/span>\n\t\t\t\t\t\t\t\t\t\t\t\t\t    <\/a>\n\t\t\t\t\t\t\t\t\t\t\t\t\t    <meta property=\"position\" content=\"1\" \/>\n\t\t\t\t\t\t\t\t\t\t\t\t\t<\/li>\n\t\t\t\t\t\t\t\t<\/ol>\n\t\t\t\t\t\t\t<\/div>\n\t\t\t\t<\/div>\n\t\t\t<\/div>Tecido n\u00e3o tecido perfurado por agulhaProfissionalmente fornecer tecido n\u00e3o tecido perfurado por agulha, geomembrana, geot\u00eaxtil perfurado por agulha com bom pre\u00e7o. Introdu\u00e7\u00e3o de tecido geot\u00eaxtil n\u00e3o tecido O tecido n\u00e3o tecido de poli\u00e9ster \u00e9 produzido pelo processo n\u00e3o tecido perfurado por agulha com fibra de grampo de poli\u00e9ster ou PP como principal mat\u00e9ria-prima. Tecido perfurado com agulha de filamento curto e [...]<\/p>","protected":false},"author":1,"featured_media":0,"parent":0,"menu_order":0,"comment_status":"closed","ping_status":"closed","template":"","meta":{"_et_pb_use_builder":"on","_et_pb_old_content":"","_et_gb_content_width":"","footnotes":""},"yoast_head":"<!-- This site is optimized with the Yoast SEO plugin v22.7 - https:\/\/yoast.com\/wordpress\/plugins\/seo\/ -->\n<title>Products - Boshida Nonwoven<\/title>\n<meta name=\"description\" content=\"Nonwoven fabric manufacturer, we provide HDPE geomembrane, Landfill geomembrane, Needle punched geotextile with good price.\" \/>\n<meta name=\"robots\" content=\"index, follow, max-snippet:-1, max-image-preview:large, max-video-preview:-1\" \/>\n<link rel=\"canonical\" href=\"https:\/\/www.bsdnonwoven.com\/pt\/products\/\" \/>\n<meta property=\"og:locale\" content=\"pt_PT\" \/>\n<meta property=\"og:type\" content=\"article\" \/>\n<meta property=\"og:title\" content=\"Products - Boshida Nonwoven\" \/>\n<meta property=\"og:description\" content=\"Nonwoven fabric manufacturer, we provide HDPE geomembrane, Landfill geomembrane, Needle punched geotextile with good price.\" \/>\n<meta property=\"og:url\" content=\"https:\/\/www.bsdnonwoven.com\/pt\/products\/\" \/>\n<meta property=\"og:site_name\" content=\"Boshida Nonwoven\" \/>\n<meta property=\"article:modified_time\" content=\"2025-06-13T04:01:47+00:00\" \/>\n<meta name=\"twitter:card\" content=\"summary_large_image\" \/>\n<meta name=\"twitter:label1\" content=\"Tempo estimado de leitura\" \/>\n\t<meta name=\"twitter:data1\" content=\"4 minutos\" \/>\n<script type=\"application\/ld+json\" class=\"yoast-schema-graph\">{\"@context\":\"https:\/\/schema.org\",\"@graph\":[{\"@type\":\"WebPage\",\"@id\":\"https:\/\/www.bsdnonwoven.com\/products\/\",\"url\":\"https:\/\/www.bsdnonwoven.com\/products\/\",\"name\":\"Products - Boshida Nonwoven\",\"isPartOf\":{\"@id\":\"https:\/\/www.bsdnonwoven.com\/#website\"},\"datePublished\":\"2024-01-04T05:06:31+00:00\",\"dateModified\":\"2025-06-13T04:01:47+00:00\",\"description\":\"Nonwoven fabric manufacturer, we provide HDPE geomembrane, Landfill geomembrane, Needle punched geotextile with good price.\",\"breadcrumb\":{\"@id\":\"https:\/\/www.bsdnonwoven.com\/products\/#breadcrumb\"},\"inLanguage\":\"pt-PT\",\"potentialAction\":[{\"@type\":\"ReadAction\",\"target\":[\"https:\/\/www.bsdnonwoven.com\/products\/\"]}]},{\"@type\":\"BreadcrumbList\",\"@id\":\"https:\/\/www.bsdnonwoven.com\/products\/#breadcrumb\",\"itemListElement\":[{\"@type\":\"ListItem\",\"position\":1,\"name\":\"Home\",\"item\":\"https:\/\/www.bsdnonwoven.com\/\"},{\"@type\":\"ListItem\",\"position\":2,\"name\":\"Products\"}]},{\"@type\":\"WebSite\",\"@id\":\"https:\/\/www.bsdnonwoven.com\/#website\",\"url\":\"https:\/\/www.bsdnonwoven.com\/\",\"name\":\"Boshida Nonwoven\",\"description\":\"\",\"potentialAction\":[{\"@type\":\"SearchAction\",\"target\":{\"@type\":\"EntryPoint\",\"urlTemplate\":\"https:\/\/www.bsdnonwoven.com\/?s={search_term_string}\"},\"query-input\":\"required name=search_term_string\"}],\"inLanguage\":\"pt-PT\"}]}<\/script>\n<!-- \/ Yoast SEO plugin. -->","yoast_head_json":{"title":"Products - Boshida Nonwoven","description":"Nonwoven fabric manufacturer, we provide HDPE geomembrane, Landfill geomembrane, Needle punched geotextile with good price.","robots":{"index":"index","follow":"follow","max-snippet":"max-snippet:-1","max-image-preview":"max-image-preview:large","max-video-preview":"max-video-preview:-1"},"canonical":"https:\/\/www.bsdnonwoven.com\/pt\/products\/","og_locale":"pt_PT","og_type":"article","og_title":"Products - Boshida Nonwoven","og_description":"Nonwoven fabric manufacturer, we provide HDPE geomembrane, Landfill geomembrane, Needle punched geotextile with good price.","og_url":"https:\/\/www.bsdnonwoven.com\/pt\/products\/","og_site_name":"Boshida Nonwoven","article_modified_time":"2025-06-13T04:01:47+00:00","twitter_card":"summary_large_image","twitter_misc":{"Tempo estimado de leitura":"4 minutos"},"schema":{"@context":"https:\/\/schema.org","@graph":[{"@type":"WebPage","@id":"https:\/\/www.bsdnonwoven.com\/products\/","url":"https:\/\/www.bsdnonwoven.com\/products\/","name":"Products - Boshida Nonwoven","isPartOf":{"@id":"https:\/\/www.bsdnonwoven.com\/#website"},"datePublished":"2024-01-04T05:06:31+00:00","dateModified":"2025-06-13T04:01:47+00:00","description":"Nonwoven fabric manufacturer, we provide HDPE geomembrane, Landfill geomembrane, Needle punched geotextile with good price.","breadcrumb":{"@id":"https:\/\/www.bsdnonwoven.com\/products\/#breadcrumb"},"inLanguage":"pt-PT","potentialAction":[{"@type":"ReadAction","target":["https:\/\/www.bsdnonwoven.com\/products\/"]}]},{"@type":"BreadcrumbList","@id":"https:\/\/www.bsdnonwoven.com\/products\/#breadcrumb","itemListElement":[{"@type":"ListItem","position":1,"name":"Home","item":"https:\/\/www.bsdnonwoven.com\/"},{"@type":"ListItem","position":2,"name":"Products"}]},{"@type":"WebSite","@id":"https:\/\/www.bsdnonwoven.com\/#website","url":"https:\/\/www.bsdnonwoven.com\/","name":"Boshida Nonwoven","description":"","potentialAction":[{"@type":"SearchAction","target":{"@type":"EntryPoint","urlTemplate":"https:\/\/www.bsdnonwoven.com\/?s={search_term_string}"},"query-input":"required name=search_term_string"}],"inLanguage":"pt-PT"}]}},"_links":{"self":[{"href":"https:\/\/www.bsdnonwoven.com\/pt\/wp-json\/wp\/v2\/pages\/1622"}],"collection":[{"href":"https:\/\/www.bsdnonwoven.com\/pt\/wp-json\/wp\/v2\/pages"}],"about":[{"href":"https:\/\/www.bsdnonwoven.com\/pt\/wp-json\/wp\/v2\/types\/page"}],"author":[{"embeddable":true,"href":"https:\/\/www.bsdnonwoven.com\/pt\/wp-json\/wp\/v2\/users\/1"}],"replies":[{"embeddable":true,"href":"https:\/\/www.bsdnonwoven.com\/pt\/wp-json\/wp\/v2\/comments?post=1622"}],"version-history":[{"count":53,"href":"https:\/\/www.bsdnonwoven.com\/pt\/wp-json\/wp\/v2\/pages\/1622\/revisions"}],"predecessor-version":[{"id":13562,"href":"https:\/\/www.bsdnonwoven.com\/pt\/wp-json\/wp\/v2\/pages\/1622\/revisions\/13562"}],"wp:attachment":[{"href":"https:\/\/www.bsdnonwoven.com\/pt\/wp-json\/wp\/v2\/media?parent=1622"}],"curies":[{"name":"wp","href":"https:\/\/api.w.org\/{rel}","templated":true}]}}