{"id":12674,"date":"2025-05-10T05:39:39","date_gmt":"2025-05-10T05:39:39","guid":{"rendered":"https:\/\/www.bsdnonwoven.com\/?post_type=product&#038;p=12674"},"modified":"2025-06-25T09:33:40","modified_gmt":"2025-06-25T09:33:40","slug":"fluorescent-free-needle-punched-nonwoven-fabric","status":"publish","type":"product","link":"https:\/\/www.bsdnonwoven.com\/pt\/produto\/fluorescent-free-needle-punched-nonwoven-fabric\/","title":{"rendered":"Tecido n\u00e3o tecido perfurado com agulha sem fluoresc\u00eancia"},"content":{"rendered":"<h2>Especifica\u00e7\u00f5es principais<\/h2>\n<table class=\"tg\" style=\"border-collapse: collapse; border-spacing: 0;\">\n<thead>\n<tr>\n<th style=\"font-family: Arial, sans-serif; font-size: 14px; font-weight: bold; overflow: hidden; padding: 10px 5px; text-align: center; vertical-align: middle; word-break: normal; border: 1px solid black;\">Item<\/th>\n<th style=\"font-family: Arial, sans-serif; font-size: 14px; font-weight: bold; overflow: hidden; padding: 10px 5px; text-align: center; vertical-align: middle; word-break: normal; border: 1px solid black;\">Intervalo de valores<\/th>\n<\/tr>\n<\/thead>\n<tbody>\n<tr>\n<td style=\"font-family: Arial, sans-serif; font-size: 14px; overflow: hidden; padding: 10px 5px; text-align: left; vertical-align: middle; word-break: normal; border: 1px solid black;\">Peso<\/td>\n<td style=\"font-family: Arial, sans-serif; font-size: 14px; overflow: hidden; padding: 10px 5px; text-align: left; vertical-align: middle; word-break: normal; border: 1px solid black;\">60-800g\/m\u00b2<\/td>\n<\/tr>\n<tr>\n<td style=\"font-family: Arial, sans-serif; font-size: 14px; overflow: hidden; padding: 10px 5px; text-align: left; vertical-align: middle; word-break: normal; border: 1px solid black;\">Espessura<\/td>\n<td style=\"font-family: Arial, sans-serif; font-size: 14px; overflow: hidden; padding: 10px 5px; text-align: left; vertical-align: middle; word-break: normal; border: 1px solid black;\">0,3-8mm<\/td>\n<\/tr>\n<tr>\n<td style=\"font-family: Arial, sans-serif; font-size: 14px; overflow: hidden; padding: 10px 5px; text-align: left; vertical-align: middle; word-break: normal; border: 1px solid black;\">Material<\/td>\n<td style=\"font-family: Arial, sans-serif; font-size: 14px; overflow: hidden; padding: 10px 5px; text-align: left; vertical-align: middle; word-break: normal; border: 1px solid black;\">Poli\u00e9ster (PET) ou polipropileno (PP)<\/td>\n<\/tr>\n<tr>\n<td style=\"font-family: Arial, sans-serif; font-size: 14px; overflow: hidden; padding: 10px 5px; text-align: left; vertical-align: middle; word-break: normal; border: 1px solid black;\">Largura<\/td>\n<td style=\"font-family: Arial, sans-serif; font-size: 14px; overflow: hidden; padding: 10px 5px; text-align: left; vertical-align: middle; word-break: normal; border: 1px solid black;\">1m-3,2m (personaliz\u00e1vel)<\/td>\n<\/tr>\n<tr>\n<td style=\"font-family: Arial, sans-serif; font-size: 14px; overflow: hidden; padding: 10px 5px; text-align: left; vertical-align: middle; word-break: normal; border: 1px solid black;\">Cor<\/td>\n<td style=\"font-family: Arial, sans-serif; font-size: 14px; overflow: hidden; padding: 10px 5px; text-align: left; vertical-align: middle; word-break: normal; border: 1px solid black;\">Branco natural (sem fluoresc\u00eancia)<\/td>\n<\/tr>\n<tr>\n<td style=\"font-family: Arial, sans-serif; font-size: 14px; overflow: hidden; padding: 10px 5px; text-align: left; vertical-align: middle; word-break: normal; border: 1px solid black;\">Processo<\/td>\n<td style=\"font-family: Arial, sans-serif; font-size: 14px; overflow: hidden; padding: 10px 5px; text-align: left; vertical-align: middle; word-break: normal; border: 1px solid black;\">N\u00e3o tecido agulhado<\/td>\n<\/tr>\n<tr>\n<td style=\"font-family: Arial, sans-serif; font-size: 14px; overflow: hidden; padding: 10px 5px; text-align: left; vertical-align: middle; word-break: normal; border: 1px solid black;\">Conformidade<\/td>\n<td style=\"font-family: Arial, sans-serif; font-size: 14px; overflow: hidden; padding: 10px 5px; text-align: left; vertical-align: middle; word-break: normal; border: 1px solid black;\">Cumpre as normas REACH, RoHS e outras normas de seguran\u00e7a da UE<\/td>\n<\/tr>\n<\/tbody>\n<\/table>\n<h2>Descri\u00e7\u00e3o do produto<\/h2>\n<p>O tecido n\u00e3o tecido perfurado com agulha sem fluoresc\u00eancia \u00e9 um material ecol\u00f3gico feito de poli\u00e9ster ou polipropileno sem quaisquer branqueadores \u00f3pticos adicionados. Processado atrav\u00e9s de perfura\u00e7\u00e3o com agulha, foi concebido para ind\u00fastrias com requisitos rigorosos de seguran\u00e7a e higiene, tais como cuidados com beb\u00e9s, embalagens de alimentos e utiliza\u00e7\u00e3o m\u00e9dica. Ajuda a reduzir os riscos para a sa\u00fade associados aos agentes fluorescentes.<\/p>\n<h2>Carater\u00edsticas do produto<\/h2>\n<p>100% sem agente fluorescente, n\u00e3o t\u00f3xico e amigo do ambiente;<\/p>\n<p>Textura suave, delicada e n\u00e3o irritante para a pele;<\/p>\n<p>Boa respirabilidade e absor\u00e7\u00e3o da humidade;<\/p>\n<p>Personaliz\u00e1vel em termos de peso, espessura e largura;<\/p>\n<p>Pode ser laminado com outros materiais para um melhor desempenho.<\/p>\n<h2>Fun\u00e7\u00e3o do produto<\/h2>\n<p>Este tecido \u00e9 um material seguro e amigo do contacto humano, adequado para aplica\u00e7\u00f5es que envolvam contacto com a pele ou utiliza\u00e7\u00e3o sens\u00edvel. Previne eficazmente os potenciais danos causados pela migra\u00e7\u00e3o de agentes fluorescentes.<\/p>\n<h2>Aplica\u00e7\u00f5es de produtos<\/h2>\n<p>Produtos para beb\u00e9s: Fraldas, fraldas para beb\u00e9s, len\u00e7\u00f3is imperme\u00e1veis;<\/p>\n<p>Cuidados m\u00e9dicos: Base de penso para feridas, suporte de penso terap\u00eautico;<\/p>\n<p>Acess\u00f3rios de vestu\u00e1rio: Entretelas para pe\u00e7as de vestu\u00e1rio ou roupa interior justas;<\/p>\n<p>Embalagens para alimentos: Revestimentos de prote\u00e7\u00e3o para contacto com alimentos;<\/p>\n<p>Mobili\u00e1rio dom\u00e9stico: Camadas de colch\u00e3o n\u00e3o fluorescentes, forros de sof\u00e1, etc.<\/p>\n<p><img loading=\"lazy\" decoding=\"async\" class=\"size-full wp-image-13577 aligncenter\" data-src=\"https:\/\/www.bsdnonwoven.com\/wp-content\/uploads\/2025\/05\/Fluorescent-Free-Needle-Punched-Nonwoven-Fabric1-3.webp\" alt=\"Tecido n\u00e3o tecido perfurado com agulha sem fluoresc\u00eancia1\" width=\"1500\" height=\"500\" srcset=\"https:\/\/www.bsdnonwoven.com\/wp-content\/uploads\/2025\/05\/Fluorescent-Free-Needle-Punched-Nonwoven-Fabric1-3.webp 1500w, https:\/\/www.bsdnonwoven.com\/wp-content\/uploads\/2025\/05\/Fluorescent-Free-Needle-Punched-Nonwoven-Fabric1-3-1280x427.webp 1280w, https:\/\/www.bsdnonwoven.com\/wp-content\/uploads\/2025\/05\/Fluorescent-Free-Needle-Punched-Nonwoven-Fabric1-3-980x327.webp 980w, https:\/\/www.bsdnonwoven.com\/wp-content\/uploads\/2025\/05\/Fluorescent-Free-Needle-Punched-Nonwoven-Fabric1-3-480x160.webp 480w\" sizes=\"(min-width: 0px) and (max-width: 480px) 480px, (min-width: 481px) and (max-width: 980px) 980px, (min-width: 981px) and (max-width: 1280px) 1280px, (min-width: 1281px) 1500px, 100vw\" \/><\/p>","protected":false},"excerpt":{"rendered":"<p>O tecido n\u00e3o tecido perfurado com agulha sem fluoresc\u00eancia \u00e9 um material ecol\u00f3gico feito de poli\u00e9ster ou polipropileno sem quaisquer branqueadores \u00f3pticos adicionados. Processado atrav\u00e9s de perfura\u00e7\u00e3o com agulha, foi concebido para ind\u00fastrias com requisitos rigorosos de seguran\u00e7a e higiene, tais como cuidados com beb\u00e9s, embalagens de alimentos e utiliza\u00e7\u00e3o m\u00e9dica. Ajuda a reduzir os riscos para a sa\u00fade associados aos agentes fluorescentes.<\/p>","protected":false},"featured_media":13254,"template":"","meta":{"_et_pb_use_builder":"","_et_pb_old_content":"","_et_gb_content_width":""},"product_cat":[304],"product_tag":[],"yoast_head":"<!-- This site is optimized with the Yoast SEO plugin v22.7 - https:\/\/yoast.com\/wordpress\/plugins\/seo\/ -->\n<title>Fluorescent-Free Needle-Punched Nonwoven Fabric - Boshida Nonwoven<\/title>\n<meta name=\"description\" content=\"Fluorescent-Free Needle-Punched Nonwoven Fabric , we provide Geosynthetic Needle-Punched Non-woven Fabric, Household needle punched non-woven fabric, Automotive Non-woven Fabric with good price.\" \/>\n<meta name=\"robots\" content=\"index, follow, max-snippet:-1, max-image-preview:large, max-video-preview:-1\" \/>\n<link rel=\"canonical\" href=\"https:\/\/www.bsdnonwoven.com\/pt\/produto\/fluorescent-free-needle-punched-nonwoven-fabric\/\" \/>\n<meta property=\"og:locale\" content=\"pt_PT\" \/>\n<meta property=\"og:type\" content=\"article\" \/>\n<meta property=\"og:title\" content=\"Fluorescent-Free Needle-Punched Nonwoven Fabric - Boshida Nonwoven\" \/>\n<meta property=\"og:description\" content=\"Fluorescent-Free Needle-Punched Nonwoven Fabric , we provide Geosynthetic Needle-Punched Non-woven Fabric, Household needle punched non-woven fabric, Automotive Non-woven Fabric with good price.\" \/>\n<meta property=\"og:url\" content=\"https:\/\/www.bsdnonwoven.com\/pt\/produto\/fluorescent-free-needle-punched-nonwoven-fabric\/\" \/>\n<meta property=\"og:site_name\" content=\"Boshida Nonwoven\" \/>\n<meta property=\"article:modified_time\" content=\"2025-06-25T09:33:40+00:00\" \/>\n<meta property=\"og:image\" content=\"https:\/\/www.bsdnonwoven.com\/wp-content\/uploads\/2025\/05\/Fluorescent-Free-Needle-Punched-Nonwoven-Fabric-1.webp\" \/>\n\t<meta property=\"og:image:width\" content=\"800\" \/>\n\t<meta property=\"og:image:height\" content=\"800\" \/>\n\t<meta property=\"og:image:type\" content=\"image\/webp\" \/>\n<meta name=\"twitter:card\" content=\"summary_large_image\" \/>\n<meta name=\"twitter:label1\" content=\"Tempo estimado de leitura\" \/>\n\t<meta name=\"twitter:data1\" content=\"2 minutos\" \/>\n<script type=\"application\/ld+json\" class=\"yoast-schema-graph\">{\"@context\":\"https:\/\/schema.org\",\"@graph\":[{\"@type\":\"WebPage\",\"@id\":\"https:\/\/www.bsdnonwoven.com\/product\/fluorescent-free-needle-punched-nonwoven-fabric\/\",\"url\":\"https:\/\/www.bsdnonwoven.com\/product\/fluorescent-free-needle-punched-nonwoven-fabric\/\",\"name\":\"Fluorescent-Free Needle-Punched Nonwoven Fabric - Boshida Nonwoven\",\"isPartOf\":{\"@id\":\"https:\/\/www.bsdnonwoven.com\/#website\"},\"primaryImageOfPage\":{\"@id\":\"https:\/\/www.bsdnonwoven.com\/product\/fluorescent-free-needle-punched-nonwoven-fabric\/#primaryimage\"},\"image\":{\"@id\":\"https:\/\/www.bsdnonwoven.com\/product\/fluorescent-free-needle-punched-nonwoven-fabric\/#primaryimage\"},\"thumbnailUrl\":\"https:\/\/www.bsdnonwoven.com\/wp-content\/uploads\/2025\/05\/Fluorescent-Free-Needle-Punched-Nonwoven-Fabric-1.webp\",\"datePublished\":\"2025-05-10T05:39:39+00:00\",\"dateModified\":\"2025-06-25T09:33:40+00:00\",\"description\":\"Fluorescent-Free Needle-Punched Nonwoven Fabric , we provide Geosynthetic Needle-Punched Non-woven Fabric, Household needle punched non-woven fabric, Automotive Non-woven Fabric with good price.\",\"breadcrumb\":{\"@id\":\"https:\/\/www.bsdnonwoven.com\/product\/fluorescent-free-needle-punched-nonwoven-fabric\/#breadcrumb\"},\"inLanguage\":\"pt-PT\",\"potentialAction\":[{\"@type\":\"ReadAction\",\"target\":[\"https:\/\/www.bsdnonwoven.com\/product\/fluorescent-free-needle-punched-nonwoven-fabric\/\"]}]},{\"@type\":\"ImageObject\",\"inLanguage\":\"pt-PT\",\"@id\":\"https:\/\/www.bsdnonwoven.com\/product\/fluorescent-free-needle-punched-nonwoven-fabric\/#primaryimage\",\"url\":\"https:\/\/www.bsdnonwoven.com\/wp-content\/uploads\/2025\/05\/Fluorescent-Free-Needle-Punched-Nonwoven-Fabric-1.webp\",\"contentUrl\":\"https:\/\/www.bsdnonwoven.com\/wp-content\/uploads\/2025\/05\/Fluorescent-Free-Needle-Punched-Nonwoven-Fabric-1.webp\",\"width\":800,\"height\":800,\"caption\":\"Fluorescent-Free Needle-Punched Nonwoven Fabric\"},{\"@type\":\"BreadcrumbList\",\"@id\":\"https:\/\/www.bsdnonwoven.com\/product\/fluorescent-free-needle-punched-nonwoven-fabric\/#breadcrumb\",\"itemListElement\":[{\"@type\":\"ListItem\",\"position\":1,\"name\":\"Home\",\"item\":\"https:\/\/www.bsdnonwoven.com\/\"},{\"@type\":\"ListItem\",\"position\":2,\"name\":\"Products\",\"item\":\"https:\/\/www.bsdnonwoven.com\/shop\/\"},{\"@type\":\"ListItem\",\"position\":3,\"name\":\"Fluorescent-Free Needle-Punched Nonwoven Fabric\"}]},{\"@type\":\"WebSite\",\"@id\":\"https:\/\/www.bsdnonwoven.com\/#website\",\"url\":\"https:\/\/www.bsdnonwoven.com\/\",\"name\":\"Boshida Nonwoven\",\"description\":\"\",\"potentialAction\":[{\"@type\":\"SearchAction\",\"target\":{\"@type\":\"EntryPoint\",\"urlTemplate\":\"https:\/\/www.bsdnonwoven.com\/?s={search_term_string}\"},\"query-input\":\"required name=search_term_string\"}],\"inLanguage\":\"pt-PT\"}]}<\/script>\n<!-- \/ Yoast SEO plugin. -->","yoast_head_json":{"title":"Fluorescent-Free Needle-Punched Nonwoven Fabric - Boshida Nonwoven","description":"Fluorescent-Free Needle-Punched Nonwoven Fabric , we provide Geosynthetic Needle-Punched Non-woven Fabric, Household needle punched non-woven fabric, Automotive Non-woven Fabric with good price.","robots":{"index":"index","follow":"follow","max-snippet":"max-snippet:-1","max-image-preview":"max-image-preview:large","max-video-preview":"max-video-preview:-1"},"canonical":"https:\/\/www.bsdnonwoven.com\/pt\/produto\/fluorescent-free-needle-punched-nonwoven-fabric\/","og_locale":"pt_PT","og_type":"article","og_title":"Fluorescent-Free Needle-Punched Nonwoven Fabric - Boshida Nonwoven","og_description":"Fluorescent-Free Needle-Punched Nonwoven Fabric , we provide Geosynthetic Needle-Punched Non-woven Fabric, Household needle punched non-woven fabric, Automotive Non-woven Fabric with good price.","og_url":"https:\/\/www.bsdnonwoven.com\/pt\/produto\/fluorescent-free-needle-punched-nonwoven-fabric\/","og_site_name":"Boshida Nonwoven","article_modified_time":"2025-06-25T09:33:40+00:00","og_image":[{"width":800,"height":800,"url":"https:\/\/www.bsdnonwoven.com\/wp-content\/uploads\/2025\/05\/Fluorescent-Free-Needle-Punched-Nonwoven-Fabric-1.webp","type":"image\/webp"}],"twitter_card":"summary_large_image","twitter_misc":{"Tempo estimado de leitura":"2 minutos"},"schema":{"@context":"https:\/\/schema.org","@graph":[{"@type":"WebPage","@id":"https:\/\/www.bsdnonwoven.com\/product\/fluorescent-free-needle-punched-nonwoven-fabric\/","url":"https:\/\/www.bsdnonwoven.com\/product\/fluorescent-free-needle-punched-nonwoven-fabric\/","name":"Fluorescent-Free Needle-Punched Nonwoven Fabric - Boshida Nonwoven","isPartOf":{"@id":"https:\/\/www.bsdnonwoven.com\/#website"},"primaryImageOfPage":{"@id":"https:\/\/www.bsdnonwoven.com\/product\/fluorescent-free-needle-punched-nonwoven-fabric\/#primaryimage"},"image":{"@id":"https:\/\/www.bsdnonwoven.com\/product\/fluorescent-free-needle-punched-nonwoven-fabric\/#primaryimage"},"thumbnailUrl":"https:\/\/www.bsdnonwoven.com\/wp-content\/uploads\/2025\/05\/Fluorescent-Free-Needle-Punched-Nonwoven-Fabric-1.webp","datePublished":"2025-05-10T05:39:39+00:00","dateModified":"2025-06-25T09:33:40+00:00","description":"Fluorescent-Free Needle-Punched Nonwoven Fabric , we provide Geosynthetic Needle-Punched Non-woven Fabric, Household needle punched non-woven fabric, Automotive Non-woven Fabric with good price.","breadcrumb":{"@id":"https:\/\/www.bsdnonwoven.com\/product\/fluorescent-free-needle-punched-nonwoven-fabric\/#breadcrumb"},"inLanguage":"pt-PT","potentialAction":[{"@type":"ReadAction","target":["https:\/\/www.bsdnonwoven.com\/product\/fluorescent-free-needle-punched-nonwoven-fabric\/"]}]},{"@type":"ImageObject","inLanguage":"pt-PT","@id":"https:\/\/www.bsdnonwoven.com\/product\/fluorescent-free-needle-punched-nonwoven-fabric\/#primaryimage","url":"https:\/\/www.bsdnonwoven.com\/wp-content\/uploads\/2025\/05\/Fluorescent-Free-Needle-Punched-Nonwoven-Fabric-1.webp","contentUrl":"https:\/\/www.bsdnonwoven.com\/wp-content\/uploads\/2025\/05\/Fluorescent-Free-Needle-Punched-Nonwoven-Fabric-1.webp","width":800,"height":800,"caption":"Fluorescent-Free Needle-Punched Nonwoven Fabric"},{"@type":"BreadcrumbList","@id":"https:\/\/www.bsdnonwoven.com\/product\/fluorescent-free-needle-punched-nonwoven-fabric\/#breadcrumb","itemListElement":[{"@type":"ListItem","position":1,"name":"Home","item":"https:\/\/www.bsdnonwoven.com\/"},{"@type":"ListItem","position":2,"name":"Products","item":"https:\/\/www.bsdnonwoven.com\/shop\/"},{"@type":"ListItem","position":3,"name":"Fluorescent-Free Needle-Punched Nonwoven Fabric"}]},{"@type":"WebSite","@id":"https:\/\/www.bsdnonwoven.com\/#website","url":"https:\/\/www.bsdnonwoven.com\/","name":"Boshida Nonwoven","description":"","potentialAction":[{"@type":"SearchAction","target":{"@type":"EntryPoint","urlTemplate":"https:\/\/www.bsdnonwoven.com\/?s={search_term_string}"},"query-input":"required name=search_term_string"}],"inLanguage":"pt-PT"}]}},"_links":{"self":[{"href":"https:\/\/www.bsdnonwoven.com\/pt\/wp-json\/wp\/v2\/product\/12674"}],"collection":[{"href":"https:\/\/www.bsdnonwoven.com\/pt\/wp-json\/wp\/v2\/product"}],"about":[{"href":"https:\/\/www.bsdnonwoven.com\/pt\/wp-json\/wp\/v2\/types\/product"}],"wp:featuredmedia":[{"embeddable":true,"href":"https:\/\/www.bsdnonwoven.com\/pt\/wp-json\/wp\/v2\/media\/13254"}],"wp:attachment":[{"href":"https:\/\/www.bsdnonwoven.com\/pt\/wp-json\/wp\/v2\/media?parent=12674"}],"wp:term":[{"taxonomy":"product_cat","embeddable":true,"href":"https:\/\/www.bsdnonwoven.com\/pt\/wp-json\/wp\/v2\/product_cat?post=12674"},{"taxonomy":"product_tag","embeddable":true,"href":"https:\/\/www.bsdnonwoven.com\/pt\/wp-json\/wp\/v2\/product_tag?post=12674"}],"curies":[{"name":"wp","href":"https:\/\/api.w.org\/{rel}","templated":true}]}}