{"id":12684,"date":"2025-05-10T05:43:05","date_gmt":"2025-05-10T05:43:05","guid":{"rendered":"https:\/\/www.bsdnonwoven.com\/?post_type=product&#038;p=12684"},"modified":"2025-06-25T09:33:21","modified_gmt":"2025-06-25T09:33:21","slug":"stiff-needle-punched-nonwoven-fabric","status":"publish","type":"product","link":"https:\/\/www.bsdnonwoven.com\/pt\/produto\/stiff-needle-punched-nonwoven-fabric\/","title":{"rendered":"Tecido n\u00e3o tecido r\u00edgido perfurado com agulha"},"content":{"rendered":"<h2>Especifica\u00e7\u00f5es principais<\/h2>\n<table class=\"tg\" style=\"border-collapse: collapse; border-spacing: 0;\">\n<thead>\n<tr>\n<th style=\"font-family: Arial, sans-serif; font-size: 14px; font-weight: bold; overflow: hidden; padding: 10px 5px; text-align: center; vertical-align: middle; word-break: normal; border: 1px solid black;\">Item<\/th>\n<th style=\"font-family: Arial, sans-serif; font-size: 14px; font-weight: bold; overflow: hidden; padding: 10px 5px; text-align: center; vertical-align: middle; word-break: normal; border: 1px solid black;\">Intervalo de valores<\/th>\n<\/tr>\n<\/thead>\n<tbody>\n<tr>\n<td style=\"font-family: Arial, sans-serif; font-size: 14px; overflow: hidden; padding: 10px 5px; text-align: left; vertical-align: middle; word-break: normal; border: 1px solid black;\">Peso<\/td>\n<td style=\"font-family: Arial, sans-serif; font-size: 14px; overflow: hidden; padding: 10px 5px; text-align: left; vertical-align: middle; word-break: normal; border: 1px solid black;\">100-1000g\/m\u00b2<\/td>\n<\/tr>\n<tr>\n<td style=\"font-family: Arial, sans-serif; font-size: 14px; overflow: hidden; padding: 10px 5px; text-align: left; vertical-align: middle; word-break: normal; border: 1px solid black;\">Espessura<\/td>\n<td style=\"font-family: Arial, sans-serif; font-size: 14px; overflow: hidden; padding: 10px 5px; text-align: left; vertical-align: middle; word-break: normal; border: 1px solid black;\">0,5-10mm<\/td>\n<\/tr>\n<tr>\n<td style=\"font-family: Arial, sans-serif; font-size: 14px; overflow: hidden; padding: 10px 5px; text-align: left; vertical-align: middle; word-break: normal; border: 1px solid black;\">Material<\/td>\n<td style=\"font-family: Arial, sans-serif; font-size: 14px; overflow: hidden; padding: 10px 5px; text-align: left; vertical-align: middle; word-break: normal; border: 1px solid black;\">Poli\u00e9ster (PET) ou polipropileno (PP)<\/td>\n<\/tr>\n<tr>\n<td style=\"font-family: Arial, sans-serif; font-size: 14px; overflow: hidden; padding: 10px 5px; text-align: left; vertical-align: middle; word-break: normal; border: 1px solid black;\">Cor<\/td>\n<td style=\"font-family: Arial, sans-serif; font-size: 14px; overflow: hidden; padding: 10px 5px; text-align: left; vertical-align: middle; word-break: normal; border: 1px solid black;\">Branco, preto, cinzento (personaliz\u00e1vel)<\/td>\n<\/tr>\n<tr>\n<td style=\"font-family: Arial, sans-serif; font-size: 14px; overflow: hidden; padding: 10px 5px; text-align: left; vertical-align: middle; word-break: normal; border: 1px solid black;\">Largura<\/td>\n<td style=\"font-family: Arial, sans-serif; font-size: 14px; overflow: hidden; padding: 10px 5px; text-align: left; vertical-align: middle; word-break: normal; border: 1px solid black;\">1m-3,2m (personaliz\u00e1vel)<\/td>\n<\/tr>\n<tr>\n<td style=\"font-family: Arial, sans-serif; font-size: 14px; overflow: hidden; padding: 10px 5px; text-align: left; vertical-align: middle; word-break: normal; border: 1px solid black;\">Processo<\/td>\n<td style=\"font-family: Arial, sans-serif; font-size: 14px; overflow: hidden; padding: 10px 5px; text-align: left; vertical-align: middle; word-break: normal; border: 1px solid black;\">N\u00e3o tecido agulhado<\/td>\n<\/tr>\n<tr>\n<td style=\"font-family: Arial, sans-serif; font-size: 14px; overflow: hidden; padding: 10px 5px; text-align: left; vertical-align: middle; word-break: normal; border: 1px solid black;\">Sensa\u00e7\u00e3o da m\u00e3o<\/td>\n<td style=\"font-family: Arial, sans-serif; font-size: 14px; overflow: hidden; padding: 10px 5px; text-align: left; vertical-align: middle; word-break: normal; border: 1px solid black;\">R\u00edgido, r\u00edgido<\/td>\n<\/tr>\n<tr>\n<td style=\"font-family: Arial, sans-serif; font-size: 14px; overflow: hidden; padding: 10px 5px; text-align: left; vertical-align: middle; word-break: normal; border: 1px solid black;\">Acabamentos especiais<\/td>\n<td style=\"font-family: Arial, sans-serif; font-size: 14px; overflow: hidden; padding: 10px 5px; text-align: left; vertical-align: middle; word-break: normal; border: 1px solid black;\">Retardador de chama, antibacteriano, anti-est\u00e1tico, revestimento (opcional)<\/td>\n<\/tr>\n<\/tbody>\n<\/table>\n<h2>Descri\u00e7\u00e3o do produto<\/h2>\n<p>O tecido n\u00e3o tecido r\u00edgido perfurado por agulha \u00e9 um material n\u00e3o tecido de elevada rigidez produzido atrav\u00e9s de processos especializados de perfura\u00e7\u00e3o por agulha e de liga\u00e7\u00e3o t\u00e9rmica. Fabricado a partir de fibras de poli\u00e9ster ou polipropileno, oferece uma excelente rigidez e estabilidade estrutural, tornando-o ideal para aplica\u00e7\u00f5es que requerem um apoio firme, como cal\u00e7ado, bagagem, interiores de autom\u00f3veis e mobili\u00e1rio dom\u00e9stico.<\/p>\n<h2>Carater\u00edsticas do produto<\/h2>\n<p>Elevada rigidez e estabilidade estrutural, resistente \u00e0 deforma\u00e7\u00e3o;<\/p>\n<p>Excelente resist\u00eancia \u00e0 abras\u00e3o e ao rasgamento;<\/p>\n<p>Personaliz\u00e1vel com tratamentos retardadores de chama, antibacterianos e outros tratamentos funcionais;<\/p>\n<p>Amigo do ambiente e n\u00e3o t\u00f3xico, em conformidade com as normas RoHS, REACH, etc;<\/p>\n<p>F\u00e1cil de cortar e processar, adequado para v\u00e1rias aplica\u00e7\u00f5es.<\/p>\n<h2>Fun\u00e7\u00e3o do produto<\/h2>\n<p>A principal fun\u00e7\u00e3o do tecido n\u00e3o tecido r\u00edgido perfurado com agulha \u00e9 fornecer suporte estrutural e reten\u00e7\u00e3o de forma, aumentando a rigidez e a durabilidade dos produtos. As suas excelentes propriedades f\u00edsicas fazem com que seja amplamente utilizado em cal\u00e7ado, bagagem, interiores de autom\u00f3veis e muito mais, melhorando a qualidade geral e a longevidade dos produtos.<\/p>\n<h2>Aplica\u00e7\u00f5es de produtos<\/h2>\n<p>Cal\u00e7ado: Palmilhas, solas exteriores, camadas superiores de suporte;<\/p>\n<p>Bagagem: Forros interiores, camadas de suporte;<\/p>\n<p>Interiores de autom\u00f3veis: Revestimentos de teto, pain\u00e9is de portas, bases de alcatifa;<\/p>\n<p>Mobili\u00e1rio dom\u00e9stico: Cortinados, estofos para sof\u00e1s, decora\u00e7\u00f5es de parede;<\/p>\n<p>Utiliza\u00e7\u00f5es industriais: Materiais de filtragem, isolamento ac\u00fastico, revestimentos de embalagens.<\/p>\n<p><img loading=\"lazy\" decoding=\"async\" class=\"size-full wp-image-13550 aligncenter\" data-src=\"https:\/\/www.bsdnonwoven.com\/wp-content\/uploads\/2025\/05\/Stiff-Needle-Punched-Nonwoven-Fabric1-2.webp\" alt=\"Tecido n\u00e3o tecido r\u00edgido perfurado com agulha\" width=\"1500\" height=\"500\" srcset=\"https:\/\/www.bsdnonwoven.com\/wp-content\/uploads\/2025\/05\/Stiff-Needle-Punched-Nonwoven-Fabric1-2.webp 1500w, https:\/\/www.bsdnonwoven.com\/wp-content\/uploads\/2025\/05\/Stiff-Needle-Punched-Nonwoven-Fabric1-2-1280x427.webp 1280w, https:\/\/www.bsdnonwoven.com\/wp-content\/uploads\/2025\/05\/Stiff-Needle-Punched-Nonwoven-Fabric1-2-980x327.webp 980w, https:\/\/www.bsdnonwoven.com\/wp-content\/uploads\/2025\/05\/Stiff-Needle-Punched-Nonwoven-Fabric1-2-480x160.webp 480w\" sizes=\"(min-width: 0px) and (max-width: 480px) 480px, (min-width: 481px) and (max-width: 980px) 980px, (min-width: 981px) and (max-width: 1280px) 1280px, (min-width: 1281px) 1500px, 100vw\" \/><\/p>","protected":false},"excerpt":{"rendered":"<p>O tecido n\u00e3o tecido r\u00edgido perfurado por agulha \u00e9 um material n\u00e3o tecido de elevada rigidez produzido atrav\u00e9s de processos especializados de perfura\u00e7\u00e3o por agulha e de liga\u00e7\u00e3o t\u00e9rmica. Fabricado a partir de fibras de poli\u00e9ster ou polipropileno, oferece uma excelente rigidez e estabilidade estrutural, tornando-o ideal para aplica\u00e7\u00f5es que requerem um apoio firme, como cal\u00e7ado, bagagem, interiores de autom\u00f3veis e mobili\u00e1rio dom\u00e9stico.<\/p>","protected":false},"featured_media":13267,"template":"","meta":{"_et_pb_use_builder":"","_et_pb_old_content":"","_et_gb_content_width":""},"product_cat":[304],"product_tag":[],"yoast_head":"<!-- This site is optimized with the Yoast SEO plugin v22.7 - https:\/\/yoast.com\/wordpress\/plugins\/seo\/ -->\n<title>Stiff Needle-Punched Nonwoven Fabric - Boshida Nonwoven<\/title>\n<meta name=\"description\" content=\"Stiff Needle-Punched Nonwoven Fabric , we provide Geosynthetic Needle-Punched Non-woven Fabric, Household needle punched non-woven fabric, Automotive Non-woven Fabric with good price.\" \/>\n<meta name=\"robots\" content=\"index, follow, max-snippet:-1, max-image-preview:large, max-video-preview:-1\" \/>\n<link rel=\"canonical\" href=\"https:\/\/www.bsdnonwoven.com\/pt\/produto\/stiff-needle-punched-nonwoven-fabric\/\" \/>\n<meta property=\"og:locale\" content=\"pt_PT\" \/>\n<meta property=\"og:type\" content=\"article\" \/>\n<meta property=\"og:title\" content=\"Stiff Needle-Punched Nonwoven Fabric - Boshida Nonwoven\" \/>\n<meta property=\"og:description\" content=\"Stiff Needle-Punched Nonwoven Fabric , we provide Geosynthetic Needle-Punched Non-woven Fabric, Household needle punched non-woven fabric, Automotive Non-woven Fabric with good price.\" \/>\n<meta property=\"og:url\" content=\"https:\/\/www.bsdnonwoven.com\/pt\/produto\/stiff-needle-punched-nonwoven-fabric\/\" \/>\n<meta property=\"og:site_name\" content=\"Boshida Nonwoven\" \/>\n<meta property=\"article:modified_time\" content=\"2025-06-25T09:33:21+00:00\" \/>\n<meta property=\"og:image\" content=\"https:\/\/www.bsdnonwoven.com\/wp-content\/uploads\/2025\/05\/Stiff-Needle-Punched-Nonwoven-Fabric-1.webp\" \/>\n\t<meta property=\"og:image:width\" content=\"800\" \/>\n\t<meta property=\"og:image:height\" content=\"800\" \/>\n\t<meta property=\"og:image:type\" content=\"image\/webp\" \/>\n<meta name=\"twitter:card\" content=\"summary_large_image\" \/>\n<meta name=\"twitter:label1\" content=\"Tempo estimado de leitura\" \/>\n\t<meta name=\"twitter:data1\" content=\"2 minutos\" \/>\n<script type=\"application\/ld+json\" class=\"yoast-schema-graph\">{\"@context\":\"https:\/\/schema.org\",\"@graph\":[{\"@type\":\"WebPage\",\"@id\":\"https:\/\/www.bsdnonwoven.com\/product\/stiff-needle-punched-nonwoven-fabric\/\",\"url\":\"https:\/\/www.bsdnonwoven.com\/product\/stiff-needle-punched-nonwoven-fabric\/\",\"name\":\"Stiff Needle-Punched Nonwoven Fabric - Boshida Nonwoven\",\"isPartOf\":{\"@id\":\"https:\/\/www.bsdnonwoven.com\/#website\"},\"primaryImageOfPage\":{\"@id\":\"https:\/\/www.bsdnonwoven.com\/product\/stiff-needle-punched-nonwoven-fabric\/#primaryimage\"},\"image\":{\"@id\":\"https:\/\/www.bsdnonwoven.com\/product\/stiff-needle-punched-nonwoven-fabric\/#primaryimage\"},\"thumbnailUrl\":\"https:\/\/www.bsdnonwoven.com\/wp-content\/uploads\/2025\/05\/Stiff-Needle-Punched-Nonwoven-Fabric-1.webp\",\"datePublished\":\"2025-05-10T05:43:05+00:00\",\"dateModified\":\"2025-06-25T09:33:21+00:00\",\"description\":\"Stiff Needle-Punched Nonwoven Fabric , we provide Geosynthetic Needle-Punched Non-woven Fabric, Household needle punched non-woven fabric, Automotive Non-woven Fabric with good price.\",\"breadcrumb\":{\"@id\":\"https:\/\/www.bsdnonwoven.com\/product\/stiff-needle-punched-nonwoven-fabric\/#breadcrumb\"},\"inLanguage\":\"pt-PT\",\"potentialAction\":[{\"@type\":\"ReadAction\",\"target\":[\"https:\/\/www.bsdnonwoven.com\/product\/stiff-needle-punched-nonwoven-fabric\/\"]}]},{\"@type\":\"ImageObject\",\"inLanguage\":\"pt-PT\",\"@id\":\"https:\/\/www.bsdnonwoven.com\/product\/stiff-needle-punched-nonwoven-fabric\/#primaryimage\",\"url\":\"https:\/\/www.bsdnonwoven.com\/wp-content\/uploads\/2025\/05\/Stiff-Needle-Punched-Nonwoven-Fabric-1.webp\",\"contentUrl\":\"https:\/\/www.bsdnonwoven.com\/wp-content\/uploads\/2025\/05\/Stiff-Needle-Punched-Nonwoven-Fabric-1.webp\",\"width\":800,\"height\":800,\"caption\":\"Stiff Needle-Punched Nonwoven Fabric\"},{\"@type\":\"BreadcrumbList\",\"@id\":\"https:\/\/www.bsdnonwoven.com\/product\/stiff-needle-punched-nonwoven-fabric\/#breadcrumb\",\"itemListElement\":[{\"@type\":\"ListItem\",\"position\":1,\"name\":\"Home\",\"item\":\"https:\/\/www.bsdnonwoven.com\/\"},{\"@type\":\"ListItem\",\"position\":2,\"name\":\"Products\",\"item\":\"https:\/\/www.bsdnonwoven.com\/shop\/\"},{\"@type\":\"ListItem\",\"position\":3,\"name\":\"Stiff Needle-Punched Nonwoven Fabric\"}]},{\"@type\":\"WebSite\",\"@id\":\"https:\/\/www.bsdnonwoven.com\/#website\",\"url\":\"https:\/\/www.bsdnonwoven.com\/\",\"name\":\"Boshida Nonwoven\",\"description\":\"\",\"potentialAction\":[{\"@type\":\"SearchAction\",\"target\":{\"@type\":\"EntryPoint\",\"urlTemplate\":\"https:\/\/www.bsdnonwoven.com\/?s={search_term_string}\"},\"query-input\":\"required name=search_term_string\"}],\"inLanguage\":\"pt-PT\"}]}<\/script>\n<!-- \/ Yoast SEO plugin. -->","yoast_head_json":{"title":"Stiff Needle-Punched Nonwoven Fabric - Boshida Nonwoven","description":"Stiff Needle-Punched Nonwoven Fabric , we provide Geosynthetic Needle-Punched Non-woven Fabric, Household needle punched non-woven fabric, Automotive Non-woven Fabric with good price.","robots":{"index":"index","follow":"follow","max-snippet":"max-snippet:-1","max-image-preview":"max-image-preview:large","max-video-preview":"max-video-preview:-1"},"canonical":"https:\/\/www.bsdnonwoven.com\/pt\/produto\/stiff-needle-punched-nonwoven-fabric\/","og_locale":"pt_PT","og_type":"article","og_title":"Stiff Needle-Punched Nonwoven Fabric - Boshida Nonwoven","og_description":"Stiff Needle-Punched Nonwoven Fabric , we provide Geosynthetic Needle-Punched Non-woven Fabric, Household needle punched non-woven fabric, Automotive Non-woven Fabric with good price.","og_url":"https:\/\/www.bsdnonwoven.com\/pt\/produto\/stiff-needle-punched-nonwoven-fabric\/","og_site_name":"Boshida Nonwoven","article_modified_time":"2025-06-25T09:33:21+00:00","og_image":[{"width":800,"height":800,"url":"https:\/\/www.bsdnonwoven.com\/wp-content\/uploads\/2025\/05\/Stiff-Needle-Punched-Nonwoven-Fabric-1.webp","type":"image\/webp"}],"twitter_card":"summary_large_image","twitter_misc":{"Tempo estimado de leitura":"2 minutos"},"schema":{"@context":"https:\/\/schema.org","@graph":[{"@type":"WebPage","@id":"https:\/\/www.bsdnonwoven.com\/product\/stiff-needle-punched-nonwoven-fabric\/","url":"https:\/\/www.bsdnonwoven.com\/product\/stiff-needle-punched-nonwoven-fabric\/","name":"Stiff Needle-Punched Nonwoven Fabric - Boshida Nonwoven","isPartOf":{"@id":"https:\/\/www.bsdnonwoven.com\/#website"},"primaryImageOfPage":{"@id":"https:\/\/www.bsdnonwoven.com\/product\/stiff-needle-punched-nonwoven-fabric\/#primaryimage"},"image":{"@id":"https:\/\/www.bsdnonwoven.com\/product\/stiff-needle-punched-nonwoven-fabric\/#primaryimage"},"thumbnailUrl":"https:\/\/www.bsdnonwoven.com\/wp-content\/uploads\/2025\/05\/Stiff-Needle-Punched-Nonwoven-Fabric-1.webp","datePublished":"2025-05-10T05:43:05+00:00","dateModified":"2025-06-25T09:33:21+00:00","description":"Stiff Needle-Punched Nonwoven Fabric , we provide Geosynthetic Needle-Punched Non-woven Fabric, Household needle punched non-woven fabric, Automotive Non-woven Fabric with good price.","breadcrumb":{"@id":"https:\/\/www.bsdnonwoven.com\/product\/stiff-needle-punched-nonwoven-fabric\/#breadcrumb"},"inLanguage":"pt-PT","potentialAction":[{"@type":"ReadAction","target":["https:\/\/www.bsdnonwoven.com\/product\/stiff-needle-punched-nonwoven-fabric\/"]}]},{"@type":"ImageObject","inLanguage":"pt-PT","@id":"https:\/\/www.bsdnonwoven.com\/product\/stiff-needle-punched-nonwoven-fabric\/#primaryimage","url":"https:\/\/www.bsdnonwoven.com\/wp-content\/uploads\/2025\/05\/Stiff-Needle-Punched-Nonwoven-Fabric-1.webp","contentUrl":"https:\/\/www.bsdnonwoven.com\/wp-content\/uploads\/2025\/05\/Stiff-Needle-Punched-Nonwoven-Fabric-1.webp","width":800,"height":800,"caption":"Stiff Needle-Punched Nonwoven Fabric"},{"@type":"BreadcrumbList","@id":"https:\/\/www.bsdnonwoven.com\/product\/stiff-needle-punched-nonwoven-fabric\/#breadcrumb","itemListElement":[{"@type":"ListItem","position":1,"name":"Home","item":"https:\/\/www.bsdnonwoven.com\/"},{"@type":"ListItem","position":2,"name":"Products","item":"https:\/\/www.bsdnonwoven.com\/shop\/"},{"@type":"ListItem","position":3,"name":"Stiff Needle-Punched Nonwoven Fabric"}]},{"@type":"WebSite","@id":"https:\/\/www.bsdnonwoven.com\/#website","url":"https:\/\/www.bsdnonwoven.com\/","name":"Boshida Nonwoven","description":"","potentialAction":[{"@type":"SearchAction","target":{"@type":"EntryPoint","urlTemplate":"https:\/\/www.bsdnonwoven.com\/?s={search_term_string}"},"query-input":"required name=search_term_string"}],"inLanguage":"pt-PT"}]}},"_links":{"self":[{"href":"https:\/\/www.bsdnonwoven.com\/pt\/wp-json\/wp\/v2\/product\/12684"}],"collection":[{"href":"https:\/\/www.bsdnonwoven.com\/pt\/wp-json\/wp\/v2\/product"}],"about":[{"href":"https:\/\/www.bsdnonwoven.com\/pt\/wp-json\/wp\/v2\/types\/product"}],"wp:featuredmedia":[{"embeddable":true,"href":"https:\/\/www.bsdnonwoven.com\/pt\/wp-json\/wp\/v2\/media\/13267"}],"wp:attachment":[{"href":"https:\/\/www.bsdnonwoven.com\/pt\/wp-json\/wp\/v2\/media?parent=12684"}],"wp:term":[{"taxonomy":"product_cat","embeddable":true,"href":"https:\/\/www.bsdnonwoven.com\/pt\/wp-json\/wp\/v2\/product_cat?post=12684"},{"taxonomy":"product_tag","embeddable":true,"href":"https:\/\/www.bsdnonwoven.com\/pt\/wp-json\/wp\/v2\/product_tag?post=12684"}],"curies":[{"name":"wp","href":"https:\/\/api.w.org\/{rel}","templated":true}]}}